{"id":15837,"date":"2024-05-22T16:34:40","date_gmt":"2024-05-22T16:34:40","guid":{"rendered":"http:\/\/maldives-paradise.com\/?page_id=15837"},"modified":"2025-10-04T09:51:35","modified_gmt":"2025-10-04T09:51:35","slug":"die-besten-luxusresorts-im-dhaalu-atoll","status":"publish","type":"page","link":"https:\/\/maldives-paradise.com\/de\/die-besten-luxusresorts-im-dhaalu-atoll\/","title":{"rendered":"Die besten Luxusresorts im Dhaalu-Atoll"},"content":{"rendered":"<div class=\"wpb-content-wrapper\"><div class=\"vc_row wpb_row vc_row-fluid\"><div class=\"wpb_column vc_column_container vc_col-sm-12\"><div class=\"vc_column-inner\"><div class=\"wpb_wrapper\">\n\t<div class=\"wpb_text_column wpb_content_element\" >\n\t\t<div class=\"wpb_wrapper\">\n\t\t\t<p>Das Dhaalu-Atoll, ein unber\u00fchrtes Juwel in der Krone der Malediven, wird f\u00fcr seine atemberaubenden Unterwasserlandschaften, das kristallklare t\u00fcrkisfarbene Wasser und die abgeschiedenen Inseln gefeiert, die ein H\u00f6chstma\u00df an Luxus und Privatsph\u00e4re bieten. Dieses Atoll ist zu einem begehrten Reiseziel f\u00fcr diejenigen geworden, die sich einen Kurzurlaub w\u00fcnschen, der die Ruhe einer abgeschiedenen Insel mit der Opulenz von Luxusresorts verbindet. Hier wird die Harmonie zwischen Natur und luxuri\u00f6sem Komfort sorgf\u00e4ltig bewahrt und den G\u00e4sten ein unvergleichliches Erlebnis geboten. Nachfolgend finden Sie die zehn besten Luxusresorts in <strong>Dhaalu-Atoll<\/strong>, die jeweils einen Ausflug in eine Welt der wohltuenden Ruhe und unvergleichlichen Sch\u00f6nheit erm\u00f6glichen.<\/p>\n\n\t\t<\/div>\n\t<\/div>\n<\/div><\/div><\/div><\/div><div class=\"vc_row wpb_row vc_row-fluid\"><div class=\"wpb_column vc_column_container vc_col-sm-12\"><div class=\"vc_column-inner\"><div class=\"wpb_wrapper\">\n\t<div  class=\"wpb_single_image wpb_content_element vc_align_left wpb_content_element\">\n\t\t<h2 class=\"wpb_heading wpb_singleimage_heading\">Niyama Private Islands Malediven<\/h2>\n\t\t<figure class=\"wpb_wrapper vc_figure\">\n\t\t\t<div class=\"vc_single_image-wrapper   vc_box_border_grey\"><img loading=\"lazy\" decoding=\"async\" width=\"1024\" height=\"720\" src=\"https:\/\/maldives-paradise.com\/wp-content\/uploads\/2024\/01\/niyama2.jpg\" class=\"vc_single_image-img attachment-large\" alt=\"Niyama Private Islands Malediven\" title=\"niyama2\" srcset=\"https:\/\/maldives-paradise.com\/wp-content\/uploads\/2024\/01\/niyama2.jpg 1024w, https:\/\/maldives-paradise.com\/wp-content\/uploads\/2024\/01\/niyama2-300x211.jpg 300w, https:\/\/maldives-paradise.com\/wp-content\/uploads\/2024\/01\/niyama2-768x540.jpg 768w, https:\/\/maldives-paradise.com\/wp-content\/uploads\/2024\/01\/niyama2-500x352.jpg 500w, https:\/\/maldives-paradise.com\/wp-content\/uploads\/2024\/01\/niyama2-800x563.jpg 800w\" sizes=\"auto, (max-width: 1024px) 100vw, 1024px\" \/><\/div>\n\t\t<\/figure>\n\t<\/div>\n<\/div><\/div><\/div><\/div><div class=\"vc_row wpb_row vc_row-fluid\"><div class=\"wpb_column vc_column_container vc_col-sm-12\"><div class=\"vc_column-inner\"><div class=\"wpb_wrapper\">\n\t<div class=\"wpb_text_column wpb_content_element\" >\n\t\t<div class=\"wpb_wrapper\">\n\t\t\t<h4><a href=\"https:\/\/lamp.glopss.com\/SHUv\" target=\"_blank\" rel=\"nofollow noopener\">Niyama Private Islands Malediven<\/a><\/h4>\n<p>Niyama Private Islands Maldives bringt das Konzept des Insel-Chic mit seinen Zwillingsinseln Play and Chill auf eine neue Ebene. Das Resort bietet eine einzigartige Mischung aus abenteuerlichen Aktivit\u00e4ten und ruhiger Entspannung, darunter einen Unterwasser-Nachtclub und ein ruhiges Spa \u00fcber dem Wasser. Die Villen, von Strand- bis \u00dcberwasservillen, definieren Luxus mit ihren privaten Pools und direktem Zugang zur Lagune oder zum Meer neu.<\/p>\n\n\t\t<\/div>\n\t<\/div>\n<\/div><\/div><\/div><\/div><div class=\"vc_row wpb_row vc_row-fluid\"><div class=\"wpb_column vc_column_container vc_col-sm-12\"><div class=\"vc_column-inner\"><div class=\"wpb_wrapper\">\n\t<div  class=\"wpb_single_image wpb_content_element vc_align_left wpb_content_element\">\n\t\t<h2 class=\"wpb_heading wpb_singleimage_heading\">Das St. Regis Maldives Vommuli Resort<\/h2>\n\t\t<figure class=\"wpb_wrapper vc_figure\">\n\t\t\t<div class=\"vc_single_image-wrapper   vc_box_border_grey\"><img loading=\"lazy\" decoding=\"async\" width=\"780\" height=\"489\" src=\"https:\/\/maldives-paradise.com\/wp-content\/uploads\/2024\/05\/the-st-regis-maldives-780.jpg\" class=\"vc_single_image-img attachment-large\" alt=\"Das St. Regis Maldives Vommuli Resort\" title=\"das-St-Regis-Malediven-780\" srcset=\"https:\/\/maldives-paradise.com\/wp-content\/uploads\/2024\/05\/the-st-regis-maldives-780.jpg 780w, https:\/\/maldives-paradise.com\/wp-content\/uploads\/2024\/05\/the-st-regis-maldives-780-300x188.jpg 300w, https:\/\/maldives-paradise.com\/wp-content\/uploads\/2024\/05\/the-st-regis-maldives-780-768x481.jpg 768w, https:\/\/maldives-paradise.com\/wp-content\/uploads\/2024\/05\/the-st-regis-maldives-780-18x12.jpg 18w, https:\/\/maldives-paradise.com\/wp-content\/uploads\/2024\/05\/the-st-regis-maldives-780-500x313.jpg 500w\" sizes=\"auto, (max-width: 780px) 100vw, 780px\" \/><\/div>\n\t\t<\/figure>\n\t<\/div>\n<\/div><\/div><\/div><\/div><div class=\"vc_row wpb_row vc_row-fluid\"><div class=\"wpb_column vc_column_container vc_col-sm-12\"><div class=\"vc_column-inner\"><div class=\"wpb_wrapper\">\n\t<div class=\"wpb_text_column wpb_content_element\" >\n\t\t<div class=\"wpb_wrapper\">\n\t\t\t<h4><a href=\"https:\/\/trip.tpo.lv\/2x3dIFEs\" target=\"_blank\" rel=\"nofollow noopener\">Das St. Regis Maldives Vommuli Resort<\/a><\/h4>\n<p>Das St. Regis Maldives Vommuli Resort ist bekannt f\u00fcr seine atemberaubende Architektur und seinen au\u00dfergew\u00f6hnlichen Service und bietet ein unvergleichliches maledivisches Erlebnis. Jede Villa ist eine Oase des Luxus und bietet private Pools und einen atemberaubenden Blick auf den Indischen Ozean. Das Iridium Spa des Resorts befindet sich auf einer eigenen Insel und bietet ma\u00dfgeschneiderte Behandlungen in einer ruhigen Umgebung.<\/p>\n\n\t\t<\/div>\n\t<\/div>\n<\/div><\/div><\/div><\/div><div class=\"vc_row wpb_row vc_row-fluid\"><div class=\"wpb_column vc_column_container vc_col-sm-12\"><div class=\"vc_column-inner\"><div class=\"wpb_wrapper\">\n\t<div  class=\"wpb_single_image wpb_content_element vc_align_left wpb_content_element\">\n\t\t<h2 class=\"wpb_heading wpb_singleimage_heading\">Sun Siyam Iru Veli<\/h2>\n\t\t<figure class=\"wpb_wrapper vc_figure\">\n\t\t\t<div class=\"vc_single_image-wrapper   vc_box_border_grey\"><img loading=\"lazy\" decoding=\"async\" width=\"780\" height=\"519\" src=\"https:\/\/maldives-paradise.com\/wp-content\/uploads\/2024\/05\/Sun-Siyam-Iru-Veli-Premium-All-Inclusive.jpeg\" class=\"vc_single_image-img attachment-large\" alt=\"Sun Siyam Iru Veli Resort Malediven\" title=\"Sun-Siyam-Iru-Veli-Premium-All-Inclusive\" srcset=\"https:\/\/maldives-paradise.com\/wp-content\/uploads\/2024\/05\/Sun-Siyam-Iru-Veli-Premium-All-Inclusive.jpeg 780w, https:\/\/maldives-paradise.com\/wp-content\/uploads\/2024\/05\/Sun-Siyam-Iru-Veli-Premium-All-Inclusive-300x200.jpeg 300w, https:\/\/maldives-paradise.com\/wp-content\/uploads\/2024\/05\/Sun-Siyam-Iru-Veli-Premium-All-Inclusive-768x511.jpeg 768w, https:\/\/maldives-paradise.com\/wp-content\/uploads\/2024\/05\/Sun-Siyam-Iru-Veli-Premium-All-Inclusive-18x12.jpeg 18w, https:\/\/maldives-paradise.com\/wp-content\/uploads\/2024\/05\/Sun-Siyam-Iru-Veli-Premium-All-Inclusive-500x333.jpeg 500w\" sizes=\"auto, (max-width: 780px) 100vw, 780px\" \/><\/div>\n\t\t<\/figure>\n\t<\/div>\n<\/div><\/div><\/div><\/div><div class=\"vc_row wpb_row vc_row-fluid\"><div class=\"wpb_column vc_column_container vc_col-sm-12\"><div class=\"vc_column-inner\"><div class=\"wpb_wrapper\">\n\t<div class=\"wpb_text_column wpb_content_element\" >\n\t\t<div class=\"wpb_wrapper\">\n\t\t\t<h4><a href=\"https:\/\/lamp.glopss.com\/SHVC\" target=\"_blank\" rel=\"nofollow noopener\">Sun Siyam Iru Veli<\/a><\/h4>\n<p>Das exklusive All-Suite-Resort Sun Siyam Iru Veli ist ein Meisterwerk zeitgen\u00f6ssischen Designs und luxuri\u00f6sen Wohnens. Jede Suite bietet direkten Zugang zum Strand oder zur Lagune und viele verf\u00fcgen \u00fcber einen privaten Pool. Das Resort bietet eine Reihe von gastronomischen Einrichtungen, von internationalen Buffets bis hin zu gehobenen kulinarischen Erlebnissen, die eine ebenso abwechslungsreiche wie k\u00f6stliche kulinarische Reise garantieren.<\/p>\n\n\t\t<\/div>\n\t<\/div>\n<\/div><\/div><\/div><\/div><div class=\"vc_row wpb_row vc_row-fluid\"><div class=\"wpb_column vc_column_container vc_col-sm-12\"><div class=\"vc_column-inner\"><div class=\"wpb_wrapper\">\n\t<div  class=\"wpb_single_image wpb_content_element vc_align_left wpb_content_element\">\n\t\t<h2 class=\"wpb_heading wpb_singleimage_heading\">Kandima Malediven<\/h2>\n\t\t<figure class=\"wpb_wrapper vc_figure\">\n\t\t\t<div class=\"vc_single_image-wrapper   vc_box_border_grey\"><img loading=\"lazy\" decoding=\"async\" width=\"1024\" height=\"767\" src=\"https:\/\/maldives-paradise.com\/wp-content\/uploads\/2024\/02\/Kandima.jpg\" class=\"vc_single_image-img attachment-large\" alt=\"Kandima Malediven\" title=\"Kandima.jpg\" srcset=\"https:\/\/maldives-paradise.com\/wp-content\/uploads\/2024\/02\/Kandima.jpg 1024w, https:\/\/maldives-paradise.com\/wp-content\/uploads\/2024\/02\/Kandima-300x225.jpg 300w, https:\/\/maldives-paradise.com\/wp-content\/uploads\/2024\/02\/Kandima-768x575.jpg 768w, https:\/\/maldives-paradise.com\/wp-content\/uploads\/2024\/02\/Kandima-16x12.jpg 16w, https:\/\/maldives-paradise.com\/wp-content\/uploads\/2024\/02\/Kandima-678x509.jpg 678w, https:\/\/maldives-paradise.com\/wp-content\/uploads\/2024\/02\/Kandima-326x245.jpg 326w, https:\/\/maldives-paradise.com\/wp-content\/uploads\/2024\/02\/Kandima-80x60.jpg 80w, https:\/\/maldives-paradise.com\/wp-content\/uploads\/2024\/02\/Kandima-500x375.jpg 500w, https:\/\/maldives-paradise.com\/wp-content\/uploads\/2024\/02\/Kandima-800x599.jpg 800w\" sizes=\"auto, (max-width: 1024px) 100vw, 1024px\" \/><\/div>\n\t\t<\/figure>\n\t<\/div>\n<\/div><\/div><\/div><\/div><div class=\"vc_row wpb_row vc_row-fluid\"><div class=\"wpb_column vc_column_container vc_col-sm-12\"><div class=\"vc_column-inner\"><div class=\"wpb_wrapper\">\n\t<div class=\"wpb_text_column wpb_content_element\" >\n\t\t<div class=\"wpb_wrapper\">\n\t\t\t<h4><a href=\"https:\/\/lamp.glopss.com\/SHUV\" target=\"_blank\" rel=\"nofollow noopener\">Kandima Malediven<\/a><\/h4>\n<p>Das als Lifestyle-Resort positionierte Kandima Maldives bietet mit seinem Kunststudio, dem Zentrum f\u00fcr Meeresbiologie und umfangreichen Sportanlagen eine neue Sicht auf den Urlaub auf den Malediven. Das Resort richtet sich sowohl an Familien als auch an Paare und bietet eine Reihe von Unterk\u00fcnften, darunter Strand- und Wasservillen, die jeweils \u00fcber eine stilvolle Inneneinrichtung und moderne Annehmlichkeiten verf\u00fcgen.<\/p>\n\n\t\t<\/div>\n\t<\/div>\n<\/div><\/div><\/div><\/div><div class=\"vc_row wpb_row vc_row-fluid\"><div class=\"wpb_column vc_column_container vc_col-sm-12\"><div class=\"vc_column-inner\"><div class=\"wpb_wrapper\">\n\t<div  class=\"wpb_single_image wpb_content_element vc_align_left wpb_content_element\">\n\t\t<h2 class=\"wpb_heading wpb_singleimage_heading\">Baglioni Resort Malediven<\/h2>\n\t\t<figure class=\"wpb_wrapper vc_figure\">\n\t\t\t<div class=\"vc_single_image-wrapper   vc_box_border_grey\"><img loading=\"lazy\" decoding=\"async\" width=\"1024\" height=\"764\" src=\"https:\/\/maldives-paradise.com\/wp-content\/uploads\/2023\/12\/baglioni-maldives-1.jpg\" class=\"vc_single_image-img attachment-large\" alt=\"Baglioni Resort Malediven\" title=\"Baglioni-Malediven\" srcset=\"https:\/\/maldives-paradise.com\/wp-content\/uploads\/2023\/12\/baglioni-maldives-1.jpg 1024w, https:\/\/maldives-paradise.com\/wp-content\/uploads\/2023\/12\/baglioni-maldives-1-300x224.jpg 300w, https:\/\/maldives-paradise.com\/wp-content\/uploads\/2023\/12\/baglioni-maldives-1-768x573.jpg 768w, https:\/\/maldives-paradise.com\/wp-content\/uploads\/2023\/12\/baglioni-maldives-1-80x60.jpg 80w, https:\/\/maldives-paradise.com\/wp-content\/uploads\/2023\/12\/baglioni-maldives-1-500x373.jpg 500w, https:\/\/maldives-paradise.com\/wp-content\/uploads\/2023\/12\/baglioni-maldives-1-800x597.jpg 800w\" sizes=\"auto, (max-width: 1024px) 100vw, 1024px\" \/><\/div>\n\t\t<\/figure>\n\t<\/div>\n<\/div><\/div><\/div><\/div><div class=\"vc_row wpb_row vc_row-fluid\"><div class=\"wpb_column vc_column_container vc_col-sm-12\"><div class=\"vc_column-inner\"><div class=\"wpb_wrapper\">\n\t<div class=\"wpb_text_column wpb_content_element\" >\n\t\t<div class=\"wpb_wrapper\">\n\t\t\t<h4><a href=\"https:\/\/trip.tpo.lv\/k5f5be0H\" target=\"_blank\" rel=\"nofollow noopener\">Baglioni Resort Malediven<\/a><\/h4>\n<p>Das Baglioni Resort Maldives vereint italienischen Stil mit tropischer maledivischer Sch\u00f6nheit und ist ein Luxusparadies f\u00fcr anspruchsvolle Reisende. Die Villen des Resorts bieten eine Mischung aus Eleganz und Privatsph\u00e4re. Einige liegen auf dem azurblauen Wasser, andere an den wei\u00dfen Sandstr\u00e4nden. Das Resort ist stolz auf seine kulinarischen Gourmet-Erlebnisse und das Baglioni SPA, das einen ruhigen R\u00fcckzugsort f\u00fcr die Sinne bietet.<\/p>\n\n\t\t<\/div>\n\t<\/div>\n<\/div><\/div><\/div><\/div><div class=\"vc_row wpb_row vc_row-fluid\"><div class=\"wpb_column vc_column_container vc_col-sm-12\"><div class=\"vc_column-inner\"><div class=\"wpb_wrapper\">\n\t<div  class=\"wpb_single_image wpb_content_element vc_align_left wpb_content_element\">\n\t\t<h2 class=\"wpb_heading wpb_singleimage_heading\">Angsana Velavaru<\/h2>\n\t\t<figure class=\"wpb_wrapper vc_figure\">\n\t\t\t<div class=\"vc_single_image-wrapper   vc_box_border_grey\"><img loading=\"lazy\" decoding=\"async\" width=\"700\" height=\"466\" src=\"https:\/\/maldives-paradise.com\/wp-content\/uploads\/2023\/12\/batch_Angsana-Velavaru-Kuredhi-Bar-Alfresco.jpg\" class=\"vc_single_image-img attachment-large\" alt=\"Angsana Velavaru\" title=\"batch_Angsana-Velavaru-Kuredhi-Bar-Alfresco.jpg\" srcset=\"https:\/\/maldives-paradise.com\/wp-content\/uploads\/2023\/12\/batch_Angsana-Velavaru-Kuredhi-Bar-Alfresco.jpg 700w, https:\/\/maldives-paradise.com\/wp-content\/uploads\/2023\/12\/batch_Angsana-Velavaru-Kuredhi-Bar-Alfresco-300x200.jpg 300w, https:\/\/maldives-paradise.com\/wp-content\/uploads\/2023\/12\/batch_Angsana-Velavaru-Kuredhi-Bar-Alfresco-500x333.jpg 500w\" sizes=\"auto, (max-width: 700px) 100vw, 700px\" \/><\/div>\n\t\t<\/figure>\n\t<\/div>\n<\/div><\/div><\/div><\/div><div class=\"vc_row wpb_row vc_row-fluid\"><div class=\"wpb_column vc_column_container vc_col-sm-12\"><div class=\"vc_column-inner\"><div class=\"wpb_wrapper\">\n\t<div class=\"wpb_text_column wpb_content_element\" >\n\t\t<div class=\"wpb_wrapper\">\n\t\t\t<h4><a href=\"https:\/\/trip.tpo.lv\/DQMUstBs\" target=\"_blank\" rel=\"nofollow noopener\">Angsana Velavaru<\/a><\/h4>\n<p>Angsana Velavaru, \u201eSchildkr\u00f6teninsel\u201c in der Landessprache, bietet mit seinen Villen, die sich nahtlos in die nat\u00fcrliche Umgebung einf\u00fcgen, einen idyllischen R\u00fcckzugsort. Das Resort ist besonders bekannt f\u00fcr seine InOcean Villas, die erste eigenst\u00e4ndige Sammlung von Wasservillen, die einen Kilometer von der Hauptinsel entfernt liegen und unvergleichliche Privatsph\u00e4re und einen Panoramablick auf das Meer bieten.<\/p>\n\n\t\t<\/div>\n\t<\/div>\n<\/div><\/div><\/div><\/div><div class=\"vc_row wpb_row vc_row-fluid\"><div class=\"wpb_column vc_column_container vc_col-sm-12\"><div class=\"vc_column-inner\"><div class=\"wpb_wrapper\">\n\t<div  class=\"wpb_single_image wpb_content_element vc_align_left wpb_content_element\">\n\t\t<h2 class=\"wpb_heading wpb_singleimage_heading\">Nova Malediven<\/h2>\n\t\t<figure class=\"wpb_wrapper vc_figure\">\n\t\t\t<div class=\"vc_single_image-wrapper   vc_box_border_grey\"><img loading=\"lazy\" decoding=\"async\" width=\"854\" height=\"480\" src=\"https:\/\/maldives-paradise.com\/wp-content\/uploads\/2023\/12\/nova-maldives.jpg\" class=\"vc_single_image-img attachment-large\" alt=\"Nova Malediven\" title=\"Nova Malediven\" srcset=\"https:\/\/maldives-paradise.com\/wp-content\/uploads\/2023\/12\/nova-maldives.jpg 854w, https:\/\/maldives-paradise.com\/wp-content\/uploads\/2023\/12\/nova-maldives-300x169.jpg 300w, https:\/\/maldives-paradise.com\/wp-content\/uploads\/2023\/12\/nova-maldives-768x432.jpg 768w, https:\/\/maldives-paradise.com\/wp-content\/uploads\/2023\/12\/nova-maldives-678x381.jpg 678w, https:\/\/maldives-paradise.com\/wp-content\/uploads\/2023\/12\/nova-maldives-500x281.jpg 500w, https:\/\/maldives-paradise.com\/wp-content\/uploads\/2023\/12\/nova-maldives-800x450.jpg 800w\" sizes=\"auto, (max-width: 854px) 100vw, 854px\" \/><\/div>\n\t\t<\/figure>\n\t<\/div>\n<\/div><\/div><\/div><\/div><div class=\"vc_row wpb_row vc_row-fluid\"><div class=\"wpb_column vc_column_container vc_col-sm-12\"><div class=\"vc_column-inner\"><div class=\"wpb_wrapper\">\n\t<div class=\"wpb_text_column wpb_content_element\" >\n\t\t<div class=\"wpb_wrapper\">\n\t\t\t<h4><a href=\"https:\/\/hotellook.tp.st\/JA6kruq4\" target=\"_blank\" rel=\"nofollow noopener\">Nova Malediven<\/a><\/h4>\n<p>Ein luxuri\u00f6ses, modernes All-Inclusive-Community-Konzept, ein entspannter Ort mit einer Seele, die Freude ausl\u00f6st und f\u00fcr echte Verbindungen konzipiert ist. Ein Ort, an dem Sie sich rundum wohlf\u00fchlen \u2013 und bestens versorgt sind. Egal, ob Sie allein, mit Ihren Liebsten, Freunden oder der Familie reisen \u2013 in unserem zweiten Zuhause ist jeder willkommen. Hier k\u00f6nnen Sie so viel oder so wenig tun, wie Sie m\u00f6chten \u2013 ganz wie Ihre Seele es verlangt. Gehen Sie tauchen, trainieren Sie im Fitnessstudio oder setzen Sie sich unter die Palmen und schwelgen Sie in etwas Einfachem und Echtem. F\u00fchlen Sie sich gl\u00fccklich, hier zu sein. Gl\u00fccklich im Moment \u2013 in einem der besten All-Inclusive-Resorts der Malediven.<\/p>\n\n\t\t<\/div>\n\t<\/div>\n<\/div><\/div><\/div><\/div><div class=\"vc_row wpb_row vc_row-fluid\"><div class=\"wpb_column vc_column_container vc_col-sm-12\"><div class=\"vc_column-inner\"><div class=\"wpb_wrapper\">\n\t<div  class=\"wpb_single_image wpb_content_element vc_align_left wpb_content_element\">\n\t\t<h2 class=\"wpb_heading wpb_singleimage_heading\">Ayada Malediven<\/h2>\n\t\t<figure class=\"wpb_wrapper vc_figure\">\n\t\t\t<div class=\"vc_single_image-wrapper   vc_box_border_grey\"><img loading=\"lazy\" decoding=\"async\" width=\"1024\" height=\"767\" src=\"https:\/\/maldives-paradise.com\/wp-content\/uploads\/2023\/12\/ayada-maldives-1024x767.jpg\" class=\"vc_single_image-img attachment-large\" alt=\"Ayada Malediven\" title=\"Ayada-Malediven\" srcset=\"https:\/\/maldives-paradise.com\/wp-content\/uploads\/2023\/12\/ayada-maldives-1024x767.jpg 1024w, https:\/\/maldives-paradise.com\/wp-content\/uploads\/2023\/12\/ayada-maldives-300x225.jpg 300w, https:\/\/maldives-paradise.com\/wp-content\/uploads\/2023\/12\/ayada-maldives-768x575.jpg 768w, https:\/\/maldives-paradise.com\/wp-content\/uploads\/2023\/12\/ayada-maldives-678x509.jpg 678w, https:\/\/maldives-paradise.com\/wp-content\/uploads\/2023\/12\/ayada-maldives-326x245.jpg 326w, https:\/\/maldives-paradise.com\/wp-content\/uploads\/2023\/12\/ayada-maldives-80x60.jpg 80w, https:\/\/maldives-paradise.com\/wp-content\/uploads\/2023\/12\/ayada-maldives-500x375.jpg 500w, https:\/\/maldives-paradise.com\/wp-content\/uploads\/2023\/12\/ayada-maldives-800x599.jpg 800w, https:\/\/maldives-paradise.com\/wp-content\/uploads\/2023\/12\/ayada-maldives.jpg 1080w\" sizes=\"auto, (max-width: 1024px) 100vw, 1024px\" \/><\/div>\n\t\t<\/figure>\n\t<\/div>\n<\/div><\/div><\/div><\/div><div class=\"vc_row wpb_row vc_row-fluid\"><div class=\"wpb_column vc_column_container vc_col-sm-12\"><div class=\"vc_column-inner\"><div class=\"wpb_wrapper\">\n\t<div class=\"wpb_text_column wpb_content_element\" >\n\t\t<div class=\"wpb_wrapper\">\n\t\t\t<h4><a href=\"http:\/\/lamp.glopss.com\/aff_c?offer_id=1520&amp;aff_id=1834\" target=\"_blank\" rel=\"nofollow noopener\">Ayada Malediven<\/a><\/h4>\n<p>Ayada Maldives wurde zum dritten Mal in Folge mit dem \u201eBest of the Best Hotel Award 2023\u201c von TripAdvisor ausgezeichnet und ist au\u00dferdem unter den 25 besten Luxusresorts weltweit gelistet. Es ist ein luxuri\u00f6ses privates Inselresort, das einen wahrhaft luxuri\u00f6sen R\u00fcckzugsort im echten maledivischen Stil bietet. Es liegt im relativ unerforschten Gaafu Dhaalu Atoll im S\u00fcden des Landes.<\/p>\n<p>Jedes dieser Resorts im Dhaalu-Atoll bietet eine einzigartige Perspektive, durch die Sie die Sch\u00f6nheit und Ruhe der Malediven erleben k\u00f6nnen. Ganz gleich, ob Sie auf der Suche nach Abenteuer, Entspannung oder einem tiefen Eintauchen in die Kultur der Malediven sind, die Luxusresorts im Dhaalu-Atoll bieten Ihnen den Zugang zu unvergesslichen Erlebnissen an einem der malerischsten Reiseziele der Welt.<\/p>\n\n\t\t<\/div>\n\t<\/div>\n<\/div><\/div><\/div><\/div><div class=\"vc_row wpb_row vc_row-fluid\"><div class=\"wpb_column vc_column_container vc_col-sm-12\"><div class=\"vc_column-inner\"><div class=\"wpb_wrapper\">\n\t<div class=\"wpb_text_column wpb_content_element\" >\n\t\t<div class=\"wpb_wrapper\">\n\t\t\t<h4><a href=\"http:\/\/maldives-paradise.com\/de\/die-besten-luxusresorts-im-addu-atoll\/\">Die besten Luxus-Resorts im Addu-Atoll<\/a><\/h4>\n\n\t\t<\/div>\n\t<\/div>\n<\/div><\/div><\/div><\/div>\n<\/div>","protected":false},"excerpt":{"rendered":"<div class=\"mh-excerpt\"><\/div>","protected":false},"author":1,"featured_media":15838,"parent":0,"menu_order":0,"comment_status":"closed","ping_status":"closed","template":"","meta":{"footnotes":""},"class_list":["post-15837","page","type-page","status-publish","has-post-thumbnail"],"aioseo_notices":[],"_links":{"self":[{"href":"https:\/\/maldives-paradise.com\/de\/wp-json\/wp\/v2\/pages\/15837","targetHints":{"allow":["GET"]}}],"collection":[{"href":"https:\/\/maldives-paradise.com\/de\/wp-json\/wp\/v2\/pages"}],"about":[{"href":"https:\/\/maldives-paradise.com\/de\/wp-json\/wp\/v2\/types\/page"}],"author":[{"embeddable":true,"href":"https:\/\/maldives-paradise.com\/de\/wp-json\/wp\/v2\/users\/1"}],"replies":[{"embeddable":true,"href":"https:\/\/maldives-paradise.com\/de\/wp-json\/wp\/v2\/comments?post=15837"}],"version-history":[{"count":6,"href":"https:\/\/maldives-paradise.com\/de\/wp-json\/wp\/v2\/pages\/15837\/revisions"}],"predecessor-version":[{"id":42880,"href":"https:\/\/maldives-paradise.com\/de\/wp-json\/wp\/v2\/pages\/15837\/revisions\/42880"}],"wp:featuredmedia":[{"embeddable":true,"href":"https:\/\/maldives-paradise.com\/de\/wp-json\/wp\/v2\/media\/15838"}],"wp:attachment":[{"href":"https:\/\/maldives-paradise.com\/de\/wp-json\/wp\/v2\/media?parent=15837"}],"curies":[{"name":"wp","href":"https:\/\/api.w.org\/{rel}","templated":true}]}}