{"id":14860,"date":"2024-05-04T07:48:44","date_gmt":"2024-05-04T07:48:44","guid":{"rendered":"http:\/\/maldives-paradise.com\/?page_id=14860"},"modified":"2024-05-04T07:48:44","modified_gmt":"2024-05-04T07:48:44","slug":"gesundheitsversorgung-und-medizinische-kliniken-fur-touristen-auf-den-malediven","status":"publish","type":"page","link":"https:\/\/maldives-paradise.com\/de\/gesundheitsversorgung-und-medizinische-kliniken-fur-touristen-auf-den-malediven\/","title":{"rendered":"Gesundheitsversorgung und medizinische Kliniken f\u00fcr Touristen auf den Malediven"},"content":{"rendered":"<div class=\"wpb-content-wrapper\"><div class=\"vc_row wpb_row vc_row-fluid\"><div class=\"wpb_column vc_column_container vc_col-sm-12\"><div class=\"vc_column-inner\"><div class=\"wpb_wrapper\">\n\t<div class=\"wpb_text_column wpb_content_element\" >\n\t\t<div class=\"wpb_wrapper\">\n\t\t\t<p>Die Malediven, bekannt f\u00fcr ihre atemberaubenden Inseln und als luxuri\u00f6ses Urlaubsziel, verf\u00fcgen auch \u00fcber ein Gesundheitssystem, das sowohl die Einwohner als auch die internationalen Touristen, die jedes Jahr hierher kommen, versorgt. F\u00fcr Reisende ist es von entscheidender Bedeutung, den Umfang und die Wirksamkeit der verf\u00fcgbaren Gesundheitsdienste zu kennen, insbesondere wenn sie abgelegene Inseln besuchen.<\/p>\n<p><strong>Gesundheitsinfrastruktur<\/strong><\/p>\n<p>Das Gesundheitssystem der Malediven wurde in den letzten Jahren erheblich verbessert. Die Hauptstadt Mal\u00e9 verf\u00fcgt \u00fcber die modernsten medizinischen Einrichtungen des Landes, darunter das Indira Gandhi Memorial Hospital (IGMH) und das ADK Hospital, die eine Reihe spezialisierter Dienste anbieten. F\u00fcr Touristen sind diese Krankenh\u00e4user die wichtigsten Zentren f\u00fcr umfassende medizinische Versorgung und f\u00fcr die Behandlung schwererer medizinischer F\u00e4lle einschlie\u00dflich Notf\u00e4lle ausgestattet. In beiden Krankenh\u00e4usern sprechen die \u00c4rzte Englisch.<\/p>\n<p>Dar\u00fcber hinaus gibt es regionale Krankenh\u00e4user und zahlreiche Gesundheitszentren, die \u00fcber verschiedene Atolle verteilt sind. Die Malediven verf\u00fcgen au\u00dferdem \u00fcber ein Netzwerk von Inselkliniken, die speziell auf die Bereitstellung medizinischer Grundversorgung ausgerichtet sind. Diese sind angesichts der verstreuten Natur des Archipels besonders wichtig.<\/p>\n<p><strong>Medizinische Versorgung f\u00fcr Touristen<\/strong><\/p>\n<p>Die meisten Resorts auf den Malediven verf\u00fcgen \u00fcber medizinische Kliniken vor Ort, die von einem Allgemeinmediziner oder einer Krankenschwester betreut werden und kleinere Beschwerden wie Schnittwunden, Prellungen und h\u00e4ufige Krankheiten wie Erk\u00e4ltungen oder Allergien behandeln k\u00f6nnen. Bei schwerwiegenderen Problemen k\u00f6nnen die Resortkliniken den Transfer ins n\u00e4chstgelegene Krankenhaus erleichtern. In Notf\u00e4llen, insbesondere auf abgelegeneren Inseln, werden Wasserflugzeuge oder Schnellboote eingesetzt, um Patienten in besser ausgestattete Einrichtungen in Mal\u00e9 zu transportieren.<\/p>\n<p>Der private Gesundheitssektor der Malediven ist in den letzten zehn Jahren stark gewachsen. Derzeit gibt es im ganzen Land mehr als 50 Kliniken und einige Terti\u00e4rkrankenh\u00e4user.<\/p>\n<p><strong>Krankenversicherung und Kosten<\/strong><\/p>\n<p>Touristen wird dringend empfohlen, vor ihrer Ankunft auf den Malediven eine umfassende Reisekrankenversicherung abzuschlie\u00dfen. Medizinische Leistungen, insbesondere Notfallevakuierungen und Behandlungen in privaten Krankenh\u00e4usern, k\u00f6nnen teuer sein. Eine Krankenversicherung, die eine Luftevakuierung abdeckt, ist besonders zu empfehlen, da die Transportlogistik die medizinischen Kosten erheblich erh\u00f6hen kann.<\/p>\n<p><strong>Gesundheitsvorkehrungen und Empfehlungen<\/strong><\/p>\n<p>Touristen sollten die \u00fcblichen Reisegesundheitsvorkehrungen treffen, wie etwa Impfungen auffrischen und M\u00fcckenschutzmittel verwenden, um tropische Krankheiten wie Denguefieber zu vermeiden, das auf den Malediven regelm\u00e4\u00dfig ausbricht. Es wird auch empfohlen, abgef\u00fclltes Wasser zu trinken, um durch Wasser \u00fcbertragene Krankheiten zu vermeiden.<\/p>\n<p><strong>Zug\u00e4nglichkeit und Verf\u00fcgbarkeit<\/strong><\/p>\n<p>Die Verf\u00fcgbarkeit der Gesundheitsversorgung variiert erheblich von Insel zu Insel. W\u00e4hrend Mal\u00e9 und die gro\u00dfen Touristenorte einen relativ hohen Standard der medizinischen Versorgung bieten, sind die medizinischen Einrichtungen auf abgelegeneren Inseln m\u00f6glicherweise nur begrenzt verf\u00fcgbar. Touristen, die isolierte Inseln besuchen oder sich dort aufhalten m\u00f6chten, sollten sich im Voraus \u00fcber die Verf\u00fcgbarkeit medizinischer Dienste informieren.<\/p>\n<p><strong>Abschluss<\/strong><\/p>\n<p>Die Malediven bieten ihren Besuchern ein paradiesisches Erlebnis, das Land unternimmt jedoch auch erhebliche Schritte, um sicherzustellen, dass Touristen Zugang zu wichtigen Gesundheitsdiensten haben. Durch die strategische Platzierung von medizinischen Einrichtungen und die Vorbereitung auf Notf\u00e4lle ist das Gesundheitssystem der Malediven darauf ausgerichtet, den Aufenthalt jedes Touristen so sicher und gesund wie m\u00f6glich zu gestalten.<\/p>\n<p>Alle Luxusresorts haben Zugang zu zuverl\u00e4ssiger Gesundheitsversorgung und medizinischen Kliniken.<\/p>\n\n\t\t<\/div>\n\t<\/div>\n<\/div><\/div><\/div><\/div>\n<\/div>","protected":false},"excerpt":{"rendered":"<div class=\"mh-excerpt\"><\/div>","protected":false},"author":1,"featured_media":14861,"parent":0,"menu_order":0,"comment_status":"closed","ping_status":"closed","template":"","meta":{"footnotes":""},"class_list":["post-14860","page","type-page","status-publish","has-post-thumbnail"],"aioseo_notices":[],"_links":{"self":[{"href":"https:\/\/maldives-paradise.com\/de\/wp-json\/wp\/v2\/pages\/14860","targetHints":{"allow":["GET"]}}],"collection":[{"href":"https:\/\/maldives-paradise.com\/de\/wp-json\/wp\/v2\/pages"}],"about":[{"href":"https:\/\/maldives-paradise.com\/de\/wp-json\/wp\/v2\/types\/page"}],"author":[{"embeddable":true,"href":"https:\/\/maldives-paradise.com\/de\/wp-json\/wp\/v2\/users\/1"}],"replies":[{"embeddable":true,"href":"https:\/\/maldives-paradise.com\/de\/wp-json\/wp\/v2\/comments?post=14860"}],"version-history":[{"count":2,"href":"https:\/\/maldives-paradise.com\/de\/wp-json\/wp\/v2\/pages\/14860\/revisions"}],"predecessor-version":[{"id":14863,"href":"https:\/\/maldives-paradise.com\/de\/wp-json\/wp\/v2\/pages\/14860\/revisions\/14863"}],"wp:featuredmedia":[{"embeddable":true,"href":"https:\/\/maldives-paradise.com\/de\/wp-json\/wp\/v2\/media\/14861"}],"wp:attachment":[{"href":"https:\/\/maldives-paradise.com\/de\/wp-json\/wp\/v2\/media?parent=14860"}],"curies":[{"name":"wp","href":"https:\/\/api.w.org\/{rel}","templated":true}]}}