{"id":12744,"date":"2024-03-23T08:05:25","date_gmt":"2024-03-23T08:05:25","guid":{"rendered":"http:\/\/maldives-paradise.com\/?page_id=12744"},"modified":"2025-02-23T08:10:09","modified_gmt":"2025-02-23T08:10:09","slug":"budget-hotels-und-resorts-auf-den-malediven","status":"publish","type":"page","link":"https:\/\/maldives-paradise.com\/de\/budget-hotels-und-resorts-auf-den-malediven\/","title":{"rendered":"G\u00fcnstige Hotels und Resorts auf den Malediven"},"content":{"rendered":"<div class=\"wpb-content-wrapper\"><div class=\"vc_row wpb_row vc_row-fluid\"><div class=\"wpb_column vc_column_container vc_col-sm-12\"><div class=\"vc_column-inner\"><div class=\"wpb_wrapper\">\n\t<div class=\"wpb_text_column wpb_content_element\" >\n\t\t<div class=\"wpb_wrapper\">\n\t\t\t<p>Budget-Hotels und Pensionen auf den Malediven bieten eine erschwingliche M\u00f6glichkeit, die Sch\u00f6nheit dieses tropischen Paradieses zu erleben, ohne auf Komfort verzichten zu m\u00fcssen. Diese Unterk\u00fcnfte bieten in der Regel gem\u00fctliche, klimatisierte Zimmer, WLAN und pers\u00f6nlichen Service.<br \/>\nViele Budget-Hotels befinden sich auf den Inseln der Umgebung, sodass G\u00e4ste eine lebendige Kultur, unber\u00fchrte Str\u00e4nde und vielf\u00e4ltige Meereslebewesen erkunden k\u00f6nnen. G\u00e4ste k\u00f6nnen Aktivit\u00e4ten wie Schnorcheln, Tauchen und Delfinbeobachtungen genie\u00dfen, die oft zu g\u00fcnstigen Preisen organisiert werden. Mit Optionen, die von familiengef\u00fchrten G\u00e4steh\u00e4usern bis hin zu Boutique-Unterk\u00fcnften reichen, bieten diese Unterk\u00fcnfte eine einladende Atmosph\u00e4re und Zugang zu authentischen maledivischen Erlebnissen und sind damit ideal f\u00fcr Reisende, die Wert auf ein gutes Preis-Leistungs-Verh\u00e4ltnis und Abenteuer legen.<\/p>\n\n\t\t<\/div>\n\t<\/div>\n<\/div><\/div><\/div><\/div><div class=\"vc_row wpb_row vc_row-fluid\"><div class=\"wpb_column vc_column_container vc_col-sm-3\"><div class=\"vc_column-inner\"><div class=\"wpb_wrapper\">\n\t<div  class=\"wpb_single_image wpb_content_element vc_align_left wpb_content_element\">\n\t\t\n\t\t<figure class=\"wpb_wrapper vc_figure\">\n\t\t\t<a href=\"https:\/\/maldives-paradise.com\/de\/2024\/11\/wie-man-auf-den-malediven-mit-kleinem-budget-lebt-ein-leitfaden-fur-kostenbewusste-reisende\/\" target=\"_self\" class=\"vc_single_image-wrapper   vc_box_border_grey\"><img loading=\"lazy\" decoding=\"async\" width=\"150\" height=\"150\" src=\"https:\/\/maldives-paradise.com\/wp-content\/uploads\/2024\/09\/maldives-beach-150x150.jpg\" class=\"vc_single_image-img attachment-thumbnail\" alt=\"Strand auf den Malediven\" title=\"Malediven-Strand\" \/><\/a>\n\t\t<\/figure>\n\t<\/div>\n<\/div><\/div><\/div><div class=\"wpb_column vc_column_container vc_col-sm-9\"><div class=\"vc_column-inner\"><div class=\"wpb_wrapper\">\n\t<div class=\"wpb_text_column wpb_content_element\" >\n\t\t<div class=\"wpb_wrapper\">\n\t\t\t<h4 class=\"entry-title\"><a href=\"https:\/\/maldives-paradise.com\/de\/2024\/11\/wie-man-auf-den-malediven-mit-kleinem-budget-lebt-ein-leitfaden-fur-kostenbewusste-reisende\/\">So leben Sie mit kleinem Budget auf den Malediven: Ein Leitfaden f\u00fcr kostenbewusste Reisende<\/a><\/h4>\n<p>Die Malediven sind zwar f\u00fcr ihre privaten Resortinseln bekannt, es gibt jedoch auch zahlreiche einheimische Inseln, die preisg\u00fcnstige Optionen bieten. Diese Inseln bieten preiswerte Hotels und G\u00e4steh\u00e4user, in denen Sie die maledivische Kultur mit wei\u00dfen Sandstr\u00e4nden, t\u00fcrkisfarbenem Wasser und lebendigem Meeresleben authentisch erleben k\u00f6nnen.<\/p>\n\n\t\t<\/div>\n\t<\/div>\n<\/div><\/div><\/div><\/div><div class=\"vc_row wpb_row vc_row-fluid\"><div class=\"wpb_column vc_column_container vc_col-sm-3\"><div class=\"vc_column-inner\"><div class=\"wpb_wrapper\">\n\t<div  class=\"wpb_single_image wpb_content_element vc_align_left wpb_content_element\">\n\t\t\n\t\t<figure class=\"wpb_wrapper vc_figure\">\n\t\t\t<a href=\"https:\/\/maldives-paradise.com\/de\/2024\/12\/budget-hotels-und-pensionen-auf-der-insel-dhigurah\/\" target=\"_self\" class=\"vc_single_image-wrapper   vc_box_border_grey\"><img loading=\"lazy\" decoding=\"async\" width=\"150\" height=\"150\" src=\"https:\/\/maldives-paradise.com\/wp-content\/uploads\/2024\/12\/Dhigurah-island-150x150.jpeg\" class=\"vc_single_image-img attachment-thumbnail\" alt=\"Insel Dhigurah\" title=\"DCIM100MEDIADJI_0239JPG\" \/><\/a>\n\t\t<\/figure>\n\t<\/div>\n<\/div><\/div><\/div><div class=\"wpb_column vc_column_container vc_col-sm-9\"><div class=\"vc_column-inner\"><div class=\"wpb_wrapper\">\n\t<div class=\"wpb_text_column wpb_content_element\" >\n\t\t<div class=\"wpb_wrapper\">\n\t\t\t<h4 class=\"entry-title\"><a href=\"https:\/\/maldives-paradise.com\/de\/2024\/12\/budget-hotels-und-pensionen-auf-der-insel-dhigurah\/\">Budget-Hotels und Pensionen auf der Insel Dhigurah<\/a><\/h4>\n<p>Eines der markantesten Merkmale von Dhigurah ist die N\u00e4he zu einer ganzj\u00e4hrigen Population von Walhaien, was es zu einem erstklassigen Ziel f\u00fcr Schnorchel- und Tauchbegeisterte macht. In den umliegenden Gew\u00e4ssern der Insel leben auch Mantas und farbenfrohe Korallenriffe, die unvergleichliche Unterwassererlebnisse bieten.<\/p>\n<p>F\u00fcr Reisende, die preisg\u00fcnstige Hotels und Pensionen suchen, ohne auf Komfort verzichten zu m\u00fcssen, bietet Dhigurah mehrere hervorragende Optionen.<\/p>\n\n\t\t<\/div>\n\t<\/div>\n<\/div><\/div><\/div><\/div><div class=\"vc_row wpb_row vc_row-fluid\"><div class=\"wpb_column vc_column_container vc_col-sm-3\"><div class=\"vc_column-inner\"><div class=\"wpb_wrapper\">\n\t<div  class=\"wpb_single_image wpb_content_element vc_align_left wpb_content_element\">\n\t\t\n\t\t<figure class=\"wpb_wrapper vc_figure\">\n\t\t\t<a href=\"https:\/\/maldives-paradise.com\/de\/2024\/12\/budgethotels-und-pensionen-auf-der-insel-gulhi\/\" target=\"_self\" class=\"vc_single_image-wrapper   vc_box_border_grey\"><img loading=\"lazy\" decoding=\"async\" width=\"150\" height=\"150\" src=\"https:\/\/maldives-paradise.com\/wp-content\/uploads\/2024\/12\/Gulhi-Island-view-150x150.jpg\" class=\"vc_single_image-img attachment-thumbnail\" alt=\"Insel Gulhi\" title=\"Gulhi-Insel-Blick\" \/><\/a>\n\t\t<\/figure>\n\t<\/div>\n<\/div><\/div><\/div><div class=\"wpb_column vc_column_container vc_col-sm-9\"><div class=\"vc_column-inner\"><div class=\"wpb_wrapper\">\n\t<div class=\"wpb_text_column wpb_content_element\" >\n\t\t<div class=\"wpb_wrapper\">\n\t\t\t<h4 class=\"entry-title\"><a href=\"https:\/\/maldives-paradise.com\/de\/2024\/12\/budgethotels-und-pensionen-auf-der-insel-gulhi\/\">Budget-Hotels und Pensionen auf der Insel Gulhi<\/a><\/h4>\n<p>Die Insel Gulhi, eingebettet im S\u00fcd-Mal\u00e9-Atoll der Malediven, ist eine ruhige Oase, die f\u00fcr ihre unber\u00fchrten wei\u00dfen Sandstr\u00e4nde, das kristallklare t\u00fcrkisfarbene Wasser und die ruhige Atmosph\u00e4re bekannt ist. Im Gegensatz zu ihren st\u00e4rker kommerzialisierten Nachbarn bietet Gulhi Besuchern ein authentisches maledivisches Erlebnis, das durch seine kleine Fischergemeinde und unber\u00fchrte Natursch\u00f6nheit gekennzeichnet ist.<\/p>\n\n\t\t<\/div>\n\t<\/div>\n<\/div><\/div><\/div><\/div><div class=\"vc_row wpb_row vc_row-fluid\"><div class=\"wpb_column vc_column_container vc_col-sm-3\"><div class=\"vc_column-inner\"><div class=\"wpb_wrapper\">\n\t<div  class=\"wpb_single_image wpb_content_element vc_align_left wpb_content_element\">\n\t\t\n\t\t<figure class=\"wpb_wrapper vc_figure\">\n\t\t\t<a href=\"https:\/\/maldives-paradise.com\/de\/2022\/10\/die-besten-ubernachtungsmoglichkeiten-in-maafushi-malediven\/\" target=\"_self\" class=\"vc_single_image-wrapper   vc_box_border_grey\"><img loading=\"lazy\" decoding=\"async\" width=\"150\" height=\"150\" src=\"https:\/\/maldives-paradise.com\/wp-content\/uploads\/2024\/04\/stingray-feeding-maafushi-triton-maldives-150x150.jpg\" class=\"vc_single_image-img attachment-thumbnail\" alt=\"Vaavu-Atoll\" title=\"Stachelrochenf\u00fctterung-Maafushi-Triton-Malediven\" \/><\/a>\n\t\t<\/figure>\n\t<\/div>\n<\/div><\/div><\/div><div class=\"wpb_column vc_column_container vc_col-sm-9\"><div class=\"vc_column-inner\"><div class=\"wpb_wrapper\">\n\t<div class=\"wpb_text_column wpb_content_element\" >\n\t\t<div class=\"wpb_wrapper\">\n\t\t\t<h4 class=\"entry-title\"><a href=\"https:\/\/maldives-paradise.com\/de\/2022\/10\/die-besten-ubernachtungsmoglichkeiten-in-maafushi-malediven\/\">Die besten \u00dcbernachtungsm\u00f6glichkeiten in Maafushi, Malediven<\/a><\/h4>\n<p>Bei der Auswahl eines g\u00fcnstigen Hotels f\u00fcr Ihren Aufenthalt auf Maafushi spielt es keine Rolle, welchen Teil der Insel Sie ausw\u00e4hlen. Einige Hotels auf Maafushi bieten Ihnen einen malerischen Blick auf das Meer. Andere liegen dagegen in ruhigen Ecken, abseits des lauten Treibens der Touristenmassen.<\/p>\n\n\t\t<\/div>\n\t<\/div>\n<\/div><\/div><\/div><\/div><div class=\"vc_row wpb_row vc_row-fluid\"><div class=\"wpb_column vc_column_container vc_col-sm-3\"><div class=\"vc_column-inner\"><div class=\"wpb_wrapper\">\n\t<div  class=\"wpb_single_image wpb_content_element vc_align_left wpb_content_element\">\n\t\t\n\t\t<figure class=\"wpb_wrapper vc_figure\">\n\t\t\t<a href=\"https:\/\/maldives-paradise.com\/de\/2024\/12\/budgethotels-und-pensionen-in-male\/\" target=\"_self\" class=\"vc_single_image-wrapper   vc_box_border_grey\"><img loading=\"lazy\" decoding=\"async\" width=\"150\" height=\"150\" src=\"https:\/\/maldives-paradise.com\/wp-content\/uploads\/2024\/07\/Male-Maldives-700x450-1-150x150.jpg\" class=\"vc_single_image-img attachment-thumbnail\" alt=\"M\u00e4nnliche Malediven\" title=\"M\u00e4nnlich-Malediven-700x450\" \/><\/a>\n\t\t<\/figure>\n\t<\/div>\n<\/div><\/div><\/div><div class=\"wpb_column vc_column_container vc_col-sm-9\"><div class=\"vc_column-inner\"><div class=\"wpb_wrapper\">\n\t<div class=\"wpb_text_column wpb_content_element\" >\n\t\t<div class=\"wpb_wrapper\">\n\t\t\t<h4 class=\"entry-title\"><a href=\"https:\/\/maldives-paradise.com\/de\/2024\/12\/budgethotels-und-pensionen-in-male\/\">Budget-Hotels und Pensionen in Mal\u00e9<\/a><\/h4>\n<p>F\u00fcr Reisende, die einen g\u00fcnstigen Aufenthalt in Mal\u00e9 suchen, gibt es hier f\u00fcnf budgetfreundliche Hotels und Pensionen. Mal\u00e9, die gesch\u00e4ftige Hauptstadt der Malediven, bietet eine einzigartige Mischung aus reichem kulturellem Erbe und modernem Stadtleben und unterscheidet sich damit von den ruhigen Ferieninseln des Landes. Sie liegt auf einer kompakten Insel im Nord-Mal\u00e9-Atoll und ist eine der am dichtesten besiedelten St\u00e4dte der Welt. Besucher erhalten einen authentischen Einblick in das maledivische Alltagsleben.<\/p>\n\n\t\t<\/div>\n\t<\/div>\n<\/div><\/div><\/div><\/div><div class=\"vc_row wpb_row vc_row-fluid\"><div class=\"wpb_column vc_column_container vc_col-sm-3\"><div class=\"vc_column-inner\"><div class=\"wpb_wrapper\">\n\t<div  class=\"wpb_single_image wpb_content_element vc_align_left wpb_content_element\">\n\t\t\n\t\t<figure class=\"wpb_wrapper vc_figure\">\n\t\t\t<a href=\"https:\/\/maldives-paradise.com\/de\/2024\/12\/budget-hotels-und-pensionen-auf-der-insel-thoddoo\/\" target=\"_self\" class=\"vc_single_image-wrapper   vc_box_border_grey\"><img loading=\"lazy\" decoding=\"async\" width=\"150\" height=\"150\" src=\"https:\/\/maldives-paradise.com\/wp-content\/uploads\/2024\/11\/thoodoo-island-150x150.jpg\" class=\"vc_single_image-img attachment-thumbnail\" alt=\"Thoddoo\" title=\"Thoodoo-Insel\" \/><\/a>\n\t\t<\/figure>\n\t<\/div>\n<\/div><\/div><\/div><div class=\"wpb_column vc_column_container vc_col-sm-9\"><div class=\"vc_column-inner\"><div class=\"wpb_wrapper\">\n\t<div class=\"wpb_text_column wpb_content_element\" >\n\t\t<div class=\"wpb_wrapper\">\n\t\t\t<h4 class=\"entry-title\"><a href=\"https:\/\/maldives-paradise.com\/de\/2024\/12\/budget-hotels-und-pensionen-auf-der-insel-thoddoo\/\">Budget-Hotels und Pensionen auf der Insel Thoddoo<\/a><\/h4>\n<p>Thoddoo bietet Besuchern einen authentischen Einblick in das traditionelle Leben auf den Malediven und verbindet auf harmonische Weise Landwirtschaft mit aufstrebendem Tourismus. Die ausgedehnten Ackerfl\u00e4chen und der tropische Obstanbau der Insel bieten eine einzigartige Kulisse und heben sie von den typischen Urlaubszielen ab.<\/p>\n<p>F\u00fcr Reisende, die eine preisg\u00fcnstige Unterkunft suchen, ohne auf das Erlebnis verzichten zu m\u00fcssen, bietet Thoddoo mehrere preiswerte Hotels und Pensionen.<\/p>\n\n\t\t<\/div>\n\t<\/div>\n<\/div><\/div><\/div><\/div><div class=\"vc_row wpb_row vc_row-fluid\"><div class=\"wpb_column vc_column_container vc_col-sm-3\"><div class=\"vc_column-inner\"><div class=\"wpb_wrapper\">\n\t<div  class=\"wpb_single_image wpb_content_element vc_align_left wpb_content_element\">\n\t\t\n\t\t<figure class=\"wpb_wrapper vc_figure\">\n\t\t\t<a href=\"https:\/\/maldives-paradise.com\/de\/2024\/12\/budgethotels-und-pensionen-auf-der-insel-thulusdhoo\/\" target=\"_self\" class=\"vc_single_image-wrapper   vc_box_border_grey\"><img loading=\"lazy\" decoding=\"async\" width=\"150\" height=\"150\" src=\"https:\/\/maldives-paradise.com\/wp-content\/uploads\/2024\/12\/Thulusdhoo-150x150.jpg\" class=\"vc_single_image-img attachment-thumbnail\" alt=\"Insel Thulusdhoo\" title=\"DCIM100MEDIADJI_0047JPG\" \/><\/a>\n\t\t<\/figure>\n\t<\/div>\n<\/div><\/div><\/div><div class=\"wpb_column vc_column_container vc_col-sm-9\"><div class=\"vc_column-inner\"><div class=\"wpb_wrapper\">\n\t<div class=\"wpb_text_column wpb_content_element\" >\n\t\t<div class=\"wpb_wrapper\">\n\t\t\t<h4 class=\"entry-title\"><a href=\"https:\/\/maldives-paradise.com\/de\/2024\/12\/budgethotels-und-pensionen-auf-der-insel-thulusdhoo\/\">Budget-Hotels und Pensionen auf der Insel Thulusdhoo<\/a><\/h4>\n<p>Die Insel Thulusdhoo ist ein besonderes Reiseziel auf den Malediven. Sie bietet erstklassige Surfm\u00f6glichkeiten, authentische kulturelle Erlebnisse und preisg\u00fcnstige Unterk\u00fcnfte und ist damit die ideale Wahl f\u00fcr Reisende, die Abenteuer und g\u00fcnstige Preise suchen.<br \/>\nReisende, die eine g\u00fcnstige und dennoch komfortable Unterkunft suchen, werden Thulusdhoo als Unterkunft finden. Hier sind vier budgetfreundliche Optionen<\/p>\n\n\t\t<\/div>\n\t<\/div>\n<\/div><\/div><\/div><\/div><div class=\"vc_row wpb_row vc_row-fluid\"><div class=\"wpb_column vc_column_container vc_col-sm-3\"><div class=\"vc_column-inner\"><div class=\"wpb_wrapper\">\n\t<div  class=\"wpb_single_image wpb_content_element vc_align_left wpb_content_element\">\n\t\t\n\t\t<figure class=\"wpb_wrapper vc_figure\">\n\t\t\t<a href=\"https:\/\/maldives-paradise.com\/de\/2024\/11\/budget-hotels-and-guest-houses-in-ukulhas\/\" target=\"_self\" class=\"vc_single_image-wrapper   vc_box_border_grey\"><img loading=\"lazy\" decoding=\"async\" width=\"150\" height=\"150\" src=\"https:\/\/maldives-paradise.com\/wp-content\/uploads\/2024\/11\/ukulhus-1-150x150.jpg\" class=\"vc_single_image-img attachment-thumbnail\" alt=\"Ukulhas\" title=\"ukuleles\" \/><\/a>\n\t\t<\/figure>\n\t<\/div>\n<\/div><\/div><\/div><div class=\"wpb_column vc_column_container vc_col-sm-9\"><div class=\"vc_column-inner\"><div class=\"wpb_wrapper\">\n\t<div class=\"wpb_text_column wpb_content_element\" >\n\t\t<div class=\"wpb_wrapper\">\n\t\t\t<h4 class=\"entry-title\"><a href=\"https:\/\/maldives-paradise.com\/de\/2024\/11\/budget-hotels-and-guest-houses-in-ukulhas\/\">Budget-Hotels und Pensionen in Ukulhas<\/a><\/h4>\n<p>F\u00fcr Reisende, die g\u00fcnstige Budget-Hotels und Pensionen suchen, ohne auf Komfort verzichten zu m\u00fcssen, bietet Ukulhas mehrere hervorragende Optionen.<\/p>\n\n\t\t<\/div>\n\t<\/div>\n<\/div><\/div><\/div><\/div>\n<\/div>","protected":false},"excerpt":{"rendered":"<div class=\"mh-excerpt\"><\/div>","protected":false},"author":1,"featured_media":11680,"parent":0,"menu_order":0,"comment_status":"closed","ping_status":"closed","template":"","meta":{"footnotes":""},"class_list":["post-12744","page","type-page","status-publish","has-post-thumbnail"],"aioseo_notices":[],"_links":{"self":[{"href":"https:\/\/maldives-paradise.com\/de\/wp-json\/wp\/v2\/pages\/12744","targetHints":{"allow":["GET"]}}],"collection":[{"href":"https:\/\/maldives-paradise.com\/de\/wp-json\/wp\/v2\/pages"}],"about":[{"href":"https:\/\/maldives-paradise.com\/de\/wp-json\/wp\/v2\/types\/page"}],"author":[{"embeddable":true,"href":"https:\/\/maldives-paradise.com\/de\/wp-json\/wp\/v2\/users\/1"}],"replies":[{"embeddable":true,"href":"https:\/\/maldives-paradise.com\/de\/wp-json\/wp\/v2\/comments?post=12744"}],"version-history":[{"count":6,"href":"https:\/\/maldives-paradise.com\/de\/wp-json\/wp\/v2\/pages\/12744\/revisions"}],"predecessor-version":[{"id":30047,"href":"https:\/\/maldives-paradise.com\/de\/wp-json\/wp\/v2\/pages\/12744\/revisions\/30047"}],"wp:featuredmedia":[{"embeddable":true,"href":"https:\/\/maldives-paradise.com\/de\/wp-json\/wp\/v2\/media\/11680"}],"wp:attachment":[{"href":"https:\/\/maldives-paradise.com\/de\/wp-json\/wp\/v2\/media?parent=12744"}],"curies":[{"name":"wp","href":"https:\/\/api.w.org\/{rel}","templated":true}]}}