{"id":11428,"date":"2024-02-25T14:59:22","date_gmt":"2024-02-25T14:59:22","guid":{"rendered":"http:\/\/maldives-paradise.com\/?page_id=11428"},"modified":"2025-02-22T14:37:55","modified_gmt":"2025-02-22T14:37:55","slug":"alkoholvorschriften-auf-den-malediven","status":"publish","type":"page","link":"https:\/\/maldives-paradise.com\/de\/alkoholvorschriften-auf-den-malediven\/","title":{"rendered":"Alkoholvorschriften auf den Malediven"},"content":{"rendered":"<div class=\"wpb-content-wrapper\"><div class=\"vc_row wpb_row vc_row-fluid\"><div class=\"wpb_column vc_column_container vc_col-sm-12\"><div class=\"vc_column-inner\"><div class=\"wpb_wrapper\">\n\t<div class=\"wpb_text_column wpb_content_element\" >\n\t\t<div class=\"wpb_wrapper\">\n\t\t\t<h3>Alkoholgesetze, -vorschriften und -\u00fcberlegungen auf den Malediven<\/h3>\n\n\t\t<\/div>\n\t<\/div>\n<\/div><\/div><\/div><\/div><div class=\"vc_row wpb_row vc_row-fluid\"><div class=\"wpb_column vc_column_container vc_col-sm-12\"><div class=\"vc_column-inner\"><div class=\"wpb_wrapper\">\n\t<div  class=\"wpb_single_image wpb_content_element vc_align_left wpb_content_element\">\n\t\t\n\t\t<figure class=\"wpb_wrapper vc_figure\">\n\t\t\t<div class=\"vc_single_image-wrapper   vc_box_border_grey\"><img loading=\"lazy\" decoding=\"async\" width=\"760\" height=\"506\" src=\"https:\/\/maldives-paradise.com\/wp-content\/uploads\/2024\/02\/drinks-maldives.jpg\" class=\"vc_single_image-img attachment-full\" alt=\"Alkoholvorschriften auf den Malediven\" title=\"Getr\u00e4nke-Malediven\" srcset=\"https:\/\/maldives-paradise.com\/wp-content\/uploads\/2024\/02\/drinks-maldives.jpg 760w, https:\/\/maldives-paradise.com\/wp-content\/uploads\/2024\/02\/drinks-maldives-300x200.jpg 300w, https:\/\/maldives-paradise.com\/wp-content\/uploads\/2024\/02\/drinks-maldives-18x12.jpg 18w, https:\/\/maldives-paradise.com\/wp-content\/uploads\/2024\/02\/drinks-maldives-500x333.jpg 500w\" sizes=\"auto, (max-width: 760px) 100vw, 760px\" \/><\/div>\n\t\t<\/figure>\n\t<\/div>\n<\/div><\/div><\/div><\/div><div class=\"vc_row wpb_row vc_row-fluid\"><div class=\"wpb_column vc_column_container vc_col-sm-12\"><div class=\"vc_column-inner\"><div class=\"wpb_wrapper\">\n\t<div class=\"wpb_text_column wpb_content_element\" >\n\t\t<div class=\"wpb_wrapper\">\n\t\t\t<p>Die Malediven haben eine einzigartige Herangehensweise an die Alkoholgesetze, die ihre kulturellen und religi\u00f6sen Werte widerspiegelt. Als \u00fcberwiegend muslimisches Land unterliegen die Malediven dem islamischen Recht, das den Konsum von Alkohol durch seine B\u00fcrger verbietet. Dieses Verbot hat seine Wurzeln im islamischen Glauben.<\/p>\n<p><strong>Private Inseln<\/strong><\/p>\n<p>Da die Malediven jedoch die Bedeutung des Tourismus f\u00fcr ihre Wirtschaft erkannt haben, haben sie in bestimmten Gebieten, vor allem in Resorts auf Privatinseln, Ausnahmen von diesen strengen Alkoholgesetzen gemacht. Diese Resorts, die sich haupts\u00e4chlich an ausl\u00e4ndische Touristen richten, d\u00fcrfen spezielle Lizenzen f\u00fcr den Alkoholausschank an ihre G\u00e4ste erhalten. Der Unterschied bei der Alkoholregulierung zwischen \u00f6ffentlichen Bereichen und privaten Resorts ist gro\u00df.<\/p>\n<p><strong>\u00d6ffentliche Inseln<\/strong><\/p>\n<p>Auf bewohnten Inseln, auf denen die lokale Bev\u00f6lkerung lebt, ist der Verkauf und Konsum von Alkohol im Einklang mit islamischen Grunds\u00e4tzen strengstens verboten.<\/p>\n<p><strong>Zoll der Malediven<\/strong><\/p>\n<p>Touristen ist es au\u00dferdem verboten, Alkohol in das Land einzuf\u00fchren, und sie unterliegen an den Einreisepunkten Zollkontrollen.<\/p>\n<p><strong>Abschluss<\/strong><\/p>\n<p>Auf den privaten Resortinseln k\u00f6nnen Touristen in einer kontrollierten Umgebung eine Vielzahl alkoholischer Getr\u00e4nke, darunter Bier, Wein und Spirituosen, genie\u00dfen. Die Resorts sind daf\u00fcr verantwortlich, die von der maledivischen Regierung festgelegten Vorschriften einzuhalten. Dazu geh\u00f6rt, dass kein Alkohol an maledivische B\u00fcrger verkauft wird und sichergestellt wird, dass Alkohol nur innerhalb der Grenzen des Resorts konsumiert wird. Dieses einzigartige System erm\u00f6glicht es den Malediven, ihre kulturelle und religi\u00f6se Integrit\u00e4t zu wahren und gleichzeitig den W\u00fcnschen internationaler Touristen gerecht zu werden.<\/p>\n<p>Der Ansatz der maledivischen Regierung zur Alkoholregulierung ist ein empfindliches Gleichgewicht zwischen der Achtung islamischer Gesetze und Traditionen und der F\u00f6rderung einer lukrativen Tourismusbranche. Es spiegelt das Engagement des Landes wider, seine kulturelle Identit\u00e4t zu bewahren und gleichzeitig der Weltgemeinschaft gegen\u00fcber offen zu sein. Dieses Gleichgewicht ist entscheidend f\u00fcr die Aufrechterhaltung der sozialen Harmonie und daf\u00fcr, dass sowohl Bewohner als auch Besucher die Sch\u00f6nheit und Ruhe der Malediven genie\u00dfen k\u00f6nnen.<\/p>\n\n\t\t<\/div>\n\t<\/div>\n<\/div><\/div><\/div><\/div><div class=\"vc_row wpb_row vc_row-fluid\"><div class=\"wpb_column vc_column_container vc_col-sm-12\"><div class=\"vc_column-inner\"><div class=\"wpb_wrapper\">\n\t<div class=\"wpb_text_column wpb_content_element\" >\n\t\t<div class=\"wpb_wrapper\">\n\t\t\t<p><strong><a class=\"wp-block-latest-posts__post-title\" href=\"https:\/\/maldives-paradise.com\/de\/2024\/12\/neue-tabakvorschriften-und-verbot-von-e-zigaretten-auf-den-malediven-ab-2024\/\">Neue Tabakvorschriften und Vaping-Verbot auf den Malediven 2024<\/a><\/strong><\/p>\n\n\t\t<\/div>\n\t<\/div>\n<\/div><\/div><\/div><\/div>\n<\/div>","protected":false},"excerpt":{"rendered":"<div class=\"mh-excerpt\"><\/div>","protected":false},"author":1,"featured_media":11430,"parent":0,"menu_order":0,"comment_status":"closed","ping_status":"closed","template":"","meta":{"footnotes":""},"class_list":["post-11428","page","type-page","status-publish","has-post-thumbnail"],"aioseo_notices":[],"_links":{"self":[{"href":"https:\/\/maldives-paradise.com\/de\/wp-json\/wp\/v2\/pages\/11428","targetHints":{"allow":["GET"]}}],"collection":[{"href":"https:\/\/maldives-paradise.com\/de\/wp-json\/wp\/v2\/pages"}],"about":[{"href":"https:\/\/maldives-paradise.com\/de\/wp-json\/wp\/v2\/types\/page"}],"author":[{"embeddable":true,"href":"https:\/\/maldives-paradise.com\/de\/wp-json\/wp\/v2\/users\/1"}],"replies":[{"embeddable":true,"href":"https:\/\/maldives-paradise.com\/de\/wp-json\/wp\/v2\/comments?post=11428"}],"version-history":[{"count":4,"href":"https:\/\/maldives-paradise.com\/de\/wp-json\/wp\/v2\/pages\/11428\/revisions"}],"predecessor-version":[{"id":30968,"href":"https:\/\/maldives-paradise.com\/de\/wp-json\/wp\/v2\/pages\/11428\/revisions\/30968"}],"wp:featuredmedia":[{"embeddable":true,"href":"https:\/\/maldives-paradise.com\/de\/wp-json\/wp\/v2\/media\/11430"}],"wp:attachment":[{"href":"https:\/\/maldives-paradise.com\/de\/wp-json\/wp\/v2\/media?parent=11428"}],"curies":[{"name":"wp","href":"https:\/\/api.w.org\/{rel}","templated":true}]}}