{"id":10857,"date":"2024-02-18T13:44:42","date_gmt":"2024-02-18T13:44:42","guid":{"rendered":"http:\/\/maldives-paradise.com\/?page_id=10857"},"modified":"2025-11-26T09:32:59","modified_gmt":"2025-11-26T09:32:59","slug":"die-12-besten-resorts-fur-hochzeiten-auf-den-malediven","status":"publish","type":"page","link":"https:\/\/maldives-paradise.com\/de\/die-12-besten-resorts-fur-hochzeiten-auf-den-malediven\/","title":{"rendered":"Die besten Resorts f\u00fcr Hochzeiten auf den Malediven"},"content":{"rendered":"<div class=\"wpb-content-wrapper\"><div class=\"vc_row wpb_row vc_row-fluid\"><div class=\"wpb_column vc_column_container vc_col-sm-12\"><div class=\"vc_column-inner\"><div class=\"wpb_wrapper\">\n\t<div class=\"wpb_text_column wpb_content_element\" >\n\t\t<div class=\"wpb_wrapper\">\n\t\t\t<p>Eine Hochzeit in einem Resort auf den Malediven bietet unvergleichliche Sch\u00f6nheit und Exklusivit\u00e4t. Die unber\u00fchrten wei\u00dfen Sandstr\u00e4nde, das kristallklare t\u00fcrkisfarbene Wasser und die atemberaubenden Sonnenunterg\u00e4nge bilden eine idyllische Kulisse f\u00fcr eine romantische Feier. Luxuri\u00f6se Unterk\u00fcnfte, erstklassige Annehmlichkeiten und erstklassiger Service sorgen f\u00fcr ein stressfreies und unvergessliches Erlebnis sowohl f\u00fcr das Paar als auch f\u00fcr seine G\u00e4ste.<\/p>\n\n\t\t<\/div>\n\t<\/div>\n<\/div><\/div><\/div><\/div><div class=\"vc_row wpb_row vc_row-fluid\"><div class=\"wpb_column vc_column_container vc_col-sm-3\"><div class=\"vc_column-inner\"><div class=\"wpb_wrapper\">\n\t<div  class=\"wpb_single_image wpb_content_element vc_align_left wpb_content_element\">\n\t\t\n\t\t<figure class=\"wpb_wrapper vc_figure\">\n\t\t\t<a href=\"https:\/\/lamp.glopss.com\/aff_c?offer_id=1508&#038;aff_id=1834\" target=\"_self\" class=\"vc_single_image-wrapper   vc_box_border_grey\"><img loading=\"lazy\" decoding=\"async\" width=\"150\" height=\"150\" src=\"https:\/\/maldives-paradise.com\/wp-content\/uploads\/2024\/01\/lily-beach2-150x150.jpg\" class=\"vc_single_image-img attachment-thumbnail\" alt=\"Lily Beach Resort &amp; Spa\" title=\"lily-beach2\" \/><\/a>\n\t\t<\/figure>\n\t<\/div>\n<\/div><\/div><\/div><div class=\"wpb_column vc_column_container vc_col-sm-9\"><div class=\"vc_column-inner\"><div class=\"wpb_wrapper\">\n\t<div class=\"wpb_text_column wpb_content_element\" >\n\t\t<div class=\"wpb_wrapper\">\n\t\t\t<h4><a href=\"https:\/\/lamp.glopss.com\/aff_c?offer_id=1508&amp;aff_id=1834\" target=\"_blank\" rel=\"nofollow noopener\">Lily Beach Resort &amp; Spa<\/a><\/h4>\n<p>Im Luxusresort Lily Beach sind Hochzeits- und Ehegel\u00fcbde-Erneuerungspakete erh\u00e4ltlich. Beide Optionen k\u00f6nnen mit einer Vielzahl zus\u00e4tzlicher Erlebnisse individuell auf Ihre Anforderungen zugeschnitten und gestaltet werden.<\/p>\n\n\t\t<\/div>\n\t<\/div>\n<\/div><\/div><\/div><\/div><div class=\"vc_row wpb_row vc_row-fluid\"><div class=\"wpb_column vc_column_container vc_col-sm-3\"><div class=\"vc_column-inner\"><div class=\"wpb_wrapper\">\n\t<div  class=\"wpb_single_image wpb_content_element vc_align_left wpb_content_element\">\n\t\t\n\t\t<figure class=\"wpb_wrapper vc_figure\">\n\t\t\t<a href=\"http:\/\/maldives-paradise.com\/de\/oneonly-reethi-rah-malediven\/\" target=\"_self\" class=\"vc_single_image-wrapper   vc_box_border_grey\"><img loading=\"lazy\" decoding=\"async\" width=\"150\" height=\"150\" src=\"https:\/\/maldives-paradise.com\/wp-content\/uploads\/2024\/01\/one-and-only2-150x150.jpg\" class=\"vc_single_image-img attachment-thumbnail\" alt=\"One&amp;Only Reethi Rah Malediven\" title=\"einzig und allein2\" \/><\/a>\n\t\t<\/figure>\n\t<\/div>\n<\/div><\/div><\/div><div class=\"wpb_column vc_column_container vc_col-sm-9\"><div class=\"vc_column-inner\"><div class=\"wpb_wrapper\">\n\t<div class=\"wpb_text_column wpb_content_element\" >\n\t\t<div class=\"wpb_wrapper\">\n\t\t\t<h4><a href=\"http:\/\/maldives-paradise.com\/de\/oneonly-reethi-rah-malediven\/\">One &amp; Only Reethi Rah<\/a><\/h4>\n<p>One&amp;Only Reethi Rah bietet Ihnen eine Auswahl an intimen Hochzeitslocations. Trauen Sie sich am Strand mit dem Sand zwischen den Zehen, bevor Sie einen privilegierten Empfang in einem unserer atemberaubenden Veranstaltungsorte direkt am Meer genie\u00dfen. Da sich unser erfahrenes Hochzeits- und Catering-Team um jedes noch so kleine Detail k\u00fcmmert, m\u00fcssen Sie nur noch einen der gl\u00fccklichsten Tage Ihres Lebens genie\u00dfen.<\/p>\n\n\t\t<\/div>\n\t<\/div>\n<\/div><\/div><\/div><\/div><div class=\"vc_row wpb_row vc_row-fluid\"><div class=\"wpb_column vc_column_container vc_col-sm-3\"><div class=\"vc_column-inner\"><div class=\"wpb_wrapper\">\n\t<div  class=\"wpb_single_image wpb_content_element vc_align_left wpb_content_element\">\n\t\t\n\t\t<figure class=\"wpb_wrapper vc_figure\">\n\t\t\t<a href=\"https:\/\/lamp.glopss.com\/aff_c?offer_id=9&#038;aff_id=1834&#038;url=https%3A%2F%2Fwww.anantara.com%2Fen%2Fveli-maldives\" target=\"_self\" class=\"vc_single_image-wrapper   vc_box_border_grey\"><img loading=\"lazy\" decoding=\"async\" width=\"150\" height=\"150\" src=\"https:\/\/maldives-paradise.com\/wp-content\/uploads\/2024\/02\/anatara-veli400-150x150.jpg\" class=\"vc_single_image-img attachment-thumbnail\" alt=\"Anantara Veli Maldives Resort\" title=\"anatara-veli400\" \/><\/a>\n\t\t<\/figure>\n\t<\/div>\n<\/div><\/div><\/div><div class=\"wpb_column vc_column_container vc_col-sm-9\"><div class=\"vc_column-inner\"><div class=\"wpb_wrapper\">\n\t<div class=\"wpb_text_column wpb_content_element\" >\n\t\t<div class=\"wpb_wrapper\">\n\t\t\t<h4><a href=\"https:\/\/lamp.glopss.com\/SHUt\" target=\"_blank\" rel=\"nofollow noopener\">Anantara Veli Maldives Resort<\/a><\/h4>\n<p>Anantara Veli l\u00e4dt Sie ein, Ihre eigene Romanze zu schreiben. Hochzeiten auf den Malediven sind unvergleichlich sch\u00f6n. Versch\u00f6nern Sie Ihre Hochzeit mit Ihren Traumflitterwochen auf den Malediven mit speziell f\u00fcr Sie zusammengestellten Erlebnissen. Genie\u00dfen Sie die intime Atmosph\u00e4re Ihrer \u00fcppigen Villa \u00fcber dem Wasser vor der Kulisse des majest\u00e4tischen Blicks auf den Indischen Ozean.<\/p>\n\n\t\t<\/div>\n\t<\/div>\n<\/div><\/div><\/div><\/div><div class=\"vc_row wpb_row vc_row-fluid\"><div class=\"wpb_column vc_column_container vc_col-sm-3\"><div class=\"vc_column-inner\"><div class=\"wpb_wrapper\">\n\t<div  class=\"wpb_single_image wpb_content_element vc_align_left wpb_content_element\">\n\t\t\n\t\t<figure class=\"wpb_wrapper vc_figure\">\n\t\t\t<a href=\"https:\/\/lamp.glopss.com\/aff_c?offer_id=259&#038;aff_id=1834\" target=\"_self\" class=\"vc_single_image-wrapper   vc_box_border_grey\"><img loading=\"lazy\" decoding=\"async\" width=\"150\" height=\"150\" src=\"https:\/\/maldives-paradise.com\/wp-content\/uploads\/2024\/02\/baros-romance-renewal-of-vow-intro-feat-400-150x150.jpg\" class=\"vc_single_image-img attachment-thumbnail\" alt=\"Baros Malediven\" title=\"baros-romance-renewal-of-vow-intro-feat-400\" \/><\/a>\n\t\t<\/figure>\n\t<\/div>\n<\/div><\/div><\/div><div class=\"wpb_column vc_column_container vc_col-sm-9\"><div class=\"vc_column-inner\"><div class=\"wpb_wrapper\">\n\t<div class=\"wpb_text_column wpb_content_element\" >\n\t\t<div class=\"wpb_wrapper\">\n\t\t\t<h4><a href=\"https:\/\/lamp.glopss.com\/SHUm\" target=\"_blank\" rel=\"nofollow noopener\">Baros Malediven<\/a><\/h4>\n<p>Entscheiden Sie sich f\u00fcr eine intime Hochzeitszeremonie oder bringen Sie Ihre Familie und Freunde mit, um Ihre Liebe zueinander noch einmal zu feiern.<br \/>\nDie nat\u00fcrliche Sch\u00f6nheit einer Zeremonie am Meer, die pure Romantik einer Hochzeit auf den Malediven. Wir gestalten eine perfekt zugeschnittene Veranstaltung f\u00fcr Ihre Erneuerung Ihres Ehegel\u00fcbdes, speziell f\u00fcr Sie und Ihre Liebsten.<\/p>\n\n\t\t<\/div>\n\t<\/div>\n<\/div><\/div><\/div><\/div><div class=\"vc_row wpb_row vc_row-fluid\"><div class=\"wpb_column vc_column_container vc_col-sm-3\"><div class=\"vc_column-inner\"><div class=\"wpb_wrapper\">\n\t<div  class=\"wpb_single_image wpb_content_element vc_align_left wpb_content_element\">\n\t\t\n\t\t<figure class=\"wpb_wrapper vc_figure\">\n\t\t\t<a href=\"http:\/\/maldives-paradise.com\/de\/kandima-malediven\/\" target=\"_self\" class=\"vc_single_image-wrapper   vc_box_border_grey\"><img loading=\"lazy\" decoding=\"async\" width=\"150\" height=\"150\" src=\"https:\/\/maldives-paradise.com\/wp-content\/uploads\/2024\/02\/kandima-maldives400-150x150.jpg\" class=\"vc_single_image-img attachment-thumbnail\" alt=\"Kandima Malediven\" title=\"Kandima Maldives Fotogalerie\" \/><\/a>\n\t\t<\/figure>\n\t<\/div>\n<\/div><\/div><\/div><div class=\"wpb_column vc_column_container vc_col-sm-9\"><div class=\"vc_column-inner\"><div class=\"wpb_wrapper\">\n\t<div class=\"wpb_text_column wpb_content_element\" >\n\t\t<div class=\"wpb_wrapper\">\n\t\t\t<h4><a href=\"http:\/\/maldives-paradise.com\/de\/kandima-malediven\/\">Kandima Malediven<\/a><\/h4>\n<p>Hier beginnt Ihre Traumhochzeit. Vom perfekten Heiratsantrag \u00fcber den verr\u00fcckten Junggesellinnenabschied bis hin zu den stilvollsten Flitterwochen bietet Kandima Maldives immer eine brillant gestaltete Kulisse f\u00fcr Ihre Traumhochzeit. Wenn Sie auf unserer Insel \u201eJa\u201c sagen, profitieren Sie von den ma\u00dfgeschneiderten Hochzeitsplanungsdiensten unserer Kool-Hochzeitsplaner, damit Ihre Hochzeitszeremonie genau so wird, wie Sie sie sich vorgestellt haben.<\/p>\n\n\t\t<\/div>\n\t<\/div>\n<\/div><\/div><\/div><\/div><div class=\"vc_row wpb_row vc_row-fluid\"><div class=\"wpb_column vc_column_container vc_col-sm-3\"><div class=\"vc_column-inner\"><div class=\"wpb_wrapper\">\n\t<div  class=\"wpb_single_image wpb_content_element vc_align_left wpb_content_element\">\n\t\t\n\t\t<figure class=\"wpb_wrapper vc_figure\">\n\t\t\t<a href=\"http:\/\/maldives-paradise.com\/de\/die-nautilus-malediven\/\" target=\"_self\" class=\"vc_single_image-wrapper   vc_box_border_grey\"><img loading=\"lazy\" decoding=\"async\" width=\"150\" height=\"150\" src=\"https:\/\/maldives-paradise.com\/wp-content\/uploads\/2024\/02\/Nautilus-26-romance-400-150x150.jpg\" class=\"vc_single_image-img attachment-thumbnail\" alt=\"Nautilus Malediven Hochzeiten und Flitterwochen\" title=\"Nautilus-26-Romantik-400\" \/><\/a>\n\t\t<\/figure>\n\t<\/div>\n<\/div><\/div><\/div><div class=\"wpb_column vc_column_container vc_col-sm-9\"><div class=\"vc_column-inner\"><div class=\"wpb_wrapper\">\n\t<div class=\"wpb_text_column wpb_content_element\" >\n\t\t<div class=\"wpb_wrapper\">\n\t\t\t<h4><a href=\"http:\/\/maldives-paradise.com\/de\/die-nautilus-malediven\/\">Nautilus Malediven<\/a><\/h4>\n<p>Die Nautilus verspricht die ultimative Traumhochzeit und unvergessliche Erinnerungen. Eine magische Art, Liebe, Dankbarkeit und Zusammengeh\u00f6rigkeit im wundersch\u00f6nen Inselstil an einem der exotischsten Reiseziele der Welt zu feiern. Ganz gleich, ob Sie sich eine elegant-schlichte, intime Zeremonie nur zu zweit oder eine gro\u00dfe und spektakul\u00e4re Feier mit Familie und Freunden auf der ganzen Insel vorgestellt haben.<\/p>\n\n\t\t<\/div>\n\t<\/div>\n<\/div><\/div><\/div><\/div><div class=\"vc_row wpb_row vc_row-fluid\"><div class=\"wpb_column vc_column_container vc_col-sm-3\"><div class=\"vc_column-inner\"><div class=\"wpb_wrapper\">\n\t<div  class=\"wpb_single_image wpb_content_element vc_align_left wpb_content_element\">\n\t\t\n\t\t<figure class=\"wpb_wrapper vc_figure\">\n\t\t\t<a href=\"https:\/\/lamp.glopss.com\/aff_c?offer_id=1442&#038;aff_id=1834&#038;url=https%3A%2F%2Fwww.centarahotelsresorts.com%2Fcentara%2Fes%2Fcrf\" target=\"_self\" class=\"vc_single_image-wrapper   vc_box_border_grey\"><img loading=\"lazy\" decoding=\"async\" width=\"150\" height=\"150\" src=\"https:\/\/maldives-paradise.com\/wp-content\/uploads\/2024\/02\/centara-ras-fushi-couple-400-150x150.jpg\" class=\"vc_single_image-img attachment-thumbnail\" alt=\"Centara Ras Fushi Resort &amp; Spa Malediven\" title=\"Centara-Ras-Fushi-Paar-400\" \/><\/a>\n\t\t<\/figure>\n\t<\/div>\n<\/div><\/div><\/div><div class=\"wpb_column vc_column_container vc_col-sm-9\"><div class=\"vc_column-inner\"><div class=\"wpb_wrapper\">\n\t<div class=\"wpb_text_column wpb_content_element\" >\n\t\t<div class=\"wpb_wrapper\">\n\t\t\t<h4><a href=\"https:\/\/lamp.glopss.com\/aff_c?offer_id=1442&amp;aff_id=1834&amp;url=https%3A%2F%2Fwww.centarahotelsresorts.com%2Fcentara%2Fes%2Fcrf\" target=\"_blank\" rel=\"nofollow noopener\">Centara Ras Fushi Resort &amp; Spa Malediven<\/a><\/h4>\n<p>Feiern Sie die gl\u00fccklichsten Momente des Lebens auf den Malediven. Lassen Sie das Team von Hochzeitsspezialisten eine au\u00dfergew\u00f6hnliche Feier der Liebe gestalten, die der atemberaubenden Umgebung im Centara Ras Fushi Resort &amp; Spa Maldives angemessen ist.<\/p>\n\n\t\t<\/div>\n\t<\/div>\n<\/div><\/div><\/div><\/div><div class=\"vc_row wpb_row vc_row-fluid\"><div class=\"wpb_column vc_column_container vc_col-sm-3\"><div class=\"vc_column-inner\"><div class=\"wpb_wrapper\">\n\t<div  class=\"wpb_single_image wpb_content_element vc_align_left wpb_content_element\">\n\t\t\n\t\t<figure class=\"wpb_wrapper vc_figure\">\n\t\t\t<a href=\"https:\/\/lamp.glopss.com\/aff_c?offer_id=264&#038;aff_id=1834&#038;url=https%3A%2F%2Fwww.kuredu.com%2F\" target=\"_self\" class=\"vc_single_image-wrapper   vc_box_border_grey\"><img loading=\"lazy\" decoding=\"async\" width=\"150\" height=\"150\" src=\"https:\/\/maldives-paradise.com\/wp-content\/uploads\/2024\/02\/kuredu-heart-400-150x150.jpg\" class=\"vc_single_image-img attachment-thumbnail\" alt=\"Kuredu Island Resort\" title=\"Kuredu-Herz-400\" \/><\/a>\n\t\t<\/figure>\n\t<\/div>\n<\/div><\/div><\/div><div class=\"wpb_column vc_column_container vc_col-sm-9\"><div class=\"vc_column-inner\"><div class=\"wpb_wrapper\">\n\t<div class=\"wpb_text_column wpb_content_element\" >\n\t\t<div class=\"wpb_wrapper\">\n\t\t\t<h4><a href=\"https:\/\/lamp.glopss.com\/SHUf\" target=\"_blank\" rel=\"nofollow noopener\">Kuredu Island Resort<\/a><\/h4>\n<p>F\u00fcr Paare, die von der Einfachheit einer wundersch\u00f6nen Hochzeit im Paradies und allem, was dazu geh\u00f6rt, tr\u00e4umen. Mit drei neu erweiterten Hochzeitspaketen zur Auswahl werden Paare von den romantischen Details und Erinnerungen sowie der einfachen Buchung \u00fcber Kuredu Gifts begeistert sein. Die einzige Schwierigkeit besteht darin, sich f\u00fcr das zu buchende Paket zu entscheiden.<\/p>\n\n\t\t<\/div>\n\t<\/div>\n<\/div><\/div><\/div><\/div><div class=\"vc_row wpb_row vc_row-fluid\"><div class=\"wpb_column vc_column_container vc_col-sm-3\"><div class=\"vc_column-inner\"><div class=\"wpb_wrapper\">\n\t<div  class=\"wpb_single_image wpb_content_element vc_align_left wpb_content_element\">\n\t\t\n\t\t<figure class=\"wpb_wrapper vc_figure\">\n\t\t\t<a href=\"https:\/\/lamp.glopss.com\/aff_c?offer_id=264&#038;aff_id=1834&#038;url=https%3A%2F%2Fwww.vilamendhoo.com%2F\" target=\"_self\" class=\"vc_single_image-wrapper   vc_box_border_grey\"><img loading=\"lazy\" decoding=\"async\" width=\"150\" height=\"150\" src=\"https:\/\/maldives-paradise.com\/wp-content\/uploads\/2024\/02\/vilamendhoo-couple-8-400-150x150.jpg\" class=\"vc_single_image-img attachment-thumbnail\" alt=\"Vilamendhoo Island Resort\" title=\"vilamendhoo-paar-8-400\" \/><\/a>\n\t\t<\/figure>\n\t<\/div>\n<\/div><\/div><\/div><div class=\"wpb_column vc_column_container vc_col-sm-9\"><div class=\"vc_column-inner\"><div class=\"wpb_wrapper\">\n\t<div class=\"wpb_text_column wpb_content_element\" >\n\t\t<div class=\"wpb_wrapper\">\n\t\t\t<h4><a href=\"https:\/\/lamp.glopss.com\/SHUi\" target=\"_blank\" rel=\"nofollow noopener\">Vilamendhoo Island Resort &amp; Spa<\/a><\/h4>\n<p>Vilamendhoo kann Ihre Traumhochzeit bewirten und arrangieren und Ihnen an Ihrem sch\u00f6nsten Tag nur die besten Erinnerungen und einzigartigen Erlebnisse bescheren. Wir bieten eine Auswahl an Hochzeitserlebnissen basierend auf Ihren W\u00fcnschen und Anforderungen, sei es eine traditionelle maledivische Zeremonie am Strand oder eine speziell arrangierte Unterwasserhochzeit im Indischen Ozean, die einen Hauch von Abenteuer bietet.<\/p>\n\n\t\t<\/div>\n\t<\/div>\n<\/div><\/div><\/div><\/div><div class=\"vc_row wpb_row vc_row-fluid\"><div class=\"wpb_column vc_column_container vc_col-sm-3\"><div class=\"vc_column-inner\"><div class=\"wpb_wrapper\">\n\t<div  class=\"wpb_single_image wpb_content_element vc_align_left wpb_content_element\">\n\t\t\n\t\t<figure class=\"wpb_wrapper vc_figure\">\n\t\t\t<a href=\"https:\/\/lamp.glopss.com\/aff_c?offer_id=9&#038;aff_id=1834&#038;url=https%3A%2F%2Fwww.niyama.com%2F\" target=\"_self\" class=\"vc_single_image-wrapper   vc_box_border_grey\"><img loading=\"lazy\" decoding=\"async\" width=\"150\" height=\"150\" src=\"https:\/\/maldives-paradise.com\/wp-content\/uploads\/2024\/02\/Niyama_Private_Islands_Maldives_DestinationDining_Couple-400-150x150.jpg\" class=\"vc_single_image-img attachment-thumbnail\" alt=\"Niyama-Privatinseln\" title=\"Niyama_Private_Islands_Maldives_DestinationDining_Couple-400\" \/><\/a>\n\t\t<\/figure>\n\t<\/div>\n<\/div><\/div><\/div><div class=\"wpb_column vc_column_container vc_col-sm-9\"><div class=\"vc_column-inner\"><div class=\"wpb_wrapper\">\n\t<div class=\"wpb_text_column wpb_content_element\" >\n\t\t<div class=\"wpb_wrapper\">\n\t\t\t<h4><a href=\"https:\/\/lamp.glopss.com\/SHUv\" target=\"_blank\" rel=\"nofollow noopener\">Niyama-Privatinseln<\/a><\/h4>\n<p>Niyama erweckt die surrealsten Hochzeitsw\u00fcnsche zum Leben. Wenn der gro\u00dfe Tag naht, k\u00f6nnen Visagisten, Feiernde und Entertainer eingeflogen werden, um Ihre Tr\u00e4ume zum Leben zu erwecken. Marschieren Sie im Takt der Boduberu-Trommel den Altar entlang. Bankett am Strand, w\u00e4hrend \u00fcber uns ein Feuerwerk explodiert. Flitterwochen in einer \u00dcberwasservilla, Aufwachen mit einem Champagner-Fr\u00fchst\u00fcck, inspirierender Meerblick und der Beginn einer Ewigkeit.<\/p>\n\n\t\t<\/div>\n\t<\/div>\n<\/div><\/div><\/div><\/div><div class=\"vc_row wpb_row vc_row-fluid\"><div class=\"wpb_column vc_column_container vc_col-sm-3\"><div class=\"vc_column-inner\"><div class=\"wpb_wrapper\">\n\t<div  class=\"wpb_single_image wpb_content_element vc_align_left wpb_content_element\">\n\t\t\n\t\t<figure class=\"wpb_wrapper vc_figure\">\n\t\t\t<a href=\"http:\/\/maldives-paradise.com\/de\/zimt-dhonveli-malediven\/\" target=\"_self\" class=\"vc_single_image-wrapper   vc_box_border_grey\"><img loading=\"lazy\" decoding=\"async\" width=\"150\" height=\"150\" src=\"https:\/\/maldives-paradise.com\/wp-content\/uploads\/2024\/01\/cinnamon_dhonveli_maldives_5-150x150.jpg\" class=\"vc_single_image-img attachment-thumbnail\" alt=\"Cinnamon Dhonveli Malediven \u2013 Ihr Tor zum tropischen Luxus\" title=\"cinnamon_dhonveli_maldives_5\" \/><\/a>\n\t\t<\/figure>\n\t<\/div>\n<\/div><\/div><\/div><div class=\"wpb_column vc_column_container vc_col-sm-9\"><div class=\"vc_column-inner\"><div class=\"wpb_wrapper\">\n\t<div class=\"wpb_text_column wpb_content_element\" >\n\t\t<div class=\"wpb_wrapper\">\n\t\t\t<h4><a href=\"http:\/\/maldives-paradise.com\/de\/zimt-dhonveli-malediven\/\">Zimt-Dhonveli<\/a><\/h4>\n<p>Das t\u00fcrkisfarbene Meer von Cinnamon Dhonveli Maldives bereitet die B\u00fchne f\u00fcr Ihre Traumhochzeit. W\u00e4hlen Sie zwischen Strand oder abgelegenen Orten. Mit Ihren Lieben an Ihrer Seite machen wir Ihre tropische Hochzeit zu einem M\u00e4rchen mit maledivischen Akzenten. Unser engagiertes Veranstaltungsteam unterst\u00fctzt Sie bei Paketen, Standort, Men\u00fc, Dekoration und Unterhaltung, um Ihre Vision zum Leben zu erwecken.<\/p>\n\n\t\t<\/div>\n\t<\/div>\n<\/div><\/div><\/div><\/div><div class=\"vc_row wpb_row vc_row-fluid\"><div class=\"wpb_column vc_column_container vc_col-sm-3\"><div class=\"vc_column-inner\"><div class=\"wpb_wrapper\">\n\t<div  class=\"wpb_single_image wpb_content_element vc_align_left wpb_content_element\">\n\t\t\n\t\t<figure class=\"wpb_wrapper vc_figure\">\n\t\t\t<a href=\"https:\/\/lamp.glopss.com\/aff_c?offer_id=247&#038;aff_id=1834\" target=\"_self\" class=\"vc_single_image-wrapper   vc_box_border_grey\"><img loading=\"lazy\" decoding=\"async\" width=\"150\" height=\"150\" src=\"https:\/\/maldives-paradise.com\/wp-content\/uploads\/2024\/02\/romantic-couple-at-kuramathi-400-150x150.jpg\" class=\"vc_single_image-img attachment-thumbnail\" alt=\"Kuramathi Island Resort Malediven\" title=\"romantisches-paar-at-kuramathi-400\" \/><\/a>\n\t\t<\/figure>\n\t<\/div>\n<\/div><\/div><\/div><div class=\"wpb_column vc_column_container vc_col-sm-9\"><div class=\"vc_column-inner\"><div class=\"wpb_wrapper\">\n\t<div class=\"wpb_text_column wpb_content_element\" >\n\t\t<div class=\"wpb_wrapper\">\n\t\t\t<h4><a href=\"https:\/\/lamp.glopss.com\/SHUe\" target=\"_blank\" rel=\"nofollow noopener\">Kuramathi Island Resort Malediven<\/a><\/h4>\n<p>Tauschen Sie Ihre Gel\u00fcbde inmitten der atemberaubenden Umgebung des Luxusresorts Kuramathi auf den Malediven. Umgeben von verlockend t\u00fcrkisfarbenen Lagunen und ges\u00e4umt von wei\u00dfen Sandstr\u00e4nden ist dies ein wahrhaft unvergesslicher Ort, um Ihre Liebe zu feiern.<\/p>\n\n\t\t<\/div>\n\t<\/div>\n<\/div><\/div><\/div><\/div><div class=\"vc_row wpb_row vc_row-fluid\"><div class=\"wpb_column vc_column_container vc_col-sm-12\"><div class=\"vc_column-inner\"><div class=\"wpb_wrapper\">\n\t<div class=\"wpb_text_column wpb_content_element\" >\n\t\t<div class=\"wpb_wrapper\">\n\t\t\t<p><a href=\"http:\/\/maldives-paradise.com\/de\/etikett\/hochzeiten-malediven\/\"><strong>Mehr \u00fcber Hochzeitshotels und Resorts auf den Malediven<\/strong><\/a><\/p>\n\n\t\t<\/div>\n\t<\/div>\n<\/div><\/div><\/div><\/div>\n<\/div>","protected":false},"excerpt":{"rendered":"<div class=\"mh-excerpt\"><\/div>","protected":false},"author":1,"featured_media":10858,"parent":0,"menu_order":0,"comment_status":"closed","ping_status":"closed","template":"","meta":{"footnotes":""},"class_list":["post-10857","page","type-page","status-publish","has-post-thumbnail"],"aioseo_notices":[],"_links":{"self":[{"href":"https:\/\/maldives-paradise.com\/de\/wp-json\/wp\/v2\/pages\/10857","targetHints":{"allow":["GET"]}}],"collection":[{"href":"https:\/\/maldives-paradise.com\/de\/wp-json\/wp\/v2\/pages"}],"about":[{"href":"https:\/\/maldives-paradise.com\/de\/wp-json\/wp\/v2\/types\/page"}],"author":[{"embeddable":true,"href":"https:\/\/maldives-paradise.com\/de\/wp-json\/wp\/v2\/users\/1"}],"replies":[{"embeddable":true,"href":"https:\/\/maldives-paradise.com\/de\/wp-json\/wp\/v2\/comments?post=10857"}],"version-history":[{"count":6,"href":"https:\/\/maldives-paradise.com\/de\/wp-json\/wp\/v2\/pages\/10857\/revisions"}],"predecessor-version":[{"id":45314,"href":"https:\/\/maldives-paradise.com\/de\/wp-json\/wp\/v2\/pages\/10857\/revisions\/45314"}],"wp:featuredmedia":[{"embeddable":true,"href":"https:\/\/maldives-paradise.com\/de\/wp-json\/wp\/v2\/media\/10858"}],"wp:attachment":[{"href":"https:\/\/maldives-paradise.com\/de\/wp-json\/wp\/v2\/media?parent=10857"}],"curies":[{"name":"wp","href":"https:\/\/api.w.org\/{rel}","templated":true}]}}