{"id":10581,"date":"2024-02-12T20:15:26","date_gmt":"2024-02-12T20:15:26","guid":{"rendered":"http:\/\/maldives-paradise.com\/?page_id=10581"},"modified":"2025-10-15T14:02:41","modified_gmt":"2025-10-15T14:02:41","slug":"das-somerset-hotel","status":"publish","type":"page","link":"https:\/\/maldives-paradise.com\/de\/das-somerset-hotel\/","title":{"rendered":"Das Somerset Hotel"},"content":{"rendered":"<div class=\"wpb-content-wrapper\"><div class=\"vc_row wpb_row vc_row-fluid\"><div class=\"wpb_column vc_column_container vc_col-sm-12\"><div class=\"vc_column-inner\"><div class=\"wpb_wrapper\">\n\t<div class=\"wpb_text_column wpb_content_element\" >\n\t\t<div class=\"wpb_wrapper\">\n\t\t\t<h3>Die Top-Features des Somerset Hotels auf den Malediven<\/h3>\n\n\t\t<\/div>\n\t<\/div>\n<\/div><\/div><\/div><\/div><div class=\"vc_row wpb_row vc_row-fluid\"><div class=\"wpb_column vc_column_container vc_col-sm-12\"><div class=\"vc_column-inner\"><div class=\"wpb_wrapper\">\n\t<div class=\"wpb_video_widget wpb_content_element vc_clearfix   vc_video-aspect-ratio-169 vc_video-el-width-100 vc_video-align-left\" >\n\t\t<div class=\"wpb_wrapper\">\n\t\t\t\n\t\t\t<div class=\"wpb_video_wrapper\"><iframe loading=\"lazy\" title=\"Season Paradise, Traumziel auf den Malediven\" width=\"500\" height=\"281\" src=\"https:\/\/www.youtube.com\/embed\/lrFeMMiDh-w?feature=oembed\" frameborder=\"0\" allow=\"accelerometer; autoplay; clipboard-write; encrypted-media; gyroscope; picture-in-picture; web-share\" allowfullscreen><\/iframe><\/div>\n\t\t<\/div>\n\t<\/div>\n<\/div><\/div><\/div><\/div><div class=\"vc_row wpb_row vc_row-fluid\"><div class=\"wpb_column vc_column_container vc_col-sm-12\"><div class=\"vc_column-inner\"><div class=\"wpb_wrapper\">\n\t<div class=\"wpb_text_column wpb_content_element\" >\n\t\t<div class=\"wpb_wrapper\">\n\t\t\t<p>Das Somerset Hotel ist ein Inbegriff von Luxus und Ruhe in diesem tropischen Paradies. In der Hauptstadt Mal\u00e9 gelegen, bietet dieses elegante Refugium anspruchsvollen Reisenden eine einzigartige Mischung aus moderner Eleganz und maledivischem Charme. Entdecken Sie die wichtigsten Merkmale, die <strong>Das Somerset Hotel<\/strong> ein Reiseziel, das man unbedingt besuchen muss.<\/p>\n<p><strong>Erstklassige Lage:<\/strong><br \/>\nDas Somerset Hotel genie\u00dft eine erstklassige Lage im Herzen von Mal\u00e9, der pulsierenden Hauptstadt der Malediven. Dank der g\u00fcnstigen Lage in der N\u00e4he der wichtigsten Sehensw\u00fcrdigkeiten, Einkaufsviertel und Gesch\u00e4ftszentren der Stadt haben G\u00e4ste einfachen Zugang zu allem, was dieses bezaubernde Reiseziel zu bieten hat. Ob Sie die gesch\u00e4ftigen Stra\u00dfen Mal\u00e9s erkunden oder Ausfl\u00fcge zu den umliegenden Inseln unternehmen, das Somerset Hotel ist der perfekte Ausgangspunkt f\u00fcr unvergessliche Abenteuer.<\/p>\n<p><strong>Luxuri\u00f6se Unterk\u00fcnfte:<\/strong><br \/>\nDas Somerset Hotel bietet luxuri\u00f6se Unterk\u00fcnfte, die seinen G\u00e4sten h\u00f6chsten Komfort und Entspannung bieten. Von stilvollen G\u00e4stezimmern bis hin zu ger\u00e4umigen Suiten ist jede Unterkunft elegant eingerichtet und mit modernen Annehmlichkeiten ausgestattet, um einen angenehmen Aufenthalt zu gew\u00e4hrleisten. G\u00e4ste k\u00f6nnen in bequemen Betten entspannen, in tiefen Badewannen entspannen und von ihren privaten Balkonen aus den Panoramablick auf die Skyline der Stadt oder den ruhigen Indischen Ozean genie\u00dfen.<\/p>\n<p><strong>Au\u00dfergew\u00f6hnliche kulinarische Erlebnisse:<\/strong><br \/>\nKulinarische K\u00f6stlichkeiten erwarten die G\u00e4ste in den vielf\u00e4ltigen Restaurants des Somerset Hotels. Weltklasse-K\u00f6che zaubern exquisite Gerichte, inspiriert von lokalen Aromen und internationaler K\u00fcche. Von gehobenen Restaurants mit Gourmetgerichten bis hin zu gem\u00fctlichen Caf\u00e9s und Bars mit kleinen Snacks und erfrischenden Getr\u00e4nken \u2013 hier ist f\u00fcr jeden Geschmack etwas dabei. Genie\u00dfen Sie \u00fcppige Buffets, Mahlzeiten im Freien am Pool oder romantische Abendessen unter dem Sternenhimmel \u2013 ein unvergessliches kulinarisches Erlebnis.<\/p>\n<p><strong>Infinity-Pool auf dem Dach:<\/strong><br \/>\nEines der herausragendsten Merkmale des Somerset Hotels ist der Infinity-Pool auf dem Dach, der einen atemberaubenden Blick auf die maledivische Skyline und das schimmernde Wasser des Indischen Ozeans bietet. G\u00e4ste k\u00f6nnen ein erfrischendes Bad im kristallklaren Wasser nehmen, auf bequemen Liegen die tropische Sonne genie\u00dfen oder an der Poolbar erfrischende Cocktails schl\u00fcrfen. Ob zum Entspannen nach einem erlebnisreichen Tag oder zum gem\u00fctlichen Schwimmen bei Sonnenuntergang \u2013 der Infinity-Pool auf dem Dach bietet das ultimative Entspannungserlebnis.<\/p>\n<p><strong>Wellness und Erholung:<\/strong><br \/>\nDas Somerset Hotel bietet eine Reihe von Wellness- und Freizeiteinrichtungen zur Erholung von K\u00f6rper, Geist und Seele. G\u00e4ste k\u00f6nnen sich mit wohltuenden Spa-Behandlungen, belebenden Workouts im Fitnesscenter oder Yoga-Sitzungen auf der Dachterrasse mit Blick aufs Meer verw\u00f6hnen lassen. F\u00fcr Abenteuerlustige organisiert das Hotel verschiedene Wassersportaktivit\u00e4ten wie Schnorcheln, Tauchen und Sonnenuntergangsfahrten, bei denen die G\u00e4ste die reiche Unterwasserwelt und die Naturwunder der Malediven erkunden k\u00f6nnen.<\/p>\n<p><strong>Personalisierter Service:<\/strong><br \/>\nIm Somerset Hotel werden G\u00e4ste vom ersten Moment an mit pers\u00f6nlichem Service und herzlicher maledivischer Gastfreundschaft verw\u00f6hnt. Das aufmerksame Personal setzt alles daran, den G\u00e4sten einen reibungslosen Aufenthalt zu erm\u00f6glichen \u2013 von der Organisation des Flughafentransfers bis hin zur Organisation ma\u00dfgeschneiderter Ausfl\u00fcge und Erlebnisse. Mit Liebe zum Detail und dem aufrichtigen Wunsch, Erwartungen zu \u00fcbertreffen, schafft das Somerset Hotel unvergessliche Erinnerungen f\u00fcr jeden Gast.<\/p>\n<p><strong>Gesch\u00e4fts- und Veranstaltungseinrichtungen:<\/strong><br \/>\nF\u00fcr Gesch\u00e4ftsreisende und Veranstalter besonderer Anl\u00e4sse bietet das Somerset Hotel hochmoderne Tagungs- und Veranstaltungsr\u00e4ume mit modernster Technologie und Ausstattung. Von vertraulichen Sitzungen im Sitzungssaal bis hin zu gro\u00dfen Empf\u00e4ngen und Banketten \u2013 das erfahrene Veranstaltungsteam des Hotels k\u00fcmmert sich um jedes Detail, um einen erfolgreichen und unvergesslichen Anlass zu gew\u00e4hrleisten.<\/p>\n<p>Zusammenfassend l\u00e4sst sich sagen, dass das Somerset Hotel einen luxuri\u00f6sen R\u00fcckzugsort im Herzen der Malediven bietet und elegante Unterk\u00fcnfte, au\u00dfergew\u00f6hnliche kulinarische Erlebnisse und einen unvergleichlichen Service vereint, um den G\u00e4sten einen unvergesslichen Aufenthalt zu bescheren. Ob Entspannung, Abenteuer oder Gesch\u00e4ftsm\u00f6glichkeiten \u2013 das Somerset Hotel l\u00e4dt Reisende ein, die Sch\u00f6nheit und Ruhe dieses bezaubernden Reiseziels zu entdecken und unvergessliche Erinnerungen zu schaffen.<\/p>\n\n\t\t<\/div>\n\t<\/div>\n<\/div><\/div><\/div><\/div><div class=\"vc_row wpb_row vc_row-fluid\"><div class=\"wpb_column vc_column_container vc_col-sm-12\"><div class=\"vc_column-inner\"><div class=\"wpb_wrapper\">\n\t<div class=\"wpb_text_column wpb_content_element\" >\n\t\t<div class=\"wpb_wrapper\">\n\t\t\t<h3><a title=\"Das Somerset Hotel\" href=\"https:\/\/trip.tpo.lv\/nJmI3cNc\" target=\"blanc2\" rel=\"nofollow\">Pr\u00fcfen Sie hier die Verf\u00fcgbarkeit und den besten Preis im Somerset Hotel &gt;&gt;<\/a><\/h3>\n\n\t\t<\/div>\n\t<\/div>\n<\/div><\/div><\/div><\/div>\n<\/div>","protected":false},"excerpt":{"rendered":"<div class=\"mh-excerpt\"><\/div>","protected":false},"author":1,"featured_media":10582,"parent":0,"menu_order":0,"comment_status":"closed","ping_status":"closed","template":"","meta":{"footnotes":""},"class_list":["post-10581","page","type-page","status-publish","has-post-thumbnail"],"aioseo_notices":[],"_links":{"self":[{"href":"https:\/\/maldives-paradise.com\/de\/wp-json\/wp\/v2\/pages\/10581","targetHints":{"allow":["GET"]}}],"collection":[{"href":"https:\/\/maldives-paradise.com\/de\/wp-json\/wp\/v2\/pages"}],"about":[{"href":"https:\/\/maldives-paradise.com\/de\/wp-json\/wp\/v2\/types\/page"}],"author":[{"embeddable":true,"href":"https:\/\/maldives-paradise.com\/de\/wp-json\/wp\/v2\/users\/1"}],"replies":[{"embeddable":true,"href":"https:\/\/maldives-paradise.com\/de\/wp-json\/wp\/v2\/comments?post=10581"}],"version-history":[{"count":3,"href":"https:\/\/maldives-paradise.com\/de\/wp-json\/wp\/v2\/pages\/10581\/revisions"}],"predecessor-version":[{"id":43713,"href":"https:\/\/maldives-paradise.com\/de\/wp-json\/wp\/v2\/pages\/10581\/revisions\/43713"}],"wp:featuredmedia":[{"embeddable":true,"href":"https:\/\/maldives-paradise.com\/de\/wp-json\/wp\/v2\/media\/10582"}],"wp:attachment":[{"href":"https:\/\/maldives-paradise.com\/de\/wp-json\/wp\/v2\/media?parent=10581"}],"curies":[{"name":"wp","href":"https:\/\/api.w.org\/{rel}","templated":true}]}}