{"id":10573,"date":"2024-02-12T20:03:32","date_gmt":"2024-02-12T20:03:32","guid":{"rendered":"http:\/\/maldives-paradise.com\/?page_id=10573"},"modified":"2025-02-21T07:29:54","modified_gmt":"2025-02-21T07:29:54","slug":"4-sterne-hotelresorts-auf-den-malediven-4","status":"publish","type":"page","link":"https:\/\/maldives-paradise.com\/de\/4-sterne-hotelresorts-auf-den-malediven-4\/","title":{"rendered":"4-Sterne-Hotels und Resorts auf den Malediven 4"},"content":{"rendered":"<div class=\"wpb-content-wrapper\"><div class=\"vc_row wpb_row vc_row-fluid\"><div class=\"wpb_column vc_column_container vc_col-sm-12\"><div class=\"vc_column-inner\"><div class=\"wpb_wrapper\">\n\t<div class=\"wpb_text_column wpb_content_element\" >\n\t\t<div class=\"wpb_wrapper\">\n\t\t\t<h3>Eine Auswahl von 4-Sterne-Hotels und Resorts auf den Malediven<\/h3>\n<p>Die Malediven sind die Heimat zahlreicher <strong data-start=\"82\" data-end=\"111\">4-Sterne-Hotels und Resorts<\/strong>und bietet eine perfekte Balance aus <strong data-start=\"143\" data-end=\"181\">Luxus, Komfort und Erschwinglichkeit<\/strong>Diese Resorts bieten <strong data-start=\"205\" data-end=\"282\">atemberaubende Strandvillen, \u00dcberwasserbungalows und hervorragende Einrichtungen<\/strong>, einschlie\u00dflich <strong data-start=\"294\" data-end=\"338\">Pools, Spas und mehrere gastronomische Einrichtungen<\/strong>. Die G\u00e4ste k\u00f6nnen sich verw\u00f6hnen lassen <strong data-start=\"362\" data-end=\"404\">Schnorcheln, Tauchen und Sonnenuntergangskreuzfahrten<\/strong>und genie\u00dfen Sie dabei <strong data-start=\"425\" data-end=\"481\">au\u00dfergew\u00f6hnliche Gastfreundschaft und atemberaubende Meerblicke<\/strong>.<\/p>\n\n\t\t<\/div>\n\t<\/div>\n<\/div><\/div><\/div><\/div><div class=\"vc_row wpb_row vc_row-fluid\"><div class=\"wpb_column vc_column_container vc_col-sm-3\"><div class=\"vc_column-inner\"><div class=\"wpb_wrapper\">\n\t<div  class=\"wpb_single_image wpb_content_element vc_align_left wpb_content_element\">\n\t\t\n\t\t<figure class=\"wpb_wrapper vc_figure\">\n\t\t\t<a href=\"http:\/\/maldives-paradise.com\/de\/safari-island-resort\/\" target=\"_self\" class=\"vc_single_image-wrapper   vc_box_border_grey\"><img loading=\"lazy\" decoding=\"async\" width=\"150\" height=\"150\" src=\"https:\/\/maldives-paradise.com\/wp-content\/uploads\/2024\/02\/safari-island-resort-150x150.jpg\" class=\"vc_single_image-img attachment-thumbnail\" alt=\"Safari-Insel-Resort\" title=\"Safari-Insel-Resort\" \/><\/a>\n\t\t<\/figure>\n\t<\/div>\n<\/div><\/div><\/div><div class=\"wpb_column vc_column_container vc_col-sm-9\"><div class=\"vc_column-inner\"><div class=\"wpb_wrapper\">\n\t<div class=\"wpb_text_column wpb_content_element\" >\n\t\t<div class=\"wpb_wrapper\">\n\t\t\t<h4><a href=\"http:\/\/maldives-paradise.com\/de\/safari-island-resort\/\">Safariinsel Malediven<\/a><\/h4>\n<p>Safari Island auf den Malediven ist eine Mischung aus nat\u00fcrlicher Sch\u00f6nheit, Luxus, Abenteuer und Ruhe. Es ist ein Reiseziel, das ein breites Spektrum an Interessen abdeckt und jedem Besucher ein unvergessliches Erlebnis verspricht.<\/p>\n\n\t\t<\/div>\n\t<\/div>\n<\/div><\/div><\/div><\/div><div class=\"vc_row wpb_row vc_row-fluid\"><div class=\"wpb_column vc_column_container vc_col-sm-3\"><div class=\"vc_column-inner\"><div class=\"wpb_wrapper\">\n\t<div  class=\"wpb_single_image wpb_content_element vc_align_left wpb_content_element\">\n\t\t\n\t\t<figure class=\"wpb_wrapper vc_figure\">\n\t\t\t<a href=\"http:\/\/maldives-paradise.com\/de\/season-paradise\/\" target=\"_self\" class=\"vc_single_image-wrapper   vc_box_border_grey\"><img loading=\"lazy\" decoding=\"async\" width=\"150\" height=\"150\" src=\"https:\/\/maldives-paradise.com\/wp-content\/uploads\/2024\/02\/season-paradise300-150x150.jpg\" class=\"vc_single_image-img attachment-thumbnail\" alt=\"Saisonparadies\" title=\"Saisonparadies300\" \/><\/a>\n\t\t<\/figure>\n\t<\/div>\n<\/div><\/div><\/div><div class=\"wpb_column vc_column_container vc_col-sm-9\"><div class=\"vc_column-inner\"><div class=\"wpb_wrapper\">\n\t<div class=\"wpb_text_column wpb_content_element\" >\n\t\t<div class=\"wpb_wrapper\">\n\t\t\t<h4><a href=\"http:\/\/maldives-paradise.com\/de\/season-paradise\/\">Saisonparadies<\/a><\/h4>\n<p>Season Paradise liegt auf der Insel Thulusdhoo im Nord-Mal\u00e9-Atoll und bietet anspruchsvollen Reisenden einen idyllischen Zufluchtsort im Paradies. Von unber\u00fchrten Str\u00e4nden bis hin zu erstklassigen Annehmlichkeiten.<\/p>\n\n\t\t<\/div>\n\t<\/div>\n<\/div><\/div><\/div><\/div><div class=\"vc_row wpb_row vc_row-fluid\"><div class=\"wpb_column vc_column_container vc_col-sm-3\"><div class=\"vc_column-inner\"><div class=\"wpb_wrapper\">\n\t<div  class=\"wpb_single_image wpb_content_element vc_align_left wpb_content_element\">\n\t\t\n\t\t<figure class=\"wpb_wrapper vc_figure\">\n\t\t\t<a href=\"http:\/\/maldives-paradise.com\/de\/south-palm-resort-malediven\/\" target=\"_self\" class=\"vc_single_image-wrapper   vc_box_border_grey\"><img loading=\"lazy\" decoding=\"async\" width=\"150\" height=\"150\" src=\"https:\/\/maldives-paradise.com\/wp-content\/uploads\/2024\/02\/south-palm-resort-maldives400-150x150.jpg\" class=\"vc_single_image-img attachment-thumbnail\" alt=\"South Palm Resort Malediven\" title=\"South-Palm-Resort-Maledives400\" \/><\/a>\n\t\t<\/figure>\n\t<\/div>\n<\/div><\/div><\/div><div class=\"wpb_column vc_column_container vc_col-sm-9\"><div class=\"vc_column-inner\"><div class=\"wpb_wrapper\">\n\t<div class=\"wpb_text_column wpb_content_element\" >\n\t\t<div class=\"wpb_wrapper\">\n\t\t\t<h4><a href=\"http:\/\/maldives-paradise.com\/de\/south-palm-resort-malediven\/\">South Palm Resort Malediven<\/a><\/h4>\n<p>Das South Palm Resort Maldives bietet einen luxuri\u00f6sen R\u00fcckzugsort an einem der atemberaubendsten Reiseziele der Welt, wo G\u00e4ste in die Sch\u00f6nheit und Ruhe der Malediven eintauchen k\u00f6nnen. Mit seinen idyllischen Unterk\u00fcnften, exquisiten kulinarischen Erlebnissen, unber\u00fchrten Str\u00e4nden und unvergleichlichem Service verspricht das Resort einen unvergesslichen Ausflug ins Paradies.<\/p>\n\n\t\t<\/div>\n\t<\/div>\n<\/div><\/div><\/div><\/div><div class=\"vc_row wpb_row vc_row-fluid\"><div class=\"wpb_column vc_column_container vc_col-sm-3\"><div class=\"vc_column-inner\"><div class=\"wpb_wrapper\">\n\t<div  class=\"wpb_single_image wpb_content_element vc_align_left wpb_content_element\">\n\t\t\n\t\t<figure class=\"wpb_wrapper vc_figure\">\n\t\t\t<a href=\"http:\/\/maldives-paradise.com\/de\/sommerinsel-malediven\/\" target=\"_self\" class=\"vc_single_image-wrapper   vc_box_border_grey\"><img loading=\"lazy\" decoding=\"async\" width=\"150\" height=\"150\" src=\"https:\/\/maldives-paradise.com\/wp-content\/uploads\/2024\/02\/summer-island-maldives300-150x150.jpg\" class=\"vc_single_image-img attachment-thumbnail\" alt=\"Sommerinsel Malediven\" title=\"Sommerinsel Malediven300\" \/><\/a>\n\t\t<\/figure>\n\t<\/div>\n<\/div><\/div><\/div><div class=\"wpb_column vc_column_container vc_col-sm-9\"><div class=\"vc_column-inner\"><div class=\"wpb_wrapper\">\n\t<div class=\"wpb_text_column wpb_content_element\" >\n\t\t<div class=\"wpb_wrapper\">\n\t\t\t<h4><a href=\"http:\/\/maldives-paradise.com\/de\/sommerinsel-malediven\/\">Sommerinsel Malediven<\/a><\/h4>\n<p><strong>Sommerinsel Malediven<\/strong>, eine unber\u00fchrte Oase des Luxus und der Ruhe. Dieses exquisite Resort liegt auf der Privatinsel Ziyaaraiyfushi im Nord-Male-Atoll und bietet anspruchsvollen Reisenden einen unvergleichlichen R\u00fcckzugsort ins Paradies.<\/p>\n\n\t\t<\/div>\n\t<\/div>\n<\/div><\/div><\/div><\/div><div class=\"vc_row wpb_row vc_row-fluid\"><div class=\"wpb_column vc_column_container vc_col-sm-3\"><div class=\"vc_column-inner\"><div class=\"wpb_wrapper\">\n\t<div  class=\"wpb_single_image wpb_content_element vc_align_left wpb_content_element\">\n\t\t\n\t\t<figure class=\"wpb_wrapper vc_figure\">\n\t\t\t<a href=\"http:\/\/maldives-paradise.com\/de\/sonne-siyam-olhuveli\/\" target=\"_self\" class=\"vc_single_image-wrapper   vc_box_border_grey\"><img loading=\"lazy\" decoding=\"async\" width=\"150\" height=\"150\" src=\"https:\/\/maldives-paradise.com\/wp-content\/uploads\/2024\/02\/sun-siyam-olhuveli-grand-water-villas-with-400-150x150.jpg\" class=\"vc_single_image-img attachment-thumbnail\" alt=\"Sun Siyam Olhuveli\" title=\"sun-siyam-olhuveli-grand-water-villas-with-400\" \/><\/a>\n\t\t<\/figure>\n\t<\/div>\n<\/div><\/div><\/div><div class=\"wpb_column vc_column_container vc_col-sm-9\"><div class=\"vc_column-inner\"><div class=\"wpb_wrapper\">\n\t<div class=\"wpb_text_column wpb_content_element\" >\n\t\t<div class=\"wpb_wrapper\">\n\t\t\t<h4><a href=\"http:\/\/maldives-paradise.com\/de\/sonne-siyam-olhuveli\/\">Sun Siyam Olhuveli<\/a><\/h4>\n<p>Mit seinen luxuri\u00f6sen Unterk\u00fcnften, erstklassigen kulinarischen Erlebnissen, unber\u00fchrten Str\u00e4nden und unvergleichlichem Service verspricht das Resort anspruchsvollen Reisenden, die das ultimative maledivische Erlebnis suchen, einen unvergesslichen Ausflug ins Paradies. Ob Sie am Strand entspannen, sich mit Spa-Behandlungen verw\u00f6hnen lassen oder sich auf aufregende Wassersportabenteuer einlassen \u2013 G\u00e4ste sind eingeladen, die Magie von Sun Siyam Olhuveli zu entdecken und Erinnerungen zu schaffen, die ein Leben lang anhalten.<\/p>\n\n\t\t<\/div>\n\t<\/div>\n<\/div><\/div><\/div><\/div><div class=\"vc_row wpb_row vc_row-fluid\"><div class=\"wpb_column vc_column_container vc_col-sm-3\"><div class=\"vc_column-inner\"><div class=\"wpb_wrapper\">\n\t<div  class=\"wpb_single_image wpb_content_element vc_align_left wpb_content_element\">\n\t\t\n\t\t<figure class=\"wpb_wrapper vc_figure\">\n\t\t\t<a href=\"http:\/\/maldives-paradise.com\/de\/thulhagiri-island-resort\/\" target=\"_self\" class=\"vc_single_image-wrapper   vc_box_border_grey\"><img loading=\"lazy\" decoding=\"async\" width=\"150\" height=\"150\" src=\"https:\/\/maldives-paradise.com\/wp-content\/uploads\/2024\/02\/Thulhagiri-Island-Resort300-150x150.jpg\" class=\"vc_single_image-img attachment-thumbnail\" alt=\"Thulhagiri Island Resort\" title=\"Thulhagiri-Island-Resort300\" \/><\/a>\n\t\t<\/figure>\n\t<\/div>\n<\/div><\/div><\/div><div class=\"wpb_column vc_column_container vc_col-sm-9\"><div class=\"vc_column-inner\"><div class=\"wpb_wrapper\">\n\t<div class=\"wpb_text_column wpb_content_element\" >\n\t\t<div class=\"wpb_wrapper\">\n\t\t\t<h4><a href=\"http:\/\/maldives-paradise.com\/de\/thulhagiri-island-resort\/\">Thulhagiri Island Resort<\/a><\/h4>\n<p>Thulhagiri Island Resort, eine Oase des Luxus und der Ruhe auf den Malediven. Dieses exquisite Resort liegt auf seiner Privatinsel im Nord-Male-Atoll und bietet anspruchsvollen Reisenden einen unvergesslichen R\u00fcckzugsort inmitten atemberaubender Natursch\u00f6nheit.<\/p>\n\n\t\t<\/div>\n\t<\/div>\n<\/div><\/div><\/div><\/div><div class=\"vc_row wpb_row vc_row-fluid\"><div class=\"wpb_column vc_column_container vc_col-sm-3\"><div class=\"vc_column-inner\"><div class=\"wpb_wrapper\">\n\t<div  class=\"wpb_single_image wpb_content_element vc_align_left wpb_content_element\">\n\t\t\n\t\t<figure class=\"wpb_wrapper vc_figure\">\n\t\t\t<a href=\"http:\/\/maldives-paradise.com\/de\/vilamendhoo-island-resort-spa\/\" target=\"_self\" class=\"vc_single_image-wrapper   vc_box_border_grey\"><img loading=\"lazy\" decoding=\"async\" width=\"150\" height=\"150\" src=\"https:\/\/maldives-paradise.com\/wp-content\/uploads\/2024\/02\/Vilamendhoo-Island-Resort-Spa-Maldives-150x150.jpg\" class=\"vc_single_image-img attachment-thumbnail\" alt=\"Vilamendhoo Island Resort &amp; Spa\" title=\"Vilamendhoo-Island-Resort-Spa-Malediven\" \/><\/a>\n\t\t<\/figure>\n\t<\/div>\n<\/div><\/div><\/div><div class=\"wpb_column vc_column_container vc_col-sm-9\"><div class=\"vc_column-inner\"><div class=\"wpb_wrapper\">\n\t<div class=\"wpb_text_column wpb_content_element\" >\n\t\t<div class=\"wpb_wrapper\">\n\t\t\t<h4><a href=\"http:\/\/maldives-paradise.com\/de\/vilamendhoo-island-resort-spa\/\">Vilamendhoo Island Resort &amp; Spa<\/a><\/h4>\n<p>Das Vilamendhoo Island Resort &amp; Spa bietet einen luxuri\u00f6sen R\u00fcckzugsort an einem der atemberaubendsten Reiseziele der Welt, wo G\u00e4ste in die nat\u00fcrliche Sch\u00f6nheit und Ruhe der Malediven eintauchen k\u00f6nnen. Mit seinen luxuri\u00f6sen Unterk\u00fcnften, erstklassigen kulinarischen Erlebnissen, unber\u00fchrten Str\u00e4nden und unvergleichlichem Service.<\/p>\n\n\t\t<\/div>\n\t<\/div>\n<\/div><\/div><\/div><\/div><div class=\"vc_row wpb_row vc_row-fluid\"><div class=\"wpb_column vc_column_container vc_col-sm-3\"><div class=\"vc_column-inner\"><div class=\"wpb_wrapper\">\n\t<div  class=\"wpb_single_image wpb_content_element vc_align_left wpb_content_element\">\n\t\t\n\t\t<figure class=\"wpb_wrapper vc_figure\">\n\t\t\t<a href=\"http:\/\/maldives-paradise.com\/de\/das-somerset-hotel\/\" target=\"_self\" class=\"vc_single_image-wrapper   vc_box_border_grey\"><img loading=\"lazy\" decoding=\"async\" width=\"150\" height=\"150\" src=\"https:\/\/maldives-paradise.com\/wp-content\/uploads\/2024\/02\/the-somerset-hotel-400-150x150.jpg\" class=\"vc_single_image-img attachment-thumbnail\" alt=\"Das Somerset Hotel\" title=\"das-somerset-hotel-400\" \/><\/a>\n\t\t<\/figure>\n\t<\/div>\n<\/div><\/div><\/div><div class=\"wpb_column vc_column_container vc_col-sm-9\"><div class=\"vc_column-inner\"><div class=\"wpb_wrapper\">\n\t<div class=\"wpb_text_column wpb_content_element\" >\n\t\t<div class=\"wpb_wrapper\">\n\t\t\t<h3><a href=\"http:\/\/maldives-paradise.com\/de\/das-somerset-hotel\/\">Das Somerset Hotel<\/a><\/h3>\n<p>Das Somerset Hotel l\u00e4dt Reisende ein, die Sch\u00f6nheit und Ruhe dieses bezaubernden Reiseziels zu entdecken und unvergessliche Erinnerungen zu schaffen.<\/p>\n\n\t\t<\/div>\n\t<\/div>\n<\/div><\/div><\/div><\/div><div class=\"vc_row wpb_row vc_row-fluid\"><div class=\"wpb_column vc_column_container vc_col-sm-12\"><div class=\"vc_column-inner\"><div class=\"wpb_wrapper\">\n\t<div class=\"wpb_text_column wpb_content_element\" >\n\t\t<div class=\"wpb_wrapper\">\n\t\t\t<h3>4-Sterne-Hotels und Resorts auf den Malediven\u00a0\u00a0\u00a0 <a href=\"http:\/\/maldives-paradise.com\/de\/4-sterne-hotelresorts-auf-den-malediven\/\">Seite 1<\/a>\u00a0\u00a0 <a href=\"http:\/\/maldives-paradise.com\/de\/4-sterne-hotelresorts-auf-den-malediven-2\/\">Seite 2<\/a>\u00a0\u00a0 <a href=\"http:\/\/maldives-paradise.com\/de\/4-sterne-hotelresorts-auf-den-malediven-3\/\">Seite 3<\/a><\/h3>\n\n\t\t<\/div>\n\t<\/div>\n<\/div><\/div><\/div><\/div>\n<\/div>","protected":false},"excerpt":{"rendered":"<div class=\"mh-excerpt\"><\/div>","protected":false},"author":1,"featured_media":10498,"parent":0,"menu_order":0,"comment_status":"closed","ping_status":"closed","template":"","meta":{"footnotes":""},"class_list":["post-10573","page","type-page","status-publish","has-post-thumbnail"],"aioseo_notices":[],"_links":{"self":[{"href":"https:\/\/maldives-paradise.com\/de\/wp-json\/wp\/v2\/pages\/10573","targetHints":{"allow":["GET"]}}],"collection":[{"href":"https:\/\/maldives-paradise.com\/de\/wp-json\/wp\/v2\/pages"}],"about":[{"href":"https:\/\/maldives-paradise.com\/de\/wp-json\/wp\/v2\/types\/page"}],"author":[{"embeddable":true,"href":"https:\/\/maldives-paradise.com\/de\/wp-json\/wp\/v2\/users\/1"}],"replies":[{"embeddable":true,"href":"https:\/\/maldives-paradise.com\/de\/wp-json\/wp\/v2\/comments?post=10573"}],"version-history":[{"count":6,"href":"https:\/\/maldives-paradise.com\/de\/wp-json\/wp\/v2\/pages\/10573\/revisions"}],"predecessor-version":[{"id":34287,"href":"https:\/\/maldives-paradise.com\/de\/wp-json\/wp\/v2\/pages\/10573\/revisions\/34287"}],"wp:featuredmedia":[{"embeddable":true,"href":"https:\/\/maldives-paradise.com\/de\/wp-json\/wp\/v2\/media\/10498"}],"wp:attachment":[{"href":"https:\/\/maldives-paradise.com\/de\/wp-json\/wp\/v2\/media?parent=10573"}],"curies":[{"name":"wp","href":"https:\/\/api.w.org\/{rel}","templated":true}]}}