{"id":10281,"date":"2024-02-07T15:43:14","date_gmt":"2024-02-07T15:43:14","guid":{"rendered":"http:\/\/maldives-paradise.com\/?page_id=10281"},"modified":"2025-10-10T14:50:48","modified_gmt":"2025-10-10T14:50:48","slug":"plumeria-malediven","status":"publish","type":"page","link":"https:\/\/maldives-paradise.com\/de\/plumeria-malediven\/","title":{"rendered":"Plumeria Malediven"},"content":{"rendered":"<div class=\"wpb-content-wrapper\"><div class=\"vc_row wpb_row vc_row-fluid\"><div class=\"wpb_column vc_column_container vc_col-sm-12\"><div class=\"vc_column-inner\"><div class=\"wpb_wrapper\">\n\t<div class=\"wpb_text_column wpb_content_element\" >\n\t\t<div class=\"wpb_wrapper\">\n\t\t\t<h3>Plumeria Maldives: Ihr Tor zum tropischen Luxus<\/h3>\n\n\t\t<\/div>\n\t<\/div>\n<\/div><\/div><\/div><\/div><div class=\"vc_row wpb_row vc_row-fluid\"><div class=\"wpb_column vc_column_container vc_col-sm-12\"><div class=\"vc_column-inner\"><div class=\"wpb_wrapper\">\n\t<div class=\"wpb_video_widget wpb_content_element vc_clearfix   vc_video-aspect-ratio-169 vc_video-el-width-100 vc_video-align-left\" >\n\t\t<div class=\"wpb_wrapper\">\n\t\t\t\n\t\t\t<div class=\"wpb_video_wrapper\"><iframe loading=\"lazy\" title=\"Plumeria Malediven Thinadhoo Vaavu Atoll\" width=\"500\" height=\"281\" src=\"https:\/\/www.youtube.com\/embed\/_TuZkWxHK5s?feature=oembed\" frameborder=\"0\" allow=\"accelerometer; autoplay; clipboard-write; encrypted-media; gyroscope; picture-in-picture; web-share\" allowfullscreen><\/iframe><\/div>\n\t\t<\/div>\n\t<\/div>\n<\/div><\/div><\/div><\/div><div class=\"vc_row wpb_row vc_row-fluid\"><div class=\"wpb_column vc_column_container vc_col-sm-12\"><div class=\"vc_column-inner\"><div class=\"wpb_wrapper\">\n\t<div class=\"wpb_text_column wpb_content_element\" >\n\t\t<div class=\"wpb_wrapper\">\n\t\t\t<p>Die Malediven sind f\u00fcr ihre atemberaubenden Korallenatolle, unber\u00fchrten Str\u00e4nde und das t\u00fcrkisfarbene Wasser bekannt und ein begehrtes Ziel f\u00fcr Reisende, die den ultimativen tropischen Urlaub verbringen m\u00f6chten. <strong>Plumeria Malediven<\/strong> ist ein luxuri\u00f6ses Resort, das eine unvergleichliche Mischung aus Entspannung, Abenteuer und maledivischem Charme verspricht.<\/p>\n<p><strong>Lage und Erreichbarkeit<\/strong><\/p>\n<p>Plumeria Maldives liegt strategisch g\u00fcnstig auf der atemberaubenden Insel Dhigurah im S\u00fcd-Ari-Atoll. Dieses tropische Paradies erreichen Sie mit einem 20-min\u00fctigen Inlandsflug vom internationalen Flughafen Velana zum Flughafen Maamigili, gefolgt von einer kurzen Fahrt mit dem Schnellboot zum Resort. Diese nahtlose Reise stellt sicher, dass Ihr maledivisches Abenteuer gleich nach Ihrer Ankunft beginnt.<\/p>\n<p><strong>Unterkunft<\/strong><\/p>\n<p>Das Resort bietet eine Reihe luxuri\u00f6ser Unterkunftsm\u00f6glichkeiten, die alle die perfekte Mischung aus Komfort und modernem Luxus bieten. Von Strandvillen bis zu \u00dcberwasserbungalows k\u00f6nnen die G\u00e4ste ihren idealen R\u00fcckzugsort ausw\u00e4hlen. Die \u00dcberwasserbungalows bieten direkten Zugang zur kristallklaren Lagune und lassen Sie in die faszinierende Sch\u00f6nheit des Indischen Ozeans eintauchen.<\/p>\n<p><strong>Essen<\/strong><\/p>\n<p>Plumeria Maldives verw\u00f6hnt Ihren Gaumen mit einer vielf\u00e4ltigen Auswahl an kulinarischen Erlebnissen. Das Hauptrestaurant des Resorts, Palms, bietet eine k\u00f6stliche Mischung aus internationaler und maledivischer K\u00fcche. Im Spezialit\u00e4tenrestaurant Saffron k\u00f6nnen die G\u00e4ste auch Meeresfr\u00fcchtespezialit\u00e4ten genie\u00dfen. Mit dem Schwerpunkt auf exquisiter K\u00fcche ist jede Mahlzeit im Resort ein unvergessliches Erlebnis.<\/p>\n<p><strong>Aktivit\u00e4ten und Abenteuer<\/strong><\/p>\n<p>Egal, ob Sie Abenteuerlustiger sind oder Entspannung suchen, das Resort bietet Aktivit\u00e4ten f\u00fcr jeden Geschmack. Erkunden Sie die lebendige Unterwasserwelt beim Schnorcheln und Tauchen. Probieren Sie verschiedene Wassersportarten wie Windsurfen, Kajakfahren und Paddeln aus. F\u00fcr diejenigen, die Entspannung suchen, bietet das Spa des Resorts eine Reihe von regenerierenden Behandlungen und Wellnessaktivit\u00e4ten.<\/p>\n<p><strong>Nachhaltigkeit und Naturschutz<\/strong><\/p>\n<p>Plumeria Maldives engagiert sich stark f\u00fcr nachhaltige Praktiken und den Schutz der Meere. Das Resort beteiligt sich aktiv an Initiativen zur Korallenrestaurierung, Meeresreinigungsma\u00dfnahmen und unterst\u00fctzt lokale Umweltinitiativen. G\u00e4ste werden ermutigt, an diesen Aktivit\u00e4ten teilzunehmen und so einen positiven Beitrag zum Schutz des wertvollen Meeres\u00f6kosystems der Malediven zu leisten.<\/p>\n<p><strong>Einzigartige Erlebnisse<\/strong><\/p>\n<p>Um Ihren Aufenthalt wirklich besonders zu machen, bietet das Resort einzigartige Erlebnisse wie Delfin-Kreuzfahrten, Sandbank-Picknicks und gef\u00fchrte Schnorchelausfl\u00fcge zu nahegelegenen Korallenriffen. Ob Sie atemberaubende Sonnenunterg\u00e4nge erleben, in die lokale Kultur eintauchen oder einfach im Paradies entspannen m\u00f6chten, Plumeria Maldives sorgt daf\u00fcr, dass f\u00fcr jeden etwas dabei ist.<\/p>\n<p><strong>Abschluss<\/strong><\/p>\n<p>Zusammenfassend l\u00e4sst sich sagen, dass Plumeria Maldives ein tropisches Refugium ist, das einen au\u00dfergew\u00f6hnlichen Urlaub verspricht. Seine idyllische Lage, die luxuri\u00f6sen Unterk\u00fcnfte, die vielf\u00e4ltige K\u00fcche und das Engagement f\u00fcr Nachhaltigkeit machen es zur idealen Wahl f\u00fcr Reisende, die Entspannung und Abenteuer suchen. Egal, ob Sie einen besonderen Anlass feiern oder einen erholsamen Urlaub verbringen m\u00f6chten, Plumeria Maldives bietet ein Erlebnis, das wertvolle Erinnerungen schafft. Buchen Sie Ihren Aufenthalt noch heute und begeben Sie sich auf eine unvergessliche Reise ins Paradies der Malediven.<\/p>\n\n\t\t<\/div>\n\t<\/div>\n<\/div><\/div><\/div><\/div><div class=\"vc_row wpb_row vc_row-fluid\"><div class=\"wpb_column vc_column_container vc_col-sm-12\"><div class=\"vc_column-inner\"><div class=\"wpb_wrapper\">\n\t<div class=\"wpb_text_column wpb_content_element\" >\n\t\t<div class=\"wpb_wrapper\">\n\t\t\t<h3><a title=\"Plumeria Malediven\" href=\"https:\/\/trip.tpo.lv\/NkQ8x6J8\" target=\"blanc2\" rel=\"nofollow\">Verf\u00fcgbarkeit und besten Preis im Plumeria Maldives hier pr\u00fcfen &gt;&gt;<\/a><\/h3>\n\n\t\t<\/div>\n\t<\/div>\n<\/div><\/div><\/div><\/div>\n<\/div>","protected":false},"excerpt":{"rendered":"<div class=\"mh-excerpt\"><\/div>","protected":false},"author":1,"featured_media":10282,"parent":0,"menu_order":0,"comment_status":"closed","ping_status":"closed","template":"","meta":{"footnotes":""},"class_list":["post-10281","page","type-page","status-publish","has-post-thumbnail"],"aioseo_notices":[],"_links":{"self":[{"href":"https:\/\/maldives-paradise.com\/de\/wp-json\/wp\/v2\/pages\/10281","targetHints":{"allow":["GET"]}}],"collection":[{"href":"https:\/\/maldives-paradise.com\/de\/wp-json\/wp\/v2\/pages"}],"about":[{"href":"https:\/\/maldives-paradise.com\/de\/wp-json\/wp\/v2\/types\/page"}],"author":[{"embeddable":true,"href":"https:\/\/maldives-paradise.com\/de\/wp-json\/wp\/v2\/users\/1"}],"replies":[{"embeddable":true,"href":"https:\/\/maldives-paradise.com\/de\/wp-json\/wp\/v2\/comments?post=10281"}],"version-history":[{"count":3,"href":"https:\/\/maldives-paradise.com\/de\/wp-json\/wp\/v2\/pages\/10281\/revisions"}],"predecessor-version":[{"id":43498,"href":"https:\/\/maldives-paradise.com\/de\/wp-json\/wp\/v2\/pages\/10281\/revisions\/43498"}],"wp:featuredmedia":[{"embeddable":true,"href":"https:\/\/maldives-paradise.com\/de\/wp-json\/wp\/v2\/media\/10282"}],"wp:attachment":[{"href":"https:\/\/maldives-paradise.com\/de\/wp-json\/wp\/v2\/media?parent=10281"}],"curies":[{"name":"wp","href":"https:\/\/api.w.org\/{rel}","templated":true}]}}