{"id":10263,"date":"2024-02-06T19:56:25","date_gmt":"2024-02-06T19:56:25","guid":{"rendered":"http:\/\/maldives-paradise.com\/?page_id=10263"},"modified":"2025-10-10T14:46:51","modified_gmt":"2025-10-10T14:46:51","slug":"perlensand-der-malediven","status":"publish","type":"page","link":"https:\/\/maldives-paradise.com\/de\/perlensand-der-malediven\/","title":{"rendered":"Perlensand der Malediven"},"content":{"rendered":"<div class=\"wpb-content-wrapper\"><div class=\"vc_row wpb_row vc_row-fluid\"><div class=\"wpb_column vc_column_container vc_col-sm-12\"><div class=\"vc_column-inner\"><div class=\"wpb_wrapper\">\n\t<div class=\"wpb_text_column wpb_content_element\" >\n\t\t<div class=\"wpb_wrapper\">\n\t\t\t<h3>Perlensand der Malediven: Enth\u00fcllung eines tropischen Paradieses<\/h3>\n\n\t\t<\/div>\n\t<\/div>\n<\/div><\/div><\/div><\/div><div class=\"vc_row wpb_row vc_row-fluid\"><div class=\"wpb_column vc_column_container vc_col-sm-12\"><div class=\"vc_column-inner\"><div class=\"wpb_wrapper\">\n\t<div class=\"wpb_video_widget wpb_content_element vc_clearfix   vc_video-aspect-ratio-169 vc_video-el-width-100 vc_video-align-left\" >\n\t\t<div class=\"wpb_wrapper\">\n\t\t\t\n\t\t\t<div class=\"wpb_video_wrapper\"><iframe loading=\"lazy\" title=\"PERLENSAND DER MALEDIVEN | PARADIES AUF ERDEN\" width=\"500\" height=\"281\" src=\"https:\/\/www.youtube.com\/embed\/o_gO41sZBuY?feature=oembed\" frameborder=\"0\" allow=\"accelerometer; autoplay; clipboard-write; encrypted-media; gyroscope; picture-in-picture; web-share\" allowfullscreen><\/iframe><\/div>\n\t\t<\/div>\n\t<\/div>\n<\/div><\/div><\/div><\/div><div class=\"vc_row wpb_row vc_row-fluid\"><div class=\"wpb_column vc_column_container vc_col-sm-12\"><div class=\"vc_column-inner\"><div class=\"wpb_wrapper\">\n\t<div class=\"wpb_text_column wpb_content_element\" >\n\t\t<div class=\"wpb_wrapper\">\n\t\t\t<p>Die Malediven sind mit ihren atemberaubenden Korallenatollen, unber\u00fchrten Str\u00e4nden und kristallklarem Wasser ein begehrtes Reiseziel f\u00fcr Reisende, die den ultimativen tropischen R\u00fcckzugsort suchen.<\/p>\n<p><strong>Lage und Erreichbarkeit<\/strong><\/p>\n<p>Pearl Sands of Maldives liegt perfekt auf der Insel Fodhdhoo im Baa-Atoll, das f\u00fcr seinen Status als UNESCO-Biosph\u00e4renreservat bekannt ist. Der Zugang zu diesem abgelegenen Paradies ist durch einen 45-min\u00fctigen Inlandsflug vom internationalen Flughafen Velana zum Flughafen Dharavandhoo und anschlie\u00dfende kurze Fahrt mit dem Schnellboot zum Resort m\u00f6glich. Diese nahtlose Reise bietet Reisenden vom ersten Moment an einen Einblick in die nat\u00fcrliche Sch\u00f6nheit der Malediven.<\/p>\n<p><strong>Unterkunft<\/strong><\/p>\n<p>Das Resort bietet eine Reihe luxuri\u00f6ser Unterkunftsm\u00f6glichkeiten, die jeweils die perfekte Mischung aus Komfort und modernem Luxus bieten. Von Strandvillen bis hin zu Overwater-Bungalows k\u00f6nnen G\u00e4ste ihren idealen R\u00fcckzugsort w\u00e4hlen. Insbesondere die Overwater-Bungalows bieten direkten Zugang zur t\u00fcrkisfarbenen Lagune und lassen Sie in die faszinierende Sch\u00f6nheit des Indischen Ozeans eintauchen.<\/p>\n<p><strong>Essen<\/strong><\/p>\n<p><strong>Perlensand der Malediven<\/strong> erf\u00fcllt Ihre kulinarischen W\u00fcnsche mit einer vielf\u00e4ltigen Auswahl an kulinarischen Erlebnissen. Das Hauptrestaurant des Resorts, The Sand Kitchen, bietet eine k\u00f6stliche Mischung aus internationaler und maledivischer K\u00fcche. Dar\u00fcber hinaus k\u00f6nnen G\u00e4ste im Spezialit\u00e4tenrestaurant The Pearl Grill Meeresfr\u00fcchtespezialit\u00e4ten genie\u00dfen. Da der Schwerpunkt auf der Bereitstellung exquisiter K\u00fcche liegt, ist jede Mahlzeit im Resort ein unvergessliches Erlebnis.<\/p>\n<p><strong>Aktivit\u00e4ten und Abenteuer<\/strong><\/p>\n<p>Egal, ob Sie Abenteuer oder Entspannung suchen, Pearl Sands of Maldives bietet Aktivit\u00e4ten f\u00fcr jeden Geschmack. Erkunden Sie die lebendige Unterwasserwelt bei Schnorchel- und Tauchabenteuern. Betreiben Sie verschiedene Wassersportarten wie Windsurfen, Kajakfahren und Paddleboarding. F\u00fcr diejenigen, die Entspannung suchen, bietet das Spa des Resorts eine Reihe verj\u00fcngender Behandlungen und Wellnessaktivit\u00e4ten.<\/p>\n<p><strong>Nachhaltigkeit und Naturschutz<\/strong><\/p>\n<p>Pearl Sands of Maldives widmet sich nachhaltigen Praktiken und dem Schutz der Meere. Das Resort beteiligt sich aktiv an Initiativen zur Korallenrestaurierung und Meeresreinigung und unterst\u00fctzt lokale Umweltinitiativen. G\u00e4ste werden ermutigt, an diesen Aktivit\u00e4ten teilzunehmen und so einen positiven Beitrag zum Erhalt des wertvollen Meeres\u00f6kosystems der Malediven zu leisten.<\/p>\n<p><strong>Einzigartige Erlebnisse<\/strong><\/p>\n<p>Um Ihren Aufenthalt zu etwas ganz Besonderem zu machen, bietet das Resort einzigartige Erlebnisse wie Sternbeobachtungen, kulturelle Ausfl\u00fcge zu den umliegenden Inseln und gef\u00fchrte Schnorchelausfl\u00fcge zu nahe gelegenen Korallenriffen. Egal, ob Sie in die lokale Kultur eintauchen, atemberaubende Sternenhimmel erleben oder einfach nur im Paradies entspannen m\u00f6chten, Pearl Sands of Maldives sorgt daf\u00fcr, dass f\u00fcr jeden etwas dabei ist.<\/p>\n<p><strong>Abschluss<\/strong><\/p>\n<p>Zusammenfassend l\u00e4sst sich sagen, dass Pearl Sands of Maldives ein verstecktes tropisches Juwel ist, das einen au\u00dfergew\u00f6hnlichen Urlaub verspricht. Seine abgelegene Lage, luxuri\u00f6se Unterk\u00fcnfte, vielf\u00e4ltige K\u00fcche und sein Engagement f\u00fcr Nachhaltigkeit machen es zur idealen Wahl f\u00fcr Reisende, die Entspannung und Abenteuer suchen. Egal, ob Sie einen besonderen Anlass feiern oder eine erholsame Auszeit suchen, Pearl Sands of Maldives bietet ein Erlebnis, das wertvolle Erinnerungen schafft. Buchen Sie noch heute Ihren Aufenthalt und begeben Sie sich auf eine unvergessliche Reise ins Paradies auf den Malediven.<\/p>\n\n\t\t<\/div>\n\t<\/div>\n<\/div><\/div><\/div><\/div><div class=\"vc_row wpb_row vc_row-fluid\"><div class=\"wpb_column vc_column_container vc_col-sm-12\"><div class=\"vc_column-inner\"><div class=\"wpb_wrapper\">\n\t<div class=\"wpb_text_column wpb_content_element\" >\n\t\t<div class=\"wpb_wrapper\">\n\t\t\t<h3><a title=\"Perlensand der Malediven\" href=\"https:\/\/trip.tpo.lv\/XsJ2XyY1\" target=\"blanc2\" rel=\"nofollow\">\u00dcberpr\u00fcfen Sie hier die Verf\u00fcgbarkeit und den besten Preis im Pearl Sands of Maldives &gt;&gt;<\/a><\/h3>\n\n\t\t<\/div>\n\t<\/div>\n<\/div><\/div><\/div><\/div>\n<\/div>","protected":false},"excerpt":{"rendered":"<div class=\"mh-excerpt\"><\/div>","protected":false},"author":1,"featured_media":10264,"parent":0,"menu_order":0,"comment_status":"closed","ping_status":"closed","template":"","meta":{"footnotes":""},"class_list":["post-10263","page","type-page","status-publish","has-post-thumbnail"],"aioseo_notices":[],"_links":{"self":[{"href":"https:\/\/maldives-paradise.com\/de\/wp-json\/wp\/v2\/pages\/10263","targetHints":{"allow":["GET"]}}],"collection":[{"href":"https:\/\/maldives-paradise.com\/de\/wp-json\/wp\/v2\/pages"}],"about":[{"href":"https:\/\/maldives-paradise.com\/de\/wp-json\/wp\/v2\/types\/page"}],"author":[{"embeddable":true,"href":"https:\/\/maldives-paradise.com\/de\/wp-json\/wp\/v2\/users\/1"}],"replies":[{"embeddable":true,"href":"https:\/\/maldives-paradise.com\/de\/wp-json\/wp\/v2\/comments?post=10263"}],"version-history":[{"count":3,"href":"https:\/\/maldives-paradise.com\/de\/wp-json\/wp\/v2\/pages\/10263\/revisions"}],"predecessor-version":[{"id":43497,"href":"https:\/\/maldives-paradise.com\/de\/wp-json\/wp\/v2\/pages\/10263\/revisions\/43497"}],"wp:featuredmedia":[{"embeddable":true,"href":"https:\/\/maldives-paradise.com\/de\/wp-json\/wp\/v2\/media\/10264"}],"wp:attachment":[{"href":"https:\/\/maldives-paradise.com\/de\/wp-json\/wp\/v2\/media?parent=10263"}],"curies":[{"name":"wp","href":"https:\/\/api.w.org\/{rel}","templated":true}]}}