{"id":8128,"date":"2024-01-04T07:32:35","date_gmt":"2024-01-04T07:32:35","guid":{"rendered":"http:\/\/maldives-paradise.com\/?page_id=8128"},"modified":"2025-02-22T09:12:49","modified_gmt":"2025-02-22T09:12:49","slug":"5-stjernede-hoteller-resorts-i-maldiverne-5","status":"publish","type":"page","link":"https:\/\/maldives-paradise.com\/da\/5-stjernede-hoteller-resorts-i-maldiverne-5\/","title":{"rendered":"5-stjernede hoteller og feriesteder i Maldiverne 5"},"content":{"rendered":"<div class=\"wpb-content-wrapper\"><div class=\"vc_row wpb_row vc_row-fluid\"><div class=\"wpb_column vc_column_container vc_col-sm-12\"><div class=\"vc_column-inner\"><div class=\"wpb_wrapper\">\n\t<div class=\"wpb_text_column wpb_content_element\" >\n\t\t<div class=\"wpb_wrapper\">\n\t\t\t<h3>Et udvalg af 5-stjernede hoteller og resorts p\u00e5 Maldiverne<\/h3>\n<p>Med <strong data-start=\"450\" data-end=\"522\">fantastisk havudsigt, hvide sandstrande og krystalklare laguner<\/strong>, <strong data-start=\"524\" data-end=\"558\">5-stjernede feriesteder p\u00e5 Maldiverne<\/strong> omdefiner tropisk luksus, hvilket g\u00f8r dem til den perfekte destination for <strong data-start=\"625\" data-end=\"677\">bryllupsrejser, familier og kr\u00e6sne rejsende<\/strong> p\u00e5 udkig efter en uforglemmelig ferie.<\/p>\n\n\t\t<\/div>\n\t<\/div>\n<\/div><\/div><\/div><\/div><div class=\"vc_row wpb_row vc_row-fluid\"><div class=\"wpb_column vc_column_container vc_col-sm-3\"><div class=\"vc_column-inner\"><div class=\"wpb_wrapper\">\n\t<div  class=\"wpb_single_image wpb_content_element vc_align_left wpb_content_element\">\n\t\t\n\t\t<figure class=\"wpb_wrapper vc_figure\">\n\t\t\t<a href=\"http:\/\/maldives-paradise.com\/da\/?page_id=4724\" target=\"_self\" class=\"vc_single_image-wrapper   vc_box_border_grey\"><img loading=\"lazy\" decoding=\"async\" width=\"150\" height=\"150\" src=\"https:\/\/maldives-paradise.com\/wp-content\/uploads\/2024\/01\/Milaidhoo-Island-Maldives2-150x150.jpg\" class=\"vc_single_image-img attachment-thumbnail\" alt=\"Milaidhoo Island\" title=\"Milaidhoo-\u00f8en-Maldiverne2\" \/><\/a>\n\t\t<\/figure>\n\t<\/div>\n<\/div><\/div><\/div><div class=\"wpb_column vc_column_container vc_col-sm-9\"><div class=\"vc_column-inner\"><div class=\"wpb_wrapper\">\n\t<div class=\"wpb_text_column wpb_content_element\" >\n\t\t<div class=\"wpb_wrapper\">\n\t\t\t<h4><a href=\"http:\/\/maldives-paradise.com\/da\/?page_id=4724\">Milaidhoo Island<\/a><\/h4>\n<p><strong><span style=\"color: #ff0000;\">* Bedste prisgaranti for dette feriested<\/span><br \/>\n<\/strong>Med en beliggenhed i hjertet af Baa Atoll, er Milaidhoo Island Maldives en id\u00e9elt base til at opleve Maldiverne. Det er et boutique-luksusresort i UNESCOs biosf\u00e6rereservat. Dets eget koralrev er et beskyttet omr\u00e5de og kendt som et fremragende snorkling- og dykkersted. Den smukke \u00f8, der er rig p\u00e5 tropisk gr\u00f8nt, er omkranset af hvide sandstrande og omgivet af et koralrev.<\/p>\n\n\t\t<\/div>\n\t<\/div>\n<\/div><\/div><\/div><\/div><div class=\"vc_row wpb_row vc_row-fluid\"><div class=\"wpb_column vc_column_container vc_col-sm-3\"><div class=\"vc_column-inner\"><div class=\"wpb_wrapper\">\n\t<div  class=\"wpb_single_image wpb_content_element vc_align_left wpb_content_element\">\n\t\t\n\t\t<figure class=\"wpb_wrapper vc_figure\">\n\t\t\t<a href=\"http:\/\/maldives-paradise.com\/da\/?page_id=7435\" target=\"_self\" class=\"vc_single_image-wrapper   vc_box_border_grey\"><img loading=\"lazy\" decoding=\"async\" width=\"150\" height=\"150\" src=\"https:\/\/maldives-paradise.com\/wp-content\/uploads\/2024\/01\/mirihi2-150x150.jpg\" class=\"vc_single_image-img attachment-thumbnail\" alt=\"Mirihi Island Resort\" title=\"mirihi2\" \/><\/a>\n\t\t<\/figure>\n\t<\/div>\n<\/div><\/div><\/div><div class=\"wpb_column vc_column_container vc_col-sm-9\"><div class=\"vc_column-inner\"><div class=\"wpb_wrapper\">\n\t<div class=\"wpb_text_column wpb_content_element\" >\n\t\t<div class=\"wpb_wrapper\">\n\t\t\t<h4><a href=\"http:\/\/maldives-paradise.com\/da\/?page_id=7435\">Mirihi Island Resort<\/a><\/h4>\n<p><strong>Mirihi Island Resort<\/strong> st\u00e5r som et vidnesbyrd om overd\u00e5dighed og ro, og tilbyder en enest\u00e5ende flugt til dem, der s\u00f8ger toppen af luksus. N\u00e5r du begiver dig ud p\u00e5 en rejse til dette afsondrede tilflugtssted, skal du forberede dig p\u00e5 at blive betaget af resortets topfunktioner, der omdefinerer essensen af et tropisk paradis.<\/p>\n\n\t\t<\/div>\n\t<\/div>\n<\/div><\/div><\/div><\/div><div class=\"vc_row wpb_row vc_row-fluid\"><div class=\"wpb_column vc_column_container vc_col-sm-3\"><div class=\"vc_column-inner\"><div class=\"wpb_wrapper\">\n\t<div  class=\"wpb_single_image wpb_content_element vc_align_left wpb_content_element\">\n\t\t\n\t\t<figure class=\"wpb_wrapper vc_figure\">\n\t\t\t<a href=\"http:\/\/maldives-paradise.com\/da\/?page_id=7503\" target=\"_self\" class=\"vc_single_image-wrapper   vc_box_border_grey\"><img loading=\"lazy\" decoding=\"async\" width=\"150\" height=\"150\" src=\"https:\/\/maldives-paradise.com\/wp-content\/uploads\/2024\/01\/naladu2-150x150.jpg\" class=\"vc_single_image-img attachment-thumbnail\" alt=\"Naladhu Private Island\" title=\"naladu2\" \/><\/a>\n\t\t<\/figure>\n\t<\/div>\n<\/div><\/div><\/div><div class=\"wpb_column vc_column_container vc_col-sm-9\"><div class=\"vc_column-inner\"><div class=\"wpb_wrapper\">\n\t<div class=\"wpb_text_column wpb_content_element\" >\n\t\t<div class=\"wpb_wrapper\">\n\t\t\t<h4><a href=\"http:\/\/maldives-paradise.com\/da\/?page_id=7503\">Naladhu Private Island Resort<\/a><\/h4>\n<p>Afsl\u00f8re et rige af uovertruffen luksus og ro, <strong>Naladhu Private Island<\/strong> p\u00e5 Maldiverne lokker kr\u00e6sne rejsende til at opleve en symfoni af overd\u00e5dighed og naturlig sk\u00f8nhed. Beliggende i hjertet af Det Indiske Ocean, st\u00e5r dette eksklusive tilflugtssted som et vidnesbyrd om raffineret elegance og personlig service, der s\u00e6tter en ny standard for luksus p\u00e5 Maldiverne.<\/p>\n\n\t\t<\/div>\n\t<\/div>\n<\/div><\/div><\/div><\/div><div class=\"vc_row wpb_row vc_row-fluid\"><div class=\"wpb_column vc_column_container vc_col-sm-3\"><div class=\"vc_column-inner\"><div class=\"wpb_wrapper\">\n\t<div  class=\"wpb_single_image wpb_content_element vc_align_left wpb_content_element\">\n\t\t\n\t\t<figure class=\"wpb_wrapper vc_figure\">\n\t\t\t<a href=\"http:\/\/maldives-paradise.com\/da\/?page_id=7525\" target=\"_self\" class=\"vc_single_image-wrapper   vc_box_border_grey\"><img loading=\"lazy\" decoding=\"async\" width=\"150\" height=\"150\" src=\"https:\/\/maldives-paradise.com\/wp-content\/uploads\/2024\/01\/nautilus2-150x150.jpg\" class=\"vc_single_image-img attachment-thumbnail\" alt=\"Nautilus Maldiverne\" title=\"nautilus2\" \/><\/a>\n\t\t<\/figure>\n\t<\/div>\n<\/div><\/div><\/div><div class=\"wpb_column vc_column_container vc_col-sm-9\"><div class=\"vc_column-inner\"><div class=\"wpb_wrapper\">\n\t<div class=\"wpb_text_column wpb_content_element\" >\n\t\t<div class=\"wpb_wrapper\">\n\t\t\t<h4><a href=\"http:\/\/maldives-paradise.com\/da\/?page_id=7525\">Nautilus Maldiverne<\/a><\/h4>\n<p>Stemte blandt <strong>top 3 resorts i verden<\/strong> og som det bedste feriested i Det Indiske Ocean af Cond\u00e9 Nast Traveler-l\u00e6sere i 2020!<br \/>\nNautilus Maldiverne er \u00f8ens enest\u00e5ende beliggenhed; beliggende p\u00e5 sin helt egen uspolerede \u00f8 med hvidt sand og prydet med frodig endemisk flora i UNESCO-biosf\u00e6ren p\u00e5 Baa-atollen.<\/p>\n\n\t\t<\/div>\n\t<\/div>\n<\/div><\/div><\/div><\/div><div class=\"vc_row wpb_row vc_row-fluid\"><div class=\"wpb_column vc_column_container vc_col-sm-3\"><div class=\"vc_column-inner\"><div class=\"wpb_wrapper\">\n\t<div  class=\"wpb_single_image wpb_content_element vc_align_left wpb_content_element\">\n\t\t\n\t\t<figure class=\"wpb_wrapper vc_figure\">\n\t\t\t<a href=\"http:\/\/maldives-paradise.com\/da\/?page_id=7529\" target=\"_self\" class=\"vc_single_image-wrapper   vc_box_border_grey\"><img loading=\"lazy\" decoding=\"async\" width=\"150\" height=\"150\" src=\"https:\/\/maldives-paradise.com\/wp-content\/uploads\/2024\/01\/nika-island-beach-villa-with-private-150x150.jpg\" class=\"vc_single_image-img attachment-thumbnail\" alt=\"Nika Island Resort &amp; Spa Maldiverne\" title=\"nika-\u00f8-strand-villa-med-privat\" \/><\/a>\n\t\t<\/figure>\n\t<\/div>\n<\/div><\/div><\/div><div class=\"wpb_column vc_column_container vc_col-sm-9\"><div class=\"vc_column-inner\"><div class=\"wpb_wrapper\">\n\t<div class=\"wpb_text_column wpb_content_element\" >\n\t\t<div class=\"wpb_wrapper\">\n\t\t\t<h3><a href=\"http:\/\/maldives-paradise.com\/da\/?page_id=7529\">Nika Island Resort &amp; Spa Maldiverne<\/a><\/h3>\n<p>Beliggende i hjertet af Maldiverne, <strong>Nika Island Resort &amp; Spa<\/strong> lokker kr\u00e6sne rejsende til en verden af uovertruffen luksus og naturlig sk\u00f8nhed. Dette eksklusive feriested, beliggende p\u00e5 en privat \u00f8, tilbyder en virkelig uforglemmelig oplevelse med sine f\u00f8rsteklasses faciliteter og betagende omgivelser.<\/p>\n\n\t\t<\/div>\n\t<\/div>\n<\/div><\/div><\/div><\/div><div class=\"vc_row wpb_row vc_row-fluid\"><div class=\"wpb_column vc_column_container vc_col-sm-3\"><div class=\"vc_column-inner\"><div class=\"wpb_wrapper\">\n\t<div  class=\"wpb_single_image wpb_content_element vc_align_left wpb_content_element\">\n\t\t\n\t\t<figure class=\"wpb_wrapper vc_figure\">\n\t\t\t<a href=\"http:\/\/maldives-paradise.com\/da\/?page_id=7533\" target=\"_self\" class=\"vc_single_image-wrapper   vc_box_border_grey\"><img loading=\"lazy\" decoding=\"async\" width=\"150\" height=\"150\" src=\"https:\/\/maldives-paradise.com\/wp-content\/uploads\/2024\/01\/niyama2-150x150.jpg\" class=\"vc_single_image-img attachment-thumbnail\" alt=\"Niyama Private Islands Maldiverne\" title=\"nyama2\" \/><\/a>\n\t\t<\/figure>\n\t<\/div>\n<\/div><\/div><\/div><div class=\"wpb_column vc_column_container vc_col-sm-9\"><div class=\"vc_column-inner\"><div class=\"wpb_wrapper\">\n\t<div class=\"wpb_text_column wpb_content_element\" >\n\t\t<div class=\"wpb_wrapper\">\n\t\t\t<h4><a href=\"http:\/\/maldives-paradise.com\/da\/?page_id=7533\">Niyama Private Islands Maldiverne<\/a><\/h4>\n<p>Niyama Private Islands, hvor overd\u00e5dighed m\u00f8der naturen i perfekt harmoni. Beliggende i hjertet af Det Indiske Ocean, lokker dette eksklusive resort kr\u00e6sne rejsende til at opleve en verden, hvor hvert \u00f8jeblik er en fejring af en overd\u00e5dig livsstil. Her er et glimt af de bedste funktioner, der g\u00f8r Niyama Private Islands til en sand juvel p\u00e5 Maldiverne.<\/p>\n\n\t\t<\/div>\n\t<\/div>\n<\/div><\/div><\/div><\/div><div class=\"vc_row wpb_row vc_row-fluid\"><div class=\"wpb_column vc_column_container vc_col-sm-3\"><div class=\"vc_column-inner\"><div class=\"wpb_wrapper\">\n\t<div  class=\"wpb_single_image wpb_content_element vc_align_left wpb_content_element\">\n\t\t\n\t\t<figure class=\"wpb_wrapper vc_figure\">\n\t\t\t<a href=\"http:\/\/maldives-paradise.com\/da\/?page_id=7634\" target=\"_self\" class=\"vc_single_image-wrapper   vc_box_border_grey\"><img loading=\"lazy\" decoding=\"async\" width=\"150\" height=\"150\" src=\"https:\/\/maldives-paradise.com\/wp-content\/uploads\/2024\/01\/nova-maldives2-150x150.jpg\" class=\"vc_single_image-img attachment-thumbnail\" alt=\"Nova Maldiverne\" title=\"nova-maldiverne 2\" \/><\/a>\n\t\t<\/figure>\n\t<\/div>\n<\/div><\/div><\/div><div class=\"wpb_column vc_column_container vc_col-sm-9\"><div class=\"vc_column-inner\"><div class=\"wpb_wrapper\">\n\t<div class=\"wpb_text_column wpb_content_element\" >\n\t\t<div class=\"wpb_wrapper\">\n\t\t\t<h4><a href=\"http:\/\/maldives-paradise.com\/da\/?page_id=7634\">Nova Maldiverne<\/a><\/h4>\n<p>En verden, hvor det azurbl\u00e5 vand i Det Indiske Ocean m\u00f8der det pudderhvide sand i perfekt harmoni kl <strong>Nova Maldiverne<\/strong>, indbegrebet af luksusresorts. Beliggende p\u00e5 en privat \u00f8, lover dette uds\u00f8gte tilflugtssted en enest\u00e5ende oplevelse, der overg\u00e5r almindelige ferier. Alt inklusiv.<\/p>\n\n\t\t<\/div>\n\t<\/div>\n<\/div><\/div><\/div><\/div><div class=\"vc_row wpb_row vc_row-fluid\"><div class=\"wpb_column vc_column_container vc_col-sm-3\"><div class=\"vc_column-inner\"><div class=\"wpb_wrapper\">\n\t<div  class=\"wpb_single_image wpb_content_element vc_align_left wpb_content_element\">\n\t\t\n\t\t<figure class=\"wpb_wrapper vc_figure\">\n\t\t\t<a href=\"http:\/\/maldives-paradise.com\/da\/?page_id=7537\" target=\"_self\" class=\"vc_single_image-wrapper   vc_box_border_grey\"><img loading=\"lazy\" decoding=\"async\" width=\"150\" height=\"150\" src=\"https:\/\/maldives-paradise.com\/wp-content\/uploads\/2024\/01\/oaga-art-resort2-150x150.jpg\" class=\"vc_single_image-img attachment-thumbnail\" alt=\"Oaga Art Resort\" title=\"oaga-art-resort2\" \/><\/a>\n\t\t<\/figure>\n\t<\/div>\n<\/div><\/div><\/div><div class=\"wpb_column vc_column_container vc_col-sm-9\"><div class=\"vc_column-inner\"><div class=\"wpb_wrapper\">\n\t<div class=\"wpb_text_column wpb_content_element\" >\n\t\t<div class=\"wpb_wrapper\">\n\t\t\t<h4><a href=\"http:\/\/maldives-paradise.com\/da\/?page_id=7537\">Oaga Art Resort<\/a><\/h4>\n<p>Oplev det ultimative <strong>luksus alt inklusive<\/strong> resort oplevelse kl <strong>Oaga Resorts<\/strong>. Fordyb dig i den uovertrufne sk\u00f8nhed i dette tropiske paradis, mens du nyder de f\u00f8rsteklasses faciliteter og service i verdensklasse, der g\u00f8r Oaga Art Resort til en virkelig enest\u00e5ende destination.<\/p>\n\n\t\t<\/div>\n\t<\/div>\n<\/div><\/div><\/div><\/div><div class=\"vc_row wpb_row vc_row-fluid\"><div class=\"wpb_column vc_column_container vc_col-sm-3\"><div class=\"vc_column-inner\"><div class=\"wpb_wrapper\">\n\t<div  class=\"wpb_single_image wpb_content_element vc_align_left wpb_content_element\">\n\t\t\n\t\t<figure class=\"wpb_wrapper vc_figure\">\n\t\t\t<a href=\"http:\/\/maldives-paradise.com\/da\/?page_id=7541\" target=\"_self\" class=\"vc_single_image-wrapper   vc_box_border_grey\"><img loading=\"lazy\" decoding=\"async\" width=\"150\" height=\"150\" src=\"https:\/\/maldives-paradise.com\/wp-content\/uploads\/2024\/01\/one-and-only2-150x150.jpg\" class=\"vc_single_image-img attachment-thumbnail\" alt=\"One&amp;Only Reethi Rah Maldiverne\" title=\"en-og-kun 2\" \/><\/a>\n\t\t<\/figure>\n\t<\/div>\n<\/div><\/div><\/div><div class=\"wpb_column vc_column_container vc_col-sm-9\"><div class=\"vc_column-inner\"><div class=\"wpb_wrapper\">\n\t<div class=\"wpb_text_column wpb_content_element\" >\n\t\t<div class=\"wpb_wrapper\">\n\t\t\t<h4><a href=\"http:\/\/maldives-paradise.com\/da\/?page_id=7541\">One&amp;Only Reethi Rah Maldiverne<\/a><\/h4>\n<p>Flugt til paradis med et ophold p\u00e5 det uds\u00f8gte <strong>One&amp;Only Reethi Rah Maldiverne<\/strong>, hvor luksus ingen gr\u00e6nser kender. Beliggende i hjertet af Det Indiske Ocean tilbyder dette feriested i verdensklasse en enest\u00e5ende oplevelse, der kombinerer overd\u00e5dighed, ro og betagende naturlig sk\u00f8nhed.<\/p>\n\n\t\t<\/div>\n\t<\/div>\n<\/div><\/div><\/div><\/div><div class=\"vc_row wpb_row vc_row-fluid\"><div class=\"wpb_column vc_column_container vc_col-sm-3\"><div class=\"vc_column-inner\"><div class=\"wpb_wrapper\">\n\t<div  class=\"wpb_single_image wpb_content_element vc_align_left wpb_content_element\">\n\t\t\n\t\t<figure class=\"wpb_wrapper vc_figure\">\n\t\t\t<a href=\"http:\/\/maldives-paradise.com\/da\/?page_id=7545\" target=\"_self\" class=\"vc_single_image-wrapper   vc_box_border_grey\"><img loading=\"lazy\" decoding=\"async\" width=\"150\" height=\"150\" src=\"https:\/\/maldives-paradise.com\/wp-content\/uploads\/2024\/01\/outrigger2-150x150.jpg\" class=\"vc_single_image-img attachment-thumbnail\" alt=\"Outrigger Maldiverne Maafushivaru\" title=\"st\u00f8tteben 2\" \/><\/a>\n\t\t<\/figure>\n\t<\/div>\n<\/div><\/div><\/div><div class=\"wpb_column vc_column_container vc_col-sm-9\"><div class=\"vc_column-inner\"><div class=\"wpb_wrapper\">\n\t<div class=\"wpb_text_column wpb_content_element\" >\n\t\t<div class=\"wpb_wrapper\">\n\t\t\t<h4><a href=\"http:\/\/maldives-paradise.com\/da\/?page_id=7545\">Outrigger Maldiverne Maafushivaru<\/a><\/h4>\n<p>Fork\u00e6l dig selv med indbegrebet af overd\u00e5dighed p\u00e5 <strong>Outrigger Maldiverne Maafushivaru<\/strong>, hvor hvert \u00f8jeblik er en fejring af luksus og ro. Beliggende i hjertet af Maldiverne er dette femstjernede feriested et paradis for dem, der s\u00f8ger en s\u00f8ml\u00f8s blanding af betagende naturlig sk\u00f8nhed og g\u00e6stfrihed i verdensklasse.<\/p>\n\n\t\t<\/div>\n\t<\/div>\n<\/div><\/div><\/div><\/div><div class=\"vc_row wpb_row vc_row-fluid\"><div class=\"wpb_column vc_column_container vc_col-sm-3\"><div class=\"vc_column-inner\"><div class=\"wpb_wrapper\">\n\t<div  class=\"wpb_single_image wpb_content_element vc_align_left wpb_content_element\">\n\t\t\n\t\t<figure class=\"wpb_wrapper vc_figure\">\n\t\t\t<a href=\"http:\/\/maldives-paradise.com\/da\/?page_id=7549\" target=\"_self\" class=\"vc_single_image-wrapper   vc_box_border_grey\"><img loading=\"lazy\" decoding=\"async\" width=\"150\" height=\"150\" src=\"https:\/\/maldives-paradise.com\/wp-content\/uploads\/2024\/01\/ozen-life-2-150x150.jpg\" class=\"vc_single_image-img attachment-thumbnail\" alt=\"OZEN Life Maadhoo\" title=\"Ozen-liv-2\" \/><\/a>\n\t\t<\/figure>\n\t<\/div>\n<\/div><\/div><\/div><div class=\"wpb_column vc_column_container vc_col-sm-9\"><div class=\"vc_column-inner\"><div class=\"wpb_wrapper\">\n\t<div class=\"wpb_text_column wpb_content_element\" >\n\t\t<div class=\"wpb_wrapper\">\n\t\t\t<h4><a href=\"http:\/\/maldives-paradise.com\/da\/?page_id=7549\">OZEN Life Maadhoo<\/a><\/h4>\n<p>Flygt til OZEN Life Maadhoo for en ekstraordin\u00e6r blanding af luksus, naturlig sk\u00f8nhed og uovertruffen g\u00e6stfrihed. Fork\u00e6l dig selv med en enest\u00e5ende oplevelse, hvor hver eneste detalje er omhyggeligt sammensat for at skabe minder, der holder hele livet. Book dit ophold nu, og tag p\u00e5 en rejse til paradis som ingen anden.<\/p>\n\n\t\t<\/div>\n\t<\/div>\n<\/div><\/div><\/div><\/div><div class=\"vc_row wpb_row vc_row-fluid\"><div class=\"wpb_column vc_column_container vc_col-sm-3\"><div class=\"vc_column-inner\"><div class=\"wpb_wrapper\">\n\t<div  class=\"wpb_single_image wpb_content_element vc_align_left wpb_content_element\">\n\t\t\n\t\t<figure class=\"wpb_wrapper vc_figure\">\n\t\t\t<a href=\"http:\/\/maldives-paradise.com\/da\/?page_id=7554\" target=\"_self\" class=\"vc_single_image-wrapper   vc_box_border_grey\"><img loading=\"lazy\" decoding=\"async\" width=\"150\" height=\"150\" src=\"https:\/\/maldives-paradise.com\/wp-content\/uploads\/2024\/01\/Ozen-Reserve-Bolifushi2-150x150.jpg\" class=\"vc_single_image-img attachment-thumbnail\" alt=\"Ozen Reserve Bolifushi\" title=\"Ozen-Reserve-Bolifushi2\" \/><\/a>\n\t\t<\/figure>\n\t<\/div>\n<\/div><\/div><\/div><div class=\"wpb_column vc_column_container vc_col-sm-9\"><div class=\"vc_column-inner\"><div class=\"wpb_wrapper\">\n\t<div class=\"wpb_text_column wpb_content_element\" >\n\t\t<div class=\"wpb_wrapper\">\n\t\t\t<h4><a href=\"http:\/\/maldives-paradise.com\/da\/?page_id=7554\">Ozen Reserve Bolifushi<\/a><\/h4>\n<p>I alle aspekter overg\u00e5r Ozen Reserve Bolifushi det almindelige og inviterer g\u00e6ster til at fordybe sig i en verden af uovertruffen luksus og naturlig sk\u00f8nhed. Denne maldiviske perle st\u00e5r som et vidnesbyrd om den perfekte fusion af overd\u00e5dighed, naturlig pragt og uovertruffen g\u00e6stfrihed.<\/p>\n\n\t\t<\/div>\n\t<\/div>\n<\/div><\/div><\/div><\/div><div class=\"vc_row wpb_row vc_row-fluid\"><div class=\"wpb_column vc_column_container vc_col-sm-12\"><div class=\"vc_column-inner\"><div class=\"wpb_wrapper\">\n\t<div class=\"wpb_text_column wpb_content_element\" >\n\t\t<div class=\"wpb_wrapper\">\n\t\t\t<h3>5-stjernede hoteller og feriesteder i Maldiverne\u00a0\u00a0 <a href=\"http:\/\/maldives-paradise.com\/da\/?page_id=4124\">Side 1<\/a>\u00a0\u00a0 <a href=\"http:\/\/maldives-paradise.com\/da\/?page_id=7968\">Side 2<\/a>\u00a0\u00a0 <a href=\"http:\/\/maldives-paradise.com\/da\/?page_id=7996\">Side 3<\/a> \u00a0 <a href=\"http:\/\/maldives-paradise.com\/da\/?page_id=8053\">Side 4<\/a> \u00a0 <a href=\"http:\/\/maldives-paradise.com\/da\/?page_id=8170\">Side 6<\/a>\u00a0\u00a0 <a href=\"http:\/\/maldives-paradise.com\/da\/?page_id=8384\">Side 7<\/a> \u00a0<a href=\"http:\/\/maldives-paradise.com\/da\/5-stjernede-hoteller-resorts-i-maldiverne-8\/\">Side 8<\/a>\u00a0\u00a0<a href=\"https:\/\/maldives-paradise.com\/da\/5-stjernede-hoteller-resorts-pa-maldiverne-9\/\">Side 9<\/a><\/h3>\n\n\t\t<\/div>\n\t<\/div>\n<\/div><\/div><\/div><\/div>\n<\/div>","protected":false},"excerpt":{"rendered":"<div class=\"mh-excerpt\"><\/div>","protected":false},"author":1,"featured_media":8130,"parent":0,"menu_order":0,"comment_status":"closed","ping_status":"closed","template":"","meta":{"footnotes":""},"class_list":["post-8128","page","type-page","status-publish","has-post-thumbnail"],"aioseo_notices":[],"_links":{"self":[{"href":"https:\/\/maldives-paradise.com\/da\/wp-json\/wp\/v2\/pages\/8128","targetHints":{"allow":["GET"]}}],"collection":[{"href":"https:\/\/maldives-paradise.com\/da\/wp-json\/wp\/v2\/pages"}],"about":[{"href":"https:\/\/maldives-paradise.com\/da\/wp-json\/wp\/v2\/types\/page"}],"author":[{"embeddable":true,"href":"https:\/\/maldives-paradise.com\/da\/wp-json\/wp\/v2\/users\/1"}],"replies":[{"embeddable":true,"href":"https:\/\/maldives-paradise.com\/da\/wp-json\/wp\/v2\/comments?post=8128"}],"version-history":[{"count":6,"href":"https:\/\/maldives-paradise.com\/da\/wp-json\/wp\/v2\/pages\/8128\/revisions"}],"predecessor-version":[{"id":34300,"href":"https:\/\/maldives-paradise.com\/da\/wp-json\/wp\/v2\/pages\/8128\/revisions\/34300"}],"wp:featuredmedia":[{"embeddable":true,"href":"https:\/\/maldives-paradise.com\/da\/wp-json\/wp\/v2\/media\/8130"}],"wp:attachment":[{"href":"https:\/\/maldives-paradise.com\/da\/wp-json\/wp\/v2\/media?parent=8128"}],"curies":[{"name":"wp","href":"https:\/\/api.w.org\/{rel}","templated":true}]}}