{"id":8053,"date":"2024-01-03T07:19:33","date_gmt":"2024-01-03T07:19:33","guid":{"rendered":"http:\/\/maldives-paradise.com\/?page_id=8053"},"modified":"2025-02-22T09:11:23","modified_gmt":"2025-02-22T09:11:23","slug":"5-stjernede-hoteller-resorts-i-maldiverne-4","status":"publish","type":"page","link":"https:\/\/maldives-paradise.com\/da\/5-stjernede-hoteller-resorts-i-maldiverne-4\/","title":{"rendered":"5-stjernede hoteller og feriesteder i Maldiverne 4"},"content":{"rendered":"<div class=\"wpb-content-wrapper\"><div class=\"vc_row wpb_row vc_row-fluid\"><div class=\"wpb_column vc_column_container vc_col-sm-12\"><div class=\"vc_column-inner\"><div class=\"wpb_wrapper\">\n\t<div class=\"wpb_text_column wpb_content_element\" >\n\t\t<div class=\"wpb_wrapper\">\n\t\t\t<h3>Et udvalg af 5-stjernede hoteller og resorts p\u00e5 Maldiverne<\/h3>\n<p>Med <strong data-start=\"450\" data-end=\"522\">fantastisk havudsigt, hvide sandstrande og krystalklare laguner<\/strong>, <strong data-start=\"524\" data-end=\"558\">5-stjernede feriesteder p\u00e5 Maldiverne<\/strong> omdefiner tropisk luksus, hvilket g\u00f8r dem til den perfekte destination for <strong data-start=\"625\" data-end=\"677\">bryllupsrejser, familier og kr\u00e6sne rejsende<\/strong> p\u00e5 udkig efter en uforglemmelig ferie.<\/p>\n\n\t\t<\/div>\n\t<\/div>\n<\/div><\/div><\/div><\/div><div class=\"vc_row wpb_row vc_row-fluid\"><div class=\"wpb_column vc_column_container vc_col-sm-3\"><div class=\"vc_column-inner\"><div class=\"wpb_wrapper\">\n\t<div  class=\"wpb_single_image wpb_content_element vc_align_left wpb_content_element\">\n\t\t\n\t\t<figure class=\"wpb_wrapper vc_figure\">\n\t\t\t<a href=\"http:\/\/maldives-paradise.com\/da\/?page_id=8055\" target=\"_self\" class=\"vc_single_image-wrapper   vc_box_border_grey\"><img loading=\"lazy\" decoding=\"async\" width=\"150\" height=\"150\" src=\"https:\/\/maldives-paradise.com\/wp-content\/uploads\/2024\/01\/huvafen-fushi2-1-150x150.jpg\" class=\"vc_single_image-img attachment-thumbnail\" alt=\"Huvafen Fushi\" title=\"huvafen-fushi2\" \/><\/a>\n\t\t<\/figure>\n\t<\/div>\n<\/div><\/div><\/div><div class=\"wpb_column vc_column_container vc_col-sm-9\"><div class=\"vc_column-inner\"><div class=\"wpb_wrapper\">\n\t<div class=\"wpb_text_column wpb_content_element\" >\n\t\t<div class=\"wpb_wrapper\">\n\t\t\t<h4><a href=\"http:\/\/maldives-paradise.com\/da\/?page_id=8055\">Huvafen Fushi<\/a><\/h4>\n<p><strong>Huvafen Fushi<\/strong> er et 5-stjernet luksuri\u00f8st resort beliggende i North Mal\u00e9 Atoll p\u00e5 Maldiverne. Det har overvands- og strandbungalower med private pools og 6 spisesteder.<br \/>\nHuvafen Fushi Maldives ligger i sin helt egen lagune og er et naturforskers vidunderland, hvor det fantastiske milj\u00f8, b\u00e5de over og under vandlinjen.<\/p>\n\n\t\t<\/div>\n\t<\/div>\n<\/div><\/div><\/div><\/div><div class=\"vc_row wpb_row vc_row-fluid\"><div class=\"wpb_column vc_column_container vc_col-sm-3\"><div class=\"vc_column-inner\"><div class=\"wpb_wrapper\">\n\t<div  class=\"wpb_single_image wpb_content_element vc_align_left wpb_content_element\">\n\t\t\n\t\t<figure class=\"wpb_wrapper vc_figure\">\n\t\t\t<a href=\"http:\/\/maldives-paradise.com\/da\/?page_id=7293\" target=\"_self\" class=\"vc_single_image-wrapper   vc_box_border_grey\"><img loading=\"lazy\" decoding=\"async\" width=\"150\" height=\"150\" src=\"https:\/\/maldives-paradise.com\/wp-content\/uploads\/2024\/01\/JA-Manafaru2-150x150.jpg\" class=\"vc_single_image-img attachment-thumbnail\" alt=\"JA Manafaru\" title=\"JA-Manafaru2\" \/><\/a>\n\t\t<\/figure>\n\t<\/div>\n<\/div><\/div><\/div><div class=\"wpb_column vc_column_container vc_col-sm-9\"><div class=\"vc_column-inner\"><div class=\"wpb_wrapper\">\n\t<div class=\"wpb_text_column wpb_content_element\" >\n\t\t<div class=\"wpb_wrapper\">\n\t\t\t<h4><a href=\"http:\/\/maldives-paradise.com\/da\/?page_id=7293\">JA Manafaru<\/a><\/h4>\n<p><strong>JA Manafaru<\/strong> st\u00e5r som indbegrebet af luksus og ro, og tilbyder en enest\u00e5ende flugt for kr\u00e6sne rejsende, der s\u00f8ger det ultimative inden for overd\u00e5dighed. Dette eksklusive resort omdefinerer betydningen af paradis og blander s\u00f8ml\u00f8st overd\u00e5dig indkvartering, bekvemmeligheder i verdensklasse og betagende natursk\u00f8nhed.<\/p>\n\n\t\t<\/div>\n\t<\/div>\n<\/div><\/div><\/div><\/div><div class=\"vc_row wpb_row vc_row-fluid\"><div class=\"wpb_column vc_column_container vc_col-sm-3\"><div class=\"vc_column-inner\"><div class=\"wpb_wrapper\">\n\t<div  class=\"wpb_single_image wpb_content_element vc_align_left wpb_content_element\">\n\t\t\n\t\t<figure class=\"wpb_wrapper vc_figure\">\n\t\t\t<a href=\"http:\/\/maldives-paradise.com\/da\/?page_id=7297\" target=\"_self\" class=\"vc_single_image-wrapper   vc_box_border_grey\"><img loading=\"lazy\" decoding=\"async\" width=\"150\" height=\"150\" src=\"https:\/\/maldives-paradise.com\/wp-content\/uploads\/2024\/01\/joali2-150x150.jpg\" class=\"vc_single_image-img attachment-thumbnail\" alt=\"Joali Maldiverne\" title=\"joali2\" \/><\/a>\n\t\t<\/figure>\n\t<\/div>\n<\/div><\/div><\/div><div class=\"wpb_column vc_column_container vc_col-sm-9\"><div class=\"vc_column-inner\"><div class=\"wpb_wrapper\">\n\t<div class=\"wpb_text_column wpb_content_element\" >\n\t\t<div class=\"wpb_wrapper\">\n\t\t\t<h4><a href=\"http:\/\/maldives-paradise.com\/da\/?page_id=7297\">Joali Maldiverne<\/a><\/h4>\n<p><strong>Joali Maldiverne<\/strong> er ikke kun en destination; det er en oplevelse, der problemfrit blander luksus, natur og kunst. Uanset om du s\u00f8ger et romantisk tilflugtssted, en eventyrlig flugt eller blot en oase af ro, lover Joali en uforglemmelig rejse ind i paradis. Fork\u00e6l dig selv med det ekstraordin\u00e6re p\u00e5 Joali Maldives, hvor hvert \u00f8jeblik er et mesterv\u00e6rk.<\/p>\n\n\t\t<\/div>\n\t<\/div>\n<\/div><\/div><\/div><\/div><div class=\"vc_row wpb_row vc_row-fluid\"><div class=\"wpb_column vc_column_container vc_col-sm-3\"><div class=\"vc_column-inner\"><div class=\"wpb_wrapper\">\n\t<div  class=\"wpb_single_image wpb_content_element vc_align_left wpb_content_element\">\n\t\t\n\t\t<figure class=\"wpb_wrapper vc_figure\">\n\t\t\t<a href=\"http:\/\/maldives-paradise.com\/da\/?page_id=7301\" target=\"_self\" class=\"vc_single_image-wrapper   vc_box_border_grey\"><img loading=\"lazy\" decoding=\"async\" width=\"150\" height=\"150\" src=\"https:\/\/maldives-paradise.com\/wp-content\/uploads\/2024\/01\/jumeirah-maldives-olhahali-island-1-150x150.jpg\" class=\"vc_single_image-img attachment-thumbnail\" alt=\"Jumeirah Maldiverne Olhahali Island\" title=\"jumeirah-maldiverne-olhahali-\u00f8-1\" \/><\/a>\n\t\t<\/figure>\n\t<\/div>\n<\/div><\/div><\/div><div class=\"wpb_column vc_column_container vc_col-sm-9\"><div class=\"vc_column-inner\"><div class=\"wpb_wrapper\">\n\t<div class=\"wpb_text_column wpb_content_element\" >\n\t\t<div class=\"wpb_wrapper\">\n\t\t\t<h4><a href=\"http:\/\/maldives-paradise.com\/da\/?page_id=7301\">Jumeirah Maldiverne Olhahali Island<\/a><\/h4>\n<p>Flygt til et rige af uovertruffen luksus og fork\u00e6l dig selv med en uds\u00f8gt blanding af overd\u00e5dighed og natur p\u00e5 <strong>Jumeirah Maldiverne Olhahali Island<\/strong>. Beliggende i hjertet af Det Indiske Ocean, omdefinerer dette prestigefyldte feriested afslapningskunsten og tilbyder en ekstraordin\u00e6r flugt for dem, der s\u00f8ger indbegrebet af luksus.<\/p>\n\n\t\t<\/div>\n\t<\/div>\n<\/div><\/div><\/div><\/div><div class=\"vc_row wpb_row vc_row-fluid\"><div class=\"wpb_column vc_column_container vc_col-sm-3\"><div class=\"vc_column-inner\"><div class=\"wpb_wrapper\">\n\t<div  class=\"wpb_single_image wpb_content_element vc_align_left wpb_content_element\">\n\t\t\n\t\t<figure class=\"wpb_wrapper vc_figure\">\n\t\t\t<a href=\"http:\/\/maldives-paradise.com\/da\/?page_id=7334\" target=\"_self\" class=\"vc_single_image-wrapper   vc_box_border_grey\"><img loading=\"lazy\" decoding=\"async\" width=\"150\" height=\"150\" src=\"https:\/\/maldives-paradise.com\/wp-content\/uploads\/2024\/01\/Kagi-Maldives3-150x150.jpg\" class=\"vc_single_image-img attachment-thumbnail\" alt=\"Kagi Maldives Resort &amp; Spa\" title=\"Kagi-Maldiverne 3\" \/><\/a>\n\t\t<\/figure>\n\t<\/div>\n<\/div><\/div><\/div><div class=\"wpb_column vc_column_container vc_col-sm-9\"><div class=\"vc_column-inner\"><div class=\"wpb_wrapper\">\n\t<div class=\"wpb_text_column wpb_content_element\" >\n\t\t<div class=\"wpb_wrapper\">\n\t\t\t<h4><a href=\"http:\/\/maldives-paradise.com\/da\/?page_id=7334\">Kagi Maldives Resort &amp; Spa<\/a><\/h4>\n<p><strong><span style=\"color: #ff0000;\">Bedste prisgaranti<\/span><br \/>\n<\/strong><strong>Kagi Maldives Resort &amp; Spa<\/strong>, dit tilflugtssted i hjertet af Maldiverne. Beliggende p\u00e5 den private \u00f8 Kagi i North Male Atoll, s\u00e6tter dette eksklusive resort scenen for en uforglemmelig flugt, der omdefinerer betydningen af overflod.<\/p>\n\n\t\t<\/div>\n\t<\/div>\n<\/div><\/div><\/div><\/div><div class=\"vc_row wpb_row vc_row-fluid\"><div class=\"wpb_column vc_column_container vc_col-sm-3\"><div class=\"vc_column-inner\"><div class=\"wpb_wrapper\">\n\t<div  class=\"wpb_single_image wpb_content_element vc_align_left wpb_content_element\">\n\t\t\n\t\t<figure class=\"wpb_wrapper vc_figure\">\n\t\t\t<a href=\"http:\/\/maldives-paradise.com\/da\/?page_id=7330\" target=\"_self\" class=\"vc_single_image-wrapper   vc_box_border_grey\"><img loading=\"lazy\" decoding=\"async\" width=\"150\" height=\"150\" src=\"https:\/\/maldives-paradise.com\/wp-content\/uploads\/2024\/01\/Kandolhu2-150x150.jpg\" class=\"vc_single_image-img attachment-thumbnail\" alt=\"Kandolhu \u00f8en\" title=\"Kandolhu2\" \/><\/a>\n\t\t<\/figure>\n\t<\/div>\n<\/div><\/div><\/div><div class=\"wpb_column vc_column_container vc_col-sm-9\"><div class=\"vc_column-inner\"><div class=\"wpb_wrapper\">\n\t<div class=\"wpb_text_column wpb_content_element\" >\n\t\t<div class=\"wpb_wrapper\">\n\t\t\t<h4><a href=\"http:\/\/maldives-paradise.com\/da\/?page_id=7330\">Kandolhu \u00f8en<\/a><\/h4>\n<p>Bo p\u00e5 Maldivernes uber\u00f8rte sk\u00f8nhed med et ophold p\u00e5 det eksklusive <strong>Kandolhu \u00f8en<\/strong> resort, hvor luksus m\u00f8der uovertruffen naturpragt. Dette afsondrede paradis er kendt for sin betagende sk\u00f8nhed, bekvemmeligheder i verdensklasse og enest\u00e5ende service.<\/p>\n\n\t\t<\/div>\n\t<\/div>\n<\/div><\/div><\/div><\/div><div class=\"vc_row wpb_row vc_row-fluid\"><div class=\"wpb_column vc_column_container vc_col-sm-3\"><div class=\"vc_column-inner\"><div class=\"wpb_wrapper\">\n\t<div  class=\"wpb_single_image wpb_content_element vc_align_left wpb_content_element\">\n\t\t\n\t\t<figure class=\"wpb_wrapper vc_figure\">\n\t\t\t<a href=\"http:\/\/maldives-paradise.com\/da\/?page_id=7411\" target=\"_self\" class=\"vc_single_image-wrapper   vc_box_border_grey\"><img loading=\"lazy\" decoding=\"async\" width=\"150\" height=\"150\" src=\"https:\/\/maldives-paradise.com\/wp-content\/uploads\/2024\/01\/komandoo3.-150x150.jpg\" class=\"vc_single_image-img attachment-thumbnail\" alt=\"Komandoo Island Resort &amp; Spa\" title=\"Komandoo Infinity Pool\" \/><\/a>\n\t\t<\/figure>\n\t<\/div>\n<\/div><\/div><\/div><div class=\"wpb_column vc_column_container vc_col-sm-9\"><div class=\"vc_column-inner\"><div class=\"wpb_wrapper\">\n\t<div class=\"wpb_text_column wpb_content_element\" >\n\t\t<div class=\"wpb_wrapper\">\n\t\t\t<h4><a href=\"http:\/\/maldives-paradise.com\/da\/?page_id=7411\">Komandoo Island Resort &amp; Spa \u2013 kun for voksne<\/a><\/h4>\n<p><span style=\"color: #ff0000;\"><strong>Bedste prisgaranti<\/strong><\/span><br \/>\nFlugt til en verden af overflod og ro kl <strong>Komandoo Island Resort &amp; Spa<\/strong>, et uds\u00f8gt tilflugtssted kun for voksne beliggende i hjertet af Maldiverne. Dette luksusresort, der er kendt for sin enest\u00e5ende sk\u00f8nhed og enest\u00e5ende service, lover et idyllisk tilflugtssted for dem, der s\u00f8ger indbegrebet af et tropisk paradis.<\/p>\n\n\t\t<\/div>\n\t<\/div>\n<\/div><\/div><\/div><\/div><div class=\"vc_row wpb_row vc_row-fluid\"><div class=\"wpb_column vc_column_container vc_col-sm-3\"><div class=\"vc_column-inner\"><div class=\"wpb_wrapper\">\n\t<div  class=\"wpb_single_image wpb_content_element vc_align_left wpb_content_element\">\n\t\t\n\t\t<figure class=\"wpb_wrapper vc_figure\">\n\t\t\t<a href=\"http:\/\/maldives-paradise.com\/da\/?page_id=7415\" target=\"_self\" class=\"vc_single_image-wrapper   vc_box_border_grey\"><img loading=\"lazy\" decoding=\"async\" width=\"150\" height=\"150\" src=\"https:\/\/maldives-paradise.com\/wp-content\/uploads\/2024\/01\/kuda-villingili-resort2-150x150.jpg\" class=\"vc_single_image-img attachment-thumbnail\" alt=\"Kuda Villingii Maldiverne\" title=\"kuda-villingili-resort2\" \/><\/a>\n\t\t<\/figure>\n\t<\/div>\n<\/div><\/div><\/div><div class=\"wpb_column vc_column_container vc_col-sm-9\"><div class=\"vc_column-inner\"><div class=\"wpb_wrapper\">\n\t<div class=\"wpb_text_column wpb_content_element\" >\n\t\t<div class=\"wpb_wrapper\">\n\t\t\t<h4><a href=\"http:\/\/maldives-paradise.com\/da\/?page_id=7415\">Kuda Villingii Maldiverne<\/a><\/h4>\n<p><span style=\"color: #ff0000;\"><strong>Bedste prisgaranti<\/strong><\/span><br \/>\nKuda Villingii Maldives er et luksusresort, hvor det azurbl\u00e5 vand i Det Indiske Ocean m\u00f8der det pudderhvide sand p\u00e5 en afsondret \u00f8-paradis. Dette luksusresort omdefinerer den maldiviske oplevelse og tilbyder en uds\u00f8gt blanding af uovertruffen komfort, uovertruffen naturlig sk\u00f8nhed og g\u00e6stfrihed i verdensklasse.<\/p>\n\n\t\t<\/div>\n\t<\/div>\n<\/div><\/div><\/div><\/div><div class=\"vc_row wpb_row vc_row-fluid\"><div class=\"wpb_column vc_column_container vc_col-sm-3\"><div class=\"vc_column-inner\"><div class=\"wpb_wrapper\">\n\t<div  class=\"wpb_single_image wpb_content_element vc_align_left wpb_content_element\">\n\t\t\n\t\t<figure class=\"wpb_wrapper vc_figure\">\n\t\t\t<a href=\"http:\/\/maldives-paradise.com\/da\/?page_id=7419\" target=\"_self\" class=\"vc_single_image-wrapper   vc_box_border_grey\"><img loading=\"lazy\" decoding=\"async\" width=\"150\" height=\"150\" src=\"https:\/\/maldives-paradise.com\/wp-content\/uploads\/2024\/01\/kudadoo2-150x150.jpg\" class=\"vc_single_image-img attachment-thumbnail\" alt=\"Kudadoo Maldiverne Private Island\" title=\"kudadoo2\" \/><\/a>\n\t\t<\/figure>\n\t<\/div>\n<\/div><\/div><\/div><div class=\"wpb_column vc_column_container vc_col-sm-9\"><div class=\"vc_column-inner\"><div class=\"wpb_wrapper\">\n\t<div class=\"wpb_text_column wpb_content_element\" >\n\t\t<div class=\"wpb_wrapper\">\n\t\t\t<h4><a href=\"http:\/\/maldives-paradise.com\/da\/?page_id=7419\">Kudadoo Maldiverne Private Island<\/a><\/h4>\n<p><span style=\"color: #ff0000;\"><strong>Bedste prisgaranti<\/strong><\/span><\/p>\n<p><strong>Hvad som helst, n\u00e5r som helst, hvor som helst<\/strong><\/p>\n<p>Det 5-stjernede <a href=\"https:\/\/lamp.glopss.com\/aff_c?offer_id=264&amp;aff_id=1834&amp;url=https%3A%2F%2Fwww.kudadoo.com%2F\" target=\"_blank\" rel=\"nofollow noopener\"><strong>Kudadoo Maldiverne Private Island<\/strong><\/a> er beliggende i Lhaviyani Atoll og designet til at v\u00e6re et fristed af sindsro for dem, der s\u00f8ger en <strong>alt inklusiv<\/strong> luksusoplevelse suppleret med en overflod af personligt rum.<\/p>\n\n\t\t<\/div>\n\t<\/div>\n<\/div><\/div><\/div><\/div><div class=\"vc_row wpb_row vc_row-fluid\"><div class=\"wpb_column vc_column_container vc_col-sm-3\"><div class=\"vc_column-inner\"><div class=\"wpb_wrapper\">\n\t<div  class=\"wpb_single_image wpb_content_element vc_align_left wpb_content_element\">\n\t\t\n\t\t<figure class=\"wpb_wrapper vc_figure\">\n\t\t\t<a href=\"http:\/\/maldives-paradise.com\/da\/?page_id=7423\" target=\"_self\" class=\"vc_single_image-wrapper   vc_box_border_grey\"><img loading=\"lazy\" decoding=\"async\" width=\"150\" height=\"150\" src=\"https:\/\/maldives-paradise.com\/wp-content\/uploads\/2024\/01\/Kurumba-Maldives-Hero-Image-150x150.jpg\" class=\"vc_single_image-img attachment-thumbnail\" alt=\"Kurumba Maldiverne\" title=\"Kurumba-Maldiverne-helte-billede\" \/><\/a>\n\t\t<\/figure>\n\t<\/div>\n<\/div><\/div><\/div><div class=\"wpb_column vc_column_container vc_col-sm-9\"><div class=\"vc_column-inner\"><div class=\"wpb_wrapper\">\n\t<div class=\"wpb_text_column wpb_content_element\" >\n\t\t<div class=\"wpb_wrapper\">\n\t\t\t<h4><a href=\"http:\/\/maldives-paradise.com\/da\/?page_id=7423\">Kurumba Maldiverne<\/a><\/h4>\n<p><span style=\"color: #ff0000;\"><strong>Bedste prisgaranti<\/strong><\/span><br \/>\nBeliggende i hjertet af Maldiverne, hvor turkisbl\u00e5t vand m\u00f8der pudderhvidt sand, ligger indbegrebet af luksus og sindsro - <a href=\"https:\/\/lamp.glopss.com\/aff_c?offer_id=225&amp;aff_id=1834\" target=\"_blank\" rel=\"nofollow noopener\"><strong>Kurumba Maldiverne<\/strong><\/a>. Kurumba, der er kendt som den f\u00f8rste private \u00f8-resort p\u00e5 Maldiverne, har s\u00f8ml\u00f8st blandet traditionel maldivisk charme med moderne overd\u00e5dighed for at skabe et tilflugtssted, der overg\u00e5r det s\u00e6dvanlige.<\/p>\n\n\t\t<\/div>\n\t<\/div>\n<\/div><\/div><\/div><\/div><div class=\"vc_row wpb_row vc_row-fluid\"><div class=\"wpb_column vc_column_container vc_col-sm-3\"><div class=\"vc_column-inner\"><div class=\"wpb_wrapper\">\n\t<div  class=\"wpb_single_image wpb_content_element vc_align_left wpb_content_element\">\n\t\t\n\t\t<figure class=\"wpb_wrapper vc_figure\">\n\t\t\t<a href=\"http:\/\/maldives-paradise.com\/da\/?page_id=7427\" target=\"_self\" class=\"vc_single_image-wrapper   vc_box_border_grey\"><img loading=\"lazy\" decoding=\"async\" width=\"150\" height=\"150\" src=\"https:\/\/maldives-paradise.com\/wp-content\/uploads\/2024\/01\/lily-beach2-150x150.jpg\" class=\"vc_single_image-img attachment-thumbnail\" alt=\"Lily Beach Resort &amp; Spa\" title=\"lilje-strand2\" \/><\/a>\n\t\t<\/figure>\n\t<\/div>\n<\/div><\/div><\/div><div class=\"wpb_column vc_column_container vc_col-sm-9\"><div class=\"vc_column-inner\"><div class=\"wpb_wrapper\">\n\t<div class=\"wpb_text_column wpb_content_element\" >\n\t\t<div class=\"wpb_wrapper\">\n\t\t\t<h4><a href=\"http:\/\/maldives-paradise.com\/da\/?page_id=7427\">Lily Beach Resort &amp; Spa<\/a><\/h4>\n<p>En verden af uovertruffen luksus og betagende sk\u00f8nhed<strong> Lily Beach Resort &amp; Spa<\/strong>, Maldivernes kronjuvel. Beliggende p\u00e5 en uber\u00f8rt \u00f8 i hjertet af Det Indiske Ocean, lokker dette eksklusive resort kr\u00e6sne rejsende, der s\u00f8ger et ekstraordin\u00e6rt tropisk tilflugtssted. Med sine uovertrufne funktioner og enest\u00e5ende service st\u00e5r Lily Beach Resort &amp; Spa som et vidnesbyrd om indbegrebet af luksus.<\/p>\n\n\t\t<\/div>\n\t<\/div>\n<\/div><\/div><\/div><\/div><div class=\"vc_row wpb_row vc_row-fluid\"><div class=\"wpb_column vc_column_container vc_col-sm-3\"><div class=\"vc_column-inner\"><div class=\"wpb_wrapper\">\n\t<div  class=\"wpb_single_image wpb_content_element vc_align_left wpb_content_element\">\n\t\t\n\t\t<figure class=\"wpb_wrapper vc_figure\">\n\t\t\t<a href=\"http:\/\/maldives-paradise.com\/da\/?page_id=7431\" target=\"_self\" class=\"vc_single_image-wrapper   vc_box_border_grey\"><img loading=\"lazy\" decoding=\"async\" width=\"150\" height=\"150\" src=\"https:\/\/maldives-paradise.com\/wp-content\/uploads\/2024\/01\/lux2-150x150.jpg\" class=\"vc_single_image-img attachment-thumbnail\" alt=\"LUX * Maldiverne South Ari Atoll\" title=\"lux2\" \/><\/a>\n\t\t<\/figure>\n\t<\/div>\n<\/div><\/div><\/div><div class=\"wpb_column vc_column_container vc_col-sm-9\"><div class=\"vc_column-inner\"><div class=\"wpb_wrapper\">\n\t<div class=\"wpb_text_column wpb_content_element\" >\n\t\t<div class=\"wpb_wrapper\">\n\t\t\t<h4><a href=\"http:\/\/maldives-paradise.com\/da\/?page_id=7431\">LUX * Maldiverne South Ari Atoll<\/a><\/h4>\n<p>Pr\u00f8v stor luksus og tropisk pragt p\u00e5 <strong>LUX * Maldiverne South Ari Atoll<\/strong>, hvor det krystalklare vand i Det Indiske Ocean omfavner uber\u00f8rt hvidt sand, hvilket skaber en oase af sindsro og overd\u00e5dighed. Dette eksklusive resort omdefinerer betydningen af luksus, og tilbyder en s\u00f8ml\u00f8s blanding af naturlig sk\u00f8nhed og uovertruffen g\u00e6stfrihed.<\/p>\n\n\t\t<\/div>\n\t<\/div>\n<\/div><\/div><\/div><\/div><div class=\"vc_row wpb_row vc_row-fluid\"><div class=\"wpb_column vc_column_container vc_col-sm-12\"><div class=\"vc_column-inner\"><div class=\"wpb_wrapper\">\n\t<div class=\"wpb_text_column wpb_content_element\" >\n\t\t<div class=\"wpb_wrapper\">\n\t\t\t<h3>5-stjernede hoteller og feriesteder i Maldiverne\u00a0 <a href=\"http:\/\/maldives-paradise.com\/da\/?page_id=4124\">Side 1<\/a>\u00a0\u00a0 <a href=\"http:\/\/maldives-paradise.com\/da\/?page_id=7968\">Side 2<\/a> \u00a0 <a href=\"http:\/\/maldives-paradise.com\/da\/?page_id=7996\">Side 3<\/a> \u00a0 <a href=\"http:\/\/maldives-paradise.com\/da\/?page_id=8128\">Side 5<\/a> \u00a0 <a href=\"http:\/\/maldives-paradise.com\/da\/?page_id=8170\">Side 6<\/a>\u00a0 <a href=\"http:\/\/maldives-paradise.com\/da\/?page_id=8384\">Side 7<\/a> \u00a0<a href=\"http:\/\/maldives-paradise.com\/da\/5-stjernede-hoteller-resorts-i-maldiverne-8\/\">Side 8<\/a>\u00a0\u00a0<a href=\"https:\/\/maldives-paradise.com\/da\/5-stjernede-hoteller-resorts-pa-maldiverne-9\/\">Side 9<\/a><\/h3>\n\n\t\t<\/div>\n\t<\/div>\n<\/div><\/div><\/div><\/div>\n<\/div>","protected":false},"excerpt":{"rendered":"<div class=\"mh-excerpt\"><\/div>","protected":false},"author":1,"featured_media":0,"parent":0,"menu_order":0,"comment_status":"closed","ping_status":"closed","template":"","meta":{"footnotes":""},"class_list":["post-8053","page","type-page","status-publish"],"aioseo_notices":[],"_links":{"self":[{"href":"https:\/\/maldives-paradise.com\/da\/wp-json\/wp\/v2\/pages\/8053","targetHints":{"allow":["GET"]}}],"collection":[{"href":"https:\/\/maldives-paradise.com\/da\/wp-json\/wp\/v2\/pages"}],"about":[{"href":"https:\/\/maldives-paradise.com\/da\/wp-json\/wp\/v2\/types\/page"}],"author":[{"embeddable":true,"href":"https:\/\/maldives-paradise.com\/da\/wp-json\/wp\/v2\/users\/1"}],"replies":[{"embeddable":true,"href":"https:\/\/maldives-paradise.com\/da\/wp-json\/wp\/v2\/comments?post=8053"}],"version-history":[{"count":6,"href":"https:\/\/maldives-paradise.com\/da\/wp-json\/wp\/v2\/pages\/8053\/revisions"}],"predecessor-version":[{"id":34299,"href":"https:\/\/maldives-paradise.com\/da\/wp-json\/wp\/v2\/pages\/8053\/revisions\/34299"}],"wp:attachment":[{"href":"https:\/\/maldives-paradise.com\/da\/wp-json\/wp\/v2\/media?parent=8053"}],"curies":[{"name":"wp","href":"https:\/\/api.w.org\/{rel}","templated":true}]}}