{"id":7838,"date":"2023-12-31T07:27:13","date_gmt":"2023-12-31T07:27:13","guid":{"rendered":"http:\/\/maldives-paradise.com\/?page_id=7838"},"modified":"2025-10-02T07:12:53","modified_gmt":"2025-10-02T07:12:53","slug":"angsana-resort-og-spa-ihuru","status":"publish","type":"page","link":"https:\/\/maldives-paradise.com\/da\/angsana-resort-og-spa-ihuru\/","title":{"rendered":"Angsana Resort and Spa Ihuru"},"content":{"rendered":"<div class=\"wpb-content-wrapper\"><div class=\"vc_row wpb_row vc_row-fluid\"><div class=\"wpb_column vc_column_container vc_col-sm-12\"><div class=\"vc_column-inner\"><div class=\"wpb_wrapper\">\n\t<div class=\"wpb_text_column wpb_content_element\" >\n\t\t<div class=\"wpb_wrapper\">\n\t\t\t<h3>Opdag de bedste funktioner ved Angsana Resort and Spa Ihuru p\u00e5 Maldiverne<\/h3>\n\n\t\t<\/div>\n\t<\/div>\n<\/div><\/div><\/div><\/div><div class=\"vc_row wpb_row vc_row-fluid\"><div class=\"wpb_column vc_column_container vc_col-sm-12\"><div class=\"vc_column-inner\"><div class=\"wpb_wrapper\">\n\t<div class=\"wpb_video_widget wpb_content_element vc_clearfix   vc_video-aspect-ratio-169 vc_video-el-width-100 vc_video-align-left\" >\n\t\t<div class=\"wpb_wrapper\">\n\t\t\t\n\t\t\t<div class=\"wpb_video_wrapper\"><iframe loading=\"lazy\" title=\"Angsana Ihuru\" width=\"500\" height=\"281\" src=\"https:\/\/www.youtube.com\/embed\/tYdRKx2V0po?feature=oembed\" frameborder=\"0\" allow=\"accelerometer; autoplay; clipboard-write; encrypted-media; gyroscope; picture-in-picture; web-share\" allowfullscreen><\/iframe><\/div>\n\t\t<\/div>\n\t<\/div>\n<\/div><\/div><\/div><\/div><div class=\"vc_row wpb_row vc_row-fluid\"><div class=\"wpb_column vc_column_container vc_col-sm-12\"><div class=\"vc_column-inner\"><div class=\"wpb_wrapper\">\n\t<div class=\"wpb_text_column wpb_content_element\" >\n\t\t<div class=\"wpb_wrapper\">\n\t\t\t<p>Flygt til et rige af uovertruffen luksus og tropisk lyksalighed kl <strong>Angsana Resort and Spa Ihuru<\/strong>, hvor hvert \u00f8jeblik er et mesterv\u00e6rk af overd\u00e5dighed og naturlig pragt. Denne eksklusive maldiviske helligdom lokker kr\u00e6sne rejsende med sine ekstraordin\u00e6re funktioner, der lover en overb\u00e6rende flugt som ingen anden.<\/p>\n<p><strong>Overvandsbungalower:<\/strong><br \/>\nAngsana Resort and Spa Ihuru kan prale af en samling af uds\u00f8gte bungalows over vandet, s\u00e5 g\u00e6sterne kan v\u00e5gne op til en betagende udsigt over Det Indiske Ocean. Disse private villaer er udstyret med gulve med glasbund, der giver et fascinerende indblik i det pulserende havliv, der trives under overfladen.<\/p>\n<p><strong>Private strandvillaer:<\/strong><br \/>\nFor dem, der s\u00f8ger en mere funderet oplevelse, tilbyder resortet private villaer ved stranden omgivet af frodig vegetation. G\u00e6sterne kan nyde direkte adgang til stranden, hvilket skaber intime og idylliske rammer for afslapning.<\/p>\n<p><strong>Snorkelparadis:<\/strong><br \/>\nHusrevet omkring Ihuru er et paradis for snorkelentusiaster. Resortet tilbyder gratis snorkeludstyr, s\u00e5 g\u00e6sterne kan udforske de pulserende koralhaver og st\u00f8de p\u00e5 en r\u00e6kke farverige havliv kun f\u00e5 skridt fra deres boliger.<\/p>\n<p><strong>Prisvindende spa:<\/strong><br \/>\nAngsana Spa er et fristed for foryngelse, hvor g\u00e6sterne kan nyde en r\u00e6kke terapeutiske behandlinger inspireret af asiatiske traditioner. Omgivet af havets beroligende lyde giver spaen en holistisk wellness-oplevelse, der harmoniserer sind, krop og \u00e5nd.<\/p>\n<p><strong>Gourmet middag:<\/strong><br \/>\nKulinariske l\u00e6kkerier venter p\u00e5 resortets restauranter, hvor verdensklasse kokke sammens\u00e6tter en varieret menu inspireret af lokale smagsoplevelser og internationale retter. G\u00e6sterne kan nyde udend\u00f8rs spisning med t\u00e6erne i sandet eller nyde en romantisk middag under den stjernebelyste maldiviske himmel.<\/p>\n<p><strong>Dykkerudflugter:<\/strong><br \/>\nEventyrs\u00f8gende kan begive sig ud p\u00e5 dykkerekspeditioner for at udforske Maldivernes fascinerende undervandsverden. Resortets PADI-certificerede dykkercenter tilbyder en r\u00e6kke kurser og udflugter, der passer til b\u00e5de begyndere og erfarne dykkere.<\/p>\n<p><strong>Milj\u00f8bevarelse:<\/strong><br \/>\nAngsana Resort and Spa Ihuru er forpligtet til b\u00e6redygtig og milj\u00f8venlig praksis. Resortet deltager aktivt i koralbevaringsprogrammer, og g\u00e6sterne kan deltage i uddannelsesaktiviteter for at l\u00e6re om Maldivernes delikate \u00f8kosystem.<\/p>\n<p><strong>Personlige oplevelser:<\/strong><br \/>\nUanset om det er en romantisk middag p\u00e5 stranden, et privat krydstogt i solnedgangen eller en skr\u00e6ddersyet spa-pakke, g\u00e5r resortets opm\u00e6rksomme personale ud over at im\u00f8dekomme g\u00e6sternes individuelle pr\u00e6ferencer, hvilket sikrer et virkelig personligt og uforglemmeligt ophold.<\/p>\n<p>Som konklusion st\u00e5r Angsana Resort and Spa Ihuru som et vidnesbyrd om luksus p\u00e5 Maldiverne, der tilbyder en harmonisk blanding af naturlig sk\u00f8nhed, eksklusiv indkvartering og enest\u00e5ende oplevelser. Det er en destination, hvor hvert \u00f8jeblik er en mulighed for at skabe elskede minder i en af verdens mest fortryllende omgivelser.<\/p>\n\n\t\t<\/div>\n\t<\/div>\n<\/div><\/div><\/div><\/div><div class=\"vc_row wpb_row vc_row-fluid\"><div class=\"wpb_column vc_column_container vc_col-sm-12\"><div class=\"vc_column-inner\"><div class=\"wpb_wrapper\">\n\t<div class=\"wpb_text_column wpb_content_element\" >\n\t\t<div class=\"wpb_wrapper\">\n\t\t\t<p><strong><a title=\"Dhawa Ihuru\" href=\"https:\/\/trip.tpo.lv\/59Cvcbmi\" target=\"blanc2\" rel=\"nofollow\">Check availability and book with best price at Dhawa Ihuru here &gt;&gt;<\/a><\/strong><\/p>\n\n\t\t<\/div>\n\t<\/div>\n<\/div><\/div><\/div><\/div><div class=\"vc_row wpb_row vc_row-fluid\"><div class=\"wpb_column vc_column_container vc_col-sm-12\"><div class=\"vc_column-inner\"><div class=\"wpb_wrapper\">\n<div class=\"vc_grid-container-wrapper vc_clearfix vc_grid-animation-fadeIn\">\n\t<div class=\"vc_grid-container vc_clearfix wpb_content_element vc_basic_grid\" data-initial-loading-animation=\"fadeIn\" data-vc-grid-settings=\"{&quot;page_id&quot;:7838,&quot;style&quot;:&quot;all&quot;,&quot;action&quot;:&quot;vc_get_vc_grid_data&quot;,&quot;shortcode_id&quot;:&quot;1759389046717-a0954494-cde1-4&quot;,&quot;tag&quot;:&quot;vc_basic_grid&quot;}\" data-vc-request=\"https:\/\/maldives-paradise.com\/wp-admin\/admin-ajax.php\" data-vc-post-id=\"7838\" data-vc-public-nonce=\"e06fd7fe14\">\n\t\t\n\t<\/div>\n<\/div><\/div><\/div><\/div><\/div>\n<\/div>","protected":false},"excerpt":{"rendered":"<div class=\"mh-excerpt\"><\/div>","protected":false},"author":1,"featured_media":7839,"parent":0,"menu_order":0,"comment_status":"closed","ping_status":"closed","template":"","meta":{"footnotes":""},"class_list":["post-7838","page","type-page","status-publish","has-post-thumbnail"],"aioseo_notices":[],"_links":{"self":[{"href":"https:\/\/maldives-paradise.com\/da\/wp-json\/wp\/v2\/pages\/7838","targetHints":{"allow":["GET"]}}],"collection":[{"href":"https:\/\/maldives-paradise.com\/da\/wp-json\/wp\/v2\/pages"}],"about":[{"href":"https:\/\/maldives-paradise.com\/da\/wp-json\/wp\/v2\/types\/page"}],"author":[{"embeddable":true,"href":"https:\/\/maldives-paradise.com\/da\/wp-json\/wp\/v2\/users\/1"}],"replies":[{"embeddable":true,"href":"https:\/\/maldives-paradise.com\/da\/wp-json\/wp\/v2\/comments?post=7838"}],"version-history":[{"count":3,"href":"https:\/\/maldives-paradise.com\/da\/wp-json\/wp\/v2\/pages\/7838\/revisions"}],"predecessor-version":[{"id":42534,"href":"https:\/\/maldives-paradise.com\/da\/wp-json\/wp\/v2\/pages\/7838\/revisions\/42534"}],"wp:featuredmedia":[{"embeddable":true,"href":"https:\/\/maldives-paradise.com\/da\/wp-json\/wp\/v2\/media\/7839"}],"wp:attachment":[{"href":"https:\/\/maldives-paradise.com\/da\/wp-json\/wp\/v2\/media?parent=7838"}],"curies":[{"name":"wp","href":"https:\/\/api.w.org\/{rel}","templated":true}]}}