{"id":4124,"date":"2023-11-29T19:40:28","date_gmt":"2023-11-29T19:40:28","guid":{"rendered":"http:\/\/maldives-paradise.com\/?page_id=4124"},"modified":"2025-02-22T08:35:53","modified_gmt":"2025-02-22T08:35:53","slug":"5-stjernede-hoteller-resorts-i-maldiverne","status":"publish","type":"page","link":"https:\/\/maldives-paradise.com\/da\/5-stjernede-hoteller-resorts-i-maldiverne\/","title":{"rendered":"5-stjernede hoteller og feriesteder i Maldiverne"},"content":{"rendered":"<div class=\"wpb-content-wrapper\"><div class=\"vc_row wpb_row vc_row-fluid\"><div class=\"wpb_column vc_column_container vc_col-sm-12\"><div class=\"vc_column-inner\"><div class=\"wpb_wrapper\">\n\t<div class=\"wpb_text_column wpb_content_element\" >\n\t\t<div class=\"wpb_wrapper\">\n\t\t\t<h3>Et udvalg af 5-stjernede hoteller og resorts p\u00e5 Maldiverne<\/h3>\n<p>Maldiverne er kendt for sine <strong data-start=\"82\" data-end=\"121\">luksuri\u00f8se 5-stjernede hoteller og resorts<\/strong>, tilbyder enest\u00e5ende <strong data-start=\"145\" data-end=\"191\">elegance, privatliv og service i verdensklasse<\/strong>. Disse eksklusive retreats har <strong data-start=\"226\" data-end=\"316\">overvandsvillaer, infinity-pools, fine restauranter og private butlertjenester<\/strong>. G\u00e6sterne kan nyde <strong data-start=\"335\" data-end=\"354\">VIP oplevelser<\/strong> som f.eks <strong data-start=\"363\" data-end=\"443\">personlige spa-behandlinger, <\/strong>spisning under vandet<strong data-start=\"363\" data-end=\"443\">, og private yachtudflugter<\/strong>. Med <strong data-start=\"450\" data-end=\"522\">fantastisk havudsigt, <\/strong>hvide sandstrande og krystalklare laguner, <strong data-start=\"524\" data-end=\"558\">5-stjernede feriesteder p\u00e5 Maldiverne<\/strong> omdefiner tropisk luksus, hvilket g\u00f8r dem til den perfekte destination for <strong data-start=\"625\" data-end=\"677\">bryllupsrejser, familier og kr\u00e6sne rejsende<\/strong> p\u00e5 udkig efter en uforglemmelig ferie.<\/p>\n\n\t\t<\/div>\n\t<\/div>\n<\/div><\/div><\/div><\/div><div class=\"vc_row wpb_row vc_row-fluid\"><div class=\"wpb_column vc_column_container vc_col-sm-3\"><div class=\"vc_column-inner\"><div class=\"wpb_wrapper\">\n\t<div  class=\"wpb_single_image wpb_content_element vc_align_left wpb_content_element\">\n\t\t\n\t\t<figure class=\"wpb_wrapper vc_figure\">\n\t\t\t<a href=\"http:\/\/maldives-paradise.com\/da\/?page_id=6597\" target=\"_self\" class=\"vc_single_image-wrapper vc_box_rounded  vc_box_border_grey\"><img loading=\"lazy\" decoding=\"async\" width=\"300\" height=\"224\" src=\"https:\/\/maldives-paradise.com\/wp-content\/uploads\/2023\/12\/Alila-Kothaifaru-Maldives-300x224.jpg\" class=\"vc_single_image-img attachment-medium\" alt=\"Alila Kothaifaru Maldiverne\" title=\"Alila-Kothaifaru-Maldiverne\" srcset=\"https:\/\/maldives-paradise.com\/wp-content\/uploads\/2023\/12\/Alila-Kothaifaru-Maldives-300x224.jpg 300w, https:\/\/maldives-paradise.com\/wp-content\/uploads\/2023\/12\/Alila-Kothaifaru-Maldives-768x574.jpg 768w, https:\/\/maldives-paradise.com\/wp-content\/uploads\/2023\/12\/Alila-Kothaifaru-Maldives-678x509.jpg 678w, https:\/\/maldives-paradise.com\/wp-content\/uploads\/2023\/12\/Alila-Kothaifaru-Maldives-326x245.jpg 326w, https:\/\/maldives-paradise.com\/wp-content\/uploads\/2023\/12\/Alila-Kothaifaru-Maldives-80x60.jpg 80w, https:\/\/maldives-paradise.com\/wp-content\/uploads\/2023\/12\/Alila-Kothaifaru-Maldives-500x374.jpg 500w, https:\/\/maldives-paradise.com\/wp-content\/uploads\/2023\/12\/Alila-Kothaifaru-Maldives-800x598.jpg 800w, https:\/\/maldives-paradise.com\/wp-content\/uploads\/2023\/12\/Alila-Kothaifaru-Maldives.jpg 880w\" sizes=\"auto, (max-width: 300px) 100vw, 300px\" \/><\/a>\n\t\t<\/figure>\n\t<\/div>\n<\/div><\/div><\/div><div class=\"wpb_column vc_column_container vc_col-sm-9\"><div class=\"vc_column-inner\"><div class=\"wpb_wrapper\">\n\t<div class=\"wpb_text_column wpb_content_element\" >\n\t\t<div class=\"wpb_wrapper\">\n\t\t\t<h4><a href=\"http:\/\/maldives-paradise.com\/da\/?page_id=6597\">Alila Kothaifaru Maldiverne<\/a><\/h4>\n<p>Alila Kothaifaru st\u00e5r som et fyrt\u00e5rn af luksus og ro midt i det krystalklare vand i Det Indiske Ocean. Dette eksklusive feriested, som er en del af den ber\u00f8mte Alila Hotels and Resorts-k\u00e6de, tilbyder en betagende flugt til paradis, der kombinerer moderne elegance med den naturlige sk\u00f8nhed i den maldiviske \u00f8gruppe.<\/p>\n\n\t\t<\/div>\n\t<\/div>\n<\/div><\/div><\/div><\/div><div class=\"vc_row wpb_row vc_row-fluid\"><div class=\"wpb_column vc_column_container vc_col-sm-3\"><div class=\"vc_column-inner\"><div class=\"wpb_wrapper\">\n\t<div  class=\"wpb_single_image wpb_content_element vc_align_left wpb_content_element\">\n\t\t\n\t\t<figure class=\"wpb_wrapper vc_figure\">\n\t\t\t<a href=\"http:\/\/maldives-paradise.com\/da\/?page_id=6604\" target=\"_self\" class=\"vc_single_image-wrapper vc_box_rounded  vc_box_border_grey\"><img loading=\"lazy\" decoding=\"async\" width=\"150\" height=\"150\" src=\"https:\/\/maldives-paradise.com\/wp-content\/uploads\/2023\/12\/anantara-dhigu-150x150.jpg\" class=\"vc_single_image-img attachment-thumbnail\" alt=\"Anantara Resort Dhigu Maldiverne\" title=\"anantara-dhigu\" \/><\/a>\n\t\t<\/figure>\n\t<\/div>\n<\/div><\/div><\/div><div class=\"wpb_column vc_column_container vc_col-sm-9\"><div class=\"vc_column-inner\"><div class=\"wpb_wrapper\">\n\t<div class=\"wpb_text_column wpb_content_element\" >\n\t\t<div class=\"wpb_wrapper\">\n\t\t\t<h4><a href=\"http:\/\/maldives-paradise.com\/da\/?page_id=6604\">Anantara Resort Dhigu Maldiverne<\/a><\/h4>\n<p><span style=\"color: #ff0000;\"><strong>* Bedste prisgaranti med hotellet<\/strong><\/span><br \/>\nAnantara Resort Maldives tilbyder 68 villaer ved stranden, alle beliggende p\u00e5 en privat strand, med unikke udend\u00f8rs badev\u00e6relser og regnbruser. De 2 poolvillaer ved stranden er mere rummelige og har deres egen private dybpool beliggende i en tropisk have. Anantaras 38 suiter over vandet, beliggende over Det Indiske Ocean, har private solterrasser og udend\u00f8rs infinity-badekar med udsigt.<\/p>\n\n\t\t<\/div>\n\t<\/div>\n<\/div><\/div><\/div><\/div><div class=\"vc_row wpb_row vc_row-fluid\"><div class=\"wpb_column vc_column_container vc_col-sm-3\"><div class=\"vc_column-inner\"><div class=\"wpb_wrapper\">\n\t<div  class=\"wpb_single_image wpb_content_element vc_align_left wpb_content_element\">\n\t\t\n\t\t<figure class=\"wpb_wrapper vc_figure\">\n\t\t\t<a href=\"http:\/\/maldives-paradise.com\/da\/?page_id=6607\" target=\"_self\" class=\"vc_single_image-wrapper vc_box_rounded  vc_box_border_grey\"><img loading=\"lazy\" decoding=\"async\" width=\"150\" height=\"150\" src=\"https:\/\/maldives-paradise.com\/wp-content\/uploads\/2023\/12\/anantara-kihavah-150x150.jpg\" class=\"vc_single_image-img attachment-thumbnail\" alt=\"Anantara Kihavah Villas Maldiverne\" title=\"anantara-kihavah\" srcset=\"https:\/\/maldives-paradise.com\/wp-content\/uploads\/2023\/12\/anantara-kihavah-150x150.jpg 150w, https:\/\/maldives-paradise.com\/wp-content\/uploads\/2023\/12\/anantara-kihavah-800x800.jpg 800w\" sizes=\"auto, (max-width: 150px) 100vw, 150px\" \/><\/a>\n\t\t<\/figure>\n\t<\/div>\n<\/div><\/div><\/div><div class=\"wpb_column vc_column_container vc_col-sm-9\"><div class=\"vc_column-inner\"><div class=\"wpb_wrapper\">\n\t<div class=\"wpb_text_column wpb_content_element\" >\n\t\t<div class=\"wpb_wrapper\">\n\t\t\t<h4><a href=\"http:\/\/maldives-paradise.com\/da\/?page_id=6607\">Anantara Kihavah Villas Maldiverne<\/a><\/h4>\n<p><span style=\"color: #ff0000;\"><strong>* Bedste prisgaranti med hotellet<\/strong><\/span><br \/>\n80 strand- og overvandspoolvillaer og -boliger. Anantara Kihavah Villas ligger p\u00e5 den smukke Kihavah Huravalhi-\u00f8 i Baa-atollen og byder p\u00e5 luksuri\u00f8se villaer med private infinity-pools. Det er omgivet af koralrev og den bl\u00e5 lagune og har gratis WiFi og en spa over vandet.<\/p>\n\n\t\t<\/div>\n\t<\/div>\n<\/div><\/div><\/div><\/div><div class=\"vc_row wpb_row vc_row-fluid\"><div class=\"wpb_column vc_column_container vc_col-sm-3\"><div class=\"vc_column-inner\"><div class=\"wpb_wrapper\">\n\t<div  class=\"wpb_single_image wpb_content_element vc_align_left wpb_content_element\">\n\t\t\n\t\t<figure class=\"wpb_wrapper vc_figure\">\n\t\t\t<a href=\"http:\/\/maldives-paradise.com\/da\/?page_id=6610\" target=\"_self\" class=\"vc_single_image-wrapper vc_box_rounded  vc_box_border_grey\"><img loading=\"lazy\" decoding=\"async\" width=\"150\" height=\"150\" src=\"https:\/\/maldives-paradise.com\/wp-content\/uploads\/2023\/12\/anantara-veli-93-1080x480-1-150x150.jpg\" class=\"vc_single_image-img attachment-thumbnail\" alt=\"Anantara Veli Resort and Spa Maldiverne\" title=\"anantara-veli-93-1080x480\" \/><\/a>\n\t\t<\/figure>\n\t<\/div>\n<\/div><\/div><\/div><div class=\"wpb_column vc_column_container vc_col-sm-9\"><div class=\"vc_column-inner\"><div class=\"wpb_wrapper\">\n\t<div class=\"wpb_text_column wpb_content_element\" >\n\t\t<div class=\"wpb_wrapper\">\n\t\t\t<h4><a href=\"http:\/\/maldives-paradise.com\/da\/?page_id=6610\">Anantara Veli Resort and Spa<\/a><\/h4>\n<p><span style=\"color: #ff0000;\"><strong>* Bedste prisgaranti med hotellet<\/strong><\/span><br \/>\nDet <strong>Anantara Veli Resort and Spa Maldiverne<\/strong> st\u00e5r som et fyrt\u00e5rn af luksus og ro og tilbyder en enest\u00e5ende flugt for dem, der s\u00f8ger et uforglemmeligt tropisk tilflugtssted. Med sine uber\u00f8rte strande, krystalklare vand og bekvemmeligheder i verdensklasse er dette feriested et paradis for rejsende, der \u00f8nsker at opleve indbegrebet af maldivisk g\u00e6stfrihed. Her er nogle af de bedste funktioner, der g\u00f8r Anantara Veli til en dr\u00f8mmedestination.<\/p>\n\n\t\t<\/div>\n\t<\/div>\n<\/div><\/div><\/div><\/div><div class=\"vc_row wpb_row vc_row-fluid\"><div class=\"wpb_column vc_column_container vc_col-sm-3\"><div class=\"vc_column-inner\"><div class=\"wpb_wrapper\">\n\t<div  class=\"wpb_single_image wpb_content_element vc_align_left wpb_content_element\">\n\t\t\n\t\t<figure class=\"wpb_wrapper vc_figure\">\n\t\t\t<a href=\"http:\/\/maldives-paradise.com\/da\/?page_id=6613\" target=\"_self\" class=\"vc_single_image-wrapper vc_box_rounded  vc_box_border_grey\"><img loading=\"lazy\" decoding=\"async\" width=\"150\" height=\"150\" src=\"https:\/\/maldives-paradise.com\/wp-content\/uploads\/2023\/12\/angsana-velavaru-1-150x150.jpeg\" class=\"vc_single_image-img attachment-thumbnail\" alt=\"Angsana Velavaru resort p\u00e5 Maldiverne\" title=\"angsana-velavaru\" \/><\/a>\n\t\t<\/figure>\n\t<\/div>\n<\/div><\/div><\/div><div class=\"wpb_column vc_column_container vc_col-sm-9\"><div class=\"vc_column-inner\"><div class=\"wpb_wrapper\">\n\t<div class=\"wpb_text_column wpb_content_element\" >\n\t\t<div class=\"wpb_wrapper\">\n\t\t\t<h4><a href=\"http:\/\/maldives-paradise.com\/da\/?page_id=6613\">Angsana Velavaru<\/a><\/h4>\n<p>Flugt til et oase af overflod og ro kl <strong>Angsana Velavaru<\/strong>, en perle beliggende i hjertet af Maldiverne. Dette betagende feriested tilbyder en uovertruffen blanding af luksus, naturlig sk\u00f8nhed og g\u00e6stfrihed i verdensklasse. Oplev de bedste funktioner, der g\u00f8r Angsana Velavaru til indbegrebet af et dr\u00f8mmende tropisk tilflugtssted.<\/p>\n\n\t\t<\/div>\n\t<\/div>\n<\/div><\/div><\/div><\/div><div class=\"vc_row wpb_row vc_row-fluid\"><div class=\"wpb_column vc_column_container vc_col-sm-3\"><div class=\"vc_column-inner\"><div class=\"wpb_wrapper\">\n\t<div  class=\"wpb_single_image wpb_content_element vc_align_left wpb_content_element\">\n\t\t\n\t\t<figure class=\"wpb_wrapper vc_figure\">\n\t\t\t<a href=\"http:\/\/maldives-paradise.com\/da\/?page_id=7838\" target=\"_self\" class=\"vc_single_image-wrapper vc_box_rounded  vc_box_border_grey\"><img loading=\"lazy\" decoding=\"async\" width=\"150\" height=\"150\" src=\"https:\/\/maldives-paradise.com\/wp-content\/uploads\/2023\/12\/angsana-ihuru-2-150x150.jpg\" class=\"vc_single_image-img attachment-thumbnail\" alt=\"Angsana Resort and Spa Ihuru\" title=\"angsana-ihuru\" \/><\/a>\n\t\t<\/figure>\n\t<\/div>\n<\/div><\/div><\/div><div class=\"wpb_column vc_column_container vc_col-sm-9\"><div class=\"vc_column-inner\"><div class=\"wpb_wrapper\">\n\t<div class=\"wpb_text_column wpb_content_element\" >\n\t\t<div class=\"wpb_wrapper\">\n\t\t\t<h4><a href=\"http:\/\/maldives-paradise.com\/da\/?page_id=7838\">Angsana Resort and Spa Ihuru<\/a><\/h4>\n<p>Flygt til et rige af uovertruffen luksus og tropisk lyksalighed p\u00e5 det 5-stjernede <strong>Angsana Resort and Spa Ihuru<\/strong>, hvor hvert \u00f8jeblik er et mesterv\u00e6rk af overd\u00e5dighed og naturlig pragt. Denne eksklusive maldiviske helligdom lokker kr\u00e6sne rejsende med sine ekstraordin\u00e6re funktioner, der lover en overb\u00e6rende flugt som ingen anden.<\/p>\n\n\t\t<\/div>\n\t<\/div>\n<\/div><\/div><\/div><\/div><div class=\"vc_row wpb_row vc_row-fluid\"><div class=\"wpb_column vc_column_container vc_col-sm-3\"><div class=\"vc_column-inner\"><div class=\"wpb_wrapper\">\n\t<div  class=\"wpb_single_image wpb_content_element vc_align_left wpb_content_element\">\n\t\t\n\t\t<figure class=\"wpb_wrapper vc_figure\">\n\t\t\t<a href=\"http:\/\/maldives-paradise.com\/da\/?page_id=6641\" target=\"_self\" class=\"vc_single_image-wrapper vc_box_rounded  vc_box_border_grey\"><img loading=\"lazy\" decoding=\"async\" width=\"150\" height=\"150\" src=\"https:\/\/maldives-paradise.com\/wp-content\/uploads\/2023\/12\/atmosphere-kanifushi2-150x150.jpg\" class=\"vc_single_image-img attachment-thumbnail\" alt=\"Atmosf\u00e6re Kanifushi Maldiverne\" title=\"atmosf\u00e6re-kanifushi2\" \/><\/a>\n\t\t<\/figure>\n\t<\/div>\n<\/div><\/div><\/div><div class=\"wpb_column vc_column_container vc_col-sm-9\"><div class=\"vc_column-inner\"><div class=\"wpb_wrapper\">\n\t<div class=\"wpb_text_column wpb_content_element\" >\n\t\t<div class=\"wpb_wrapper\">\n\t\t\t<h4><a href=\"http:\/\/maldives-paradise.com\/da\/?page_id=6641\">Atmosf\u00e6re Kanifushi<\/a><\/h4>\n<p>Atmosf\u00e6re Kanifushi st\u00e5r som indbegrebet af luksus og tilbyder en uovertruffen oplevelse p\u00e5 en af verdens mest betagende destinationer. Dette eksklusive resort er et paradis for dem, der s\u00f8ger den ultimative blanding af overd\u00e5dighed, ro og naturlig sk\u00f8nhed. Lad os dykke ned i de bedste funktioner, der g\u00f8r Atmosphere Kanifushi til et uovertruffent valg for en uforglemmelig tropisk ferie.<\/p>\n\n\t\t<\/div>\n\t<\/div>\n<\/div><\/div><\/div><\/div><div class=\"vc_row wpb_row vc_row-fluid\"><div class=\"wpb_column vc_column_container vc_col-sm-3\"><div class=\"vc_column-inner\"><div class=\"wpb_wrapper\">\n\t<div  class=\"wpb_single_image wpb_content_element vc_align_left wpb_content_element\">\n\t\t\n\t\t<figure class=\"wpb_wrapper vc_figure\">\n\t\t\t<a href=\"http:\/\/maldives-paradise.com\/da\/?page_id=6648\" target=\"_self\" class=\"vc_single_image-wrapper vc_box_rounded  vc_box_border_grey\"><img loading=\"lazy\" decoding=\"async\" width=\"150\" height=\"150\" src=\"https:\/\/maldives-paradise.com\/wp-content\/uploads\/2023\/12\/ayada-maldives-1-150x150.jpg\" class=\"vc_single_image-img attachment-thumbnail\" alt=\"Ayada Maldiverne\" title=\"ayada-maldiverne\" srcset=\"https:\/\/maldives-paradise.com\/wp-content\/uploads\/2023\/12\/ayada-maldives-1-150x150.jpg 150w, https:\/\/maldives-paradise.com\/wp-content\/uploads\/2023\/12\/ayada-maldives-1-800x800.jpg 800w\" sizes=\"auto, (max-width: 150px) 100vw, 150px\" \/><\/a>\n\t\t<\/figure>\n\t<\/div>\n<\/div><\/div><\/div><div class=\"wpb_column vc_column_container vc_col-sm-9\"><div class=\"vc_column-inner\"><div class=\"wpb_wrapper\">\n\t<div class=\"wpb_text_column wpb_content_element\" >\n\t\t<div class=\"wpb_wrapper\">\n\t\t\t<h4><a href=\"http:\/\/maldives-paradise.com\/da\/?page_id=6648\">Ayada Maldiverne<\/a><\/h4>\n<p>Flygt til en verden af overflod og ro p\u00e5 Ayada Maldives, et luksusresort, der omdefinerer betydningen af et tropisk paradis. Beliggende i hjertet af Maldiverne, lokker Ayada kr\u00e6sne rejsende med sin betagende sk\u00f8nhed, up\u00e5klagelige service og et utal af overb\u00e6rende oplevelser. Her er et glimt af de bedste funktioner, der g\u00f8r Ayada Maldives til en uovertruffen oase af luksus.<\/p>\n\n\t\t<\/div>\n\t<\/div>\n<\/div><\/div><\/div><\/div><div class=\"vc_row wpb_row vc_row-fluid\"><div class=\"wpb_column vc_column_container vc_col-sm-3\"><div class=\"vc_column-inner\"><div class=\"wpb_wrapper\">\n\t<div  class=\"wpb_single_image wpb_content_element vc_align_left wpb_content_element\">\n\t\t\n\t\t<figure class=\"wpb_wrapper vc_figure\">\n\t\t\t<a href=\"http:\/\/maldives-paradise.com\/da\/?page_id=6651\" target=\"_self\" class=\"vc_single_image-wrapper vc_box_rounded  vc_box_border_grey\"><img loading=\"lazy\" decoding=\"async\" width=\"150\" height=\"150\" src=\"https:\/\/maldives-paradise.com\/wp-content\/uploads\/2023\/12\/baglioni-maldives-1-150x150.jpg\" class=\"vc_single_image-img attachment-thumbnail\" alt=\"Baglioni Resort Maldiverne\" title=\"baglioni-maldiverne\" \/><\/a>\n\t\t<\/figure>\n\t<\/div>\n<\/div><\/div><\/div><div class=\"wpb_column vc_column_container vc_col-sm-9\"><div class=\"vc_column-inner\"><div class=\"wpb_wrapper\">\n\t<div class=\"wpb_text_column wpb_content_element\" >\n\t\t<div class=\"wpb_wrapper\">\n\t\t\t<h4><a href=\"http:\/\/maldives-paradise.com\/da\/?page_id=6651\">Baglioni Resort Maldiverne<\/a><\/h4>\n<p>En verden af overflod og ro p\u00e5 det betagende Baglioni Resort Maldives, hvor luksus ingen gr\u00e6nser kender. Beliggende p\u00e5 Maldivernes uber\u00f8rte kyster omdefinerer dette eksklusive feriested g\u00e6stfrihedens kunst og tilbyder en uforglemmelig oplevelse, der kombinerer uovertruffen luksus med uovertruffen naturlig sk\u00f8nhed.<\/p>\n\n\t\t<\/div>\n\t<\/div>\n<\/div><\/div><\/div><\/div><div class=\"vc_row wpb_row vc_row-fluid\"><div class=\"wpb_column vc_column_container vc_col-sm-3\"><div class=\"vc_column-inner\"><div class=\"wpb_wrapper\">\n\t<div  class=\"wpb_single_image wpb_content_element vc_align_left wpb_content_element\">\n\t\t\n\t\t<figure class=\"wpb_wrapper vc_figure\">\n\t\t\t<a href=\"http:\/\/maldives-paradise.com\/da\/?page_id=6747\" target=\"_self\" class=\"vc_single_image-wrapper   vc_box_border_grey\"><img loading=\"lazy\" decoding=\"async\" width=\"150\" height=\"150\" src=\"https:\/\/maldives-paradise.com\/wp-content\/uploads\/2024\/01\/banyan-tree-150x150.jpg\" class=\"vc_single_image-img attachment-thumbnail\" alt=\"Banyan Tree Vabbinfaru\" title=\"banyan-tr\u00e6\" \/><\/a>\n\t\t<\/figure>\n\t<\/div>\n<\/div><\/div><\/div><div class=\"wpb_column vc_column_container vc_col-sm-9\"><div class=\"vc_column-inner\"><div class=\"wpb_wrapper\">\n\t<div class=\"wpb_text_column wpb_content_element\" >\n\t\t<div class=\"wpb_wrapper\">\n\t\t\t<h3><a href=\"http:\/\/maldives-paradise.com\/da\/?page_id=6747\">Banyan Tree Vabbinfaru<\/a><\/h3>\n<p>Banyan Tree Vabbinfaru p\u00e5 Maldiverne st\u00e5r som en oase af ro og tilbyder en uovertruffen oplevelse af luksus og naturlig sk\u00f8nhed. Dette eksklusive resort er et paradis for dem, der s\u00f8ger en ekstraordin\u00e6r flugt fra det almindelige, hvor hvert \u00f8jeblik er en fejring af overd\u00e5dighed og sindsro.<\/p>\n\n\t\t<\/div>\n\t<\/div>\n<\/div><\/div><\/div><\/div><div class=\"vc_row wpb_row vc_row-fluid\"><div class=\"wpb_column vc_column_container vc_col-sm-3\"><div class=\"vc_column-inner\"><div class=\"wpb_wrapper\">\n\t<div  class=\"wpb_single_image wpb_content_element vc_align_left wpb_content_element\">\n\t\t\n\t\t<figure class=\"wpb_wrapper vc_figure\">\n\t\t\t<a href=\"http:\/\/maldives-paradise.com\/da\/?page_id=6751\" target=\"_self\" class=\"vc_single_image-wrapper   vc_box_border_grey\"><img loading=\"lazy\" decoding=\"async\" width=\"150\" height=\"150\" src=\"https:\/\/maldives-paradise.com\/wp-content\/uploads\/2024\/01\/baros-maldives2-150x150.jpg\" class=\"vc_single_image-img attachment-thumbnail\" alt=\"Baros Maldiverne\" title=\"baros-maldiverne 2\" srcset=\"https:\/\/maldives-paradise.com\/wp-content\/uploads\/2024\/01\/baros-maldives2-150x150.jpg 150w, https:\/\/maldives-paradise.com\/wp-content\/uploads\/2024\/01\/baros-maldives2-800x800.jpg 800w\" sizes=\"auto, (max-width: 150px) 100vw, 150px\" \/><\/a>\n\t\t<\/figure>\n\t<\/div>\n<\/div><\/div><\/div><div class=\"wpb_column vc_column_container vc_col-sm-9\"><div class=\"vc_column-inner\"><div class=\"wpb_wrapper\">\n\t<div class=\"wpb_text_column wpb_content_element\" >\n\t\t<div class=\"wpb_wrapper\">\n\t\t\t<h4><a href=\"http:\/\/maldives-paradise.com\/da\/?page_id=6751\">Baros Maldiverne<\/a><\/h4>\n<p><span style=\"color: #ff0000;\"><strong>* Bedste prisgaranti med hotellet<\/strong><\/span><\/p>\n<p><strong>Baros Maldiverne<\/strong> er en lille \u00f8 t\u00e6t p\u00e5 Male beliggende i en turkis lagune.<br \/>\nDette er et af de bedste feriesteder p\u00e5 Maldiverne, gemt v\u00e6k i en naturlig jungle, blade, der rasler over hovedet, lyden af havet og b\u00f8lgespr\u00f8jt. Uanset om du bliver over vandet eller p\u00e5 vores jungled\u00e6kkede kystlinje, er du omgivet af vores gr\u00f8nne og bl\u00e5 farver, med alle Baros inden for r\u00e6kkevidde.<\/p>\n\n\t\t<\/div>\n\t<\/div>\n<\/div><\/div><\/div><\/div><div class=\"vc_row wpb_row vc_row-fluid\"><div class=\"wpb_column vc_column_container vc_col-sm-3\"><div class=\"vc_column-inner\"><div class=\"wpb_wrapper\">\n\t<div  class=\"wpb_single_image wpb_content_element vc_align_left wpb_content_element\">\n\t\t\n\t\t<figure class=\"wpb_wrapper vc_figure\">\n\t\t\t<a href=\"http:\/\/maldives-paradise.com\/da\/?page_id=6756\" target=\"_self\" class=\"vc_single_image-wrapper   vc_box_border_grey\"><img loading=\"lazy\" decoding=\"async\" width=\"150\" height=\"150\" src=\"https:\/\/maldives-paradise.com\/wp-content\/uploads\/2024\/01\/centara-Maldives2-150x150.jpg\" class=\"vc_single_image-img attachment-thumbnail\" alt=\"Centara Grand Island Resort &amp; Spa Maldiverne\" title=\"centara-Maldiverne2\" \/><\/a>\n\t\t<\/figure>\n\t<\/div>\n<\/div><\/div><\/div><div class=\"wpb_column vc_column_container vc_col-sm-9\"><div class=\"vc_column-inner\"><div class=\"wpb_wrapper\">\n\t<div class=\"wpb_text_column wpb_content_element\" >\n\t\t<div class=\"wpb_wrapper\">\n\t\t\t<h4><a href=\"http:\/\/maldives-paradise.com\/da\/?page_id=6756\">Centara Grand Island Resort &amp; Spa Maldiverne<\/a><\/h4>\n<p>Flygt til en verden af overflod og ro med den uovertrufne sk\u00f8nhed <strong>Centara Grand Island Resort &amp; Spa Maldiverne<\/strong>. Beliggende i hjertet af Det Indiske Ocean tilbyder dette luksuri\u00f8se tilflugtssted en enest\u00e5ende flugt for dem, der s\u00f8ger indbegrebet af nydelse. Med sit uds\u00f8gte design, bekvemmeligheder i verdensklasse og enest\u00e5ende service er Centara Grand dit pas til et paradis uden for fantasi.<\/p>\n\n\t\t<\/div>\n\t<\/div>\n<\/div><\/div><\/div><\/div><div class=\"vc_row wpb_row vc_row-fluid\"><div class=\"wpb_column vc_column_container vc_col-sm-12\"><div class=\"vc_column-inner\"><div class=\"wpb_wrapper\">\n\t<div class=\"wpb_text_column wpb_content_element\" >\n\t\t<div class=\"wpb_wrapper\">\n\t\t\t<h3>5-stjernede hoteller og feriesteder i Maldiverne\u00a0 <a href=\"http:\/\/maldives-paradise.com\/da\/?page_id=7968\">Side 2<\/a> \u00a0 <a href=\"http:\/\/maldives-paradise.com\/da\/?page_id=7996\">Side 3<\/a>\u00a0 <a href=\"http:\/\/maldives-paradise.com\/da\/?page_id=8053\">Side 4<\/a>\u00a0 <a href=\"http:\/\/maldives-paradise.com\/da\/?page_id=8128\">Side 5<\/a> \u00a0 <a href=\"http:\/\/maldives-paradise.com\/da\/?page_id=8170\">Side 6<\/a>\u00a0\u00a0 <a href=\"http:\/\/maldives-paradise.com\/da\/?page_id=8384\">Side 7<\/a> \u00a0<a href=\"http:\/\/maldives-paradise.com\/da\/5-stjernede-hoteller-resorts-i-maldiverne-8\/\">Side 8<\/a> <a href=\"https:\/\/maldives-paradise.com\/da\/5-stjernede-hoteller-resorts-pa-maldiverne-9\/\">Side 9<\/a><\/h3>\n\n\t\t<\/div>\n\t<\/div>\n<\/div><\/div><\/div><\/div>\n<\/div>","protected":false},"excerpt":{"rendered":"<div class=\"mh-excerpt\"><\/div>","protected":false},"author":1,"featured_media":7635,"parent":0,"menu_order":0,"comment_status":"closed","ping_status":"closed","template":"","meta":{"footnotes":""},"class_list":["post-4124","page","type-page","status-publish","has-post-thumbnail"],"aioseo_notices":[],"_links":{"self":[{"href":"https:\/\/maldives-paradise.com\/da\/wp-json\/wp\/v2\/pages\/4124","targetHints":{"allow":["GET"]}}],"collection":[{"href":"https:\/\/maldives-paradise.com\/da\/wp-json\/wp\/v2\/pages"}],"about":[{"href":"https:\/\/maldives-paradise.com\/da\/wp-json\/wp\/v2\/types\/page"}],"author":[{"embeddable":true,"href":"https:\/\/maldives-paradise.com\/da\/wp-json\/wp\/v2\/users\/1"}],"replies":[{"embeddable":true,"href":"https:\/\/maldives-paradise.com\/da\/wp-json\/wp\/v2\/comments?post=4124"}],"version-history":[{"count":6,"href":"https:\/\/maldives-paradise.com\/da\/wp-json\/wp\/v2\/pages\/4124\/revisions"}],"predecessor-version":[{"id":34296,"href":"https:\/\/maldives-paradise.com\/da\/wp-json\/wp\/v2\/pages\/4124\/revisions\/34296"}],"wp:featuredmedia":[{"embeddable":true,"href":"https:\/\/maldives-paradise.com\/da\/wp-json\/wp\/v2\/media\/7635"}],"wp:attachment":[{"href":"https:\/\/maldives-paradise.com\/da\/wp-json\/wp\/v2\/media?parent=4124"}],"curies":[{"name":"wp","href":"https:\/\/api.w.org\/{rel}","templated":true}]}}