{"id":24555,"date":"2024-09-12T18:04:35","date_gmt":"2024-09-12T18:04:35","guid":{"rendered":"https:\/\/maldives-paradise.com\/?page_id=24555"},"modified":"2025-02-22T09:17:56","modified_gmt":"2025-02-22T09:17:56","slug":"5-stjernede-hoteller-resorts-pa-maldiverne-9","status":"publish","type":"page","link":"https:\/\/maldives-paradise.com\/da\/5-stjernede-hoteller-resorts-pa-maldiverne-9\/","title":{"rendered":"5-stjernede hoteller og feriesteder i Maldiverne 9"},"content":{"rendered":"<div class=\"wpb-content-wrapper\"><div class=\"vc_row wpb_row vc_row-fluid\"><div class=\"wpb_column vc_column_container vc_col-sm-12\"><div class=\"vc_column-inner\"><div class=\"wpb_wrapper\">\n\t<div class=\"wpb_text_column wpb_content_element\" >\n\t\t<div class=\"wpb_wrapper\">\n\t\t\t<h3>Et udvalg af 5-stjernede hoteller og resorts p\u00e5 Maldiverne<\/h3>\n<p>Maldiverne er kendt for sine <strong data-start=\"82\" data-end=\"121\">luksuri\u00f8se 5-stjernede hoteller og resorts<\/strong>, tilbyder enest\u00e5ende <strong data-start=\"145\" data-end=\"191\">elegance, privatliv og service i verdensklasse<\/strong>. Disse eksklusive retreats har <strong data-start=\"226\" data-end=\"316\">overvandsvillaer, infinity-pools, fine restauranter og private butlertjenester<\/strong>. G\u00e6sterne kan nyde <strong data-start=\"335\" data-end=\"354\">VIP oplevelser<\/strong> som f.eks <strong data-start=\"363\" data-end=\"443\">personlige spabehandlinger, undervandsmiddage og private yachtudflugter<\/strong>.<\/p>\n\n\t\t<\/div>\n\t<\/div>\n<\/div><\/div><\/div><\/div><div class=\"vc_row wpb_row vc_row-fluid\"><div class=\"wpb_column vc_column_container vc_col-sm-3\"><div class=\"vc_column-inner\"><div class=\"wpb_wrapper\">\n\t<div  class=\"wpb_single_image wpb_content_element vc_align_left wpb_content_element\">\n\t\t\n\t\t<figure class=\"wpb_wrapper vc_figure\">\n\t\t\t<a href=\"https:\/\/maldives-paradise.com\/da\/grand-park-kodhipparu-maldiverne\/\" target=\"_self\" class=\"vc_single_image-wrapper   vc_box_border_grey\"><img loading=\"lazy\" decoding=\"async\" width=\"150\" height=\"150\" src=\"https:\/\/maldives-paradise.com\/wp-content\/uploads\/2024\/09\/grand-park-kodhipparu-150x150.jpg\" class=\"vc_single_image-img attachment-thumbnail\" alt=\"Grand Park Kodhipparu Maldiverne\" title=\"grand-park-kodhipparu\" \/><\/a>\n\t\t<\/figure>\n\t<\/div>\n<\/div><\/div><\/div><div class=\"wpb_column vc_column_container vc_col-sm-9\"><div class=\"vc_column-inner\"><div class=\"wpb_wrapper\">\n\t<div class=\"wpb_text_column wpb_content_element\" >\n\t\t<div class=\"wpb_wrapper\">\n\t\t\t<h4><a href=\"https:\/\/maldives-paradise.com\/da\/grand-park-kodhipparu-maldiverne\/\">Grand Park Kodhipparu<\/a><\/h4>\n<p>Grand Park Kodhipparu Maldives Resort ligger i den natursk\u00f8nne North Mal\u00e9 Atoll, blot 20 minutters speedb\u00e5dstur fra Velana Internationale Lufthavn, og tilbyder en uovertruffen luksusoplevelse i hjertet af Det Indiske Ocean. Omgivet af uber\u00f8rt turkisbl\u00e5t vand, pudderhvide sandstrande og livlige koralrev er dette prisvindende resort en perfekt blanding af afslapning, eventyr og overd\u00e5dig livsstil.<\/p>\n\n\t\t<\/div>\n\t<\/div>\n<\/div><\/div><\/div><\/div><div class=\"vc_row wpb_row vc_row-fluid\"><div class=\"wpb_column vc_column_container vc_col-sm-3\"><div class=\"vc_column-inner\"><div class=\"wpb_wrapper\">\n\t<div  class=\"wpb_single_image wpb_content_element vc_align_left wpb_content_element\">\n\t\t\n\t\t<figure class=\"wpb_wrapper vc_figure\">\n\t\t\t<a href=\"https:\/\/maldives-paradise.com\/da\/raaya-efter-atmosfaere\/\" target=\"_self\" class=\"vc_single_image-wrapper   vc_box_border_grey\"><img loading=\"lazy\" decoding=\"async\" width=\"150\" height=\"150\" src=\"https:\/\/maldives-paradise.com\/wp-content\/uploads\/2024\/09\/RAAYA-by-Atmosphere-150x150.jpg\" class=\"vc_single_image-img attachment-thumbnail\" alt=\"RAAYA fra Atmosphere\" title=\"RAAYA-by-Atmosphere\" \/><\/a>\n\t\t<\/figure>\n\t<\/div>\n<\/div><\/div><\/div><div class=\"wpb_column vc_column_container vc_col-sm-9\"><div class=\"vc_column-inner\"><div class=\"wpb_wrapper\">\n\t<div class=\"wpb_text_column wpb_content_element\" >\n\t\t<div class=\"wpb_wrapper\">\n\t\t\t<h4><a href=\"https:\/\/maldives-paradise.com\/da\/raaya-efter-atmosfaere\/\">RAAYA fra Atmosphere<\/a><\/h4>\n<p>RAAYA by Atmosphere, et eksklusivt luksusresort beliggende i hjertet af Maldiverne, tilbyder en ekstraordin\u00e6r blanding af ro, overd\u00e5dighed og unikke oplevelser, der henvender sig til selv de mest kr\u00e6sne rejsende. Denne destination i verdensklasse skiller sig ud med sin up\u00e5klagelige service, fantastiske naturlige omgivelser og topmoderne faciliteter.<\/p>\n\n\t\t<\/div>\n\t<\/div>\n<\/div><\/div><\/div><\/div><div class=\"vc_row wpb_row vc_row-fluid\"><div class=\"wpb_column vc_column_container vc_col-sm-3\"><div class=\"vc_column-inner\"><div class=\"wpb_wrapper\">\n\t<div  class=\"wpb_single_image wpb_content_element vc_align_left wpb_content_element\">\n\t\t\n\t\t<figure class=\"wpb_wrapper vc_figure\">\n\t\t\t<a href=\"https:\/\/maldives-paradise.com\/da\/varu-efter-atmosfaere\/\" target=\"_self\" class=\"vc_single_image-wrapper   vc_box_border_grey\"><img loading=\"lazy\" decoding=\"async\" width=\"150\" height=\"150\" src=\"https:\/\/maldives-paradise.com\/wp-content\/uploads\/2024\/04\/varu-by-atmophere2-150x150.jpg\" class=\"vc_single_image-img attachment-thumbnail\" alt=\"Varu af Atmosphere\" title=\"varu-by-atmophere2\" \/><\/a>\n\t\t<\/figure>\n\t<\/div>\n<\/div><\/div><\/div><div class=\"wpb_column vc_column_container vc_col-sm-9\"><div class=\"vc_column-inner\"><div class=\"wpb_wrapper\">\n\t<div class=\"wpb_text_column wpb_content_element\" >\n\t\t<div class=\"wpb_wrapper\">\n\t\t\t<h4><a href=\"https:\/\/maldives-paradise.com\/da\/varu-efter-atmosfaere\/\">Varu af Atmosphere<\/a><\/h4>\n<p>VARU by Atmosphere ligger i den idylliske North Mal\u00e9 Atoll og er et luksuri\u00f8st resort p\u00e5 Maldiverne, der blander naturlig sk\u00f8nhed med moderne elegance. VARU er kendt for sine uber\u00f8rte strande, krystalklare vand og pulserende havliv og tilbyder en virkelig fork\u00e6lende tropisk ferie. Uanset om du s\u00f8ger romantik, familiesjov eller rolig afslapning, henvender resortets unikke faciliteter sig til enhver type rejsende, hvilket g\u00f8r det til en af de bedste luksusdestinationer p\u00e5 Maldiverne.<\/p>\n\n\t\t<\/div>\n\t<\/div>\n<\/div><\/div><\/div><\/div><div class=\"vc_row wpb_row vc_row-fluid\"><div class=\"wpb_column vc_column_container vc_col-sm-3\"><div class=\"vc_column-inner\"><div class=\"wpb_wrapper\">\n\t<div  class=\"wpb_single_image wpb_content_element vc_align_left wpb_content_element\">\n\t\t\n\t\t<figure class=\"wpb_wrapper vc_figure\">\n\t\t\t<a href=\"https:\/\/maldives-paradise.com\/da\/oblu-vaelg-sangeli\/\" target=\"_self\" class=\"vc_single_image-wrapper   vc_box_border_grey\"><img loading=\"lazy\" decoding=\"async\" width=\"150\" height=\"150\" src=\"https:\/\/maldives-paradise.com\/wp-content\/uploads\/2024\/07\/oblu-select-sangeli-150x150.jpg\" class=\"vc_single_image-img attachment-thumbnail\" alt=\"OBLU SELECT Sangeli\" title=\"oblu-select-sangeli\" \/><\/a>\n\t\t<\/figure>\n\t<\/div>\n<\/div><\/div><\/div><div class=\"wpb_column vc_column_container vc_col-sm-9\"><div class=\"vc_column-inner\"><div class=\"wpb_wrapper\">\n\t<div class=\"wpb_text_column wpb_content_element\" >\n\t\t<div class=\"wpb_wrapper\">\n\t\t\t<h4><a href=\"https:\/\/maldives-paradise.com\/da\/oblu-vaelg-sangeli\/\">OBLU SELECT Sangeli<\/a><\/h4>\n<p>OBLU SELECT Sangeli by Atmosphere ligger i den natursk\u00f8nne nordvestlige spids af Mal\u00e9 Atoll og er et f\u00f8rsteklasses all-inclusive resort, der tilbyder en unik blanding af luksus, komfort og tropisk nydelse. OBLU SELECT Sangeli er kendt for sine uber\u00f8rte strande, krystalklare vand og pulserende havliv og er en popul\u00e6r destination for b\u00e5de bryllupsrejsende, familier og eventyrlystne. Her er de vigtigste funktioner, der g\u00f8r dette resort til et i\u00f8jnefaldende sted p\u00e5 Maldiverne.<\/p>\n\n\t\t<\/div>\n\t<\/div>\n<\/div><\/div><\/div><\/div><div class=\"vc_row wpb_row vc_row-fluid\"><div class=\"wpb_column vc_column_container vc_col-sm-3\"><div class=\"vc_column-inner\"><div class=\"wpb_wrapper\">\n\t<div  class=\"wpb_single_image wpb_content_element vc_align_left wpb_content_element\">\n\t\t\n\t\t<figure class=\"wpb_wrapper vc_figure\">\n\t\t\t<a href=\"https:\/\/maldives-paradise.com\/da\/oblu-vaelg-lobigili\/\" target=\"_self\" class=\"vc_single_image-wrapper   vc_box_border_grey\"><img loading=\"lazy\" decoding=\"async\" width=\"150\" height=\"150\" src=\"https:\/\/maldives-paradise.com\/wp-content\/uploads\/2024\/05\/oblu-select-lobigili-1-150x150.jpg\" class=\"vc_single_image-img attachment-thumbnail\" alt=\"OBLU SELECT Lobigili\" title=\"oblu-select-lobigili-1\" \/><\/a>\n\t\t<\/figure>\n\t<\/div>\n<\/div><\/div><\/div><div class=\"wpb_column vc_column_container vc_col-sm-9\"><div class=\"vc_column-inner\"><div class=\"wpb_wrapper\">\n\t<div class=\"wpb_text_column wpb_content_element\" >\n\t\t<div class=\"wpb_wrapper\">\n\t\t\t<h4><a href=\"https:\/\/maldives-paradise.com\/da\/oblu-vaelg-lobigili\/\">OBLU SELECT Lobigili<\/a><\/h4>\n<p>OBLU SELECT Lobigili ligger i Maldivernes fantastiske turkisbl\u00e5 vand og er et luksuri\u00f8st all-inclusive resort, der tilbyder en uforglemmelig tropisk ferie. Dette eksklusive resort kun for voksne er kendt for sine romantiske omgivelser, exceptionelle service og overd\u00e5dige faciliteter og er den perfekte destination for par, der s\u00f8ger et roligt og luksuri\u00f8st tilflugtssted. Her er et overblik over de vigtigste funktioner, der g\u00f8r OBLU SELECT Lobigili til et af de f\u00f8rende resorts p\u00e5 Maldiverne.<\/p>\n\n\t\t<\/div>\n\t<\/div>\n<\/div><\/div><\/div><\/div><div class=\"vc_row wpb_row vc_row-fluid\"><div class=\"wpb_column vc_column_container vc_col-sm-3\"><div class=\"vc_column-inner\"><div class=\"wpb_wrapper\">\n\t<div  class=\"wpb_single_image wpb_content_element vc_align_left wpb_content_element\">\n\t\t\n\t\t<figure class=\"wpb_wrapper vc_figure\">\n\t\t\t<a href=\"https:\/\/maldives-paradise.com\/da\/du-mig-maldiverne\/\" target=\"_self\" class=\"vc_single_image-wrapper   vc_box_border_grey\"><img loading=\"lazy\" decoding=\"async\" width=\"150\" height=\"150\" src=\"https:\/\/maldives-paradise.com\/wp-content\/uploads\/2024\/06\/you-and-me-maldives-2-150x150.jpg\" class=\"vc_single_image-img attachment-thumbnail\" alt=\"Dig &amp; Mig Maldiverne\" title=\"you-and-me-maldives-2\" \/><\/a>\n\t\t<\/figure>\n\t<\/div>\n<\/div><\/div><\/div><div class=\"wpb_column vc_column_container vc_col-sm-9\"><div class=\"vc_column-inner\"><div class=\"wpb_wrapper\">\n\t<div class=\"wpb_text_column wpb_content_element\" >\n\t\t<div class=\"wpb_wrapper\">\n\t\t\t<h4><a href=\"https:\/\/maldives-paradise.com\/da\/du-mig-maldiverne\/\">Dig &amp; Mig Maldiverne<\/a><\/h4>\n<p>You &amp; Me Maldives resort er et <strong>Luksusresort kun for voksne<\/strong> der tilbyder den perfekte blanding af ro, romantik og overd\u00e5dighed. You &amp; Me Maldives er designet til par, bryllupsrejsende og dem, der s\u00f8ger en fredelig ferie, og tilbyder et afsidesliggende fristed omgivet af uber\u00f8rte strande og krystalklart vand.<\/p>\n\n\t\t<\/div>\n\t<\/div>\n<\/div><\/div><\/div><\/div><div class=\"vc_row wpb_row vc_row-fluid\"><div class=\"wpb_column vc_column_container vc_col-sm-3\"><div class=\"vc_column-inner\"><div class=\"wpb_wrapper\">\n\t<div  class=\"wpb_single_image wpb_content_element vc_align_left wpb_content_element\">\n\t\t\n\t\t<figure class=\"wpb_wrapper vc_figure\">\n\t\t\t<a href=\"https:\/\/maldives-paradise.com\/da\/veligandu-maldiverne-resort-o\/\" target=\"_self\" class=\"vc_single_image-wrapper   vc_box_border_grey\"><img loading=\"lazy\" decoding=\"async\" width=\"150\" height=\"150\" src=\"https:\/\/maldives-paradise.com\/wp-content\/uploads\/2024\/09\/Veligandu-Maldives-Resort-Island-150x150.jpg\" class=\"vc_single_image-img attachment-thumbnail\" alt=\"Veligandu Maldives Resort Island\" title=\"Veligandu-Maldives-Resort-Island\" \/><\/a>\n\t\t<\/figure>\n\t<\/div>\n<\/div><\/div><\/div><div class=\"wpb_column vc_column_container vc_col-sm-9\"><div class=\"vc_column-inner\"><div class=\"wpb_wrapper\">\n\t<div class=\"wpb_text_column wpb_content_element\" >\n\t\t<div class=\"wpb_wrapper\">\n\t\t\t<h4><a href=\"https:\/\/maldives-paradise.com\/da\/veligandu-maldiverne-resort-o\/\">Veligandu Maldives Resort Island<\/a><\/h4>\n<p>Veligandu Maldives Resort Island er et luksuri\u00f8st tilflugtssted, der tilbyder den perfekte blanding af naturlig sk\u00f8nhed, ro og faciliteter i verdensklasse. Med sine krystalklare laguner, fantastiske villaer over vandet og eksklusive oplevelser, <strong>alt inklusiv<\/strong> Resortet er den ultimative destination for par, bryllupsrejsende og rejsende, der s\u00f8ger en luksuri\u00f8s maldiviansk ferie.<\/p>\n\n\t\t<\/div>\n\t<\/div>\n<\/div><\/div><\/div><\/div><div class=\"vc_row wpb_row vc_row-fluid\"><div class=\"wpb_column vc_column_container vc_col-sm-3\"><div class=\"vc_column-inner\"><div class=\"wpb_wrapper\">\n\t<div  class=\"wpb_single_image wpb_content_element vc_align_left wpb_content_element\">\n\t\t\n\t\t<figure class=\"wpb_wrapper vc_figure\">\n\t\t\t<a href=\"https:\/\/maldives-paradise.com\/da\/interkontinentale-maldiverne-maamunagau-resort\/\" target=\"_self\" class=\"vc_single_image-wrapper   vc_box_border_grey\"><img loading=\"lazy\" decoding=\"async\" width=\"150\" height=\"150\" src=\"https:\/\/maldives-paradise.com\/wp-content\/uploads\/2024\/09\/Intercontinental-Maldives-150x150.jpg\" class=\"vc_single_image-img attachment-thumbnail\" alt=\"InterContinental Maldives Maamunagau Resort\" title=\"Intercontinental-Maldives\" \/><\/a>\n\t\t<\/figure>\n\t<\/div>\n<\/div><\/div><\/div><div class=\"wpb_column vc_column_container vc_col-sm-9\"><div class=\"vc_column-inner\"><div class=\"wpb_wrapper\">\n\t<div class=\"wpb_text_column wpb_content_element\" >\n\t\t<div class=\"wpb_wrapper\">\n\t\t\t<h4><a href=\"https:\/\/maldives-paradise.com\/da\/interkontinentale-maldiverne-maamunagau-resort\/\">Interkontinentale Maldiverne<\/a><\/h4>\n<p>InterContinental Maldives Maamunagau Resort er et luksuri\u00f8st tilflugtssted, der tilbyder en uovertruffen oplevelse p\u00e5 Maldiverne. Dette resort er kendt for sine fantastiske villaer over vandet, restauranter i verdensklasse og wellness-fokuserede faciliteter og er indbegrebet af tropisk luksus. Uanset om du leder efter en romantisk ferie eller en familieferie, tilbyder InterContinental Maldives Maamunagau Resort idylliske omgivelser med f\u00f8rsteklasses service og unikke faciliteter.<\/p>\n\n\t\t<\/div>\n\t<\/div>\n<\/div><\/div><\/div><\/div><div class=\"vc_row wpb_row vc_row-fluid\"><div class=\"wpb_column vc_column_container vc_col-sm-3\"><div class=\"vc_column-inner\"><div class=\"wpb_wrapper\">\n\t<div  class=\"wpb_single_image wpb_content_element vc_align_left wpb_content_element\">\n\t\t\n\t\t<figure class=\"wpb_wrapper vc_figure\">\n\t\t\t<a href=\"https:\/\/maldives-paradise.com\/da\/sun-siyam-iru-veli\/\" target=\"_self\" class=\"vc_single_image-wrapper   vc_box_border_grey\"><img loading=\"lazy\" decoding=\"async\" width=\"150\" height=\"150\" src=\"https:\/\/maldives-paradise.com\/wp-content\/uploads\/2024\/09\/Sun-Siyam-Iru-Veli-overwater-villa-150x150.jpg\" class=\"vc_single_image-img attachment-thumbnail\" alt=\"Sun Siyam Iru Veli\" title=\"Sun-Siyam-Iru-Veli-overwater-villa\" \/><\/a>\n\t\t<\/figure>\n\t<\/div>\n<\/div><\/div><\/div><div class=\"wpb_column vc_column_container vc_col-sm-9\"><div class=\"vc_column-inner\"><div class=\"wpb_wrapper\">\n\t<div class=\"wpb_text_column wpb_content_element\" >\n\t\t<div class=\"wpb_wrapper\">\n\t\t\t<h4><a href=\"https:\/\/maldives-paradise.com\/da\/sun-siyam-iru-veli\/\">Sun Siyam Iru Veli<\/a><\/h4>\n<p>Sun Siyam Iru Veli ligger p\u00e5 den maleriske South Nilandhe Atoll og er et 5-stjernet luksusresort p\u00e5 Maldiverne, der tilbyder en perfekt kombination af ro, eventyr og faciliteter i verdensklasse. Resortet er kendt for sine store villaer over vandet, private pools og all-inclusive-pakker og henvender sig til b\u00e5de par og familier, der s\u00f8ger en overd\u00e5dig tropisk ferie. Her er en oversigt over de vigtigste funktioner, der g\u00f8r Sun Siyam Iru Veli til en af de f\u00f8rende luksusdestinationer p\u00e5 Maldiverne.<\/p>\n\n\t\t<\/div>\n\t<\/div>\n<\/div><\/div><\/div><\/div><div class=\"vc_row wpb_row vc_row-fluid\"><div class=\"wpb_column vc_column_container vc_col-sm-3\"><div class=\"vc_column-inner\"><div class=\"wpb_wrapper\">\n\t<div  class=\"wpb_single_image wpb_content_element vc_align_left wpb_content_element\">\n\t\t\n\t\t<figure class=\"wpb_wrapper vc_figure\">\n\t\t\t<a href=\"https:\/\/maldives-paradise.com\/da\/dhawa-ihuru\/\" target=\"_self\" class=\"vc_single_image-wrapper   vc_box_border_grey\"><img loading=\"lazy\" decoding=\"async\" width=\"150\" height=\"150\" src=\"https:\/\/maldives-paradise.com\/wp-content\/uploads\/2024\/09\/Dhawa-Ihuru-150x150.jpg\" class=\"vc_single_image-img attachment-thumbnail\" alt=\"Dhawa Ihuru\" title=\"Dhawa-Ihuru\" \/><\/a>\n\t\t<\/figure>\n\t<\/div>\n<\/div><\/div><\/div><div class=\"wpb_column vc_column_container vc_col-sm-9\"><div class=\"vc_column-inner\"><div class=\"wpb_wrapper\">\n\t<div class=\"wpb_text_column wpb_content_element\" >\n\t\t<div class=\"wpb_wrapper\">\n\t\t\t<h4><a href=\"https:\/\/maldives-paradise.com\/da\/dhawa-ihuru\/\">Dhawa Ihuru<\/a><\/h4>\n<p>Dhawa Ihuru er et luksuri\u00f8st resort p\u00e5 Maldiverne, der tilbyder en idyllisk tropisk ferie med et st\u00e6rkt engagement i b\u00e6redygtighed. Dhawa Ihuru er kendt for sine uber\u00f8rte strande, krystalklare vand og milj\u00f8venlige praksisser og er et paradis for naturelskere og rejsende, der s\u00f8ger b\u00e5de afslapning og eventyr. Dette resort med kun villaer og direkte adgang til et af Maldivernes mest ber\u00f8mte husrev tilbyder en fordybende oplevelse, der blander luksus med milj\u00f8bevidsthed.<\/p>\n\n\t\t<\/div>\n\t<\/div>\n<\/div><\/div><\/div><\/div><div class=\"vc_row wpb_row vc_row-fluid\"><div class=\"wpb_column vc_column_container vc_col-sm-3\"><div class=\"vc_column-inner\"><div class=\"wpb_wrapper\">\n\t<div  class=\"wpb_single_image wpb_content_element vc_align_left wpb_content_element\">\n\t\t\n\t\t<figure class=\"wpb_wrapper vc_figure\">\n\t\t\t<a href=\"https:\/\/maldives-paradise.com\/da\/jw-marriott-maldiverne-resort-spa\/\" target=\"_self\" class=\"vc_single_image-wrapper   vc_box_border_grey\"><img loading=\"lazy\" decoding=\"async\" width=\"150\" height=\"150\" src=\"https:\/\/maldives-paradise.com\/wp-content\/uploads\/2024\/09\/JW-Marriott-Maldives-Resort-Spa-150x150.jpg\" class=\"vc_single_image-img attachment-thumbnail\" alt=\"JW Marriott Maldives Resort &amp; Spa\" title=\"JW-Marriott-Maldives-Resort-Spa\" \/><\/a>\n\t\t<\/figure>\n\t<\/div>\n<\/div><\/div><\/div><div class=\"wpb_column vc_column_container vc_col-sm-9\"><div class=\"vc_column-inner\"><div class=\"wpb_wrapper\">\n\t<div class=\"wpb_text_column wpb_content_element\" >\n\t\t<div class=\"wpb_wrapper\">\n\t\t\t<h4><a href=\"https:\/\/maldives-paradise.com\/da\/jw-marriott-maldiverne-resort-spa\/\">JW Marriott Maldives Resort &amp; Spa<\/a><\/h4>\n<p>JW Marriott Maldives Resort &amp; Spa ligger p\u00e5 den uber\u00f8rte \u00f8 Vagaru i Shaviyani Atoll og er et 5-stjernet luksusresort, der tilbyder en uds\u00f8gt blanding af naturlig sk\u00f8nhed, moderne design og uovertruffen service. JW Marriott Maldives er kendt for sine villaer over vandet, restauranter i verdensklasse og personlige oplevelser og er en ideel destination for b\u00e5de bryllupsrejsende, familier og luksuss\u00f8gende.<\/p>\n\n\t\t<\/div>\n\t<\/div>\n<\/div><\/div><\/div><\/div><div class=\"vc_row wpb_row vc_row-fluid\"><div class=\"wpb_column vc_column_container vc_col-sm-3\"><div class=\"vc_column-inner\"><div class=\"wpb_wrapper\">\n\t<div  class=\"wpb_single_image wpb_content_element vc_align_left wpb_content_element\">\n\t\t\n\t\t<figure class=\"wpb_wrapper vc_figure\">\n\t\t\t<a href=\"https:\/\/maldives-paradise.com\/da\/dhigufaru-island-resort\/\" target=\"_self\" class=\"vc_single_image-wrapper   vc_box_border_grey\"><img loading=\"lazy\" decoding=\"async\" width=\"150\" height=\"150\" src=\"https:\/\/maldives-paradise.com\/wp-content\/uploads\/2024\/09\/Dhigufaru-Island-Resort-150x150.jpg\" class=\"vc_single_image-img attachment-thumbnail\" alt=\"Dhigufaru Island Resort\" title=\"Dhigufaru-Island-Resort\" \/><\/a>\n\t\t<\/figure>\n\t<\/div>\n<\/div><\/div><\/div><div class=\"wpb_column vc_column_container vc_col-sm-9\"><div class=\"vc_column-inner\"><div class=\"wpb_wrapper\">\n\t<div class=\"wpb_text_column wpb_content_element\" >\n\t\t<div class=\"wpb_wrapper\">\n\t\t\t<h4><a href=\"https:\/\/maldives-paradise.com\/da\/dhigufaru-island-resort\/\">Dhigufaru Island Resort<\/a><\/h4>\n<p>Maldiverne er kendt for sine uber\u00f8rte strande, krystalklare vand og luksuri\u00f8se resorts, og Dhigufaru Island Resort er et lysende eksempel p\u00e5 dette tropiske paradis. Dhigufaru ligger i det UNESCO-beskyttede biosf\u00e6rereservat Baa Atoll og tilbyder en unik blanding af naturlig sk\u00f8nhed, faciliteter i verdensklasse og uovertruffen privatliv. For dem, der s\u00f8ger en luksuri\u00f8s ferie, er her de vigtigste funktioner, der g\u00f8r dette resort til et enest\u00e5ende valg.<\/p>\n\n\t\t<\/div>\n\t<\/div>\n<\/div><\/div><\/div><\/div><div class=\"vc_row wpb_row vc_row-fluid\"><div class=\"wpb_column vc_column_container vc_col-sm-12\"><div class=\"vc_column-inner\"><div class=\"wpb_wrapper\">\n\t<div class=\"wpb_text_column wpb_content_element\" >\n\t\t<div class=\"wpb_wrapper\">\n\t\t\t<h3>5-stjernede hoteller og feriesteder i Maldiverne <a href=\"http:\/\/maldives-paradise.com\/da\/?page_id=4124\">Side 1<\/a> \u00a0<a href=\"http:\/\/maldives-paradise.com\/da\/?page_id=7968\">Side 2<\/a> \u00a0 <a href=\"http:\/\/maldives-paradise.com\/da\/?page_id=7996\">Side 3<\/a>\u00a0 <a href=\"http:\/\/maldives-paradise.com\/da\/?page_id=8053\">Side 4<\/a>\u00a0 <a href=\"http:\/\/maldives-paradise.com\/da\/?page_id=8128\">Side 5<\/a> \u00a0 <a href=\"http:\/\/maldives-paradise.com\/da\/?page_id=8170\">Side 6<\/a>\u00a0\u00a0 <a href=\"http:\/\/maldives-paradise.com\/da\/?page_id=8384\">Side 7<\/a> \u00a0<a href=\"https:\/\/maldives-paradise.com\/da\/5-stjernede-hoteller-resorts-i-maldiverne-8\/\">Side 8<\/a><\/h3>\n\n\t\t<\/div>\n\t<\/div>\n<\/div><\/div><\/div><\/div>\n<\/div>","protected":false},"excerpt":{"rendered":"<div class=\"mh-excerpt\"><\/div>","protected":false},"author":1,"featured_media":24551,"parent":0,"menu_order":0,"comment_status":"closed","ping_status":"closed","template":"","meta":{"footnotes":""},"class_list":["post-24555","page","type-page","status-publish","has-post-thumbnail"],"aioseo_notices":[],"_links":{"self":[{"href":"https:\/\/maldives-paradise.com\/da\/wp-json\/wp\/v2\/pages\/24555","targetHints":{"allow":["GET"]}}],"collection":[{"href":"https:\/\/maldives-paradise.com\/da\/wp-json\/wp\/v2\/pages"}],"about":[{"href":"https:\/\/maldives-paradise.com\/da\/wp-json\/wp\/v2\/types\/page"}],"author":[{"embeddable":true,"href":"https:\/\/maldives-paradise.com\/da\/wp-json\/wp\/v2\/users\/1"}],"replies":[{"embeddable":true,"href":"https:\/\/maldives-paradise.com\/da\/wp-json\/wp\/v2\/comments?post=24555"}],"version-history":[{"count":6,"href":"https:\/\/maldives-paradise.com\/da\/wp-json\/wp\/v2\/pages\/24555\/revisions"}],"predecessor-version":[{"id":34304,"href":"https:\/\/maldives-paradise.com\/da\/wp-json\/wp\/v2\/pages\/24555\/revisions\/34304"}],"wp:featuredmedia":[{"embeddable":true,"href":"https:\/\/maldives-paradise.com\/da\/wp-json\/wp\/v2\/media\/24551"}],"wp:attachment":[{"href":"https:\/\/maldives-paradise.com\/da\/wp-json\/wp\/v2\/media?parent=24555"}],"curies":[{"name":"wp","href":"https:\/\/api.w.org\/{rel}","templated":true}]}}