{"id":19376,"date":"2024-07-17T13:12:00","date_gmt":"2024-07-17T13:12:00","guid":{"rendered":"http:\/\/maldives-paradise.com\/?page_id=19376"},"modified":"2025-11-26T09:29:09","modified_gmt":"2025-11-26T09:29:09","slug":"de-12-bedste-feriesteder-pa-flere-oer-i-maldiverne","status":"publish","type":"page","link":"https:\/\/maldives-paradise.com\/da\/de-12-bedste-feriesteder-pa-flere-oer-i-maldiverne\/","title":{"rendered":"De bedste resorts med flere \u00f8er p\u00e5 Maldiverne"},"content":{"rendered":"<div class=\"wpb-content-wrapper\"><div class=\"vc_row wpb_row vc_row-fluid\"><div class=\"wpb_column vc_column_container vc_col-sm-12\"><div class=\"vc_column-inner\"><div class=\"wpb_wrapper\">\n\t<div class=\"wpb_text_column wpb_content_element\" >\n\t\t<div class=\"wpb_wrapper\">\n\t\t\t<p><strong>Udforsk de bedste feriesteder med flere \u00f8er p\u00e5 Maldiverne<\/strong><\/p>\n<p>Maldiverne, et tropisk paradis kendt for sine uber\u00f8rte strande, krystalklare vand og luksuri\u00f8se resorts, byder p\u00e5 nogle af de mest uds\u00f8gte multi-\u00f8-oplevelser. Disse resorts giver en unik blanding af afsondrethed og eventyr, hvilket giver g\u00e6sterne mulighed for at udforske flere \u00f8er, mens de nyder bekvemmeligheder i verdensklasse. Her udforsker vi nogle af de bedste feriesteder med flere \u00f8er p\u00e5 Maldiverne, der hver tilbyder et unikt stykke paradis.<\/p>\n\n\t\t<\/div>\n\t<\/div>\n<\/div><\/div><\/div><\/div><div class=\"vc_row wpb_row vc_row-fluid\"><div class=\"wpb_column vc_column_container vc_col-sm-3\"><div class=\"vc_column-inner\"><div class=\"wpb_wrapper\">\n\t<div  class=\"wpb_single_image wpb_content_element vc_align_left wpb_content_element\">\n\t\t\n\t\t<figure class=\"wpb_wrapper vc_figure\">\n\t\t\t<div class=\"vc_single_image-wrapper   vc_box_border_grey\"><img loading=\"lazy\" decoding=\"async\" width=\"150\" height=\"150\" src=\"https:\/\/maldives-paradise.com\/wp-content\/uploads\/2024\/07\/niyama_private_islands_maldives-150x150.jpg\" class=\"vc_single_image-img attachment-thumbnail\" alt=\"Niyama Private Islands Maldiverne\" title=\"niyama_private_islands_maldiverne\" \/><\/div>\n\t\t<\/figure>\n\t<\/div>\n<\/div><\/div><\/div><div class=\"wpb_column vc_column_container vc_col-sm-9\"><div class=\"vc_column-inner\"><div class=\"wpb_wrapper\">\n\t<div class=\"wpb_text_column wpb_content_element\" >\n\t\t<div class=\"wpb_wrapper\">\n\t\t\t<h4><a href=\"https:\/\/lamp.glopss.com\/SHUv\" target=\"_blank\" rel=\"nofollow noopener\">Niyama Private Islands Maldiverne<\/a><\/h4>\n<p>Niyama Private Islands Maldiverne skiller sig ud med sine tvillinge\u00f8er, Play og Chill, der byder p\u00e5 forskellige oplevelser. Leg er ideel til eventyr og familiesjov, med sp\u00e6ndende vandsport, spisestue i tr\u00e6huse og en b\u00f8rneklub. Chill, p\u00e5 den anden side, tilbyder fredfyldt afslapning med sin overvandsspa, fine restauranter og undervandsnatklub, Subsix. Resortets alsidige tilbud sikrer, at b\u00e5de adrenalins\u00f8gere og dem, der \u00f8nsker at slappe af, bliver tilgodeset.<\/p>\n\n\t\t<\/div>\n\t<\/div>\n<\/div><\/div><\/div><\/div><div class=\"vc_row wpb_row vc_row-fluid\"><div class=\"wpb_column vc_column_container vc_col-sm-3\"><div class=\"vc_column-inner\"><div class=\"wpb_wrapper\">\n\t<div  class=\"wpb_single_image wpb_content_element vc_align_left wpb_content_element\">\n\t\t\n\t\t<figure class=\"wpb_wrapper vc_figure\">\n\t\t\t<div class=\"vc_single_image-wrapper   vc_box_border_grey\"><img loading=\"lazy\" decoding=\"async\" width=\"150\" height=\"150\" src=\"https:\/\/maldives-paradise.com\/wp-content\/uploads\/2024\/07\/hard-rock-hotel-maldives-150x150.jpg\" class=\"vc_single_image-img attachment-thumbnail\" alt=\"\" title=\"hard-rock-hotel-maldiverne\" \/><\/div>\n\t\t<\/figure>\n\t<\/div>\n<\/div><\/div><\/div><div class=\"wpb_column vc_column_container vc_col-sm-9\"><div class=\"vc_column-inner\"><div class=\"wpb_wrapper\">\n\t<div class=\"wpb_text_column wpb_content_element\" >\n\t\t<div class=\"wpb_wrapper\">\n\t\t\t<h4><a href=\"https:\/\/lamp.glopss.com\/SHUU\" target=\"_blank\" rel=\"nofollow noopener\">Hard Rock Hotel Maldiverne<\/a><\/h4>\n<p>Hard Rock Hotel Maldives er en del af CROSSROADS Maldives-komplekset og tilbyder en energisk stemning med musik-tema-faciliteter. G\u00e6ster kan hoppe mellem Hard Rock Hotel og dets s\u00f8sterejendomme i det integrerede resort. Hotellet har en unik Hard Rock Caf\u00e9, en infinity-pool og en Rock Spa, alt sammen suppleret med levende livemusik og underholdning. Dens n\u00e6rhed til Marina @ CROSSROADS tilf\u00f8jer shopping, restauranter og kulturelle oplevelser til blandingen.<\/p>\n\n\t\t<\/div>\n\t<\/div>\n<\/div><\/div><\/div><\/div><div class=\"vc_row wpb_row vc_row-fluid\"><div class=\"wpb_column vc_column_container vc_col-sm-3\"><div class=\"vc_column-inner\"><div class=\"wpb_wrapper\">\n\t<div  class=\"wpb_single_image wpb_content_element vc_align_left wpb_content_element\">\n\t\t\n\t\t<figure class=\"wpb_wrapper vc_figure\">\n\t\t\t<div class=\"vc_single_image-wrapper   vc_box_border_grey\"><img loading=\"lazy\" decoding=\"async\" width=\"150\" height=\"150\" src=\"https:\/\/maldives-paradise.com\/wp-content\/uploads\/2024\/07\/SAii-Lagoon-Maldives-150x150.jpg\" class=\"vc_single_image-img attachment-thumbnail\" alt=\"SAii Lagoon Maldiverne\" title=\"SAii-Lagunen-Maldiverne\" \/><\/div>\n\t\t<\/figure>\n\t<\/div>\n<\/div><\/div><\/div><div class=\"wpb_column vc_column_container vc_col-sm-9\"><div class=\"vc_column-inner\"><div class=\"wpb_wrapper\">\n\t<div class=\"wpb_text_column wpb_content_element\" >\n\t\t<div class=\"wpb_wrapper\">\n\t\t\t<h4><a href=\"https:\/\/lamp.glopss.com\/SHUA\" target=\"_blank\" rel=\"nofollow noopener\">SAii Lagoon Maldiverne<\/a><\/h4>\n<p>SAii Lagoon Maldives ligger ogs\u00e5 i CROSSROADS Maldiverne og er kendt for sin afslappede atmosf\u00e6re og personlige service. Dette resort tilbyder nem adgang til The Marina, hvor g\u00e6sterne kan nyde forskellige kulinariske og rekreative aktiviteter. De rummelige villaer og suiter, designet med en tropisk chik \u00e6stetik, g\u00f8r det til et perfekt valg for b\u00e5de familier og par, der s\u00f8ger et tilbagel\u00e6net, men luksuri\u00f8st tilflugtssted.<\/p>\n\n\t\t<\/div>\n\t<\/div>\n<\/div><\/div><\/div><\/div><div class=\"vc_row wpb_row vc_row-fluid\"><div class=\"wpb_column vc_column_container vc_col-sm-3\"><div class=\"vc_column-inner\"><div class=\"wpb_wrapper\">\n\t<div  class=\"wpb_single_image wpb_content_element vc_align_left wpb_content_element\">\n\t\t\n\t\t<figure class=\"wpb_wrapper vc_figure\">\n\t\t\t<div class=\"vc_single_image-wrapper   vc_box_border_grey\"><img loading=\"lazy\" decoding=\"async\" width=\"150\" height=\"150\" src=\"https:\/\/maldives-paradise.com\/wp-content\/uploads\/2024\/07\/waldorf-astoria-maldives-ithaafushi-150x150.jpg\" class=\"vc_single_image-img attachment-thumbnail\" alt=\"\" title=\"waldorf-astoria-maldiverne-ithaafushi\" \/><\/div>\n\t\t<\/figure>\n\t<\/div>\n<\/div><\/div><\/div><div class=\"wpb_column vc_column_container vc_col-sm-9\"><div class=\"vc_column-inner\"><div class=\"wpb_wrapper\">\n\t<div class=\"wpb_text_column wpb_content_element\" >\n\t\t<div class=\"wpb_wrapper\">\n\t\t\t<h4><a href=\"https:\/\/trip.tpo.lv\/WFVsZItJ\" target=\"_blank\" rel=\"nofollow noopener\">Waldorf Astoria Maldiverne Ithaafushi<\/a><\/h4>\n<p>Waldorf Astoria Maldiverne Ithaafushi sp\u00e6nder over tre private \u00f8er, der tilbyder uovertruffen luksus og privatliv. Resortet kan prale af 119 villaer, hver med en privat pool og en fantastisk havudsigt. G\u00e6sterne kan udforske en r\u00e6kke spisemuligheder p\u00e5 tv\u00e6rs af 11 unikke spillesteder, nyde skr\u00e6ddersyede wellness-oplevelser og nyde en r\u00e6kke vandsportsaktiviteter. Resortets private yacht og personlige concierge-tjenester sikrer et eksklusivt og mindev\u00e6rdigt ophold.<\/p>\n\n\t\t<\/div>\n\t<\/div>\n<\/div><\/div><\/div><\/div><div class=\"vc_row wpb_row vc_row-fluid\"><div class=\"wpb_column vc_column_container vc_col-sm-3\"><div class=\"vc_column-inner\"><div class=\"wpb_wrapper\">\n\t<div  class=\"wpb_single_image wpb_content_element vc_align_left wpb_content_element\">\n\t\t\n\t\t<figure class=\"wpb_wrapper vc_figure\">\n\t\t\t<div class=\"vc_single_image-wrapper   vc_box_border_grey\"><img loading=\"lazy\" decoding=\"async\" width=\"150\" height=\"150\" src=\"https:\/\/maldives-paradise.com\/wp-content\/uploads\/2024\/07\/ritz-carlton-maldives-150x150.jpg\" class=\"vc_single_image-img attachment-thumbnail\" alt=\"Ritz-Carlton Maldiverne, Fari\u00f8erne\" title=\"ritz-carlton-maldiverne\" \/><\/div>\n\t\t<\/figure>\n\t<\/div>\n<\/div><\/div><\/div><div class=\"wpb_column vc_column_container vc_col-sm-9\"><div class=\"vc_column-inner\"><div class=\"wpb_wrapper\">\n\t<div class=\"wpb_text_column wpb_content_element\" >\n\t\t<div class=\"wpb_wrapper\">\n\t\t\t<h4><a href=\"https:\/\/trip.tpo.lv\/csokQr2l\" target=\"_blank\" rel=\"nofollow noopener\">Ritz-Carlton Maldiverne, Fari\u00f8erne<\/a><\/h4>\n<p>The Ritz-Carlton Maldives ligger p\u00e5 Fari-\u00f8erne og tilbyder en blanding af moderne luksus og traditionel maldivisk kultur. Resortet har elegant designede villaer, en dedikeret b\u00f8rneklub og en r\u00e6kke spisemuligheder. G\u00e6sterne kan udforske Fari Marina Village, som omfatter eksklusive butikker, restauranter og et kunststudie. Resortets fokus p\u00e5 b\u00e6redygtighed og wellness tilf\u00f8jer dets tiltr\u00e6kningskraft, hvilket g\u00f8r det til et fristed for opm\u00e6rksomme rejsende.<\/p>\n\n\t\t<\/div>\n\t<\/div>\n<\/div><\/div><\/div><\/div><div class=\"vc_row wpb_row vc_row-fluid\"><div class=\"wpb_column vc_column_container vc_col-sm-3\"><div class=\"vc_column-inner\"><div class=\"wpb_wrapper\">\n\t<div  class=\"wpb_single_image wpb_content_element vc_align_left wpb_content_element\">\n\t\t\n\t\t<figure class=\"wpb_wrapper vc_figure\">\n\t\t\t<div class=\"vc_single_image-wrapper   vc_box_border_grey\"><img loading=\"lazy\" decoding=\"async\" width=\"150\" height=\"150\" src=\"https:\/\/maldives-paradise.com\/wp-content\/uploads\/2024\/07\/conrad-maldives-rangali-island2-150x150.jpg\" class=\"vc_single_image-img attachment-thumbnail\" alt=\"Conrad Maldiverne Rangali Island\" title=\"conrad-maldiverne-rangali-\u00f8en2\" \/><\/div>\n\t\t<\/figure>\n\t<\/div>\n<\/div><\/div><\/div><div class=\"wpb_column vc_column_container vc_col-sm-9\"><div class=\"vc_column-inner\"><div class=\"wpb_wrapper\">\n\t<div class=\"wpb_text_column wpb_content_element\" >\n\t\t<div class=\"wpb_wrapper\">\n\t\t\t<h4><a href=\"https:\/\/trip.tpo.lv\/6j29svud\" target=\"_blank\" rel=\"nofollow noopener\">Conrad Maldiverne Rangali Island<\/a><\/h4>\n<p>Kendt for sin banebrydende undervandsresidens, The Muraka, Conrad Maldives Rangali Island tilbyder et unikt koncept med to \u00f8er forbundet med en bro. G\u00e6sterne kan nyde forskellige madoplevelser, herunder verdens f\u00f8rste undervandsrestaurant, Ithaa. Resortets omfattende udvalg af aktiviteter, fra snorkling med hvalhajer til at hengive sig til foryngende spa-behandlinger, sikrer en omfattende maldivisk oplevelse.<\/p>\n\n\t\t<\/div>\n\t<\/div>\n<\/div><\/div><\/div><\/div><div class=\"vc_row wpb_row vc_row-fluid\"><div class=\"wpb_column vc_column_container vc_col-sm-3\"><div class=\"vc_column-inner\"><div class=\"wpb_wrapper\">\n\t<div  class=\"wpb_single_image wpb_content_element vc_align_left wpb_content_element\">\n\t\t\n\t\t<figure class=\"wpb_wrapper vc_figure\">\n\t\t\t<div class=\"vc_single_image-wrapper   vc_box_border_grey\"><img loading=\"lazy\" decoding=\"async\" width=\"150\" height=\"150\" src=\"https:\/\/maldives-paradise.com\/wp-content\/uploads\/2024\/07\/anantara-dhigu-maldives-resort-1-150x150.jpg\" class=\"vc_single_image-img attachment-thumbnail\" alt=\"Anantara Dhigu Maldives Resort\" title=\"anantara-dhigu-maldiverne-resort\" \/><\/div>\n\t\t<\/figure>\n\t<\/div>\n<\/div><\/div><\/div><div class=\"wpb_column vc_column_container vc_col-sm-9\"><div class=\"vc_column-inner\"><div class=\"wpb_wrapper\">\n\t<div class=\"wpb_text_column wpb_content_element\" >\n\t\t<div class=\"wpb_wrapper\">\n\t\t\t<h4><a href=\"https:\/\/lamp.glopss.com\/SHUr\" target=\"_blank\" rel=\"nofollow noopener\">Anantara Dhigu Maldives Resort &amp; Anantara Veli Maldives Resort<\/a><\/h4>\n<p>Disse s\u00f8sterresorts er perfekte til b\u00e5de familier og par. Anantara Dhigu tilbyder rummelige villaer, en r\u00e6kke vandsportsaktiviteter og en familievenlig atmosf\u00e6re. Anantara Veli, et feriested kun for voksne, byder p\u00e5 rolige omgivelser med bungalows over vandet og romantiske madoplevelser. G\u00e6ster kan nemt pendle mellem de to resorts for at nyde det bedste fra begge verdener, uanset om det er afslapning eller eventyr.<\/p>\n\n\t\t<\/div>\n\t<\/div>\n<\/div><\/div><\/div><\/div><div class=\"vc_row wpb_row vc_row-fluid\"><div class=\"wpb_column vc_column_container vc_col-sm-3\"><div class=\"vc_column-inner\"><div class=\"wpb_wrapper\">\n\t<div  class=\"wpb_single_image wpb_content_element vc_align_left wpb_content_element\">\n\t\t\n\t\t<figure class=\"wpb_wrapper vc_figure\">\n\t\t\t<div class=\"vc_single_image-wrapper   vc_box_border_grey\"><img loading=\"lazy\" decoding=\"async\" width=\"150\" height=\"150\" src=\"https:\/\/maldives-paradise.com\/wp-content\/uploads\/2024\/07\/jawakara-islands-maldives-150x150.jpg\" class=\"vc_single_image-img attachment-thumbnail\" alt=\"Jawakara Islands Maldiverne er et feriested med flere \u00f8er\" title=\"jawakara-\u00f8er-maldiverne\" \/><\/div>\n\t\t<\/figure>\n\t<\/div>\n<\/div><\/div><\/div><div class=\"wpb_column vc_column_container vc_col-sm-9\"><div class=\"vc_column-inner\"><div class=\"wpb_wrapper\">\n\t<div class=\"wpb_text_column wpb_content_element\" >\n\t\t<div class=\"wpb_wrapper\">\n\t\t\t<h4><a href=\"https:\/\/lamp.glopss.com\/SHUj\" target=\"_blank\" rel=\"nofollow noopener\">Jawakara Islands Maldiverne<\/a><\/h4>\n<p>En nyere tilf\u00f8jelse til den maldiviske luksusresortscene, Jawakara Islands Maldives tilbyder et multi-\u00f8-koncept, der understreger privatliv og naturlig sk\u00f8nhed. Resortet har rummelige villaer, uber\u00f8rte strande og en r\u00e6kke spisemuligheder. Dens fokus p\u00e5 b\u00e6redygtig turisme og milj\u00f8venlig praksis g\u00f8r det til et tiltalende valg for milj\u00f8bevidste rejsende.<\/p>\n\n\t\t<\/div>\n\t<\/div>\n<\/div><\/div><\/div><\/div><div class=\"vc_row wpb_row vc_row-fluid\"><div class=\"wpb_column vc_column_container vc_col-sm-3\"><div class=\"vc_column-inner\"><div class=\"wpb_wrapper\">\n\t<div  class=\"wpb_single_image wpb_content_element vc_align_left wpb_content_element\">\n\t\t\n\t\t<figure class=\"wpb_wrapper vc_figure\">\n\t\t\t<div class=\"vc_single_image-wrapper   vc_box_border_grey\"><img loading=\"lazy\" decoding=\"async\" width=\"150\" height=\"150\" src=\"https:\/\/maldives-paradise.com\/wp-content\/uploads\/2024\/07\/sun-siyam-olhuveli-150x150.jpg\" class=\"vc_single_image-img attachment-thumbnail\" alt=\"Sun Siyam Olhuveli, et feriested med flere \u00f8er p\u00e5 Maldiverne\" title=\"sun-siyam-olhuveli\" \/><\/div>\n\t\t<\/figure>\n\t<\/div>\n<\/div><\/div><\/div><div class=\"wpb_column vc_column_container vc_col-sm-9\"><div class=\"vc_column-inner\"><div class=\"wpb_wrapper\">\n\t<div class=\"wpb_text_column wpb_content_element\" >\n\t\t<div class=\"wpb_wrapper\">\n\t\t\t<h4><a href=\"https:\/\/lamp.glopss.com\/SHUo\" target=\"_blank\" rel=\"nofollow noopener\">Sun Siyam Olhuveli<\/a><\/h4>\n<p>Sun Siyam Olhuveli tilbyder en multi-\u00f8-oplevelse med fokus p\u00e5 familievenlige aktiviteter og wellness. Resortet byder p\u00e5 en r\u00e6kke overnatningssteder, fra strandvillaer til overvandssuiter. G\u00e6sterne kan nyde en r\u00e6kke spisemuligheder, rekreative aktiviteter og spa-behandlinger p\u00e5 tv\u00e6rs af de indbyrdes forbundne \u00f8er. Dets livlige husrev og dykkersteder g\u00f8r det til en favorit blandt undervandsentusiaster.<\/p>\n\n\t\t<\/div>\n\t<\/div>\n<\/div><\/div><\/div><\/div><div class=\"vc_row wpb_row vc_row-fluid\"><div class=\"wpb_column vc_column_container vc_col-sm-3\"><div class=\"vc_column-inner\"><div class=\"wpb_wrapper\">\n\t<div  class=\"wpb_single_image wpb_content_element vc_align_left wpb_content_element\">\n\t\t\n\t\t<figure class=\"wpb_wrapper vc_figure\">\n\t\t\t<div class=\"vc_single_image-wrapper   vc_box_border_grey\"><img loading=\"lazy\" decoding=\"async\" width=\"150\" height=\"150\" src=\"https:\/\/maldives-paradise.com\/wp-content\/uploads\/2024\/07\/oblu-select-sangeli-150x150.jpg\" class=\"vc_single_image-img attachment-thumbnail\" alt=\"OBLU SELECT Sangeli\" title=\"oblu-select-sangeli\" \/><\/div>\n\t\t<\/figure>\n\t<\/div>\n<\/div><\/div><\/div><div class=\"wpb_column vc_column_container vc_col-sm-9\"><div class=\"vc_column-inner\"><div class=\"wpb_wrapper\">\n\t<div class=\"wpb_text_column wpb_content_element\" >\n\t\t<div class=\"wpb_wrapper\">\n\t\t\t<h4><a href=\"https:\/\/trip.tpo.lv\/v9votxXA\">OBLU SELECT Sangeli<\/a><\/h4>\n<p>OBLU SELECT Sangeli tilbyder en altomfattende oplevelse p\u00e5 to indbyrdes forbundne \u00f8er. Resortet er kendt for sit pulserende husrev, sp\u00e6ndende vandsport og en r\u00e6kke spisemuligheder. Dens Serenity Plan inkluderer f\u00f8rsteklasses spisning, udflugter og wellness-aktiviteter, hvilket sikrer et problemfrit og behageligt ophold. Honeymoon Water Suites kun for voksne giver et ekstra strejf af romantik for par.<\/p>\n\n\t\t<\/div>\n\t<\/div>\n<\/div><\/div><\/div><\/div><div class=\"vc_row wpb_row vc_row-fluid\"><div class=\"wpb_column vc_column_container vc_col-sm-3\"><div class=\"vc_column-inner\"><div class=\"wpb_wrapper\">\n\t<div  class=\"wpb_single_image wpb_content_element vc_align_left wpb_content_element\">\n\t\t\n\t\t<figure class=\"wpb_wrapper vc_figure\">\n\t\t\t<div class=\"vc_single_image-wrapper   vc_box_border_grey\"><img loading=\"lazy\" decoding=\"async\" width=\"150\" height=\"150\" src=\"https:\/\/maldives-paradise.com\/wp-content\/uploads\/2024\/07\/patina-maldives-150x150.jpg\" class=\"vc_single_image-img attachment-thumbnail\" alt=\"Patina Maldives et feriested med flere \u00f8er\" title=\"patina-maldiverne\" \/><\/div>\n\t\t<\/figure>\n\t<\/div>\n<\/div><\/div><\/div><div class=\"wpb_column vc_column_container vc_col-sm-9\"><div class=\"vc_column-inner\"><div class=\"wpb_wrapper\">\n\t<div class=\"wpb_text_column wpb_content_element\" >\n\t\t<div class=\"wpb_wrapper\">\n\t\t\t<h4><a href=\"https:\/\/lamp.glopss.com\/aff_c?offer_id=1506&amp;aff_id=1834\" target=\"_blank\" rel=\"nofollow noopener\">Patina Maldiverne, Fari\u00f8erne<\/a><\/h4>\n<p>Patina Maldives er et moderne luksusresort p\u00e5 Fari-\u00f8erne, der tilbyder en sofistikeret blanding af natur og design. Resortets rummelige villaer, hver med private pools, giver en fredfyldt flugt. G\u00e6sterne kan udforske Fari Marina Village, deltage i wellness-programmer og nyde gourmetmad. Patinas forpligtelse til b\u00e6redygtighed og samfundsengagement tilf\u00f8jer dybde til dets luksuri\u00f8se tilbud.<\/p>\n\n\t\t<\/div>\n\t<\/div>\n<\/div><\/div><\/div><\/div><div class=\"vc_row wpb_row vc_row-fluid\"><div class=\"wpb_column vc_column_container vc_col-sm-12\"><div class=\"vc_column-inner\"><div class=\"wpb_wrapper\">\n\t<div class=\"wpb_text_column wpb_content_element\" >\n\t\t<div class=\"wpb_wrapper\">\n\t\t\t<p>Afslutningsvis tilbyder Maldiverne en r\u00e6kke af de bedste feriesteder p\u00e5 flere \u00f8er, hver med unikke funktioner og oplevelser. Uanset om du s\u00f8ger eventyr, afslapning eller en blanding af begge dele, giver disse feriesteder den perfekte kulisse for en uforglemmelig ferie i Maldiverne.<\/p>\n<p><strong><a title=\"De 12 bedste luksusresorter p\u00e5 Maldiverne\" href=\"https:\/\/maldives-paradise.com\/da\/de-12-bedste-luksusresorts-i-maldiverne\/\">De bedste feriesteder p\u00e5 Maldiverne<\/a><\/strong><\/p>\n\n\t\t<\/div>\n\t<\/div>\n<\/div><\/div><\/div><\/div>\n<\/div>","protected":false},"excerpt":{"rendered":"<div class=\"mh-excerpt\"><\/div>","protected":false},"author":1,"featured_media":19377,"parent":0,"menu_order":0,"comment_status":"closed","ping_status":"closed","template":"","meta":{"footnotes":""},"class_list":["post-19376","page","type-page","status-publish","has-post-thumbnail"],"aioseo_notices":[],"_links":{"self":[{"href":"https:\/\/maldives-paradise.com\/da\/wp-json\/wp\/v2\/pages\/19376","targetHints":{"allow":["GET"]}}],"collection":[{"href":"https:\/\/maldives-paradise.com\/da\/wp-json\/wp\/v2\/pages"}],"about":[{"href":"https:\/\/maldives-paradise.com\/da\/wp-json\/wp\/v2\/types\/page"}],"author":[{"embeddable":true,"href":"https:\/\/maldives-paradise.com\/da\/wp-json\/wp\/v2\/users\/1"}],"replies":[{"embeddable":true,"href":"https:\/\/maldives-paradise.com\/da\/wp-json\/wp\/v2\/comments?post=19376"}],"version-history":[{"count":7,"href":"https:\/\/maldives-paradise.com\/da\/wp-json\/wp\/v2\/pages\/19376\/revisions"}],"predecessor-version":[{"id":45311,"href":"https:\/\/maldives-paradise.com\/da\/wp-json\/wp\/v2\/pages\/19376\/revisions\/45311"}],"wp:featuredmedia":[{"embeddable":true,"href":"https:\/\/maldives-paradise.com\/da\/wp-json\/wp\/v2\/media\/19377"}],"wp:attachment":[{"href":"https:\/\/maldives-paradise.com\/da\/wp-json\/wp\/v2\/media?parent=19376"}],"curies":[{"name":"wp","href":"https:\/\/api.w.org\/{rel}","templated":true}]}}