{"id":17432,"date":"2024-06-15T08:23:33","date_gmt":"2024-06-15T08:23:33","guid":{"rendered":"http:\/\/maldives-paradise.com\/?page_id=17432"},"modified":"2025-11-26T09:31:39","modified_gmt":"2025-11-26T09:31:39","slug":"de-12-bedste-feriesteder-til-bryllupper-i-maldiverne-2","status":"publish","type":"page","link":"https:\/\/maldives-paradise.com\/da\/de-12-bedste-feriesteder-til-bryllupper-i-maldiverne-2\/","title":{"rendered":"De bedste feriesteder til bryllupper i Maldiverne"},"content":{"rendered":"<div class=\"wpb-content-wrapper\"><div class=\"vc_row wpb_row vc_row-fluid\"><div class=\"wpb_column vc_column_container vc_col-sm-12\"><div class=\"vc_column-inner\"><div class=\"wpb_wrapper\">\n\t<div class=\"wpb_text_column wpb_content_element\" >\n\t\t<div class=\"wpb_wrapper\">\n\t\t\t<p><strong>De bedste luksusferiesteder p\u00e5 Maldiverne til bryllup<\/strong><\/p>\n<p>Maldiverne, et tropisk paradis, er synonymt med luksus, romantik og uovertruffen naturlig sk\u00f8nhed. Dens fantastiske overvandsvillaer, uber\u00f8rte strande og turkise laguner g\u00f8r det til en dr\u00f8mmedestination for bryllupper. For dem, der planl\u00e6gger et destinationsbryllup, byder Maldiverne p\u00e5 et v\u00e6ld af luksusresorts.<\/p>\n<div class=\"flex flex-grow flex-col max-w-full\">\n<div class=\"min-h-&#091;20px&#093; text-message flex flex-col items-start whitespace-pre-wrap break-words &#091;.text-message+&amp;&#093;:mt-5 juice:w-full juice:items-end overflow-x-auto gap-2\" dir=\"auto\" data-message-author-role=\"assistant\" data-message-id=\"15d50877-8a2d-4bc1-b5cd-4fb3aac1d75e\">\n<div class=\"flex w-full flex-col gap-1 juice:empty:hidden juice:first:pt-&#091;3px&#093;\">\n<div class=\"markdown prose w-full break-words dark:prose-invert light\">\n<p>Billed udveksling af l\u00f8fter p\u00e5 en uber\u00f8rt hvid sandstrand med det krystalklare turkise vand som din kulisse eller i en elegant overvandspavillon omgivet af det fredfyldte hav. Maldiviske feriesteder tilbyder omfattende bryllupspakker, herunder personlige ceremonier, uds\u00f8gte spisemuligheder og luksuri\u00f8s indkvartering til dig og dine g\u00e6ster. Med fantastiske solnedgange, romantisk afsondrethed og service i verdensklasse lover et bryllup p\u00e5 Maldiverne en uforglemmelig fejring af k\u00e6rlighed i paradis.<\/p>\n<\/div>\n<\/div>\n<\/div>\n<\/div>\n<p>Her er nogle af de bedste luksusresorts p\u00e5 Maldiverne til bryllupper.<\/p>\n\n\t\t<\/div>\n\t<\/div>\n<\/div><\/div><\/div><\/div><div class=\"vc_row wpb_row vc_row-fluid\"><div class=\"wpb_column vc_column_container vc_col-sm-3\"><div class=\"vc_column-inner\"><div class=\"wpb_wrapper\">\n\t<div  class=\"wpb_single_image wpb_content_element vc_align_left wpb_content_element\">\n\t\t\n\t\t<figure class=\"wpb_wrapper vc_figure\">\n\t\t\t<div class=\"vc_single_image-wrapper   vc_box_border_grey\"><img loading=\"lazy\" decoding=\"async\" width=\"150\" height=\"150\" src=\"https:\/\/maldives-paradise.com\/wp-content\/uploads\/2024\/06\/One_Only_Reethi_Rah_Wedding-150x150.jpg\" class=\"vc_single_image-img attachment-thumbnail\" alt=\"One&amp;Only Reethi Rah\" title=\"One_Only_Reethi_Rah_Wedding\" \/><\/div>\n\t\t<\/figure>\n\t<\/div>\n<\/div><\/div><\/div><div class=\"wpb_column vc_column_container vc_col-sm-9\"><div class=\"vc_column-inner\"><div class=\"wpb_wrapper\">\n\t<div class=\"wpb_text_column wpb_content_element\" >\n\t\t<div class=\"wpb_wrapper\">\n\t\t\t<h4><a href=\"https:\/\/hotellook.tp.st\/AH0DpGXS\" target=\"_blank\" rel=\"nofollow noopener\">One&amp;Only Reethi Rah<\/a><\/h4>\n<p>One&amp;Only Reethi Rah er et privat \u00f8-resort kendt for sin elegance og eksklusivitet. Med over 120 villaer byder dette feriested p\u00e5 en r\u00e6kke fantastiske steder til bryllupsceremonier, herunder strandsteder og pavilloner over vandet. Resortet tilbyder personlig bryllupsplanl\u00e6gning, der sikrer, at alle detaljer er perfekte. Par kan nyde en romantisk middag med levende lys p\u00e5 stranden efterfulgt af en bryllupsrejse i en af de luksuri\u00f8se villaer.<\/p>\n\n\t\t<\/div>\n\t<\/div>\n<\/div><\/div><\/div><\/div><div class=\"vc_row wpb_row vc_row-fluid\"><div class=\"wpb_column vc_column_container vc_col-sm-3\"><div class=\"vc_column-inner\"><div class=\"wpb_wrapper\">\n\t<div  class=\"wpb_single_image wpb_content_element vc_align_left wpb_content_element\">\n\t\t\n\t\t<figure class=\"wpb_wrapper vc_figure\">\n\t\t\t<div class=\"vc_single_image-wrapper   vc_box_border_grey\"><img loading=\"lazy\" decoding=\"async\" width=\"150\" height=\"150\" src=\"https:\/\/maldives-paradise.com\/wp-content\/uploads\/2024\/06\/soneva-fushi-maldives-wedding-150x150.jpg\" class=\"vc_single_image-img attachment-thumbnail\" alt=\"\" title=\"soneva-fushi-maldiverne-bryllup\" \/><\/div>\n\t\t<\/figure>\n\t<\/div>\n<\/div><\/div><\/div><div class=\"wpb_column vc_column_container vc_col-sm-9\"><div class=\"vc_column-inner\"><div class=\"wpb_wrapper\">\n\t<div class=\"wpb_text_column wpb_content_element\" >\n\t\t<div class=\"wpb_wrapper\">\n\t\t\t<h4><a href=\"https:\/\/trip.tpo.lv\/s4Vbr1lj\" target=\"_blank\" rel=\"nofollow noopener\">Soneva Fushi<\/a><\/h4>\n<p>Soneva Fushi, der ligger i Baa Atoll UNESCO Biosphere Reserve, er kendt for sin b\u00e6redygtige luksus. Dette resort tilbyder barfodets luksus i rummelige villaer omgivet af frodige gr\u00f8nne omr\u00e5der. Soneva Fushis bryllupspakker inkluderer alt fra en privat sandbanke-ceremoni til et krydstogt i solnedgangen. Resortets forpligtelse til b\u00e6redygtighed tilf\u00f8jer et milj\u00f8venligt touch til din s\u00e6rlige dag.<\/p>\n\n\t\t<\/div>\n\t<\/div>\n<\/div><\/div><\/div><\/div><div class=\"vc_row wpb_row vc_row-fluid\"><div class=\"wpb_column vc_column_container vc_col-sm-3\"><div class=\"vc_column-inner\"><div class=\"wpb_wrapper\">\n\t<div  class=\"wpb_single_image wpb_content_element vc_align_left wpb_content_element\">\n\t\t\n\t\t<figure class=\"wpb_wrapper vc_figure\">\n\t\t\t<div class=\"vc_single_image-wrapper   vc_box_border_grey\"><img loading=\"lazy\" decoding=\"async\" width=\"150\" height=\"150\" src=\"https:\/\/maldives-paradise.com\/wp-content\/uploads\/2024\/06\/velaa-private-island-wedding-150x150.jpg\" class=\"vc_single_image-img attachment-thumbnail\" alt=\"\" title=\"velaa-privat-\u00f8-bryllup\" \/><\/div>\n\t\t<\/figure>\n\t<\/div>\n<\/div><\/div><\/div><div class=\"wpb_column vc_column_container vc_col-sm-9\"><div class=\"vc_column-inner\"><div class=\"wpb_wrapper\">\n\t<div class=\"wpb_text_column wpb_content_element\" >\n\t\t<div class=\"wpb_wrapper\">\n\t\t\t<h4><a href=\"https:\/\/trip.tpo.lv\/5ucKKYji\" target=\"_blank\" rel=\"nofollow noopener\">Velaa Private Island<\/a><\/h4>\n<p>Velaa Private Island er indbegrebet af luksus og eksklusivitet. Dette resort, der ligger p\u00e5 en privat \u00f8 i Noonu-atollen, har 47 villaer, hver med sin egen pool. Velaa tilbyder skr\u00e6ddersyede bryllupspakker skr\u00e6ddersyet til parrets pr\u00e6ferencer. Fra intime ceremonier p\u00e5 en afsondret strand til storsl\u00e5ede festligheder i resortets uds\u00f8gte spillesteder, Velaa Private Island sikrer en magisk bryllupsoplevelse.<\/p>\n\n\t\t<\/div>\n\t<\/div>\n<\/div><\/div><\/div><\/div><div class=\"vc_row wpb_row vc_row-fluid\"><div class=\"wpb_column vc_column_container vc_col-sm-3\"><div class=\"vc_column-inner\"><div class=\"wpb_wrapper\">\n\t<div  class=\"wpb_single_image wpb_content_element vc_align_left wpb_content_element\">\n\t\t\n\t\t<figure class=\"wpb_wrapper vc_figure\">\n\t\t\t<div class=\"vc_single_image-wrapper   vc_box_border_grey\"><img loading=\"lazy\" decoding=\"async\" width=\"150\" height=\"150\" src=\"https:\/\/maldives-paradise.com\/wp-content\/uploads\/2024\/06\/st-regis-wedding-150x150.jpg\" class=\"vc_single_image-img attachment-thumbnail\" alt=\"Bryllup p\u00e5 St. Regis Maldives Vommuli Resort\" title=\"st-regis-bryllup\" \/><\/div>\n\t\t<\/figure>\n\t<\/div>\n<\/div><\/div><\/div><div class=\"wpb_column vc_column_container vc_col-sm-9\"><div class=\"vc_column-inner\"><div class=\"wpb_wrapper\">\n\t<div class=\"wpb_text_column wpb_content_element\" >\n\t\t<div class=\"wpb_wrapper\">\n\t\t\t<h4><a href=\"https:\/\/trip.tpo.lv\/2x3dIFEs\" target=\"_blank\" rel=\"nofollow noopener\">St. Regis Maldiverne Vommuli Resort<\/a><\/h4>\n<p>St. Regis Maldives Vommuli Resort kombinerer moderne design med maldivisk charme. Dette resort tilbyder betagende m\u00f8desteder til bryllupper, herunder Iridium Spa over vandet og St. Regis Suite ved stranden. Resortets bryllupsspecialister hj\u00e6lper med at skabe personlige ceremonier, uanset om du forestiller dig et traditionelt maldivisk bryllup eller en moderne fest. De luksuri\u00f8se villaer og enest\u00e5ende spisemuligheder g\u00f8r det til et ideelt valg til et bryllup og en bryllupsrejse.<\/p>\n\n\t\t<\/div>\n\t<\/div>\n<\/div><\/div><\/div><\/div><div class=\"vc_row wpb_row vc_row-fluid\"><div class=\"wpb_column vc_column_container vc_col-sm-3\"><div class=\"vc_column-inner\"><div class=\"wpb_wrapper\">\n\t<div  class=\"wpb_single_image wpb_content_element vc_align_left wpb_content_element\">\n\t\t\n\t\t<figure class=\"wpb_wrapper vc_figure\">\n\t\t\t<div class=\"vc_single_image-wrapper   vc_box_border_grey\"><img loading=\"lazy\" decoding=\"async\" width=\"150\" height=\"150\" src=\"https:\/\/maldives-paradise.com\/wp-content\/uploads\/2024\/06\/Gili-Lankanfushi-Maldives-wedding-150x150.jpg\" class=\"vc_single_image-img attachment-thumbnail\" alt=\"Bryllup p\u00e5 Gili Lankanfushi\" title=\"Gili-Lankanfushi-Maldiverne-bryllup\" \/><\/div>\n\t\t<\/figure>\n\t<\/div>\n<\/div><\/div><\/div><div class=\"wpb_column vc_column_container vc_col-sm-9\"><div class=\"vc_column-inner\"><div class=\"wpb_wrapper\">\n\t<div class=\"wpb_text_column wpb_content_element\" >\n\t\t<div class=\"wpb_wrapper\">\n\t\t\t<h4><a href=\"https:\/\/trip.tpo.lv\/yIcxe2hb\" target=\"_blank\" rel=\"nofollow noopener\">Gili Lankanfushi<\/a><\/h4>\n<p>Gili Lankanfushi er et luksuri\u00f8st \u00f8ko-resort, der byder p\u00e5 intime og romantiske rammer for bryllupper. Kendt for sine overvandsvillaer og forpligtelse til b\u00e6redygtighed, Gili Lankanfushi giver en fredfyldt kulisse for din specielle dag. Bryllupspakker inkluderer en dedikeret bryllupsplanl\u00e6gger, blomsterarrangementer og et krydstogt ved solnedgang. Resortets &quot;No News, No Shoes&quot;-filosofi sikrer en afslappet og stressfri bryllupsoplevelse.<\/p>\n\n\t\t<\/div>\n\t<\/div>\n<\/div><\/div><\/div><\/div><div class=\"vc_row wpb_row vc_row-fluid\"><div class=\"wpb_column vc_column_container vc_col-sm-3\"><div class=\"vc_column-inner\"><div class=\"wpb_wrapper\">\n\t<div  class=\"wpb_single_image wpb_content_element vc_align_left wpb_content_element\">\n\t\t\n\t\t<figure class=\"wpb_wrapper vc_figure\">\n\t\t\t<div class=\"vc_single_image-wrapper   vc_box_border_grey\"><img loading=\"lazy\" decoding=\"async\" width=\"150\" height=\"150\" src=\"https:\/\/maldives-paradise.com\/wp-content\/uploads\/2024\/06\/four-seasons-wedding-150x150.jpg\" class=\"vc_single_image-img attachment-thumbnail\" alt=\"Four Seasons Resort Maldiverne ved Landaa Giraavaru\" title=\"fire-s\u00e6son-bryllup\" \/><\/div>\n\t\t<\/figure>\n\t<\/div>\n<\/div><\/div><\/div><div class=\"wpb_column vc_column_container vc_col-sm-9\"><div class=\"vc_column-inner\"><div class=\"wpb_wrapper\">\n\t<div class=\"wpb_text_column wpb_content_element\" >\n\t\t<div class=\"wpb_wrapper\">\n\t\t\t<h4><a href=\"https:\/\/trip.tpo.lv\/zgtY38IJ\" target=\"_blank\" rel=\"nofollow noopener\">Four Seasons Resort Maldiverne ved Landaa Giraavaru<\/a><\/h4>\n<p>Four Seasons Resort Maldives at Landaa Giraavaru ligger i Baa-atollen og er en oase af luksus og ro. Resortet tilbyder forskellige bryllupssteder, fra en privat sandbanke til en traditionel maldivisk dhoni (b\u00e5d). Four Seasons bryllupsteam hj\u00e6lper med alle detaljer, herunder skr\u00e6ddersyede menuer, blomsterarrangementer og underholdning. Resortets ayurvediske spa- og wellness-programmer giver en perfekt start p\u00e5 et harmonisk \u00e6gteskabsliv.<\/p>\n\n\t\t<\/div>\n\t<\/div>\n<\/div><\/div><\/div><\/div><div class=\"vc_row wpb_row vc_row-fluid\"><div class=\"wpb_column vc_column_container vc_col-sm-3\"><div class=\"vc_column-inner\"><div class=\"wpb_wrapper\">\n\t<div  class=\"wpb_single_image wpb_content_element vc_align_left wpb_content_element\">\n\t\t\n\t\t<figure class=\"wpb_wrapper vc_figure\">\n\t\t\t<div class=\"vc_single_image-wrapper   vc_box_border_grey\"><img loading=\"lazy\" decoding=\"async\" width=\"150\" height=\"150\" src=\"https:\/\/maldives-paradise.com\/wp-content\/uploads\/2024\/06\/com-maalifushi-wedding-150x150.jpg\" class=\"vc_single_image-img attachment-thumbnail\" alt=\"Bryllup hos COMO Maalifushi\" title=\"com-maalifushi-bryllup\" \/><\/div>\n\t\t<\/figure>\n\t<\/div>\n<\/div><\/div><\/div><div class=\"wpb_column vc_column_container vc_col-sm-9\"><div class=\"vc_column-inner\"><div class=\"wpb_wrapper\">\n\t<div class=\"wpb_text_column wpb_content_element\" >\n\t\t<div class=\"wpb_wrapper\">\n\t\t\t<h4><a href=\"https:\/\/lamp.glopss.com\/SHU9\" target=\"_blank\" rel=\"nofollow noopener\">COMO Maalifushi<\/a><\/h4>\n<p>COMO Maalifushi er det eneste feriested i den uber\u00f8rte Thaa Atoll, der tilbyder en unik og privat bryllupsoplevelse. Resortet byder p\u00e5 elegante overvands- og strandvillaer, der giver fantastiske rammer for bryllupsceremonier. COMO Maalifushis bryllupspakker inkluderer personlige tjenester s\u00e5som fotografering, video og en bryllupskoordinator. Resortets COMO Shambhala Retreat sikrer afslapning og foryngelse f\u00f8r og efter brylluppet.<\/p>\n\n\t\t<\/div>\n\t<\/div>\n<\/div><\/div><\/div><\/div><div class=\"vc_row wpb_row vc_row-fluid\"><div class=\"wpb_column vc_column_container vc_col-sm-3\"><div class=\"vc_column-inner\"><div class=\"wpb_wrapper\">\n\t<div  class=\"wpb_single_image wpb_content_element vc_align_left wpb_content_element\">\n\t\t\n\t\t<figure class=\"wpb_wrapper vc_figure\">\n\t\t\t<div class=\"vc_single_image-wrapper   vc_box_border_grey\"><img loading=\"lazy\" decoding=\"async\" width=\"150\" height=\"150\" src=\"https:\/\/maldives-paradise.com\/wp-content\/uploads\/2024\/06\/Conrad-Maldives-Rangali-Wedding-Ithaa-Undersee2-150x150.jpg\" class=\"vc_single_image-img attachment-thumbnail\" alt=\"Bryllup p\u00e5 Conrad Maldiverne Rangali Island\" title=\"Conrad-Maldiverne-Rangali-Bryllup-Ithaa-Undersee2\" \/><\/div>\n\t\t<\/figure>\n\t<\/div>\n<\/div><\/div><\/div><div class=\"wpb_column vc_column_container vc_col-sm-9\"><div class=\"vc_column-inner\"><div class=\"wpb_wrapper\">\n\t<div class=\"wpb_text_column wpb_content_element\" >\n\t\t<div class=\"wpb_wrapper\">\n\t\t\t<h4><a href=\"https:\/\/trip.tpo.lv\/6j29svud\" target=\"_blank\" rel=\"nofollow noopener\">Conrad Maldiverne Rangali Island<\/a><\/h4>\n<p>Conrad Maldives Rangali Island er ber\u00f8mt for sin undervandsrestaurant, Ithaa, og luksuri\u00f8se villaer. Resortet tilbyder unikke bryllupssteder, herunder en undervandsceremoni eller en fest ved stranden. Conrads bryllupspakker er omfattende, inklusive alt fra dekorationer til juridiske arrangementer. Resortets tvillinge\u00f8er giver forskellige oplevelser, hvilket g\u00f8r det til et perfekt valg til et bryllup og bryllupsrejse.<\/p>\n\n\t\t<\/div>\n\t<\/div>\n<\/div><\/div><\/div><\/div><div class=\"vc_row wpb_row vc_row-fluid\"><div class=\"wpb_column vc_column_container vc_col-sm-3\"><div class=\"vc_column-inner\"><div class=\"wpb_wrapper\">\n\t<div  class=\"wpb_single_image wpb_content_element vc_align_left wpb_content_element\">\n\t\t\n\t\t<figure class=\"wpb_wrapper vc_figure\">\n\t\t\t<div class=\"vc_single_image-wrapper   vc_box_border_grey\"><img loading=\"lazy\" decoding=\"async\" width=\"150\" height=\"150\" src=\"https:\/\/maldives-paradise.com\/wp-content\/uploads\/2024\/06\/hideaway-weddings-150x150.jpg\" class=\"vc_single_image-img attachment-thumbnail\" alt=\"\" title=\"gemmested-bryllup\" \/><\/div>\n\t\t<\/figure>\n\t<\/div>\n<\/div><\/div><\/div><div class=\"wpb_column vc_column_container vc_col-sm-9\"><div class=\"vc_column-inner\"><div class=\"wpb_wrapper\">\n\t<div class=\"wpb_text_column wpb_content_element\" >\n\t\t<div class=\"wpb_wrapper\">\n\t\t\t<h4><a href=\"https:\/\/lamp.glopss.com\/aff_c?offer_id=1384&amp;aff_id=1834\" target=\"_blank\" rel=\"nofollow noopener\">Hideaway Beach Resort &amp; Spa<\/a><\/h4>\n<p>Hideaway Beach Resort &amp; Spa er et luksuri\u00f8st feriested beliggende i Haa Alifu-atollen. Dette resort er kendt for sine rummelige villaer og private omgivelser, og det er ideelt for par, der s\u00f8ger en intim bryllupsoplevelse. Resortet tilbyder forskellige bryllupspakker, herunder strandceremonier og solnedgangsreceptioner. Personlige tjenester s\u00e5som bryllupsplanl\u00e6ggere, blomsterarrangementer og fotografering sikrer, at alle detaljer er perfekte. Resortets romantiske atmosf\u00e6re og afsondrede beliggenhed g\u00f8r det til et topvalg til destinationsbryllup.<\/p>\n\n\t\t<\/div>\n\t<\/div>\n<\/div><\/div><\/div><\/div><div class=\"vc_row wpb_row vc_row-fluid\"><div class=\"wpb_column vc_column_container vc_col-sm-3\"><div class=\"vc_column-inner\"><div class=\"wpb_wrapper\">\n\t<div  class=\"wpb_single_image wpb_content_element vc_align_left wpb_content_element\">\n\t\t\n\t\t<figure class=\"wpb_wrapper vc_figure\">\n\t\t\t<div class=\"vc_single_image-wrapper   vc_box_border_grey\"><img loading=\"lazy\" decoding=\"async\" width=\"150\" height=\"150\" src=\"https:\/\/maldives-paradise.com\/wp-content\/uploads\/2024\/06\/Komandoo-Wedding-150x150.jpg\" class=\"vc_single_image-img attachment-thumbnail\" alt=\"Bryllup p\u00e5 Komandoo Island Resort &amp; Spa\" title=\"Komandoo-bryllup\" \/><\/div>\n\t\t<\/figure>\n\t<\/div>\n<\/div><\/div><\/div><div class=\"wpb_column vc_column_container vc_col-sm-9\"><div class=\"vc_column-inner\"><div class=\"wpb_wrapper\">\n\t<div class=\"wpb_text_column wpb_content_element\" >\n\t\t<div class=\"wpb_wrapper\">\n\t\t\t<h4><a href=\"https:\/\/hotellook.tp.st\/m18hEKIZ\" target=\"_blank\" rel=\"nofollow noopener\">Komandoo Island Resort &amp; Spa<\/a><\/h4>\n<p>Komandoo Island Resort &amp; Spa, som ligger i Lhaviyani Atoll, er et feriested kun for voksne, der lover en fredfyldt og romantisk atmosf\u00e6re. Dette boutique-resort tilbyder villaer ved stranden og over vandet, som giver fantastiske baggrunde for bryllupsceremonier. Komandoos bryllupspakker inkluderer alt fra traditionelle maldiviske velsignelser til moderne festligheder. Resortets erfarne team hj\u00e6lper med planl\u00e6gningen, hvilket sikrer en stressfri og mindev\u00e6rdig bryllupsdag. Par kan nyde en romantisk middag med levende lys og nyde spabehandlinger for en komplet bryllupsoplevelse.<\/p>\n\n\t\t<\/div>\n\t<\/div>\n<\/div><\/div><\/div><\/div><div class=\"vc_row wpb_row vc_row-fluid\"><div class=\"wpb_column vc_column_container vc_col-sm-3\"><div class=\"vc_column-inner\"><div class=\"wpb_wrapper\">\n\t<div  class=\"wpb_single_image wpb_content_element vc_align_left wpb_content_element\">\n\t\t\n\t\t<figure class=\"wpb_wrapper vc_figure\">\n\t\t\t<div class=\"vc_single_image-wrapper   vc_box_border_grey\"><img loading=\"lazy\" decoding=\"async\" width=\"150\" height=\"150\" src=\"https:\/\/maldives-paradise.com\/wp-content\/uploads\/2024\/06\/hurawalhi-wedding-1-150x150.jpg\" class=\"vc_single_image-img attachment-thumbnail\" alt=\"Bryllup p\u00e5 Hurawalhi Island Resort\" title=\"hurawalhi-bryllup-1\" \/><\/div>\n\t\t<\/figure>\n\t<\/div>\n<\/div><\/div><\/div><div class=\"wpb_column vc_column_container vc_col-sm-9\"><div class=\"vc_column-inner\"><div class=\"wpb_wrapper\">\n\t<div class=\"wpb_text_column wpb_content_element\" >\n\t\t<div class=\"wpb_wrapper\">\n\t\t\t<h4><a href=\"https:\/\/hotellook.tp.st\/6FluoLuO\" target=\"_blank\" rel=\"nofollow noopener\">Hurawalhi Island Resort<\/a><\/h4>\n<p>Hurawalhi Island Resort, beliggende i Lhaviyani Atoll, er kendt for sin luksus og eksklusivitet. Resortet har verdens st\u00f8rste unders\u00f8iske restaurant helt i glas, der tilbyder et unikt bryllupssted. Hurawalhis bryllupspakker im\u00f8dekommer forskellige pr\u00e6ferencer, herunder strandceremonier og undervandsbryllup. Resortet tilbyder omfattende tjenester, herunder bryllupsplanl\u00e6ggere, dekorationer og underholdning. De luksuri\u00f8se villaer og enest\u00e5ende spisemuligheder g\u00f8r Hurawalhi til et fremragende valg til et bryllup og bryllupsrejse.<\/p>\n\n\t\t<\/div>\n\t<\/div>\n<\/div><\/div><\/div><\/div><div class=\"vc_row wpb_row vc_row-fluid\"><div class=\"wpb_column vc_column_container vc_col-sm-3\"><div class=\"vc_column-inner\"><div class=\"wpb_wrapper\">\n\t<div  class=\"wpb_single_image wpb_content_element vc_align_left wpb_content_element\">\n\t\t\n\t\t<figure class=\"wpb_wrapper vc_figure\">\n\t\t\t<div class=\"vc_single_image-wrapper   vc_box_border_grey\"><img loading=\"lazy\" decoding=\"async\" width=\"150\" height=\"150\" src=\"https:\/\/maldives-paradise.com\/wp-content\/uploads\/2024\/06\/kandima-maldives-wedding-150x150.jpg\" class=\"vc_single_image-img attachment-thumbnail\" alt=\"Bryllup p\u00e5 Kandima Maldiverne\" title=\"kandima-maldiverne-bryllup\" \/><\/div>\n\t\t<\/figure>\n\t<\/div>\n<\/div><\/div><\/div><div class=\"wpb_column vc_column_container vc_col-sm-9\"><div class=\"vc_column-inner\"><div class=\"wpb_wrapper\">\n\t<div class=\"wpb_text_column wpb_content_element\" >\n\t\t<div class=\"wpb_wrapper\">\n\t\t\t<h4><a href=\"https:\/\/lamp.glopss.com\/SHUV\" target=\"_blank\" rel=\"nofollow noopener\">Kandima Maldiverne<\/a><\/h4>\n<p>Kandima Maldives, beliggende i Dhaalu Atoll, er et levende og stilfuldt feriested, der tilbyder en blanding af luksus og sjov. Resortet byder p\u00e5 en r\u00e6kke bryllupssteder, fra strandsteder til pavilloner over vandet. Kandimas bryllupspakker inkluderer personlige tjenester s\u00e5som bryllupskoordinatorer, blomsterarrangementer og live underholdning. Resortets omfattende faciliteter, herunder flere spisemuligheder og et wellness-center, sikrer en mindev\u00e6rdig oplevelse for par og deres g\u00e6ster. Kandimas unikke blanding af luksus og legende stemning g\u00f8r det til et ideelt valg til et moderne bryllup.<\/p>\n<p><strong>Konklusion<\/strong><\/p>\n<p>At v\u00e6lge Maldiverne til dit bryllup garanterer maleriske rammer og en uforglemmelig oplevelse. Disse luksusresorts tilbyder personlig service, betagende spillesteder og enest\u00e5ende g\u00e6stfrihed, hvilket sikrer, at din bryllupsdag er perfekt. Uanset om du dr\u00f8mmer om en storsl\u00e5et fest eller en intim ceremoni, har Maldiverne det perfekte luksusresort til at g\u00f8re din bryllupsdag til et v\u00e6rdsat minde.<\/p>\n\n\t\t<\/div>\n\t<\/div>\n<\/div><\/div><\/div><\/div><div class=\"vc_row wpb_row vc_row-fluid\"><div class=\"wpb_column vc_column_container vc_col-sm-12\"><div class=\"vc_column-inner\"><div class=\"wpb_wrapper\">\n\t<div class=\"wpb_text_column wpb_content_element\" >\n\t\t<div class=\"wpb_wrapper\">\n\t\t\t<p><a href=\"http:\/\/maldives-paradise.com\/da\/tag\/bryllup-maldiverne\/\"><strong>Mere om bryllupper p\u00e5 Maldiverne<\/strong><\/a><\/p>\n<p><strong><a title=\"De 12 bedste bryllupsrejseresorter i Maldiverne\" href=\"https:\/\/maldives-paradise.com\/da\/de-12-bedste-bryllupsrejseresorts-i-maldiverne\/\">De bedste bryllupsrejseresorter i Maldiverne<\/a><\/strong><\/p>\n\n\t\t<\/div>\n\t<\/div>\n<\/div><\/div><\/div><\/div>\n<\/div>","protected":false},"excerpt":{"rendered":"<div class=\"mh-excerpt\"><\/div>","protected":false},"author":1,"featured_media":17433,"parent":0,"menu_order":0,"comment_status":"closed","ping_status":"closed","template":"","meta":{"footnotes":""},"class_list":["post-17432","page","type-page","status-publish","has-post-thumbnail"],"aioseo_notices":[],"_links":{"self":[{"href":"https:\/\/maldives-paradise.com\/da\/wp-json\/wp\/v2\/pages\/17432","targetHints":{"allow":["GET"]}}],"collection":[{"href":"https:\/\/maldives-paradise.com\/da\/wp-json\/wp\/v2\/pages"}],"about":[{"href":"https:\/\/maldives-paradise.com\/da\/wp-json\/wp\/v2\/types\/page"}],"author":[{"embeddable":true,"href":"https:\/\/maldives-paradise.com\/da\/wp-json\/wp\/v2\/users\/1"}],"replies":[{"embeddable":true,"href":"https:\/\/maldives-paradise.com\/da\/wp-json\/wp\/v2\/comments?post=17432"}],"version-history":[{"count":7,"href":"https:\/\/maldives-paradise.com\/da\/wp-json\/wp\/v2\/pages\/17432\/revisions"}],"predecessor-version":[{"id":45313,"href":"https:\/\/maldives-paradise.com\/da\/wp-json\/wp\/v2\/pages\/17432\/revisions\/45313"}],"wp:featuredmedia":[{"embeddable":true,"href":"https:\/\/maldives-paradise.com\/da\/wp-json\/wp\/v2\/media\/17433"}],"wp:attachment":[{"href":"https:\/\/maldives-paradise.com\/da\/wp-json\/wp\/v2\/media?parent=17432"}],"curies":[{"name":"wp","href":"https:\/\/api.w.org\/{rel}","templated":true}]}}