{"id":17305,"date":"2024-06-13T06:11:08","date_gmt":"2024-06-13T06:11:08","guid":{"rendered":"http:\/\/maldives-paradise.com\/?page_id=17305"},"modified":"2025-11-26T09:27:13","modified_gmt":"2025-11-26T09:27:13","slug":"de-12-bedste-bryllupsrejseresorts-i-maldiverne","status":"publish","type":"page","link":"https:\/\/maldives-paradise.com\/da\/de-12-bedste-bryllupsrejseresorts-i-maldiverne\/","title":{"rendered":"De bedste bryllupsrejseresorter i Maldiverne"},"content":{"rendered":"<div class=\"wpb-content-wrapper\"><div class=\"vc_row wpb_row vc_row-fluid\"><div class=\"wpb_column vc_column_container vc_col-sm-12\"><div class=\"vc_column-inner\"><div class=\"wpb_wrapper\">\n\t<div class=\"wpb_text_column wpb_content_element\" >\n\t\t<div class=\"wpb_wrapper\">\n\t\t\t<h4>Oplev de bedste luksusresorter p\u00e5 Maldiverne til en dr\u00f8mmebryllupsrejse<\/h4>\n<p>Maldiverne, et tropisk paradis, er synonymt med romantik, luksus og uovertruffen naturlig sk\u00f8nhed. Perfekt til bryllupsrejser, Maldiverne byder p\u00e5 et utal af uds\u00f8gte resorts, der hver lover en uforglemmelig oplevelse. Her udforsker vi nogle af de bedste luksusresorts p\u00e5 Maldiverne, der henvender sig specifikt til nygifte, der s\u00f8ger en perfekt blanding af romantik, afslapning og eventyr.<\/p>\n<p>Forestil dig at v\u00e5gne op i en villa over vandet med panoramaudsigt over havet, tr\u00e6de direkte ud i det turkise vand fra dit d\u00e6k og nyde middage med levende lys p\u00e5 en afsondret strand. Resorts p\u00e5 Maldiverne henvender sig til bryllupsrejser med personlige oplevelser, herunder private \u00f8-picnics, romantiske solnedgangskrydstogter og skr\u00e6ddersyede spa-behandlinger. Med uber\u00f8rte hvide sandstrande, pulserende koralrev til snorkling og en r\u00e6kke spisemuligheder i verdensklasse, lover en bryllupsrejse p\u00e5 Maldiverne uforglemmelige minder og den perfekte start p\u00e5 livet sammen.<\/p>\n\n\t\t<\/div>\n\t<\/div>\n<\/div><\/div><\/div><\/div><div class=\"vc_row wpb_row vc_row-fluid\"><div class=\"wpb_column vc_column_container vc_col-sm-3\"><div class=\"vc_column-inner\"><div class=\"wpb_wrapper\">\n\t<div  class=\"wpb_single_image wpb_content_element vc_align_left wpb_content_element\">\n\t\t\n\t\t<figure class=\"wpb_wrapper vc_figure\">\n\t\t\t<div class=\"vc_single_image-wrapper   vc_box_border_grey\"><img loading=\"lazy\" decoding=\"async\" width=\"150\" height=\"150\" src=\"https:\/\/maldives-paradise.com\/wp-content\/uploads\/2024\/06\/soneva-jani_Sonu-and-Eva-Shivdasani-150x150.jpg\" class=\"vc_single_image-img attachment-thumbnail\" alt=\"Soneva Jani\" title=\"soneva-jani_Sonu-og-Eva-Shivdasani\" \/><\/div>\n\t\t<\/figure>\n\t<\/div>\n<\/div><\/div><\/div><div class=\"wpb_column vc_column_container vc_col-sm-9\"><div class=\"vc_column-inner\"><div class=\"wpb_wrapper\">\n\t<div class=\"wpb_text_column wpb_content_element\" >\n\t\t<div class=\"wpb_wrapper\">\n\t\t\t<h4><a href=\"https:\/\/trip.tpo.lv\/xo5FXwOD\" target=\"_blank\" rel=\"nofollow noopener\">Soneva Jani<\/a><\/h4>\n<p>Soneva Jani er indbegrebet af luksus, og tilbyder overvandsvillaer, der omdefinerer overd\u00e5dighed. Hver villa er rummelig og har en privat pool, udtr\u00e6kkeligt tag til stjernekiggeri og direkte adgang til lagunen. Bryllupsrejsende kan nyde feriestedets skr\u00e6ddersyede tjenester, fra intime middage p\u00e5 afsondrede sandbanker til spa-behandlinger skr\u00e6ddersyet til par. Soneva Janis milj\u00f8venlige etos tilf\u00f8jer et strejf af b\u00e6redygtighed til din romantiske ferie.<\/p>\n<p><strong>H\u00f8jdepunkter:<\/strong><\/p>\n<p>\u2013 Private overvandsvillaer med pools<br \/>\n\u2013 Skr\u00e6ddersyede madoplevelser<br \/>\n\u2013 Enest\u00e5ende spa-faciliteter<\/p>\n\n\t\t<\/div>\n\t<\/div>\n<\/div><\/div><\/div><\/div><div class=\"vc_row wpb_row vc_row-fluid\"><div class=\"wpb_column vc_column_container vc_col-sm-3\"><div class=\"vc_column-inner\"><div class=\"wpb_wrapper\">\n\t<div  class=\"wpb_single_image wpb_content_element vc_align_left wpb_content_element\">\n\t\t\n\t\t<figure class=\"wpb_wrapper vc_figure\">\n\t\t\t<div class=\"vc_single_image-wrapper   vc_box_border_grey\"><img loading=\"lazy\" decoding=\"async\" width=\"150\" height=\"150\" src=\"https:\/\/maldives-paradise.com\/wp-content\/uploads\/2024\/06\/Conrad-Maldives-Rangali-Wedding-Ithaa-Undersee-150x150.jpg\" class=\"vc_single_image-img attachment-thumbnail\" alt=\"Conrad Maldiverne Rangali Island\" title=\"Conrad-Maldiverne-Rangali-Bryllup-Ithaa-Undersee\" \/><\/div>\n\t\t<\/figure>\n\t<\/div>\n<\/div><\/div><\/div><div class=\"wpb_column vc_column_container vc_col-sm-9\"><div class=\"vc_column-inner\"><div class=\"wpb_wrapper\">\n\t<div class=\"wpb_text_column wpb_content_element\" >\n\t\t<div class=\"wpb_wrapper\">\n\t\t\t<h4><a href=\"https:\/\/trip.tpo.lv\/6j29svud\" target=\"_blank\" rel=\"nofollow noopener\">Conrad Maldiverne Rangali Island<\/a><\/h4>\n<p>Ber\u00f8mt for sin undervandsrestaurant, Ithaa, Conrad Maldives Rangali Island er et feriested med to \u00f8er, der tilbyder en unik blanding af luksus og natur. Bryllupsrejsende kan bo i luksuri\u00f8se villaer med private pools og direkte adgang til stranden eller lagunen. Resortet tilbyder personlige oplevelser, s\u00e5som delfinkrydstogter i solnedgangen og pars spa-behandlinger, hvilket sikrer en mindev\u00e6rdig bryllupsrejse.<\/p>\n<p><strong>H\u00f8jdepunkter:<\/strong><\/p>\n<p>\u2013 Ithaa Undersea Restaurant<br \/>\n\u2013 Luksuri\u00f8se strand- og overvandsvillaer<br \/>\n\u2013 Skr\u00e6ddersyede romantiske udflugter<\/p>\n\n\t\t<\/div>\n\t<\/div>\n<\/div><\/div><\/div><\/div><div class=\"vc_row wpb_row vc_row-fluid\"><div class=\"wpb_column vc_column_container vc_col-sm-3\"><div class=\"vc_column-inner\"><div class=\"wpb_wrapper\">\n\t<div  class=\"wpb_single_image wpb_content_element vc_align_left wpb_content_element\">\n\t\t\n\t\t<figure class=\"wpb_wrapper vc_figure\">\n\t\t\t<div class=\"vc_single_image-wrapper   vc_box_border_grey\"><img loading=\"lazy\" decoding=\"async\" width=\"150\" height=\"150\" src=\"https:\/\/maldives-paradise.com\/wp-content\/uploads\/2024\/06\/The-St.-Regis-Maldives-Vommuli-Resort-honeymoon-150x150.jpg\" class=\"vc_single_image-img attachment-thumbnail\" alt=\"St. Regis Maldiverne Vommuli Resort\" title=\"St. Regis Maldiverne Vommuli Resort-bryllupsrejse\" \/><\/div>\n\t\t<\/figure>\n\t<\/div>\n<\/div><\/div><\/div><div class=\"wpb_column vc_column_container vc_col-sm-9\"><div class=\"vc_column-inner\"><div class=\"wpb_wrapper\">\n\t<div class=\"wpb_text_column wpb_content_element\" >\n\t\t<div class=\"wpb_wrapper\">\n\t\t\t<h4><a href=\"https:\/\/trip.tpo.lv\/2x3dIFEs\" target=\"_blank\" rel=\"nofollow noopener\">St. Regis Maldiverne Vommuli Resort<\/a><\/h4>\n<p>St. Regis Maldives Vommuli Resort er et uds\u00f8gt tilflugtssted, der tilbyder et uovertruffent niveau af service og luksus. Overvands- og strandvillaerne har private pools og en fantastisk udsigt over Det Indiske Ocean. Par kan nyde personlig butlerservice, gourmetmiddag og en spa i verdensklasse. Resortets karakteristiske Whale Bar er perfekt til at se betagende solnedgange sammen.<\/p>\n<p><strong>H\u00f8jdepunkter:<\/strong><\/p>\n<p>\u2013 Luksuri\u00f8se villaer med private pools<br \/>\n\u2013 Personlig butlerservice<br \/>\n\u2013 Whale Bar med en fantastisk udsigt over solnedgangen<\/p>\n\n\t\t<\/div>\n\t<\/div>\n<\/div><\/div><\/div><\/div><div class=\"vc_row wpb_row vc_row-fluid\"><div class=\"wpb_column vc_column_container vc_col-sm-3\"><div class=\"vc_column-inner\"><div class=\"wpb_wrapper\">\n\t<div  class=\"wpb_single_image wpb_content_element vc_align_left wpb_content_element\">\n\t\t\n\t\t<figure class=\"wpb_wrapper vc_figure\">\n\t\t\t<div class=\"vc_single_image-wrapper   vc_box_border_grey\"><img loading=\"lazy\" decoding=\"async\" width=\"150\" height=\"150\" src=\"https:\/\/maldives-paradise.com\/wp-content\/uploads\/2024\/06\/OneOnly-Reethi-Rah-honeymoon-150x150.jpg\" class=\"vc_single_image-img attachment-thumbnail\" alt=\"One&amp;Only Reethi Rah\" title=\"One&amp;Only Reethi Rah-bryllupsrejse\" \/><\/div>\n\t\t<\/figure>\n\t<\/div>\n<\/div><\/div><\/div><div class=\"wpb_column vc_column_container vc_col-sm-9\"><div class=\"vc_column-inner\"><div class=\"wpb_wrapper\">\n\t<div class=\"wpb_text_column wpb_content_element\" >\n\t\t<div class=\"wpb_wrapper\">\n\t\t\t<h4><a href=\"https:\/\/hotellook.tp.st\/AH0DpGXS\" target=\"_blank\" rel=\"nofollow noopener\">One&amp;Only Reethi Rah<\/a><\/h4>\n<p>One&amp;Only Reethi Rah er kendt for sin eksklusive stemning og enest\u00e5ende service. Resortets villaer er designet til maksimal privatliv og luksus, hver med direkte adgang til stranden eller lagunen. Bryllupsrejsende kan nyde private spiseoplevelser, sejlads i solnedgang og foryngende spa-behandlinger. Resortet tilbyder ogs\u00e5 en r\u00e6kke vandsportsaktiviteter og udflugter for eventyrlystne par.<\/p>\n<p><strong>H\u00f8jdepunkter:<\/strong><\/p>\n<p>\u2013 Privat strand og overvandsvillaer<br \/>\n\u2013 Eksklusive madoplevelser<br \/>\n\u2013 Omfattende vandsport og udflugter<\/p>\n\n\t\t<\/div>\n\t<\/div>\n<\/div><\/div><\/div><\/div><div class=\"vc_row wpb_row vc_row-fluid\"><div class=\"wpb_column vc_column_container vc_col-sm-3\"><div class=\"vc_column-inner\"><div class=\"wpb_wrapper\">\n\t<div  class=\"wpb_single_image wpb_content_element vc_align_left wpb_content_element\">\n\t\t\n\t\t<figure class=\"wpb_wrapper vc_figure\">\n\t\t\t<div class=\"vc_single_image-wrapper   vc_box_border_grey\"><img loading=\"lazy\" decoding=\"async\" width=\"150\" height=\"150\" src=\"https:\/\/maldives-paradise.com\/wp-content\/uploads\/2024\/06\/Velaa_Private_Island_Couple-1-150x150.jpg\" class=\"vc_single_image-img attachment-thumbnail\" alt=\"Velaa Private Island\" title=\"Velaa_Privat_Island_Couple-1\" \/><\/div>\n\t\t<\/figure>\n\t<\/div>\n<\/div><\/div><\/div><div class=\"wpb_column vc_column_container vc_col-sm-9\"><div class=\"vc_column-inner\"><div class=\"wpb_wrapper\">\n\t<div class=\"wpb_text_column wpb_content_element\" >\n\t\t<div class=\"wpb_wrapper\">\n\t\t\t<h4><a href=\"https:\/\/trip.tpo.lv\/5ucKKYji\" target=\"_blank\" rel=\"nofollow noopener\">Velaa Private Island<\/a><\/h4>\n<p>For dem, der s\u00f8ger ultimativ afsondrethed og luksus, er Velaa Private Island det perfekte valg. Dette eksklusive resort tilbyder private villaer og boliger med rummelige opholdsomr\u00e5der, pools og en fantastisk havudsigt. Bryllupsrejsende kan nyde skr\u00e6ddersyede oplevelser, s\u00e5som private yachtture, undervandseventyr og skr\u00e6ddersyede wellness-programmer i resortets spa.<\/p>\n<p><strong>H\u00f8jdepunkter:<\/strong><\/p>\n<p>\u2013 Ultraluksuri\u00f8se private villaer<br \/>\n\u2013 Skr\u00e6ddersyede romantiske oplevelser<br \/>\n\u2013 Skr\u00e6ddersyede wellness- og spa-programmer<\/p>\n\n\t\t<\/div>\n\t<\/div>\n<\/div><\/div><\/div><\/div><div class=\"vc_row wpb_row vc_row-fluid\"><div class=\"wpb_column vc_column_container vc_col-sm-3\"><div class=\"vc_column-inner\"><div class=\"wpb_wrapper\">\n\t<div  class=\"wpb_single_image wpb_content_element vc_align_left wpb_content_element\">\n\t\t\n\t\t<figure class=\"wpb_wrapper vc_figure\">\n\t\t\t<div class=\"vc_single_image-wrapper   vc_box_border_grey\"><img loading=\"lazy\" decoding=\"async\" width=\"150\" height=\"150\" src=\"https:\/\/maldives-paradise.com\/wp-content\/uploads\/2024\/06\/Baros-Maldives-150x150.jpg\" class=\"vc_single_image-img attachment-thumbnail\" alt=\"Baros Maldiverne\" title=\"Baros Maldiverne\" \/><\/div>\n\t\t<\/figure>\n\t<\/div>\n<\/div><\/div><\/div><div class=\"wpb_column vc_column_container vc_col-sm-9\"><div class=\"vc_column-inner\"><div class=\"wpb_wrapper\">\n\t<div class=\"wpb_text_column wpb_content_element\" >\n\t\t<div class=\"wpb_wrapper\">\n\t\t\t<h4><a href=\"https:\/\/lamp.glopss.com\/SHUm\" target=\"_blank\" rel=\"nofollow noopener\">Baros Maldiverne<\/a><\/h4>\n<p>Baros Maldives er et intimt feriested kendt for sin personlige service og fredfyldte omgivelser. Resortets villaer er elegant designet og giver direkte adgang til stranden eller lagunen. Par kan nyde romantiske middage p\u00e5 en privat sandbanke, dykkerudflugter for at udforske pulserende koralrev og foryngende spa-behandlinger designet til to.<\/p>\n<p><strong>H\u00f8jdepunkter:<\/strong><\/p>\n<p>\u2013 Intime og fredfyldte omgivelser<br \/>\n\u2013 Privat spisning og udflugter<br \/>\n\u2013 Personlige spabehandlinger<\/p>\n\n\t\t<\/div>\n\t<\/div>\n<\/div><\/div><\/div><\/div><div class=\"vc_row wpb_row vc_row-fluid\"><div class=\"wpb_column vc_column_container vc_col-sm-3\"><div class=\"vc_column-inner\"><div class=\"wpb_wrapper\">\n\t<div  class=\"wpb_single_image wpb_content_element vc_align_left wpb_content_element\">\n\t\t\n\t\t<figure class=\"wpb_wrapper vc_figure\">\n\t\t\t<div class=\"vc_single_image-wrapper   vc_box_border_grey\"><img loading=\"lazy\" decoding=\"async\" width=\"150\" height=\"150\" src=\"https:\/\/maldives-paradise.com\/wp-content\/uploads\/2024\/06\/sixsenses-honeymoon-150x150.jpg\" class=\"vc_single_image-img attachment-thumbnail\" alt=\"Seks sanser Laamu\" title=\"sixsenses-bryllupsrejse\" \/><\/div>\n\t\t<\/figure>\n\t<\/div>\n<\/div><\/div><\/div><div class=\"wpb_column vc_column_container vc_col-sm-9\"><div class=\"vc_column-inner\"><div class=\"wpb_wrapper\">\n\t<div class=\"wpb_text_column wpb_content_element\" >\n\t\t<div class=\"wpb_wrapper\">\n\t\t\t<h4><a href=\"https:\/\/trip.tpo.lv\/ok4LiuYE\" target=\"_blank\" rel=\"nofollow noopener\">Seks sanser Laamu<\/a><\/h4>\n<p>Six Senses Laamu tilbyder en unik blanding af luksus og b\u00e6redygtighed, perfekt til \u00f8ko-bevidste bryllupsrejser. Resortets villaer er lavet af b\u00e6redygtige materialer og tilbyder en fantastisk udsigt over det turkise vand. Par kan nyde private picnic p\u00e5 \u00f8de \u00f8er, snorkle med manta rays og afslappende spa-behandlinger. Resortets v\u00e6gt p\u00e5 wellness og b\u00e6redygtighed tilf\u00f8jer et meningsfuldt touch til din romantiske flugt.<\/p>\n<p><strong>H\u00f8jdepunkter:<\/strong><\/p>\n<p>\u2013 Milj\u00f8venlige luksusvillaer<br \/>\n\u2013 Unikke romantiske oplevelser<br \/>\n\u2013 V\u00e6gt p\u00e5 wellness og b\u00e6redygtighed<\/p>\n\n\t\t<\/div>\n\t<\/div>\n<\/div><\/div><\/div><\/div><div class=\"vc_row wpb_row vc_row-fluid\"><div class=\"wpb_column vc_column_container vc_col-sm-3\"><div class=\"vc_column-inner\"><div class=\"wpb_wrapper\">\n\t<div  class=\"wpb_single_image wpb_content_element vc_align_left wpb_content_element\">\n\t\t\n\t\t<figure class=\"wpb_wrapper vc_figure\">\n\t\t\t<div class=\"vc_single_image-wrapper   vc_box_border_grey\"><img loading=\"lazy\" decoding=\"async\" width=\"150\" height=\"150\" src=\"https:\/\/maldives-paradise.com\/wp-content\/uploads\/2024\/06\/anantara_veli_honeymoon-150x150.jpg\" class=\"vc_single_image-img attachment-thumbnail\" alt=\"Anantara Veli Maldives Resort\" title=\"anantara_veli_bryllupsrejse\" \/><\/div>\n\t\t<\/figure>\n\t<\/div>\n<\/div><\/div><\/div><div class=\"wpb_column vc_column_container vc_col-sm-9\"><div class=\"vc_column-inner\"><div class=\"wpb_wrapper\">\n\t<div class=\"wpb_text_column wpb_content_element\" >\n\t\t<div class=\"wpb_wrapper\">\n\t\t\t<h4><a href=\"https:\/\/lamp.glopss.com\/SHUt\" target=\"_blank\" rel=\"nofollow noopener\">Anantara Veli Maldives Resort<\/a><\/h4>\n<p>Anantara Veli Maldives Resort er et tilflugtssted kun for voksne, perfekt for bryllupsrejser, der s\u00f8ger privatliv og romantik. Resortet byder p\u00e5 elegante bungalows over vandet med direkte adgang til lagunen, private terrasser og en fantastisk havudsigt. Par kan fork\u00e6le sig med spa-behandlinger, krydstogter i solnedgangen og private madoplevelser p\u00e5 stranden eller i deres villa.<\/p>\n<p><strong>H\u00f8jdepunkter:<\/strong><\/p>\n<p>\u2013 Resort kun for voksne<br \/>\n\u2013 Overvandsbungalower med private terrasser<br \/>\n\u2013 Personlige spise- og spaoplevelser<\/p>\n\n\t\t<\/div>\n\t<\/div>\n<\/div><\/div><\/div><\/div><div class=\"vc_row wpb_row vc_row-fluid\"><div class=\"wpb_column vc_column_container vc_col-sm-3\"><div class=\"vc_column-inner\"><div class=\"wpb_wrapper\">\n\t<div  class=\"wpb_single_image wpb_content_element vc_align_left wpb_content_element\">\n\t\t\n\t\t<figure class=\"wpb_wrapper vc_figure\">\n\t\t\t<div class=\"vc_single_image-wrapper   vc_box_border_grey\"><img loading=\"lazy\" decoding=\"async\" width=\"150\" height=\"150\" src=\"https:\/\/maldives-paradise.com\/wp-content\/uploads\/2024\/06\/Hideaway-Beach-Resort-Spa_Celebrate-Romance-150x150.jpg\" class=\"vc_single_image-img attachment-thumbnail\" alt=\"Hideaway Beach Resort &amp; Spa\" title=\"Hideaway Beach Resort &amp; Spa_Celebrate-Romance\" \/><\/div>\n\t\t<\/figure>\n\t<\/div>\n<\/div><\/div><\/div><div class=\"wpb_column vc_column_container vc_col-sm-9\"><div class=\"vc_column-inner\"><div class=\"wpb_wrapper\">\n\t<div class=\"wpb_text_column wpb_content_element\" >\n\t\t<div class=\"wpb_wrapper\">\n\t\t\t<h4><a href=\"https:\/\/lamp.glopss.com\/aff_c?offer_id=1384&amp;aff_id=1834\" target=\"_blank\" rel=\"nofollow noopener\">Hideaway Beach Resort &amp; Spa<\/a><\/h4>\n<p>Hideaway Beach Resort &amp; Spa tilbyder afsondrethed og luksus p\u00e5 den idylliske Dhonakulhi Island. Resortets rummelige villaer, mange med private pools, er designet til ultimativ privatliv. Bryllupsrejsende kan nyde romantiske middage p\u00e5 stranden, skr\u00e6ddersyede udflugter og foryngende behandlinger i Hideaway Spa. Resortet kan ogs\u00e5 prale af nogle af de bedste dykkersteder p\u00e5 Maldiverne.<\/p>\n<p><strong>H\u00f8jdepunkter:<\/strong><\/p>\n<p>\u2013 Rummelige private villaer med pools<br \/>\n\u2013 Eksklusive madoplevelser<br \/>\n\u2013 Enest\u00e5ende dykkersteder<\/p>\n\n\t\t<\/div>\n\t<\/div>\n<\/div><\/div><\/div><\/div><div class=\"vc_row wpb_row vc_row-fluid\"><div class=\"wpb_column vc_column_container vc_col-sm-3\"><div class=\"vc_column-inner\"><div class=\"wpb_wrapper\">\n\t<div  class=\"wpb_single_image wpb_content_element vc_align_left wpb_content_element\">\n\t\t\n\t\t<figure class=\"wpb_wrapper vc_figure\">\n\t\t\t<div class=\"vc_single_image-wrapper   vc_box_border_grey\"><img loading=\"lazy\" decoding=\"async\" width=\"150\" height=\"150\" src=\"https:\/\/maldives-paradise.com\/wp-content\/uploads\/2024\/06\/Komandoo-Island-Resort-Spa-Adults-Only-Exterior-150x150.jpeg\" class=\"vc_single_image-img attachment-thumbnail\" alt=\"Komandoo Island Resort &amp; Spa\" title=\"Komandoo-\u00f8en-resort-spa-kun for voksne-udvendigt\" \/><\/div>\n\t\t<\/figure>\n\t<\/div>\n<\/div><\/div><\/div><div class=\"wpb_column vc_column_container vc_col-sm-9\"><div class=\"vc_column-inner\"><div class=\"wpb_wrapper\">\n\t<div class=\"wpb_text_column wpb_content_element\" >\n\t\t<div class=\"wpb_wrapper\">\n\t\t\t<h4><a href=\"https:\/\/hotellook.tp.st\/m18hEKIZ\" target=\"_blank\" rel=\"nofollow noopener\">Komandoo Island Resort &amp; Spa<\/a><\/h4>\n<p>Komandoo Island Resort &amp; Spa er et feriested kun for voksne kendt for sin intime atmosf\u00e6re og smukke omgivelser. Resortet tilbyder strandvillaer og overvandsvillaer, der hver giver et fredfyldt tilflugtssted med direkte adgang til lagunen eller stranden. Par kan nyde romantiske strandmiddage, spa-behandlinger og en r\u00e6kke vandsportsaktiviteter. Resortets rolige omgivelser g\u00f8r det ideelt til en fredelig og romantisk bryllupsrejse.<\/p>\n<p><strong>H\u00f8jdepunkter:<\/strong><\/p>\n<p>\u2013 Resort kun for voksne<br \/>\n\u2013 Strand- og overvandsvillaer<br \/>\n\u2013 Rolige og intime omgivelser<\/p>\n\n\t\t<\/div>\n\t<\/div>\n<\/div><\/div><\/div><\/div><div class=\"vc_row wpb_row vc_row-fluid\"><div class=\"wpb_column vc_column_container vc_col-sm-3\"><div class=\"vc_column-inner\"><div class=\"wpb_wrapper\">\n\t<div  class=\"wpb_single_image wpb_content_element vc_align_left wpb_content_element\">\n\t\t\n\t\t<figure class=\"wpb_wrapper vc_figure\">\n\t\t\t<div class=\"vc_single_image-wrapper   vc_box_border_grey\"><img loading=\"lazy\" decoding=\"async\" width=\"150\" height=\"150\" src=\"https:\/\/maldives-paradise.com\/wp-content\/uploads\/2024\/06\/ozen-life-madhoo-Floating-Breakfast-3-150x150.jpg\" class=\"vc_single_image-img attachment-thumbnail\" alt=\"OZEN LIFE MAADHOO\" title=\"Ozen-life-madhoo-Flydende-Morgenmad-3\" \/><\/div>\n\t\t<\/figure>\n\t<\/div>\n<\/div><\/div><\/div><div class=\"wpb_column vc_column_container vc_col-sm-9\"><div class=\"vc_column-inner\"><div class=\"wpb_wrapper\">\n\t<div class=\"wpb_text_column wpb_content_element\" >\n\t\t<div class=\"wpb_wrapper\">\n\t\t\t<h4><a href=\"https:\/\/trip.tpo.lv\/i4Tqqyq0\" target=\"_blank\" rel=\"nofollow noopener\">OZEN LIFE MAADHOO<\/a><\/h4>\n<p>OZEN LIFE MAADHOO kombinerer moderne luksus med maldivisk charme. Resortet tilbyder Earth Villas p\u00e5 stranden og Wind Villas over vandet, begge med private pools. Bryllupsrejsende kan nyde resortets altomfattende plan, som inkluderer uds\u00f8gte middage, f\u00f8rsteklasses drikkevarer og en r\u00e6kke aktiviteter. Resortets undervandsrestaurant, M6m, giver en unik madoplevelse omgivet af havliv.<\/p>\n<p><strong>H\u00f8jdepunkter:<\/strong><\/p>\n<p>\u2013 Alt inklusive luksusresort<br \/>\n\u2013 Villaer med private pools<br \/>\n\u2013 Undervandsspisning p\u00e5 M6m<\/p>\n\n\t\t<\/div>\n\t<\/div>\n<\/div><\/div><\/div><\/div><div class=\"vc_row wpb_row vc_row-fluid\"><div class=\"wpb_column vc_column_container vc_col-sm-3\"><div class=\"vc_column-inner\"><div class=\"wpb_wrapper\">\n\t<div  class=\"wpb_single_image wpb_content_element vc_align_left wpb_content_element\">\n\t\t\n\t\t<figure class=\"wpb_wrapper vc_figure\">\n\t\t\t<div class=\"vc_single_image-wrapper   vc_box_border_grey\"><img loading=\"lazy\" decoding=\"async\" width=\"150\" height=\"150\" src=\"https:\/\/maldives-paradise.com\/wp-content\/uploads\/2024\/06\/Kandolhu-Maldives3-150x150.jpg\" class=\"vc_single_image-img attachment-thumbnail\" alt=\"Kandolhu Maldiverne\" title=\"Kandolhu Maldiverne\" \/><\/div>\n\t\t<\/figure>\n\t<\/div>\n<\/div><\/div><\/div><div class=\"wpb_column vc_column_container vc_col-sm-9\"><div class=\"vc_column-inner\"><div class=\"wpb_wrapper\">\n\t<div class=\"wpb_text_column wpb_content_element\" >\n\t\t<div class=\"wpb_wrapper\">\n\t\t\t<h4><a href=\"https:\/\/lamp.glopss.com\/SHUW\" target=\"_blank\" rel=\"nofollow noopener\">Kandolhu Maldiverne<\/a><\/h4>\n<p>Kandolhu Maldives er et altomfattende boutique-resort, der tilbyder en blanding af moderne design og naturlig sk\u00f8nhed. Resortets villaer, hvoraf nogle har private pools, er beliggende i frodige gr\u00f8nne omr\u00e5der eller oppe over vandet. Par kan nyde snorkling i husets rev, private strandmiddage og holistiske spabehandlinger. Resortets intime st\u00f8rrelse sikrer personlig service og en fredelig atmosf\u00e6re.<\/p>\n<p><strong>H\u00f8jdepunkter:<\/strong><\/p>\n<p>\u2013 Boutique resort med moderne villaer<br \/>\n\u2013 Private pools og husrevsnorkling<br \/>\n\u2013 Personlig betjening og intime rammer<\/p>\n\n\t\t<\/div>\n\t<\/div>\n<\/div><\/div><\/div><\/div><div class=\"vc_row wpb_row vc_row-fluid\"><div class=\"wpb_column vc_column_container vc_col-sm-12\"><div class=\"vc_column-inner\"><div class=\"wpb_wrapper\">\n\t<div class=\"wpb_text_column wpb_content_element\" >\n\t\t<div class=\"wpb_wrapper\">\n\t\t\t<p>Maldiverne er et topvalg for bryllupsrejser, der tilbyder en r\u00e6kke luksusresorts, der im\u00f8dekommer ethvert \u00f8nske, fra private overvandsvillaer til unikke madoplevelser og skr\u00e6ddersyede eventyr. Uanset om du s\u00f8ger afsondrethed, eventyr eller wellness, lover Maldiverne en uforglemmelig bryllupsrejse fyldt med romantik og luksus. V\u00e6lg et af disse bedste feriesteder, og du er sikker p\u00e5 at skabe minder, der vil vare hele livet.<\/p>\n<p><a href=\"http:\/\/maldives-paradise.com\/da\/tag\/bryllupsrejse-maldiverne\/\">Mere om bryllupsrejseresorts p\u00e5 Maldiverne<\/a><\/p>\n\n\t\t<\/div>\n\t<\/div>\n<\/div><\/div><\/div><\/div><div class=\"vc_row wpb_row vc_row-fluid\"><div class=\"wpb_column vc_column_container vc_col-sm-12\"><div class=\"vc_column-inner\"><div class=\"wpb_wrapper\">\n\t<div class=\"wpb_text_column wpb_content_element\" >\n\t\t<div class=\"wpb_wrapper\">\n\t\t\t<p><strong><a title=\"De 12 bedste romantiske feriesteder\" href=\"https:\/\/maldives-paradise.com\/da\/?page_id=9020\">De bedste romantiske feriesteder i Maldiverne<\/a><\/strong><\/p>\n<p><strong><a title=\"De bedste feriesteder kun for voksne\" href=\"https:\/\/maldives-paradise.com\/da\/?page_id=8790\">De bedste feriesteder kun for voksne i Maldiverne<\/a><\/strong><\/p>\n\n\t\t<\/div>\n\t<\/div>\n<\/div><\/div><\/div><\/div>\n<\/div>","protected":false},"excerpt":{"rendered":"<div class=\"mh-excerpt\"><\/div>","protected":false},"author":1,"featured_media":17306,"parent":0,"menu_order":0,"comment_status":"closed","ping_status":"closed","template":"","meta":{"footnotes":""},"class_list":["post-17305","page","type-page","status-publish","has-post-thumbnail"],"aioseo_notices":[],"_links":{"self":[{"href":"https:\/\/maldives-paradise.com\/da\/wp-json\/wp\/v2\/pages\/17305","targetHints":{"allow":["GET"]}}],"collection":[{"href":"https:\/\/maldives-paradise.com\/da\/wp-json\/wp\/v2\/pages"}],"about":[{"href":"https:\/\/maldives-paradise.com\/da\/wp-json\/wp\/v2\/types\/page"}],"author":[{"embeddable":true,"href":"https:\/\/maldives-paradise.com\/da\/wp-json\/wp\/v2\/users\/1"}],"replies":[{"embeddable":true,"href":"https:\/\/maldives-paradise.com\/da\/wp-json\/wp\/v2\/comments?post=17305"}],"version-history":[{"count":7,"href":"https:\/\/maldives-paradise.com\/da\/wp-json\/wp\/v2\/pages\/17305\/revisions"}],"predecessor-version":[{"id":45309,"href":"https:\/\/maldives-paradise.com\/da\/wp-json\/wp\/v2\/pages\/17305\/revisions\/45309"}],"wp:featuredmedia":[{"embeddable":true,"href":"https:\/\/maldives-paradise.com\/da\/wp-json\/wp\/v2\/media\/17306"}],"wp:attachment":[{"href":"https:\/\/maldives-paradise.com\/da\/wp-json\/wp\/v2\/media?parent=17305"}],"curies":[{"name":"wp","href":"https:\/\/api.w.org\/{rel}","templated":true}]}}