{"id":16861,"date":"2024-06-06T17:52:14","date_gmt":"2024-06-06T17:52:14","guid":{"rendered":"http:\/\/maldives-paradise.com\/?page_id=16861"},"modified":"2025-02-22T18:02:06","modified_gmt":"2025-02-22T18:02:06","slug":"bedste-luksusresorts-i-addu-atoll","status":"publish","type":"page","link":"https:\/\/maldives-paradise.com\/da\/bedste-luksusresorts-i-addu-atoll\/","title":{"rendered":"Bedste luksusferiesteder i Addu Atoll"},"content":{"rendered":"<div class=\"wpb-content-wrapper\"><div class=\"vc_row wpb_row vc_row-fluid\"><div class=\"wpb_column vc_column_container vc_col-sm-12\"><div class=\"vc_column-inner\"><div class=\"wpb_wrapper\">\n\t<div class=\"wpb_text_column wpb_content_element\" >\n\t\t<div class=\"wpb_wrapper\">\n\t\t\t<p>Addu Atoll, den sydligste atol p\u00e5 Maldiverne, er kendt for sine fantastiske landskaber, pulserende havliv og luksuri\u00f8se feriesteder. Denne atol, ogs\u00e5 kendt som Seenu Atoll, tilbyder en perfekt blanding af ro og overd\u00e5dighed, hvilket g\u00f8r den til en f\u00f8rsteklasses destination for luksusrejsende. Her er de bedste luksusresorts i Addu Atoll, som hver byder p\u00e5 s\u00e6rpr\u00e6g og enest\u00e5ende tjenester.<\/p>\n\n\t\t<\/div>\n\t<\/div>\n<\/div><\/div><\/div><\/div><div class=\"vc_row wpb_row vc_row-fluid\"><div class=\"wpb_column vc_column_container vc_col-sm-12\"><div class=\"vc_column-inner\"><div class=\"wpb_wrapper\">\n\t<div  class=\"wpb_single_image wpb_content_element vc_align_left wpb_content_element\">\n\t\t<h2 class=\"wpb_heading wpb_singleimage_heading\">Shangri-La&#039;s Villingili Resort and Spa<\/h2>\n\t\t<figure class=\"wpb_wrapper vc_figure\">\n\t\t\t<div class=\"vc_single_image-wrapper   vc_box_border_grey\"><img loading=\"lazy\" decoding=\"async\" width=\"800\" height=\"534\" src=\"https:\/\/maldives-paradise.com\/wp-content\/uploads\/2024\/06\/Shangri-La-Maldives.jpg\" class=\"vc_single_image-img attachment-large\" alt=\"Shangri-La&#039;s Villingili Resort and Spa\" title=\"Shangri-La-Maldiverne\" srcset=\"https:\/\/maldives-paradise.com\/wp-content\/uploads\/2024\/06\/Shangri-La-Maldives.jpg 800w, https:\/\/maldives-paradise.com\/wp-content\/uploads\/2024\/06\/Shangri-La-Maldives-300x200.jpg 300w, https:\/\/maldives-paradise.com\/wp-content\/uploads\/2024\/06\/Shangri-La-Maldives-768x513.jpg 768w, https:\/\/maldives-paradise.com\/wp-content\/uploads\/2024\/06\/Shangri-La-Maldives-18x12.jpg 18w, https:\/\/maldives-paradise.com\/wp-content\/uploads\/2024\/06\/Shangri-La-Maldives-500x334.jpg 500w\" sizes=\"auto, (max-width: 800px) 100vw, 800px\" \/><\/div>\n\t\t<\/figure>\n\t<\/div>\n<\/div><\/div><\/div><\/div><div class=\"vc_row wpb_row vc_row-fluid\"><div class=\"wpb_column vc_column_container vc_col-sm-12\"><div class=\"vc_column-inner\"><div class=\"wpb_wrapper\">\n\t<div class=\"wpb_text_column wpb_content_element\" >\n\t\t<div class=\"wpb_wrapper\">\n\t\t\t<h4><a href=\"https:\/\/hotellook.tp.st\/s102UtR1\" target=\"_blank\" rel=\"nofollow noopener\">Shangri-La&#039;s Villingili Resort and Spa<\/a><\/h4>\n<p>Shangri-La&#039;s Villingili Resort and Spa er indbegrebet af luksus med sine rummelige villaer og fantastiske bungalows over vandet. Dette resort har en 9-hullers golfbane, et unikt tilbud p\u00e5 Maldiverne. G\u00e6ster kan nyde foryngende behandlinger p\u00e5 CHI, The Spa, spise p\u00e5 flere restauranter i verdensklasse og udforske de pulserende koralrev, der omgiver \u00f8en.<\/p>\n\n\t\t<\/div>\n\t<\/div>\n<\/div><\/div><\/div><\/div><div class=\"vc_row wpb_row vc_row-fluid\"><div class=\"wpb_column vc_column_container vc_col-sm-12\"><div class=\"vc_column-inner\"><div class=\"wpb_wrapper\">\n\t<div  class=\"wpb_single_image wpb_content_element vc_align_left wpb_content_element\">\n\t\t<h2 class=\"wpb_heading wpb_singleimage_heading\">Canareef Resort Maldiverne<\/h2>\n\t\t<figure class=\"wpb_wrapper vc_figure\">\n\t\t\t<div class=\"vc_single_image-wrapper   vc_box_border_grey\"><img loading=\"lazy\" decoding=\"async\" width=\"750\" height=\"500\" src=\"https:\/\/maldives-paradise.com\/wp-content\/uploads\/2024\/06\/canareef3.jpg\" class=\"vc_single_image-img attachment-large\" alt=\"Canareef Resort Maldiverne\" title=\"kanaref3\" srcset=\"https:\/\/maldives-paradise.com\/wp-content\/uploads\/2024\/06\/canareef3.jpg 750w, https:\/\/maldives-paradise.com\/wp-content\/uploads\/2024\/06\/canareef3-300x200.jpg 300w, https:\/\/maldives-paradise.com\/wp-content\/uploads\/2024\/06\/canareef3-18x12.jpg 18w, https:\/\/maldives-paradise.com\/wp-content\/uploads\/2024\/06\/canareef3-500x333.jpg 500w\" sizes=\"auto, (max-width: 750px) 100vw, 750px\" \/><\/div>\n\t\t<\/figure>\n\t<\/div>\n<\/div><\/div><\/div><\/div><div class=\"vc_row wpb_row vc_row-fluid\"><div class=\"wpb_column vc_column_container vc_col-sm-12\"><div class=\"vc_column-inner\"><div class=\"wpb_wrapper\">\n\t<div class=\"wpb_text_column wpb_content_element\" >\n\t\t<div class=\"wpb_wrapper\">\n\t\t\t<h4><a href=\"http:\/\/maldives-paradise.com\/da\/canareef-resort-maldiverne\/\">Canareef Resort Maldiverne<\/a><\/h4>\n<p>Canareef Resort Maldives str\u00e6kker sig over en 4,5 kilometer lang \u00f8 i Addu Atoll og tilbyder masser af plads og privatliv for g\u00e6sterne. Resortet byder p\u00e5 luksuri\u00f8se villaer, en spa og flere spisemuligheder. Aktiviteterne omfatter delfinsafari, dykning og udforskning af de n\u00e6rliggende naturstier.<\/p>\n\n\t\t<\/div>\n\t<\/div>\n<\/div><\/div><\/div><\/div><div class=\"vc_row wpb_row vc_row-fluid\"><div class=\"wpb_column vc_column_container vc_col-sm-12\"><div class=\"vc_column-inner\"><div class=\"wpb_wrapper\">\n\t<div  class=\"wpb_single_image wpb_content_element vc_align_left wpb_content_element\">\n\t\t<h2 class=\"wpb_heading wpb_singleimage_heading\">\u00c6kvator landsby<\/h2>\n\t\t<figure class=\"wpb_wrapper vc_figure\">\n\t\t\t<div class=\"vc_single_image-wrapper   vc_box_border_grey\"><img loading=\"lazy\" decoding=\"async\" width=\"780\" height=\"520\" src=\"https:\/\/maldives-paradise.com\/wp-content\/uploads\/2024\/06\/equator-village-resort.jpg\" class=\"vc_single_image-img attachment-large\" alt=\"\u00c6kvator landsby\" title=\"\u00e6kvator-landsby-resort\" srcset=\"https:\/\/maldives-paradise.com\/wp-content\/uploads\/2024\/06\/equator-village-resort.jpg 780w, https:\/\/maldives-paradise.com\/wp-content\/uploads\/2024\/06\/equator-village-resort-300x200.jpg 300w, https:\/\/maldives-paradise.com\/wp-content\/uploads\/2024\/06\/equator-village-resort-768x512.jpg 768w, https:\/\/maldives-paradise.com\/wp-content\/uploads\/2024\/06\/equator-village-resort-18x12.jpg 18w, https:\/\/maldives-paradise.com\/wp-content\/uploads\/2024\/06\/equator-village-resort-500x333.jpg 500w\" sizes=\"auto, (max-width: 780px) 100vw, 780px\" \/><\/div>\n\t\t<\/figure>\n\t<\/div>\n<\/div><\/div><\/div><\/div><div class=\"vc_row wpb_row vc_row-fluid\"><div class=\"wpb_column vc_column_container vc_col-sm-12\"><div class=\"vc_column-inner\"><div class=\"wpb_wrapper\">\n\t<div class=\"wpb_text_column wpb_content_element\" >\n\t\t<div class=\"wpb_wrapper\">\n\t\t\t<h4><a href=\"http:\/\/lamp.glopss.com\/aff_c?offer_id=1521&amp;aff_id=1834&amp;url=https%3A%2F%2Fwww.equatorvillage.com%2F\" target=\"_blank\" rel=\"nofollow noopener\">\u00c6kvator landsby<\/a><\/h4>\n<p>Equator Village, som ligger p\u00e5 Gan Island, tilbyder en blanding af moderne bekvemmeligheder og historisk charme. Resortet har til huse i en tidligere Royal Air Force-kaserne og tilbyder hyggelige bungalows midt i frodige haver. G\u00e6sterne kan nyde en r\u00e6kke aktiviteter, herunder dykning, snorkling og cykelture for at udforske atollens rige historie og kultur.<\/p>\n\n\t\t<\/div>\n\t<\/div>\n<\/div><\/div><\/div><\/div><div class=\"vc_row wpb_row vc_row-fluid\"><div class=\"wpb_column vc_column_container vc_col-sm-12\"><div class=\"vc_column-inner\"><div class=\"wpb_wrapper\">\n\t<div  class=\"wpb_single_image wpb_content_element vc_align_left wpb_content_element\">\n\t\t<h2 class=\"wpb_heading wpb_singleimage_heading\">South Palm Resort Maldiverne<\/h2>\n\t\t<figure class=\"wpb_wrapper vc_figure\">\n\t\t\t<div class=\"vc_single_image-wrapper   vc_box_border_grey\"><img loading=\"lazy\" decoding=\"async\" width=\"780\" height=\"438\" src=\"https:\/\/maldives-paradise.com\/wp-content\/uploads\/2024\/06\/south-palm-resort-maldives.jpg\" class=\"vc_single_image-img attachment-large\" alt=\"South Palm Resort Maldiverne\" title=\"syd-palme-resort-maldiverne\" srcset=\"https:\/\/maldives-paradise.com\/wp-content\/uploads\/2024\/06\/south-palm-resort-maldives.jpg 780w, https:\/\/maldives-paradise.com\/wp-content\/uploads\/2024\/06\/south-palm-resort-maldives-300x168.jpg 300w, https:\/\/maldives-paradise.com\/wp-content\/uploads\/2024\/06\/south-palm-resort-maldives-768x431.jpg 768w, https:\/\/maldives-paradise.com\/wp-content\/uploads\/2024\/06\/south-palm-resort-maldives-18x10.jpg 18w, https:\/\/maldives-paradise.com\/wp-content\/uploads\/2024\/06\/south-palm-resort-maldives-678x381.jpg 678w, https:\/\/maldives-paradise.com\/wp-content\/uploads\/2024\/06\/south-palm-resort-maldives-500x281.jpg 500w\" sizes=\"auto, (max-width: 780px) 100vw, 780px\" \/><\/div>\n\t\t<\/figure>\n\t<\/div>\n<\/div><\/div><\/div><\/div><div class=\"vc_row wpb_row vc_row-fluid\"><div class=\"wpb_column vc_column_container vc_col-sm-12\"><div class=\"vc_column-inner\"><div class=\"wpb_wrapper\">\n\t<div class=\"wpb_text_column wpb_content_element\" >\n\t\t<div class=\"wpb_wrapper\">\n\t\t\t<h4><a href=\"http:\/\/maldives-paradise.com\/da\/south-palm-resort-maldiverne\/\">South Palm Resort Maldiverne<\/a><\/h4>\n<p>South Palm Resort Maldives er et eksklusivt oase beliggende p\u00e5 en privat \u00f8. Resortet tilbyder villaer ved stranden og over vandet, hver designet med en moderne flair. G\u00e6sterne kan slappe af i resortets infinity-pool, nyde en r\u00e6kke vandsportsaktiviteter og spise p\u00e5 restauranter, der serverer internationale og maldiviske retter.<\/p>\n<p>Konklusion<\/p>\n<p>Addu Atoll p\u00e5 Maldiverne er hjemsted for nogle af de mest luksuri\u00f8se feriesteder i verden. Hvert resort tilbyder en unik blanding af overd\u00e5dighed, komfort og naturlig sk\u00f8nhed, hvilket g\u00f8r det til en ideel destination for rejsende, der s\u00f8ger en overd\u00e5dig ferie. Uanset om du leder efter eventyr, afslapning eller en blanding af begge dele, lover disse ti luksusresorts i Addu Atoll en uforglemmelig oplevelse p\u00e5 en af verdens smukkeste steder.<\/p>\n\n\t\t<\/div>\n\t<\/div>\n<\/div><\/div><\/div><\/div>\n<\/div>","protected":false},"excerpt":{"rendered":"<div class=\"mh-excerpt\"><\/div>","protected":false},"author":1,"featured_media":16862,"parent":0,"menu_order":0,"comment_status":"closed","ping_status":"closed","template":"","meta":{"footnotes":""},"class_list":["post-16861","page","type-page","status-publish","has-post-thumbnail"],"aioseo_notices":[],"_links":{"self":[{"href":"https:\/\/maldives-paradise.com\/da\/wp-json\/wp\/v2\/pages\/16861","targetHints":{"allow":["GET"]}}],"collection":[{"href":"https:\/\/maldives-paradise.com\/da\/wp-json\/wp\/v2\/pages"}],"about":[{"href":"https:\/\/maldives-paradise.com\/da\/wp-json\/wp\/v2\/types\/page"}],"author":[{"embeddable":true,"href":"https:\/\/maldives-paradise.com\/da\/wp-json\/wp\/v2\/users\/1"}],"replies":[{"embeddable":true,"href":"https:\/\/maldives-paradise.com\/da\/wp-json\/wp\/v2\/comments?post=16861"}],"version-history":[{"count":2,"href":"https:\/\/maldives-paradise.com\/da\/wp-json\/wp\/v2\/pages\/16861\/revisions"}],"predecessor-version":[{"id":16869,"href":"https:\/\/maldives-paradise.com\/da\/wp-json\/wp\/v2\/pages\/16861\/revisions\/16869"}],"wp:featuredmedia":[{"embeddable":true,"href":"https:\/\/maldives-paradise.com\/da\/wp-json\/wp\/v2\/media\/16862"}],"wp:attachment":[{"href":"https:\/\/maldives-paradise.com\/da\/wp-json\/wp\/v2\/media?parent=16861"}],"curies":[{"name":"wp","href":"https:\/\/api.w.org\/{rel}","templated":true}]}}