{"id":16081,"date":"2024-05-27T15:36:56","date_gmt":"2024-05-27T15:36:56","guid":{"rendered":"http:\/\/maldives-paradise.com\/?page_id=16081"},"modified":"2025-10-09T15:00:57","modified_gmt":"2025-10-09T15:00:57","slug":"bedste-luksusresorts-i-shaviyani-atollen","status":"publish","type":"page","link":"https:\/\/maldives-paradise.com\/da\/bedste-luksusresorts-i-shaviyani-atollen\/","title":{"rendered":"Bedste luksusferiesteder i Shaviyani Atoll"},"content":{"rendered":"<div class=\"wpb-content-wrapper\"><div class=\"vc_row wpb_row vc_row-fluid\"><div class=\"wpb_column vc_column_container vc_col-sm-12\"><div class=\"vc_column-inner\"><div class=\"wpb_wrapper\">\n\t<div class=\"wpb_text_column wpb_content_element\" >\n\t\t<div class=\"wpb_wrapper\">\n\t\t\t<p>Shaviyani Atoll, beliggende i den nordlige del af Maldiverne, er et afsondret paradis kendt for sin uber\u00f8rte sk\u00f8nhed og luksuri\u00f8se resorts, der henvender sig til dem, der s\u00f8ger eksklusivitet og uovertruffen service. Atollens krystalklare vand, pulserende koralrev og hvide sandstrande skaber en kulisse af naturlig pragt, der forst\u00e6rker den overd\u00e5dige oplevelse, der tilbydes af de bedste resorts. Her udforsker vi de ti bedste luksusresorts i <strong>Shaviyani Atoll<\/strong>, der hver tilbyder et unikt stykke paradis med bekvemmeligheder i verdensklasse og skr\u00e6ddersyede oplevelser.<\/p>\n\n\t\t<\/div>\n\t<\/div>\n<\/div><\/div><\/div><\/div><div class=\"vc_row wpb_row vc_row-fluid\"><div class=\"wpb_column vc_column_container vc_col-sm-12\"><div class=\"vc_column-inner\"><div class=\"wpb_wrapper\">\n\t<div  class=\"wpb_single_image wpb_content_element vc_align_left wpb_content_element\">\n\t\t<h2 class=\"wpb_heading wpb_singleimage_heading\">Fairmont Maldiverne Sirru Fen Fushi<\/h2>\n\t\t<figure class=\"wpb_wrapper vc_figure\">\n\t\t\t<div class=\"vc_single_image-wrapper   vc_box_border_grey\"><img loading=\"lazy\" decoding=\"async\" width=\"780\" height=\"390\" src=\"https:\/\/maldives-paradise.com\/wp-content\/uploads\/2024\/05\/Fairmont-Maldives-Aerial-Pool.jpg\" class=\"vc_single_image-img attachment-large\" alt=\"Sirru Fen Fushi\" title=\"Fairmont-Maldiverne-Aerial-Pool\" srcset=\"https:\/\/maldives-paradise.com\/wp-content\/uploads\/2024\/05\/Fairmont-Maldives-Aerial-Pool.jpg 780w, https:\/\/maldives-paradise.com\/wp-content\/uploads\/2024\/05\/Fairmont-Maldives-Aerial-Pool-300x150.jpg 300w, https:\/\/maldives-paradise.com\/wp-content\/uploads\/2024\/05\/Fairmont-Maldives-Aerial-Pool-768x384.jpg 768w, https:\/\/maldives-paradise.com\/wp-content\/uploads\/2024\/05\/Fairmont-Maldives-Aerial-Pool-18x9.jpg 18w, https:\/\/maldives-paradise.com\/wp-content\/uploads\/2024\/05\/Fairmont-Maldives-Aerial-Pool-500x250.jpg 500w\" sizes=\"auto, (max-width: 780px) 100vw, 780px\" \/><\/div>\n\t\t<\/figure>\n\t<\/div>\n<\/div><\/div><\/div><\/div><div class=\"vc_row wpb_row vc_row-fluid\"><div class=\"wpb_column vc_column_container vc_col-sm-12\"><div class=\"vc_column-inner\"><div class=\"wpb_wrapper\">\n\t<div class=\"wpb_text_column wpb_content_element\" >\n\t\t<div class=\"wpb_wrapper\">\n\t\t\t<h4><a href=\"https:\/\/lamp.glopss.com\/SHWB\" target=\"_blank\" rel=\"nofollow noopener\">Sirru Fen Fushi Private Lagoon Resort<\/a><\/h4>\n<p>Sirru Fen Fushi, kendt som &quot;Secret Water Island&quot;, er et eksklusivt feriested med 120 luksusvillaer, der tilbyder g\u00e6sterne det ultimative inden for privatliv og luksus. Resortet er kendetegnet ved sit 9 km lange husrev, der er direkte tilg\u00e6ngeligt fra stranden, en undervandskunstinstallation af Jason deCaires Taylor og det luksuri\u00f8se Willow Stream Spa. Villaer sp\u00e6nder fra stranden til over vandet, hver med sin private pool, der tilbyder et fristed af ro og uovertruffen komfort.<\/p>\n\n\t\t<\/div>\n\t<\/div>\n<\/div><\/div><\/div><\/div><div class=\"vc_row wpb_row vc_row-fluid\"><div class=\"wpb_column vc_column_container vc_col-sm-12\"><div class=\"vc_column-inner\"><div class=\"wpb_wrapper\">\n\t<div  class=\"wpb_single_image wpb_content_element vc_align_left wpb_content_element\">\n\t\t<h2 class=\"wpb_heading wpb_singleimage_heading\">JW Marriott Maldives Resort &amp; Spa<\/h2>\n\t\t<figure class=\"wpb_wrapper vc_figure\">\n\t\t\t<div class=\"vc_single_image-wrapper   vc_box_border_grey\"><img loading=\"lazy\" decoding=\"async\" width=\"1024\" height=\"683\" src=\"https:\/\/maldives-paradise.com\/wp-content\/uploads\/2024\/05\/jw-marriott-1024x683.jpg\" class=\"vc_single_image-img attachment-large\" alt=\"JW Marriott Maldives Resort &amp; Spa\" title=\"jw-marriott\" srcset=\"https:\/\/maldives-paradise.com\/wp-content\/uploads\/2024\/05\/jw-marriott-1024x683.jpg 1024w, https:\/\/maldives-paradise.com\/wp-content\/uploads\/2024\/05\/jw-marriott-300x200.jpg 300w, https:\/\/maldives-paradise.com\/wp-content\/uploads\/2024\/05\/jw-marriott-768x512.jpg 768w, https:\/\/maldives-paradise.com\/wp-content\/uploads\/2024\/05\/jw-marriott-18x12.jpg 18w, https:\/\/maldives-paradise.com\/wp-content\/uploads\/2024\/05\/jw-marriott-1200x800.jpg 1200w, https:\/\/maldives-paradise.com\/wp-content\/uploads\/2024\/05\/jw-marriott-500x333.jpg 500w, https:\/\/maldives-paradise.com\/wp-content\/uploads\/2024\/05\/jw-marriott-800x534.jpg 800w, https:\/\/maldives-paradise.com\/wp-content\/uploads\/2024\/05\/jw-marriott.jpg 1336w\" sizes=\"auto, (max-width: 1024px) 100vw, 1024px\" \/><\/div>\n\t\t<\/figure>\n\t<\/div>\n<\/div><\/div><\/div><\/div><div class=\"vc_row wpb_row vc_row-fluid\"><div class=\"wpb_column vc_column_container vc_col-sm-12\"><div class=\"vc_column-inner\"><div class=\"wpb_wrapper\">\n\t<div class=\"wpb_text_column wpb_content_element\" >\n\t\t<div class=\"wpb_wrapper\">\n\t\t\t<h4><a href=\"https:\/\/trip.tpo.lv\/zodsIVh1\" target=\"_blank\" rel=\"nofollow noopener\">JW Marriott Maldives Resort &amp; Spa<\/a><\/h4>\n<p>JW Marriott Maldives Resort &amp; Spa bringer sofistikeret luksus til de uber\u00f8rte strande p\u00e5 Shaviyani Atoll. Med 61 villaer, der hver tilbyder private pools og en fantastisk udsigt over Det Indiske Ocean, kan g\u00e6sterne nyde afsondrethed og eksklusive faciliteter. Resortet byder p\u00e5 fem unikke madoplevelser, en omfattende b\u00f8rneklub og Spa by JW, der giver en holistisk tilgang til wellness.<\/p>\n\n\t\t<\/div>\n\t<\/div>\n<\/div><\/div><\/div><\/div><div class=\"vc_row wpb_row vc_row-fluid\"><div class=\"wpb_column vc_column_container vc_col-sm-12\"><div class=\"vc_column-inner\"><div class=\"wpb_wrapper\">\n\t<div class=\"wpb_text_column wpb_content_element\" >\n\t\t<div class=\"wpb_wrapper\">\n\t\t\t<h4><a href=\"https:\/\/maldives-paradise.com\/da\/2024\/03\/de-bedste-luksusresorts-i-baa-atollen\/\">De bedste luksusresorter i Baa Atoll<\/a><\/h4>\n\n\t\t<\/div>\n\t<\/div>\n<\/div><\/div><\/div><\/div>\n<\/div>","protected":false},"excerpt":{"rendered":"<div class=\"mh-excerpt\"><\/div>","protected":false},"author":1,"featured_media":16082,"parent":0,"menu_order":0,"comment_status":"closed","ping_status":"closed","template":"","meta":{"footnotes":""},"class_list":["post-16081","page","type-page","status-publish","has-post-thumbnail"],"aioseo_notices":[],"_links":{"self":[{"href":"https:\/\/maldives-paradise.com\/da\/wp-json\/wp\/v2\/pages\/16081","targetHints":{"allow":["GET"]}}],"collection":[{"href":"https:\/\/maldives-paradise.com\/da\/wp-json\/wp\/v2\/pages"}],"about":[{"href":"https:\/\/maldives-paradise.com\/da\/wp-json\/wp\/v2\/types\/page"}],"author":[{"embeddable":true,"href":"https:\/\/maldives-paradise.com\/da\/wp-json\/wp\/v2\/users\/1"}],"replies":[{"embeddable":true,"href":"https:\/\/maldives-paradise.com\/da\/wp-json\/wp\/v2\/comments?post=16081"}],"version-history":[{"count":4,"href":"https:\/\/maldives-paradise.com\/da\/wp-json\/wp\/v2\/pages\/16081\/revisions"}],"predecessor-version":[{"id":43321,"href":"https:\/\/maldives-paradise.com\/da\/wp-json\/wp\/v2\/pages\/16081\/revisions\/43321"}],"wp:featuredmedia":[{"embeddable":true,"href":"https:\/\/maldives-paradise.com\/da\/wp-json\/wp\/v2\/media\/16082"}],"wp:attachment":[{"href":"https:\/\/maldives-paradise.com\/da\/wp-json\/wp\/v2\/media?parent=16081"}],"curies":[{"name":"wp","href":"https:\/\/api.w.org\/{rel}","templated":true}]}}