{"id":14860,"date":"2024-05-04T07:48:44","date_gmt":"2024-05-04T07:48:44","guid":{"rendered":"http:\/\/maldives-paradise.com\/?page_id=14860"},"modified":"2024-05-04T07:48:44","modified_gmt":"2024-05-04T07:48:44","slug":"sundhedspleje-og-medicinske-klinikker-for-turister-pa-maldiverne","status":"publish","type":"page","link":"https:\/\/maldives-paradise.com\/da\/sundhedspleje-og-medicinske-klinikker-for-turister-pa-maldiverne\/","title":{"rendered":"Sundhedspleje og medicinske klinikker for turister p\u00e5 Maldiverne"},"content":{"rendered":"<div class=\"wpb-content-wrapper\"><div class=\"vc_row wpb_row vc_row-fluid\"><div class=\"wpb_column vc_column_container vc_col-sm-12\"><div class=\"vc_column-inner\"><div class=\"wpb_wrapper\">\n\t<div class=\"wpb_text_column wpb_content_element\" >\n\t\t<div class=\"wpb_wrapper\">\n\t\t\t<p>Maldiverne, der er kendt for sine betagende \u00f8er og som en luksuri\u00f8s feriedestination, er ogs\u00e5 udstyret med et sundhedssystem designet til at tage h\u00f8jde for b\u00e5de dets indbyggere og de internationale turister, der bes\u00f8ger hvert \u00e5r. At forst\u00e5 omfanget og effektiviteten af tilg\u00e6ngelige sundhedstjenester er afg\u00f8rende for rejsende, is\u00e6r n\u00e5r de bes\u00f8ger fjerntliggende \u00f8er.<\/p>\n<p><strong>Sundhedsinfrastruktur<\/strong><\/p>\n<p>Sundhedssystemet p\u00e5 Maldiverne har oplevet betydelige opgraderinger i de seneste \u00e5r. Hovedstaden, Mal\u00e9, er v\u00e6rt for de mest avancerede medicinske faciliteter i landet, herunder Indira Gandhi Memorial Hospital (IGMH) og ADK Hospital, som tilbyder en r\u00e6kke specialiserede tjenester. For turister er disse hospitaler de prim\u00e6re centre for omfattende medicinsk behandling, udstyret til at h\u00e5ndtere mere alvorlige medicinske tilf\u00e6lde, herunder n\u00f8dsituationer. Begge hospitaler har engelsktalende l\u00e6ger.<\/p>\n<p>Ud over disse er der regionale hospitaler og adskillige sundhedscentre fordelt p\u00e5 forskellige atoller. Maldiverne kan ogs\u00e5 prale af et netv\u00e6rk af \u00f8-klinikker, specifikt rettet mod at levere grundl\u00e6ggende medicinske tjenester. Disse er s\u00e6rligt vigtige i betragtning af \u00f8gruppens spredte natur.<\/p>\n<p><strong>Medicinske tjenester til turister<\/strong><\/p>\n<p>De fleste feriesteder p\u00e5 Maldiverne har medicinske klinikker p\u00e5 stedet bemandet af en praktiserende l\u00e6ge eller en sygeplejerske, der er i stand til at behandle mindre lidelser s\u00e5som snits\u00e5r, bl\u00e5 m\u00e6rker og almindelige sygdomme som fork\u00f8lelse eller allergi. For mere alvorlige problemer kan resortklinikker lette overf\u00f8rsler til det n\u00e6rmeste hospital. I n\u00f8dstilf\u00e6lde, is\u00e6r p\u00e5 mere isolerede \u00f8er, bruges vandfly eller speedb\u00e5de til at transportere patienter til bedre udstyrede faciliteter i Mal\u00e9.<\/p>\n<p>Maldivernes private sundhedssektor er vokset betydeligt i det seneste \u00e5rti eller deromkring p\u00e5 Maldiverne. I \u00f8jeblikket er der mere end 50 klinikker foruden nogle f\u00e5 terti\u00e6re hospitaler over hele landet.<\/p>\n<p><strong>Sygesikring og omkostninger<\/strong><\/p>\n<p>Det er st\u00e6rkt tilr\u00e5deligt for turister at have en omfattende rejsesygeforsikring, f\u00f8r de ankommer til Maldiverne. Medicinske tjenester, is\u00e6r n\u00f8devakuering og behandlinger p\u00e5 private hospitaler, kan v\u00e6re dyre. Sygeforsikring, der d\u00e6kker luftevakuering, anbefales is\u00e6r, fordi transportlogistik kan \u00f8ge medicinske omkostninger betydeligt.<\/p>\n<p><strong>Sundhedsm\u00e6ssige forholdsregler og anbefalinger<\/strong><\/p>\n<p>Turister b\u00f8r tage almindelige rejsesundhedsforanstaltninger s\u00e5som opdatering af vaccinationer og brug af myggemidler for at undg\u00e5 tropiske sygdomme som denguefeber, som har periodiske udbrud p\u00e5 Maldiverne. Det anbefales ogs\u00e5 at drikke flaskevand for at undg\u00e5 vandb\u00e5rne sygdomme.<\/p>\n<p><strong>Tilg\u00e6ngelighed og tilg\u00e6ngelighed<\/strong><\/p>\n<p>Tilg\u00e6ngeligheden af sundhedsydelser varierer betydeligt fra den ene \u00f8 til den anden. Mens Mal\u00e9 og st\u00f8rre turiststeder leverer relativt h\u00f8je standarder for l\u00e6gebehandling, kan de mere fjerntliggende \u00f8er have begr\u00e6nsede medicinske faciliteter. Turister, der planl\u00e6gger at bes\u00f8ge eller opholde sig p\u00e5 isolerede \u00f8er, b\u00f8r kontrollere tilg\u00e6ngeligheden af medicinske tjenester p\u00e5 forh\u00e5nd.<\/p>\n<p><strong>Konklusion<\/strong><\/p>\n<p>Mens Maldiverne tilbyder en paradislignende oplevelse for sine bes\u00f8gende, tager nationen ogs\u00e5 betydelige skridt for at sikre, at turister kan f\u00e5 adgang til v\u00e6sentlige sundhedsydelser. Med strategisk placering af medicinske faciliteter og beredskab til n\u00f8dsituationer er sundhedssystemet p\u00e5 Maldiverne gearet til at g\u00f8re enhver turists ophold s\u00e5 sikkert og sundt som muligt.<\/p>\n<p>Alle luksusresorterne har adgang til p\u00e5lidelig sundhedspleje og medicinske klinikker.<\/p>\n\n\t\t<\/div>\n\t<\/div>\n<\/div><\/div><\/div><\/div>\n<\/div>","protected":false},"excerpt":{"rendered":"<div class=\"mh-excerpt\"><\/div>","protected":false},"author":1,"featured_media":14861,"parent":0,"menu_order":0,"comment_status":"closed","ping_status":"closed","template":"","meta":{"footnotes":""},"class_list":["post-14860","page","type-page","status-publish","has-post-thumbnail"],"aioseo_notices":[],"_links":{"self":[{"href":"https:\/\/maldives-paradise.com\/da\/wp-json\/wp\/v2\/pages\/14860","targetHints":{"allow":["GET"]}}],"collection":[{"href":"https:\/\/maldives-paradise.com\/da\/wp-json\/wp\/v2\/pages"}],"about":[{"href":"https:\/\/maldives-paradise.com\/da\/wp-json\/wp\/v2\/types\/page"}],"author":[{"embeddable":true,"href":"https:\/\/maldives-paradise.com\/da\/wp-json\/wp\/v2\/users\/1"}],"replies":[{"embeddable":true,"href":"https:\/\/maldives-paradise.com\/da\/wp-json\/wp\/v2\/comments?post=14860"}],"version-history":[{"count":2,"href":"https:\/\/maldives-paradise.com\/da\/wp-json\/wp\/v2\/pages\/14860\/revisions"}],"predecessor-version":[{"id":14863,"href":"https:\/\/maldives-paradise.com\/da\/wp-json\/wp\/v2\/pages\/14860\/revisions\/14863"}],"wp:featuredmedia":[{"embeddable":true,"href":"https:\/\/maldives-paradise.com\/da\/wp-json\/wp\/v2\/media\/14861"}],"wp:attachment":[{"href":"https:\/\/maldives-paradise.com\/da\/wp-json\/wp\/v2\/media?parent=14860"}],"curies":[{"name":"wp","href":"https:\/\/api.w.org\/{rel}","templated":true}]}}