{"id":14711,"date":"2024-04-29T16:43:33","date_gmt":"2024-04-29T16:43:33","guid":{"rendered":"http:\/\/maldives-paradise.com\/?page_id=14711"},"modified":"2025-11-26T09:34:24","modified_gmt":"2025-11-26T09:34:24","slug":"de-12-bedste-resorts-med-bedste-prisgaranti-i-maldiverne","status":"publish","type":"page","link":"https:\/\/maldives-paradise.com\/da\/de-12-bedste-resorts-med-bedste-prisgaranti-i-maldiverne\/","title":{"rendered":"De bedste resorts med bedste prisgaranti p\u00e5 Maldiverne"},"content":{"rendered":"<div class=\"wpb-content-wrapper\"><div class=\"vc_row wpb_row vc_row-fluid\"><div class=\"wpb_column vc_column_container vc_col-sm-12\"><div class=\"vc_column-inner\"><div class=\"wpb_wrapper\">\n\t<div class=\"wpb_text_column wpb_content_element\" >\n\t\t<div class=\"wpb_wrapper\">\n\t\t\t<p>Her er de bedste hoteller\/resorts p\u00e5 Maldiverne, der tilbyder Best Rate Guarantee-programmer eller Best Price Guarantee, som det ogs\u00e5 kaldes, n\u00e5r du bestiller direkte hos hotellet. De garanterer, at en hotelg\u00e6st f\u00e5r den laveste tilg\u00e6ngelige pris for en nat eller flere n\u00e6tters ophold, n\u00e5r de reserverer direkte hos hotellet.<\/p>\n<p>Hotellerne reserverer ofte deres bedste tilbud til dig, n\u00e5r du reserverer direkte, fra gratis v\u00e6relsesopgraderinger til eksklusive faciliteter og andre frynsegoder.<\/p>\n<p><a href=\"http:\/\/maldives-paradise.com\/da\/bedste-prisgaranti\/\">L\u00e6s mere om Best Rate Guarantee her<\/a><\/p>\n\n\t\t<\/div>\n\t<\/div>\n<\/div><\/div><\/div><\/div><div class=\"vc_row wpb_row vc_row-fluid\"><div class=\"wpb_column vc_column_container vc_col-sm-3\"><div class=\"vc_column-inner\"><div class=\"wpb_wrapper\">\n\t<div  class=\"wpb_single_image wpb_content_element vc_align_left wpb_content_element\">\n\t\t\n\t\t<figure class=\"wpb_wrapper vc_figure\">\n\t\t\t<a href=\"https:\/\/lamp.glopss.com\/aff_c?offer_id=9&#038;aff_id=1834&#038;url=https%3A%2F%2Fwww.anantara.com%2Fen%2Fkihavah-maldives\" target=\"_self\" class=\"vc_single_image-wrapper   vc_box_border_grey\"><img loading=\"lazy\" decoding=\"async\" width=\"150\" height=\"150\" src=\"https:\/\/maldives-paradise.com\/wp-content\/uploads\/2024\/02\/anantara_kihavah_over_water_pool_villa_aerial_400px-150x150.jpg\" class=\"vc_single_image-img attachment-thumbnail\" alt=\"Anantara Kihavah Maldiverne Overvandsvillaer\" title=\"anantara_kihavah_over_vand_pool_villa_aerial_400px\" \/><\/a>\n\t\t<\/figure>\n\t<\/div>\n<\/div><\/div><\/div><div class=\"wpb_column vc_column_container vc_col-sm-9\"><div class=\"vc_column-inner\"><div class=\"wpb_wrapper\">\n\t<div class=\"wpb_text_column wpb_content_element\" >\n\t\t<div class=\"wpb_wrapper\">\n\t\t\t<h4><a href=\"https:\/\/lamp.glopss.com\/SHUs\" target=\"_blank\" rel=\"nofollow noopener\">Anantara Kihavah Maldives Villas<\/a><\/h4>\n<p>Omgivet af intet andet end turkis lagune, der smelter ind i safirbl\u00e5t, rejser Maldivernes luksusresorts\u00f8 Anantara Kihavah og dens rene hvide sand sig op af havet som et fatamorgana. Luksus overvandsvillaer med privat pool. Kan rumme op til 2 voksne og 2 b\u00f8rn eller 3 voksne. Al fresco badev\u00e6relse med neds\u00e6nket, glasbundet spabad, private cykler og 24-timers privat villav\u00e6rt.<\/p>\n\n\t\t<\/div>\n\t<\/div>\n<\/div><\/div><\/div><\/div><div class=\"vc_row wpb_row vc_row-fluid\"><div class=\"wpb_column vc_column_container vc_col-sm-3\"><div class=\"vc_column-inner\"><div class=\"wpb_wrapper\">\n\t<div  class=\"wpb_single_image wpb_content_element vc_align_left wpb_content_element\">\n\t\t\n\t\t<figure class=\"wpb_wrapper vc_figure\">\n\t\t\t<a href=\"https:\/\/lamp.glopss.com\/aff_c?offer_id=9&#038;aff_id=1834&#038;url=https%3A%2F%2Fwww.anantara.com%2Fen%2Fveli-maldives\" target=\"_self\" class=\"vc_single_image-wrapper   vc_box_border_grey\"><img loading=\"lazy\" decoding=\"async\" width=\"150\" height=\"150\" src=\"https:\/\/maldives-paradise.com\/wp-content\/uploads\/2023\/12\/anantara-veli-93-1080x480-1-150x150.jpg\" class=\"vc_single_image-img attachment-thumbnail\" alt=\"Anantara Veli Resort and Spa Maldiverne\" title=\"anantara-veli-93-1080x480\" \/><\/a>\n\t\t<\/figure>\n\t<\/div>\n<\/div><\/div><\/div><div class=\"wpb_column vc_column_container vc_col-sm-9\"><div class=\"vc_column-inner\"><div class=\"wpb_wrapper\">\n\t<div class=\"wpb_text_column wpb_content_element\" >\n\t\t<div class=\"wpb_wrapper\">\n\t\t\t<h4><a href=\"https:\/\/lamp.glopss.com\/SHUt\" target=\"_blank\" rel=\"nofollow noopener\">Anantara Veli Maldives Resort<\/a><\/h4>\n<p>Dette boutique-ophold er et af Maldivernes feriesteder, der vil f\u00e5 folk til at booke en anden bryllupsrejse. Anantara Veli Resort i Maldiverne opfordrer g\u00e6ster til at dase i deres villaer med havudsigt eller nyde et elegant m\u00e5ltid ved solnedgang. Det tager kun en kort speedb\u00e5dstur fra Male Internationale Lufthavn for at komme til dette 5-stjernede retreat kun for voksne, som ogs\u00e5 tilbyder en pakke med alt inklusive. I denne pakke kan g\u00e6sterne f\u00e5 adgang til frynsegoder som en daglig buffet, en drikkevaremenu med alt inklusive og rabatter for l\u00e6ngere ophold.<\/p>\n\n\t\t<\/div>\n\t<\/div>\n<\/div><\/div><\/div><\/div><div class=\"vc_row wpb_row vc_row-fluid\"><div class=\"wpb_column vc_column_container vc_col-sm-3\"><div class=\"vc_column-inner\"><div class=\"wpb_wrapper\">\n\t<div  class=\"wpb_single_image wpb_content_element vc_align_left wpb_content_element\">\n\t\t\n\t\t<figure class=\"wpb_wrapper vc_figure\">\n\t\t\t<a href=\"https:\/\/lamp.glopss.com\/aff_c?offer_id=259&#038;aff_id=1834\" target=\"_self\" class=\"vc_single_image-wrapper   vc_box_border_grey\"><img loading=\"lazy\" decoding=\"async\" width=\"150\" height=\"150\" src=\"https:\/\/maldives-paradise.com\/wp-content\/uploads\/2024\/01\/baros-maldives3-150x150.jpg\" class=\"vc_single_image-img attachment-thumbnail\" alt=\"Baros Maldiverne\" title=\"baros-maldiverne 3\" \/><\/a>\n\t\t<\/figure>\n\t<\/div>\n<\/div><\/div><\/div><div class=\"wpb_column vc_column_container vc_col-sm-9\"><div class=\"vc_column-inner\"><div class=\"wpb_wrapper\">\n\t<div class=\"wpb_text_column wpb_content_element\" >\n\t\t<div class=\"wpb_wrapper\">\n\t\t\t<h4><a href=\"https:\/\/lamp.glopss.com\/SHUm\" target=\"_blank\" rel=\"nofollow noopener\">Baros Maldiverne<\/a><\/h4>\n<p>En frodig, tropisk \u00f8 beliggende i det glitrende vand i en lavvandet lagune, omkranset af et rev, der er pulserende med havliv. Bo i elegance i villaer skabt af t\u00f8mmer og sandsten, klar og fredfyldt over en gennemskinnelig lagune, eller beliggende diskret blandt eksotiske blomster ved stranden. Nyd romantisk privatliv p\u00e5 den perfekte ferie. Essensen af Maldiverne, defineret ved Baros.<\/p>\n\n\t\t<\/div>\n\t<\/div>\n<\/div><\/div><\/div><\/div><div class=\"vc_row wpb_row vc_row-fluid\"><div class=\"wpb_column vc_column_container vc_col-sm-3\"><div class=\"vc_column-inner\"><div class=\"wpb_wrapper\">\n\t<div  class=\"wpb_single_image wpb_content_element vc_align_left wpb_content_element\">\n\t\t\n\t\t<figure class=\"wpb_wrapper vc_figure\">\n\t\t\t<a href=\"https:\/\/lamp.glopss.com\/aff_c?offer_id=1384&#038;aff_id=1834\" target=\"_self\" class=\"vc_single_image-wrapper   vc_box_border_grey\"><img loading=\"lazy\" decoding=\"async\" width=\"150\" height=\"150\" src=\"https:\/\/maldives-paradise.com\/wp-content\/uploads\/2023\/12\/Hideaway-Beach-Resort-Spa-Shines-as-the-Most-Picturesque-Resort-in-the-Maldives-at-TTM-Awards-2023-1-1024x576-1-150x150.jpg\" class=\"vc_single_image-img attachment-thumbnail\" alt=\"Hideaway Beach Resort &amp; Spa\" title=\"Hideaway-Beach-Resort-Spa-Shines-as-the-Mest-Picturesque-Resort-in-the-Maldives-at-TTM-Awards-2023-1-1024x576.jpg\" \/><\/a>\n\t\t<\/figure>\n\t<\/div>\n<\/div><\/div><\/div><div class=\"wpb_column vc_column_container vc_col-sm-9\"><div class=\"vc_column-inner\"><div class=\"wpb_wrapper\">\n\t<div class=\"wpb_text_column wpb_content_element\" >\n\t\t<div class=\"wpb_wrapper\">\n\t\t\t<h4><a href=\"https:\/\/lamp.glopss.com\/aff_c?offer_id=1384&amp;aff_id=1834\" target=\"_blank\" rel=\"nofollow noopener\">Hideaway Beach Resort &amp; Spa<\/a><\/h4>\n<p>Vinder af en Tripadvisor Travellers&#039; Choice Best of the Best Award 2022. Hvis de voksne har brug for en pause fra deres afkom, har resortet l\u00f8sningen: den fremragende Tender Hearts Kids&#039; Club. Slip dine sm\u00e5 l\u00f8s i den 50 kvm store b\u00f8rneklub, og se dem deltage i de kuraterede aktiviteter, der med garanti vil imponere. Disse omfatter sandslotfremstilling, fiskelektioner, skattejagt, maling, tegning, madlavningskurser, cykling, gemmeleg, p\u00e6dagogiske ture og meget mere.<\/p>\n\n\t\t<\/div>\n\t<\/div>\n<\/div><\/div><\/div><\/div><div class=\"vc_row wpb_row vc_row-fluid\"><div class=\"wpb_column vc_column_container vc_col-sm-3\"><div class=\"vc_column-inner\"><div class=\"wpb_wrapper\">\n\t<div  class=\"wpb_single_image wpb_content_element vc_align_left wpb_content_element\">\n\t\t\n\t\t<figure class=\"wpb_wrapper vc_figure\">\n\t\t\t<a href=\"https:\/\/lamp.glopss.com\/aff_c?offer_id=264&#038;aff_id=1834&#038;url=https%3A%2F%2Fwww.hurawalhi.com%2F\" target=\"_self\" class=\"vc_single_image-wrapper   vc_box_border_grey\"><img loading=\"lazy\" decoding=\"async\" width=\"150\" height=\"150\" src=\"https:\/\/maldives-paradise.com\/wp-content\/uploads\/2024\/01\/Hurawalhi-Island2-150x150.jpg\" class=\"vc_single_image-img attachment-thumbnail\" alt=\"Hurawalhi Island - Kun voksne og All Inclusive Resort\" title=\"Hurawalhi-\u00f8en 2\" \/><\/a>\n\t\t<\/figure>\n\t<\/div>\n<\/div><\/div><\/div><div class=\"wpb_column vc_column_container vc_col-sm-9\"><div class=\"vc_column-inner\"><div class=\"wpb_wrapper\">\n\t<div class=\"wpb_text_column wpb_content_element\" >\n\t\t<div class=\"wpb_wrapper\">\n\t\t\t<h4><a href=\"https:\/\/hotellook.tp.st\/6FluoLuO\" target=\"_blank\" rel=\"nofollow noopener\">Hurawalhi Island Resort<\/a><\/h4>\n<p>Intet er mere romantisk end at nyde selskabet med ens betydelige anden p\u00e5 Maldivernes sandede kyster, smage p\u00e5 den fantastiske Lhavaiyani Atoll. Det <strong>Hurawalhi Island Resort<\/strong> er fortrolig med at skabe en romantisk stemning! Dette feriested kun for voksne sikrer ogs\u00e5, at g\u00e6sterne kan nyde \u00f8en uden stress med deres altomfattende plan. Med planen kan rejsende f\u00e5 adgang til resortets fitnesscenter og andre sportsfaciliteter, buffet-m\u00e5ltider p\u00e5 Canneli Restaurant, ubegr\u00e6nsede drikkevarer (undtagen visse drikkevarer) og One Sunset Dolphin Cruise.<\/p>\n\n\t\t<\/div>\n\t<\/div>\n<\/div><\/div><\/div><\/div><div class=\"vc_row wpb_row vc_row-fluid\"><div class=\"wpb_column vc_column_container vc_col-sm-3\"><div class=\"vc_column-inner\"><div class=\"wpb_wrapper\">\n\t<div  class=\"wpb_single_image wpb_content_element vc_align_left wpb_content_element\">\n\t\t\n\t\t<figure class=\"wpb_wrapper vc_figure\">\n\t\t\t<a href=\"https:\/\/lamp.glopss.com\/aff_c?offer_id=372&#038;aff_id=1834\" target=\"_self\" class=\"vc_single_image-wrapper   vc_box_border_grey\"><img loading=\"lazy\" decoding=\"async\" width=\"150\" height=\"150\" src=\"https:\/\/maldives-paradise.com\/wp-content\/uploads\/2024\/03\/huvafen-fushi-celsius_1-150x150.jpg\" class=\"vc_single_image-img attachment-thumbnail\" alt=\"Huvafen Fushi\" title=\"huvafen-fushi-celsius_1\" srcset=\"https:\/\/maldives-paradise.com\/wp-content\/uploads\/2024\/03\/huvafen-fushi-celsius_1-150x150.jpg 150w, https:\/\/maldives-paradise.com\/wp-content\/uploads\/2024\/03\/huvafen-fushi-celsius_1-13x12.jpg 13w\" sizes=\"auto, (max-width: 150px) 100vw, 150px\" \/><\/a>\n\t\t<\/figure>\n\t<\/div>\n<\/div><\/div><\/div><div class=\"wpb_column vc_column_container vc_col-sm-9\"><div class=\"vc_column-inner\"><div class=\"wpb_wrapper\">\n\t<div class=\"wpb_text_column wpb_content_element\" >\n\t\t<div class=\"wpb_wrapper\">\n\t\t\t<h4><a href=\"https:\/\/lamp.glopss.com\/SHV1\" target=\"_blank\" rel=\"nofollow noopener\">Huvafen Fushi<\/a><\/h4>\n<p><strong>Huvafen Fushi<\/strong> er et 5-stjernet luksuri\u00f8st resort beliggende i North Mal\u00e9 Atoll p\u00e5 Maldiverne. Det har overvands- og strandbungalower med private pools og 6 spisesteder. Lokkende aromaer, uforglemmelige smagsoplevelser, sl\u00e5ende spisesteder. Ved havet, over vandet, under jorden. Maldivernes fineste k\u00f8kkener. En af verdens mest intime skr\u00e6ddersyede unders\u00f8iske spiseoplevelser otte meter under Det Indiske Oceans overflade. Fork\u00e6l dig selv med en privat gastronomisk oplevelse som ingen anden med uforstyrret udsigt over det f\u00e6ngslende rev.<\/p>\n\n\t\t<\/div>\n\t<\/div>\n<\/div><\/div><\/div><\/div><div class=\"vc_row wpb_row vc_row-fluid\"><div class=\"wpb_column vc_column_container vc_col-sm-3\"><div class=\"vc_column-inner\"><div class=\"wpb_wrapper\">\n\t<div  class=\"wpb_single_image wpb_content_element vc_align_left wpb_content_element\">\n\t\t\n\t\t<figure class=\"wpb_wrapper vc_figure\">\n\t\t\t<a href=\"https:\/\/lamp.glopss.com\/aff_c?offer_id=264&#038;aff_id=1834&#038;url=https%3A%2F%2Fwww.komandoo.com%2F\" target=\"_self\" class=\"vc_single_image-wrapper   vc_box_border_grey\"><img loading=\"lazy\" decoding=\"async\" width=\"150\" height=\"150\" src=\"https:\/\/maldives-paradise.com\/wp-content\/uploads\/2024\/01\/komandoo3.-150x150.jpg\" class=\"vc_single_image-img attachment-thumbnail\" alt=\"Komandoo Island Resort &amp; Spa\" title=\"Komandoo Infinity Pool\" \/><\/a>\n\t\t<\/figure>\n\t<\/div>\n<\/div><\/div><\/div><div class=\"wpb_column vc_column_container vc_col-sm-9\"><div class=\"vc_column-inner\"><div class=\"wpb_wrapper\">\n\t<div class=\"wpb_text_column wpb_content_element\" >\n\t\t<div class=\"wpb_wrapper\">\n\t\t\t<h4><a href=\"https:\/\/maldives-paradise.com\/da\/komandoo-island-resort-spa\/\">Komandoo Island Resort &amp; Spa<\/a><\/h4>\n<p>Komandoo Island Resort &amp; Spa er et af Maldivernes h\u00f8jest bed\u00f8mte feriesteder kun for voksne. Par kan nyde hinandens selskab p\u00e5 dette prisvindende feriested i intime omgivelser blandt sk\u00f8nheden ved Lhaviyani Atoll. Rejsende vil ogs\u00e5 elske Komandoos altomfattende pakker. Resortets plus- og guldpakker inkluderer frynsegoder som buffet-m\u00e5ltider under morgenmad, frokost og middag, bundl\u00f8se drikkevarer, adgang til minibaren, gratis brug af resortets fitnesscenter og udvalgt rekreativt udstyr.<\/p>\n\n\t\t<\/div>\n\t<\/div>\n<\/div><\/div><\/div><\/div><div class=\"vc_row wpb_row vc_row-fluid\"><div class=\"wpb_column vc_column_container vc_col-sm-3\"><div class=\"vc_column-inner\"><div class=\"wpb_wrapper\">\n\t<div  class=\"wpb_single_image wpb_content_element vc_align_left wpb_content_element\">\n\t\t\n\t\t<figure class=\"wpb_wrapper vc_figure\">\n\t\t\t<a href=\"https:\/\/lamp.glopss.com\/aff_c?offer_id=264&#038;aff_id=1834&#038;url=https%3A%2F%2Fwww.kudadoo.com%2F\" target=\"_self\" class=\"vc_single_image-wrapper   vc_box_border_grey\"><img loading=\"lazy\" decoding=\"async\" width=\"150\" height=\"150\" src=\"https:\/\/maldives-paradise.com\/wp-content\/uploads\/2024\/01\/kudadoo2-150x150.jpg\" class=\"vc_single_image-img attachment-thumbnail\" alt=\"Kudadoo Maldiverne Private Island\" title=\"kudadoo2\" \/><\/a>\n\t\t<\/figure>\n\t<\/div>\n<\/div><\/div><\/div><div class=\"wpb_column vc_column_container vc_col-sm-9\"><div class=\"vc_column-inner\"><div class=\"wpb_wrapper\">\n\t<div class=\"wpb_text_column wpb_content_element\" >\n\t\t<div class=\"wpb_wrapper\">\n\t\t\t<h4><a href=\"https:\/\/lamp.glopss.com\/aff_c?offer_id=264&amp;aff_id=1834&amp;url=https%3A%2F%2Fwww.kudadoo.com%2F\" target=\"_blank\" rel=\"nofollow noopener\">Kudadoo Maldiverne Private Island<\/a><\/h4>\n<p>Ocean Pool Residences p\u00e5 310 kvadratmeter har ekspansive overvandsd\u00e6k, en privat infinity-pool, masser af udend\u00f8rs lounging og en h\u00e6ngesofa. Disse uds\u00f8gt designede private luksusboliger i Kudadoo omfatter et rummeligt badev\u00e6relse med badekar, bruser og make-up omr\u00e5de. Eksotiske og rene linjer med jordfarver og naturlige materialer. <strong>Personlig Butler inkluderet. Alt, hvor som helst, n\u00e5r som helst.<br \/>\n<\/strong><\/p>\n\n\t\t<\/div>\n\t<\/div>\n<\/div><\/div><\/div><\/div><div class=\"vc_row wpb_row vc_row-fluid\"><div class=\"wpb_column vc_column_container vc_col-sm-3\"><div class=\"vc_column-inner\"><div class=\"wpb_wrapper\">\n\t<div  class=\"wpb_single_image wpb_content_element vc_align_left wpb_content_element\">\n\t\t\n\t\t<figure class=\"wpb_wrapper vc_figure\">\n\t\t\t<a href=\"https:\/\/lamp.glopss.com\/aff_c?offer_id=1508&#038;aff_id=1834\" target=\"_self\" class=\"vc_single_image-wrapper   vc_box_border_grey\"><img loading=\"lazy\" decoding=\"async\" width=\"150\" height=\"150\" src=\"https:\/\/maldives-paradise.com\/wp-content\/uploads\/2024\/01\/lily-beach2-150x150.jpg\" class=\"vc_single_image-img attachment-thumbnail\" alt=\"Lily Beach Resort &amp; Spa\" title=\"lilje-strand2\" \/><\/a>\n\t\t<\/figure>\n\t<\/div>\n<\/div><\/div><\/div><div class=\"wpb_column vc_column_container vc_col-sm-9\"><div class=\"vc_column-inner\"><div class=\"wpb_wrapper\">\n\t<div class=\"wpb_text_column wpb_content_element\" >\n\t\t<div class=\"wpb_wrapper\">\n\t\t\t<h4><a href=\"https:\/\/lamp.glopss.com\/aff_c?offer_id=1508&amp;aff_id=1834\" target=\"_blank\" rel=\"nofollow noopener\">Lily Beach Resort &amp; Spa<\/a><\/h4>\n<p>Oplev Paradiset p\u00e5 Lily Beach Resort &amp; Spa \u2013 alt inklusive luksus p\u00e5 Maldiverne. Bryllups- og l\u00f8ftefornyelsespakker er tilg\u00e6ngelige p\u00e5 luksusresortet Lily Beach. Begge muligheder kan skr\u00e6ddersyes og udformes, s\u00e5 de passer til dine krav med en bred vifte af ekstra oplevelser.<\/p>\n\n\t\t<\/div>\n\t<\/div>\n<\/div><\/div><\/div><\/div><div class=\"vc_row wpb_row vc_row-fluid\"><div class=\"wpb_column vc_column_container vc_col-sm-3\"><div class=\"vc_column-inner\"><div class=\"wpb_wrapper\">\n\t<div  class=\"wpb_single_image wpb_content_element vc_align_left wpb_content_element\">\n\t\t\n\t\t<figure class=\"wpb_wrapper vc_figure\">\n\t\t\t<a href=\"https:\/\/lamp.glopss.com\/aff_c?offer_id=261&#038;aff_id=1834\" target=\"_self\" class=\"vc_single_image-wrapper   vc_box_border_grey\"><img loading=\"lazy\" decoding=\"async\" width=\"150\" height=\"150\" src=\"https:\/\/maldives-paradise.com\/wp-content\/uploads\/2023\/10\/milaidhoo3-150x150.jpg\" class=\"vc_single_image-img attachment-thumbnail\" alt=\"Milaidhoo Maldiverne\" title=\"milaidhoo3\" \/><\/a>\n\t\t<\/figure>\n\t<\/div>\n<\/div><\/div><\/div><div class=\"wpb_column vc_column_container vc_col-sm-9\"><div class=\"vc_column-inner\"><div class=\"wpb_wrapper\">\n\t<div class=\"wpb_text_column wpb_content_element\" >\n\t\t<div class=\"wpb_wrapper\">\n\t\t\t<h4><a href=\"https:\/\/lamp.glopss.com\/SHUd\" target=\"_blank\" rel=\"nofollow noopener\">Milaidhoo Island Maldiverne<\/a><\/h4>\n<p>Milaidhoo boutique resort omdefinerer luksus og fremviser stolt sine lokale r\u00f8dder. G\u00e6ster oplever en afslappet, luksuri\u00f8s barfodets \u00f8-livsstil og f\u00f8ler, at de h\u00f8rer til, mens de er i de naturlige og frodige omgivelser p\u00e5 en tropisk \u00f8. Ethvert romantisk \u00f8nske kan opfyldes her: fra at se delfiner ved solnedgang til at bes\u00f8ge en forladt sandbanke til en privat strandpicnic. Snorkel- og dykkerturene gennem det farverige koralrev direkte foran \u00f8en eller i den ber\u00f8mte Hanifaru-bugt er ogs\u00e5 vidunderlige. Hos Milaidhoo vil g\u00e6sterne finde deres andet hjem i Det Indiske Ocean: stilfuldt, velkendt og t\u00e6t p\u00e5 naturen.<\/p>\n\n\t\t<\/div>\n\t<\/div>\n<\/div><\/div><\/div><\/div><div class=\"vc_row wpb_row vc_row-fluid\"><div class=\"wpb_column vc_column_container vc_col-sm-3\"><div class=\"vc_column-inner\"><div class=\"wpb_wrapper\">\n\t<div  class=\"wpb_single_image wpb_content_element vc_align_left wpb_content_element\">\n\t\t\n\t\t<figure class=\"wpb_wrapper vc_figure\">\n\t\t\t<a href=\"https:\/\/lamp.glopss.com\/aff_c?offer_id=9&#038;aff_id=1834&#038;url=https%3A%2F%2Fwww.niyama.com%2F\" target=\"_self\" class=\"vc_single_image-wrapper   vc_box_border_grey\"><img loading=\"lazy\" decoding=\"async\" width=\"150\" height=\"150\" src=\"https:\/\/maldives-paradise.com\/wp-content\/uploads\/2024\/01\/niyama2-150x150.jpg\" class=\"vc_single_image-img attachment-thumbnail\" alt=\"Niyama Private Islands Maldiverne\" title=\"nyama2\" \/><\/a>\n\t\t<\/figure>\n\t<\/div>\n<\/div><\/div><\/div><div class=\"wpb_column vc_column_container vc_col-sm-9\"><div class=\"vc_column-inner\"><div class=\"wpb_wrapper\">\n\t<div class=\"wpb_text_column wpb_content_element\" >\n\t\t<div class=\"wpb_wrapper\">\n\t\t\t<h4><a href=\"https:\/\/lamp.glopss.com\/SHUv\" target=\"_blank\" rel=\"nofollow noopener\">Niyama Private Islands Maldiverne<\/a><\/h4>\n<p>Bedst til surfskole.<br \/>\nDette familievenlige feriested med to \u00f8er i den sydlige Dhaalu Atoll har sin egen surfpause inden for padleafstand fra kysten. Lektioner d\u00e6kker alle niveauer og hvert medlem af familien, begyndende med det grundl\u00e6ggende i Niyamas rolige bl\u00e5 lagune, f\u00f8r de dimitterer til andedyk og nedsk\u00e6ringer i det \u00e5bne hav. Tilbage p\u00e5 land finder du ogs\u00e5 en al-syngende, dansende b\u00f8rneklub, en tr\u00e6husrestaurant, en undervandsrestaurant, en overvandsspa og store familievillaer, b\u00e5de p\u00e5 stranden og opstyltet over Det Indiske Ocean.<\/p>\n\n\t\t<\/div>\n\t<\/div>\n<\/div><\/div><\/div><\/div><div class=\"vc_row wpb_row vc_row-fluid\"><div class=\"wpb_column vc_column_container vc_col-sm-3\"><div class=\"vc_column-inner\"><div class=\"wpb_wrapper\">\n\t<div  class=\"wpb_single_image wpb_content_element vc_align_left wpb_content_element\">\n\t\t\n\t\t<figure class=\"wpb_wrapper vc_figure\">\n\t\t\t<a href=\"https:\/\/lamp.glopss.com\/aff_c?offer_id=1506&#038;aff_id=1834\" target=\"_self\" class=\"vc_single_image-wrapper   vc_box_border_grey\"><img loading=\"lazy\" decoding=\"async\" width=\"150\" height=\"150\" src=\"https:\/\/maldives-paradise.com\/wp-content\/uploads\/2024\/02\/PatinaMaldives5-400-150x150.jpg\" class=\"vc_single_image-img attachment-thumbnail\" alt=\"Patina Maldiverne\" title=\"Patina+Maldiverne5-400\" \/><\/a>\n\t\t<\/figure>\n\t<\/div>\n<\/div><\/div><\/div><div class=\"wpb_column vc_column_container vc_col-sm-9\"><div class=\"vc_column-inner\"><div class=\"wpb_wrapper\">\n\t<div class=\"wpb_text_column wpb_content_element\" >\n\t\t<div class=\"wpb_wrapper\">\n\t\t\t<h4><a href=\"https:\/\/lamp.glopss.com\/aff_c?offer_id=1506&amp;aff_id=1834\">Patina Maldiverne<\/a><\/h4>\n<p>Patina Maldives er en prisvindende perle, der tilbyder kr\u00e6sne rejsende en luksuri\u00f8s flugt til paradis. Med sine fantastiske overvandsvillaer, uds\u00f8gte madoplevelser, bekvemmeligheder i verdensklasse og forpligtelse til b\u00e6redygtighed, lover resortet et uforglemmeligt tilflugtssted p\u00e5 en af verdens mest betagende destinationer.<\/p>\n\n\t\t<\/div>\n\t<\/div>\n<\/div><\/div><\/div><\/div><div class=\"vc_row wpb_row vc_row-fluid\"><div class=\"wpb_column vc_column_container vc_col-sm-12\"><div class=\"vc_column-inner\"><div class=\"wpb_wrapper\">\n\t<div class=\"wpb_text_column wpb_content_element\" >\n\t\t<div class=\"wpb_wrapper\">\n\t\t\t<p><a href=\"http:\/\/maldives-paradise.com\/da\/tag\/bedste-pris-garanti\/\"><strong>Mere om bedste prisgaranti hoteller og feriesteder p\u00e5 Maldiverne<\/strong><\/a><\/p>\n\n\t\t<\/div>\n\t<\/div>\n<\/div><\/div><\/div><\/div>\n<\/div>","protected":false},"excerpt":{"rendered":"<div class=\"mh-excerpt\"><\/div>","protected":false},"author":1,"featured_media":8152,"parent":0,"menu_order":0,"comment_status":"closed","ping_status":"closed","template":"","meta":{"footnotes":""},"class_list":["post-14711","page","type-page","status-publish","has-post-thumbnail"],"aioseo_notices":[],"_links":{"self":[{"href":"https:\/\/maldives-paradise.com\/da\/wp-json\/wp\/v2\/pages\/14711","targetHints":{"allow":["GET"]}}],"collection":[{"href":"https:\/\/maldives-paradise.com\/da\/wp-json\/wp\/v2\/pages"}],"about":[{"href":"https:\/\/maldives-paradise.com\/da\/wp-json\/wp\/v2\/types\/page"}],"author":[{"embeddable":true,"href":"https:\/\/maldives-paradise.com\/da\/wp-json\/wp\/v2\/users\/1"}],"replies":[{"embeddable":true,"href":"https:\/\/maldives-paradise.com\/da\/wp-json\/wp\/v2\/comments?post=14711"}],"version-history":[{"count":6,"href":"https:\/\/maldives-paradise.com\/da\/wp-json\/wp\/v2\/pages\/14711\/revisions"}],"predecessor-version":[{"id":45315,"href":"https:\/\/maldives-paradise.com\/da\/wp-json\/wp\/v2\/pages\/14711\/revisions\/45315"}],"wp:featuredmedia":[{"embeddable":true,"href":"https:\/\/maldives-paradise.com\/da\/wp-json\/wp\/v2\/media\/8152"}],"wp:attachment":[{"href":"https:\/\/maldives-paradise.com\/da\/wp-json\/wp\/v2\/media?parent=14711"}],"curies":[{"name":"wp","href":"https:\/\/api.w.org\/{rel}","templated":true}]}}