{"id":12744,"date":"2024-03-23T08:05:25","date_gmt":"2024-03-23T08:05:25","guid":{"rendered":"http:\/\/maldives-paradise.com\/?page_id=12744"},"modified":"2025-02-23T08:10:09","modified_gmt":"2025-02-23T08:10:09","slug":"lavprishoteller-og-feriesteder-pa-maldiverne","status":"publish","type":"page","link":"https:\/\/maldives-paradise.com\/da\/lavprishoteller-og-feriesteder-pa-maldiverne\/","title":{"rendered":"Budgethoteller og feriesteder p\u00e5 Maldiverne"},"content":{"rendered":"<div class=\"wpb-content-wrapper\"><div class=\"vc_row wpb_row vc_row-fluid\"><div class=\"wpb_column vc_column_container vc_col-sm-12\"><div class=\"vc_column-inner\"><div class=\"wpb_wrapper\">\n\t<div class=\"wpb_text_column wpb_content_element\" >\n\t\t<div class=\"wpb_wrapper\">\n\t\t\t<p>Budgethoteller og pensionater p\u00e5 Maldiverne tilbyder en overkommelig m\u00e5de at opleve sk\u00f8nheden i dette tropiske paradis uden at g\u00e5 p\u00e5 kompromis med komforten. Disse overnatningssteder tilbyder typisk hyggelige v\u00e6relser med aircondition, Wi-Fi og personlig service.<br \/>\nMange budgethoteller ligger p\u00e5 lokale \u00f8er, hvilket giver g\u00e6sterne mulighed for at udforske levende kultur, uber\u00f8rte strande og et mangfoldigt havliv. G\u00e6sterne kan nyde aktiviteter som snorkling, dykning og delfinobservation, ofte arrangeret til budgetvenlige priser. Med muligheder lige fra familiedrevne pensionater til boutique-ophold tilbyder disse indkvarteringer en indbydende atmosf\u00e6re og adgang til autentiske maldiviske oplevelser, hvilket g\u00f8r dem ideelle for rejsende, der s\u00f8ger v\u00e6rdi og eventyr.<\/p>\n\n\t\t<\/div>\n\t<\/div>\n<\/div><\/div><\/div><\/div><div class=\"vc_row wpb_row vc_row-fluid\"><div class=\"wpb_column vc_column_container vc_col-sm-3\"><div class=\"vc_column-inner\"><div class=\"wpb_wrapper\">\n\t<div  class=\"wpb_single_image wpb_content_element vc_align_left wpb_content_element\">\n\t\t\n\t\t<figure class=\"wpb_wrapper vc_figure\">\n\t\t\t<a href=\"https:\/\/maldives-paradise.com\/da\/2024\/11\/sadan-lever-du-pa-et-budget-pa-maldiverne-en-guide-til-den-omkostningsbevidste-rejsende\/\" target=\"_self\" class=\"vc_single_image-wrapper   vc_box_border_grey\"><img loading=\"lazy\" decoding=\"async\" width=\"150\" height=\"150\" src=\"https:\/\/maldives-paradise.com\/wp-content\/uploads\/2024\/09\/maldives-beach-150x150.jpg\" class=\"vc_single_image-img attachment-thumbnail\" alt=\"Strand p\u00e5 Maldiverne\" title=\"maldiverne-strand\" \/><\/a>\n\t\t<\/figure>\n\t<\/div>\n<\/div><\/div><\/div><div class=\"wpb_column vc_column_container vc_col-sm-9\"><div class=\"vc_column-inner\"><div class=\"wpb_wrapper\">\n\t<div class=\"wpb_text_column wpb_content_element\" >\n\t\t<div class=\"wpb_wrapper\">\n\t\t\t<h4 class=\"entry-title\"><a href=\"https:\/\/maldives-paradise.com\/da\/2024\/11\/sadan-lever-du-pa-et-budget-pa-maldiverne-en-guide-til-den-omkostningsbevidste-rejsende\/\">S\u00e5dan lever du p\u00e5 et budget p\u00e5 Maldiverne: En guide til den omkostningsbevidste rejsende<\/a><\/h4>\n<p>Selvom Maldiverne er ber\u00f8mt for sine private ferie\u00f8er, er der adskillige lokale \u00f8er, der tilbyder budgetvenlige muligheder. Disse \u00f8er tilbyder budgetvenlige hoteller og g\u00e6stehuse i en autentisk oplevelse af maldivisk kultur med hvide sandstrande, turkisbl\u00e5t vand og et pulserende havliv.<\/p>\n\n\t\t<\/div>\n\t<\/div>\n<\/div><\/div><\/div><\/div><div class=\"vc_row wpb_row vc_row-fluid\"><div class=\"wpb_column vc_column_container vc_col-sm-3\"><div class=\"vc_column-inner\"><div class=\"wpb_wrapper\">\n\t<div  class=\"wpb_single_image wpb_content_element vc_align_left wpb_content_element\">\n\t\t\n\t\t<figure class=\"wpb_wrapper vc_figure\">\n\t\t\t<a href=\"https:\/\/maldives-paradise.com\/da\/2024\/12\/budgethoteller-og-gaestehuse-pa-dhigurah-oen\/\" target=\"_self\" class=\"vc_single_image-wrapper   vc_box_border_grey\"><img loading=\"lazy\" decoding=\"async\" width=\"150\" height=\"150\" src=\"https:\/\/maldives-paradise.com\/wp-content\/uploads\/2024\/12\/Dhigurah-island-150x150.jpeg\" class=\"vc_single_image-img attachment-thumbnail\" alt=\"Dhigurah \u00f8\" title=\"DCIM100MEDIADJI_0239JPG\" \/><\/a>\n\t\t<\/figure>\n\t<\/div>\n<\/div><\/div><\/div><div class=\"wpb_column vc_column_container vc_col-sm-9\"><div class=\"vc_column-inner\"><div class=\"wpb_wrapper\">\n\t<div class=\"wpb_text_column wpb_content_element\" >\n\t\t<div class=\"wpb_wrapper\">\n\t\t\t<h4 class=\"entry-title\"><a href=\"https:\/\/maldives-paradise.com\/da\/2024\/12\/budgethoteller-og-gaestehuse-pa-dhigurah-oen\/\">Budgethoteller og pensionater p\u00e5 \u00f8en Dhigurah<\/a><\/h4>\n<p>Et af Dhigurahs mest karakteristiske tr\u00e6k er dens n\u00e6rhed til en bestand af hvalhajer \u00e5ret rundt, hvilket g\u00f8r den til en f\u00f8rsteklasses destination for snorkel- og dykkerentusiaster. \u00d8ens omkringliggende farvande er ogs\u00e5 hjemsted for dj\u00e6vlerokker og farverige koralrev, der tilbyder uovertrufne undervandsoplevelser.<\/p>\n<p>For rejsende, der s\u00f8ger budgetvenlige hoteller og pensionater uden at g\u00e5 p\u00e5 kompromis med komforten, tilbyder Dhigurah flere fremragende muligheder.<\/p>\n\n\t\t<\/div>\n\t<\/div>\n<\/div><\/div><\/div><\/div><div class=\"vc_row wpb_row vc_row-fluid\"><div class=\"wpb_column vc_column_container vc_col-sm-3\"><div class=\"vc_column-inner\"><div class=\"wpb_wrapper\">\n\t<div  class=\"wpb_single_image wpb_content_element vc_align_left wpb_content_element\">\n\t\t\n\t\t<figure class=\"wpb_wrapper vc_figure\">\n\t\t\t<a href=\"https:\/\/maldives-paradise.com\/da\/2024\/12\/budgethoteller-og-pensionater-pa-gulhi-oen\/\" target=\"_self\" class=\"vc_single_image-wrapper   vc_box_border_grey\"><img loading=\"lazy\" decoding=\"async\" width=\"150\" height=\"150\" src=\"https:\/\/maldives-paradise.com\/wp-content\/uploads\/2024\/12\/Gulhi-Island-view-150x150.jpg\" class=\"vc_single_image-img attachment-thumbnail\" alt=\"Gulhi Island\" title=\"Udsigt over Gulhi-\u00f8en\" \/><\/a>\n\t\t<\/figure>\n\t<\/div>\n<\/div><\/div><\/div><div class=\"wpb_column vc_column_container vc_col-sm-9\"><div class=\"vc_column-inner\"><div class=\"wpb_wrapper\">\n\t<div class=\"wpb_text_column wpb_content_element\" >\n\t\t<div class=\"wpb_wrapper\">\n\t\t\t<h4 class=\"entry-title\"><a href=\"https:\/\/maldives-paradise.com\/da\/2024\/12\/budgethoteller-og-pensionater-pa-gulhi-oen\/\">Budgethoteller og pensionater p\u00e5 Gulhi-\u00f8en<\/a><\/h4>\n<p>Gulhi Island, beliggende i South Mal\u00e9 Atoll p\u00e5 Maldiverne, er en fredfyldt oase, der er kendt for sine uber\u00f8rte hvide sandstrande, krystalklare turkise vand og rolige atmosf\u00e6re. I mods\u00e6tning til sine mere kommercielle naboer tilbyder Gulhi bes\u00f8gende en autentisk maldivisk oplevelse, der er kendetegnet ved sit lille fiskersamfund og uspolerede naturlige sk\u00f8nhed.<\/p>\n\n\t\t<\/div>\n\t<\/div>\n<\/div><\/div><\/div><\/div><div class=\"vc_row wpb_row vc_row-fluid\"><div class=\"wpb_column vc_column_container vc_col-sm-3\"><div class=\"vc_column-inner\"><div class=\"wpb_wrapper\">\n\t<div  class=\"wpb_single_image wpb_content_element vc_align_left wpb_content_element\">\n\t\t\n\t\t<figure class=\"wpb_wrapper vc_figure\">\n\t\t\t<a href=\"https:\/\/maldives-paradise.com\/da\/2022\/10\/bedste-steder-at-bo-i-maafushi-maldiverne\/\" target=\"_self\" class=\"vc_single_image-wrapper   vc_box_border_grey\"><img loading=\"lazy\" decoding=\"async\" width=\"150\" height=\"150\" src=\"https:\/\/maldives-paradise.com\/wp-content\/uploads\/2024\/04\/stingray-feeding-maafushi-triton-maldives-150x150.jpg\" class=\"vc_single_image-img attachment-thumbnail\" alt=\"Vaavu Atoll\" title=\"rokke-fodring-maafushi-triton-maldiverne\" \/><\/a>\n\t\t<\/figure>\n\t<\/div>\n<\/div><\/div><\/div><div class=\"wpb_column vc_column_container vc_col-sm-9\"><div class=\"vc_column-inner\"><div class=\"wpb_wrapper\">\n\t<div class=\"wpb_text_column wpb_content_element\" >\n\t\t<div class=\"wpb_wrapper\">\n\t\t\t<h4 class=\"entry-title\"><a href=\"https:\/\/maldives-paradise.com\/da\/2022\/10\/bedste-steder-at-bo-i-maafushi-maldiverne\/\">Bedste steder at bo i Maafushi, Maldiverne<\/a><\/h4>\n<p>N\u00e5r du skal v\u00e6lge mellem budgethoteller i Maafushi, er det ligegyldigt, hvilken del af \u00f8en du v\u00e6lger. Nogle hoteller i Maafushi tilbyder dig natursk\u00f8nne udsigter over havet. Andre ligger derimod i rolige hj\u00f8rner, v\u00e6k fra den larmende og livlige turistm\u00e6ngde.<\/p>\n\n\t\t<\/div>\n\t<\/div>\n<\/div><\/div><\/div><\/div><div class=\"vc_row wpb_row vc_row-fluid\"><div class=\"wpb_column vc_column_container vc_col-sm-3\"><div class=\"vc_column-inner\"><div class=\"wpb_wrapper\">\n\t<div  class=\"wpb_single_image wpb_content_element vc_align_left wpb_content_element\">\n\t\t\n\t\t<figure class=\"wpb_wrapper vc_figure\">\n\t\t\t<a href=\"https:\/\/maldives-paradise.com\/da\/2024\/12\/budgethoteller-og-pensionater-i-male\/\" target=\"_self\" class=\"vc_single_image-wrapper   vc_box_border_grey\"><img loading=\"lazy\" decoding=\"async\" width=\"150\" height=\"150\" src=\"https:\/\/maldives-paradise.com\/wp-content\/uploads\/2024\/07\/Male-Maldives-700x450-1-150x150.jpg\" class=\"vc_single_image-img attachment-thumbnail\" alt=\"Mandlige Maldiverne\" title=\"Mand-Maldiverne-700x450\" \/><\/a>\n\t\t<\/figure>\n\t<\/div>\n<\/div><\/div><\/div><div class=\"wpb_column vc_column_container vc_col-sm-9\"><div class=\"vc_column-inner\"><div class=\"wpb_wrapper\">\n\t<div class=\"wpb_text_column wpb_content_element\" >\n\t\t<div class=\"wpb_wrapper\">\n\t\t\t<h4 class=\"entry-title\"><a href=\"https:\/\/maldives-paradise.com\/da\/2024\/12\/budgethoteller-og-pensionater-i-male\/\">Budgethoteller og pensionater i Male<\/a><\/h4>\n<p>For rejsende, der s\u00f8ger overkommelige ophold i Mal\u00e9, er her fem budgetvenlige hoteller og pensionater. Mal\u00e9, Maldivernes travle hovedstad, tilbyder en unik blanding af rig kulturarv og moderne byliv, der adskiller den fra landets rolige ferie\u00f8er. Beliggende p\u00e5 en kompakt \u00f8 i den nordlige Mal\u00e9-atoll, fremst\u00e5r den som en af verdens t\u00e6ttest befolkede byer og giver bes\u00f8gende et autentisk glimt af det maldiviske dagligliv.<\/p>\n\n\t\t<\/div>\n\t<\/div>\n<\/div><\/div><\/div><\/div><div class=\"vc_row wpb_row vc_row-fluid\"><div class=\"wpb_column vc_column_container vc_col-sm-3\"><div class=\"vc_column-inner\"><div class=\"wpb_wrapper\">\n\t<div  class=\"wpb_single_image wpb_content_element vc_align_left wpb_content_element\">\n\t\t\n\t\t<figure class=\"wpb_wrapper vc_figure\">\n\t\t\t<a href=\"https:\/\/maldives-paradise.com\/da\/2024\/12\/budgethoteller-og-pensionater-pa-thoddoo-oen\/\" target=\"_self\" class=\"vc_single_image-wrapper   vc_box_border_grey\"><img loading=\"lazy\" decoding=\"async\" width=\"150\" height=\"150\" src=\"https:\/\/maldives-paradise.com\/wp-content\/uploads\/2024\/11\/thoodoo-island-150x150.jpg\" class=\"vc_single_image-img attachment-thumbnail\" alt=\"Thoddoo\" title=\"thoodoo-\u00f8en\" \/><\/a>\n\t\t<\/figure>\n\t<\/div>\n<\/div><\/div><\/div><div class=\"wpb_column vc_column_container vc_col-sm-9\"><div class=\"vc_column-inner\"><div class=\"wpb_wrapper\">\n\t<div class=\"wpb_text_column wpb_content_element\" >\n\t\t<div class=\"wpb_wrapper\">\n\t\t\t<h4 class=\"entry-title\"><a href=\"https:\/\/maldives-paradise.com\/da\/2024\/12\/budgethoteller-og-pensionater-pa-thoddoo-oen\/\">Budgethoteller og pensionater p\u00e5 Thoddoo-\u00f8en<\/a><\/h4>\n<p>Thoddoo tilbyder bes\u00f8gende et autentisk glimt af det traditionelle maldiviske liv, hvor landbrug harmonisk blandes med spirende turisme. \u00d8ens vidtstrakte landbrugsomr\u00e5der og tropiske frugtdyrkning skaber en unik baggrund, der adskiller den fra de typiske feriedestinationer.<\/p>\n<p>For rejsende, der s\u00f8ger budgetvenlig indkvartering uden at g\u00e5 p\u00e5 kompromis med oplevelsen, tilbyder Thoddoo adskillige budgethoteller og pensionater.<\/p>\n\n\t\t<\/div>\n\t<\/div>\n<\/div><\/div><\/div><\/div><div class=\"vc_row wpb_row vc_row-fluid\"><div class=\"wpb_column vc_column_container vc_col-sm-3\"><div class=\"vc_column-inner\"><div class=\"wpb_wrapper\">\n\t<div  class=\"wpb_single_image wpb_content_element vc_align_left wpb_content_element\">\n\t\t\n\t\t<figure class=\"wpb_wrapper vc_figure\">\n\t\t\t<a href=\"https:\/\/maldives-paradise.com\/da\/2024\/12\/budgethoteller-og-pensionater-pa-thulusdhoo-oen\/\" target=\"_self\" class=\"vc_single_image-wrapper   vc_box_border_grey\"><img loading=\"lazy\" decoding=\"async\" width=\"150\" height=\"150\" src=\"https:\/\/maldives-paradise.com\/wp-content\/uploads\/2024\/12\/Thulusdhoo-150x150.jpg\" class=\"vc_single_image-img attachment-thumbnail\" alt=\"Thulusdhoo \u00f8\" title=\"DCIM100MEDIADJI_0047JPG\" \/><\/a>\n\t\t<\/figure>\n\t<\/div>\n<\/div><\/div><\/div><div class=\"wpb_column vc_column_container vc_col-sm-9\"><div class=\"vc_column-inner\"><div class=\"wpb_wrapper\">\n\t<div class=\"wpb_text_column wpb_content_element\" >\n\t\t<div class=\"wpb_wrapper\">\n\t\t\t<h4 class=\"entry-title\"><a href=\"https:\/\/maldives-paradise.com\/da\/2024\/12\/budgethoteller-og-pensionater-pa-thulusdhoo-oen\/\">Budgethoteller og pensionater p\u00e5 \u00f8en Thulusdhoo<\/a><\/h4>\n<p>Thulusdhoo Island skiller sig ud som en unik destination p\u00e5 Maldiverne, der tilbyder surfing i verdensklasse, autentiske kulturelle oplevelser og budgetvenlig indkvartering, hvilket g\u00f8r det til et ideelt valg for rejsende, der s\u00f8ger b\u00e5de eventyr og overkommelige priser.<br \/>\nRejsende, der s\u00f8ger overkommelige, men komfortable ophold, vil finde Thulusdhoo im\u00f8dekommende. Her er fire budgetvenlige muligheder<\/p>\n\n\t\t<\/div>\n\t<\/div>\n<\/div><\/div><\/div><\/div><div class=\"vc_row wpb_row vc_row-fluid\"><div class=\"wpb_column vc_column_container vc_col-sm-3\"><div class=\"vc_column-inner\"><div class=\"wpb_wrapper\">\n\t<div  class=\"wpb_single_image wpb_content_element vc_align_left wpb_content_element\">\n\t\t\n\t\t<figure class=\"wpb_wrapper vc_figure\">\n\t\t\t<a href=\"https:\/\/maldives-paradise.com\/da\/2024\/11\/budgethoteller-og-gaestehuse-i-ukulhas\/\" target=\"_self\" class=\"vc_single_image-wrapper   vc_box_border_grey\"><img loading=\"lazy\" decoding=\"async\" width=\"150\" height=\"150\" src=\"https:\/\/maldives-paradise.com\/wp-content\/uploads\/2024\/11\/ukulhus-1-150x150.jpg\" class=\"vc_single_image-img attachment-thumbnail\" alt=\"Ukulhas\" title=\"ukulhus\" \/><\/a>\n\t\t<\/figure>\n\t<\/div>\n<\/div><\/div><\/div><div class=\"wpb_column vc_column_container vc_col-sm-9\"><div class=\"vc_column-inner\"><div class=\"wpb_wrapper\">\n\t<div class=\"wpb_text_column wpb_content_element\" >\n\t\t<div class=\"wpb_wrapper\">\n\t\t\t<h4 class=\"entry-title\"><a href=\"https:\/\/maldives-paradise.com\/da\/2024\/11\/budgethoteller-og-gaestehuse-i-ukulhas\/\">Budgethoteller og pensionater i Ukulhas<\/a><\/h4>\n<p>For rejsende, der s\u00f8ger overkommelige budgethoteller og budgetvenlige pensionater uden at g\u00e5 p\u00e5 kompromis med komforten, tilbyder Ukulhas flere fremragende muligheder.<\/p>\n\n\t\t<\/div>\n\t<\/div>\n<\/div><\/div><\/div><\/div>\n<\/div>","protected":false},"excerpt":{"rendered":"<div class=\"mh-excerpt\"><\/div>","protected":false},"author":1,"featured_media":11680,"parent":0,"menu_order":0,"comment_status":"closed","ping_status":"closed","template":"","meta":{"footnotes":""},"class_list":["post-12744","page","type-page","status-publish","has-post-thumbnail"],"aioseo_notices":[],"_links":{"self":[{"href":"https:\/\/maldives-paradise.com\/da\/wp-json\/wp\/v2\/pages\/12744","targetHints":{"allow":["GET"]}}],"collection":[{"href":"https:\/\/maldives-paradise.com\/da\/wp-json\/wp\/v2\/pages"}],"about":[{"href":"https:\/\/maldives-paradise.com\/da\/wp-json\/wp\/v2\/types\/page"}],"author":[{"embeddable":true,"href":"https:\/\/maldives-paradise.com\/da\/wp-json\/wp\/v2\/users\/1"}],"replies":[{"embeddable":true,"href":"https:\/\/maldives-paradise.com\/da\/wp-json\/wp\/v2\/comments?post=12744"}],"version-history":[{"count":6,"href":"https:\/\/maldives-paradise.com\/da\/wp-json\/wp\/v2\/pages\/12744\/revisions"}],"predecessor-version":[{"id":30047,"href":"https:\/\/maldives-paradise.com\/da\/wp-json\/wp\/v2\/pages\/12744\/revisions\/30047"}],"wp:featuredmedia":[{"embeddable":true,"href":"https:\/\/maldives-paradise.com\/da\/wp-json\/wp\/v2\/media\/11680"}],"wp:attachment":[{"href":"https:\/\/maldives-paradise.com\/da\/wp-json\/wp\/v2\/media?parent=12744"}],"curies":[{"name":"wp","href":"https:\/\/api.w.org\/{rel}","templated":true}]}}