{"id":10581,"date":"2024-02-12T20:15:26","date_gmt":"2024-02-12T20:15:26","guid":{"rendered":"http:\/\/maldives-paradise.com\/?page_id=10581"},"modified":"2025-10-15T14:02:41","modified_gmt":"2025-10-15T14:02:41","slug":"somerset-hotellet","status":"publish","type":"page","link":"https:\/\/maldives-paradise.com\/da\/somerset-hotellet\/","title":{"rendered":"Somerset Hotel"},"content":{"rendered":"<div class=\"wpb-content-wrapper\"><div class=\"vc_row wpb_row vc_row-fluid\"><div class=\"wpb_column vc_column_container vc_col-sm-12\"><div class=\"vc_column-inner\"><div class=\"wpb_wrapper\">\n\t<div class=\"wpb_text_column wpb_content_element\" >\n\t\t<div class=\"wpb_wrapper\">\n\t\t\t<h3>De bedste funktioner p\u00e5 Somerset Hotel p\u00e5 Maldiverne<\/h3>\n\n\t\t<\/div>\n\t<\/div>\n<\/div><\/div><\/div><\/div><div class=\"vc_row wpb_row vc_row-fluid\"><div class=\"wpb_column vc_column_container vc_col-sm-12\"><div class=\"vc_column-inner\"><div class=\"wpb_wrapper\">\n\t<div class=\"wpb_video_widget wpb_content_element vc_clearfix   vc_video-aspect-ratio-169 vc_video-el-width-100 vc_video-align-left\" >\n\t\t<div class=\"wpb_wrapper\">\n\t\t\t\n\t\t\t<div class=\"wpb_video_wrapper\"><iframe loading=\"lazy\" title=\"S\u00e6sonparadis, dr\u00f8mmedestination i Maldiverne\" width=\"500\" height=\"281\" src=\"https:\/\/www.youtube.com\/embed\/lrFeMMiDh-w?feature=oembed\" frameborder=\"0\" allow=\"accelerometer; autoplay; clipboard-write; encrypted-media; gyroscope; picture-in-picture; web-share\" allowfullscreen><\/iframe><\/div>\n\t\t<\/div>\n\t<\/div>\n<\/div><\/div><\/div><\/div><div class=\"vc_row wpb_row vc_row-fluid\"><div class=\"wpb_column vc_column_container vc_col-sm-12\"><div class=\"vc_column-inner\"><div class=\"wpb_wrapper\">\n\t<div class=\"wpb_text_column wpb_content_element\" >\n\t\t<div class=\"wpb_wrapper\">\n\t\t\t<p>Somerset Hotel st\u00e5r som et fyrt\u00e5rn af luksus og ro i dette tropiske paradis. Beliggende i hovedstaden Mal\u00e9 tilbyder dette elegante tilflugtssted en unik blanding af moderne raffinement og maldivisk charme til kr\u00e6sne rejsende. Lad os udforske de bedste funktioner, der g\u00f8r <strong>Somerset Hotel<\/strong> et must-bes\u00f8g destination.<\/p>\n<p><strong>F\u00f8rsteklasses beliggenhed:<\/strong><br \/>\nSomerset Hotel har en f\u00f8rsteklasses beliggenhed i hjertet af Mal\u00e9, Maldivernes pulserende hovedstad. Bekvemt beliggende n\u00e6r byens store attraktioner, shoppingdistrikter og forretningsknudepunkter, har g\u00e6sterne nem adgang til alt, hvad denne fortryllende destination har at tilbyde. Uanset om du udforsker Mal\u00e9s travle gader eller tager p\u00e5 udflugter til n\u00e6rliggende \u00f8er, fungerer The Somerset Hotel som den perfekte base for uforglemmelige eventyr.<\/p>\n<p><strong>Luksuri\u00f8s indkvartering:<\/strong><br \/>\nSomerset Hotel tilbyder luksuri\u00f8s indkvartering designet til at give g\u00e6sterne den st\u00f8rste komfort og afslapning. Fra stilfulde v\u00e6relser til rummelige suiter er hver bolig elegant m\u00f8bleret og udstyret med moderne bekvemmeligheder for at sikre et problemfrit ophold. G\u00e6sterne kan slappe af i plyssenge, suge i dybe badekar og nyde panoramaudsigten over byens skyline eller det rolige Indiske Ocean fra deres private balkoner.<\/p>\n<p><strong>Enest\u00e5ende madoplevelser:<\/strong><br \/>\nKulinariske l\u00e6kkerier venter g\u00e6sterne p\u00e5 The Somerset Hotels forskellige spisesteder, hvor verdensklassekokke laver uds\u00f8gte retter inspireret af lokale smagsoplevelser og internationale retter. Fra fine restauranter, der serverer gourmetretter til afslappede caf\u00e9er og barer, der byder p\u00e5 lette anretninger og forfriskende drikkevarer, er der noget, der frister enhver gane. G\u00e6sterne kan nyde overd\u00e5dige buffeter, al fresco-spisning ved poolen eller romantiske middage under stjernerne, hvilket sikrer en kulinarisk oplevelse at huske.<\/p>\n<p><strong>Infinity-pool p\u00e5 taget:<\/strong><br \/>\nEt af de i\u00f8jnefaldende tr\u00e6k ved The Somerset Hotel er dens infinity-pool p\u00e5 taget, der tilbyder en betagende udsigt over den maldiviske skyline og det glitrende vand i Det Indiske Ocean. G\u00e6sterne kan tage en forfriskende dukkert i det krystalklare vand, nyde den tropiske sol p\u00e5 komfortable liggestole eller nyde forfriskende cocktails i poolbaren. Uanset om du slapper af efter en dag med udforskning eller nyder en afslappet sv\u00f8mmetur ved solnedgang, giver infinitypoolen p\u00e5 taget den ultimative afslapningsoplevelse.<\/p>\n<p><strong>Wellness og fritid:<\/strong><br \/>\nSomerset Hotel tilbyder en r\u00e6kke wellness- og rekreative faciliteter designet til at forynge sind, krop og sj\u00e6l. G\u00e6sterne kan nyde fork\u00e6lende spa-behandlinger, forfriskende tr\u00e6ning i fitnesscentret eller yoga-sessioner p\u00e5 tagterrassen med udsigt over havet. For dem, der s\u00f8ger eventyr, kan hotellet arrangere en r\u00e6kke vandsportsaktiviteter, herunder snorkling, dykning og solnedgangskrydstogter, s\u00e5 g\u00e6sterne kan udforske Maldivernes pulserende havliv og naturlige vidundere.<\/p>\n<p><strong>Personlig service:<\/strong><br \/>\nP\u00e5 The Somerset Hotel bliver g\u00e6sterne behandlet med personlig service og varm maldivisk g\u00e6stfrihed fra det \u00f8jeblik, de ankommer. Det opm\u00e6rksomme personale g\u00e5r ud over at sikre, at alle aspekter af g\u00e6sternes ophold er fejlfrit, lige fra at arrangere lufthavnstransport til at arrangere skr\u00e6ddersyede udflugter og oplevelser. Med sans for detaljer og et \u00e6gte \u00f8nske om at overg\u00e5 forventningerne, skaber The Somerset Hotel uforglemmelige minder for enhver g\u00e6st.<\/p>\n<p><strong>Forretnings- og eventfaciliteter:<\/strong><br \/>\nFor forretningsrejsende og dem, der er v\u00e6rt for s\u00e6rlige begivenheder, tilbyder The Somerset Hotel topmoderne m\u00f8de- og begivenhedsfaciliteter udstyret med den nyeste teknologi og faciliteter. Fra intime bestyrelsesm\u00f8der til storsl\u00e5ede receptioner og banketter kan hotellets erfarne arrangementsteam hj\u00e6lpe med alle detaljer for at sikre en vellykket og mindev\u00e6rdig begivenhed.<\/p>\n<p>Som konklusion tilbyder The Somerset Hotel et luksuri\u00f8st tilflugtssted i hjertet af Maldiverne, der kombinerer elegant indkvartering, enest\u00e5ende madoplevelser og enest\u00e5ende service for at skabe et uforglemmeligt ophold for g\u00e6sterne. Uanset om de s\u00f8ger afslapning, eventyr eller forretningsmuligheder, inviterer The Somerset Hotel rejsende til at opdage sk\u00f8nheden og sindsroen ved denne fortryllende destination og skabe minder, der varer hele livet.<\/p>\n\n\t\t<\/div>\n\t<\/div>\n<\/div><\/div><\/div><\/div><div class=\"vc_row wpb_row vc_row-fluid\"><div class=\"wpb_column vc_column_container vc_col-sm-12\"><div class=\"vc_column-inner\"><div class=\"wpb_wrapper\">\n\t<div class=\"wpb_text_column wpb_content_element\" >\n\t\t<div class=\"wpb_wrapper\">\n\t\t\t<h3><a title=\"Somerset Hotel\" href=\"https:\/\/trip.tpo.lv\/nJmI3cNc\" target=\"blanc2\" rel=\"nofollow\">Check availability and best price at The Somerset Hotel here &gt;&gt;<\/a><\/h3>\n\n\t\t<\/div>\n\t<\/div>\n<\/div><\/div><\/div><\/div>\n<\/div>","protected":false},"excerpt":{"rendered":"<div class=\"mh-excerpt\"><\/div>","protected":false},"author":1,"featured_media":10582,"parent":0,"menu_order":0,"comment_status":"closed","ping_status":"closed","template":"","meta":{"footnotes":""},"class_list":["post-10581","page","type-page","status-publish","has-post-thumbnail"],"aioseo_notices":[],"_links":{"self":[{"href":"https:\/\/maldives-paradise.com\/da\/wp-json\/wp\/v2\/pages\/10581","targetHints":{"allow":["GET"]}}],"collection":[{"href":"https:\/\/maldives-paradise.com\/da\/wp-json\/wp\/v2\/pages"}],"about":[{"href":"https:\/\/maldives-paradise.com\/da\/wp-json\/wp\/v2\/types\/page"}],"author":[{"embeddable":true,"href":"https:\/\/maldives-paradise.com\/da\/wp-json\/wp\/v2\/users\/1"}],"replies":[{"embeddable":true,"href":"https:\/\/maldives-paradise.com\/da\/wp-json\/wp\/v2\/comments?post=10581"}],"version-history":[{"count":3,"href":"https:\/\/maldives-paradise.com\/da\/wp-json\/wp\/v2\/pages\/10581\/revisions"}],"predecessor-version":[{"id":43713,"href":"https:\/\/maldives-paradise.com\/da\/wp-json\/wp\/v2\/pages\/10581\/revisions\/43713"}],"wp:featuredmedia":[{"embeddable":true,"href":"https:\/\/maldives-paradise.com\/da\/wp-json\/wp\/v2\/media\/10582"}],"wp:attachment":[{"href":"https:\/\/maldives-paradise.com\/da\/wp-json\/wp\/v2\/media?parent=10581"}],"curies":[{"name":"wp","href":"https:\/\/api.w.org\/{rel}","templated":true}]}}