{"id":10577,"date":"2024-02-12T20:10:16","date_gmt":"2024-02-12T20:10:16","guid":{"rendered":"http:\/\/maldives-paradise.com\/?page_id=10577"},"modified":"2025-10-15T13:33:18","modified_gmt":"2025-10-15T13:33:18","slug":"saesonens-paradis","status":"publish","type":"page","link":"https:\/\/maldives-paradise.com\/da\/saesonens-paradis\/","title":{"rendered":"S\u00e6son Paradise"},"content":{"rendered":"<div class=\"wpb-content-wrapper\"><div class=\"vc_row wpb_row vc_row-fluid\"><div class=\"wpb_column vc_column_container vc_col-sm-12\"><div class=\"vc_column-inner\"><div class=\"wpb_wrapper\">\n\t<div class=\"wpb_text_column wpb_content_element\" >\n\t\t<div class=\"wpb_wrapper\">\n\t\t\t<h3>Udforsk de bedste funktioner i Season Paradise Resort p\u00e5 Maldiverne<\/h3>\n\n\t\t<\/div>\n\t<\/div>\n<\/div><\/div><\/div><\/div><div class=\"vc_row wpb_row vc_row-fluid\"><div class=\"wpb_column vc_column_container vc_col-sm-12\"><div class=\"vc_column-inner\"><div class=\"wpb_wrapper\">\n\t<div class=\"wpb_video_widget wpb_content_element vc_clearfix   vc_video-aspect-ratio-169 vc_video-el-width-100 vc_video-align-left\" >\n\t\t<div class=\"wpb_wrapper\">\n\t\t\t\n\t\t\t<div class=\"wpb_video_wrapper\"><iframe loading=\"lazy\" title=\"S\u00e6sonparadis, dr\u00f8mmedestination i Maldiverne\" width=\"500\" height=\"281\" src=\"https:\/\/www.youtube.com\/embed\/lrFeMMiDh-w?feature=oembed\" frameborder=\"0\" allow=\"accelerometer; autoplay; clipboard-write; encrypted-media; gyroscope; picture-in-picture; web-share\" allowfullscreen><\/iframe><\/div>\n\t\t<\/div>\n\t<\/div>\n<\/div><\/div><\/div><\/div><div class=\"vc_row wpb_row vc_row-fluid\"><div class=\"wpb_column vc_column_container vc_col-sm-12\"><div class=\"vc_column-inner\"><div class=\"wpb_wrapper\">\n\t<div class=\"wpb_text_column wpb_content_element\" >\n\t\t<div class=\"wpb_wrapper\">\n\t\t\t<p>Season Paradise, et fredfyldt og luksuri\u00f8st feriested i hjertet af Maldiverne. Season Paradise er beliggende p\u00e5 \u00f8en Thulusdhoo i det nordlige Mal\u00e9-atol og tilbyder kr\u00e6sne rejsende en idyllisk flugt til paradis. Fra uber\u00f8rte strande til bekvemmeligheder i verdensklasse, lad os dykke ned i de bedste funktioner, der g\u00f8r Season Paradise Resort til et must-bes\u00f8g-destination.<\/p>\n<p><strong>Indkvartering:<\/strong><br \/>\nSeason Paradise kan prale af en r\u00e6kke luksuri\u00f8se overnatningssteder designet til at im\u00f8dekomme enhver pr\u00e6ference og budget. Fra rummelige villaer ved stranden til stilfulde bungalows over vandet, hvert v\u00e6relse er elegant indrettet med moderne bekvemmeligheder og tilbyder en betagende udsigt over havet eller frodige tropiske haver. Med slankt moderne design og overd\u00e5dige m\u00f8bler kan g\u00e6sterne nyde uovertruffen komfort og afslapning under hele deres ophold.<\/p>\n<p><strong>Uds\u00f8gte madoplevelser:<\/strong><br \/>\nAt spise p\u00e5 Season Paradise er en kulinarisk forn\u00f8jelse, med en r\u00e6kke restauranter og barer, der tilbyder en r\u00e6kke l\u00e6kre retter og forfriskende drikkevarer. Fra internationalt k\u00f8kken til lokale maldiviske specialiteter kan g\u00e6sterne nyde en bred vifte af smagsoplevelser og kulinariske oplevelser. Uanset om du nyder en romantisk middag ved stranden eller smager eksotiske cocktails ved solnedgang, lover resortets spisesteder en uforglemmelig gastronomisk rejse.<\/p>\n<p><strong>Spektakul\u00e6re vandaktiviteter:<\/strong><br \/>\nMed sine krystalklare laguner og livlige koralrev, <a href=\"https:\/\/trip.tpo.lv\/vzcwRmRF\" target=\"_blank\" rel=\"noopener sponsored\"><strong>S\u00e6son Paradise<\/strong><\/a> er et paradis for vandsportsentusiaster. G\u00e6sterne kan snorkle midt i farverigt havliv, dykke ned og udforske undervandsgrotter og skibsvrag eller blot slappe af p\u00e5 de uber\u00f8rte strande og nyde den tropiske sol. For adrenalins\u00f8gende tilbyder resortet en r\u00e6kke sp\u00e6ndende aktiviteter s\u00e5som jetski, parasailing og windsurfing, hvilket sikrer endel\u00f8s sp\u00e6nding og eventyr.<\/p>\n<p><strong>Afslapning og velv\u00e6re:<\/strong><br \/>\nSeason Paradise er dedikeret til at sikre g\u00e6sternes afslapning og velv\u00e6re med sit udvalg af wellness-faciliteter og spa-tjenester. Resortets spa tilbyder et fristed af ro og foryngelse med en r\u00e6kke holistiske behandlinger og massager inspireret af traditionelle maldiviske helbredelsesritualer. G\u00e6ster kan ogs\u00e5 nyde yoga-sessioner p\u00e5 stranden, meditationskurser og wellness-workshops for at dulme sind, krop og sj\u00e6l.<\/p>\n<p><strong>\u00d8-udforskning og kulturelle oplevelser:<\/strong><br \/>\nUd over feriestedet tilbyder Season Paradise g\u00e6sterne mulighed for at udforske Maldivernes naturlige sk\u00f8nhed og kulturelle arv. Fra guidede \u00f8-ture til bes\u00f8g i lokale landsbyer, kan g\u00e6sterne fordybe sig i det rige tapet af maldivisk liv og skabe uforglemmelige minder. Resortet arrangerer ogs\u00e5 solnedgangskrydstogter, delfinudflugter og traditionelle maldiviske madlavningskurser, s\u00e5 g\u00e6sterne kan opleve Maldivernes autentiske charme.<\/p>\n<p><strong>Familievenlige faciliteter:<\/strong><br \/>\nSeason Paradise er den perfekte destination for familier med en r\u00e6kke faciliteter og aktiviteter designet til at tage h\u00f8jde for g\u00e6ster i alle aldre. Resortet har en b\u00f8rneklub, der tilbyder overv\u00e5gede aktiviteter og spil, samt et dedikeret poolomr\u00e5de, hvor b\u00f8rn kan plaske og lege. Med rummelige familievenlige boliger og specielle spisemenuer for b\u00f8rn sikrer Season Paradise en mindev\u00e6rdig ferie for hele familien.<\/p>\n<p><strong>Up\u00e5klagelig service:<\/strong><br \/>\nHos Season Paradise bliver g\u00e6sterne behandlet med de h\u00f8jeste standarder for g\u00e6stfrihed og personlig service. Resortets opm\u00e6rksomme personale g\u00e5r ud over for at sikre, at alle aspekter af g\u00e6sternes ophold er fejlfrit, lige fra at arrangere udflugter til at forudse alle deres behov. Med varm maldivisk g\u00e6stfrihed og opm\u00e6rksomhed p\u00e5 detaljer skaber Season Paradise en virkelig uforglemmelig oplevelse for alle, der bes\u00f8ger.<\/p>\n<p>Afslutningsvis tilbyder Season Paradise Resort et luksuri\u00f8st tilflugtssted i en af verdens mest betagende destinationer. Med sin luksuri\u00f8se indkvartering, uds\u00f8gte madoplevelser, spektakul\u00e6re vandaktiviteter og up\u00e5klagelig service, lover resortet en uforglemmelig flugt til paradis for kr\u00e6sne rejsende, der s\u00f8ger den ultimative maldiviske oplevelse. Uanset om de s\u00f8ger afslapning, eventyr eller kulturel fordybelse, inviteres g\u00e6sterne til at omfavne s\u00e6sonparadisets magi og skabe minder, der varer hele livet.<\/p>\n\n\t\t<\/div>\n\t<\/div>\n<\/div><\/div><\/div><\/div><div class=\"vc_row wpb_row vc_row-fluid\"><div class=\"wpb_column vc_column_container vc_col-sm-12\"><div class=\"vc_column-inner\"><div class=\"wpb_wrapper\">\n\t<div class=\"wpb_text_column wpb_content_element\" >\n\t\t<div class=\"wpb_wrapper\">\n\t\t\t<h3><a title=\"S\u00e6son Paradise\" href=\"https:\/\/trip.tpo.lv\/vzcwRmRF\" target=\"blanc2\" rel=\"nofollow\">Tjek tilg\u00e6ngelighed og bedste pris hos Season Paradise her &gt;&gt;<\/a><\/h3>\n\n\t\t<\/div>\n\t<\/div>\n<\/div><\/div><\/div><\/div>\n<\/div>","protected":false},"excerpt":{"rendered":"<div class=\"mh-excerpt\"><\/div>","protected":false},"author":1,"featured_media":10578,"parent":0,"menu_order":0,"comment_status":"closed","ping_status":"closed","template":"","meta":{"footnotes":""},"class_list":["post-10577","page","type-page","status-publish","has-post-thumbnail"],"aioseo_notices":[],"_links":{"self":[{"href":"https:\/\/maldives-paradise.com\/da\/wp-json\/wp\/v2\/pages\/10577","targetHints":{"allow":["GET"]}}],"collection":[{"href":"https:\/\/maldives-paradise.com\/da\/wp-json\/wp\/v2\/pages"}],"about":[{"href":"https:\/\/maldives-paradise.com\/da\/wp-json\/wp\/v2\/types\/page"}],"author":[{"embeddable":true,"href":"https:\/\/maldives-paradise.com\/da\/wp-json\/wp\/v2\/users\/1"}],"replies":[{"embeddable":true,"href":"https:\/\/maldives-paradise.com\/da\/wp-json\/wp\/v2\/comments?post=10577"}],"version-history":[{"count":4,"href":"https:\/\/maldives-paradise.com\/da\/wp-json\/wp\/v2\/pages\/10577\/revisions"}],"predecessor-version":[{"id":43703,"href":"https:\/\/maldives-paradise.com\/da\/wp-json\/wp\/v2\/pages\/10577\/revisions\/43703"}],"wp:featuredmedia":[{"embeddable":true,"href":"https:\/\/maldives-paradise.com\/da\/wp-json\/wp\/v2\/media\/10578"}],"wp:attachment":[{"href":"https:\/\/maldives-paradise.com\/da\/wp-json\/wp\/v2\/media?parent=10577"}],"curies":[{"name":"wp","href":"https:\/\/api.w.org\/{rel}","templated":true}]}}