{"id":10573,"date":"2024-02-12T20:03:32","date_gmt":"2024-02-12T20:03:32","guid":{"rendered":"http:\/\/maldives-paradise.com\/?page_id=10573"},"modified":"2025-02-21T07:29:54","modified_gmt":"2025-02-21T07:29:54","slug":"4-stjernede-hoteller-resorts-i-maldiverne-4","status":"publish","type":"page","link":"https:\/\/maldives-paradise.com\/da\/4-stjernede-hoteller-resorts-i-maldiverne-4\/","title":{"rendered":"4-stjernede hoteller og feriesteder i Maldiverne 4"},"content":{"rendered":"<div class=\"wpb-content-wrapper\"><div class=\"vc_row wpb_row vc_row-fluid\"><div class=\"wpb_column vc_column_container vc_col-sm-12\"><div class=\"vc_column-inner\"><div class=\"wpb_wrapper\">\n\t<div class=\"wpb_text_column wpb_content_element\" >\n\t\t<div class=\"wpb_wrapper\">\n\t\t\t<h3>Et udvalg af 4-stjernede hoteller og resorts p\u00e5 Maldiverne<\/h3>\n<p>Maldiverne er hjemsted for talrige <strong data-start=\"82\" data-end=\"111\">4-stjernede hoteller og resorts<\/strong>, der tilbyder en perfekt balance mellem <strong data-start=\"143\" data-end=\"181\">luksus, komfort og overkommelighed<\/strong>. Disse feriesteder giver <strong data-start=\"205\" data-end=\"282\">fantastiske villaer ved stranden, bungalows over vandet og fremragende faciliteter<\/strong>, herunder <strong data-start=\"294\" data-end=\"338\">pools, kurbade og flere spisemuligheder<\/strong>. G\u00e6sterne kan fork\u00e6le sig selv <strong data-start=\"362\" data-end=\"404\">snorkling, dykning og krydstogter i solnedgang<\/strong>, alt imens du nyder <strong data-start=\"425\" data-end=\"481\">enest\u00e5ende g\u00e6stfrihed og betagende havudsigt<\/strong>.<\/p>\n\n\t\t<\/div>\n\t<\/div>\n<\/div><\/div><\/div><\/div><div class=\"vc_row wpb_row vc_row-fluid\"><div class=\"wpb_column vc_column_container vc_col-sm-3\"><div class=\"vc_column-inner\"><div class=\"wpb_wrapper\">\n\t<div  class=\"wpb_single_image wpb_content_element vc_align_left wpb_content_element\">\n\t\t\n\t\t<figure class=\"wpb_wrapper vc_figure\">\n\t\t\t<a href=\"http:\/\/maldives-paradise.com\/da\/safari-island-resort\/\" target=\"_self\" class=\"vc_single_image-wrapper   vc_box_border_grey\"><img loading=\"lazy\" decoding=\"async\" width=\"150\" height=\"150\" src=\"https:\/\/maldives-paradise.com\/wp-content\/uploads\/2024\/02\/safari-island-resort-150x150.jpg\" class=\"vc_single_image-img attachment-thumbnail\" alt=\"Safari Island resort\" title=\"safari-\u00f8-resort\" \/><\/a>\n\t\t<\/figure>\n\t<\/div>\n<\/div><\/div><\/div><div class=\"wpb_column vc_column_container vc_col-sm-9\"><div class=\"vc_column-inner\"><div class=\"wpb_wrapper\">\n\t<div class=\"wpb_text_column wpb_content_element\" >\n\t\t<div class=\"wpb_wrapper\">\n\t\t\t<h4><a href=\"http:\/\/maldives-paradise.com\/da\/safari-island-resort\/\">Safari Island Maldiverne<\/a><\/h4>\n<p>Safari Island p\u00e5 Maldiverne er en blanding af naturlig sk\u00f8nhed, luksus, eventyr og ro. Det er en destination, der henvender sig til en bred vifte af interesser og lover en uforglemmelig oplevelse for alle, der bes\u00f8ger.<\/p>\n\n\t\t<\/div>\n\t<\/div>\n<\/div><\/div><\/div><\/div><div class=\"vc_row wpb_row vc_row-fluid\"><div class=\"wpb_column vc_column_container vc_col-sm-3\"><div class=\"vc_column-inner\"><div class=\"wpb_wrapper\">\n\t<div  class=\"wpb_single_image wpb_content_element vc_align_left wpb_content_element\">\n\t\t\n\t\t<figure class=\"wpb_wrapper vc_figure\">\n\t\t\t<a href=\"http:\/\/maldives-paradise.com\/da\/saesonens-paradis\/\" target=\"_self\" class=\"vc_single_image-wrapper   vc_box_border_grey\"><img loading=\"lazy\" decoding=\"async\" width=\"150\" height=\"150\" src=\"https:\/\/maldives-paradise.com\/wp-content\/uploads\/2024\/02\/season-paradise300-150x150.jpg\" class=\"vc_single_image-img attachment-thumbnail\" alt=\"S\u00e6son Paradise\" title=\"s\u00e6son-paradis300\" \/><\/a>\n\t\t<\/figure>\n\t<\/div>\n<\/div><\/div><\/div><div class=\"wpb_column vc_column_container vc_col-sm-9\"><div class=\"vc_column-inner\"><div class=\"wpb_wrapper\">\n\t<div class=\"wpb_text_column wpb_content_element\" >\n\t\t<div class=\"wpb_wrapper\">\n\t\t\t<h4><a href=\"http:\/\/maldives-paradise.com\/da\/saesonens-paradis\/\">S\u00e6son Paradise<\/a><\/h4>\n<p>Season Paradise er beliggende p\u00e5 \u00f8en Thulusdhoo i det nordlige Mal\u00e9-atol og tilbyder kr\u00e6sne rejsende en idyllisk flugt til paradis. Fra uber\u00f8rte strande til bekvemmeligheder i verdensklasse.<\/p>\n\n\t\t<\/div>\n\t<\/div>\n<\/div><\/div><\/div><\/div><div class=\"vc_row wpb_row vc_row-fluid\"><div class=\"wpb_column vc_column_container vc_col-sm-3\"><div class=\"vc_column-inner\"><div class=\"wpb_wrapper\">\n\t<div  class=\"wpb_single_image wpb_content_element vc_align_left wpb_content_element\">\n\t\t\n\t\t<figure class=\"wpb_wrapper vc_figure\">\n\t\t\t<a href=\"http:\/\/maldives-paradise.com\/da\/south-palm-resort-maldiverne\/\" target=\"_self\" class=\"vc_single_image-wrapper   vc_box_border_grey\"><img loading=\"lazy\" decoding=\"async\" width=\"150\" height=\"150\" src=\"https:\/\/maldives-paradise.com\/wp-content\/uploads\/2024\/02\/south-palm-resort-maldives400-150x150.jpg\" class=\"vc_single_image-img attachment-thumbnail\" alt=\"South Palm Resort Maldiverne\" title=\"south-palm-resort-maldiverne400\" \/><\/a>\n\t\t<\/figure>\n\t<\/div>\n<\/div><\/div><\/div><div class=\"wpb_column vc_column_container vc_col-sm-9\"><div class=\"vc_column-inner\"><div class=\"wpb_wrapper\">\n\t<div class=\"wpb_text_column wpb_content_element\" >\n\t\t<div class=\"wpb_wrapper\">\n\t\t\t<h4><a href=\"http:\/\/maldives-paradise.com\/da\/south-palm-resort-maldiverne\/\">South Palm Resort Maldiverne<\/a><\/h4>\n<p>South Palm Resort Maldives tilbyder et luksuri\u00f8st tilflugtssted i en af verdens mest betagende destinationer, hvor g\u00e6sterne kan fordybe sig i Maldivernes sk\u00f8nhed og ro. Med sin idylliske indkvartering, uds\u00f8gte madoplevelser, uber\u00f8rte strande og enest\u00e5ende service, lover resortet en uforglemmelig flugt til paradis.<\/p>\n\n\t\t<\/div>\n\t<\/div>\n<\/div><\/div><\/div><\/div><div class=\"vc_row wpb_row vc_row-fluid\"><div class=\"wpb_column vc_column_container vc_col-sm-3\"><div class=\"vc_column-inner\"><div class=\"wpb_wrapper\">\n\t<div  class=\"wpb_single_image wpb_content_element vc_align_left wpb_content_element\">\n\t\t\n\t\t<figure class=\"wpb_wrapper vc_figure\">\n\t\t\t<a href=\"http:\/\/maldives-paradise.com\/da\/sommeroen-maldiverne\/\" target=\"_self\" class=\"vc_single_image-wrapper   vc_box_border_grey\"><img loading=\"lazy\" decoding=\"async\" width=\"150\" height=\"150\" src=\"https:\/\/maldives-paradise.com\/wp-content\/uploads\/2024\/02\/summer-island-maldives300-150x150.jpg\" class=\"vc_single_image-img attachment-thumbnail\" alt=\"Sommer\u00f8en Maldiverne\" title=\"sommer\u00f8en maldiverne300\" \/><\/a>\n\t\t<\/figure>\n\t<\/div>\n<\/div><\/div><\/div><div class=\"wpb_column vc_column_container vc_col-sm-9\"><div class=\"vc_column-inner\"><div class=\"wpb_wrapper\">\n\t<div class=\"wpb_text_column wpb_content_element\" >\n\t\t<div class=\"wpb_wrapper\">\n\t\t\t<h4><a href=\"http:\/\/maldives-paradise.com\/da\/sommeroen-maldiverne\/\">Sommer\u00f8en Maldiverne<\/a><\/h4>\n<p><strong>Sommer\u00f8en Maldiverne<\/strong>, en uber\u00f8rt oase af luksus og ro. Beliggende p\u00e5 den private \u00f8 Ziyaaraiyfushi i North Male Atoll, tilbyder dette uds\u00f8gte resort kr\u00e6sne rejsende en enest\u00e5ende flugt til paradis.<\/p>\n\n\t\t<\/div>\n\t<\/div>\n<\/div><\/div><\/div><\/div><div class=\"vc_row wpb_row vc_row-fluid\"><div class=\"wpb_column vc_column_container vc_col-sm-3\"><div class=\"vc_column-inner\"><div class=\"wpb_wrapper\">\n\t<div  class=\"wpb_single_image wpb_content_element vc_align_left wpb_content_element\">\n\t\t\n\t\t<figure class=\"wpb_wrapper vc_figure\">\n\t\t\t<a href=\"http:\/\/maldives-paradise.com\/da\/sun-siyam-olhuveli\/\" target=\"_self\" class=\"vc_single_image-wrapper   vc_box_border_grey\"><img loading=\"lazy\" decoding=\"async\" width=\"150\" height=\"150\" src=\"https:\/\/maldives-paradise.com\/wp-content\/uploads\/2024\/02\/sun-siyam-olhuveli-grand-water-villas-with-400-150x150.jpg\" class=\"vc_single_image-img attachment-thumbnail\" alt=\"Sun Siyam Olhuveli\" title=\"sol-siyam-olhuveli-grand-vand-villaer-med-400\" \/><\/a>\n\t\t<\/figure>\n\t<\/div>\n<\/div><\/div><\/div><div class=\"wpb_column vc_column_container vc_col-sm-9\"><div class=\"vc_column-inner\"><div class=\"wpb_wrapper\">\n\t<div class=\"wpb_text_column wpb_content_element\" >\n\t\t<div class=\"wpb_wrapper\">\n\t\t\t<h4><a href=\"http:\/\/maldives-paradise.com\/da\/sun-siyam-olhuveli\/\">Sun Siyam Olhuveli<\/a><\/h4>\n<p>Med sin luksuri\u00f8se indkvartering, spiseoplevelser i verdensklasse, uber\u00f8rte strande og enest\u00e5ende service, lover resortet en uforglemmelig flugt til paradis for kr\u00e6sne rejsende, der s\u00f8ger den ultimative maldiviske oplevelse. Uanset om de slapper af p\u00e5 stranden, fork\u00e6ler sig med spa-behandlinger eller begiver sig ud p\u00e5 sp\u00e6ndende vandsportseventyr, inviteres g\u00e6sterne til at opdage magien ved Sun Siyam Olhuveli og skabe minder, der varer hele livet.<\/p>\n\n\t\t<\/div>\n\t<\/div>\n<\/div><\/div><\/div><\/div><div class=\"vc_row wpb_row vc_row-fluid\"><div class=\"wpb_column vc_column_container vc_col-sm-3\"><div class=\"vc_column-inner\"><div class=\"wpb_wrapper\">\n\t<div  class=\"wpb_single_image wpb_content_element vc_align_left wpb_content_element\">\n\t\t\n\t\t<figure class=\"wpb_wrapper vc_figure\">\n\t\t\t<a href=\"http:\/\/maldives-paradise.com\/da\/thulhagiri-island-resort\/\" target=\"_self\" class=\"vc_single_image-wrapper   vc_box_border_grey\"><img loading=\"lazy\" decoding=\"async\" width=\"150\" height=\"150\" src=\"https:\/\/maldives-paradise.com\/wp-content\/uploads\/2024\/02\/Thulhagiri-Island-Resort300-150x150.jpg\" class=\"vc_single_image-img attachment-thumbnail\" alt=\"Thulhagiri Island Resort\" title=\"Thulhagiri-Island-Resort300\" \/><\/a>\n\t\t<\/figure>\n\t<\/div>\n<\/div><\/div><\/div><div class=\"wpb_column vc_column_container vc_col-sm-9\"><div class=\"vc_column-inner\"><div class=\"wpb_wrapper\">\n\t<div class=\"wpb_text_column wpb_content_element\" >\n\t\t<div class=\"wpb_wrapper\">\n\t\t\t<h4><a href=\"http:\/\/maldives-paradise.com\/da\/thulhagiri-island-resort\/\">Thulhagiri Island Resort<\/a><\/h4>\n<p>Thulhagiri Island Resort, en oase af luksus og ro p\u00e5 Maldiverne. Beliggende p\u00e5 sin private \u00f8 i North Male Atoll, tilbyder dette uds\u00f8gte resort kr\u00e6sne rejsende et uforglemmeligt tilflugtssted omgivet af betagende naturlig sk\u00f8nhed.<\/p>\n\n\t\t<\/div>\n\t<\/div>\n<\/div><\/div><\/div><\/div><div class=\"vc_row wpb_row vc_row-fluid\"><div class=\"wpb_column vc_column_container vc_col-sm-3\"><div class=\"vc_column-inner\"><div class=\"wpb_wrapper\">\n\t<div  class=\"wpb_single_image wpb_content_element vc_align_left wpb_content_element\">\n\t\t\n\t\t<figure class=\"wpb_wrapper vc_figure\">\n\t\t\t<a href=\"http:\/\/maldives-paradise.com\/da\/vilamendhoo-o-resort-spa\/\" target=\"_self\" class=\"vc_single_image-wrapper   vc_box_border_grey\"><img loading=\"lazy\" decoding=\"async\" width=\"150\" height=\"150\" src=\"https:\/\/maldives-paradise.com\/wp-content\/uploads\/2024\/02\/Vilamendhoo-Island-Resort-Spa-Maldives-150x150.jpg\" class=\"vc_single_image-img attachment-thumbnail\" alt=\"Vilamendhoo Island Resort &amp; Spa\" title=\"Vilamendhoo-Island-Resort-Spa-Maldiverne\" \/><\/a>\n\t\t<\/figure>\n\t<\/div>\n<\/div><\/div><\/div><div class=\"wpb_column vc_column_container vc_col-sm-9\"><div class=\"vc_column-inner\"><div class=\"wpb_wrapper\">\n\t<div class=\"wpb_text_column wpb_content_element\" >\n\t\t<div class=\"wpb_wrapper\">\n\t\t\t<h4><a href=\"http:\/\/maldives-paradise.com\/da\/vilamendhoo-o-resort-spa\/\">Vilamendhoo Island Resort &amp; Spa<\/a><\/h4>\n<p>Vilamendhoo Island Resort &amp; Spa tilbyder et luksuri\u00f8st tilflugtssted i en af verdens mest betagende destinationer, hvor g\u00e6sterne kan fordybe sig i Maldivernes naturlige sk\u00f8nhed og ro. Med sin luksuri\u00f8se indkvartering, spiseoplevelser i verdensklasse, uber\u00f8rte strande og enest\u00e5ende service.<\/p>\n\n\t\t<\/div>\n\t<\/div>\n<\/div><\/div><\/div><\/div><div class=\"vc_row wpb_row vc_row-fluid\"><div class=\"wpb_column vc_column_container vc_col-sm-3\"><div class=\"vc_column-inner\"><div class=\"wpb_wrapper\">\n\t<div  class=\"wpb_single_image wpb_content_element vc_align_left wpb_content_element\">\n\t\t\n\t\t<figure class=\"wpb_wrapper vc_figure\">\n\t\t\t<a href=\"http:\/\/maldives-paradise.com\/da\/somerset-hotellet\/\" target=\"_self\" class=\"vc_single_image-wrapper   vc_box_border_grey\"><img loading=\"lazy\" decoding=\"async\" width=\"150\" height=\"150\" src=\"https:\/\/maldives-paradise.com\/wp-content\/uploads\/2024\/02\/the-somerset-hotel-400-150x150.jpg\" class=\"vc_single_image-img attachment-thumbnail\" alt=\"Somerset Hotel\" title=\"the-somerset-hotel-400\" \/><\/a>\n\t\t<\/figure>\n\t<\/div>\n<\/div><\/div><\/div><div class=\"wpb_column vc_column_container vc_col-sm-9\"><div class=\"vc_column-inner\"><div class=\"wpb_wrapper\">\n\t<div class=\"wpb_text_column wpb_content_element\" >\n\t\t<div class=\"wpb_wrapper\">\n\t\t\t<h3><a href=\"http:\/\/maldives-paradise.com\/da\/somerset-hotellet\/\">Somerset Hotel<\/a><\/h3>\n<p>Somerset Hotel inviterer rejsende til at opdage sk\u00f8nheden og sindsroen ved denne fortryllende destination og skabe minder, der varer hele livet.<\/p>\n\n\t\t<\/div>\n\t<\/div>\n<\/div><\/div><\/div><\/div><div class=\"vc_row wpb_row vc_row-fluid\"><div class=\"wpb_column vc_column_container vc_col-sm-12\"><div class=\"vc_column-inner\"><div class=\"wpb_wrapper\">\n\t<div class=\"wpb_text_column wpb_content_element\" >\n\t\t<div class=\"wpb_wrapper\">\n\t\t\t<h3>4-stjernede hoteller og feriesteder i Maldiverne\u00a0\u00a0\u00a0 <a href=\"http:\/\/maldives-paradise.com\/da\/4-stjernede-hoteller-resorts-i-maldiverne\/\">Side 1<\/a>\u00a0\u00a0 <a href=\"http:\/\/maldives-paradise.com\/da\/4-stjernede-hoteller-resorts-i-maldiverne-2\/\">Side 2<\/a>\u00a0\u00a0 <a href=\"http:\/\/maldives-paradise.com\/da\/4-stjernede-hoteller-resorts-i-maldiverne-3\/\">Side 3<\/a><\/h3>\n\n\t\t<\/div>\n\t<\/div>\n<\/div><\/div><\/div><\/div>\n<\/div>","protected":false},"excerpt":{"rendered":"<div class=\"mh-excerpt\"><\/div>","protected":false},"author":1,"featured_media":10498,"parent":0,"menu_order":0,"comment_status":"closed","ping_status":"closed","template":"","meta":{"footnotes":""},"class_list":["post-10573","page","type-page","status-publish","has-post-thumbnail"],"aioseo_notices":[],"_links":{"self":[{"href":"https:\/\/maldives-paradise.com\/da\/wp-json\/wp\/v2\/pages\/10573","targetHints":{"allow":["GET"]}}],"collection":[{"href":"https:\/\/maldives-paradise.com\/da\/wp-json\/wp\/v2\/pages"}],"about":[{"href":"https:\/\/maldives-paradise.com\/da\/wp-json\/wp\/v2\/types\/page"}],"author":[{"embeddable":true,"href":"https:\/\/maldives-paradise.com\/da\/wp-json\/wp\/v2\/users\/1"}],"replies":[{"embeddable":true,"href":"https:\/\/maldives-paradise.com\/da\/wp-json\/wp\/v2\/comments?post=10573"}],"version-history":[{"count":6,"href":"https:\/\/maldives-paradise.com\/da\/wp-json\/wp\/v2\/pages\/10573\/revisions"}],"predecessor-version":[{"id":34287,"href":"https:\/\/maldives-paradise.com\/da\/wp-json\/wp\/v2\/pages\/10573\/revisions\/34287"}],"wp:featuredmedia":[{"embeddable":true,"href":"https:\/\/maldives-paradise.com\/da\/wp-json\/wp\/v2\/media\/10498"}],"wp:attachment":[{"href":"https:\/\/maldives-paradise.com\/da\/wp-json\/wp\/v2\/media?parent=10573"}],"curies":[{"name":"wp","href":"https:\/\/api.w.org\/{rel}","templated":true}]}}