{"id":10332,"date":"2024-02-08T18:07:56","date_gmt":"2024-02-08T18:07:56","guid":{"rendered":"http:\/\/maldives-paradise.com\/?page_id=10332"},"modified":"2025-10-10T15:04:48","modified_gmt":"2025-10-10T15:04:48","slug":"rihiveli-maldiverne-resort","status":"publish","type":"page","link":"https:\/\/maldives-paradise.com\/da\/rihiveli-maldiverne-resort\/","title":{"rendered":"Rihiveli Maldives Resort"},"content":{"rendered":"<div class=\"wpb-content-wrapper\"><div class=\"vc_row wpb_row vc_row-fluid\"><div class=\"wpb_column vc_column_container vc_col-sm-12\"><div class=\"vc_column-inner\"><div class=\"wpb_wrapper\">\n\t<div class=\"wpb_text_column wpb_content_element\" >\n\t\t<div class=\"wpb_wrapper\">\n\t\t\t<h3>Rihiveli Maldives Resort: Et tidl\u00f8st paradis af naturlig sk\u00f8nhed<\/h3>\n\n\t\t<\/div>\n\t<\/div>\n<\/div><\/div><\/div><\/div><div class=\"vc_row wpb_row vc_row-fluid\"><div class=\"wpb_column vc_column_container vc_col-sm-12\"><div class=\"vc_column-inner\"><div class=\"wpb_wrapper\">\n\t<div class=\"wpb_video_widget wpb_content_element vc_clearfix   vc_video-aspect-ratio-169 vc_video-el-width-100 vc_video-align-left\" >\n\t\t<div class=\"wpb_wrapper\">\n\t\t\t\n\t\t\t<div class=\"wpb_video_wrapper\"><iframe loading=\"lazy\" title=\"Rihiveli Maldives Resort - Rundt om \u00f8en\" width=\"413\" height=\"310\" src=\"https:\/\/www.youtube.com\/embed\/qxPqrM4zG3Q?feature=oembed\" frameborder=\"0\" allow=\"accelerometer; autoplay; clipboard-write; encrypted-media; gyroscope; picture-in-picture; web-share\" allowfullscreen><\/iframe><\/div>\n\t\t<\/div>\n\t<\/div>\n<\/div><\/div><\/div><\/div><div class=\"vc_row wpb_row vc_row-fluid\"><div class=\"wpb_column vc_column_container vc_col-sm-12\"><div class=\"vc_column-inner\"><div class=\"wpb_wrapper\">\n\t<div class=\"wpb_text_column wpb_content_element\" >\n\t\t<div class=\"wpb_wrapper\">\n\t\t\t<p>Maldiverne er med sine uber\u00f8rte koralatoller, turkise laguner og hvide sandstrande en dr\u00f8mmedestination for rejsende p\u00e5 jagt efter det ultimative tropiske tilflugtssted. I denne artikel vil vi introducere dig til <strong>Rihiveli Maldives Resort<\/strong>, et tidl\u00f8st tilflugtssted, der legemligg\u00f8r den sande essens af \u00f8-paradis. Oplev de fascinerende fakta og unikke funktioner, der g\u00f8r Rihiveli Maldives Resort til et ekstraordin\u00e6rt valg til din dr\u00f8mmeferie.<\/p>\n<p><strong>Beliggenhed og tilg\u00e6ngelighed<\/strong><\/p>\n<p>Rihiveli Maldives Resort ligger p\u00e5 den private \u00f8 Rihiveli i den sydlige Mal\u00e9-atol, hvilket giver eksklusive og rolige rammer for din ferie. For at n\u00e5 dette afsondrede paradis kan g\u00e6sterne tage en kort og natursk\u00f8n 50-minutters speedb\u00e5dstur fra Velana Internationale Lufthavn. Selve rejsen byder p\u00e5 en fantastisk introduktion til Maldivernes naturlige sk\u00f8nhed, der s\u00e6tter scenen for din tropiske flugt.<\/p>\n<p><strong>Indkvartering<\/strong><\/p>\n<p>Resortet tilbyder en r\u00e6kke unikke overnatningsmuligheder, der hver is\u00e6r er designet til at give en autentisk og behagelig oplevelse. Rihivelis ikoniske vandbungalower ligger p\u00e5 p\u00e6le over lagunens klare vand og tilbyder direkte adgang til havet. Alternativt giver bungalows ved stranden nem adgang til det pudrede sand og det turkisbl\u00e5 hav. Alle boliger er udstyret med moderne bekvemmeligheder og designet til at blande sig problemfrit med de naturlige omgivelser.<\/p>\n<p><strong>Spisning<\/strong><\/p>\n<p>Rihiveli Maldives Resort tilbyder en dejlig kulinarisk rejse, der afspejler dens forpligtelse til ekspertise. Hovedrestauranten Sand serverer en blanding af internationale og maldiviske retter med v\u00e6gt p\u00e5 friske og lokale r\u00e5varer. G\u00e6sterne kan ogs\u00e5 nyde grillaftener med tema og middage ved stranden, hvilket skaber uforglemmelige madoplevelser under den stjernebelyste maldiviske himmel.<\/p>\n<p><strong>Aktiviteter og eventyr<\/strong><\/p>\n<p>Uanset om du leder efter eventyr eller afslapning, har Rihiveli noget for enhver smag. Udforsk den pulserende undervandsverden gennem snorkling og dykkeeventyr. Deltag i forskellige vandsportsgrene, herunder windsurfing, kajaksejlads og paddleboarding. For dem, der \u00f8nsker at slappe af, tilbyder resortets spa en r\u00e6kke beroligende behandlinger og wellness-aktiviteter.<\/p>\n<p><strong>B\u00e6redygtighed og bevaring<\/strong><\/p>\n<p>Rihiveli Maldives Resort er dybt engageret i b\u00e6redygtig praksis og havbevaring. Resortet deltager aktivt i initiativer til genopretning af koraller, rensning af havet og st\u00f8tter lokale milj\u00f8initiativer. G\u00e6ster opfordres til at deltage i disse aktiviteter, hvilket bidrager positivt til bevarelsen af Maldivernes dyrebare marine \u00f8kosystem.<\/p>\n<p><strong>Unikke oplevelser<\/strong><\/p>\n<p>Rihiveli tilbyder unikke oplevelser, der giver dig mulighed for at forbinde dig med den lokale kultur og naturlige omgivelser. Tag med p\u00e5 en traditionel maldivisk fisketur, hvor du kan l\u00e6re kunsten at fiske fra lokale fiskere. Tag del i en Robinson Crusoe-picnic p\u00e5 en afsondret sandbanke, eller bare slap af i en h\u00e6ngek\u00f8je med en bog og lyden af blide b\u00f8lger.<\/p>\n<p><strong>Konklusion<\/strong><\/p>\n<p>Som konklusion er Rihiveli Maldives Resort et tidl\u00f8st tropisk paradis, der lover en uforglemmelig flugt. Dens idylliske beliggenhed, unikke indkvartering, l\u00e6kre retter og dedikation til b\u00e6redygtighed g\u00f8r det til et ideelt valg for rejsende, der s\u00f8ger afslapning og eventyr. Uanset om du fejrer en s\u00e6rlig lejlighed eller s\u00f8ger en foryngende flugt, tilbyder Rihiveli Maldives Resort en oplevelse, der skaber elskede minder. Book dit ophold i dag, og tag p\u00e5 en rejse til et tidl\u00f8st paradis p\u00e5 Maldiverne.<\/p>\n\n\t\t<\/div>\n\t<\/div>\n<\/div><\/div><\/div><\/div><div class=\"vc_row wpb_row vc_row-fluid\"><div class=\"wpb_column vc_column_container vc_col-sm-12\"><div class=\"vc_column-inner\"><div class=\"wpb_wrapper\">\n\t<div class=\"wpb_text_column wpb_content_element\" >\n\t\t<div class=\"wpb_wrapper\">\n\t\t\t<h3><a title=\"Rihiveli Maldives Resort\" href=\"https:\/\/trip.tpo.lv\/J9wBZQqX\" target=\"blanc2\" rel=\"nofollow\">Tjek tilg\u00e6ngelighed og bedste pris p\u00e5 Rihiveli Maldives Resort her &gt;&gt;<\/a><\/h3>\n\n\t\t<\/div>\n\t<\/div>\n<\/div><\/div><\/div><\/div>\n<\/div>","protected":false},"excerpt":{"rendered":"<div class=\"mh-excerpt\"><\/div>","protected":false},"author":1,"featured_media":10333,"parent":0,"menu_order":0,"comment_status":"closed","ping_status":"closed","template":"","meta":{"footnotes":""},"class_list":["post-10332","page","type-page","status-publish","has-post-thumbnail"],"aioseo_notices":[],"_links":{"self":[{"href":"https:\/\/maldives-paradise.com\/da\/wp-json\/wp\/v2\/pages\/10332","targetHints":{"allow":["GET"]}}],"collection":[{"href":"https:\/\/maldives-paradise.com\/da\/wp-json\/wp\/v2\/pages"}],"about":[{"href":"https:\/\/maldives-paradise.com\/da\/wp-json\/wp\/v2\/types\/page"}],"author":[{"embeddable":true,"href":"https:\/\/maldives-paradise.com\/da\/wp-json\/wp\/v2\/users\/1"}],"replies":[{"embeddable":true,"href":"https:\/\/maldives-paradise.com\/da\/wp-json\/wp\/v2\/comments?post=10332"}],"version-history":[{"count":3,"href":"https:\/\/maldives-paradise.com\/da\/wp-json\/wp\/v2\/pages\/10332\/revisions"}],"predecessor-version":[{"id":43503,"href":"https:\/\/maldives-paradise.com\/da\/wp-json\/wp\/v2\/pages\/10332\/revisions\/43503"}],"wp:featuredmedia":[{"embeddable":true,"href":"https:\/\/maldives-paradise.com\/da\/wp-json\/wp\/v2\/media\/10333"}],"wp:attachment":[{"href":"https:\/\/maldives-paradise.com\/da\/wp-json\/wp\/v2\/media?parent=10332"}],"curies":[{"name":"wp","href":"https:\/\/api.w.org\/{rel}","templated":true}]}}