{"id":9973,"date":"2024-02-03T13:53:26","date_gmt":"2024-02-03T13:53:26","guid":{"rendered":"http:\/\/maldives-paradise.com\/?page_id=9973"},"modified":"2025-10-10T10:11:04","modified_gmt":"2025-10-10T10:11:04","slug":"on-makunudu","status":"publish","type":"page","link":"http:\/\/maldives-paradise.com\/sv\/on-makunudu\/","title":{"rendered":"Makunudu Island"},"content":{"rendered":"<div class=\"wpb-content-wrapper\"><div class=\"vc_row wpb_row vc_row-fluid\"><div class=\"wpb_column vc_column_container vc_col-sm-12\"><div class=\"vc_column-inner\"><div class=\"wpb_wrapper\">\n\t<div class=\"wpb_text_column wpb_content_element\" >\n\t\t<div class=\"wpb_wrapper\">\n\t\t\t<h3>Makunudu Island Maldiverna: En dold p\u00e4rla i paradiset<\/h3>\n\n\t\t<\/div>\n\t<\/div>\n<\/div><\/div><\/div><\/div><div class=\"vc_row wpb_row vc_row-fluid\"><div class=\"wpb_column vc_column_container vc_col-sm-12\"><div class=\"vc_column-inner\"><div class=\"wpb_wrapper\">\n\t<div class=\"wpb_video_widget wpb_content_element vc_clearfix   vc_video-aspect-ratio-169 vc_video-el-width-100 vc_video-align-left\" >\n\t\t<div class=\"wpb_wrapper\">\n\t\t\t\n\t\t\t<div class=\"wpb_video_wrapper\"><iframe loading=\"lazy\" title=\"Makunudu Island V\u00e4lkommen tillbaka till Makunudu Island Vi \u00e4r glada att kunna meddela att vi NU \u00e4r \u00d6PPET\" width=\"500\" height=\"281\" src=\"https:\/\/www.youtube.com\/embed\/menMqeCJgo4?feature=oembed\" frameborder=\"0\" allow=\"accelerometer; autoplay; clipboard-write; encrypted-media; gyroscope; picture-in-picture; web-share\" allowfullscreen><\/iframe><\/div>\n\t\t<\/div>\n\t<\/div>\n<\/div><\/div><\/div><\/div><div class=\"vc_row wpb_row vc_row-fluid\"><div class=\"wpb_column vc_column_container vc_col-sm-12\"><div class=\"vc_column-inner\"><div class=\"wpb_wrapper\">\n\t<div class=\"wpb_text_column wpb_content_element\" >\n\t\t<div class=\"wpb_wrapper\">\n\t\t\t<p>Maldiverna, med sina vita sandstr\u00e4nder och kristallklara vatten, \u00e4r en dr\u00f6mdestination f\u00f6r resen\u00e4rer som s\u00f6ker en fridfull tropisk flykt. Undang\u00f6mt i denna hisnande sk\u00e4rg\u00e5rd \u00e4r <strong>Makunudu Island<\/strong>, en dold p\u00e4rla som utlovar en unik och lugn upplevelse. I den h\u00e4r artikeln kommer vi att utforska vad som g\u00f6r Makunudu Island till ett m\u00e5ste att bes\u00f6ka f\u00f6r dem som l\u00e4ngtar efter avkoppling, \u00e4ventyr och Maldivernas or\u00f6rda sk\u00f6nhet.<\/p>\n<p><strong>L\u00e4ge och tillg\u00e4nglighet<\/strong><\/p>\n<p>Makunudu Island ligger i norra Mal\u00e9-atollen, en kort och natursk\u00f6n motorb\u00e5tsresa fr\u00e5n Velanas internationella flygplats. Denna s\u00f6ml\u00f6sa \u00f6verf\u00f6ring s\u00e4kerst\u00e4ller att du kan b\u00f6rja din \u00f6-retr\u00e4tt s\u00e5 snart du anl\u00e4nder, utan kr\u00e5ngel.<\/p>\n<p><strong>boende<\/strong><\/p>\n<p>Anl\u00e4ggningen erbjuder ett begr\u00e4nsat antal bungalower med halmtak, var och en noggrant designad f\u00f6r att ge en intim och autentisk maldivisk upplevelse. Med rustik charm, moderna bekv\u00e4mligheter och direkt tillg\u00e5ng till den vita sandstranden erbjuder varje bungalow en unik blandning av komfort och lugn. Inga tv-apparater eller distraktioner h\u00e4r - bara ljudet av havet och det milda prasslet fr\u00e5n palmer.<\/p>\n<p><strong>Matsal<\/strong><\/p>\n<p>Makunudu Island lockar dina smakl\u00f6kar med ett litet men h\u00e4rligt urval av kulinariska upplevelser. Huvudrestaurangen Ara Iru serverar en m\u00e4ngd olika internationella och maldiviska r\u00e4tter med f\u00e4rska lokala r\u00e5varor. Att \u00e4ta h\u00e4r \u00e4r en intim upplevelse, med bord dukade under bar himmel, vilket skapar den perfekta atmosf\u00e4ren f\u00f6r romantiska middagar.<\/p>\n<p><strong>Aktiviteter och \u00e4ventyr<\/strong><\/p>\n<p>Medan Makunudu Island fokuserar p\u00e5 avkoppling, finns det fortfarande massor av aktiviteter f\u00f6r dem som s\u00f6ker \u00e4ventyr. Utforska den pulserande undervattensv\u00e4rlden med snorklings- och dyk\u00e4ventyr. Anl\u00e4ggningen erbjuder ocks\u00e5 olika vattensporter, inklusive vindsurfing och kajakpaddling. F\u00f6r ultimat avkoppling erbjuder spaet lugnande behandlingar och h\u00e4lsoaktiviteter.<\/p>\n<p><strong>H\u00e5llbarhet och bevarande<\/strong><\/p>\n<p>Makunudu Island \u00e4r djupt engagerad i h\u00e5llbarhet och marint bevarande. Anl\u00e4ggningen deltar aktivt i initiativ f\u00f6r restaurering av koraller och st\u00f6djer lokala bevarandeinsatser. G\u00e4sterna kan l\u00e4ra sig om dessa aktiviteter och bidra positivt till bevarandet av Maldivernas v\u00e4rdefulla marina ekosystem.<\/p>\n<p><strong>Unika upplevelser<\/strong><\/p>\n<p>F\u00f6r att g\u00f6ra din vistelse riktigt speciell erbjuder resorten unika upplevelser som solnedg\u00e5ngskryssningar, traditionella maldiviska fisketurer och guidade snorklingsutflykter till n\u00e4rliggande korallrev. Oavsett om du vill f\u00f6rdjupa dig i lokal kultur, bevittna hisnande solnedg\u00e5ngar eller bara koppla av i paradiset, garanterar Makunudu Island att det finns n\u00e5got f\u00f6r alla.<\/p>\n<p><strong>Slutsats<\/strong><\/p>\n<p>Sammanfattningsvis \u00e4r Makunudu Island ett dolt paradis som utlovar en of\u00f6rgl\u00f6mlig flykt. Dess avskilda l\u00e4ge, rustika boende, f\u00f6rtjusande mat och engagemang f\u00f6r h\u00e5llbarhet g\u00f6r det till det perfekta valet f\u00f6r resen\u00e4rer som s\u00f6ker en fridfull och autentisk maldivisk upplevelse. Oavsett om du firar ett speciellt tillf\u00e4lle eller s\u00f6ker en fridfull tillflyktsort erbjuder Makunudu Island en upplevelse som skapar tidl\u00f6sa minnen. Boka din vistelse idag och ge dig ut p\u00e5 en anm\u00e4rkningsv\u00e4rd resa till denna g\u00f6mda p\u00e4rla p\u00e5 Maldiverna.<\/p>\n\n\t\t<\/div>\n\t<\/div>\n<\/div><\/div><\/div><\/div><div class=\"vc_row wpb_row vc_row-fluid\"><div class=\"wpb_column vc_column_container vc_col-sm-12\"><div class=\"vc_column-inner\"><div class=\"wpb_wrapper\">\n\t<div class=\"wpb_text_column wpb_content_element\" >\n\t\t<div class=\"wpb_wrapper\">\n\t\t\t<h3><a title=\"Makunudu Island\" href=\"https:\/\/trip.tpo.lv\/VmYMdeUR\" target=\"blanc2\" rel=\"nofollow\">Kontrollera tillg\u00e4nglighet och b\u00e4sta pris p\u00e5 Makunudu Island h\u00e4r &gt;&gt;<\/a><\/h3>\n\n\t\t<\/div>\n\t<\/div>\n<\/div><\/div><\/div><\/div>\n<\/div>","protected":false},"excerpt":{"rendered":"<div class=\"mh-excerpt\"><\/div>","protected":false},"author":1,"featured_media":9974,"parent":0,"menu_order":0,"comment_status":"closed","ping_status":"closed","template":"","meta":{"footnotes":""},"class_list":["post-9973","page","type-page","status-publish","has-post-thumbnail"],"aioseo_notices":[],"_links":{"self":[{"href":"http:\/\/maldives-paradise.com\/sv\/wp-json\/wp\/v2\/pages\/9973","targetHints":{"allow":["GET"]}}],"collection":[{"href":"http:\/\/maldives-paradise.com\/sv\/wp-json\/wp\/v2\/pages"}],"about":[{"href":"http:\/\/maldives-paradise.com\/sv\/wp-json\/wp\/v2\/types\/page"}],"author":[{"embeddable":true,"href":"http:\/\/maldives-paradise.com\/sv\/wp-json\/wp\/v2\/users\/1"}],"replies":[{"embeddable":true,"href":"http:\/\/maldives-paradise.com\/sv\/wp-json\/wp\/v2\/comments?post=9973"}],"version-history":[{"count":3,"href":"http:\/\/maldives-paradise.com\/sv\/wp-json\/wp\/v2\/pages\/9973\/revisions"}],"predecessor-version":[{"id":43461,"href":"http:\/\/maldives-paradise.com\/sv\/wp-json\/wp\/v2\/pages\/9973\/revisions\/43461"}],"wp:featuredmedia":[{"embeddable":true,"href":"http:\/\/maldives-paradise.com\/sv\/wp-json\/wp\/v2\/media\/9974"}],"wp:attachment":[{"href":"http:\/\/maldives-paradise.com\/sv\/wp-json\/wp\/v2\/media?parent=9973"}],"curies":[{"name":"wp","href":"https:\/\/api.w.org\/{rel}","templated":true}]}}