{"id":9961,"date":"2024-02-03T13:27:06","date_gmt":"2024-02-03T13:27:06","guid":{"rendered":"http:\/\/maldives-paradise.com\/?page_id=9961"},"modified":"2025-10-10T10:05:59","modified_gmt":"2025-10-10T10:05:59","slug":"innahura-maldiverna-resort","status":"publish","type":"page","link":"http:\/\/maldives-paradise.com\/sv\/innahura-maldiverna-resort\/","title":{"rendered":"Innahura Maldives Resort"},"content":{"rendered":"<div class=\"wpb-content-wrapper\"><div class=\"vc_row wpb_row vc_row-fluid\"><div class=\"wpb_column vc_column_container vc_col-sm-12\"><div class=\"vc_column-inner\"><div class=\"wpb_wrapper\">\n\t<div class=\"wpb_text_column wpb_content_element\" >\n\t\t<div class=\"wpb_wrapper\">\n\t\t\t<h3>Innahura Maldives Resort: Din ink\u00f6rsport till Tropical Bliss<\/h3>\n\n\t\t<\/div>\n\t<\/div>\n<\/div><\/div><\/div><\/div><div class=\"vc_row wpb_row vc_row-fluid\"><div class=\"wpb_column vc_column_container vc_col-sm-12\"><div class=\"vc_column-inner\"><div class=\"wpb_wrapper\">\n\t<div class=\"wpb_video_widget wpb_content_element vc_clearfix   vc_video-aspect-ratio-169 vc_video-el-width-100 vc_video-align-left\" >\n\t\t<div class=\"wpb_wrapper\">\n\t\t\t\n\t\t\t<div class=\"wpb_video_wrapper\"><iframe loading=\"lazy\" title=\"Innahura Maldives Resort d\u00e4r livet \u00e4r l\u00e4tt!\" width=\"500\" height=\"281\" src=\"https:\/\/www.youtube.com\/embed\/iaEvkUiBs5w?feature=oembed\" frameborder=\"0\" allow=\"accelerometer; autoplay; clipboard-write; encrypted-media; gyroscope; picture-in-picture; web-share\" allowfullscreen><\/iframe><\/div>\n\t\t<\/div>\n\t<\/div>\n<\/div><\/div><\/div><\/div><div class=\"vc_row wpb_row vc_row-fluid\"><div class=\"wpb_column vc_column_container vc_col-sm-12\"><div class=\"vc_column-inner\"><div class=\"wpb_wrapper\">\n\t<div class=\"wpb_text_column wpb_content_element\" >\n\t\t<div class=\"wpb_wrapper\">\n\t\t\t<p>Maldiverna, med sina vita sandstr\u00e4nder, kristallklara vatten och pulserande marint liv, \u00e4r ett tropiskt paradis utan dess like. Inb\u00e4ddat i denna pittoreska milj\u00f6 ligger Innahura Maldives Resort, en fristad f\u00f6r dem som s\u00f6ker en autentisk \u00f6upplevelse. I denna SEO-v\u00e4nliga artikel kommer vi att f\u00f6rdjupa oss i vad som g\u00f6r <strong>Innahura Maldives Resort<\/strong> en eftertraktad destination f\u00f6r resen\u00e4rer som letar efter avkoppling, \u00e4ventyr och tjusningen i det maldiviska landskapet.<\/p>\n<p><strong>L\u00e4ge och tillg\u00e4nglighet<\/strong><\/p>\n<p>Innahura Maldives Resort \u00e4r strategiskt bel\u00e4get p\u00e5 den fantastiska \u00f6n Innahura, inom Lhaviyani-atollen. F\u00f6r att n\u00e5 detta tropiska paradis kan g\u00e4sterna v\u00e4lja mellan en 35-minuters natursk\u00f6n sj\u00f6flygstransfer fr\u00e5n Velana International Airport eller ett inrikesflyg till Ifuru Airport, f\u00f6ljt av en tur med motorb\u00e5t. Den s\u00f6ml\u00f6sa \u00e5tkomsten s\u00e4kerst\u00e4ller att din semester b\u00f6rjar i det \u00f6gonblick du anl\u00e4nder.<\/p>\n<p><strong>boende<\/strong><\/p>\n<p>Anl\u00e4ggningen erbjuder en rad bekv\u00e4ma och charmiga boendealternativ f\u00f6r att tillgodose alla \u00f6nskem\u00e5l. Fr\u00e5n strandbungalower till villor \u00f6ver vattnet, varje enhet \u00e4r genomt\u00e4nkt designad f\u00f6r att ge en blandning av komfort och lyx i \u00f6-stil. Med moderna bekv\u00e4mligheter och privata terrasser med utsikt \u00f6ver det turkosa vattnet, hittar du lugn och avkoppling i varje h\u00f6rn.<\/p>\n<p><strong>Matsal<\/strong><\/p>\n<p>Innahura Maldives Resort lockar dina smakl\u00f6kar med en m\u00e4ngd olika matupplevelser. Dhandifulhu Restaurant serverar en h\u00e4rlig blandning av internationella och maldiviska r\u00e4tter, s\u00e5 att du kan njuta av regionens smaker. F\u00f6r en romantisk kv\u00e4ll erbjuder resorten strandmiddagar under stj\u00e4rnorna. Oavsett om det \u00e4r f\u00e4rsk fisk och skaldjur eller internationella r\u00e4tter, garanterar resortens kulinariska team en minnesv\u00e4rd gastronomisk resa.<\/p>\n<p><strong>Aktiviteter och \u00e4ventyr<\/strong><\/p>\n<p>Oavsett om du \u00e4r en \u00e4ventyrsentusiast eller s\u00f6ker avkoppling, tillgodoser resorten alla intressen. Dyk in i den pulserande undervattensv\u00e4rlden med snorkling och dyk\u00e4ventyr. Vattensporter som vindsurfing, kajakpaddling och paddleboard \u00e4r tillg\u00e4ngliga f\u00f6r sp\u00e4nningss\u00f6kare. Om du letar efter avkoppling, erbjuder resortens spa f\u00f6ryngrande behandlingar f\u00f6r att sk\u00e4mma bort dina sinnen.<\/p>\n<p><strong>H\u00e5llbarhet och bevarande<\/strong><\/p>\n<p>Innahura Maldives Resort \u00e4r engagerad i h\u00e5llbara metoder och marin bevarande. Anl\u00e4ggningen deltar aktivt i korallrestaureringsinitiativ, sanering av marint skr\u00e4p och st\u00f6djer lokala bevarandeinsatser. G\u00e4sterna kan delta i dessa aktiviteter och bidra positivt till skyddet av Maldivernas dyrbara milj\u00f6.<\/p>\n<p><strong>Unika upplevelser<\/strong><\/p>\n<p>F\u00f6r att g\u00f6ra din vistelse riktigt speciell erbjuder resorten unika upplevelser som solnedg\u00e5ngskryssningar, \u00f6hoppning och guidade snorklingsturer till n\u00e4rliggande rev. Oavsett om du vill utforska den lokala kulturen, bevittna hisnande solnedg\u00e5ngar eller bara varva ner i paradiset, garanterar Innahura Maldives Resort att det finns n\u00e5got f\u00f6r alla.<\/p>\n<p><strong>Slutsats<\/strong><\/p>\n<p>Sammanfattningsvis \u00e4r Innahura Maldives Resort en idyllisk tropisk tillflyktsort som utlovar en of\u00f6rgl\u00f6mlig upplevelse. Dess hisnande l\u00e4ge, bekv\u00e4ma boende, uts\u00f6kt mat och engagemang f\u00f6r h\u00e5llbarhet g\u00f6r det till det perfekta valet f\u00f6r resen\u00e4rer som s\u00f6ker avkoppling och \u00e4ventyr. Oavsett om du firar ett speciellt tillf\u00e4lle eller s\u00f6ker en f\u00f6ryngrande flykt, erbjuder Innahura Maldives Resort en upplevelse som l\u00e4mnar dig med omhuldade minnen. Boka din vistelse idag och ge dig ut p\u00e5 en enast\u00e5ende resa till paradiset p\u00e5 Maldiverna.<\/p>\n\n\t\t<\/div>\n\t<\/div>\n<\/div><\/div><\/div><\/div><div class=\"vc_row wpb_row vc_row-fluid\"><div class=\"wpb_column vc_column_container vc_col-sm-12\"><div class=\"vc_column-inner\"><div class=\"wpb_wrapper\">\n\t<div class=\"wpb_text_column wpb_content_element\" >\n\t\t<div class=\"wpb_wrapper\">\n\t\t\t<h3><a title=\"Innahura Maldives Resort\" href=\"https:\/\/trip.tpo.lv\/O8n6srxB\" target=\"blanc2\" rel=\"nofollow\">Kontrollera tillg\u00e4nglighet och b\u00e4sta pris p\u00e5 Innahura Maldives Resort h\u00e4r &gt;&gt;<\/a><\/h3>\n\n\t\t<\/div>\n\t<\/div>\n<\/div><\/div><\/div><\/div>\n<\/div>","protected":false},"excerpt":{"rendered":"<div class=\"mh-excerpt\"><\/div>","protected":false},"author":1,"featured_media":9962,"parent":0,"menu_order":0,"comment_status":"closed","ping_status":"closed","template":"","meta":{"footnotes":""},"class_list":["post-9961","page","type-page","status-publish","has-post-thumbnail"],"aioseo_notices":[],"_links":{"self":[{"href":"http:\/\/maldives-paradise.com\/sv\/wp-json\/wp\/v2\/pages\/9961","targetHints":{"allow":["GET"]}}],"collection":[{"href":"http:\/\/maldives-paradise.com\/sv\/wp-json\/wp\/v2\/pages"}],"about":[{"href":"http:\/\/maldives-paradise.com\/sv\/wp-json\/wp\/v2\/types\/page"}],"author":[{"embeddable":true,"href":"http:\/\/maldives-paradise.com\/sv\/wp-json\/wp\/v2\/users\/1"}],"replies":[{"embeddable":true,"href":"http:\/\/maldives-paradise.com\/sv\/wp-json\/wp\/v2\/comments?post=9961"}],"version-history":[{"count":3,"href":"http:\/\/maldives-paradise.com\/sv\/wp-json\/wp\/v2\/pages\/9961\/revisions"}],"predecessor-version":[{"id":43459,"href":"http:\/\/maldives-paradise.com\/sv\/wp-json\/wp\/v2\/pages\/9961\/revisions\/43459"}],"wp:featuredmedia":[{"embeddable":true,"href":"http:\/\/maldives-paradise.com\/sv\/wp-json\/wp\/v2\/media\/9962"}],"wp:attachment":[{"href":"http:\/\/maldives-paradise.com\/sv\/wp-json\/wp\/v2\/media?parent=9961"}],"curies":[{"name":"wp","href":"https:\/\/api.w.org\/{rel}","templated":true}]}}