{"id":9952,"date":"2024-02-02T07:45:52","date_gmt":"2024-02-02T07:45:52","guid":{"rendered":"http:\/\/maldives-paradise.com\/?page_id=9952"},"modified":"2025-10-10T10:02:23","modified_gmt":"2025-10-10T10:02:23","slug":"hotel-riu-atoll","status":"publish","type":"page","link":"http:\/\/maldives-paradise.com\/sv\/hotel-riu-atoll\/","title":{"rendered":"Hotel Riu Atoll"},"content":{"rendered":"<div class=\"wpb-content-wrapper\"><div class=\"vc_row wpb_row vc_row-fluid\"><div class=\"wpb_column vc_column_container vc_col-sm-12\"><div class=\"vc_column-inner\"><div class=\"wpb_wrapper\">\n\t<div class=\"wpb_text_column wpb_content_element\" >\n\t\t<div class=\"wpb_wrapper\">\n\t\t\t<h3>Uppt\u00e4ck Tropical Luxury p\u00e5 Hotel Riu Atoll Maldives<\/h3>\n\n\t\t<\/div>\n\t<\/div>\n<\/div><\/div><\/div><\/div><div class=\"vc_row wpb_row vc_row-fluid\"><div class=\"wpb_column vc_column_container vc_col-sm-12\"><div class=\"vc_column-inner\"><div class=\"wpb_wrapper\">\n\t<div class=\"wpb_video_widget wpb_content_element vc_clearfix   vc_video-aspect-ratio-169 vc_video-el-width-100 vc_video-align-left\" >\n\t\t<div class=\"wpb_wrapper\">\n\t\t\t\n\t\t\t<div class=\"wpb_video_wrapper\"><iframe loading=\"lazy\" title=\"Hotel Riu Atoll och Riu Palace Maldiverna - All Inclusive Maldiverna - RIU Hotels &amp; Resorts\" width=\"500\" height=\"281\" src=\"https:\/\/www.youtube.com\/embed\/Be9M89BB248?feature=oembed\" frameborder=\"0\" allow=\"accelerometer; autoplay; clipboard-write; encrypted-media; gyroscope; picture-in-picture; web-share\" allowfullscreen><\/iframe><\/div>\n\t\t<\/div>\n\t<\/div>\n<\/div><\/div><\/div><\/div><div class=\"vc_row wpb_row vc_row-fluid\"><div class=\"wpb_column vc_column_container vc_col-sm-12\"><div class=\"vc_column-inner\"><div class=\"wpb_wrapper\">\n\t<div class=\"wpb_text_column wpb_content_element\" >\n\t\t<div class=\"wpb_wrapper\">\n\t\t\t<p>Maldiverna, ett tropiskt paradis k\u00e4nt f\u00f6r sina fantastiska korall\u00f6ar och klarbl\u00e5tt vatten, \u00e4r en dr\u00f6mdestination f\u00f6r resen\u00e4rer som s\u00f6ker en lyxig tillflyktsort. Bland de m\u00e5nga alternativen <strong>Hotel Riu Atoll<\/strong> framst\u00e5r som en ledstj\u00e4rna f\u00f6r lyx och avkoppling. Hotel Riu Atoll \u00e4r en of\u00f6rgl\u00f6mlig destination f\u00f6r dem som letar efter den perfekta blandningen av lugn och \u00f6verseende.<\/p>\n<p><strong>L\u00e4ge och tillg\u00e4nglighet<\/strong><\/p>\n<p>Hotel Riu Atoll \u00e4r strategiskt bel\u00e4get p\u00e5 Maafushi Island, en del av South Mal\u00e9 Atoll. Resorten \u00e4r tillg\u00e4nglig via en natursk\u00f6n 45-minuters motorb\u00e5tsresa fr\u00e5n Velanas internationella flygplats, vilket g\u00f6r det bekv\u00e4mt f\u00f6r g\u00e4sterna att b\u00f6rja sin semester direkt efter ankomst.<\/p>\n<p><strong>boende<\/strong><\/p>\n<p>Anl\u00e4ggningen har ett urval av uts\u00f6kt boende, inklusive bungalower \u00f6ver vattnet och villor vid stranden. Varje enhet \u00e4r smakfullt designad och utrustad med moderna bekv\u00e4mligheter f\u00f6r att s\u00e4kerst\u00e4lla en bekv\u00e4m och \u00f6verseende vistelse. Bungalowerna \u00f6ver vattnet erbjuder direkt tillg\u00e5ng till den kristallklara lagunen, vilket ger en o\u00f6vertr\u00e4ffad upplevelse av tropisk lyx.<\/p>\n<p><strong>Matsal<\/strong><\/p>\n<p>Hotel Riu Atoll tar kulinariska upplevelser till n\u00e4sta niv\u00e5 med sina olika matst\u00e4llen. Anl\u00e4ggningens huvudrestaurang, Maani, serverar ett uts\u00f6kt utbud av internationella och maldiviska r\u00e4tter. G\u00e4sterna kan ocks\u00e5 njuta av japanska specialiteter p\u00e5 Sakura eller njuta av f\u00e4rsk fisk och skaldjur p\u00e5 Krystal. Med olika matst\u00e4llen att v\u00e4lja mellan blir varje m\u00e5ltid en uts\u00f6kt resa f\u00f6r dina smakl\u00f6kar.<\/p>\n<p><strong>Aktiviteter och \u00e4ventyr<\/strong><\/p>\n<p>Anl\u00e4ggningen erbjuder ett brett utbud av aktiviteter och \u00e4ventyr f\u00f6r sina g\u00e4ster. Utforska det pulserande marina livet med snorklings- eller dykutflykter. Delta i vattensporter som vindsurfing och kajakpaddling. Om avkoppling \u00e4r ditt m\u00e5l, varva ner p\u00e5 spaet, d\u00e4r en rad f\u00f6ryngrande behandlingar v\u00e4ntar.<\/p>\n<p><strong>H\u00e5llbarhet och bevarande<\/strong><\/p>\n<p>Hotel Riu Atoll \u00e4r engagerad i h\u00e5llbara metoder och marin bevarande. Anl\u00e4ggningen deltar aktivt i korallrestaureringsprojekt och st\u00f6der lokala milj\u00f6initiativ. G\u00e4sterna uppmuntras att l\u00e4ra sig om dessa anstr\u00e4ngningar och bidra positivt till bevarandet av Maldivernas k\u00e4nsliga ekosystem.<\/p>\n<p><strong>Unika upplevelser<\/strong><\/p>\n<p>F\u00f6r att g\u00f6ra din vistelse verkligt minnesv\u00e4rd erbjuder resorten unika upplevelser som solnedg\u00e5ngskryssningar, delfinsk\u00e5dning och guidade \u00f6-utflykter. Oavsett om du \u00e4r intresserad av att utforska den lokala kulturen, njuta av hisnande solnedg\u00e5ngar eller bara koppla av i paradiset, garanterar Hotel Riu Atoll att det finns n\u00e5got f\u00f6r alla.<\/p>\n<p><strong>Slutsats<\/strong><\/p>\n<p>Sammanfattningsvis \u00e4r Hotel Riu Atoll ett tropiskt paradis som utlovar en extraordin\u00e4r tillflyktsort. Dess hisnande l\u00e4ge, lyxiga boende, varierande mat och engagemang f\u00f6r h\u00e5llbarhet g\u00f6r det till det perfekta valet f\u00f6r resen\u00e4rer som s\u00f6ker avkoppling och \u00e4ventyr. Oavsett om du firar ett speciellt tillf\u00e4lle eller s\u00f6ker en f\u00f6ryngrande flykt, erbjuder Hotel Riu Atoll en upplevelse som skapar best\u00e5ende minnen. Boka din vistelse idag och ge dig ut p\u00e5 en of\u00f6rgl\u00f6mlig resa till paradiset p\u00e5 Maldiverna.<\/p>\n\n\t\t<\/div>\n\t<\/div>\n<\/div><\/div><\/div><\/div><div class=\"vc_row wpb_row vc_row-fluid\"><div class=\"wpb_column vc_column_container vc_col-sm-12\"><div class=\"vc_column-inner\"><div class=\"wpb_wrapper\">\n\t<div class=\"wpb_text_column wpb_content_element\" >\n\t\t<div class=\"wpb_wrapper\">\n\t\t\t<h3><a title=\"Hotel Riu Atoll\" href=\"https:\/\/trip.tpo.lv\/ivrhmuNj\" target=\"blanc2\" rel=\"nofollow\">Check availability and best price at Hotel Riu Atoll here &gt;&gt;<\/a><\/h3>\n\n\t\t<\/div>\n\t<\/div>\n<\/div><\/div><\/div><\/div>\n<\/div>","protected":false},"excerpt":{"rendered":"<div class=\"mh-excerpt\"><\/div>","protected":false},"author":1,"featured_media":9953,"parent":0,"menu_order":0,"comment_status":"closed","ping_status":"closed","template":"","meta":{"footnotes":""},"class_list":["post-9952","page","type-page","status-publish","has-post-thumbnail"],"aioseo_notices":[],"_links":{"self":[{"href":"http:\/\/maldives-paradise.com\/sv\/wp-json\/wp\/v2\/pages\/9952","targetHints":{"allow":["GET"]}}],"collection":[{"href":"http:\/\/maldives-paradise.com\/sv\/wp-json\/wp\/v2\/pages"}],"about":[{"href":"http:\/\/maldives-paradise.com\/sv\/wp-json\/wp\/v2\/types\/page"}],"author":[{"embeddable":true,"href":"http:\/\/maldives-paradise.com\/sv\/wp-json\/wp\/v2\/users\/1"}],"replies":[{"embeddable":true,"href":"http:\/\/maldives-paradise.com\/sv\/wp-json\/wp\/v2\/comments?post=9952"}],"version-history":[{"count":4,"href":"http:\/\/maldives-paradise.com\/sv\/wp-json\/wp\/v2\/pages\/9952\/revisions"}],"predecessor-version":[{"id":43458,"href":"http:\/\/maldives-paradise.com\/sv\/wp-json\/wp\/v2\/pages\/9952\/revisions\/43458"}],"wp:featuredmedia":[{"embeddable":true,"href":"http:\/\/maldives-paradise.com\/sv\/wp-json\/wp\/v2\/media\/9953"}],"wp:attachment":[{"href":"http:\/\/maldives-paradise.com\/sv\/wp-json\/wp\/v2\/media?parent=9952"}],"curies":[{"name":"wp","href":"https:\/\/api.w.org\/{rel}","templated":true}]}}