{"id":9940,"date":"2024-02-02T07:17:47","date_gmt":"2024-02-02T07:17:47","guid":{"rendered":"http:\/\/maldives-paradise.com\/?page_id=9940"},"modified":"2025-10-10T08:17:48","modified_gmt":"2025-10-10T08:17:48","slug":"fiyavalhu-resort-maldiverna","status":"publish","type":"page","link":"http:\/\/maldives-paradise.com\/sv\/fiyavalhu-resort-maldiverna\/","title":{"rendered":"Fiyavalhu Resort Maldiverna"},"content":{"rendered":"<div class=\"wpb-content-wrapper\"><div class=\"vc_row wpb_row vc_row-fluid\"><div class=\"wpb_column vc_column_container vc_col-sm-12\"><div class=\"vc_column-inner\"><div class=\"wpb_wrapper\">\n\t<div class=\"wpb_text_column wpb_content_element\" >\n\t\t<div class=\"wpb_wrapper\">\n\t\t\t<h3>Discovering Paradise: Fiyavalhu Resort Maldives<\/h3>\n\n\t\t<\/div>\n\t<\/div>\n<\/div><\/div><\/div><\/div><div class=\"vc_row wpb_row vc_row-fluid\"><div class=\"wpb_column vc_column_container vc_col-sm-12\"><div class=\"vc_column-inner\"><div class=\"wpb_wrapper\">\n\t<div class=\"wpb_video_widget wpb_content_element vc_clearfix   vc_video-aspect-ratio-169 vc_video-el-width-100 vc_video-align-left\" >\n\t\t<div class=\"wpb_wrapper\">\n\t\t\t\n\t\t\t<div class=\"wpb_video_wrapper\"><iframe loading=\"lazy\" title=\"Fiyavalhu Maldiverna\" width=\"500\" height=\"281\" src=\"https:\/\/www.youtube.com\/embed\/PK0BqCE6r_Y?feature=oembed\" frameborder=\"0\" allow=\"accelerometer; autoplay; clipboard-write; encrypted-media; gyroscope; picture-in-picture; web-share\" allowfullscreen><\/iframe><\/div>\n\t\t<\/div>\n\t<\/div>\n<\/div><\/div><\/div><\/div><div class=\"vc_row wpb_row vc_row-fluid\"><div class=\"wpb_column vc_column_container vc_col-sm-12\"><div class=\"vc_column-inner\"><div class=\"wpb_wrapper\">\n\t<div class=\"wpb_text_column wpb_content_element\" >\n\t\t<div class=\"wpb_wrapper\">\n\t\t\t<p>Fiyavalhu Resort Maldives \u00e4r en sann fristad f\u00f6r dem som s\u00f6ker en bit av paradiset p\u00e5 jorden. Med sina or\u00f6rda str\u00e4nder, kristallklara vatten och frodiga tropiska landskap erbjuder denna lyxresort en of\u00f6rgl\u00f6mlig upplevelse som tillgodoser alla dina \u00f6nskem\u00e5l. I denna SEO-v\u00e4nliga artikel kommer vi att titta n\u00e4rmare p\u00e5 vad som g\u00f6r <strong>Fiyavalhu Resort Maldiverna<\/strong> ett m\u00e5ste att bes\u00f6ka f\u00f6r resen\u00e4rer som s\u00f6ker avkoppling, \u00e4ventyr och o\u00f6vertr\u00e4ffad naturlig sk\u00f6nhet.<\/p>\n<p><strong>L\u00e4ge och tillg\u00e4nglighet<\/strong><\/p>\n<p>Fiyavalhu Resort Maldives har ett strategiskt l\u00e4ge p\u00e5 den pittoreska \u00f6n Maalhos, en del av Raa-atollen. F\u00f6r att n\u00e5 denna dr\u00f6mmande destination kan g\u00e4sterna ta ett sj\u00f6flygplan fr\u00e5n Velanas internationella flygplats, vilket ger en imponerande flygvy \u00f6ver Maldivernas korall\u00f6ar. Anl\u00e4ggningens avskildhet garanterar en flykt fr\u00e5n vardagens liv och r\u00f6relse, vilket g\u00f6r den till en idealisk plats f\u00f6r smekm\u00e5nadsresen\u00e4rer, familjer och alla som letar efter lugn och ro.<\/p>\n<p><strong>boende<\/strong><\/p>\n<p>Fiyavalhu Resort erbjuder en rad lyxiga boendealternativ som passar alla smaker och preferenser. Fr\u00e5n villor vid stranden till bungalower \u00f6ver vattnet, varje rum \u00e4r designat f\u00f6r att ge g\u00e4sterna h\u00f6gsta komfort och avskildhet. Villorna \u00e4r utrustade med moderna bekv\u00e4mligheter och har privata terrasser som erbjuder fantastisk utsikt \u00f6ver Indiska oceanen. Bungalowerna \u00f6ver vattnet l\u00e5ter g\u00e4sterna g\u00e5 direkt ut i havet fr\u00e5n sina privata d\u00e4ck, vilket ger en verkligt uppslukande upplevelse.<\/p>\n<p><strong>Matsal<\/strong><\/p>\n<p>Kulinariska entusiaster kommer att bli f\u00f6rtjusta av resortens olika matst\u00e4llen. Huvudrestaurangen, Vai Restaurant, serverar ett l\u00e4ckert utbud av internationella och maldiviska r\u00e4tter. F\u00f6r en mer intim upplevelse erbjuder Fiyavalhu privata matst\u00e4llen p\u00e5 stranden eller i din villa. Fr\u00e5n f\u00e4rsk fisk och skaldjur till internationella delikatesser ser resortens duktiga kockar till att varje m\u00e5ltid blir en minnesv\u00e4rd upplevelse.<\/p>\n<p><strong>Aktiviteter och upplevelser<\/strong><\/p>\n<p>Fiyavalhu Resort Maldives v\u00e4nder sig till b\u00e5de \u00e4ventyrslystna och de som letar efter avkoppling. Dyk ner i det kristallklara vattnet och utforska pulserande korallrev som kryllar av marint liv. Snorkling, dykning och vattensporter \u00e4r l\u00e4tt tillg\u00e4ngliga. De som letar efter avkoppling kan varva ner p\u00e5 resortens lyxiga spa, d\u00e4r en rad f\u00f6ryngrande behandlingar och terapier erbjuds.<\/p>\n<p><strong>H\u00e5llbarhet och bevarande<\/strong><\/p>\n<p>Fiyavalhu Resort Maldives \u00e4r engagerade i milj\u00f6m\u00e4ssig h\u00e5llbarhet och havsv\u00e5rd. Anl\u00e4ggningen deltar aktivt i korallrestaureringsprojekt, sk\u00f6ldpaddsbevarande och avfallshanteringsinitiativ. G\u00e4sterna kan l\u00e4ra sig om dessa anstr\u00e4ngningar och till och med engagera sig i aktiviteter som korallplantering, f\u00f6r att s\u00e4kerst\u00e4lla att deras bes\u00f6k bidrar positivt till det lokala ekosystemet.<\/p>\n<p><strong>Unika upplevelser<\/strong><\/p>\n<p>F\u00f6r att g\u00f6ra din vistelse verkligt minnesv\u00e4rd erbjuder resorten unika upplevelser som solnedg\u00e5ngskryssningar, stj\u00e4rnsk\u00e5dningssessioner och guidade \u00f6-utflykter. Oavsett om du \u00e4r intresserad av att utforska den lokala kulturen, bevittna hisnande solnedg\u00e5ngar eller bara koppla av i paradiset, har Fiyavalhu Resort n\u00e5got f\u00f6r alla.<\/p>\n<p><strong>Slutsats<\/strong><\/p>\n<p>Sammanfattningsvis \u00e4r Fiyavalhu Resort Maldives ett tropiskt paradis som utlovar en of\u00f6rgl\u00f6mlig tillflyktsort. Dess fantastiska l\u00e4ge, lyxiga boende, uts\u00f6kta matlagning och engagemang f\u00f6r h\u00e5llbarhet g\u00f6r det till ett idealiskt val f\u00f6r resen\u00e4rer som vill fly till en v\u00e4rld av naturlig sk\u00f6nhet och lugn. Oavsett om du firar ett speciellt tillf\u00e4lle eller bara letar efter en v\u00e4lf\u00f6rtj\u00e4nt paus, erbjuder Fiyavalhu Resort Maldives en upplevelse som kommer att l\u00e4mna dig omhuldade minnen f\u00f6r livet. Boka din vistelse idag och ge dig ut p\u00e5 en resa till paradiset i hj\u00e4rtat av Maldiverna.<\/p>\n\n\t\t<\/div>\n\t<\/div>\n<\/div><\/div><\/div><\/div><div class=\"vc_row wpb_row vc_row-fluid\"><div class=\"wpb_column vc_column_container vc_col-sm-12\"><div class=\"vc_column-inner\"><div class=\"wpb_wrapper\">\n\t<div class=\"wpb_text_column wpb_content_element\" >\n\t\t<div class=\"wpb_wrapper\">\n\t\t\t<h3><a title=\"Fiyavalhu Resort Maldiverna\" href=\"https:\/\/trip.tpo.lv\/TKuNrVkI\" target=\"blanc2\" rel=\"nofollow\">Check availability and best price at Fiyavalhu Resort Maldives here &gt;&gt;<\/a><\/h3>\n\n\t\t<\/div>\n\t<\/div>\n<\/div><\/div><\/div><\/div>\n<\/div>","protected":false},"excerpt":{"rendered":"<div class=\"mh-excerpt\"><\/div>","protected":false},"author":1,"featured_media":9941,"parent":0,"menu_order":0,"comment_status":"closed","ping_status":"closed","template":"","meta":{"footnotes":""},"class_list":["post-9940","page","type-page","status-publish","has-post-thumbnail"],"aioseo_notices":[],"_links":{"self":[{"href":"http:\/\/maldives-paradise.com\/sv\/wp-json\/wp\/v2\/pages\/9940","targetHints":{"allow":["GET"]}}],"collection":[{"href":"http:\/\/maldives-paradise.com\/sv\/wp-json\/wp\/v2\/pages"}],"about":[{"href":"http:\/\/maldives-paradise.com\/sv\/wp-json\/wp\/v2\/types\/page"}],"author":[{"embeddable":true,"href":"http:\/\/maldives-paradise.com\/sv\/wp-json\/wp\/v2\/users\/1"}],"replies":[{"embeddable":true,"href":"http:\/\/maldives-paradise.com\/sv\/wp-json\/wp\/v2\/comments?post=9940"}],"version-history":[{"count":4,"href":"http:\/\/maldives-paradise.com\/sv\/wp-json\/wp\/v2\/pages\/9940\/revisions"}],"predecessor-version":[{"id":43434,"href":"http:\/\/maldives-paradise.com\/sv\/wp-json\/wp\/v2\/pages\/9940\/revisions\/43434"}],"wp:featuredmedia":[{"embeddable":true,"href":"http:\/\/maldives-paradise.com\/sv\/wp-json\/wp\/v2\/media\/9941"}],"wp:attachment":[{"href":"http:\/\/maldives-paradise.com\/sv\/wp-json\/wp\/v2\/media?parent=9940"}],"curies":[{"name":"wp","href":"https:\/\/api.w.org\/{rel}","templated":true}]}}