{"id":9067,"date":"2024-01-19T06:42:20","date_gmt":"2024-01-19T06:42:20","guid":{"rendered":"http:\/\/maldives-paradise.com\/?page_id=9067"},"modified":"2025-02-23T08:05:29","modified_gmt":"2025-02-23T08:05:29","slug":"basta-prisgaranti","status":"publish","type":"page","link":"http:\/\/maldives-paradise.com\/sv\/basta-prisgaranti\/","title":{"rendered":"B\u00e4sta prisgaranti"},"content":{"rendered":"<div class=\"wpb-content-wrapper\"><div class=\"vc_row wpb_row vc_row-fluid\"><div class=\"wpb_column vc_column_container vc_col-sm-12\"><div class=\"vc_column-inner\"><div class=\"wpb_wrapper\">\n\t<div  class=\"wpb_single_image wpb_content_element vc_align_left wpb_content_element\">\n\t\t\n\t\t<figure class=\"wpb_wrapper vc_figure\">\n\t\t\t<div class=\"vc_single_image-wrapper   vc_box_border_grey\"><img decoding=\"async\" class=\"vc_single_image-img\" src=\"https:\/\/maldives-paradise.com\/wp-content\/uploads\/2024\/01\/bestrateguarantee.jpg\" width=\"368\" height=\"137\" alt=\"B\u00e4sta prisgaranti\" title=\"bestrategaranti\" loading=\"lazy\" \/><\/div>\n\t\t<\/figure>\n\t<\/div>\n<\/div><\/div><\/div><\/div><div class=\"vc_row wpb_row vc_row-fluid\"><div class=\"wpb_column vc_column_container vc_col-sm-12\"><div class=\"vc_column-inner\"><div class=\"wpb_wrapper\">\n\t<div class=\"wpb_text_column wpb_content_element\" >\n\t\t<div class=\"wpb_wrapper\">\n\t\t\t<h3>B\u00e4sta prisgaranti direkt fr\u00e5n hotell<\/h3>\n\n\t\t<\/div>\n\t<\/div>\n<\/div><\/div><\/div><\/div><div class=\"vc_row wpb_row vc_row-fluid\"><div class=\"wpb_column vc_column_container vc_col-sm-12\"><div class=\"vc_column-inner\"><div class=\"wpb_wrapper\">\n\t<div class=\"wpb_text_column wpb_content_element\" >\n\t\t<div class=\"wpb_wrapper\">\n\t\t\t<p>Best Rate Guarantee-program eller Best Price Guarantee som det ocks\u00e5 kallas, \u00e4r en marknadsf\u00f6ringstrend som fler och hotell runt om i v\u00e4rlden tar till sig f\u00f6r att konkurrera med de stora resebokningswebbplatserna online. Det garanterar att en hotellg\u00e4st f\u00e5r det l\u00e4gsta tillg\u00e4ngliga priset f\u00f6r en natt eller flera n\u00e4tter vid bokning direkt med hotellet.<\/p>\n<p>Hotellen garanterar att om du hittar ett b\u00e4ttre, allm\u00e4nt tillg\u00e4ngligt pris p\u00e5 en annan webbplats \u00e4n den officiella hotellwebbplatsen efter att du har gjort bokningen, kan du skicka in ett Best Guarantee-anspr\u00e5k online. Om ditt anspr\u00e5k godk\u00e4nns kommer inte bara det l\u00e4gre priset att matchas, utan du kommer ocks\u00e5 att f\u00e5 ytterligare 10 till 30% rabatt och andra f\u00f6rm\u00e5ner, beroende p\u00e5 varje hotellpolicy.<\/p>\n<p>Hotell reserverar ofta sina b\u00e4sta erbjudanden f\u00f6r g\u00e4ster som bokar direkt. Fr\u00e5n kostnadsfria rumsuppgraderingar till exklusiva bekv\u00e4mligheter, dessa f\u00f6rm\u00e5ner f\u00f6rsk\u00f6nar aff\u00e4ren och f\u00f6rb\u00e4ttrar din totala upplevelse. Lojalitetspo\u00e4ng och specialerbjudanden \u00e4r ytterligare incitament som endast kan n\u00e5s genom direktbokningar.<\/p>\n<p>De olika hotellens b\u00e4sta prisgaranti kommer med villkor. Varje hotell har olika villkor f\u00f6r b\u00e4sta prisgaranti, men de flesta av de viktigaste villkoren delas mellan hotellen.<br \/>\nNyckeltermerna \u00e4r:<\/p>\n<p>Du m\u00e5ste redan ha bokat rummet direkt via hotellets webbplats.<br \/>\nDet l\u00e4gre priset m\u00e5ste hittas p\u00e5 en giltig konkurrentwebbplats.<br \/>\nDetta exkluderar webbplatser som inte ber\u00e4ttar hotellvarum\u00e4rket f\u00f6rr\u00e4n bokningen \u00e4r klar, webbplatser som erbjuder medlemspriser, webbplatser som inte erbjuder omedelbara bekr\u00e4ftelser och n\u00e5gra andra.<\/p>\n<p>Det l\u00e4gre priset m\u00e5ste ha exakt samma villkor som det pris som bokas direkt via hotellets webbplats:<\/p>\n<p>Samma bokningsdatum<br \/>\nSamma rumstyp<br \/>\nSamma avbokningsregler<br \/>\nSamma antal g\u00e4ster per rum<\/p>\n<p>Bokning direkt sparar hotellet pengar, som de sedan kan anv\u00e4nda f\u00f6r att skicka vidare besparingar. Det gynnar dig ocks\u00e5, genom att du kan tj\u00e4na f\u00f6rm\u00e5ner, s\u00e5v\u00e4l som hotellpo\u00e4ng.<\/p>\n\n\t\t<\/div>\n\t<\/div>\n<\/div><\/div><\/div><\/div><div class=\"vc_row wpb_row vc_row-fluid\"><div class=\"wpb_column vc_column_container vc_col-sm-12\"><div class=\"vc_column-inner\"><div class=\"wpb_wrapper\">\n\t<div class=\"wpb_text_column wpb_content_element\" >\n\t\t<div class=\"wpb_wrapper\">\n\t\t\t<h3><a href=\"http:\/\/maldives-paradise.com\/sv\/de-12-basta-resorterna-med-basta-prisgaranti-pa-maldiverna\/\">De 12 b\u00e4sta resorterna med b\u00e4sta prisgaranti i Maldiverna<\/a><\/h3>\n\n\t\t<\/div>\n\t<\/div>\n<\/div><\/div><\/div><\/div>\n<\/div>","protected":false},"excerpt":{"rendered":"<div class=\"mh-excerpt\"><\/div>","protected":false},"author":1,"featured_media":9070,"parent":0,"menu_order":0,"comment_status":"closed","ping_status":"closed","template":"","meta":{"footnotes":""},"class_list":["post-9067","page","type-page","status-publish","has-post-thumbnail"],"aioseo_notices":[],"_links":{"self":[{"href":"http:\/\/maldives-paradise.com\/sv\/wp-json\/wp\/v2\/pages\/9067","targetHints":{"allow":["GET"]}}],"collection":[{"href":"http:\/\/maldives-paradise.com\/sv\/wp-json\/wp\/v2\/pages"}],"about":[{"href":"http:\/\/maldives-paradise.com\/sv\/wp-json\/wp\/v2\/types\/page"}],"author":[{"embeddable":true,"href":"http:\/\/maldives-paradise.com\/sv\/wp-json\/wp\/v2\/users\/1"}],"replies":[{"embeddable":true,"href":"http:\/\/maldives-paradise.com\/sv\/wp-json\/wp\/v2\/comments?post=9067"}],"version-history":[{"count":3,"href":"http:\/\/maldives-paradise.com\/sv\/wp-json\/wp\/v2\/pages\/9067\/revisions"}],"predecessor-version":[{"id":14728,"href":"http:\/\/maldives-paradise.com\/sv\/wp-json\/wp\/v2\/pages\/9067\/revisions\/14728"}],"wp:featuredmedia":[{"embeddable":true,"href":"http:\/\/maldives-paradise.com\/sv\/wp-json\/wp\/v2\/media\/9070"}],"wp:attachment":[{"href":"http:\/\/maldives-paradise.com\/sv\/wp-json\/wp\/v2\/media?parent=9067"}],"curies":[{"name":"wp","href":"https:\/\/api.w.org\/{rel}","templated":true}]}}