{"id":8933,"date":"2024-01-16T19:55:53","date_gmt":"2024-01-16T19:55:53","guid":{"rendered":"http:\/\/maldives-paradise.com\/?page_id=8933"},"modified":"2025-11-26T09:26:14","modified_gmt":"2025-11-26T09:26:14","slug":"de-12-basta-familjeresorterna-pa-maldiverna","status":"publish","type":"page","link":"http:\/\/maldives-paradise.com\/sv\/de-12-basta-familjeresorterna-pa-maldiverna\/","title":{"rendered":"De b\u00e4sta familjeresorterna p\u00e5 Maldiverna"},"content":{"rendered":"<div class=\"wpb-content-wrapper\"><div class=\"vc_row wpb_row vc_row-fluid\"><div class=\"wpb_column vc_column_container vc_col-sm-12\"><div class=\"vc_column-inner\"><div class=\"wpb_wrapper\">\n\t<div class=\"wpb_text_column wpb_content_element\" >\n\t\t<div class=\"wpb_wrapper\">\n\t\t\t<p>Upplev of\u00f6rgl\u00f6mliga familjestunder p\u00e5 lyxiga familjeresorter p\u00e5 Maldiverna. Njut av or\u00f6rda str\u00e4nder och sp\u00e4nnande barnaktiviteter. Dyk in i den livliga marina v\u00e4rlden, njut av gourmetmat och skapa best\u00e5ende minnen i detta tropiska paradis. Perfekt f\u00f6r familjer som s\u00f6ker en blandning av avkoppling och \u00e4ventyr i en lyxig milj\u00f6.<\/p>\n<p>Resorter p\u00e5 Maldiverna tillgodoser familjer med rymliga villor, m\u00e5nga med privata pooler och direkt tillg\u00e5ng till stranden. Barn kan njuta av en m\u00e4ngd olika aktiviteter som snorkling i livliga korallrev, delfinsk\u00e5dningskryssningar och roliga vattensporter. M\u00e5nga orter erbjuder dedikerade barnklubbar med engagerande program, s\u00e5 att f\u00f6r\u00e4ldrar kan varva ner medan barnen underh\u00e5ller sig. Med sin trygga milj\u00f6, fantastiska naturliga sk\u00f6nhet och exceptionella service ger Maldiverna en perfekt bakgrund f\u00f6r att skapa best\u00e5ende familjeminnen.<\/p>\n\n\t\t<\/div>\n\t<\/div>\n<\/div><\/div><\/div><\/div><div class=\"vc_row wpb_row vc_row-fluid\"><div class=\"wpb_column vc_column_container vc_col-sm-3\"><div class=\"vc_column-inner\"><div class=\"wpb_wrapper\">\n\t<div  class=\"wpb_single_image wpb_content_element vc_align_left wpb_content_element\">\n\t\t\n\t\t<figure class=\"wpb_wrapper vc_figure\">\n\t\t\t<a href=\"https:\/\/lamp.glopss.com\/aff_c?offer_id=9&#038;aff_id=1834&#038;url=https%3A%2F%2Fwww.anantara.com%2Fen%2Fdhigu-maldives\" target=\"_self\" class=\"vc_single_image-wrapper   vc_box_border_grey\"><img loading=\"lazy\" decoding=\"async\" width=\"150\" height=\"150\" src=\"https:\/\/maldives-paradise.com\/wp-content\/uploads\/2024\/01\/anantara-dhigu-150x150.jpg\" class=\"vc_single_image-img attachment-thumbnail\" alt=\"Anantara Dhigu Maldives Resort\" title=\"anantara-dhigu\" \/><\/a>\n\t\t<\/figure>\n\t<\/div>\n<\/div><\/div><\/div><div class=\"wpb_column vc_column_container vc_col-sm-9\"><div class=\"vc_column-inner\"><div class=\"wpb_wrapper\">\n\t<div class=\"wpb_text_column wpb_content_element\" >\n\t\t<div class=\"wpb_wrapper\">\n\t\t\t<h3><a href=\"https:\/\/lamp.glopss.com\/SHUr\" target=\"_blank\" rel=\"nofollow noopener\">Anantara Dhigu Maldives Resort<\/a><\/h3>\n<p>Anantara Dhigu Maldives Resort \u00e4r det perfekta resm\u00e5let f\u00f6r turister som reser med sin familj. Anl\u00e4ggningen erbjuder lyxiga och rymliga villor, en fantastisk barnklubb och flera vattenbaserade aktiviteter f\u00f6r dina sm\u00e5.<br \/>\nDenna resort kommer att se till att dina barn kommer att f\u00e5 dr\u00f6msemestern! Platsen erbjuder vattenaktiviteter, inklusive pufferfisk och baby revhajar, en barnpool, en brygga och vad som helst!<br \/>\nAnantara Dhigu Maldives Resort erbjuder ocks\u00e5 en speciell barnmeny som \u00e4r laddad med l\u00e4ckra godsaker. Platsen erbjuder olika prisv\u00e4rda semesterpaket f\u00f6r familjer.<br \/>\n<span style=\"color: #ff0000;\"><strong>B\u00e4sta prisgaranti med direktbokning p\u00e5 detta hotell.<\/strong><\/span><\/p>\n\n\t\t<\/div>\n\t<\/div>\n<\/div><\/div><\/div><\/div><div class=\"vc_row wpb_row vc_row-fluid\"><div class=\"wpb_column vc_column_container vc_col-sm-3\"><div class=\"vc_column-inner\"><div class=\"wpb_wrapper\">\n\t<div  class=\"wpb_single_image wpb_content_element vc_align_left wpb_content_element\">\n\t\t\n\t\t<figure class=\"wpb_wrapper vc_figure\">\n\t\t\t<a href=\"https:\/\/lamp.glopss.com\/aff_c?offer_id=1062&#038;aff_id=1834&#038;url=https%3A%2F%2Fatmosphere-kanifushi.com%2F\" target=\"_self\" class=\"vc_single_image-wrapper   vc_box_border_grey\"><img loading=\"lazy\" decoding=\"async\" width=\"150\" height=\"150\" src=\"https:\/\/maldives-paradise.com\/wp-content\/uploads\/2023\/12\/atmosphere-kanifushi2-150x150.jpg\" class=\"vc_single_image-img attachment-thumbnail\" alt=\"Atmosf\u00e4r Kanifushi Maldiverna\" title=\"atmosf\u00e4r-kanifushi2\" \/><\/a>\n\t\t<\/figure>\n\t<\/div>\n<\/div><\/div><\/div><div class=\"wpb_column vc_column_container vc_col-sm-9\"><div class=\"vc_column-inner\"><div class=\"wpb_wrapper\">\n\t<div class=\"wpb_text_column wpb_content_element\" >\n\t\t<div class=\"wpb_wrapper\">\n\t\t\t<h3><a href=\"https:\/\/trip.tpo.lv\/FjeSQCnR\" target=\"_blank\" rel=\"nofollow noopener\">Atmosf\u00e4r Kanifushi Maldiverna<\/a><\/h3>\n<p>Denna femstj\u00e4rniga all-inclusive-resort \u00e4r inte bara spektakul\u00e4rt vacker utan ocks\u00e5 i v\u00e4rldsklass i service. Det \u00e4r mycket familjev\u00e4nligt och resortens Kanifushi Residence-villor \u00e4r designade med behoven hos b\u00e5de barn och vuxna i \u00e5tanke. Utanf\u00f6r villorna finns det mycket att h\u00e5lla dig sysselsatt med, inklusive ett avkopplande spa, vattensporter, en restaurang \u2013 den f\u00f6rsta i sitt slag p\u00e5 Maldiverna \u2013 som serverar milj\u00f6v\u00e4nliga r\u00e4tter. Det finns ocks\u00e5 en bra barnklubb, lekplats, barnkammare och barnpassning f\u00f6r de kv\u00e4llar n\u00e4r du vill ha middag f\u00f6r en romantisk vuxen.<\/p>\n\n\t\t<\/div>\n\t<\/div>\n<\/div><\/div><\/div><\/div><div class=\"vc_row wpb_row vc_row-fluid\"><div class=\"wpb_column vc_column_container vc_col-sm-3\"><div class=\"vc_column-inner\"><div class=\"wpb_wrapper\">\n\t<div  class=\"wpb_single_image wpb_content_element vc_align_left wpb_content_element\">\n\t\t\n\t\t<figure class=\"wpb_wrapper vc_figure\">\n\t\t\t<a href=\"https:\/\/lamp.glopss.com\/aff_c?offer_id=1354&#038;aff_id=1834&#038;url=https%3A%2F%2Fwww.comohotels.com%2Fmaldives%2Fcomo-maalifushi\" target=\"_self\" class=\"vc_single_image-wrapper   vc_box_border_grey\"><img loading=\"lazy\" decoding=\"async\" width=\"150\" height=\"150\" src=\"https:\/\/maldives-paradise.com\/wp-content\/uploads\/2024\/01\/COMO-Maalifushi2-150x150.jpg\" class=\"vc_single_image-img attachment-thumbnail\" alt=\"COMO Maalifushi\" title=\"COMO-Maalifushi2\" \/><\/a>\n\t\t<\/figure>\n\t<\/div>\n<\/div><\/div><\/div><div class=\"wpb_column vc_column_container vc_col-sm-9\"><div class=\"vc_column-inner\"><div class=\"wpb_wrapper\">\n\t<div class=\"wpb_text_column wpb_content_element\" >\n\t\t<div class=\"wpb_wrapper\">\n\t\t\t<h3><a href=\"https:\/\/lamp.glopss.com\/SHU9\" target=\"_blank\" rel=\"nofollow noopener\">COMO Maalifushi<\/a><\/h3>\n<p>B\u00e4st f\u00f6r de sm\u00e5!<br \/>\nPlay by COMO fokuserar p\u00e5 unga jetsettare! Deras dedikerade program erbjuder otroliga wellnessmenyer (f\u00f6r barn!) och m\u00e4ngder av unika familjeaktiviteter som snorkling med en marinbiolog, kryssningar med st\u00e4nkn\u00e4t med delfiner och surfing. Deras dedikerade Play by COMO Space \u00e4r designad f\u00f6r att inspirera m\u00e5lmedvetna och kreativa barnstyrda lekar f\u00f6r barn i \u00e5ldrarna 4 \u2013 12, med noggrant utvalda leksaker, b\u00f6cker, spel och konstmaterial.<\/p>\n\n\t\t<\/div>\n\t<\/div>\n<\/div><\/div><\/div><\/div><div class=\"vc_row wpb_row vc_row-fluid\"><div class=\"wpb_column vc_column_container vc_col-sm-3\"><div class=\"vc_column-inner\"><div class=\"wpb_wrapper\">\n\t<div  class=\"wpb_single_image wpb_content_element vc_align_left wpb_content_element\">\n\t\t\n\t\t<figure class=\"wpb_wrapper vc_figure\">\n\t\t\t<a href=\"https:\/\/lamp.glopss.com\/aff_c?offer_id=1085&#038;aff_id=1834\" target=\"_self\" class=\"vc_single_image-wrapper   vc_box_border_grey\"><img loading=\"lazy\" decoding=\"async\" width=\"150\" height=\"150\" src=\"https:\/\/maldives-paradise.com\/wp-content\/uploads\/2023\/12\/finolhu-maldives-150x150.jpeg\" class=\"vc_single_image-img attachment-thumbnail\" alt=\"Finolhu Maldiverna\" title=\"finolhu-maldiverna\" \/><\/a>\n\t\t<\/figure>\n\t<\/div>\n<\/div><\/div><\/div><div class=\"wpb_column vc_column_container vc_col-sm-9\"><div class=\"vc_column-inner\"><div class=\"wpb_wrapper\">\n\t<div class=\"wpb_text_column wpb_content_element\" >\n\t\t<div class=\"wpb_wrapper\">\n\t\t\t<h3><a href=\"https:\/\/lamp.glopss.com\/SHUE\" rel=\"nofollow \">Finolhu<\/a><\/h3>\n<p>B\u00e4st f\u00f6r snorkling!<br \/>\nTa din hink och spade \u2013 det stora dragpl\u00e5stret p\u00e5 denna flamboyanta resort \u00e4r dess magnifika vita sandstrand och sandbank, som sveper genom Baa-atollen som en komet. Det finns en uppbl\u00e5sbar vattenpark precis utanf\u00f6r kusten, en lagunformad pool och fantastiskt marint liv med f\u00e4rgglada koraller och virvlar av tropiska fiskar i husrevet och spinnerdelfiner, havssk\u00f6ldpaddor och mantor i n\u00e4rheten. Oceaneer&#039;s Club har en l\u00e5ng lista med dagliga aktiviteter - piratverkst\u00e4der, sandkonst, kajakt\u00e4vlingar - och kan arrangera f\u00f6delsedagsfester med presenter, spel och t\u00e5rta.<\/p>\n\n\t\t<\/div>\n\t<\/div>\n<\/div><\/div><\/div><\/div><div class=\"vc_row wpb_row vc_row-fluid\"><div class=\"wpb_column vc_column_container vc_col-sm-3\"><div class=\"vc_column-inner\"><div class=\"wpb_wrapper\">\n\t<div  class=\"wpb_single_image wpb_content_element vc_align_left wpb_content_element\">\n\t\t\n\t\t<figure class=\"wpb_wrapper vc_figure\">\n\t\t\t<a href=\"https:\/\/lamp.glopss.com\/aff_c?offer_id=1384&#038;aff_id=1834\" target=\"_self\" class=\"vc_single_image-wrapper   vc_box_border_grey\"><img loading=\"lazy\" decoding=\"async\" width=\"150\" height=\"150\" src=\"https:\/\/maldives-paradise.com\/wp-content\/uploads\/2023\/12\/Hideaway-Beach-Resort-Spa-Shines-as-the-Most-Picturesque-Resort-in-the-Maldives-at-TTM-Awards-2023-1-1024x576-1-150x150.jpg\" class=\"vc_single_image-img attachment-thumbnail\" alt=\"Hideaway Beach Resort &amp; Spa\" title=\"Hideaway-Beach-Resort-Spa-Shines-as-the-Most-Picturesque-Resort-in-the-Maldives-at-TTM-Awards-2023-1-1024x576.jpg\" \/><\/a>\n\t\t<\/figure>\n\t<\/div>\n<\/div><\/div><\/div><div class=\"wpb_column vc_column_container vc_col-sm-9\"><div class=\"vc_column-inner\"><div class=\"wpb_wrapper\">\n\t<div class=\"wpb_text_column wpb_content_element\" >\n\t\t<div class=\"wpb_wrapper\">\n\t\t\t<h3><a href=\"https:\/\/lamp.glopss.com\/aff_c?offer_id=1384&amp;aff_id=1834\" target=\"_blank\" rel=\"nofollow noopener\">Hideaway Beach Resort &amp; Spa<\/a><\/h3>\n<p>Vinnare av Tripadvisor Travellers&#039; Choice Best of the Best Award 2022. Om de vuxna beh\u00f6ver en paus fr\u00e5n sina avkommor har resorten l\u00f6sningen: den utm\u00e4rkta Tender Hearts Kids&#039; Club. Sl\u00e4pp dina sm\u00e5 l\u00f6s i den 50 kvm stora barnklubben och se dem delta i de utvalda aktiviteterna som garanterat kommer att imponera. Dessa inkluderar sandslottstillverkning, fiskelektioner, skattjakt, m\u00e5lning, teckning, matlagningskurser, cykling, kurrag\u00f6mma, utbildningsturer och s\u00e5 mycket mer.<\/p>\n\n\t\t<\/div>\n\t<\/div>\n<\/div><\/div><\/div><\/div><div class=\"vc_row wpb_row vc_row-fluid\"><div class=\"wpb_column vc_column_container vc_col-sm-3\"><div class=\"vc_column-inner\"><div class=\"wpb_wrapper\">\n\t<div  class=\"wpb_single_image wpb_content_element vc_align_left wpb_content_element\">\n\t\t\n\t\t<figure class=\"wpb_wrapper vc_figure\">\n\t\t\t<div class=\"vc_single_image-wrapper   vc_box_border_grey\"><img loading=\"lazy\" decoding=\"async\" width=\"150\" height=\"150\" src=\"https:\/\/maldives-paradise.com\/wp-content\/uploads\/2024\/01\/Kandima-150x150.jpg\" class=\"vc_single_image-img attachment-thumbnail\" alt=\"Kandima Maldiverna\" title=\"Kandima.jpg\" \/><\/div>\n\t\t<\/figure>\n\t<\/div>\n<\/div><\/div><\/div><div class=\"wpb_column vc_column_container vc_col-sm-9\"><div class=\"vc_column-inner\"><div class=\"wpb_wrapper\">\n\t<div class=\"wpb_text_column wpb_content_element\" >\n\t\t<div class=\"wpb_wrapper\">\n\t\t\t<h3><a href=\"https:\/\/lamp.glopss.com\/SHUV\" target=\"_blank\" rel=\"nofollow noopener\">Kandima Maldiverna<\/a><\/h3>\n<p>Det sp\u00e4nnande familjev\u00e4nliga hotellet Kandima rockar med sin coola moderna atmosf\u00e4r, avslappnade etos och enorma lekplats och plaskomr\u00e5de f\u00f6r barn. De handlar om sina sm\u00e5 VIPs och har en dedikerad Kandiland, Kandima Kids Club som drivs av ett flerspr\u00e5kigt team av fullt certifierade barnvakter, och erbjuder aktiviteter plus en \u00e4ventyrslekplats, studsmatta, kl\u00e4tterv\u00e4gg, bordtennis och lekomr\u00e5den inomhus. \u00d6n erbjuder \u00f6ver tre kilometer strand och tv\u00e5 pooler inklusive en 100-meterspool \u2013 den st\u00f6rsta p\u00e5 Maldiverna.<\/p>\n\n\t\t<\/div>\n\t<\/div>\n<\/div><\/div><\/div><\/div><div class=\"vc_row wpb_row vc_row-fluid\"><div class=\"wpb_column vc_column_container vc_col-sm-3\"><div class=\"vc_column-inner\"><div class=\"wpb_wrapper\">\n\t<div  class=\"wpb_single_image wpb_content_element vc_align_left wpb_content_element\">\n\t\t\n\t\t<figure class=\"wpb_wrapper vc_figure\">\n\t\t\t<a href=\"https:\/\/lamp.glopss.com\/aff_c?offer_id=1471&#038;aff_id=1834&#038;url=https%3A%2F%2Fwww.luxresorts.com%2Fen%2Fmaldives%2Fresort%2Fluxsouthariatoll%3Futm_source%3Dglopss%26utm_medium%3Daffiliate%26utm_campaign%3Dcampaign\" target=\"_self\" class=\"vc_single_image-wrapper   vc_box_border_grey\"><img loading=\"lazy\" decoding=\"async\" width=\"150\" height=\"150\" src=\"https:\/\/maldives-paradise.com\/wp-content\/uploads\/2024\/01\/lux2-150x150.jpg\" class=\"vc_single_image-img attachment-thumbnail\" alt=\"LUX * Maldiverna South Ari Atoll\" title=\"lux2\" \/><\/a>\n\t\t<\/figure>\n\t<\/div>\n<\/div><\/div><\/div><div class=\"wpb_column vc_column_container vc_col-sm-9\"><div class=\"vc_column-inner\"><div class=\"wpb_wrapper\">\n\t<div class=\"wpb_text_column wpb_content_element\" >\n\t\t<div class=\"wpb_wrapper\">\n\t\t\t<h3><a href=\"https:\/\/lamp.glopss.com\/aff_c?offer_id=1471&amp;aff_id=1834&amp;url=https%3A%2F%2Fwww.luxresorts.com%2Fen%2Fmaldives%2Fresort%2Fluxsouthariatoll%3Futm_source%3Dglopss%26utm_medium%3Daffiliate%26utm_campaign%3Dcampaign\" target=\"_blank\" rel=\"nofollow noopener\">LUX* South Ari Atoll Resort &amp; Villas<\/a><\/h3>\n<p>B\u00e4st f\u00f6r sportiga typer.<br \/>\nF\u00f6r\u00e4ldrar kommer att \u00e4lska den hippa Ibiza-liknande designen, m\u00e5 bra spabehandlingar och valet av fem olika barer. Barn kommer under tiden att \u00e4lska klubbhusen (ett f\u00f6r sm\u00e5barn och ett f\u00f6r ton\u00e5ringar), strandsporter och \u00e4ventyrsresor. All-inclusive kommer sannolikt att f\u00e5 alla att le; det t\u00e4cker allt fr\u00e5n tennis- och yogaklasser till minibarer p\u00e5 rummet och kaffe fr\u00e5n barista, samt obegr\u00e4nsad m\u00e4ngd glass och icke-motoriserade vattensporter. Familjelagunvillor \u00e4r det b\u00e4sta boendet, som rullar rakt ut p\u00e5 en ljus vit strand och in i det lugna Tiffany-bl\u00e5 vattnet.<\/p>\n\n\t\t<\/div>\n\t<\/div>\n<\/div><\/div><\/div><\/div><div class=\"vc_row wpb_row vc_row-fluid\"><div class=\"wpb_column vc_column_container vc_col-sm-3\"><div class=\"vc_column-inner\"><div class=\"wpb_wrapper\">\n\t<div  class=\"wpb_single_image wpb_content_element vc_align_left wpb_content_element\">\n\t\t\n\t\t<figure class=\"wpb_wrapper vc_figure\">\n\t\t\t<a href=\"https:\/\/lamp.glopss.com\/aff_c?offer_id=264&#038;aff_id=1834&#038;url=https%3A%2F%2Fwww.meeru.com%2F\" target=\"_self\" class=\"vc_single_image-wrapper   vc_box_border_grey\"><img loading=\"lazy\" decoding=\"async\" width=\"150\" height=\"150\" src=\"https:\/\/maldives-paradise.com\/wp-content\/uploads\/2023\/08\/Jawakara-Maldives-Island-Hero-800x467-1-150x150.jpg\" class=\"vc_single_image-img attachment-thumbnail\" alt=\"meeru maldiverna resort \u00f6\" title=\"Jawakara-Maldiverna-\u00f6n-hj\u00e4lte-800x467\" \/><\/a>\n\t\t<\/figure>\n\t<\/div>\n<\/div><\/div><\/div><div class=\"wpb_column vc_column_container vc_col-sm-9\"><div class=\"vc_column-inner\"><div class=\"wpb_wrapper\">\n\t<div class=\"wpb_text_column wpb_content_element\" >\n\t\t<div class=\"wpb_wrapper\">\n\t\t\t<h3><a href=\"https:\/\/lamp.glopss.com\/SHUg\" target=\"_blank\" rel=\"nofollow noopener\">Meeru Island Resort &amp; Spa<\/a><\/h3>\n<p>Meeru Island Resort &amp; Spa Maldives \u00e4r en idealisk semesterorts\u00f6 f\u00f6r familjer med sm\u00e5 barn. Meerus familjeplan ger en mer prisv\u00e4rd semester. Priset f\u00f6r ditt barnrum, m\u00e5ltidsplan och motorb\u00e5tstransfer reduceras till 50% av vuxenpriset. Priser f\u00f6r familjeplan g\u00e4ller f\u00f6r barn under 15 \u00e5r. Det finns ett spelrum f\u00f6r barn. N\u00e4ra Dhoni Bar Pool finns en plaskdamm f\u00f6r barn, en utomhuslekplats och Komas Kid&#039;s Club, separata faciliteter, leksaker, spel och n\u00f6jen f\u00f6r barn i \u00e5ldrarna (3-12) och ton\u00e5ringar (13-17).<br \/>\n<span style=\"color: #ff0000;\"><strong>B\u00e4sta prisgaranti med direktbokning p\u00e5 detta hotell.<\/strong><\/span><\/p>\n\n\t\t<\/div>\n\t<\/div>\n<\/div><\/div><\/div><\/div><div class=\"vc_row wpb_row vc_row-fluid\"><div class=\"wpb_column vc_column_container vc_col-sm-3\"><div class=\"vc_column-inner\"><div class=\"wpb_wrapper\">\n\t<div  class=\"wpb_single_image wpb_content_element vc_align_left wpb_content_element\">\n\t\t\n\t\t<figure class=\"wpb_wrapper vc_figure\">\n\t\t\t<a href=\"https:\/\/lamp.glopss.com\/aff_c?offer_id=9&#038;aff_id=1834&#038;url=https%3A%2F%2Fwww.niyama.com%2F\" target=\"_self\" class=\"vc_single_image-wrapper   vc_box_border_grey\"><img loading=\"lazy\" decoding=\"async\" width=\"150\" height=\"150\" src=\"https:\/\/maldives-paradise.com\/wp-content\/uploads\/2024\/01\/niyama2-150x150.jpg\" class=\"vc_single_image-img attachment-thumbnail\" alt=\"Niyama Private Islands Maldiverna\" title=\"nyama2\" \/><\/a>\n\t\t<\/figure>\n\t<\/div>\n<\/div><\/div><\/div><div class=\"wpb_column vc_column_container vc_col-sm-9\"><div class=\"vc_column-inner\"><div class=\"wpb_wrapper\">\n\t<div class=\"wpb_text_column wpb_content_element\" >\n\t\t<div class=\"wpb_wrapper\">\n\t\t\t<h3><a href=\"https:\/\/lamp.glopss.com\/SHUv\" target=\"_blank\" rel=\"nofollow noopener\">Niyama Private Islands Maldiverna<\/a><\/h3>\n<p>B\u00e4st f\u00f6r surfskola.<br \/>\nDenna familjev\u00e4nliga resort med tv\u00e5 \u00f6ar i s\u00f6dra Dhaalu-atollen har sin egen surfpaus inom paddlingsavst\u00e5nd fr\u00e5n stranden. Lektionerna t\u00e4cker alla niv\u00e5er och varje medlem i familjen, och b\u00f6rjar med grunderna i Niyamas lugna bl\u00e5 lagun innan man tar examen till anddyk och nedsk\u00e4rningar i \u00f6ppet hav. Tillbaka p\u00e5 land hittar du ocks\u00e5 en alls\u00e5ngande, alldansande barnklubb, en tr\u00e4dkojerestaurang, en undervattensrestaurang, ett \u00f6vervattenspa och stora familjevillor, b\u00e5de p\u00e5 stranden och uppstyltade ovanf\u00f6r Indiska oceanen.<br \/>\n<span style=\"color: #ff0000;\"><strong>B\u00e4sta prisgaranti med direktbokning p\u00e5 detta hotell.<\/strong><\/span><\/p>\n\n\t\t<\/div>\n\t<\/div>\n<\/div><\/div><\/div><\/div><div class=\"vc_row wpb_row vc_row-fluid\"><div class=\"wpb_column vc_column_container vc_col-sm-3\"><div class=\"vc_column-inner\"><div class=\"wpb_wrapper\">\n\t<div  class=\"wpb_single_image wpb_content_element vc_align_left wpb_content_element\">\n\t\t\n\t\t<figure class=\"wpb_wrapper vc_figure\">\n\t\t\t<a href=\"https:\/\/lamp.glopss.com\/aff_c?offer_id=1062&#038;aff_id=1834&#038;url=https%3A%2F%2Ftheozencollection.com%2Fozenlife-maadhoo%2F\" target=\"_self\" class=\"vc_single_image-wrapper   vc_box_border_grey\"><img loading=\"lazy\" decoding=\"async\" width=\"150\" height=\"150\" src=\"https:\/\/maldives-paradise.com\/wp-content\/uploads\/2024\/01\/ozen-life-2-150x150.jpg\" class=\"vc_single_image-img attachment-thumbnail\" alt=\"OZEN Life Maadhoo\" title=\"Ozen-liv-2\" \/><\/a>\n\t\t<\/figure>\n\t<\/div>\n<\/div><\/div><\/div><div class=\"wpb_column vc_column_container vc_col-sm-9\"><div class=\"vc_column-inner\"><div class=\"wpb_wrapper\">\n\t<div class=\"wpb_text_column wpb_content_element\" >\n\t\t<div class=\"wpb_wrapper\">\n\t\t\t<h3><a href=\"https:\/\/trip.tpo.lv\/i4Tqqyq0\" target=\"_blank\" rel=\"nofollow noopener\">Ozen Life Maadhoo<\/a><\/h3>\n<p>B\u00e4st f\u00f6r en sportig all-inclusive.<br \/>\nDet otroliga all-inclusive resort-programmet p\u00e5 OZEN Life Maadhoo s\u00e4kerst\u00e4ller att hela familjen ler och njuter av Maldiverna. Njut av f\u00f6rdelen med en fantastisk \u00e4ventyrsupplevelse och en autentisk solnedg\u00e5ngsfiskeutflykt som ing\u00e5r som en del av all inclusive-erbjudandet. Du f\u00e5r ocks\u00e5 tillg\u00e5ng till kostnadsfria icke-motoriserade vattensporter och snorklingsutflykter. F\u00f6r\u00e4ldrar f\u00e5r under tiden en gratis spabehandling per fyra till fem n\u00e4tters vistelse.<\/p>\n\n\t\t<\/div>\n\t<\/div>\n<\/div><\/div><\/div><\/div><div class=\"vc_row wpb_row vc_row-fluid\"><div class=\"wpb_column vc_column_container vc_col-sm-3\"><div class=\"vc_column-inner\"><div class=\"wpb_wrapper\">\n\t<div  class=\"wpb_single_image wpb_content_element vc_align_left wpb_content_element\">\n\t\t\n\t\t<figure class=\"wpb_wrapper vc_figure\">\n\t\t\t<a href=\"https:\/\/lamp.glopss.com\/aff_c?offer_id=1506&#038;aff_id=1834\" target=\"_self\" class=\"vc_single_image-wrapper   vc_box_border_grey\"><img loading=\"lazy\" decoding=\"async\" width=\"150\" height=\"150\" src=\"https:\/\/maldives-paradise.com\/wp-content\/uploads\/2023\/11\/Patina-150x150.jpg\" class=\"vc_single_image-img attachment-thumbnail\" alt=\"Patina Maldiverna\" title=\"Patina.jpg\" \/><\/a>\n\t\t<\/figure>\n\t<\/div>\n<\/div><\/div><\/div><div class=\"wpb_column vc_column_container vc_col-sm-9\"><div class=\"vc_column-inner\"><div class=\"wpb_wrapper\">\n\t<div class=\"wpb_text_column wpb_content_element\" >\n\t\t<div class=\"wpb_wrapper\">\n\t\t\t<h3><a href=\"https:\/\/lamp.glopss.com\/aff_c?offer_id=1506&amp;aff_id=1834\" rel=\"nofollow \">Patina Maldiverna<\/a><\/h3>\n<p>M\u00e5nga saker f\u00f6r barn. Footprints \u00e4r det utbildningsinspirerade aktivitetscentret f\u00f6r barn som ligger i vackra marker med kl\u00e4tterst\u00e4llningar och en plaskbass\u00e4ng. Inomhusaktiviteterna inkluderar 3D-utskrift och lasersk\u00e4rningsteknik, matlagningskurser etc. Barnen kan ocks\u00e5 njuta av interaktiva \u00f6upplevelser och havsv\u00e5rd. F\u00f6r\u00e4ldrar kommer att bli \u00f6verlyckliga \u00f6ver att veta att deras barn kan tillbringa otaliga timmar med att h\u00e5lla sig sysselsatta.<\/p>\n\n\t\t<\/div>\n\t<\/div>\n<\/div><\/div><\/div><\/div><div class=\"vc_row wpb_row vc_row-fluid\"><div class=\"wpb_column vc_column_container vc_col-sm-3\"><div class=\"vc_column-inner\"><div class=\"wpb_wrapper\">\n\t<div  class=\"wpb_single_image wpb_content_element vc_align_left wpb_content_element\">\n\t\t\n\t\t<figure class=\"wpb_wrapper vc_figure\">\n\t\t\t<a href=\"https:\/\/lamp.glopss.com\/aff_c?offer_id=1476&#038;aff_id=1834&#038;url=https%3A%2F%2Fwww.sunsiyam.com%2Fsiyam-world%2F\" target=\"_self\" class=\"vc_single_image-wrapper   vc_box_border_grey\"><img loading=\"lazy\" decoding=\"async\" width=\"150\" height=\"150\" src=\"https:\/\/maldives-paradise.com\/wp-content\/uploads\/2024\/01\/sun-siyam-world-150x150.jpg\" class=\"vc_single_image-img attachment-thumbnail\" alt=\"Sun Siyam World\" title=\"sun-siyam-v\u00e4rlden\" \/><\/a>\n\t\t<\/figure>\n\t<\/div>\n<\/div><\/div><\/div><div class=\"wpb_column vc_column_container vc_col-sm-9\"><div class=\"vc_column-inner\"><div class=\"wpb_wrapper\">\n\t<div class=\"wpb_text_column wpb_content_element\" >\n\t\t<div class=\"wpb_wrapper\">\n\t\t\t<h3><a href=\"https:\/\/lamp.glopss.com\/SHUy\" target=\"_blank\" rel=\"nofollow noopener\">Siyam World Maldiverna<\/a><\/h3>\n<p>Siyam World \u00e4r det nya barnet p\u00e5 blocket d\u00e4r barnen kommer f\u00f6rst! Men vi vet alla att barn finns i alla former och storlekar och n\u00e4r en rutschkana i havet \u00e4r kopplad till alla vattenvillor, kommer de ocks\u00e5 i alla \u00e5ldrar!<br \/>\nDenna all inclusive-resort som \u00f6ppnade i oktober 2021 erbjuder 19 eleganta boendekategorier, alla med privat pool \u2013 villor, rum, paviljonger och bost\u00e4der \u2013 som str\u00e4cker sig fr\u00e5n 89 till 3 000 kvadratmeter b\u00e5de p\u00e5 land och \u00f6ver vatten.<\/p>\n\n\t\t<\/div>\n\t<\/div>\n<\/div><\/div><\/div><\/div><div class=\"vc_row wpb_row vc_row-fluid\"><div class=\"wpb_column vc_column_container vc_col-sm-12\"><div class=\"vc_column-inner\"><div class=\"wpb_wrapper\">\n\t<div class=\"wpb_text_column wpb_content_element\" >\n\t\t<div class=\"wpb_wrapper\">\n\t\t\t<p><a href=\"http:\/\/maldives-paradise.com\/sv\/marka\/familjeresort\/\"><strong>Mer om familjehotell och resorter p\u00e5 Maldiverna<\/strong><\/a><\/p>\n<p><strong><a title=\"De b\u00e4sta all inclusive-resorterna\" href=\"https:\/\/maldives-paradise.com\/sv\/?page_id=8762\">De b\u00e4sta all inclusive-resorterna i Maldiverna<\/a><\/strong><\/p>\n\n\t\t<\/div>\n\t<\/div>\n<\/div><\/div><\/div><\/div>\n<\/div>","protected":false},"excerpt":{"rendered":"<div class=\"mh-excerpt\"><\/div>","protected":false},"author":1,"featured_media":8934,"parent":0,"menu_order":0,"comment_status":"closed","ping_status":"closed","template":"","meta":{"footnotes":""},"class_list":["post-8933","page","type-page","status-publish","has-post-thumbnail"],"aioseo_notices":[],"_links":{"self":[{"href":"http:\/\/maldives-paradise.com\/sv\/wp-json\/wp\/v2\/pages\/8933","targetHints":{"allow":["GET"]}}],"collection":[{"href":"http:\/\/maldives-paradise.com\/sv\/wp-json\/wp\/v2\/pages"}],"about":[{"href":"http:\/\/maldives-paradise.com\/sv\/wp-json\/wp\/v2\/types\/page"}],"author":[{"embeddable":true,"href":"http:\/\/maldives-paradise.com\/sv\/wp-json\/wp\/v2\/users\/1"}],"replies":[{"embeddable":true,"href":"http:\/\/maldives-paradise.com\/sv\/wp-json\/wp\/v2\/comments?post=8933"}],"version-history":[{"count":7,"href":"http:\/\/maldives-paradise.com\/sv\/wp-json\/wp\/v2\/pages\/8933\/revisions"}],"predecessor-version":[{"id":45308,"href":"http:\/\/maldives-paradise.com\/sv\/wp-json\/wp\/v2\/pages\/8933\/revisions\/45308"}],"wp:featuredmedia":[{"embeddable":true,"href":"http:\/\/maldives-paradise.com\/sv\/wp-json\/wp\/v2\/media\/8934"}],"wp:attachment":[{"href":"http:\/\/maldives-paradise.com\/sv\/wp-json\/wp\/v2\/media?parent=8933"}],"curies":[{"name":"wp","href":"https:\/\/api.w.org\/{rel}","templated":true}]}}