{"id":8790,"date":"2024-01-15T15:38:49","date_gmt":"2024-01-15T15:38:49","guid":{"rendered":"http:\/\/maldives-paradise.com\/?page_id=8790"},"modified":"2025-11-26T09:21:45","modified_gmt":"2025-11-26T09:21:45","slug":"de-12-basta-vuxna-resorterna-endast-pa-maldiverna","status":"publish","type":"page","link":"http:\/\/maldives-paradise.com\/sv\/de-12-basta-vuxna-resorterna-endast-pa-maldiverna\/","title":{"rendered":"De b\u00e4sta resorterna endast f\u00f6r vuxna p\u00e5 Maldiverna"},"content":{"rendered":"<div class=\"wpb-content-wrapper\"><div class=\"vc_row wpb_row vc_row-fluid\"><div class=\"wpb_column vc_column_container vc_col-sm-12\"><div class=\"vc_column-inner\"><div class=\"wpb_wrapper\">\n\t<div class=\"wpb_text_column wpb_content_element\" >\n\t\t<div class=\"wpb_wrapper\">\n\t\t\t<p>Uppt\u00e4ck ren \u00f6verseende p\u00e5 lyxiga resorter endast f\u00f6r vuxna p\u00e5 Maldiverna. Dessa exklusiva tillflyktsorter erbjuder romantiska villor \u00f6ver vattnet, privata str\u00e4nder, gourmetmat och o\u00f6vertr\u00e4ffat lugn. Perfekt f\u00f6r par som s\u00f6ker en intim flykt i paradiset. Upplev ultimat lyx d\u00e4r varje detalj \u00e4r designad f\u00f6r ditt n\u00f6je.<\/p>\n<p>Resorter endast f\u00f6r vuxna p\u00e5 Maldiverna erbjuder en fridfull och sofistikerad tillflyktsort, perfekt f\u00f6r dem som s\u00f6ker lugn och romantik. Dessa resorter erbjuder en intim atmosf\u00e4r fri fr\u00e5n liv och r\u00f6relse, s\u00e5 att g\u00e4sterna kan koppla av och varva ner. Med lyxiga \u00f6vervattensvillor, privata pooler och exklusiva matupplevelser kan vuxna sk\u00e4mma bort sig med den ultimata bortsk\u00e4mningen. Njut av lugna spabehandlingar, romantiska solnedg\u00e5ngskryssningar och oavbruten strandtid. Maldivernas fantastiska naturliga sk\u00f6nhet och lyxiga bekv\u00e4mligheter skapar en idyllisk milj\u00f6 f\u00f6r par, v\u00e4nner eller ensamresen\u00e4rer som letar efter en fridfull och f\u00f6ryngrande tillflyktsort.<\/p>\n\n\t\t<\/div>\n\t<\/div>\n<\/div><\/div><\/div><\/div><div class=\"vc_row wpb_row vc_row-fluid\"><div class=\"wpb_column vc_column_container vc_col-sm-3\"><div class=\"vc_column-inner\"><div class=\"wpb_wrapper\">\n\t<div  class=\"wpb_single_image wpb_content_element vc_align_left wpb_content_element\">\n\t\t\n\t\t<figure class=\"wpb_wrapper vc_figure\">\n\t\t\t<a href=\"https:\/\/lamp.glopss.com\/aff_c?offer_id=338&#038;aff_id=1834&#038;url=https%3A%2F%2Fwww.adaaran.com%2Fprestigewatervillas%2F\" target=\"_self\" class=\"vc_single_image-wrapper   vc_box_border_grey\"><img loading=\"lazy\" decoding=\"async\" width=\"150\" height=\"150\" src=\"https:\/\/maldives-paradise.com\/wp-content\/uploads\/2024\/01\/Adaaran-Prestige-Water-Villas-5-150x150.jpg\" class=\"vc_single_image-img attachment-thumbnail\" alt=\"Adaaran Prestige Water Villas\" title=\"Adaaran-Prestige-Vatten-Villas-5\" \/><\/a>\n\t\t<\/figure>\n\t<\/div>\n<\/div><\/div><\/div><div class=\"wpb_column vc_column_container vc_col-sm-9\"><div class=\"vc_column-inner\"><div class=\"wpb_wrapper\">\n\t<div class=\"wpb_text_column wpb_content_element\" >\n\t\t<div class=\"wpb_wrapper\">\n\t\t\t<h3><a href=\"https:\/\/lamp.glopss.com\/aff_c?offer_id=338&amp;aff_id=1834&amp;url=https%3A%2F%2Fwww.adaaran.com%2Fprestigewatervillas%2F\" target=\"_blank\" rel=\"nofollow noopener\">Adaaran Prestige Water Villas<\/a><\/h3>\n<p>Adaaran Prestige Water Villas \u00e4r en perfekt smekm\u00e5nadsdestination och \u00e4r en exklusiv lyxresort som ligger p\u00e5 \u00f6n Meedhupparu i den maldiviska Raa-atollen. Den privata \u00f6n delas med deras systerfastighet Adaaran Resort, men Adaaran Prestige Water Villas \u00e4r mer exklusiva.<br \/>\nMed 20 villor \u00f6ver vattnet som erbjuder lyxiga, moderna och rymliga interi\u00f6rer, erbjuder dessa villor ocks\u00e5 en stor m\u00e4ngd avskildhet, vilket g\u00f6r dem till ett utm\u00e4rkt val om du letar efter en lugn tillflyktsort. Varje rum har \u00e4ven en personlig butlerservice.<br \/>\nDet finns ett stort utbud av restauranger och barer p\u00e5 plats, d\u00e4r g\u00e4sterna kan njuta av ett stort utbud av r\u00e4tter fr\u00e5n en m\u00e4ngd olika k\u00f6k.<br \/>\n<strong><span style=\"color: #ff0000;\">B\u00e4sta prisgaranti med direktbokning p\u00e5 detta hotell.<\/span><\/strong><\/p>\n\n\t\t<\/div>\n\t<\/div>\n<\/div><\/div><\/div><\/div><div class=\"vc_row wpb_row vc_row-fluid\"><div class=\"wpb_column vc_column_container vc_col-sm-3\"><div class=\"vc_column-inner\"><div class=\"wpb_wrapper\">\n\t<div  class=\"wpb_single_image wpb_content_element vc_align_left wpb_content_element\">\n\t\t\n\t\t<figure class=\"wpb_wrapper vc_figure\">\n\t\t\t<a href=\"https:\/\/lamp.glopss.com\/aff_c?offer_id=9&#038;aff_id=1834&#038;url=https%3A%2F%2Fwww.anantara.com%2Fen%2Fveli-maldives\" target=\"_self\" class=\"vc_single_image-wrapper   vc_box_border_grey\"><img loading=\"lazy\" decoding=\"async\" width=\"150\" height=\"150\" src=\"https:\/\/maldives-paradise.com\/wp-content\/uploads\/2023\/12\/anantara-veli-93-1080x480-1-150x150.jpg\" class=\"vc_single_image-img attachment-thumbnail\" alt=\"Anantara Veli Resort and Spa Maldiverna\" title=\"anantara-veli-93-1080x480\" \/><\/a>\n\t\t<\/figure>\n\t<\/div>\n<\/div><\/div><\/div><div class=\"wpb_column vc_column_container vc_col-sm-9\"><div class=\"vc_column-inner\"><div class=\"wpb_wrapper\">\n\t<div class=\"wpb_text_column wpb_content_element\" >\n\t\t<div class=\"wpb_wrapper\">\n\t\t\t<h3><a href=\"https:\/\/lamp.glopss.com\/SHUt\" target=\"_blank\" rel=\"nofollow noopener\">Anantara Veli Maldives Resort<\/a><\/h3>\n<p>Denna boutiquevistelse \u00e4r en av Maldiverna som kommer att f\u00e5 folk att boka en andra smekm\u00e5nad. Anantara Veli Resort In The Maldives uppmuntrar g\u00e4sterna att lata sig i sina villor som vetter mot havet eller njuta av en elegant m\u00e5ltid i solnedg\u00e5ngen. Det tar bara en kort tur med motorb\u00e5t fr\u00e5n Mal\u00e9s internationella flygplats f\u00f6r att komma till denna 5-stj\u00e4rniga tillflyktsort endast f\u00f6r vuxna, som ocks\u00e5 erbjuder ett all inclusive-paket. I detta paket f\u00e5r g\u00e4sterna tillg\u00e5ng till f\u00f6rm\u00e5ner som en daglig buff\u00e9, en all inclusive dryckesmeny och rabatter f\u00f6r l\u00e4ngre vistelser.<br \/>\n<strong><span style=\"color: #ff0000;\">B\u00e4sta prisgaranti med direktbokning p\u00e5 detta hotell.<\/span><\/strong><\/p>\n\n\t\t<\/div>\n\t<\/div>\n<\/div><\/div><\/div><\/div><div class=\"vc_row wpb_row vc_row-fluid\"><div class=\"wpb_column vc_column_container vc_col-sm-3\"><div class=\"vc_column-inner\"><div class=\"wpb_wrapper\">\n\t<div  class=\"wpb_single_image wpb_content_element vc_align_left wpb_content_element\">\n\t\t\n\t\t<figure class=\"wpb_wrapper vc_figure\">\n\t\t\t<a href=\"https:\/\/lamp.glopss.com\/aff_c?offer_id=1442&#038;aff_id=1834&#038;url=https%3A%2F%2Fwww.centarahotelsresorts.com%2Fcentara%2Fcrf\" target=\"_self\" class=\"vc_single_image-wrapper   vc_box_border_grey\"><img loading=\"lazy\" decoding=\"async\" width=\"150\" height=\"150\" src=\"https:\/\/maldives-paradise.com\/wp-content\/uploads\/2024\/01\/centara-ras-fushi-150x150.jpg\" class=\"vc_single_image-img attachment-thumbnail\" alt=\"Centara Ras Fushi Resort &amp; Spa\" title=\"centara-ras-fushi\" \/><\/a>\n\t\t<\/figure>\n\t<\/div>\n<\/div><\/div><\/div><div class=\"wpb_column vc_column_container vc_col-sm-9\"><div class=\"vc_column-inner\"><div class=\"wpb_wrapper\">\n\t<div class=\"wpb_text_column wpb_content_element\" >\n\t\t<div class=\"wpb_wrapper\">\n\t\t\t<h3><a href=\"https:\/\/lamp.glopss.com\/aff_c?offer_id=1442&amp;aff_id=1834&amp;url=https%3A%2F%2Fwww.centarahotelsresorts.com%2Fcentara%2Fcrf\" target=\"_blank\" rel=\"nofollow noopener\">Centara Ras Fushi Resort &amp; Spa<\/a><\/h3>\n<p>Njut av lyx p\u00e5 Centara Ras Fushi Resort &amp; Spa med n\u00e5gon speciell! Denna tillflyktsort endast f\u00f6r vuxna inkluderar strand- och \u00f6vervattensvillor f\u00f6r att njuta av Maldivernas byte. Anl\u00e4ggningen har alternativ f\u00f6r m\u00e5ltider f\u00f6r att uppmuntra en bekymmersfri semester, inklusive halv- och helpension. G\u00e4sterna kan till och med v\u00e4lja resortens all-inclusive m\u00e5ltidsplan, som inkluderar deras m\u00e5ltidsplan f\u00f6r helpension, resortkrediter f\u00f6r att \u00e4ta p\u00e5 andra restauranger p\u00e5 plats och mycket mer.<\/p>\n\n\t\t<\/div>\n\t<\/div>\n<\/div><\/div><\/div><\/div><div class=\"vc_row wpb_row vc_row-fluid\"><div class=\"wpb_column vc_column_container vc_col-sm-3\"><div class=\"vc_column-inner\"><div class=\"wpb_wrapper\">\n\t<div  class=\"wpb_single_image wpb_content_element vc_align_left wpb_content_element\">\n\t\t\n\t\t<figure class=\"wpb_wrapper vc_figure\">\n\t\t\t<a href=\"https:\/\/lamp.glopss.com\/aff_c?offer_id=259&#038;aff_id=1834\" target=\"_self\" class=\"vc_single_image-wrapper   vc_box_border_grey\"><img loading=\"lazy\" decoding=\"async\" width=\"150\" height=\"150\" src=\"https:\/\/maldives-paradise.com\/wp-content\/uploads\/2024\/01\/baros-maldives3-150x150.jpg\" class=\"vc_single_image-img attachment-thumbnail\" alt=\"Baros Maldiverna\" title=\"baros-maldiverna3\" \/><\/a>\n\t\t<\/figure>\n\t<\/div>\n<\/div><\/div><\/div><div class=\"wpb_column vc_column_container vc_col-sm-9\"><div class=\"vc_column-inner\"><div class=\"wpb_wrapper\">\n\t<div class=\"wpb_text_column wpb_content_element\" >\n\t\t<div class=\"wpb_wrapper\">\n\t\t\t<h3><a href=\"https:\/\/lamp.glopss.com\/SHUm\" target=\"_blank\" rel=\"nofollow noopener\">Baros Maldiverna<\/a><\/h3>\n<p>En frodig, tropisk \u00f6 som ligger i det skimrande vattnet i en grund lagun, omgiven av ett rev med pulserande marint liv. Bo i elegans i villor skapade av timmer och sandsten, beredda och fridfulla \u00f6ver en genomskinlig lagun, eller diskret inb\u00e4ddad bland exotiska blommor vid stranden. Njut av romantisk avskildhet p\u00e5 den perfekta semestern. K\u00e4rnan i Maldiverna, definierad p\u00e5 Baros.<\/p>\n\n\t\t<\/div>\n\t<\/div>\n<\/div><\/div><\/div><\/div><div class=\"vc_row wpb_row vc_row-fluid\"><div class=\"wpb_column vc_column_container vc_col-sm-3\"><div class=\"vc_column-inner\"><div class=\"wpb_wrapper\">\n\t<div  class=\"wpb_single_image wpb_content_element vc_align_left wpb_content_element\">\n\t\t\n\t\t<figure class=\"wpb_wrapper vc_figure\">\n\t\t\t<a href=\"https:\/\/lamp.glopss.com\/aff_c?offer_id=1354&#038;aff_id=1834&#038;url=https%3A%2F%2Fwww.comohotels.com%2Fmaldives%2Fcomo-cocoa-island%2F\" target=\"_self\" class=\"vc_single_image-wrapper   vc_box_border_grey\"><img loading=\"lazy\" decoding=\"async\" width=\"150\" height=\"150\" src=\"https:\/\/maldives-paradise.com\/wp-content\/uploads\/2024\/01\/como-cocoa-island2-150x150.jpg\" class=\"vc_single_image-img attachment-thumbnail\" alt=\"COMO Kakao\u00f6n\" title=\"como-kakao-\u00f62\" \/><\/a>\n\t\t<\/figure>\n\t<\/div>\n<\/div><\/div><\/div><div class=\"wpb_column vc_column_container vc_col-sm-9\"><div class=\"vc_column-inner\"><div class=\"wpb_wrapper\">\n\t<div class=\"wpb_text_column wpb_content_element\" >\n\t\t<div class=\"wpb_wrapper\">\n\t\t\t<h3><a href=\"https:\/\/lamp.glopss.com\/SHU8\" target=\"_blank\" rel=\"nofollow noopener\">Como Cocoa Island<\/a><\/h3>\n<p>COMO Cocoa Island \u00e4r rankad som en av de b\u00e4sta resorterna f\u00f6r smekm\u00e5nadsresor och ligger bara 40 minuter med motorb\u00e5t fr\u00e5n Mal\u00e9s flygplats och har ett exklusivt urval av endast 33 romantiska vattenvillor och 3 eleganta sviter. Villorna \u00f6ver vattnet har utm\u00e4rkt avskildhet och \u00e4r skapade f\u00f6r att var och en ser ut som en traditionell maldivisk fiskeb\u00e5t, vilket g\u00f6r den till den enda semesterorten i sitt slag. Anl\u00e4ggningen har enast\u00e5ende mat, en underbar bar, dykning och snorkling, ett spa p\u00e5 plats.<\/p>\n\n\t\t<\/div>\n\t<\/div>\n<\/div><\/div><\/div><\/div><div class=\"vc_row wpb_row vc_row-fluid\"><div class=\"wpb_column vc_column_container vc_col-sm-3\"><div class=\"vc_column-inner\"><div class=\"wpb_wrapper\">\n\t<div  class=\"wpb_single_image wpb_content_element vc_align_left wpb_content_element\">\n\t\t\n\t\t<figure class=\"wpb_wrapper vc_figure\">\n\t\t\t<a href=\"https:\/\/lamp.glopss.com\/aff_c?offer_id=264&#038;aff_id=1834&#038;url=https%3A%2F%2Fwww.hurawalhi.com%2F\" target=\"_self\" class=\"vc_single_image-wrapper   vc_box_border_grey\"><img loading=\"lazy\" decoding=\"async\" width=\"150\" height=\"150\" src=\"https:\/\/maldives-paradise.com\/wp-content\/uploads\/2024\/01\/Hurawalhi-Island2-150x150.jpg\" class=\"vc_single_image-img attachment-thumbnail\" alt=\"Hurawalhi Island \u2013 Endast vuxna och All Inclusive Resort\" title=\"Hurawalhi-\u00f6n2\" \/><\/a>\n\t\t<\/figure>\n\t<\/div>\n<\/div><\/div><\/div><div class=\"wpb_column vc_column_container vc_col-sm-9\"><div class=\"vc_column-inner\"><div class=\"wpb_wrapper\">\n\t<div class=\"wpb_text_column wpb_content_element\" >\n\t\t<div class=\"wpb_wrapper\">\n\t\t\t<h3><a href=\"https:\/\/hotellook.tp.st\/6FluoLuO\" target=\"_blank\" rel=\"nofollow noopener\">Hurawalhi Island Resort<\/a><\/h3>\n<p>Ingenting \u00e4r mer romantiskt \u00e4n att njuta av sin partners s\u00e4llskap p\u00e5 Maldivernas sandstr\u00e4nder, sm\u00e4lla i den fantastiska Lhavaiyani-atollen. De <strong>Hurawalhi Island Resort<\/strong> \u00e4r bekant med att skapa en romantisk st\u00e4mning! Denna resort endast f\u00f6r vuxna garanterar ocks\u00e5 att g\u00e4sterna kan njuta av \u00f6n utan stress med sin all inclusive-plan. Med planen kan resen\u00e4rer f\u00e5 tillg\u00e5ng till resortens fitnesscenter och andra sportfaciliteter, buff\u00e9m\u00e5ltider p\u00e5 Canneli Restaurant, obegr\u00e4nsade drycker (exklusive vissa drycker) och One Sunset Dolphin Cruise.<\/p>\n\n\t\t<\/div>\n\t<\/div>\n<\/div><\/div><\/div><\/div><div class=\"vc_row wpb_row vc_row-fluid\"><div class=\"wpb_column vc_column_container vc_col-sm-3\"><div class=\"vc_column-inner\"><div class=\"wpb_wrapper\">\n\t<div  class=\"wpb_single_image wpb_content_element vc_align_left wpb_content_element\">\n\t\t\n\t\t<figure class=\"wpb_wrapper vc_figure\">\n\t\t\t<a href=\"https:\/\/lamp.glopss.com\/aff_c?offer_id=264&#038;aff_id=1834&#038;url=https%3A%2F%2Fkagimaldives.com%2F\" target=\"_self\" class=\"vc_single_image-wrapper   vc_box_border_grey\"><img loading=\"lazy\" decoding=\"async\" width=\"150\" height=\"150\" src=\"https:\/\/maldives-paradise.com\/wp-content\/uploads\/2024\/01\/Kagi-Maldives3-150x150.jpg\" class=\"vc_single_image-img attachment-thumbnail\" alt=\"Kagi Maldives Resort &amp; Spa\" title=\"Kagi-Maldiverna 3\" \/><\/a>\n\t\t<\/figure>\n\t<\/div>\n<\/div><\/div><\/div><div class=\"wpb_column vc_column_container vc_col-sm-9\"><div class=\"vc_column-inner\"><div class=\"wpb_wrapper\">\n\t<div class=\"wpb_text_column wpb_content_element\" >\n\t\t<div class=\"wpb_wrapper\">\n\t\t\t<h3><a href=\"https:\/\/lamp.glopss.com\/SHUk\" target=\"_blank\" rel=\"nofollow noopener\">Kagi Maldives Spa Island<\/a><\/h3>\n<p>Kagi Maldives Spa Island \u00e4r en 5-stj\u00e4rnig boutiqueresort f\u00f6r endast vuxna, den f\u00f6rsta i sitt slag p\u00e5 Maldiverna. Denna exklusiva tillflyktsort f\u00f6r wellness\u00f6 ligger p\u00e5 norra Mal\u00e9-atollen.<br \/>\nDenna resort har fokus p\u00e5 v\u00e4lbefinnande i alla aspekter av denna resort, fr\u00e5n de 50 rymliga, luftiga villorna b\u00e5de \u00f6ver vattnet och p\u00e5 stranden, deras design kombinerar b\u00e5de traditionella och moderna aspekter f\u00f6r att ge g\u00e4sterna total avkoppling i alla delar av resorten . Det finns tv\u00e5 restauranger och tre barer att v\u00e4lja mellan p\u00e5 denna resort, och det finns massor av h\u00e4lsoaktiviteter och faciliteter att uppt\u00e4cka, inklusive ett PADI-dykcenter p\u00e5 plats, Baani Spa-komplex och ett enast\u00e5ende toppmodernt gym .<br \/>\n<strong><span style=\"color: #ff0000;\">B\u00e4sta prisgaranti med direktbokning p\u00e5 detta hotell.<\/span><\/strong><\/p>\n\n\t\t<\/div>\n\t<\/div>\n<\/div><\/div><\/div><\/div><div class=\"vc_row wpb_row vc_row-fluid\"><div class=\"wpb_column vc_column_container vc_col-sm-3\"><div class=\"vc_column-inner\"><div class=\"wpb_wrapper\">\n\t<div  class=\"wpb_single_image wpb_content_element vc_align_left wpb_content_element\">\n\t\t\n\t\t<figure class=\"wpb_wrapper vc_figure\">\n\t\t\t<div class=\"vc_single_image-wrapper   vc_box_border_grey\"><img loading=\"lazy\" decoding=\"async\" width=\"150\" height=\"150\" src=\"https:\/\/maldives-paradise.com\/wp-content\/uploads\/2023\/11\/Ramona-Kandima-_-Lahaina-Lifestyle-1-2-Website-Hero-150x150.jpg\" class=\"vc_single_image-img attachment-thumbnail\" alt=\"Kandima Maldiverna\" title=\"Ramona-Kandima-_-Lahaina-Lifestyle-1-2-Website-Hero.jpg\" \/><\/div>\n\t\t<\/figure>\n\t<\/div>\n<\/div><\/div><\/div><div class=\"wpb_column vc_column_container vc_col-sm-9\"><div class=\"vc_column-inner\"><div class=\"wpb_wrapper\">\n\t<div class=\"wpb_text_column wpb_content_element\" >\n\t\t<div class=\"wpb_wrapper\">\n\t\t\t<h3><a href=\"http:\/\/maldives-paradise.com\/sv\/kandima-maldiverna\/\">Kandima Maldiverna<\/a><\/h3>\n<p>Kandima Maldiverna \u00e4r mycket mer \u00e4n bara en semester. Denna nya destination som f\u00f6r\u00e4ndrar spelet erbjuder en riktigt elegant \u00f6milj\u00f6 med extraordin\u00e4ra restauranger och barer och massor av aktiviteter p\u00e5 plats att v\u00e4lja mellan. H\u00e4r handlar det om genuin g\u00e4stfrihet med en m\u00e4nsklig touch och smarta l\u00f6sningar som tar tillvara p\u00e5 de senaste innovationerna!<\/p>\n\n\t\t<\/div>\n\t<\/div>\n<\/div><\/div><\/div><\/div><div class=\"vc_row wpb_row vc_row-fluid\"><div class=\"wpb_column vc_column_container vc_col-sm-3\"><div class=\"vc_column-inner\"><div class=\"wpb_wrapper\">\n\t<div  class=\"wpb_single_image wpb_content_element vc_align_left wpb_content_element\">\n\t\t\n\t\t<figure class=\"wpb_wrapper vc_figure\">\n\t\t\t<a href=\"https:\/\/lamp.glopss.com\/aff_c?offer_id=264&#038;aff_id=1834&#038;url=https%3A%2F%2Fwww.komandoo.com%2F\" target=\"_self\" class=\"vc_single_image-wrapper   vc_box_border_grey\"><img loading=\"lazy\" decoding=\"async\" width=\"150\" height=\"150\" src=\"https:\/\/maldives-paradise.com\/wp-content\/uploads\/2024\/01\/komandoo3.-150x150.jpg\" class=\"vc_single_image-img attachment-thumbnail\" alt=\"Komandoo Island Resort &amp; Spa\" title=\"Komandoo Infinity Pool\" \/><\/a>\n\t\t<\/figure>\n\t<\/div>\n<\/div><\/div><\/div><div class=\"wpb_column vc_column_container vc_col-sm-9\"><div class=\"vc_column-inner\"><div class=\"wpb_wrapper\">\n\t<div class=\"wpb_text_column wpb_content_element\" >\n\t\t<div class=\"wpb_wrapper\">\n\t\t\t<h3><a href=\"https:\/\/hotellook.tp.st\/m18hEKIZ\" target=\"_blank\" rel=\"nofollow noopener\">Komandoo Island Resort &amp; Spa<\/a><\/h3>\n<p>Komandoo Island Resort &amp; Spa \u00e4r en av Maldivernas h\u00f6gst rankade resorter endast f\u00f6r vuxna. Par kan njuta av varandras s\u00e4llskap p\u00e5 denna prisbel\u00f6nta resort i en intim milj\u00f6 bland sk\u00f6nheten i Lhaviyani Atoll. Resen\u00e4rer kommer ocks\u00e5 att \u00e4lska Komandoos all inclusive-paket. Resortens plus- och guldpaket inkluderar f\u00f6rm\u00e5ner som buff\u00e9m\u00e5ltider under frukost, lunch och middag, bottenl\u00f6sa drycker, tillg\u00e5ng till minibar, fri anv\u00e4ndning av resortens fitnesscenter och utvald rekreationsutrustning.<\/p>\n\n\t\t<\/div>\n\t<\/div>\n<\/div><\/div><\/div><\/div><div class=\"vc_row wpb_row vc_row-fluid\"><div class=\"wpb_column vc_column_container vc_col-sm-3\"><div class=\"vc_column-inner\"><div class=\"wpb_wrapper\">\n\t<div  class=\"wpb_single_image wpb_content_element vc_align_left wpb_content_element\">\n\t\t\n\t\t<figure class=\"wpb_wrapper vc_figure\">\n\t\t\t<a href=\"https:\/\/lamp.glopss.com\/aff_c?offer_id=261&#038;aff_id=1834\" target=\"_self\" class=\"vc_single_image-wrapper   vc_box_border_grey\"><img loading=\"lazy\" decoding=\"async\" width=\"150\" height=\"150\" src=\"https:\/\/maldives-paradise.com\/wp-content\/uploads\/2023\/10\/milaidhoo3-150x150.jpg\" class=\"vc_single_image-img attachment-thumbnail\" alt=\"Milaidhoo Maldiverna\" title=\"milaidhoo3\" \/><\/a>\n\t\t<\/figure>\n\t<\/div>\n<\/div><\/div><\/div><div class=\"wpb_column vc_column_container vc_col-sm-9\"><div class=\"vc_column-inner\"><div class=\"wpb_wrapper\">\n\t<div class=\"wpb_text_column wpb_content_element\" >\n\t\t<div class=\"wpb_wrapper\">\n\t\t\t<h3><a href=\"https:\/\/lamp.glopss.com\/SHUd\" target=\"_blank\" rel=\"nofollow noopener\">Milaidhoo Island Maldiverna<\/a><\/h3>\n<p>Milaidhoo boutique resort omdefinierar lyx och visar stolt upp sina lokala r\u00f6tter. G\u00e4sterna upplever en avslappnad, lyxig barfota\u00f6-livsstil och k\u00e4nner att de h\u00f6r hemma medan de \u00e4r i de naturliga och frodiga omgivningarna p\u00e5 en tropisk \u00f6. Varje romantisk \u00f6nskan kan uppfyllas h\u00e4r: fr\u00e5n att titta p\u00e5 delfiner i solnedg\u00e5ngen till att bes\u00f6ka en \u00f6vergiven sandbank f\u00f6r en privat strandpicknick. Snorkel- och dykturerna genom det f\u00e4rgglada korallrevet direkt framf\u00f6r \u00f6n eller i den ber\u00f6mda Hanifarubukten \u00e4r ocks\u00e5 underbara. P\u00e5 Milaidhoo hittar g\u00e4sterna sitt andra hem i Indiska oceanen: stilfullt, familj\u00e4rt och n\u00e4ra naturen.<\/p>\n\n\t\t<\/div>\n\t<\/div>\n<\/div><\/div><\/div><\/div><div class=\"vc_row wpb_row vc_row-fluid\"><div class=\"wpb_column vc_column_container vc_col-sm-3\"><div class=\"vc_column-inner\"><div class=\"wpb_wrapper\">\n\t<div  class=\"wpb_single_image wpb_content_element vc_align_left wpb_content_element\">\n\t\t\n\t\t<figure class=\"wpb_wrapper vc_figure\">\n\t\t\t<a href=\"https:\/\/lamp.glopss.com\/aff_c?offer_id=1062&#038;aff_id=1834&#038;url=https%3A%2F%2Fwww.coloursofoblu.com%2Foblu-select-lobigili\" target=\"_self\" class=\"vc_single_image-wrapper   vc_box_border_grey\"><img loading=\"lazy\" decoding=\"async\" width=\"150\" height=\"150\" src=\"https:\/\/maldives-paradise.com\/wp-content\/uploads\/2024\/01\/oblu-select-lobigili-150x150.jpg\" class=\"vc_single_image-img attachment-thumbnail\" alt=\"OBLU SELECT Lobigili\" title=\"oblu-select-lobigili\" \/><\/a>\n\t\t<\/figure>\n\t<\/div>\n<\/div><\/div><\/div><div class=\"wpb_column vc_column_container vc_col-sm-9\"><div class=\"vc_column-inner\"><div class=\"wpb_wrapper\">\n\t<div class=\"wpb_text_column wpb_content_element\" >\n\t\t<div class=\"wpb_wrapper\">\n\t\t\t<h3><a href=\"https:\/\/trip.tpo.lv\/dzh7lpnI\" target=\"_blank\" rel=\"nofollow noopener\">OBLU SELECT Lobigili<\/a><\/h3>\n<p>K\u00e4nn dig som en skeppsbruten p\u00e5 Oblu Select Lobigili, en 5-stj\u00e4rnig resort f\u00f6r endast vuxna som ligger inb\u00e4ddat i tropikerna p\u00e5 North Male Atoll. Det \u00e4r l\u00e4tt att njuta av paradiset p\u00e5 denna resort, eftersom det bara \u00e4r n\u00e5gra minuter fr\u00e5n Mal\u00e9s internationella flygplats! Dessutom kan bes\u00f6kare dra nytta av resortens Lobi-plan f\u00f6r att njuta av en rad privilegier. Med planen kan g\u00e4sterna f\u00e5 tillg\u00e5ng till olika matupplevelser, obegr\u00e4nsade best\u00e4llningar av signaturcocktails i Swing Bar och gratis anv\u00e4ndning av vattensportutrustning.<\/p>\n\n\t\t<\/div>\n\t<\/div>\n<\/div><\/div><\/div><\/div><div class=\"vc_row wpb_row vc_row-fluid\"><div class=\"wpb_column vc_column_container vc_col-sm-3\"><div class=\"vc_column-inner\"><div class=\"wpb_wrapper\">\n\t<div  class=\"wpb_single_image wpb_content_element vc_align_left wpb_content_element\">\n\t\t\n\t\t<figure class=\"wpb_wrapper vc_figure\">\n\t\t\t<a href=\"https:\/\/lamp.glopss.com\/aff_c?offer_id=1019&#038;aff_id=1834\" target=\"_self\" class=\"vc_single_image-wrapper   vc_box_border_grey\"><img loading=\"lazy\" decoding=\"async\" width=\"150\" height=\"150\" src=\"https:\/\/maldives-paradise.com\/wp-content\/uploads\/2019\/01\/Nothing-quite-prepares-you-for-a-view-like-this-150x150.jpg\" class=\"vc_single_image-img attachment-thumbnail\" alt=\"You &amp; Me Cocoon Maldiverna\" title=\"Ingenting-ganska-f\u00f6rbereder-dig-f\u00f6r-en-vy-som-det h\u00e4r.jpg\" \/><\/a>\n\t\t<\/figure>\n\t<\/div>\n<\/div><\/div><\/div><div class=\"wpb_column vc_column_container vc_col-sm-9\"><div class=\"vc_column-inner\"><div class=\"wpb_wrapper\">\n\t<div class=\"wpb_text_column wpb_content_element\" >\n\t\t<div class=\"wpb_wrapper\">\n\t\t\t<h3><a href=\"https:\/\/lamp.glopss.com\/aff_c?offer_id=1019&amp;aff_id=1834\" target=\"_blank\" rel=\"nofollow noopener\">You &amp; Me av Cocoon Maldives<\/a><\/h3>\n<p>Resen\u00e4rer kan f\u00e5 en smak av lyx p\u00e5 You &amp; Me Resort Maldives, som inkluderar rustika bungalower \u00f6ver vattnet och en undervattensrestaurang. G\u00e4sterna kan njuta av sin matupplevelse p\u00e5 resorten med flera m\u00e5ltider, fr\u00e5n halvpension till ett all inclusive-alternativ. Med dessa alternativ kan g\u00e4sterna v\u00e4lja var de vill njuta av sin lunch och middag (f\u00f6rutom p\u00e5 H2O Underwater Restaurant), med frukost p\u00e5 resortens huvudmatst\u00e4lle. Sedan 2021 inkluderar resortens &quot;Extreme All-inclusive&quot;-m\u00e5ltid \u00e4ven te- och kaffefaciliteter p\u00e5 rummet, drycker och vatten p\u00e5 flaska samt te eller eftermiddagssnacks.<\/p>\n\n\t\t<\/div>\n\t<\/div>\n<\/div><\/div><\/div><\/div><div class=\"vc_row wpb_row vc_row-fluid\"><div class=\"wpb_column vc_column_container vc_col-sm-12\"><div class=\"vc_column-inner\"><div class=\"wpb_wrapper\">\n\t<div class=\"wpb_text_column wpb_content_element\" >\n\t\t<div class=\"wpb_wrapper\">\n\t\t\t<p><a href=\"http:\/\/maldives-paradise.com\/sv\/marka\/endast-vuxna-resort\/\"><strong>Mer om Adults Only Hotels and Resorts p\u00e5 Maldiverna<\/strong><\/a><\/p>\n<p><strong><a title=\"De 12 b\u00e4sta all inclusive-resorterna endast f\u00f6r vuxna\" href=\"https:\/\/maldives-paradise.com\/sv\/de-12-basta-all-inclusive-resorterna-endast-for-vuxna-pa-maldiverna\/\">De b\u00e4sta all inclusive-resorterna endast f\u00f6r vuxna<\/a><\/strong><\/p>\n\n\t\t<\/div>\n\t<\/div>\n<\/div><\/div><\/div><\/div>\n<\/div>","protected":false},"excerpt":{"rendered":"<div class=\"mh-excerpt\"><\/div>","protected":false},"author":1,"featured_media":9593,"parent":0,"menu_order":0,"comment_status":"closed","ping_status":"closed","template":"","meta":{"footnotes":""},"class_list":["post-8790","page","type-page","status-publish","has-post-thumbnail"],"aioseo_notices":[],"_links":{"self":[{"href":"http:\/\/maldives-paradise.com\/sv\/wp-json\/wp\/v2\/pages\/8790","targetHints":{"allow":["GET"]}}],"collection":[{"href":"http:\/\/maldives-paradise.com\/sv\/wp-json\/wp\/v2\/pages"}],"about":[{"href":"http:\/\/maldives-paradise.com\/sv\/wp-json\/wp\/v2\/types\/page"}],"author":[{"embeddable":true,"href":"http:\/\/maldives-paradise.com\/sv\/wp-json\/wp\/v2\/users\/1"}],"replies":[{"embeddable":true,"href":"http:\/\/maldives-paradise.com\/sv\/wp-json\/wp\/v2\/comments?post=8790"}],"version-history":[{"count":7,"href":"http:\/\/maldives-paradise.com\/sv\/wp-json\/wp\/v2\/pages\/8790\/revisions"}],"predecessor-version":[{"id":45305,"href":"http:\/\/maldives-paradise.com\/sv\/wp-json\/wp\/v2\/pages\/8790\/revisions\/45305"}],"wp:featuredmedia":[{"embeddable":true,"href":"http:\/\/maldives-paradise.com\/sv\/wp-json\/wp\/v2\/media\/9593"}],"wp:attachment":[{"href":"http:\/\/maldives-paradise.com\/sv\/wp-json\/wp\/v2\/media?parent=8790"}],"curies":[{"name":"wp","href":"https:\/\/api.w.org\/{rel}","templated":true}]}}