{"id":8384,"date":"2024-01-07T06:41:38","date_gmt":"2024-01-07T06:41:38","guid":{"rendered":"http:\/\/maldives-paradise.com\/?page_id=8384"},"modified":"2025-02-22T09:15:19","modified_gmt":"2025-02-22T09:15:19","slug":"5-stjarniga-hotellresorter-i-maldiverna-7","status":"publish","type":"page","link":"http:\/\/maldives-paradise.com\/sv\/5-stjarniga-hotellresorter-i-maldiverna-7\/","title":{"rendered":"5-stj\u00e4rniga hotell och resorter i Maldiverna 7"},"content":{"rendered":"<div class=\"wpb-content-wrapper\"><div class=\"vc_row wpb_row vc_row-fluid\"><div class=\"wpb_column vc_column_container vc_col-sm-12\"><div class=\"vc_column-inner\"><div class=\"wpb_wrapper\">\n\t<div class=\"wpb_text_column wpb_content_element\" >\n\t\t<div class=\"wpb_wrapper\">\n\t\t\t<h3>Ett urval av 5-stj\u00e4rniga hotell och resorter p\u00e5 Maldiverna<\/h3>\n<p>Maldiverna \u00e4r k\u00e4nda f\u00f6r sina <strong data-start=\"82\" data-end=\"121\">lyxiga 5-stj\u00e4rniga hotell och resorter<\/strong>, erbjuder enast\u00e5ende <strong data-start=\"145\" data-end=\"191\">elegans, integritet och service i v\u00e4rldsklass<\/strong>. Dessa exklusiva retreater har <strong data-start=\"226\" data-end=\"316\">\u00f6vervattensvillor, infinitypooler, fina restauranger och privata butlertj\u00e4nster<\/strong>. G\u00e4sterna kan njuta <strong data-start=\"335\" data-end=\"354\">VIP-upplevelser<\/strong> som personliga spabehandlingar, middagar under vattnet och privata yachtutflykter.<\/p>\n\n\t\t<\/div>\n\t<\/div>\n<\/div><\/div><\/div><\/div><div class=\"vc_row wpb_row vc_row-fluid\"><div class=\"wpb_column vc_column_container vc_col-sm-3\"><div class=\"vc_column-inner\"><div class=\"wpb_wrapper\">\n\t<div  class=\"wpb_single_image wpb_content_element vc_align_left wpb_content_element\">\n\t\t\n\t\t<figure class=\"wpb_wrapper vc_figure\">\n\t\t\t<a href=\"http:\/\/maldives-paradise.com\/sv\/?page_id=7665\" target=\"_self\" class=\"vc_single_image-wrapper   vc_box_border_grey\"><img loading=\"lazy\" decoding=\"async\" width=\"150\" height=\"150\" src=\"https:\/\/maldives-paradise.com\/wp-content\/uploads\/2024\/01\/taj-exotica2-150x150.jpg\" class=\"vc_single_image-img attachment-thumbnail\" alt=\"Taj Coral Reef Resort &amp; Spa\" title=\"taj-exotica2\" \/><\/a>\n\t\t<\/figure>\n\t<\/div>\n<\/div><\/div><\/div><div class=\"wpb_column vc_column_container vc_col-sm-9\"><div class=\"vc_column-inner\"><div class=\"wpb_wrapper\">\n\t<div class=\"wpb_text_column wpb_content_element\" >\n\t\t<div class=\"wpb_wrapper\">\n\t\t\t<h4><a href=\"http:\/\/maldives-paradise.com\/sv\/?page_id=7665\">Taj Coral Reef Resort &amp; Spa<\/a><\/h4>\n<p>Sk\u00e4m bort dig i kn\u00e4t av lyx kl <strong>Taj Coral Reef Resort<\/strong>, d\u00e4r varje detalj \u00e4r noggrant utformad f\u00f6r att lyfta din Maldiviska flykt. Varva ner i en oas av \u00f6verfl\u00f6d, d\u00e4r Maldivernas sk\u00f6nhet konvergerar med g\u00e4stfrihet i v\u00e4rldsklass f\u00f6r att skapa en upplevelse bortom fantasi. Din resa till paradiset b\u00f6rjar h\u00e4r - reservera din bit av lycka idag.<\/p>\n\n\t\t<\/div>\n\t<\/div>\n<\/div><\/div><\/div><\/div><div class=\"vc_row wpb_row vc_row-fluid\"><div class=\"wpb_column vc_column_container vc_col-sm-3\"><div class=\"vc_column-inner\"><div class=\"wpb_wrapper\">\n\t<div  class=\"wpb_single_image wpb_content_element vc_align_left wpb_content_element\">\n\t\t\n\t\t<figure class=\"wpb_wrapper vc_figure\">\n\t\t\t<a href=\"http:\/\/maldives-paradise.com\/sv\/?page_id=7669\" target=\"_self\" class=\"vc_single_image-wrapper   vc_box_border_grey\"><img loading=\"lazy\" decoding=\"async\" width=\"150\" height=\"150\" src=\"https:\/\/maldives-paradise.com\/wp-content\/uploads\/2024\/01\/taj-exotica3-150x150.jpg\" class=\"vc_single_image-img attachment-thumbnail\" alt=\"Taj Exotica Resort &amp; Spa Maldiverna\" title=\"taj-exotica3\" \/><\/a>\n\t\t<\/figure>\n\t<\/div>\n<\/div><\/div><\/div><div class=\"wpb_column vc_column_container vc_col-sm-9\"><div class=\"vc_column-inner\"><div class=\"wpb_wrapper\">\n\t<div class=\"wpb_text_column wpb_content_element\" >\n\t\t<div class=\"wpb_wrapper\">\n\t\t\t<h4><a href=\"http:\/\/maldives-paradise.com\/sv\/?page_id=7669\">Taj Exotica Resort &amp; Spa Maldiverna<\/a><\/h4>\n<p><strong>Taj Exotica Resort and Spa<\/strong>, Maldiverna \u00e4r en exklusiv, privat och romantisk \u00f6resort med tropiska v\u00e4xter och omgiven av klart bl\u00e5tt vatten. Inb\u00e4ddat p\u00e5 den or\u00f6rda \u00f6n Emboodhu Finolhu, kombinerar denna uts\u00f6kta resort s\u00f6ml\u00f6st hisnande naturlig sk\u00f6nhet med lyx i v\u00e4rldsklass, och erbjuder en o\u00f6vertr\u00e4ffad flykt f\u00f6r kr\u00e4sna resen\u00e4rer.<\/p>\n\n\t\t<\/div>\n\t<\/div>\n<\/div><\/div><\/div><\/div><div class=\"vc_row wpb_row vc_row-fluid\"><div class=\"wpb_column vc_column_container vc_col-sm-3\"><div class=\"vc_column-inner\"><div class=\"wpb_wrapper\">\n\t<div  class=\"wpb_single_image wpb_content_element vc_align_left wpb_content_element\">\n\t\t\n\t\t<figure class=\"wpb_wrapper vc_figure\">\n\t\t\t<a href=\"http:\/\/maldives-paradise.com\/sv\/?page_id=7673\" target=\"_self\" class=\"vc_single_image-wrapper   vc_box_border_grey\"><img loading=\"lazy\" decoding=\"async\" width=\"150\" height=\"150\" src=\"https:\/\/maldives-paradise.com\/wp-content\/uploads\/2024\/01\/Vakkaru-Overwater-Residence2-150x150.jpg\" class=\"vc_single_image-img attachment-thumbnail\" alt=\"Vakuru Maldiverna\" title=\"Vakkaru-Overwater-Residence2\" \/><\/a>\n\t\t<\/figure>\n\t<\/div>\n<\/div><\/div><\/div><div class=\"wpb_column vc_column_container vc_col-sm-9\"><div class=\"vc_column-inner\"><div class=\"wpb_wrapper\">\n\t<div class=\"wpb_text_column wpb_content_element\" >\n\t\t<div class=\"wpb_wrapper\">\n\t\t\t<h4><a href=\"http:\/\/maldives-paradise.com\/sv\/?page_id=7673\">Vakuru Maldiverna<\/a><\/h4>\n<p>Vakkaru Maldives Resort, en 5-stj\u00e4rnig lyxresort p\u00e5 \u00f6n Vakkaru. Det \u00e4r inte bara ett resm\u00e5l; det \u00e4r en transcendent upplevelse som kombinerar o\u00f6vertr\u00e4ffad lyx med Maldivernas naturliga prakt. Fly till en v\u00e4rld d\u00e4r tiden st\u00e5r stilla och varje \u00f6gonblick \u00e4r en hyllning till det extraordin\u00e4ra.<\/p>\n\n\t\t<\/div>\n\t<\/div>\n<\/div><\/div><\/div><\/div><div class=\"vc_row wpb_row vc_row-fluid\"><div class=\"wpb_column vc_column_container vc_col-sm-3\"><div class=\"vc_column-inner\"><div class=\"wpb_wrapper\">\n\t<div  class=\"wpb_single_image wpb_content_element vc_align_left wpb_content_element\">\n\t\t\n\t\t<figure class=\"wpb_wrapper vc_figure\">\n\t\t\t<a href=\"http:\/\/maldives-paradise.com\/sv\/?page_id=7688\" target=\"_self\" class=\"vc_single_image-wrapper   vc_box_border_grey\"><img loading=\"lazy\" decoding=\"async\" width=\"150\" height=\"150\" src=\"https:\/\/maldives-paradise.com\/wp-content\/uploads\/2024\/01\/veela-private-island2-150x150.jpg\" class=\"vc_single_image-img attachment-thumbnail\" alt=\"Velaa Private Island Maldiverna\" title=\"veela-privat-\u00f62\" \/><\/a>\n\t\t<\/figure>\n\t<\/div>\n<\/div><\/div><\/div><div class=\"wpb_column vc_column_container vc_col-sm-9\"><div class=\"vc_column-inner\"><div class=\"wpb_wrapper\">\n\t<div class=\"wpb_text_column wpb_content_element\" >\n\t\t<div class=\"wpb_wrapper\">\n\t\t\t<h4><a href=\"http:\/\/maldives-paradise.com\/sv\/?page_id=7688\">Velaa Private Island Maldiverna<\/a><\/h4>\n<p>Unna dig den ultimata lyxflykten p\u00e5 <strong>Velaa Private Island Maldiverna<\/strong>, d\u00e4r varje \u00f6gonblick \u00e4r skapad till perfektion, och varje detalj \u00e4r ett bevis p\u00e5 g\u00e4stfrihetens konst. Boka din vistelse och uppt\u00e4ck en v\u00e4rld d\u00e4r lyx inte k\u00e4nner n\u00e5gra gr\u00e4nser.<\/p>\n\n\t\t<\/div>\n\t<\/div>\n<\/div><\/div><\/div><\/div><div class=\"vc_row wpb_row vc_row-fluid\"><div class=\"wpb_column vc_column_container vc_col-sm-3\"><div class=\"vc_column-inner\"><div class=\"wpb_wrapper\">\n\t<div  class=\"wpb_single_image wpb_content_element vc_align_left wpb_content_element\">\n\t\t\n\t\t<figure class=\"wpb_wrapper vc_figure\">\n\t\t\t<a href=\"http:\/\/maldives-paradise.com\/sv\/?page_id=7692\" target=\"_self\" class=\"vc_single_image-wrapper   vc_box_border_grey\"><img loading=\"lazy\" decoding=\"async\" width=\"150\" height=\"150\" src=\"https:\/\/maldives-paradise.com\/wp-content\/uploads\/2024\/01\/velassaru-maldives_2-150x150.jpg\" class=\"vc_single_image-img attachment-thumbnail\" alt=\"Velassaru Maldiverna\" title=\"velassaru-maldiverna_2\" \/><\/a>\n\t\t<\/figure>\n\t<\/div>\n<\/div><\/div><\/div><div class=\"wpb_column vc_column_container vc_col-sm-9\"><div class=\"vc_column-inner\"><div class=\"wpb_wrapper\">\n\t<div class=\"wpb_text_column wpb_content_element\" >\n\t\t<div class=\"wpb_wrapper\">\n\t\t\t<h4><a href=\"http:\/\/maldives-paradise.com\/sv\/?page_id=7692\">Velassaru Maldiverna<\/a><\/h4>\n<p>Njut av en avslappnad semester kl <strong>Velassaru Maldiverna<\/strong> resort en idealisk tillflyktsort med lyxigt boende p\u00e5 en privat korall\u00f6. F\u00f6rdjupa dig i lyxens kn\u00e4, d\u00e4r Maldivernas naturliga sk\u00f6nhet sammanstr\u00e5lar med bekv\u00e4mligheter i v\u00e4rldsklass f\u00f6r att skapa en o\u00f6vertr\u00e4ffad flykt i hj\u00e4rtat av Indiska oceanen.<\/p>\n\n\t\t<\/div>\n\t<\/div>\n<\/div><\/div><\/div><\/div><div class=\"vc_row wpb_row vc_row-fluid\"><div class=\"wpb_column vc_column_container vc_col-sm-3\"><div class=\"vc_column-inner\"><div class=\"wpb_wrapper\">\n\t<div  class=\"wpb_single_image wpb_content_element vc_align_left wpb_content_element\">\n\t\t\n\t\t<figure class=\"wpb_wrapper vc_figure\">\n\t\t\t<a href=\"http:\/\/maldives-paradise.com\/sv\/?page_id=7696\" target=\"_self\" class=\"vc_single_image-wrapper   vc_box_border_grey\"><img loading=\"lazy\" decoding=\"async\" width=\"150\" height=\"150\" src=\"https:\/\/maldives-paradise.com\/wp-content\/uploads\/2024\/01\/w-maldives-2-150x150.jpg\" class=\"vc_single_image-img attachment-thumbnail\" alt=\"W Maldiverna\" title=\"w-maldiverna-2\" \/><\/a>\n\t\t<\/figure>\n\t<\/div>\n<\/div><\/div><\/div><div class=\"wpb_column vc_column_container vc_col-sm-9\"><div class=\"vc_column-inner\"><div class=\"wpb_wrapper\">\n\t<div class=\"wpb_text_column wpb_content_element\" >\n\t\t<div class=\"wpb_wrapper\">\n\t\t\t<h4><a href=\"http:\/\/maldives-paradise.com\/sv\/?page_id=7696\">W Maldiverna<\/a><\/h4>\n<p>W Maldiverna \u2013 En 5-stj\u00e4rnig lyxig privat \u00f6resort. Vita sandstr\u00e4nder och turkosa laguner, <strong>W Maldiverna<\/strong> \u00e4r en lyxig privat \u00f6-resort. Du kan utforska \u00f6ns privata rev, koppla av p\u00e5 str\u00e4nderna, snorkla eller ut\u00f6va vattensporter.<\/p>\n\n\t\t<\/div>\n\t<\/div>\n<\/div><\/div><\/div><\/div><div class=\"vc_row wpb_row vc_row-fluid\"><div class=\"wpb_column vc_column_container vc_col-sm-3\"><div class=\"vc_column-inner\"><div class=\"wpb_wrapper\">\n\t<div  class=\"wpb_single_image wpb_content_element vc_align_left wpb_content_element\">\n\t\t\n\t\t<figure class=\"wpb_wrapper vc_figure\">\n\t\t\t<a href=\"http:\/\/maldives-paradise.com\/sv\/?page_id=7700\" target=\"_self\" class=\"vc_single_image-wrapper   vc_box_border_grey\"><img loading=\"lazy\" decoding=\"async\" width=\"150\" height=\"150\" src=\"https:\/\/maldives-paradise.com\/wp-content\/uploads\/2024\/01\/WALDORF-ASTORIA-MALDIVES-2-150x150.jpg\" class=\"vc_single_image-img attachment-thumbnail\" alt=\"Waldorf Astoria Maldiverna Ithaafushi\" title=\"WALDORF-ASTORIA-MALDIVES-2\" srcset=\"https:\/\/maldives-paradise.com\/wp-content\/uploads\/2024\/01\/WALDORF-ASTORIA-MALDIVES-2-150x150.jpg 150w, https:\/\/maldives-paradise.com\/wp-content\/uploads\/2024\/01\/WALDORF-ASTORIA-MALDIVES-2-800x800.jpg 800w\" sizes=\"auto, (max-width: 150px) 100vw, 150px\" \/><\/a>\n\t\t<\/figure>\n\t<\/div>\n<\/div><\/div><\/div><div class=\"wpb_column vc_column_container vc_col-sm-9\"><div class=\"vc_column-inner\"><div class=\"wpb_wrapper\">\n\t<div class=\"wpb_text_column wpb_content_element\" >\n\t\t<div class=\"wpb_wrapper\">\n\t\t\t<h4><a href=\"http:\/\/maldives-paradise.com\/sv\/?page_id=7700\">Waldorf Astoria Maldiverna Ithaafushi<\/a><\/h4>\n<p>Bel\u00e4get i ett tropiskt paradis, str\u00e4cker sig resorten och stranden, rev och \u00f6vervattensvillor \u00f6ver tre \u00f6ar med en m\u00e4ngd lyx och upplevelser. <strong>Waldorf Astoria Maldiverna<\/strong> erbjuder en oas f\u00f6r resen\u00e4rer som vill luta sig tillbaka och koppla av p\u00e5 sin semester i Indiska oceanen.<\/p>\n\n\t\t<\/div>\n\t<\/div>\n<\/div><\/div><\/div><\/div><div class=\"vc_row wpb_row vc_row-fluid\"><div class=\"wpb_column vc_column_container vc_col-sm-3\"><div class=\"vc_column-inner\"><div class=\"wpb_wrapper\">\n\t<div  class=\"wpb_single_image wpb_content_element vc_align_left wpb_content_element\">\n\t\t\n\t\t<figure class=\"wpb_wrapper vc_figure\">\n\t\t\t<a href=\"http:\/\/maldives-paradise.com\/sv\/ritz-carlton-maldiverna\/\" target=\"_self\" class=\"vc_single_image-wrapper   vc_box_border_grey\"><img loading=\"lazy\" decoding=\"async\" width=\"150\" height=\"150\" src=\"https:\/\/maldives-paradise.com\/wp-content\/uploads\/2024\/01\/ritz-carlton-maldives-400x-150x150.jpg\" class=\"vc_single_image-img attachment-thumbnail\" alt=\"Ritz-Carlton Maldiverna\" title=\"ritz-carlton-maldiverna-400x\" \/><\/a>\n\t\t<\/figure>\n\t<\/div>\n<\/div><\/div><\/div><div class=\"wpb_column vc_column_container vc_col-sm-9\"><div class=\"vc_column-inner\"><div class=\"wpb_wrapper\">\n\t<div class=\"wpb_text_column wpb_content_element\" >\n\t\t<div class=\"wpb_wrapper\">\n\t\t\t<h3><a href=\"http:\/\/maldives-paradise.com\/sv\/ritz-carlton-maldiverna\/\">Ritz-Carlton Maldiverna<\/a><\/h3>\n<p>The Ritz-Carlton Maldives ligger inb\u00e4ddat p\u00e5 Fari\u00f6arna, en avskild atoll i norra Mal\u00e9-atollen, och har ett o\u00f6vertr\u00e4ffat l\u00e4ge. Bara en kort b\u00e5tresa fr\u00e5n Mal\u00e9s internationella flygplats, erbjuder detta lyxiga tillflyktsort enkel tillg\u00e5ng till det pulserande marina livet och korallreven som Maldiverna \u00e4r k\u00e4nda f\u00f6r. Resortens milj\u00f6 ger en k\u00e4nsla av exklusivitet och avskildhet, vilket g\u00f6r den perfekt f\u00f6r smekm\u00e5nadsresen\u00e4rer, par och kr\u00e4sna resen\u00e4rer.<\/p>\n\n\t\t<\/div>\n\t<\/div>\n<\/div><\/div><\/div><\/div><div class=\"vc_row wpb_row vc_row-fluid\"><div class=\"wpb_column vc_column_container vc_col-sm-3\"><div class=\"vc_column-inner\"><div class=\"wpb_wrapper\">\n\t<div  class=\"wpb_single_image wpb_content_element vc_align_left wpb_content_element\">\n\t\t\n\t\t<figure class=\"wpb_wrapper vc_figure\">\n\t\t\t<a href=\"http:\/\/maldives-paradise.com\/sv\/adaaran-prestige-vadoo\/\" target=\"_self\" class=\"vc_single_image-wrapper   vc_box_border_grey\"><img loading=\"lazy\" decoding=\"async\" width=\"150\" height=\"150\" src=\"https:\/\/maldives-paradise.com\/wp-content\/uploads\/2024\/01\/adaaran-prestige-vadoo-maldives-150x150.jpg\" class=\"vc_single_image-img attachment-thumbnail\" alt=\"Adaaran Prestige Vadoo\" title=\"adaaran-prestige-vadoo-maldiverna\" \/><\/a>\n\t\t<\/figure>\n\t<\/div>\n<\/div><\/div><\/div><div class=\"wpb_column vc_column_container vc_col-sm-9\"><div class=\"vc_column-inner\"><div class=\"wpb_wrapper\">\n\t<div class=\"wpb_text_column wpb_content_element\" >\n\t\t<div class=\"wpb_wrapper\">\n\t\t\t<h3><a href=\"http:\/\/maldives-paradise.com\/sv\/adaaran-prestige-vadoo\/\">Adaaran Prestige Vadoo<\/a><\/h3>\n<p>Dr\u00f6mmer du om en tropisk tillflyktsort som erbjuder inte bara hisnande naturlig sk\u00f6nhet utan ocks\u00e5 symbolen f\u00f6r lyx och avkoppling? Leta inte l\u00e4ngre \u00e4n <strong>Adaaran Prestige Vadoo<\/strong>, en lyxig oas inb\u00e4ddad i hj\u00e4rtat av Maldiverna. Denna exklusiva resort utlovar en of\u00f6rgl\u00f6mlig upplevelse, och n\u00e5gra av dess toppegenskaper som g\u00f6r den till den perfekta destinationen f\u00f6r din n\u00e4sta semester.<\/p>\n\n\t\t<\/div>\n\t<\/div>\n<\/div><\/div><\/div><\/div><div class=\"vc_row wpb_row vc_row-fluid\"><div class=\"wpb_column vc_column_container vc_col-sm-3\"><div class=\"vc_column-inner\"><div class=\"wpb_wrapper\">\n\t<div  class=\"wpb_single_image wpb_content_element vc_align_left wpb_content_element\">\n\t\t\n\t\t<figure class=\"wpb_wrapper vc_figure\">\n\t\t\t<a href=\"http:\/\/maldives-paradise.com\/sv\/adaaran-prestige-vattenvillor\/\" target=\"_self\" class=\"vc_single_image-wrapper   vc_box_border_grey\"><img loading=\"lazy\" decoding=\"async\" width=\"150\" height=\"150\" src=\"https:\/\/maldives-paradise.com\/wp-content\/uploads\/2024\/01\/Adaaran-Prestige-Water-Villas-5-1-150x150.jpg\" class=\"vc_single_image-img attachment-thumbnail\" alt=\"Adaaran Prestige Water Villas\" title=\"Adaaran-Prestige-Vatten-Villas-5\" \/><\/a>\n\t\t<\/figure>\n\t<\/div>\n<\/div><\/div><\/div><div class=\"wpb_column vc_column_container vc_col-sm-9\"><div class=\"vc_column-inner\"><div class=\"wpb_wrapper\">\n\t<div class=\"wpb_text_column wpb_content_element\" >\n\t\t<div class=\"wpb_wrapper\">\n\t\t\t<h3><a href=\"http:\/\/maldives-paradise.com\/sv\/adaaran-prestige-vattenvillor\/\">Adaaran Prestige Water Villas<\/a><\/h3>\n<p>Letar du efter den ultimata tropiska semestern som kombinerar lyx, lugn och fantastisk natur? Se inte l\u00e4ngre \u00e4n till <strong>Adaaran Prestige Water Villas<\/strong> p\u00e5 Maldiverna. Denna 5-stj\u00e4rniga lyxresort med all inclusive \u00e4r ett paradis p\u00e5 jorden, och erbjuder en of\u00f6rgl\u00f6mlig upplevelse som kommer att l\u00e4mna dig f\u00f6ryngrad och imponerad. L\u00e5t oss dyka in i de b\u00e4sta funktionerna som g\u00f6r denna resort till en dr\u00f6mdestination.<\/p>\n\n\t\t<\/div>\n\t<\/div>\n<\/div><\/div><\/div><\/div><div class=\"vc_row wpb_row vc_row-fluid\"><div class=\"wpb_column vc_column_container vc_col-sm-3\"><div class=\"vc_column-inner\"><div class=\"wpb_wrapper\">\n\t<div  class=\"wpb_single_image wpb_content_element vc_align_left wpb_content_element\">\n\t\t\n\t\t<figure class=\"wpb_wrapper vc_figure\">\n\t\t\t<a href=\"http:\/\/maldives-paradise.com\/sv\/patina-maldiverna\/\" target=\"_self\" class=\"vc_single_image-wrapper   vc_box_border_grey\"><img loading=\"lazy\" decoding=\"async\" width=\"150\" height=\"150\" src=\"https:\/\/maldives-paradise.com\/wp-content\/uploads\/2024\/02\/PatinaMaldives5-400-150x150.jpg\" class=\"vc_single_image-img attachment-thumbnail\" alt=\"Patina Maldiverna\" title=\"Patina+Maldiverna5-400\" \/><\/a>\n\t\t<\/figure>\n\t<\/div>\n<\/div><\/div><\/div><div class=\"wpb_column vc_column_container vc_col-sm-9\"><div class=\"vc_column-inner\"><div class=\"wpb_wrapper\">\n\t<div class=\"wpb_text_column wpb_content_element\" >\n\t\t<div class=\"wpb_wrapper\">\n\t\t\t<h4><a href=\"http:\/\/maldives-paradise.com\/sv\/patina-maldiverna\/\">Patina Maldiverna<\/a><\/h4>\n<p>Patina Maldives \u00e4r en prisbel\u00f6nt p\u00e4rla som erbjuder kr\u00e4sna resen\u00e4rer en lyxig flykt till paradiset. Med sina fantastiska \u00f6vervattensvillor, uts\u00f6kta matupplevelser, bekv\u00e4mligheter i v\u00e4rldsklass och engagemang f\u00f6r h\u00e5llbarhet, lovar resorten en of\u00f6rgl\u00f6mlig tillflyktsort i en av v\u00e4rldens mest hisnande destinationer.<\/p>\n\n\t\t<\/div>\n\t<\/div>\n<\/div><\/div><\/div><\/div><div class=\"vc_row wpb_row vc_row-fluid\"><div class=\"wpb_column vc_column_container vc_col-sm-3\"><div class=\"vc_column-inner\"><div class=\"wpb_wrapper\">\n\t<div  class=\"wpb_single_image wpb_content_element vc_align_left wpb_content_element\">\n\t\t\n\t\t<figure class=\"wpb_wrapper vc_figure\">\n\t\t\t<a href=\"http:\/\/maldives-paradise.com\/sv\/kandima-maldiverna\/\" target=\"_self\" class=\"vc_single_image-wrapper   vc_box_border_grey\"><img loading=\"lazy\" decoding=\"async\" width=\"150\" height=\"150\" src=\"https:\/\/maldives-paradise.com\/wp-content\/uploads\/2024\/02\/kandima-maldives400-150x150.jpg\" class=\"vc_single_image-img attachment-thumbnail\" alt=\"Kandima Maldiverna\" title=\"Kandima Maldives fotogalleri\" \/><\/a>\n\t\t<\/figure>\n\t<\/div>\n<\/div><\/div><\/div><div class=\"wpb_column vc_column_container vc_col-sm-9\"><div class=\"vc_column-inner\"><div class=\"wpb_wrapper\">\n\t<div class=\"wpb_text_column wpb_content_element\" >\n\t\t<div class=\"wpb_wrapper\">\n\t\t\t<h4><a href=\"http:\/\/maldives-paradise.com\/sv\/kandima-maldiverna\/\">Kandima Maldiverna<\/a><\/h4>\n<p>Kandima Maldives \u00e4r en p\u00e5kostad all-inclusive-resort som utlovar en of\u00f6rgl\u00f6mlig flykt till paradiset. Bel\u00e4get p\u00e5 den lummiga tropiska \u00f6n Dhaalu Atoll, <strong>Kandima Maldiverna<\/strong> erbjuder kr\u00e4sna resen\u00e4rer en perfekt blandning av lyx, \u00e4ventyr och avkoppling.<\/p>\n\n\t\t<\/div>\n\t<\/div>\n<\/div><\/div><\/div><\/div><div class=\"vc_row wpb_row vc_row-fluid\"><div class=\"wpb_column vc_column_container vc_col-sm-12\"><div class=\"vc_column-inner\"><div class=\"wpb_wrapper\">\n\t<div class=\"wpb_text_column wpb_content_element\" >\n\t\t<div class=\"wpb_wrapper\">\n\t\t\t<h3>5-stj\u00e4rniga hotell och resorter i Maldiverna\u00a0 <a href=\"http:\/\/maldives-paradise.com\/sv\/?page_id=4124\">Sida 1<\/a> <a href=\"http:\/\/maldives-paradise.com\/sv\/?page_id=7968\">Sida 2<\/a> \u00a0 <a href=\"http:\/\/maldives-paradise.com\/sv\/?page_id=7996\">Sida 3<\/a>\u00a0 <a href=\"http:\/\/maldives-paradise.com\/sv\/?page_id=8053\">Sida 4<\/a>\u00a0 <a href=\"http:\/\/maldives-paradise.com\/sv\/?page_id=8128\">Sida 5<\/a>\u00a0\u00a0 <a href=\"http:\/\/maldives-paradise.com\/sv\/?page_id=8170\">Sida 6<\/a> \u00a0<a href=\"http:\/\/maldives-paradise.com\/sv\/5-stjarniga-hotellresorter-i-maldiverna-8\/\">Sida 8<\/a>\u00a0\u00a0<a href=\"https:\/\/maldives-paradise.com\/sv\/5-stjarniga-hotellresorter-i-maldiverna-9\/\">Sida 9<\/a><\/h3>\n\n\t\t<\/div>\n\t<\/div>\n<\/div><\/div><\/div><\/div>\n<\/div>","protected":false},"excerpt":{"rendered":"<div class=\"mh-excerpt\"><\/div>","protected":false},"author":1,"featured_media":8400,"parent":0,"menu_order":0,"comment_status":"closed","ping_status":"closed","template":"","meta":{"footnotes":""},"class_list":["post-8384","page","type-page","status-publish","has-post-thumbnail"],"aioseo_notices":[],"_links":{"self":[{"href":"http:\/\/maldives-paradise.com\/sv\/wp-json\/wp\/v2\/pages\/8384","targetHints":{"allow":["GET"]}}],"collection":[{"href":"http:\/\/maldives-paradise.com\/sv\/wp-json\/wp\/v2\/pages"}],"about":[{"href":"http:\/\/maldives-paradise.com\/sv\/wp-json\/wp\/v2\/types\/page"}],"author":[{"embeddable":true,"href":"http:\/\/maldives-paradise.com\/sv\/wp-json\/wp\/v2\/users\/1"}],"replies":[{"embeddable":true,"href":"http:\/\/maldives-paradise.com\/sv\/wp-json\/wp\/v2\/comments?post=8384"}],"version-history":[{"count":6,"href":"http:\/\/maldives-paradise.com\/sv\/wp-json\/wp\/v2\/pages\/8384\/revisions"}],"predecessor-version":[{"id":34302,"href":"http:\/\/maldives-paradise.com\/sv\/wp-json\/wp\/v2\/pages\/8384\/revisions\/34302"}],"wp:featuredmedia":[{"embeddable":true,"href":"http:\/\/maldives-paradise.com\/sv\/wp-json\/wp\/v2\/media\/8400"}],"wp:attachment":[{"href":"http:\/\/maldives-paradise.com\/sv\/wp-json\/wp\/v2\/media?parent=8384"}],"curies":[{"name":"wp","href":"https:\/\/api.w.org\/{rel}","templated":true}]}}