{"id":8170,"date":"2024-01-04T18:43:08","date_gmt":"2024-01-04T18:43:08","guid":{"rendered":"http:\/\/maldives-paradise.com\/?page_id=8170"},"modified":"2025-02-22T09:14:03","modified_gmt":"2025-02-22T09:14:03","slug":"5-stjarniga-hotellresorter-i-maldiverna-6","status":"publish","type":"page","link":"http:\/\/maldives-paradise.com\/sv\/5-stjarniga-hotellresorter-i-maldiverna-6\/","title":{"rendered":"5-stj\u00e4rniga hotell och resorter i Maldiverna 6"},"content":{"rendered":"<div class=\"wpb-content-wrapper\"><div class=\"vc_row wpb_row vc_row-fluid\"><div class=\"wpb_column vc_column_container vc_col-sm-12\"><div class=\"vc_column-inner\"><div class=\"wpb_wrapper\">\n\t<div class=\"wpb_text_column wpb_content_element\" >\n\t\t<div class=\"wpb_wrapper\">\n\t\t\t<h3>Ett urval av de b\u00e4sta 5-stj\u00e4rniga hotellen och resorterna p\u00e5 Maldiverna<\/h3>\n<p>Maldiverna \u00e4r k\u00e4nda f\u00f6r sina <strong data-start=\"82\" data-end=\"121\">lyxiga 5-stj\u00e4rniga hotell och resorter<\/strong>, erbjuder enast\u00e5ende <strong data-start=\"145\" data-end=\"191\">elegans, integritet och service i v\u00e4rldsklass<\/strong>. Dessa exklusiva retreater har <strong data-start=\"226\" data-end=\"316\">\u00f6vervattensvillor, infinitypooler, fina restauranger och privata butlertj\u00e4nster<\/strong>. G\u00e4sterna kan njuta <strong data-start=\"335\" data-end=\"354\">VIP-upplevelser<\/strong> s\u00e5som <strong data-start=\"363\" data-end=\"443\">personliga spabehandlingar, undervattensmiddagar och privata yachtutflykter<\/strong>Med <strong data-start=\"450\" data-end=\"522\">fantastisk havsutsikt, vita sandstr\u00e4nder och kristallklara laguner<\/strong>, <strong data-start=\"524\" data-end=\"558\">5-stj\u00e4rniga resorter p\u00e5 Maldiverna<\/strong> omdefiniera tropisk lyx, vilket g\u00f6r dem till den perfekta destinationen f\u00f6r <strong data-start=\"625\" data-end=\"677\">smekm\u00e5nadsresen\u00e4rer, familjer och kr\u00e4sna resen\u00e4rer<\/strong> s\u00f6ker en of\u00f6rgl\u00f6mlig tillflyktsort.<\/p>\n\n\t\t<\/div>\n\t<\/div>\n<\/div><\/div><\/div><\/div><div class=\"vc_row wpb_row vc_row-fluid\"><div class=\"wpb_column vc_column_container vc_col-sm-3\"><div class=\"vc_column-inner\"><div class=\"wpb_wrapper\">\n\t<div  class=\"wpb_single_image wpb_content_element vc_align_left wpb_content_element\">\n\t\t\n\t\t<figure class=\"wpb_wrapper vc_figure\">\n\t\t\t<a href=\"http:\/\/maldives-paradise.com\/sv\/?page_id=7604\" target=\"_self\" class=\"vc_single_image-wrapper   vc_box_border_grey\"><img loading=\"lazy\" decoding=\"async\" width=\"150\" height=\"150\" src=\"https:\/\/maldives-paradise.com\/wp-content\/uploads\/2024\/01\/park-hyatt-maldives-hadahaa2-150x150.jpg\" class=\"vc_single_image-img attachment-thumbnail\" alt=\"Park Hyatt Maldives Hadahaa\" title=\"park-hyatt-maldiverna-hadahaa2\" \/><\/a>\n\t\t<\/figure>\n\t<\/div>\n<\/div><\/div><\/div><div class=\"wpb_column vc_column_container vc_col-sm-9\"><div class=\"vc_column-inner\"><div class=\"wpb_wrapper\">\n\t<div class=\"wpb_text_column wpb_content_element\" >\n\t\t<div class=\"wpb_wrapper\">\n\t\t\t<h4><a href=\"http:\/\/maldives-paradise.com\/sv\/?page_id=7604\">Park Hyatt Maldives Hadahaa<\/a><\/h4>\n<p><strong>Park Hyatt Maldives Hadahaa<\/strong> med <strong>all inclusive<\/strong> paket f\u00f6r en barfotaupplevelse. Oavsett om du s\u00f6ker \u00e4ventyr, avkoppling eller en romantisk semester, utlovar denna exklusiva resort en o\u00f6vertr\u00e4ffad upplevelse som kommer att finnas kvar i dina minnen hela livet.<\/p>\n\n\t\t<\/div>\n\t<\/div>\n<\/div><\/div><\/div><\/div><div class=\"vc_row wpb_row vc_row-fluid\"><div class=\"wpb_column vc_column_container vc_col-sm-3\"><div class=\"vc_column-inner\"><div class=\"wpb_wrapper\">\n\t<div  class=\"wpb_single_image wpb_content_element vc_align_left wpb_content_element\">\n\t\t\n\t\t<figure class=\"wpb_wrapper vc_figure\">\n\t\t\t<a href=\"http:\/\/maldives-paradise.com\/sv\/?page_id=7608\" target=\"_self\" class=\"vc_single_image-wrapper   vc_box_border_grey\"><img loading=\"lazy\" decoding=\"async\" width=\"150\" height=\"150\" src=\"https:\/\/maldives-paradise.com\/wp-content\/uploads\/2024\/01\/raffles-maldives-meradhoo2-150x150.jpg\" class=\"vc_single_image-img attachment-thumbnail\" alt=\"Raffles Maldives Meradhoo Resort\" title=\"tombola-maldiverna-meradhoo2\" \/><\/a>\n\t\t<\/figure>\n\t<\/div>\n<\/div><\/div><\/div><div class=\"wpb_column vc_column_container vc_col-sm-9\"><div class=\"vc_column-inner\"><div class=\"wpb_wrapper\">\n\t<div class=\"wpb_text_column wpb_content_element\" >\n\t\t<div class=\"wpb_wrapper\">\n\t\t\t<h4><a href=\"http:\/\/maldives-paradise.com\/sv\/?page_id=7608\">Raffles Maldives Meradhoo Resort<\/a><\/h4>\n<p><strong>Raffles Maldives Meradhoo Luxury Resort<\/strong> erbjuder en samling strand- och \u00f6vervattensvillor som lovar o\u00f6vertr\u00e4ffad integritet i kombination med fantastisk service av resortens 24-timmars butlers. F\u00f6r en romantisk semester \u00e4r det f\u00e5 platser som f\u00e5ngar fantasin p\u00e5 det s\u00e4tt som Maldiverna g\u00f6r.<\/p>\n\n\t\t<\/div>\n\t<\/div>\n<\/div><\/div><\/div><\/div><div class=\"vc_row wpb_row vc_row-fluid\"><div class=\"wpb_column vc_column_container vc_col-sm-3\"><div class=\"vc_column-inner\"><div class=\"wpb_wrapper\">\n\t<div  class=\"wpb_single_image wpb_content_element vc_align_left wpb_content_element\">\n\t\t\n\t\t<figure class=\"wpb_wrapper vc_figure\">\n\t\t\t<a href=\"http:\/\/maldives-paradise.com\/sv\/?page_id=7612\" target=\"_self\" class=\"vc_single_image-wrapper   vc_box_border_grey\"><img loading=\"lazy\" decoding=\"async\" width=\"150\" height=\"150\" src=\"https:\/\/maldives-paradise.com\/wp-content\/uploads\/2024\/01\/saii-lagoon2-150x150.jpg\" class=\"vc_single_image-img attachment-thumbnail\" alt=\"SAii Lagoon Maldives, Curio Collection By Hilton\" title=\"saii-lagun2\" \/><\/a>\n\t\t<\/figure>\n\t<\/div>\n<\/div><\/div><\/div><div class=\"wpb_column vc_column_container vc_col-sm-9\"><div class=\"vc_column-inner\"><div class=\"wpb_wrapper\">\n\t<div class=\"wpb_text_column wpb_content_element\" >\n\t\t<div class=\"wpb_wrapper\">\n\t\t\t<h4><a href=\"http:\/\/maldives-paradise.com\/sv\/?page_id=7612\">SAii Lagoon Maldives, Curio Collection By Hilton<\/a><\/h4>\n<p>Fly till en v\u00e4rld av o\u00f6vertr\u00e4ffad lyx och tropisk lycka p\u00e5 <strong>SAii Lagoon Maldiverna<\/strong>, Curio Collection By Hilton. Inb\u00e4ddat i hj\u00e4rtat av Maldiverna, lockar denna exklusiva resort dig att uppleva en bit av himlen p\u00e5 jorden. Med sin hisnande naturliga sk\u00f6nhet och en m\u00e4ngd bekv\u00e4mligheter i v\u00e4rldsklass utlovar SAii Lagoon Maldives en of\u00f6rgl\u00f6mlig flykt.<\/p>\n\n\t\t<\/div>\n\t<\/div>\n<\/div><\/div><\/div><\/div><div class=\"vc_row wpb_row vc_row-fluid\"><div class=\"wpb_column vc_column_container vc_col-sm-3\"><div class=\"vc_column-inner\"><div class=\"wpb_wrapper\">\n\t<div  class=\"wpb_single_image wpb_content_element vc_align_left wpb_content_element\">\n\t\t\n\t\t<figure class=\"wpb_wrapper vc_figure\">\n\t\t\t<a href=\"http:\/\/maldives-paradise.com\/sv\/?page_id=7616\" target=\"_self\" class=\"vc_single_image-wrapper   vc_box_border_grey\"><img loading=\"lazy\" decoding=\"async\" width=\"150\" height=\"150\" src=\"https:\/\/maldives-paradise.com\/wp-content\/uploads\/2024\/01\/shangri-la2-150x150.jpg\" class=\"vc_single_image-img attachment-thumbnail\" alt=\"Sheraton Maldives Full Moon Resort &amp; Spa\" title=\"shangri-la2\" \/><\/a>\n\t\t<\/figure>\n\t<\/div>\n<\/div><\/div><\/div><div class=\"wpb_column vc_column_container vc_col-sm-9\"><div class=\"vc_column-inner\"><div class=\"wpb_wrapper\">\n\t<div class=\"wpb_text_column wpb_content_element\" >\n\t\t<div class=\"wpb_wrapper\">\n\t\t\t<h4><a href=\"http:\/\/maldives-paradise.com\/sv\/?page_id=7616\">Sheraton Maldives Full Moon Resort &amp; Spa<\/a><\/h4>\n<p>H\u00f6j din semesterupplevelse p\u00e5 <strong>Sheraton Maldives Full Moon Resort &amp; Spa<\/strong>, d\u00e4r lyxen inte k\u00e4nner n\u00e5gra gr\u00e4nser. F\u00f6rdjupa dig i Maldivernas sk\u00f6nhet, njut av mat i v\u00e4rldsklass och skapa omhuldade minnen som varar livet ut. Boka din flykt till paradiset idag.<\/p>\n\n\t\t<\/div>\n\t<\/div>\n<\/div><\/div><\/div><\/div><div class=\"vc_row wpb_row vc_row-fluid\"><div class=\"wpb_column vc_column_container vc_col-sm-3\"><div class=\"vc_column-inner\"><div class=\"wpb_wrapper\">\n\t<div  class=\"wpb_single_image wpb_content_element vc_align_left wpb_content_element\">\n\t\t\n\t\t<figure class=\"wpb_wrapper vc_figure\">\n\t\t\t<a href=\"http:\/\/maldives-paradise.com\/sv\/?page_id=7622\" target=\"_self\" class=\"vc_single_image-wrapper   vc_box_border_grey\"><img loading=\"lazy\" decoding=\"async\" width=\"150\" height=\"150\" src=\"https:\/\/maldives-paradise.com\/wp-content\/uploads\/2024\/01\/six-senses-kanahura2-150x150.jpg\" class=\"vc_single_image-img attachment-thumbnail\" alt=\"Sex sinnen Kanuhura\" title=\"sex-sinnen-kanahura2\" \/><\/a>\n\t\t<\/figure>\n\t<\/div>\n<\/div><\/div><\/div><div class=\"wpb_column vc_column_container vc_col-sm-9\"><div class=\"vc_column-inner\"><div class=\"wpb_wrapper\">\n\t<div class=\"wpb_text_column wpb_content_element\" >\n\t\t<div class=\"wpb_wrapper\">\n\t\t\t<h4><a href=\"http:\/\/maldives-paradise.com\/sv\/?page_id=7622\">Sex sinnen Kanuhura<\/a><\/h4>\n<p>Six Senses Kanuhura \u00e4r en semesterort p\u00e5 Maldiverna och erbjuder villor vid stranden och \u00f6ver vattnet med en tropisk \u00f6k\u00e4nsla. Med sina bekv\u00e4mligheter i v\u00e4rldsklass, orubbliga engagemang f\u00f6r h\u00e5llbarhet och ett engagemang f\u00f6r personlig service, st\u00e5r denna lyxresort som ett bevis p\u00e5 \u00f6verseendets konst i hj\u00e4rtat av paradiset.<\/p>\n\n\t\t<\/div>\n\t<\/div>\n<\/div><\/div><\/div><\/div><div class=\"vc_row wpb_row vc_row-fluid\"><div class=\"wpb_column vc_column_container vc_col-sm-3\"><div class=\"vc_column-inner\"><div class=\"wpb_wrapper\">\n\t<div  class=\"wpb_single_image wpb_content_element vc_align_left wpb_content_element\">\n\t\t\n\t\t<figure class=\"wpb_wrapper vc_figure\">\n\t\t\t<a href=\"http:\/\/maldives-paradise.com\/sv\/?page_id=7626\" target=\"_self\" class=\"vc_single_image-wrapper   vc_box_border_grey\"><img loading=\"lazy\" decoding=\"async\" width=\"150\" height=\"150\" src=\"https:\/\/maldives-paradise.com\/wp-content\/uploads\/2024\/01\/six-senses-lamuu2-150x150.jpeg\" class=\"vc_single_image-img attachment-thumbnail\" alt=\"Sex sinnen Laamu\" title=\"sex-sinnen-lamuu2\" \/><\/a>\n\t\t<\/figure>\n\t<\/div>\n<\/div><\/div><\/div><div class=\"wpb_column vc_column_container vc_col-sm-9\"><div class=\"vc_column-inner\"><div class=\"wpb_wrapper\">\n\t<div class=\"wpb_text_column wpb_content_element\" >\n\t\t<div class=\"wpb_wrapper\">\n\t\t\t<h4><a href=\"http:\/\/maldives-paradise.com\/sv\/?page_id=7626\">Sex sinnen Laamu<\/a><\/h4>\n<p>Six Senses Laamu st\u00e5r som ett bevis p\u00e5 \u00f6verfl\u00f6d och lugn, och erbjuder en o\u00f6vertr\u00e4ffad flykt till ett tropiskt paradis. Denna lyxiga resort, bel\u00e4gen p\u00e5 Maldiverna, \u00e4r en fristad f\u00f6r dem som s\u00f6ker en of\u00f6rgl\u00f6mlig tillflyktsort p\u00e5 en av v\u00e4rldens mest hisnande platser. L\u00e5t oss utforska de b\u00e4sta funktionerna som g\u00f6r <strong>Sex sinnen Laamu<\/strong> ett dr\u00f6mm\u00e5l.<\/p>\n\n\t\t<\/div>\n\t<\/div>\n<\/div><\/div><\/div><\/div><div class=\"vc_row wpb_row vc_row-fluid\"><div class=\"wpb_column vc_column_container vc_col-sm-3\"><div class=\"vc_column-inner\"><div class=\"wpb_wrapper\">\n\t<div  class=\"wpb_single_image wpb_content_element vc_align_left wpb_content_element\">\n\t\t\n\t\t<figure class=\"wpb_wrapper vc_figure\">\n\t\t\t<a href=\"http:\/\/maldives-paradise.com\/sv\/?page_id=7639\" target=\"_self\" class=\"vc_single_image-wrapper   vc_box_border_grey\"><img loading=\"lazy\" decoding=\"async\" width=\"150\" height=\"150\" src=\"https:\/\/maldives-paradise.com\/wp-content\/uploads\/2024\/01\/soneva-fushi2-150x150.jpg\" class=\"vc_single_image-img attachment-thumbnail\" alt=\"Soneva Fushi\" title=\"soneva-fushi2\" \/><\/a>\n\t\t<\/figure>\n\t<\/div>\n<\/div><\/div><\/div><div class=\"wpb_column vc_column_container vc_col-sm-9\"><div class=\"vc_column-inner\"><div class=\"wpb_wrapper\">\n\t<div class=\"wpb_text_column wpb_content_element\" >\n\t\t<div class=\"wpb_wrapper\">\n\t\t\t<h4><a href=\"http:\/\/maldives-paradise.com\/sv\/?page_id=7639\">Soneva Fushi<\/a><\/h4>\n<p>Soneva Fushi \u00e4r en v\u00e4rldsber\u00f6md 5-stj\u00e4rnig Luxury Island Resort p\u00e5 Maldiverna. Det ligger som en lyxresort p\u00e5 en vacker \u00f6 p\u00e5 Maldiverna, med vita sandstr\u00e4nder, kristallklart vatten och upplevelser som \u00e4r en g\u00e5ng i livet. \u00d6n Baa Atoll erbjuder lyxig, milj\u00f6v\u00e4nlig design och autentiska maldiviska upplevelser.<\/p>\n\n\t\t<\/div>\n\t<\/div>\n<\/div><\/div><\/div><\/div><div class=\"vc_row wpb_row vc_row-fluid\"><div class=\"wpb_column vc_column_container vc_col-sm-3\"><div class=\"vc_column-inner\"><div class=\"wpb_wrapper\">\n\t<div  class=\"wpb_single_image wpb_content_element vc_align_left wpb_content_element\">\n\t\t\n\t\t<figure class=\"wpb_wrapper vc_figure\">\n\t\t\t<a href=\"http:\/\/maldives-paradise.com\/sv\/?page_id=7643\" target=\"_self\" class=\"vc_single_image-wrapper   vc_box_border_grey\"><img loading=\"lazy\" decoding=\"async\" width=\"150\" height=\"150\" src=\"https:\/\/maldives-paradise.com\/wp-content\/uploads\/2024\/01\/soneva-jani2-150x150.jpg\" class=\"vc_single_image-img attachment-thumbnail\" alt=\"Soneva Jani\" title=\"soneva-jani2\" \/><\/a>\n\t\t<\/figure>\n\t<\/div>\n<\/div><\/div><\/div><div class=\"wpb_column vc_column_container vc_col-sm-9\"><div class=\"vc_column-inner\"><div class=\"wpb_wrapper\">\n\t<div class=\"wpb_text_column wpb_content_element\" >\n\t\t<div class=\"wpb_wrapper\">\n\t\t\t<h4><a href=\"http:\/\/maldives-paradise.com\/sv\/?page_id=7643\">Soneva Jani<\/a><\/h4>\n<p><strong>Soneva Jani<\/strong> \u00e4r en 5-stj\u00e4rnig lyxresort \u00f6ver vattnet som ligger i en 5,6 kilometer l\u00e5ng kristallklar lagun i Noonu-atollen p\u00e5 Maldiverna. Byggt runt en lagun med havsutsikt, vita str\u00e4nder och tropisk gr\u00f6nska. Delfinkryssningar, dykning, familjeupplevelser och restauranger med Michelinstj\u00e4rnor.<\/p>\n\n\t\t<\/div>\n\t<\/div>\n<\/div><\/div><\/div><\/div><div class=\"vc_row wpb_row vc_row-fluid\"><div class=\"wpb_column vc_column_container vc_col-sm-3\"><div class=\"vc_column-inner\"><div class=\"wpb_wrapper\">\n\t<div  class=\"wpb_single_image wpb_content_element vc_align_left wpb_content_element\">\n\t\t\n\t\t<figure class=\"wpb_wrapper vc_figure\">\n\t\t\t<a href=\"http:\/\/maldives-paradise.com\/sv\/?page_id=7647\" target=\"_self\" class=\"vc_single_image-wrapper   vc_box_border_grey\"><img loading=\"lazy\" decoding=\"async\" width=\"150\" height=\"150\" src=\"https:\/\/maldives-paradise.com\/wp-content\/uploads\/2024\/01\/st-regis-2-150x150.jpg\" class=\"vc_single_image-img attachment-thumbnail\" alt=\"St. Regis Maldives Vommuli Resort\" title=\"st-regis-2\" \/><\/a>\n\t\t<\/figure>\n\t<\/div>\n<\/div><\/div><\/div><div class=\"wpb_column vc_column_container vc_col-sm-9\"><div class=\"vc_column-inner\"><div class=\"wpb_wrapper\">\n\t<div class=\"wpb_text_column wpb_content_element\" >\n\t\t<div class=\"wpb_wrapper\">\n\t\t\t<h4><a href=\"http:\/\/maldives-paradise.com\/sv\/?page_id=7647\">St. Regis Maldives Vommuli Resort<\/a><\/h4>\n<p>De<strong> St. Regis Maldiverna Vommuli Resort<\/strong> \u00e4r en 5-stj\u00e4rnig resort p\u00e5 en privat \u00f6 p\u00e5 Maldiverna. G\u00e4sterna kan koppla av och njuta av kroppsmassage, ayurvedabehandlingar och hydroterapi p\u00e5 Iridium Spa. F\u00f6rutom dykning och vindsurfing erbjuder resorten jetpackning, havsgupp, kajakpaddling med glasbotten och katamaransegling.<br \/>\nBarnklubb, inomhusspel p\u00e5 Socialite Club, utomhustennis och observatoriumstorn.<\/p>\n\n\t\t<\/div>\n\t<\/div>\n<\/div><\/div><\/div><\/div><div class=\"vc_row wpb_row vc_row-fluid\"><div class=\"wpb_column vc_column_container vc_col-sm-3\"><div class=\"vc_column-inner\"><div class=\"wpb_wrapper\">\n\t<div  class=\"wpb_single_image wpb_content_element vc_align_left wpb_content_element\">\n\t\t\n\t\t<figure class=\"wpb_wrapper vc_figure\">\n\t\t\t<a href=\"http:\/\/maldives-paradise.com\/sv\/?page_id=7651\" target=\"_self\" class=\"vc_single_image-wrapper   vc_box_border_grey\"><img loading=\"lazy\" decoding=\"async\" width=\"150\" height=\"150\" src=\"https:\/\/maldives-paradise.com\/wp-content\/uploads\/2024\/01\/The-Standard-Huruvalhi-Maldives2-150x150.jpg\" class=\"vc_single_image-img attachment-thumbnail\" alt=\"Standard Huruvalhi Maldiverna\" title=\"Standard-Huruvalhi-Maldiverna2\" \/><\/a>\n\t\t<\/figure>\n\t<\/div>\n<\/div><\/div><\/div><div class=\"wpb_column vc_column_container vc_col-sm-9\"><div class=\"vc_column-inner\"><div class=\"wpb_wrapper\">\n\t<div class=\"wpb_text_column wpb_content_element\" >\n\t\t<div class=\"wpb_wrapper\">\n\t\t\t<h4><a href=\"http:\/\/maldives-paradise.com\/sv\/?page_id=7651\">Standard Huruvalhi Maldiverna<\/a><\/h4>\n<p><strong>Standard Huruvalhi Maldiverna<\/strong> \u00e4r en ledstj\u00e4rna f\u00f6r o\u00f6vertr\u00e4ffad lyx, som erbjuder en uts\u00f6kt blandning av \u00f6verfl\u00f6d och naturlig sk\u00f6nhet. Denna exklusiva resort \u00e4r ett bevis p\u00e5 sofistikering och utlovar en upplevelse en g\u00e5ng i livet som \u00f6vertr\u00e4ffar det vanliga.<\/p>\n\n\t\t<\/div>\n\t<\/div>\n<\/div><\/div><\/div><\/div><div class=\"vc_row wpb_row vc_row-fluid\"><div class=\"wpb_column vc_column_container vc_col-sm-3\"><div class=\"vc_column-inner\"><div class=\"wpb_wrapper\">\n\t<div  class=\"wpb_single_image wpb_content_element vc_align_left wpb_content_element\">\n\t\t\n\t\t<figure class=\"wpb_wrapper vc_figure\">\n\t\t\t<a href=\"http:\/\/maldives-paradise.com\/sv\/?page_id=7655\" target=\"_self\" class=\"vc_single_image-wrapper   vc_box_border_grey\"><img loading=\"lazy\" decoding=\"async\" width=\"150\" height=\"150\" src=\"https:\/\/maldives-paradise.com\/wp-content\/uploads\/2024\/01\/Sun-Siyam-Iru-Fushi-2-150x150.jpg\" class=\"vc_single_image-img attachment-thumbnail\" alt=\"Sun Siyam Iru Fushi\" title=\"Sun-Siyam-Iru-Fushi-2\" \/><\/a>\n\t\t<\/figure>\n\t<\/div>\n<\/div><\/div><\/div><div class=\"wpb_column vc_column_container vc_col-sm-9\"><div class=\"vc_column-inner\"><div class=\"wpb_wrapper\">\n\t<div class=\"wpb_text_column wpb_content_element\" >\n\t\t<div class=\"wpb_wrapper\">\n\t\t\t<h4><a href=\"http:\/\/maldives-paradise.com\/sv\/?page_id=7655\">Sun Siyam Iru Fushi<\/a><\/h4>\n<p>Sun Siyam Iru Fushi en 5-stj\u00e4rnig lyxig strand- och spaanl\u00e4ggning i hj\u00e4rtat av Maldiverna. Denna exklusiva resort lockar resen\u00e4rer som s\u00f6ker en harmonisk blandning av \u00f6verfl\u00f6d, naturlig sk\u00f6nhet och personlig service, vilket skapar en o\u00f6vertr\u00e4ffad flykt i kn\u00e4t av lyx.<\/p>\n\n\t\t<\/div>\n\t<\/div>\n<\/div><\/div><\/div><\/div><div class=\"vc_row wpb_row vc_row-fluid\"><div class=\"wpb_column vc_column_container vc_col-sm-3\"><div class=\"vc_column-inner\"><div class=\"wpb_wrapper\">\n\t<div  class=\"wpb_single_image wpb_content_element vc_align_left wpb_content_element\">\n\t\t\n\t\t<figure class=\"wpb_wrapper vc_figure\">\n\t\t\t<a href=\"http:\/\/maldives-paradise.com\/sv\/?page_id=7659\" target=\"_self\" class=\"vc_single_image-wrapper   vc_box_border_grey\"><img loading=\"lazy\" decoding=\"async\" width=\"150\" height=\"150\" src=\"https:\/\/maldives-paradise.com\/wp-content\/uploads\/2024\/01\/Sun-Siyam-Vilu-Reef2-150x150.jpg\" class=\"vc_single_image-img attachment-thumbnail\" alt=\"Sun Siyam Vilu Reef\" title=\"Sun-Siyam-Vilu-Reef2\" \/><\/a>\n\t\t<\/figure>\n\t<\/div>\n<\/div><\/div><\/div><div class=\"wpb_column vc_column_container vc_col-sm-9\"><div class=\"vc_column-inner\"><div class=\"wpb_wrapper\">\n\t<div class=\"wpb_text_column wpb_content_element\" >\n\t\t<div class=\"wpb_wrapper\">\n\t\t\t<h4><a href=\"http:\/\/maldives-paradise.com\/sv\/?page_id=7659\">Sun Siyam Vilu Reef<\/a><\/h4>\n<p>Uppt\u00e4ck Paradiset p\u00e5 Sun Siyam Vilu Reef: En lyxig all inclusive-paradis p\u00e5 Maldiverna. Detta tropiska paradis \u00e4r inte bara ett resm\u00e5l; det \u00e4r en upplevelse som \u00f6vertr\u00e4ffar det vanliga. Med sina fantastiska \u00f6vervattensvillor, bekv\u00e4mligheter i v\u00e4rldsklass och oklanderlig service, <strong>Sun Siyam Vilu Reef<\/strong> framst\u00e5r som symbolen f\u00f6r \u00f6verfl\u00f6d i den maldiviska sk\u00e4rg\u00e5rden.<\/p>\n\n\t\t<\/div>\n\t<\/div>\n<\/div><\/div><\/div><\/div><div class=\"vc_row wpb_row vc_row-fluid\"><div class=\"wpb_column vc_column_container vc_col-sm-12\"><div class=\"vc_column-inner\"><div class=\"wpb_wrapper\">\n\t<div class=\"wpb_text_column wpb_content_element\" >\n\t\t<div class=\"wpb_wrapper\">\n\t\t\t<h3>5-stj\u00e4rniga hotell och resorter i Maldiverna\u00a0\u00a0 <a href=\"http:\/\/maldives-paradise.com\/sv\/?page_id=4124\">Sida 1<\/a>\u00a0\u00a0 <a href=\"http:\/\/maldives-paradise.com\/sv\/?page_id=7968\">Sida 2<\/a>\u00a0\u00a0 <a href=\"http:\/\/maldives-paradise.com\/sv\/?page_id=7996\">Sida 3<\/a>\u00a0\u00a0 <a href=\"http:\/\/maldives-paradise.com\/sv\/?page_id=8053\">Sida 4<\/a> \u00a0 <a href=\"http:\/\/maldives-paradise.com\/sv\/?page_id=8128\">Sida 5<\/a>\u00a0\u00a0 <a href=\"http:\/\/maldives-paradise.com\/sv\/?page_id=8384\">Sida 7<\/a> \u00a0<a href=\"http:\/\/maldives-paradise.com\/sv\/5-stjarniga-hotellresorter-i-maldiverna-8\/\">Sida 8<\/a>\u00a0\u00a0<a href=\"https:\/\/maldives-paradise.com\/sv\/5-stjarniga-hotellresorter-i-maldiverna-9\/\">Sida 9<\/a><\/h3>\n\n\t\t<\/div>\n\t<\/div>\n<\/div><\/div><\/div><\/div>\n<\/div>","protected":false},"excerpt":{"rendered":"<div class=\"mh-excerpt\"><\/div>","protected":false},"author":1,"featured_media":0,"parent":0,"menu_order":0,"comment_status":"closed","ping_status":"closed","template":"","meta":{"footnotes":""},"class_list":["post-8170","page","type-page","status-publish"],"aioseo_notices":[],"_links":{"self":[{"href":"http:\/\/maldives-paradise.com\/sv\/wp-json\/wp\/v2\/pages\/8170","targetHints":{"allow":["GET"]}}],"collection":[{"href":"http:\/\/maldives-paradise.com\/sv\/wp-json\/wp\/v2\/pages"}],"about":[{"href":"http:\/\/maldives-paradise.com\/sv\/wp-json\/wp\/v2\/types\/page"}],"author":[{"embeddable":true,"href":"http:\/\/maldives-paradise.com\/sv\/wp-json\/wp\/v2\/users\/1"}],"replies":[{"embeddable":true,"href":"http:\/\/maldives-paradise.com\/sv\/wp-json\/wp\/v2\/comments?post=8170"}],"version-history":[{"count":6,"href":"http:\/\/maldives-paradise.com\/sv\/wp-json\/wp\/v2\/pages\/8170\/revisions"}],"predecessor-version":[{"id":34301,"href":"http:\/\/maldives-paradise.com\/sv\/wp-json\/wp\/v2\/pages\/8170\/revisions\/34301"}],"wp:attachment":[{"href":"http:\/\/maldives-paradise.com\/sv\/wp-json\/wp\/v2\/media?parent=8170"}],"curies":[{"name":"wp","href":"https:\/\/api.w.org\/{rel}","templated":true}]}}