{"id":7996,"date":"2024-01-02T18:17:30","date_gmt":"2024-01-02T18:17:30","guid":{"rendered":"http:\/\/maldives-paradise.com\/?page_id=7996"},"modified":"2025-02-22T09:07:32","modified_gmt":"2025-02-22T09:07:32","slug":"5-stjarniga-hotellresorter-i-maldiverna-3","status":"publish","type":"page","link":"http:\/\/maldives-paradise.com\/sv\/5-stjarniga-hotellresorter-i-maldiverna-3\/","title":{"rendered":"5-stj\u00e4rniga hotell och resorter i Maldiverna 3"},"content":{"rendered":"<div class=\"wpb-content-wrapper\"><div class=\"vc_row wpb_row vc_row-fluid\"><div class=\"wpb_column vc_column_container vc_col-sm-12\"><div class=\"vc_column-inner\"><div class=\"wpb_wrapper\">\n\t<div class=\"wpb_text_column wpb_content_element\" >\n\t\t<div class=\"wpb_wrapper\">\n\t\t\t<h3>Ett urval av 5-stj\u00e4rniga hotell och resorter p\u00e5 Maldiverna sida 3<\/h3>\n<p>Maldiverna \u00e4r k\u00e4nda f\u00f6r sina <strong data-start=\"82\" data-end=\"121\">lyxiga 5-stj\u00e4rniga hotell och resorter<\/strong>, erbjuder enast\u00e5ende <strong data-start=\"145\" data-end=\"191\">elegans, integritet och service i v\u00e4rldsklass<\/strong>. Dessa exklusiva retreater har <strong data-start=\"226\" data-end=\"316\">\u00f6vervattensvillor, infinitypooler, fina restauranger och privata butlertj\u00e4nster<\/strong>.<\/p>\n\n\t\t<\/div>\n\t<\/div>\n<\/div><\/div><\/div><\/div><div class=\"vc_row wpb_row vc_row-fluid\"><div class=\"wpb_column vc_column_container vc_col-sm-3\"><div class=\"vc_column-inner\"><div class=\"wpb_wrapper\">\n\t<div  class=\"wpb_single_image wpb_content_element vc_align_left wpb_content_element\">\n\t\t\n\t\t<figure class=\"wpb_wrapper vc_figure\">\n\t\t\t<a href=\"http:\/\/maldives-paradise.com\/sv\/?page_id=7002\" target=\"_self\" class=\"vc_single_image-wrapper   vc_box_border_grey\"><img loading=\"lazy\" decoding=\"async\" width=\"150\" height=\"150\" src=\"https:\/\/maldives-paradise.com\/wp-content\/uploads\/2024\/01\/Dusit-Thani-Maldives2-150x150.jpg\" class=\"vc_single_image-img attachment-thumbnail\" alt=\"Dusit Thani Maldiverna\" title=\"Dusit-Thani-Maldiverna2\" \/><\/a>\n\t\t<\/figure>\n\t<\/div>\n<\/div><\/div><\/div><div class=\"wpb_column vc_column_container vc_col-sm-9\"><div class=\"vc_column-inner\"><div class=\"wpb_wrapper\">\n\t<div class=\"wpb_text_column wpb_content_element\" >\n\t\t<div class=\"wpb_wrapper\">\n\t\t\t<h4><a href=\"http:\/\/maldives-paradise.com\/sv\/?page_id=7002\">Dusit Thani Maldiverna<\/a><\/h4>\n<p>Sk\u00e4m bort dig i symbolen f\u00f6r lyx p\u00e5 <strong>Dusit Thani Maldiverna,<\/strong> en or\u00f6rd \u00f6paradis som s\u00f6ml\u00f6st kombinerar \u00f6verfl\u00f6d med Maldivernas naturliga sk\u00f6nhet. Inb\u00e4ddat i hj\u00e4rtat av Indiska oceanen lockar denna resort i v\u00e4rldsklass kr\u00e4sna resen\u00e4rer med sin o\u00f6vertr\u00e4ffade blandning av sofistikerad design, oklanderlig service och hisnande omgivningar.<\/p>\n\n\t\t<\/div>\n\t<\/div>\n<\/div><\/div><\/div><\/div><div class=\"vc_row wpb_row vc_row-fluid\"><div class=\"wpb_column vc_column_container vc_col-sm-3\"><div class=\"vc_column-inner\"><div class=\"wpb_wrapper\">\n\t<div  class=\"wpb_single_image wpb_content_element vc_align_left wpb_content_element\">\n\t\t\n\t\t<figure class=\"wpb_wrapper vc_figure\">\n\t\t\t<a href=\"http:\/\/maldives-paradise.com\/sv\/?page_id=7009\" target=\"_self\" class=\"vc_single_image-wrapper   vc_box_border_grey\"><img loading=\"lazy\" decoding=\"async\" width=\"150\" height=\"150\" src=\"https:\/\/maldives-paradise.com\/wp-content\/uploads\/2024\/01\/Emerald-Maldives-Service-at-the-Main-Pool-150x150.jpg\" class=\"vc_single_image-img attachment-thumbnail\" alt=\"Emerald Maldives Resort &amp; Spa\" title=\"Emerald-Maldiverna---Service-vid-Main-Pool\" \/><\/a>\n\t\t<\/figure>\n\t<\/div>\n<\/div><\/div><\/div><div class=\"wpb_column vc_column_container vc_col-sm-9\"><div class=\"vc_column-inner\"><div class=\"wpb_wrapper\">\n\t<div class=\"wpb_text_column wpb_content_element\" >\n\t\t<div class=\"wpb_wrapper\">\n\t\t\t<h4><a href=\"http:\/\/maldives-paradise.com\/sv\/?page_id=7009\">Emerald Maldives Resort &amp; Spa<\/a><\/h4>\n<p><strong>Emerald Maldives Resort &amp; Spa<\/strong> \u00e4r en fristad i hj\u00e4rtat av Indiska oceanen. Denna lyxiga resort st\u00e5r som ett bevis p\u00e5 raffinerad elegans, och erbjuder en o\u00f6vertr\u00e4ffad upplevelse som kombinerar hisnande naturlig sk\u00f6nhet med bekv\u00e4mligheter i v\u00e4rldsklass. H\u00e4r \u00e4r de b\u00e4sta funktionerna som g\u00f6r Emerald Maldives till en fristad f\u00f6r den kr\u00e4sna resen\u00e4ren.<\/p>\n\n\t\t<\/div>\n\t<\/div>\n<\/div><\/div><\/div><\/div><div class=\"vc_row wpb_row vc_row-fluid\"><div class=\"wpb_column vc_column_container vc_col-sm-3\"><div class=\"vc_column-inner\"><div class=\"wpb_wrapper\">\n\t<div  class=\"wpb_single_image wpb_content_element vc_align_left wpb_content_element\">\n\t\t\n\t\t<figure class=\"wpb_wrapper vc_figure\">\n\t\t\t<a href=\"http:\/\/maldives-paradise.com\/sv\/?page_id=7014\" target=\"_self\" class=\"vc_single_image-wrapper   vc_box_border_grey\"><img loading=\"lazy\" decoding=\"async\" width=\"150\" height=\"150\" src=\"https:\/\/maldives-paradise.com\/wp-content\/uploads\/2024\/01\/Fairmont-Maldives-Sirru-Fen-Fushi2-150x150.jpg\" class=\"vc_single_image-img attachment-thumbnail\" alt=\"Fairmont Maldiverna Sirru Fen Fushi\" title=\"Fairmont-Maldiverna-Sirru-Fen-Fushi2\" \/><\/a>\n\t\t<\/figure>\n\t<\/div>\n<\/div><\/div><\/div><div class=\"wpb_column vc_column_container vc_col-sm-9\"><div class=\"vc_column-inner\"><div class=\"wpb_wrapper\">\n\t<div class=\"wpb_text_column wpb_content_element\" >\n\t\t<div class=\"wpb_wrapper\">\n\t\t\t<h4><a href=\"http:\/\/maldives-paradise.com\/sv\/?page_id=7014\">Fairmont Maldiverna Sirru Fen Fushi<\/a><\/h4>\n<p>Lyx kl <strong>Fairmont Maldiverna Sirru Fen Fushi<\/strong> \u00e4r en or\u00f6rd all villa resort i hj\u00e4rtat av Maldiverna. Denna exklusiva resort lockar resen\u00e4rer som s\u00f6ker en o\u00f6vertr\u00e4ffad flykt med sin uts\u00f6kta blandning av \u00f6verfl\u00f6d, naturlig sk\u00f6nhet och bekv\u00e4mligheter i v\u00e4rldsklass.<\/p>\n\n\t\t<\/div>\n\t<\/div>\n<\/div><\/div><\/div><\/div><div class=\"vc_row wpb_row vc_row-fluid\"><div class=\"wpb_column vc_column_container vc_col-sm-3\"><div class=\"vc_column-inner\"><div class=\"wpb_wrapper\">\n\t<div  class=\"wpb_single_image wpb_content_element vc_align_left wpb_content_element\">\n\t\t\n\t\t<figure class=\"wpb_wrapper vc_figure\">\n\t\t\t<a href=\"http:\/\/maldives-paradise.com\/sv\/?page_id=7073\" target=\"_self\" class=\"vc_single_image-wrapper   vc_box_border_grey\"><img loading=\"lazy\" decoding=\"async\" width=\"150\" height=\"150\" src=\"https:\/\/maldives-paradise.com\/wp-content\/uploads\/2024\/01\/Finolhu-Baa-Atoll-Maldives-150x150.jpg\" class=\"vc_single_image-img attachment-thumbnail\" alt=\"Finolhu Baa Atoll Maldiverna\" title=\"Finolhu-Baa-Atoll-Maldiverna\" \/><\/a>\n\t\t<\/figure>\n\t<\/div>\n<\/div><\/div><\/div><div class=\"wpb_column vc_column_container vc_col-sm-9\"><div class=\"vc_column-inner\"><div class=\"wpb_wrapper\">\n\t<div class=\"wpb_text_column wpb_content_element\" >\n\t\t<div class=\"wpb_wrapper\">\n\t\t\t<h4><a href=\"http:\/\/maldives-paradise.com\/sv\/?page_id=7073\">Finolhu Baa Atoll Maldiverna<\/a><\/h4>\n<p>Fly till en v\u00e4rld av o\u00f6vertr\u00e4ffad lyx och hisnande sk\u00f6nhet p\u00e5 <strong>Finolhu Baa Atoll Maldiverna<\/strong>. Inb\u00e4ddat i hj\u00e4rtat av UNESCO:s biosf\u00e4rreservat, omdefinierar denna exklusiva resort inneb\u00f6rden av en tropisk tillflyktsort. Finolhu stoltserar med en blandning av modern design och naturlig prakt och \u00e4r en fristad f\u00f6r dem som s\u00f6ker det ultimata inom lyx och avkoppling.<\/p>\n\n\t\t<\/div>\n\t<\/div>\n<\/div><\/div><\/div><\/div><div class=\"vc_row wpb_row vc_row-fluid\"><div class=\"wpb_column vc_column_container vc_col-sm-3\"><div class=\"vc_column-inner\"><div class=\"wpb_wrapper\">\n\t<div  class=\"wpb_single_image wpb_content_element vc_align_left wpb_content_element\">\n\t\t\n\t\t<figure class=\"wpb_wrapper vc_figure\">\n\t\t\t<a href=\"http:\/\/maldives-paradise.com\/sv\/?page_id=7079\" target=\"_self\" class=\"vc_single_image-wrapper   vc_box_border_grey\"><img loading=\"lazy\" decoding=\"async\" width=\"150\" height=\"150\" src=\"https:\/\/maldives-paradise.com\/wp-content\/uploads\/2024\/01\/Four-Seasons-Maldives-Kuda-Huraa2-150x150.jpg\" class=\"vc_single_image-img attachment-thumbnail\" alt=\"Four Seasons Maldiverna Kuda Huraa\" title=\"Fyra-s\u00e4songer-Maldiverna-Kuda-Huraa2\" \/><\/a>\n\t\t<\/figure>\n\t<\/div>\n<\/div><\/div><\/div><div class=\"wpb_column vc_column_container vc_col-sm-9\"><div class=\"vc_column-inner\"><div class=\"wpb_wrapper\">\n\t<div class=\"wpb_text_column wpb_content_element\" >\n\t\t<div class=\"wpb_wrapper\">\n\t\t\t<h4><a href=\"http:\/\/maldives-paradise.com\/sv\/?page_id=7079\">Four Seasons Maldiverna Kuda Huraa<\/a><\/h4>\n<p><strong>Four Seasons Maldiverna Kuda Huraa<\/strong> st\u00e5r som en ledstj\u00e4rna f\u00f6r \u00f6verfl\u00f6d och lugn, och erbjuder en o\u00f6vertr\u00e4ffad flykt till paradiset. Denna lyxiga resort \u00e4r ett bevis p\u00e5 g\u00e4stfrihetens konst, och blandar traditionell maldivisk charm med sofistikeringen av m\u00e4rket Four Seasons. Med sin fantastiska milj\u00f6, oklanderliga service och en uppsj\u00f6 av bekv\u00e4mligheter i v\u00e4rldsklass \u00e4r Four Seasons Maldives Kuda Huraa symbolen f\u00f6r en dr\u00f6mresa.<\/p>\n\n\t\t<\/div>\n\t<\/div>\n<\/div><\/div><\/div><\/div><div class=\"vc_row wpb_row vc_row-fluid\"><div class=\"wpb_column vc_column_container vc_col-sm-3\"><div class=\"vc_column-inner\"><div class=\"wpb_wrapper\">\n\t<div  class=\"wpb_single_image wpb_content_element vc_align_left wpb_content_element\">\n\t\t\n\t\t<figure class=\"wpb_wrapper vc_figure\">\n\t\t\t<a href=\"http:\/\/maldives-paradise.com\/sv\/?page_id=7083\" target=\"_self\" class=\"vc_single_image-wrapper   vc_box_border_grey\"><img loading=\"lazy\" decoding=\"async\" width=\"150\" height=\"150\" src=\"https:\/\/maldives-paradise.com\/wp-content\/uploads\/2024\/01\/Four-Seasons-Maldives-Landaa-Giraavaru2-150x150.jpeg\" class=\"vc_single_image-img attachment-thumbnail\" alt=\"Four Seasons Maldiverna Landaa Giraavaru\" title=\"Fyra-s\u00e4songer-Maldiverna-Landaa-Giraavaru2\" \/><\/a>\n\t\t<\/figure>\n\t<\/div>\n<\/div><\/div><\/div><div class=\"wpb_column vc_column_container vc_col-sm-9\"><div class=\"vc_column-inner\"><div class=\"wpb_wrapper\">\n\t<div class=\"wpb_text_column wpb_content_element\" >\n\t\t<div class=\"wpb_wrapper\">\n\t\t\t<h4><a href=\"http:\/\/maldives-paradise.com\/sv\/?page_id=7083\">Four Seasons Maldiverna Landaa Giraavaru<\/a><\/h4>\n<p>Fly till en v\u00e4rld av \u00f6verfl\u00f6d och lugn p\u00e5 det uts\u00f6kta <strong>Four Seasons Maldiverna Landaa Giraavaru<\/strong>, d\u00e4r lyx m\u00f6ter naturen i perfekt harmoni. Inb\u00e4ddat i hj\u00e4rtat av Baa-atollen, omdefinierar denna idylliska resort inneb\u00f6rden av tropiskt paradis, och erbjuder kr\u00e4sna resen\u00e4rer en o\u00f6vertr\u00e4ffad upplevelse av lycka och sofistikering.<\/p>\n\n\t\t<\/div>\n\t<\/div>\n<\/div><\/div><\/div><\/div><div class=\"vc_row wpb_row vc_row-fluid\"><div class=\"wpb_column vc_column_container vc_col-sm-3\"><div class=\"vc_column-inner\"><div class=\"wpb_wrapper\">\n\t<div  class=\"wpb_single_image wpb_content_element vc_align_left wpb_content_element\">\n\t\t\n\t\t<figure class=\"wpb_wrapper vc_figure\">\n\t\t\t<a href=\"http:\/\/maldives-paradise.com\/sv\/?page_id=7087\" target=\"_self\" class=\"vc_single_image-wrapper   vc_box_border_grey\"><img loading=\"lazy\" decoding=\"async\" width=\"150\" height=\"150\" src=\"https:\/\/maldives-paradise.com\/wp-content\/uploads\/2024\/01\/Fushifaru-Maldives2-150x150.jpg\" class=\"vc_single_image-img attachment-thumbnail\" alt=\"Fushifaru Maldiverna\" title=\"Fushifaru-Maldiverna 2\" \/><\/a>\n\t\t<\/figure>\n\t<\/div>\n<\/div><\/div><\/div><div class=\"wpb_column vc_column_container vc_col-sm-9\"><div class=\"vc_column-inner\"><div class=\"wpb_wrapper\">\n\t<div class=\"wpb_text_column wpb_content_element\" >\n\t\t<div class=\"wpb_wrapper\">\n\t\t\t<h4><a href=\"http:\/\/maldives-paradise.com\/sv\/?page_id=7087\">Fushifaru Maldiverna<\/a><\/h4>\n<p><strong>Fushifaru Maldiverna <\/strong>\u00e4r en oas av lugn inb\u00e4ddat i hj\u00e4rtat av Indiska oceanen. Denna exklusiva lyxresort erbjuder en s\u00f6ml\u00f6s blandning av hisnande naturlig sk\u00f6nhet och o\u00f6vertr\u00e4ffad g\u00e4stfrihet, vilket g\u00f6r den till den ultimata destinationen f\u00f6r dem som s\u00f6ker en extraordin\u00e4r flykt.<\/p>\n\n\t\t<\/div>\n\t<\/div>\n<\/div><\/div><\/div><\/div><div class=\"vc_row wpb_row vc_row-fluid\"><div class=\"wpb_column vc_column_container vc_col-sm-3\"><div class=\"vc_column-inner\"><div class=\"wpb_wrapper\">\n\t<div  class=\"wpb_single_image wpb_content_element vc_align_left wpb_content_element\">\n\t\t\n\t\t<figure class=\"wpb_wrapper vc_figure\">\n\t\t\t<a href=\"http:\/\/maldives-paradise.com\/sv\/?page_id=7096\" target=\"_self\" class=\"vc_single_image-wrapper   vc_box_border_grey\"><img loading=\"lazy\" decoding=\"async\" width=\"150\" height=\"150\" src=\"https:\/\/maldives-paradise.com\/wp-content\/uploads\/2024\/01\/Gili-ankanfushi-Maldives2-150x150.jpg\" class=\"vc_single_image-img attachment-thumbnail\" alt=\"Gili Lankanfushi Maldiverna\" title=\"Gili-ankanfushi-Maldiverna2\" \/><\/a>\n\t\t<\/figure>\n\t<\/div>\n<\/div><\/div><\/div><div class=\"wpb_column vc_column_container vc_col-sm-9\"><div class=\"vc_column-inner\"><div class=\"wpb_wrapper\">\n\t<div class=\"wpb_text_column wpb_content_element\" >\n\t\t<div class=\"wpb_wrapper\">\n\t\t\t<h4><a href=\"http:\/\/maldives-paradise.com\/sv\/?page_id=7096\">Gili Lankanfushi Maldiverna<\/a><\/h4>\n<p>Fly till en v\u00e4rld av o\u00f6vertr\u00e4ffad lyx och hisnande sk\u00f6nhet p\u00e5 <strong>Gili Lankanfushi Maldiverna<\/strong>, d\u00e4r varje \u00f6gonblick \u00e4r en hyllning till \u00f6verfl\u00f6d och lugn. Inb\u00e4ddat i hj\u00e4rtat av Indiska oceanen, omdefinierar denna exklusiva resort konceptet av \u00f6verseende, och erbjuder en o\u00f6vertr\u00e4ffad upplevelse som s\u00f6ml\u00f6st blandar natur, lyx och personlig service.<\/p>\n\n\t\t<\/div>\n\t<\/div>\n<\/div><\/div><\/div><\/div><div class=\"vc_row wpb_row vc_row-fluid\"><div class=\"wpb_column vc_column_container vc_col-sm-3\"><div class=\"vc_column-inner\"><div class=\"wpb_wrapper\">\n\t<div  class=\"wpb_single_image wpb_content_element vc_align_left wpb_content_element\">\n\t\t\n\t\t<figure class=\"wpb_wrapper vc_figure\">\n\t\t\t<a href=\"http:\/\/maldives-paradise.com\/sv\/?page_id=7100\" target=\"_self\" class=\"vc_single_image-wrapper   vc_box_border_grey\"><img loading=\"lazy\" decoding=\"async\" width=\"150\" height=\"150\" src=\"https:\/\/maldives-paradise.com\/wp-content\/uploads\/2024\/01\/hard-rock-hotel-maldives2-150x150.jpg\" class=\"vc_single_image-img attachment-thumbnail\" alt=\"Hard Rock Hotel Maldiverna\" title=\"h\u00e5rdrock-hotell-maldiverna2\" \/><\/a>\n\t\t<\/figure>\n\t<\/div>\n<\/div><\/div><\/div><div class=\"wpb_column vc_column_container vc_col-sm-9\"><div class=\"vc_column-inner\"><div class=\"wpb_wrapper\">\n\t<div class=\"wpb_text_column wpb_content_element\" >\n\t\t<div class=\"wpb_wrapper\">\n\t\t\t<h4><a href=\"http:\/\/maldives-paradise.com\/sv\/?page_id=7100\">Hard Rock Hotel Maldiverna<\/a><\/h4>\n<p>Allt inklusive <strong>Hard Rock Hotel Maldiverna<\/strong> lockar kr\u00e4sna resen\u00e4rer att uppleva symbolen f\u00f6r lyx och \u00f6verseende. Denna idylliska resort blandar s\u00f6ml\u00f6st det ikoniska Hard Rock-varum\u00e4rket med Maldivernas hisnande sk\u00f6nhet, och skapar en fristad d\u00e4r \u00f6verfl\u00f6d m\u00f6ter tropisk prakt.<\/p>\n\n\t\t<\/div>\n\t<\/div>\n<\/div><\/div><\/div><\/div><div class=\"vc_row wpb_row vc_row-fluid\"><div class=\"wpb_column vc_column_container vc_col-sm-3\"><div class=\"vc_column-inner\"><div class=\"wpb_wrapper\">\n\t<div  class=\"wpb_single_image wpb_content_element vc_align_left wpb_content_element\">\n\t\t\n\t\t<figure class=\"wpb_wrapper vc_figure\">\n\t\t\t<a href=\"http:\/\/maldives-paradise.com\/sv\/?page_id=7104\" target=\"_self\" class=\"vc_single_image-wrapper   vc_box_border_grey\"><img loading=\"lazy\" decoding=\"async\" width=\"150\" height=\"150\" src=\"https:\/\/maldives-paradise.com\/wp-content\/uploads\/2024\/01\/heritance-aarah-maldives-ocean-suite-6-150x150.jpg\" class=\"vc_single_image-img attachment-thumbnail\" alt=\"Heritance Aarah \u2013 All Inclusive Luxury Resort\" title=\"arv-aarah-maldiverna-ocean-suite-6\" \/><\/a>\n\t\t<\/figure>\n\t<\/div>\n<\/div><\/div><\/div><div class=\"wpb_column vc_column_container vc_col-sm-9\"><div class=\"vc_column-inner\"><div class=\"wpb_wrapper\">\n\t<div class=\"wpb_text_column wpb_content_element\" >\n\t\t<div class=\"wpb_wrapper\">\n\t\t\t<h4><a href=\"http:\/\/maldives-paradise.com\/sv\/?page_id=7104\">Heritance Aarah \u2013 All Inclusive Luxury Resort<\/a><\/h4>\n<p>I hj\u00e4rtat av de fascinerande Maldiverna, den f\u00f6rstklassiga all inclusive-resorten <strong>Arv Aarah<\/strong> st\u00e5r som symbolen f\u00f6r lyx och \u00f6verseende. Denna uts\u00f6kta resort \u00e4r en fristad f\u00f6r dem som s\u00f6ker en o\u00f6vertr\u00e4ffad tropisk flykt, d\u00e4r kristallklart vatten, or\u00f6rda str\u00e4nder och \u00f6verd\u00e5digt boende m\u00f6ts f\u00f6r att skapa en verkligt of\u00f6rgl\u00f6mlig upplevelse.<\/p>\n\n\t\t<\/div>\n\t<\/div>\n<\/div><\/div><\/div><\/div><div class=\"vc_row wpb_row vc_row-fluid\"><div class=\"wpb_column vc_column_container vc_col-sm-3\"><div class=\"vc_column-inner\"><div class=\"wpb_wrapper\">\n\t<div  class=\"wpb_single_image wpb_content_element vc_align_left wpb_content_element\">\n\t\t\n\t\t<figure class=\"wpb_wrapper vc_figure\">\n\t\t\t<a href=\"http:\/\/maldives-paradise.com\/sv\/?page_id=7108\" target=\"_self\" class=\"vc_single_image-wrapper   vc_box_border_grey\"><img loading=\"lazy\" decoding=\"async\" width=\"150\" height=\"150\" src=\"https:\/\/maldives-paradise.com\/wp-content\/uploads\/2024\/01\/HiltonMaldives-Amingiri-Resort2-150x150.jpg\" class=\"vc_single_image-img attachment-thumbnail\" alt=\"Hilton Maldives Amingiri Resort &amp; Spa\" title=\"HiltonMaldives-Amingiri-Resort2\" \/><\/a>\n\t\t<\/figure>\n\t<\/div>\n<\/div><\/div><\/div><div class=\"wpb_column vc_column_container vc_col-sm-9\"><div class=\"vc_column-inner\"><div class=\"wpb_wrapper\">\n\t<div class=\"wpb_text_column wpb_content_element\" >\n\t\t<div class=\"wpb_wrapper\">\n\t\t\t<h4><a href=\"http:\/\/maldives-paradise.com\/sv\/?page_id=7108\">Hilton Maldives Amingiri Resort &amp; Spa<\/a><\/h4>\n<p>Den lyxiga resorten med all inclusive, <strong>Hilton Maldives Amingiri Resort &amp; Spa<\/strong> lockar kr\u00e4sna resen\u00e4rer att uppleva en oas av o\u00f6vertr\u00e4ffad lyx. Denna tropiska oas, mot bakgrund av kristallklart turkost vatten och or\u00f6rda vita sandstr\u00e4nder, \u00e4r ett bevis p\u00e5 \u00f6verfl\u00f6d och lugn. H\u00e4r \u00e4r n\u00e5gra av de b\u00e4sta funktionerna som g\u00f6r denna resort till en riktig p\u00e4rla p\u00e5 Maldiverna.<\/p>\n\n\t\t<\/div>\n\t<\/div>\n<\/div><\/div><\/div><\/div><div class=\"vc_row wpb_row vc_row-fluid\"><div class=\"wpb_column vc_column_container vc_col-sm-3\"><div class=\"vc_column-inner\"><div class=\"wpb_wrapper\">\n\t<div  class=\"wpb_single_image wpb_content_element vc_align_left wpb_content_element\">\n\t\t\n\t\t<figure class=\"wpb_wrapper vc_figure\">\n\t\t\t<a href=\"http:\/\/maldives-paradise.com\/sv\/?page_id=7112\" target=\"_self\" class=\"vc_single_image-wrapper   vc_box_border_grey\"><img loading=\"lazy\" decoding=\"async\" width=\"150\" height=\"150\" src=\"https:\/\/maldives-paradise.com\/wp-content\/uploads\/2024\/01\/Hurawalhi-Island2-150x150.jpg\" class=\"vc_single_image-img attachment-thumbnail\" alt=\"Hurawalhi Island \u2013 Endast vuxna och All Inclusive Resort\" title=\"Hurawalhi-\u00f6n2\" \/><\/a>\n\t\t<\/figure>\n\t<\/div>\n<\/div><\/div><\/div><div class=\"wpb_column vc_column_container vc_col-sm-9\"><div class=\"vc_column-inner\"><div class=\"wpb_wrapper\">\n\t<div class=\"wpb_text_column wpb_content_element\" >\n\t\t<div class=\"wpb_wrapper\">\n\t\t\t<h4><a href=\"http:\/\/maldives-paradise.com\/sv\/?page_id=7112\">Hurawalhi Island \u2013 Endast vuxna och All Inclusive Resort<\/a><\/h4>\n<p>Uppt\u00e4ck Paradiset: Avsl\u00f6jar tjusningen av <strong>Hurawalhi Island Maldiverna.<br \/>\n<\/strong>Fly till en v\u00e4rld av \u00f6verfl\u00f6d och lugn p\u00e5 Hurawalhi Island, en lyxig oas inb\u00e4ddad i hj\u00e4rtat av Maldiverna. K\u00e4nd f\u00f6r sin o\u00f6vertr\u00e4ffade sk\u00f6nhet och p\u00e5kostade bekv\u00e4mligheter, utlovar denna exklusiva resort en of\u00f6rgl\u00f6mlig tillflyktsort som \u00f6vertr\u00e4ffar det vanliga.<\/p>\n\n\t\t<\/div>\n\t<\/div>\n<\/div><\/div><\/div><\/div><div class=\"vc_row wpb_row vc_row-fluid\"><div class=\"wpb_column vc_column_container vc_col-sm-12\"><div class=\"vc_column-inner\"><div class=\"wpb_wrapper\">\n\t<div class=\"wpb_text_column wpb_content_element\" >\n\t\t<div class=\"wpb_wrapper\">\n\t\t\t<h3>5-stj\u00e4rniga hotell och resorter i Maldiverna\u00a0 <a href=\"http:\/\/maldives-paradise.com\/sv\/?page_id=4124\">Sida 1<\/a>\u00a0 <a href=\"http:\/\/maldives-paradise.com\/sv\/?page_id=7968\">Sida 2<\/a> \u00a0 <a href=\"http:\/\/maldives-paradise.com\/sv\/?page_id=8053\">Sida 4<\/a> \u00a0 <a href=\"http:\/\/maldives-paradise.com\/sv\/?page_id=8128\">Sida 5<\/a> \u00a0 <a href=\"http:\/\/maldives-paradise.com\/sv\/?page_id=8170\">Sida 6<\/a>\u00a0\u00a0 <a href=\"http:\/\/maldives-paradise.com\/sv\/?page_id=8384\">Sida 7<\/a> \u00a0<a href=\"http:\/\/maldives-paradise.com\/sv\/5-stjarniga-hotellresorter-i-maldiverna-8\/\">Sida 8<\/a>\u00a0\u00a0<a href=\"https:\/\/maldives-paradise.com\/sv\/5-stjarniga-hotellresorter-i-maldiverna-9\/\">Sida 9<\/a><\/h3>\n\n\t\t<\/div>\n\t<\/div>\n<\/div><\/div><\/div><\/div>\n<\/div>","protected":false},"excerpt":{"rendered":"<div class=\"mh-excerpt\"><\/div>","protected":false},"author":1,"featured_media":0,"parent":0,"menu_order":0,"comment_status":"closed","ping_status":"closed","template":"","meta":{"footnotes":""},"class_list":["post-7996","page","type-page","status-publish"],"aioseo_notices":[],"_links":{"self":[{"href":"http:\/\/maldives-paradise.com\/sv\/wp-json\/wp\/v2\/pages\/7996","targetHints":{"allow":["GET"]}}],"collection":[{"href":"http:\/\/maldives-paradise.com\/sv\/wp-json\/wp\/v2\/pages"}],"about":[{"href":"http:\/\/maldives-paradise.com\/sv\/wp-json\/wp\/v2\/types\/page"}],"author":[{"embeddable":true,"href":"http:\/\/maldives-paradise.com\/sv\/wp-json\/wp\/v2\/users\/1"}],"replies":[{"embeddable":true,"href":"http:\/\/maldives-paradise.com\/sv\/wp-json\/wp\/v2\/comments?post=7996"}],"version-history":[{"count":6,"href":"http:\/\/maldives-paradise.com\/sv\/wp-json\/wp\/v2\/pages\/7996\/revisions"}],"predecessor-version":[{"id":34298,"href":"http:\/\/maldives-paradise.com\/sv\/wp-json\/wp\/v2\/pages\/7996\/revisions\/34298"}],"wp:attachment":[{"href":"http:\/\/maldives-paradise.com\/sv\/wp-json\/wp\/v2\/media?parent=7996"}],"curies":[{"name":"wp","href":"https:\/\/api.w.org\/{rel}","templated":true}]}}