{"id":19548,"date":"2024-07-20T09:28:05","date_gmt":"2024-07-20T09:28:05","guid":{"rendered":"http:\/\/maldives-paradise.com\/?page_id=19548"},"modified":"2025-11-26T09:24:35","modified_gmt":"2025-11-26T09:24:35","slug":"de-12-basta-dykresorterna-pa-maldiverna","status":"publish","type":"page","link":"http:\/\/maldives-paradise.com\/sv\/de-12-basta-dykresorterna-pa-maldiverna\/","title":{"rendered":"De b\u00e4sta dykresorterna p\u00e5 Maldiverna"},"content":{"rendered":"<div class=\"wpb-content-wrapper\"><div class=\"vc_row wpb_row vc_row-fluid\"><div class=\"wpb_column vc_column_container vc_col-sm-12\"><div class=\"vc_column-inner\"><div class=\"wpb_wrapper\">\n\t<div class=\"wpb_text_column wpb_content_element\" >\n\t\t<div class=\"wpb_wrapper\">\n\t\t\t<h4>Utforska de b\u00e4sta dykresorterna p\u00e5 Maldiverna<\/h4>\n<p>Maldiverna, med sitt kristallklara vatten, livfulla korallrev och rika marina liv, \u00e4r ett paradis f\u00f6r dykare. Maldiverna, hem till n\u00e5gra av v\u00e4rldens mest lyxiga dykorter, erbjuder o\u00f6vertr\u00e4ffade dykupplevelser. H\u00e4r utforskar vi n\u00e5gra av de b\u00e4sta dykorterna p\u00e5 Maldiverna, som alla erbjuder unika bekv\u00e4mligheter, fantastiska undervattens\u00e4ventyr och lyxigt boende.<\/p>\n\n\t\t<\/div>\n\t<\/div>\n<\/div><\/div><\/div><\/div><div class=\"vc_row wpb_row vc_row-fluid\"><div class=\"wpb_column vc_column_container vc_col-sm-3\"><div class=\"vc_column-inner\"><div class=\"wpb_wrapper\">\n\t<div  class=\"wpb_single_image wpb_content_element vc_align_left wpb_content_element\">\n\t\t\n\t\t<figure class=\"wpb_wrapper vc_figure\">\n\t\t\t<div class=\"vc_single_image-wrapper   vc_box_border_grey\"><img loading=\"lazy\" decoding=\"async\" width=\"150\" height=\"150\" src=\"https:\/\/maldives-paradise.com\/wp-content\/uploads\/2024\/07\/vilamendhoo-150x150.jpg\" class=\"vc_single_image-img attachment-thumbnail\" alt=\"Vilamendhoo Island Resort\" title=\"vilamendhoo\" \/><\/div>\n\t\t<\/figure>\n\t<\/div>\n<\/div><\/div><\/div><div class=\"wpb_column vc_column_container vc_col-sm-9\"><div class=\"vc_column-inner\"><div class=\"wpb_wrapper\">\n\t<div class=\"wpb_text_column wpb_content_element\" >\n\t\t<div class=\"wpb_wrapper\">\n\t\t\t<h4><a href=\"https:\/\/lamp.glopss.com\/SHUi\" target=\"_blank\" rel=\"nofollow noopener\">Vilamendhoo Island Resort<\/a><\/h4>\n<p>Vilamendhoo Island Resort ligger p\u00e5 South Ari Atoll och \u00e4r k\u00e4nt f\u00f6r sin n\u00e4rhet till n\u00e5gra av de b\u00e4sta dykplatserna p\u00e5 Maldiverna. Anl\u00e4ggningen erbjuder villor \u00f6ver vattnet och med tr\u00e4dg\u00e5rdar, restauranger i v\u00e4rldsklass och en rad vattensporter. Dykare kan utforska livfulla korallrev, st\u00f6ta p\u00e5 mantor och till och med se valhajar.<\/p>\n\n\t\t<\/div>\n\t<\/div>\n<\/div><\/div><\/div><\/div><div class=\"vc_row wpb_row vc_row-fluid\"><div class=\"wpb_column vc_column_container vc_col-sm-3\"><div class=\"vc_column-inner\"><div class=\"wpb_wrapper\">\n\t<div  class=\"wpb_single_image wpb_content_element vc_align_left wpb_content_element\">\n\t\t\n\t\t<figure class=\"wpb_wrapper vc_figure\">\n\t\t\t<div class=\"vc_single_image-wrapper   vc_box_border_grey\"><img loading=\"lazy\" decoding=\"async\" width=\"150\" height=\"150\" src=\"https:\/\/maldives-paradise.com\/wp-content\/uploads\/2024\/07\/Kuredu-house-reef-2-150x150.jpg\" class=\"vc_single_image-img attachment-thumbnail\" alt=\"Kuredu Island Resort &amp; Spa husrev\" title=\"Kuredu-husrevet-2\" \/><\/div>\n\t\t<\/figure>\n\t<\/div>\n<\/div><\/div><\/div><div class=\"wpb_column vc_column_container vc_col-sm-9\"><div class=\"vc_column-inner\"><div class=\"wpb_wrapper\">\n\t<div class=\"wpb_text_column wpb_content_element\" >\n\t\t<div class=\"wpb_wrapper\">\n\t\t\t<h4><a href=\"https:\/\/lamp.glopss.com\/SHUf\" target=\"_blank\" rel=\"nofollow noopener\">Kuredu Resort &amp; Spa<\/a><\/h4>\n<p>Kuredu Resort &amp; Spa ligger p\u00e5 Lhaviyani-atollen och erbjuder ett brett utbud av dykupplevelser. Med sitt eget Prodivers-center kan g\u00e4sterna dra nytta av guidade dykturer, kurser och uthyrning av utrustning. Anl\u00e4ggningen \u00e4r perfekt f\u00f6r b\u00e5de nyb\u00f6rjare och erfarna dykare och erbjuder tillg\u00e5ng till mer \u00e4n 60 dykplatser, inklusive de ber\u00f6mda Kuredu-grottorna.<\/p>\n\n\t\t<\/div>\n\t<\/div>\n<\/div><\/div><\/div><\/div><div class=\"vc_row wpb_row vc_row-fluid\"><div class=\"wpb_column vc_column_container vc_col-sm-3\"><div class=\"vc_column-inner\"><div class=\"wpb_wrapper\">\n\t<div  class=\"wpb_single_image wpb_content_element vc_align_left wpb_content_element\">\n\t\t\n\t\t<figure class=\"wpb_wrapper vc_figure\">\n\t\t\t<div class=\"vc_single_image-wrapper   vc_box_border_grey\"><img loading=\"lazy\" decoding=\"async\" width=\"150\" height=\"150\" src=\"https:\/\/maldives-paradise.com\/wp-content\/uploads\/2024\/07\/komandoo-150x150.jpg\" class=\"vc_single_image-img attachment-thumbnail\" alt=\"Komandoo Maldivess Resort\" title=\"komandoo\" \/><\/div>\n\t\t<\/figure>\n\t<\/div>\n<\/div><\/div><\/div><div class=\"wpb_column vc_column_container vc_col-sm-9\"><div class=\"vc_column-inner\"><div class=\"wpb_wrapper\">\n\t<div class=\"wpb_text_column wpb_content_element\" >\n\t\t<div class=\"wpb_wrapper\">\n\t\t\t<h4><a href=\"https:\/\/hotellook.tp.st\/m18hEKIZ\" target=\"_blank\" rel=\"nofollow noopener\">Komandoo Maldives Resort<\/a><\/h4>\n<p>Komandoo Maldives Resort all inclusive \u00e4r en boutiqueresort p\u00e5 Lhaviyani-atollen och erbjuder en lugn och intim milj\u00f6 f\u00f6r dykentusiaster. Anl\u00e4ggningens husrev kryllar av marint liv, och dess dykcenter erbjuder personlig service och expertv\u00e4gledning. Komandoo \u00e4r perfekt f\u00f6r par som s\u00f6ker en romantisk semester i kombination med sp\u00e4nnande undervattens\u00e4ventyr.<\/p>\n\n\t\t<\/div>\n\t<\/div>\n<\/div><\/div><\/div><\/div><div class=\"vc_row wpb_row vc_row-fluid\"><div class=\"wpb_column vc_column_container vc_col-sm-3\"><div class=\"vc_column-inner\"><div class=\"wpb_wrapper\">\n\t<div  class=\"wpb_single_image wpb_content_element vc_align_left wpb_content_element\">\n\t\t\n\t\t<figure class=\"wpb_wrapper vc_figure\">\n\t\t\t<div class=\"vc_single_image-wrapper   vc_box_border_grey\"><img loading=\"lazy\" decoding=\"async\" width=\"150\" height=\"150\" src=\"https:\/\/maldives-paradise.com\/wp-content\/uploads\/2024\/01\/soneva-fushi2-150x150.jpg\" class=\"vc_single_image-img attachment-thumbnail\" alt=\"Soneva Fushi\" title=\"soneva-fushi2\" \/><\/div>\n\t\t<\/figure>\n\t<\/div>\n<\/div><\/div><\/div><div class=\"wpb_column vc_column_container vc_col-sm-9\"><div class=\"vc_column-inner\"><div class=\"wpb_wrapper\">\n\t<div class=\"wpb_text_column wpb_content_element\" >\n\t\t<div class=\"wpb_wrapper\">\n\t\t\t<h4><a href=\"https:\/\/trip.tpo.lv\/s4Vbr1lj\" target=\"_blank\" rel=\"nofollow noopener\">Soneva Fushi<\/a><\/h4>\n<p>Soneva Fushi, bel\u00e4get p\u00e5 Baa-atollen, \u00e4r en lyxig ekoresort som erbjuder en exklusiv dykupplevelse. Anl\u00e4ggningens dykcenter, Soleni Dive Centre, tillgodoser dykare p\u00e5 alla niv\u00e5er, med personliga dykprogram och utflykter till UNESCO:s biosf\u00e4rreservat. G\u00e4sterna kan utforska fantastiska koralltr\u00e4dg\u00e5rdar, rensningsstationer f\u00f6r mantor och rik marin biologisk m\u00e5ngfald.<\/p>\n\n\t\t<\/div>\n\t<\/div>\n<\/div><\/div><\/div><\/div><div class=\"vc_row wpb_row vc_row-fluid\"><div class=\"wpb_column vc_column_container vc_col-sm-3\"><div class=\"vc_column-inner\"><div class=\"wpb_wrapper\">\n\t<div  class=\"wpb_single_image wpb_content_element vc_align_left wpb_content_element\">\n\t\t\n\t\t<figure class=\"wpb_wrapper vc_figure\">\n\t\t\t<div class=\"vc_single_image-wrapper   vc_box_border_grey\"><img loading=\"lazy\" decoding=\"async\" width=\"150\" height=\"150\" src=\"https:\/\/maldives-paradise.com\/wp-content\/uploads\/2024\/07\/mirihi-project-hope-coral-reef-150x150.jpg\" class=\"vc_single_image-img attachment-thumbnail\" alt=\"Mirihi Island Resort husrev\" title=\"mirihi-projektet-hopp-korallrevet\" \/><\/div>\n\t\t<\/figure>\n\t<\/div>\n<\/div><\/div><\/div><div class=\"wpb_column vc_column_container vc_col-sm-9\"><div class=\"vc_column-inner\"><div class=\"wpb_wrapper\">\n\t<div class=\"wpb_text_column wpb_content_element\" >\n\t\t<div class=\"wpb_wrapper\">\n\t\t\t<h4><a href=\"https:\/\/trip.tpo.lv\/eo4xHL7L\" target=\"_blank\" rel=\"nofollow noopener\">Mirihi Island Resort<\/a><\/h4>\n<p>Mirihi Island Resort \u00e4r en dold p\u00e4rla i s\u00f6dra Ari-atollen, k\u00e4nd f\u00f6r sitt or\u00f6rda husrev och lyxiga boende. Resorten erbjuder en rad dykpaket och kurser, vilket g\u00f6r det m\u00f6jligt f\u00f6r g\u00e4sterna att utforska n\u00e4rliggande dykplatser k\u00e4nda f\u00f6r valhajar, mantor och livfulla korallrev. Mirihi erbjuder en perfekt blandning av avkoppling och \u00e4ventyr.<\/p>\n\n\t\t<\/div>\n\t<\/div>\n<\/div><\/div><\/div><\/div><div class=\"vc_row wpb_row vc_row-fluid\"><div class=\"wpb_column vc_column_container vc_col-sm-3\"><div class=\"vc_column-inner\"><div class=\"wpb_wrapper\">\n\t<div  class=\"wpb_single_image wpb_content_element vc_align_left wpb_content_element\">\n\t\t\n\t\t<figure class=\"wpb_wrapper vc_figure\">\n\t\t\t<div class=\"vc_single_image-wrapper   vc_box_border_grey\"><img loading=\"lazy\" decoding=\"async\" width=\"150\" height=\"150\" src=\"https:\/\/maldives-paradise.com\/wp-content\/uploads\/2024\/07\/oblu-nature-helengeli-coral-reef-150x150.jpg\" class=\"vc_single_image-img attachment-thumbnail\" alt=\"Oblu Nature Helengeli husrev\" title=\"oblu-natur-helengeli-korallrev\" \/><\/div>\n\t\t<\/figure>\n\t<\/div>\n<\/div><\/div><\/div><div class=\"wpb_column vc_column_container vc_col-sm-9\"><div class=\"vc_column-inner\"><div class=\"wpb_wrapper\">\n\t<div class=\"wpb_text_column wpb_content_element\" >\n\t\t<div class=\"wpb_wrapper\">\n\t\t\t<h4><a href=\"https:\/\/trip.tpo.lv\/WIqOrYJZ\" target=\"_blank\" rel=\"nofollow noopener\">Oblu Nature Helengeli<\/a><\/h4>\n<p>Oblu Nature Helengeli ligger p\u00e5 norra Mal\u00e9-atollen och \u00e4r ett dykarparadis med ett eget PADI-certifierat dykcenter. Anl\u00e4ggningens unika l\u00e4ge erbjuder tillg\u00e5ng till \u00f6ver 30 dykplatser, inklusive f\u00e4rgglada korallv\u00e4ggar, grottor och kanaler som myllrar av marint liv. Oblu Nature Helengeli \u00e4r ocks\u00e5 k\u00e4nt f\u00f6r sitt livliga husrev och stora fiskpopulation.<\/p>\n\n\t\t<\/div>\n\t<\/div>\n<\/div><\/div><\/div><\/div><div class=\"vc_row wpb_row vc_row-fluid\"><div class=\"wpb_column vc_column_container vc_col-sm-3\"><div class=\"vc_column-inner\"><div class=\"wpb_wrapper\">\n\t<div  class=\"wpb_single_image wpb_content_element vc_align_left wpb_content_element\">\n\t\t\n\t\t<figure class=\"wpb_wrapper vc_figure\">\n\t\t\t<div class=\"vc_single_image-wrapper   vc_box_border_grey\"><img loading=\"lazy\" decoding=\"async\" width=\"150\" height=\"150\" src=\"https:\/\/maldives-paradise.com\/wp-content\/uploads\/2024\/07\/Filitheyo_Diving1-150x150.jpg\" class=\"vc_single_image-img attachment-thumbnail\" alt=\"Filitheyo Island Resort\" title=\"Filitheyo_Diving1\" \/><\/div>\n\t\t<\/figure>\n\t<\/div>\n<\/div><\/div><\/div><div class=\"wpb_column vc_column_container vc_col-sm-9\"><div class=\"vc_column-inner\"><div class=\"wpb_wrapper\">\n\t<div class=\"wpb_text_column wpb_content_element\" >\n\t\t<div class=\"wpb_wrapper\">\n\t\t\t<h4><a href=\"https:\/\/trip.tpo.lv\/7UgokmDV\" target=\"_blank\" rel=\"nofollow noopener\">Filitheyo Island Resort<\/a><\/h4>\n<p>Filitheyo Island Resort, p\u00e5 Faafu-atollen, \u00e4r en fristad f\u00f6r dykare som vill utforska or\u00f6rda rev och ett rikt marint liv. Anl\u00e4ggningens dykcenter, Werner Lau Dive Center, erbjuder ett brett utbud av dykm\u00f6jligheter, fr\u00e5n dyk vid husrevet till utflykter till n\u00e4rliggande platser. Filitheyos avl\u00e4gsna l\u00e4ge garanterar en lugn och avskild dykupplevelse.<\/p>\n\n\t\t<\/div>\n\t<\/div>\n<\/div><\/div><\/div><\/div><div class=\"vc_row wpb_row vc_row-fluid\"><div class=\"wpb_column vc_column_container vc_col-sm-3\"><div class=\"vc_column-inner\"><div class=\"wpb_wrapper\">\n\t<div  class=\"wpb_single_image wpb_content_element vc_align_left wpb_content_element\">\n\t\t\n\t\t<figure class=\"wpb_wrapper vc_figure\">\n\t\t\t<div class=\"vc_single_image-wrapper   vc_box_border_grey\"><img loading=\"lazy\" decoding=\"async\" width=\"150\" height=\"150\" src=\"https:\/\/maldives-paradise.com\/wp-content\/uploads\/2024\/07\/six-senses-laamu-150x150.jpg\" class=\"vc_single_image-img attachment-thumbnail\" alt=\"Sex sinnen Laamu\" title=\"sex sinnen-laamu\" \/><\/div>\n\t\t<\/figure>\n\t<\/div>\n<\/div><\/div><\/div><div class=\"wpb_column vc_column_container vc_col-sm-9\"><div class=\"vc_column-inner\"><div class=\"wpb_wrapper\">\n\t<div class=\"wpb_text_column wpb_content_element\" >\n\t\t<div class=\"wpb_wrapper\">\n\t\t\t<h4><a href=\"https:\/\/trip.tpo.lv\/ok4LiuYE\" target=\"_blank\" rel=\"nofollow noopener\">Sex sinnen Laamu<\/a><\/h4>\n<p>Six Senses Laamu ligger p\u00e5 Laamu-atollen och erbjuder en lyxig och h\u00e5llbar dykupplevelse. Anl\u00e4ggningens dykcenter, Deep Blue Divers, ger tillg\u00e5ng till or\u00f6rda dykplatser, inklusive kanaler, \u00f6verh\u00e4ng och koralltr\u00e4dg\u00e5rdar. G\u00e4sterna kan st\u00f6ta p\u00e5 en m\u00e4ngd olika marina djur, inklusive mantor, sk\u00f6ldpaddor och revhajar, samtidigt som de njuter av anl\u00e4ggningens milj\u00f6v\u00e4nliga lyx.<\/p>\n\n\t\t<\/div>\n\t<\/div>\n<\/div><\/div><\/div><\/div><div class=\"vc_row wpb_row vc_row-fluid\"><div class=\"wpb_column vc_column_container vc_col-sm-3\"><div class=\"vc_column-inner\"><div class=\"wpb_wrapper\">\n\t<div  class=\"wpb_single_image wpb_content_element vc_align_left wpb_content_element\">\n\t\t\n\t\t<figure class=\"wpb_wrapper vc_figure\">\n\t\t\t<div class=\"vc_single_image-wrapper   vc_box_border_grey\"><img loading=\"lazy\" decoding=\"async\" width=\"150\" height=\"150\" src=\"https:\/\/maldives-paradise.com\/wp-content\/uploads\/2024\/01\/anantara-fish-150x150.jpg\" class=\"vc_single_image-img attachment-thumbnail\" alt=\"Anantara Kihavah Maldives Villas\" title=\"anantara-fisk\" \/><\/div>\n\t\t<\/figure>\n\t<\/div>\n<\/div><\/div><\/div><div class=\"wpb_column vc_column_container vc_col-sm-9\"><div class=\"vc_column-inner\"><div class=\"wpb_wrapper\">\n\t<div class=\"wpb_text_column wpb_content_element\" >\n\t\t<div class=\"wpb_wrapper\">\n\t\t\t<h4><a href=\"https:\/\/lamp.glopss.com\/SHUs\" target=\"_blank\" rel=\"nofollow noopener\">Anantara Kihavah Maldives Villas<\/a><\/h4>\n<p>Anantara Kihavah Maldives Villas ligger p\u00e5 Baa-atollen och erbjuder dykning i v\u00e4rldsklass i ett UNESCO-biosf\u00e4rreservat. Anl\u00e4ggningens dykcenter, Dive Butler International, erbjuder skr\u00e4ddarsydda dykupplevelser, inklusive nattdyk och privata utflykter. G\u00e4sterna kan utforska livfulla korallrev, rensstationer f\u00f6r mantor och till och med snorkla med valhajar.<\/p>\n\n\t\t<\/div>\n\t<\/div>\n<\/div><\/div><\/div><\/div><div class=\"vc_row wpb_row vc_row-fluid\"><div class=\"wpb_column vc_column_container vc_col-sm-3\"><div class=\"vc_column-inner\"><div class=\"wpb_wrapper\">\n\t<div  class=\"wpb_single_image wpb_content_element vc_align_left wpb_content_element\">\n\t\t\n\t\t<figure class=\"wpb_wrapper vc_figure\">\n\t\t\t<div class=\"vc_single_image-wrapper   vc_box_border_grey\"><img loading=\"lazy\" decoding=\"async\" width=\"150\" height=\"150\" src=\"https:\/\/maldives-paradise.com\/wp-content\/uploads\/2024\/07\/hurawalhi-diving-prodivers-coral-reef-150x150.jpg\" class=\"vc_single_image-img attachment-thumbnail\" alt=\"Hurawalhi Island Resort husrev\" title=\"hurawalhi-dykningsleverant\u00f6rer-korallrev\" \/><\/div>\n\t\t<\/figure>\n\t<\/div>\n<\/div><\/div><\/div><div class=\"wpb_column vc_column_container vc_col-sm-9\"><div class=\"vc_column-inner\"><div class=\"wpb_wrapper\">\n\t<div class=\"wpb_text_column wpb_content_element\" >\n\t\t<div class=\"wpb_wrapper\">\n\t\t\t<h4><a href=\"https:\/\/hotellook.tp.st\/6FluoLuO\" target=\"_blank\" rel=\"nofollow noopener\">Hurawalhi Island Resort<\/a><\/h4>\n<p>Hurawalhi Island Resort, p\u00e5 Lhaviyani-atollen, \u00e4r en lyxig all-inclusive-resort endast f\u00f6r vuxna, k\u00e4nd f\u00f6r sina fantastiska undervattensupplevelser. Anl\u00e4ggningens dykcenter erbjuder tillg\u00e5ng till \u00f6ver 50 dykplatser, inklusive den ber\u00f6mda Manta Point. Hurawalhi har ocks\u00e5 v\u00e4rldens st\u00f6rsta undervattensrestaurang helt i glas, som erbjuder en unik matupplevelse omgiven av marint liv.<\/p>\n\n\t\t<\/div>\n\t<\/div>\n<\/div><\/div><\/div><\/div><div class=\"vc_row wpb_row vc_row-fluid\"><div class=\"wpb_column vc_column_container vc_col-sm-3\"><div class=\"vc_column-inner\"><div class=\"wpb_wrapper\">\n\t<div  class=\"wpb_single_image wpb_content_element vc_align_left wpb_content_element\">\n\t\t\n\t\t<figure class=\"wpb_wrapper vc_figure\">\n\t\t\t<div class=\"vc_single_image-wrapper   vc_box_border_grey\"><img loading=\"lazy\" decoding=\"async\" width=\"150\" height=\"150\" src=\"https:\/\/maldives-paradise.com\/wp-content\/uploads\/2024\/07\/baros-coral-reef-150x150.jpg\" class=\"vc_single_image-img attachment-thumbnail\" alt=\"Baros Maldives husrev\" title=\"Baros-korallrev\" \/><\/div>\n\t\t<\/figure>\n\t<\/div>\n<\/div><\/div><\/div><div class=\"wpb_column vc_column_container vc_col-sm-9\"><div class=\"vc_column-inner\"><div class=\"wpb_wrapper\">\n\t<div class=\"wpb_text_column wpb_content_element\" >\n\t\t<div class=\"wpb_wrapper\">\n\t\t\t<h4><a href=\"https:\/\/lamp.glopss.com\/SHUm\" target=\"_blank\" rel=\"nofollow noopener\">Baros Maldiverna<\/a><\/h4>\n<p>Baros Maldives \u00e4r en v\u00e4lk\u00e4nd lyxresort med starkt fokus p\u00e5 dykning p\u00e5 norra Mal\u00e9-atollen. Anl\u00e4ggningens dykcenter, Dive Baros Maldives, erbjuder personliga dykupplevelser, inklusive dyk vid husrev och utflykter till n\u00e4rliggande platser. Baros \u00e4r idealiskt f\u00f6r b\u00e5de nyb\u00f6rjare och erfarna dykare, med sitt rika marina liv och or\u00f6rda korallrev.<\/p>\n\n\t\t<\/div>\n\t<\/div>\n<\/div><\/div><\/div><\/div><div class=\"vc_row wpb_row vc_row-fluid\"><div class=\"wpb_column vc_column_container vc_col-sm-3\"><div class=\"vc_column-inner\"><div class=\"wpb_wrapper\">\n\t<div  class=\"wpb_single_image wpb_content_element vc_align_left wpb_content_element\">\n\t\t\n\t\t<figure class=\"wpb_wrapper vc_figure\">\n\t\t\t<div class=\"vc_single_image-wrapper   vc_box_border_grey\"><img loading=\"lazy\" decoding=\"async\" width=\"150\" height=\"150\" src=\"https:\/\/maldives-paradise.com\/wp-content\/uploads\/2024\/07\/Milaidhoo-Maldives_diving-150x150.jpg\" class=\"vc_single_image-img attachment-thumbnail\" alt=\"Milaidhoo Island Maldiverna\" title=\"Milaidhoo-Maldiverna_dykning\" \/><\/div>\n\t\t<\/figure>\n\t<\/div>\n<\/div><\/div><\/div><div class=\"wpb_column vc_column_container vc_col-sm-9\"><div class=\"vc_column-inner\"><div class=\"wpb_wrapper\">\n\t<div class=\"wpb_text_column wpb_content_element\" >\n\t\t<div class=\"wpb_wrapper\">\n\t\t\t<h4><a href=\"https:\/\/lamp.glopss.com\/SHUd\" target=\"_blank\" rel=\"nofollow noopener\">Milaidhoo Island Maldiverna<\/a><\/h4>\n<p>Milaidhoo Island Maldives, bel\u00e4get i Baa-atollen, erbjuder en unik dykupplevelse i en fantastisk milj\u00f6. Anl\u00e4ggningens dykcenter ger tillg\u00e5ng till Baa-atollens rika marina biologiska m\u00e5ngfald, inklusive rensningsstationer f\u00f6r mantor och livfulla koralltr\u00e4dg\u00e5rdar. Milaidhoos lyxiga villor och personliga service g\u00f6r det till ett perfekt val f\u00f6r kr\u00e4sna dykare.<\/p>\n\n\t\t<\/div>\n\t<\/div>\n<\/div><\/div><\/div><\/div><div class=\"vc_row wpb_row vc_row-fluid\"><div class=\"wpb_column vc_column_container vc_col-sm-12\"><div class=\"vc_column-inner\"><div class=\"wpb_wrapper\">\n\t<div class=\"wpb_text_column wpb_content_element\" >\n\t\t<div class=\"wpb_wrapper\">\n\t\t\t<p>Maldiverna \u00e4r hemvist f\u00f6r n\u00e5gra av v\u00e4rldens b\u00e4sta dykresorter, som alla erbjuder unika dykupplevelser och lyxigt boende. Oavsett om du \u00e4r nyb\u00f6rjare eller erfaren dykare, ger dessa resorter tillg\u00e5ng till fantastiska undervattenslandskap, rikt marint liv och o\u00f6vertr\u00e4ffad lyx. Fr\u00e5n det lugna Komandoo Island Resort &amp; Spa till det milj\u00f6v\u00e4nliga Six Senses Laamu, har Maldiverna en dykresort som passar alla smaker och preferenser.<\/p>\n\n\t\t<\/div>\n\t<\/div>\n<\/div><\/div><\/div><\/div><div class=\"vc_row wpb_row vc_row-fluid\"><div class=\"wpb_column vc_column_container vc_col-sm-12\"><div class=\"vc_column-inner\"><div class=\"wpb_wrapper\">\n\t<div class=\"wpb_text_column wpb_content_element\" >\n\t\t<div class=\"wpb_wrapper\">\n\t\t\t<p><strong>Se \u00e4ven <a title=\"De 12 resorterna med det b\u00e4sta husrevet p\u00e5 Maldiverna\" href=\"http:\/\/maldives-paradise.com\/sv\/de-12-orterna-med-det-basta-husrevet-pa-maldiverna\/\">De 12 resorterna med b\u00e4sta husrevet p\u00e5 Maldiverna<\/a><\/strong><\/p>\n\n\t\t<\/div>\n\t<\/div>\n<\/div><\/div><\/div><\/div>\n<\/div>","protected":false},"excerpt":{"rendered":"<div class=\"mh-excerpt\"><\/div>","protected":false},"author":1,"featured_media":19248,"parent":0,"menu_order":0,"comment_status":"closed","ping_status":"closed","template":"","meta":{"footnotes":""},"class_list":["post-19548","page","type-page","status-publish","has-post-thumbnail"],"aioseo_notices":[],"_links":{"self":[{"href":"http:\/\/maldives-paradise.com\/sv\/wp-json\/wp\/v2\/pages\/19548","targetHints":{"allow":["GET"]}}],"collection":[{"href":"http:\/\/maldives-paradise.com\/sv\/wp-json\/wp\/v2\/pages"}],"about":[{"href":"http:\/\/maldives-paradise.com\/sv\/wp-json\/wp\/v2\/types\/page"}],"author":[{"embeddable":true,"href":"http:\/\/maldives-paradise.com\/sv\/wp-json\/wp\/v2\/users\/1"}],"replies":[{"embeddable":true,"href":"http:\/\/maldives-paradise.com\/sv\/wp-json\/wp\/v2\/comments?post=19548"}],"version-history":[{"count":6,"href":"http:\/\/maldives-paradise.com\/sv\/wp-json\/wp\/v2\/pages\/19548\/revisions"}],"predecessor-version":[{"id":45307,"href":"http:\/\/maldives-paradise.com\/sv\/wp-json\/wp\/v2\/pages\/19548\/revisions\/45307"}],"wp:featuredmedia":[{"embeddable":true,"href":"http:\/\/maldives-paradise.com\/sv\/wp-json\/wp\/v2\/media\/19248"}],"wp:attachment":[{"href":"http:\/\/maldives-paradise.com\/sv\/wp-json\/wp\/v2\/media?parent=19548"}],"curies":[{"name":"wp","href":"https:\/\/api.w.org\/{rel}","templated":true}]}}