{"id":19235,"date":"2024-07-16T15:04:56","date_gmt":"2024-07-16T15:04:56","guid":{"rendered":"http:\/\/maldives-paradise.com\/?page_id=19235"},"modified":"2025-10-10T14:18:05","modified_gmt":"2025-10-10T14:18:05","slug":"de-12-orterna-med-det-basta-husrevet-pa-maldiverna","status":"publish","type":"page","link":"http:\/\/maldives-paradise.com\/sv\/de-12-orterna-med-det-basta-husrevet-pa-maldiverna\/","title":{"rendered":"12 resorter med det b\u00e4sta husrevet p\u00e5 Maldiverna"},"content":{"rendered":"<div class=\"wpb-content-wrapper\"><div class=\"vc_row wpb_row vc_row-fluid\"><div class=\"wpb_column vc_column_container vc_col-sm-12\"><div class=\"vc_column-inner\"><div class=\"wpb_wrapper\">\n\t<div class=\"wpb_text_column wpb_content_element\" >\n\t\t<div class=\"wpb_wrapper\">\n\t\t\t<h4>Utforska de b\u00e4sta husreven p\u00e5 Maldiverna: Toppresorter f\u00f6r marina entusiaster<\/h4>\n<p>Bland otaliga lyxresorter p\u00e5 Maldiverna sticker flera ut f\u00f6r sina exceptionella husrev, som erbjuder g\u00e4sterna m\u00f6jlighet att snorkla och dyka direkt fr\u00e5n stranden. H\u00e4r utforskar vi orterna med de b\u00e4sta husreven p\u00e5 Maldiverna, vilket ger marina entusiaster en of\u00f6rgl\u00f6mlig undervattensupplevelse. H\u00e4r \u00e4r de b\u00e4sta resorterna med Best House Reef p\u00e5 Maldiverna.<\/p>\n\n\t\t<\/div>\n\t<\/div>\n<\/div><\/div><\/div><\/div><div class=\"vc_row wpb_row vc_row-fluid\"><div class=\"wpb_column vc_column_container vc_col-sm-3\"><div class=\"vc_column-inner\"><div class=\"wpb_wrapper\">\n\t<div  class=\"wpb_single_image wpb_content_element vc_align_left wpb_content_element\">\n\t\t\n\t\t<figure class=\"wpb_wrapper vc_figure\">\n\t\t\t<div class=\"vc_single_image-wrapper   vc_box_border_grey\"><img loading=\"lazy\" decoding=\"async\" width=\"150\" height=\"150\" src=\"https:\/\/maldives-paradise.com\/wp-content\/uploads\/2024\/07\/Anantara-Kihavah-Maldives-Villas-coral-reef-150x150.jpg\" class=\"vc_single_image-img attachment-thumbnail\" alt=\"Anantara Kihavah Maldives Villas\" title=\"Anantara Kihavah Maldiverna Villas korallrev\" \/><\/div>\n\t\t<\/figure>\n\t<\/div>\n<\/div><\/div><\/div><div class=\"wpb_column vc_column_container vc_col-sm-9\"><div class=\"vc_column-inner\"><div class=\"wpb_wrapper\">\n\t<div class=\"wpb_text_column wpb_content_element\" >\n\t\t<div class=\"wpb_wrapper\">\n\t\t\t<h4><a href=\"https:\/\/lamp.glopss.com\/SHUs\" target=\"_blank\" rel=\"nofollow noopener\">Anantara Kihavah Maldives Villas<\/a><\/h4>\n<p>Anantara Kihavah Maldives Villas har ett fantastiskt husrev som kryllar av f\u00e4rgglada koraller och olika marina arter. Bel\u00e4get i Baa Atoll UNESCOs biosf\u00e4rreservat, kan g\u00e4sterna f\u00f6rv\u00e4nta sig m\u00f6ten med mantor, sk\u00f6ldpaddor och en uppsj\u00f6 av tropiska fiskar. Anl\u00e4ggningens undervattensrestaurang, SEA, erbjuder en unik matupplevelse omgiven av husrevets livliga marina liv.<\/p>\n\n\t\t<\/div>\n\t<\/div>\n<\/div><\/div><\/div><\/div><div class=\"vc_row wpb_row vc_row-fluid\"><div class=\"wpb_column vc_column_container vc_col-sm-3\"><div class=\"vc_column-inner\"><div class=\"wpb_wrapper\">\n\t<div  class=\"wpb_single_image wpb_content_element vc_align_left wpb_content_element\">\n\t\t\n\t\t<figure class=\"wpb_wrapper vc_figure\">\n\t\t\t<div class=\"vc_single_image-wrapper   vc_box_border_grey\"><img loading=\"lazy\" decoding=\"async\" width=\"150\" height=\"150\" src=\"https:\/\/maldives-paradise.com\/wp-content\/uploads\/2024\/07\/como-cocoa-island-house-reef-150x150.jpg\" class=\"vc_single_image-img attachment-thumbnail\" alt=\"COMO Cocoa Island House Reef\" title=\"como-kakao\u00f6-husrev\" \/><\/div>\n\t\t<\/figure>\n\t<\/div>\n<\/div><\/div><\/div><div class=\"wpb_column vc_column_container vc_col-sm-9\"><div class=\"vc_column-inner\"><div class=\"wpb_wrapper\">\n\t<div class=\"wpb_text_column wpb_content_element\" >\n\t\t<div class=\"wpb_wrapper\">\n\t\t\t<h4><a href=\"https:\/\/lamp.glopss.com\/SHU8\" target=\"_blank\" rel=\"nofollow noopener\">COMO Kakao\u00f6n<\/a><\/h4>\n<p>COMO Cocoa Island, som ligger i s\u00f6dra Mal\u00e9-atollen, har ett anm\u00e4rkningsv\u00e4rt husrev som \u00e4r l\u00e4ttillg\u00e4ngligt fr\u00e5n resortens \u00f6vervattensvillor. Revet \u00e4r hem f\u00f6r en m\u00e4ngd marint liv, inklusive revhajar, rockor och en m\u00e4ngd f\u00e4rgglada fiskar. Snorkling och dykutflykter \u00e4r l\u00e4tt tillg\u00e4ngliga, s\u00e5 att g\u00e4sterna kan utforska den rika undervattensv\u00e4rlden utanf\u00f6r d\u00f6rren.<\/p>\n\n\t\t<\/div>\n\t<\/div>\n<\/div><\/div><\/div><\/div><div class=\"vc_row wpb_row vc_row-fluid\"><div class=\"wpb_column vc_column_container vc_col-sm-3\"><div class=\"vc_column-inner\"><div class=\"wpb_wrapper\">\n\t<div  class=\"wpb_single_image wpb_content_element vc_align_left wpb_content_element\">\n\t\t\n\t\t<figure class=\"wpb_wrapper vc_figure\">\n\t\t\t<div class=\"vc_single_image-wrapper   vc_box_border_grey\"><img loading=\"lazy\" decoding=\"async\" width=\"150\" height=\"150\" src=\"https:\/\/maldives-paradise.com\/wp-content\/uploads\/2024\/07\/hideaway-beach-coral-reef-150x150.jpg\" class=\"vc_single_image-img attachment-thumbnail\" alt=\"Hideaway Beach Resort &amp; Spa husrev\" title=\"g\u00f6mst\u00e4lle-strand-korallrev\" \/><\/div>\n\t\t<\/figure>\n\t<\/div>\n<\/div><\/div><\/div><div class=\"wpb_column vc_column_container vc_col-sm-9\"><div class=\"vc_column-inner\"><div class=\"wpb_wrapper\">\n\t<div class=\"wpb_text_column wpb_content_element\" >\n\t\t<div class=\"wpb_wrapper\">\n\t\t\t<h4><a href=\"https:\/\/lamp.glopss.com\/aff_c?offer_id=1384&amp;aff_id=1834\" target=\"_blank\" rel=\"nofollow noopener\">Hideaway Beach Resort &amp; Spa<\/a><\/h4>\n<p>Hideaway Beach Resort &amp; Spa, som ligger i Haa Alifu-atollen, erbjuder en exceptionell upplevelse av husrevet. Korallrevet omger \u00f6n, vilket ger enkel \u00e5tkomst f\u00f6r snorklingsentusiaster. Dykare kan utforska det n\u00e4rliggande &quot;Haa Alifu Atoll Underwater Wonderland&quot;, k\u00e4nt f\u00f6r sina or\u00f6rda korallformationer och olika marina arter, inklusive barracudor, lejonfiskar och mur\u00e4nor.<\/p>\n\n\t\t<\/div>\n\t<\/div>\n<\/div><\/div><\/div><\/div><div class=\"vc_row wpb_row vc_row-fluid\"><div class=\"wpb_column vc_column_container vc_col-sm-3\"><div class=\"vc_column-inner\"><div class=\"wpb_wrapper\">\n\t<div  class=\"wpb_single_image wpb_content_element vc_align_left wpb_content_element\">\n\t\t\n\t\t<figure class=\"wpb_wrapper vc_figure\">\n\t\t\t<div class=\"vc_single_image-wrapper   vc_box_border_grey\"><img loading=\"lazy\" decoding=\"async\" width=\"150\" height=\"150\" src=\"https:\/\/maldives-paradise.com\/wp-content\/uploads\/2024\/07\/baros-coral-reef-150x150.jpg\" class=\"vc_single_image-img attachment-thumbnail\" alt=\"Baros Maldives husrev\" title=\"Baros-korallrev\" \/><\/div>\n\t\t<\/figure>\n\t<\/div>\n<\/div><\/div><\/div><div class=\"wpb_column vc_column_container vc_col-sm-9\"><div class=\"vc_column-inner\"><div class=\"wpb_wrapper\">\n\t<div class=\"wpb_text_column wpb_content_element\" >\n\t\t<div class=\"wpb_wrapper\">\n\t\t\t<h4><a href=\"https:\/\/lamp.glopss.com\/SHUm\" target=\"_blank\" rel=\"nofollow noopener\">Baros Maldiverna<\/a><\/h4>\n<p>Baros Maldives, en lyxig boutiqueresort, hyllas f\u00f6r sitt livliga husrev som ligger bara n\u00e5gra meter fr\u00e5n stranden. Revet \u00e4r en fristad f\u00f6r snorklare och dykare, med fantastiska koralltr\u00e4dg\u00e5rdar och ett \u00f6verfl\u00f6d av marint liv, inklusive sk\u00f6ldpaddor, revhajar och en m\u00e4ngd tropiska fiskar. Anl\u00e4ggningen erbjuder guidade snorklingsturer och nattdyk f\u00f6r en unik undervattensupplevelse.<\/p>\n\n\t\t<\/div>\n\t<\/div>\n<\/div><\/div><\/div><\/div><div class=\"vc_row wpb_row vc_row-fluid\"><div class=\"wpb_column vc_column_container vc_col-sm-3\"><div class=\"vc_column-inner\"><div class=\"wpb_wrapper\">\n\t<div  class=\"wpb_single_image wpb_content_element vc_align_left wpb_content_element\">\n\t\t\n\t\t<figure class=\"wpb_wrapper vc_figure\">\n\t\t\t<div class=\"vc_single_image-wrapper   vc_box_border_grey\"><img loading=\"lazy\" decoding=\"async\" width=\"150\" height=\"150\" src=\"https:\/\/maldives-paradise.com\/wp-content\/uploads\/2024\/07\/oblu-nature-helengeli-coral-reef-150x150.jpg\" class=\"vc_single_image-img attachment-thumbnail\" alt=\"Oblu Nature Helengeli husrev\" title=\"oblu-natur-helengeli-korallrev\" \/><\/div>\n\t\t<\/figure>\n\t<\/div>\n<\/div><\/div><\/div><div class=\"wpb_column vc_column_container vc_col-sm-9\"><div class=\"vc_column-inner\"><div class=\"wpb_wrapper\">\n\t<div class=\"wpb_text_column wpb_content_element\" >\n\t\t<div class=\"wpb_wrapper\">\n\t\t\t<h4><a href=\"https:\/\/trip.tpo.lv\/WIqOrYJZ\" target=\"_blank\" rel=\"nofollow noopener\">Oblu Nature Helengeli<\/a><\/h4>\n<p>Oblu Nature Helengeli, som ligger i norra Mal\u00e9-atollen, \u00e4r k\u00e4nt f\u00f6r sitt rika husrev som lockar b\u00e5de dykare och snorklare. Revet \u00e4r hem f\u00f6r en m\u00e4ngd olika marina arter, inklusive sjuksk\u00f6terskahajar, gigantiska trevallies och stingrockor. Resortens PADI-certifierade dykcenter erbjuder en rad kurser och utflykter f\u00f6r att utforska den pulserande undervattensv\u00e4rlden.<\/p>\n\n\t\t<\/div>\n\t<\/div>\n<\/div><\/div><\/div><\/div><div class=\"vc_row wpb_row vc_row-fluid\"><div class=\"wpb_column vc_column_container vc_col-sm-3\"><div class=\"vc_column-inner\"><div class=\"wpb_wrapper\">\n\t<div  class=\"wpb_single_image wpb_content_element vc_align_left wpb_content_element\">\n\t\t\n\t\t<figure class=\"wpb_wrapper vc_figure\">\n\t\t\t<div class=\"vc_single_image-wrapper   vc_box_border_grey\"><img loading=\"lazy\" decoding=\"async\" width=\"150\" height=\"150\" src=\"https:\/\/maldives-paradise.com\/wp-content\/uploads\/2024\/07\/hurawalhi-diving-prodivers-coral-reef-150x150.jpg\" class=\"vc_single_image-img attachment-thumbnail\" alt=\"Hurawalhi Island Resort husrev\" title=\"hurawalhi-dykningsleverant\u00f6rer-korallrev\" \/><\/div>\n\t\t<\/figure>\n\t<\/div>\n<\/div><\/div><\/div><div class=\"wpb_column vc_column_container vc_col-sm-9\"><div class=\"vc_column-inner\"><div class=\"wpb_wrapper\">\n\t<div class=\"wpb_text_column wpb_content_element\" >\n\t\t<div class=\"wpb_wrapper\">\n\t\t\t<h4><a href=\"https:\/\/hotellook.tp.st\/6FluoLuO\" target=\"_blank\" rel=\"nofollow noopener\">Hurawalhi Island Resort<\/a><\/h4>\n<p>Hurawalhi Island Resort, som ligger i Lhaviyani-atollen, erbjuder ett imponerande husrev som \u00e4r l\u00e4ttillg\u00e4ngligt f\u00f6r snorkling. Revet \u00e4r hem f\u00f6r en m\u00e5ngfald av marint liv, inklusive mantor, hajar och f\u00e4rgglada koraller. Anl\u00e4ggningens 5.8 Undersea Restaurant erbjuder en unik matupplevelse omgiven av husrevets marina underverk.<\/p>\n\n\t\t<\/div>\n\t<\/div>\n<\/div><\/div><\/div><\/div><div class=\"vc_row wpb_row vc_row-fluid\"><div class=\"wpb_column vc_column_container vc_col-sm-3\"><div class=\"vc_column-inner\"><div class=\"wpb_wrapper\">\n\t<div  class=\"wpb_single_image wpb_content_element vc_align_left wpb_content_element\">\n\t\t\n\t\t<figure class=\"wpb_wrapper vc_figure\">\n\t\t\t<div class=\"vc_single_image-wrapper   vc_box_border_grey\"><img loading=\"lazy\" decoding=\"async\" width=\"150\" height=\"150\" src=\"https:\/\/maldives-paradise.com\/wp-content\/uploads\/2024\/07\/kandolhu-maldives-coral-reef-150x150.jpg\" class=\"vc_single_image-img attachment-thumbnail\" alt=\"Kandolhu Maldivernas husrev\" title=\"Kandolhu-Maldiverna-korallrev\" \/><\/div>\n\t\t<\/figure>\n\t<\/div>\n<\/div><\/div><\/div><div class=\"wpb_column vc_column_container vc_col-sm-9\"><div class=\"vc_column-inner\"><div class=\"wpb_wrapper\">\n\t<div class=\"wpb_text_column wpb_content_element\" >\n\t\t<div class=\"wpb_wrapper\">\n\t\t\t<h4><a href=\"https:\/\/lamp.glopss.com\/SHUW\" target=\"_blank\" rel=\"nofollow noopener\">Kandolhu Maldiverna<\/a><\/h4>\n<p>Kandolhu Maldiverna, som ligger i norra Ari-atollen, \u00e4r en liten men fantastisk semesterort med ett exceptionellt husrev. Revet ligger bara ett kort dopp fr\u00e5n stranden och erbjuder g\u00e4sterna chansen att utforska livliga koralltr\u00e4dg\u00e5rdar och m\u00f6ta marint liv som sk\u00f6ldpaddor, revhajar och anemonfiskar. Anl\u00e4ggningen erbjuder \u00e4ven guidade snorklingsturer och dykutflykter.<\/p>\n\n\t\t<\/div>\n\t<\/div>\n<\/div><\/div><\/div><\/div><div class=\"vc_row wpb_row vc_row-fluid\"><div class=\"wpb_column vc_column_container vc_col-sm-3\"><div class=\"vc_column-inner\"><div class=\"wpb_wrapper\">\n\t<div  class=\"wpb_single_image wpb_content_element vc_align_left wpb_content_element\">\n\t\t\n\t\t<figure class=\"wpb_wrapper vc_figure\">\n\t\t\t<div class=\"vc_single_image-wrapper   vc_box_border_grey\"><img loading=\"lazy\" decoding=\"async\" width=\"150\" height=\"150\" src=\"https:\/\/maldives-paradise.com\/wp-content\/uploads\/2024\/07\/vakkaru-maldives-coral-reefs-150x150.jpg\" class=\"vc_single_image-img attachment-thumbnail\" alt=\"Vakkaru Maldivernas korallrev\" title=\"Vakkaru-Maldiverna-korallrev\" \/><\/div>\n\t\t<\/figure>\n\t<\/div>\n<\/div><\/div><\/div><div class=\"wpb_column vc_column_container vc_col-sm-9\"><div class=\"vc_column-inner\"><div class=\"wpb_wrapper\">\n\t<div class=\"wpb_text_column wpb_content_element\" >\n\t\t<div class=\"wpb_wrapper\">\n\t\t\t<h4><a href=\"https:\/\/lamp.glopss.com\/SHVx\" target=\"_blank\" rel=\"nofollow noopener\">Vakkaru Maldiverna<\/a><\/h4>\n<p>Vakkaru Maldives, som ligger i Baa-atollen, har ett vackert husrev som \u00e4r perfekt f\u00f6r snorkling och dykning. Revet \u00e4r hem f\u00f6r en m\u00e4ngd olika marina arter, inklusive \u00f6rnrockor, sk\u00f6ldpaddor och en m\u00e4ngd f\u00e4rgglada fiskar. Anl\u00e4ggningen erbjuder guidade snorklingsturer och dykutflykter f\u00f6r att utforska Baa-atollens undervattensunderverk.<\/p>\n\n\t\t<\/div>\n\t<\/div>\n<\/div><\/div><\/div><\/div><div class=\"vc_row wpb_row vc_row-fluid\"><div class=\"wpb_column vc_column_container vc_col-sm-3\"><div class=\"vc_column-inner\"><div class=\"wpb_wrapper\">\n\t<div  class=\"wpb_single_image wpb_content_element vc_align_left wpb_content_element\">\n\t\t\n\t\t<figure class=\"wpb_wrapper vc_figure\">\n\t\t\t<div class=\"vc_single_image-wrapper   vc_box_border_grey\"><img loading=\"lazy\" decoding=\"async\" width=\"150\" height=\"150\" src=\"https:\/\/maldives-paradise.com\/wp-content\/uploads\/2024\/07\/Kuredu-house-reef-2-150x150.jpg\" class=\"vc_single_image-img attachment-thumbnail\" alt=\"Kuredu Island Resort &amp; Spa husrev\" title=\"Kuredu-husrevet-2\" \/><\/div>\n\t\t<\/figure>\n\t<\/div>\n<\/div><\/div><\/div><div class=\"wpb_column vc_column_container vc_col-sm-9\"><div class=\"vc_column-inner\"><div class=\"wpb_wrapper\">\n\t<div class=\"wpb_text_column wpb_content_element\" >\n\t\t<div class=\"wpb_wrapper\">\n\t\t\t<h4><a href=\"https:\/\/lamp.glopss.com\/SHUf\" target=\"_blank\" rel=\"nofollow noopener\">Kuredu Island Resort &amp; Spa<\/a><\/h4>\n<p>Kuredu Island Resort &amp; Spa, som ligger i Lhaviyani-atollen, erbjuder en fantastisk upplevelse f\u00f6r husrevet f\u00f6r g\u00e4sterna. Revet \u00e4r hem f\u00f6r en m\u00e5ngfald av marint liv, inklusive sk\u00f6ldpaddor, rockor och revhajar. Anl\u00e4ggningens dykcenter erbjuder en rad kurser och utflykter, s\u00e5 att g\u00e4sterna kan utforska atollens undervattenssk\u00f6nhet.<\/p>\n\n\t\t<\/div>\n\t<\/div>\n<\/div><\/div><\/div><\/div><div class=\"vc_row wpb_row vc_row-fluid\"><div class=\"wpb_column vc_column_container vc_col-sm-3\"><div class=\"vc_column-inner\"><div class=\"wpb_wrapper\">\n\t<div  class=\"wpb_single_image wpb_content_element vc_align_left wpb_content_element\">\n\t\t\n\t\t<figure class=\"wpb_wrapper vc_figure\">\n\t\t\t<div class=\"vc_single_image-wrapper   vc_box_border_grey\"><img loading=\"lazy\" decoding=\"async\" width=\"150\" height=\"150\" src=\"https:\/\/maldives-paradise.com\/wp-content\/uploads\/2024\/07\/centara-grand-maldives-coral-reef-150x150.jpeg\" class=\"vc_single_image-img attachment-thumbnail\" alt=\"Centara Grand Island Resort and Spa husrev\" title=\"Centara-grand-maldiverna-korallrev\" \/><\/div>\n\t\t<\/figure>\n\t<\/div>\n<\/div><\/div><\/div><div class=\"wpb_column vc_column_container vc_col-sm-9\"><div class=\"vc_column-inner\"><div class=\"wpb_wrapper\">\n\t<div class=\"wpb_text_column wpb_content_element\" >\n\t\t<div class=\"wpb_wrapper\">\n\t\t\t<h4><a href=\"https:\/\/lamp.glopss.com\/aff_c?offer_id=1442&amp;aff_id=1834&amp;url=https%3A%2F%2Fwww.centarahotelsresorts.com%2Fcentaragrand%2Fcirm\" target=\"_blank\" rel=\"nofollow noopener\">Centara Grand Island Resort and Spa<\/a><\/h4>\n<p>Centara Grand Island Resort and Spa, som ligger i s\u00f6dra Ari-atollen, har ett fantastiskt husrev som \u00e4r idealiskt f\u00f6r snorkling och dykning. Revet kryllar av marint liv, inklusive valhajar, mantor och f\u00e4rgglada koraller. Anl\u00e4ggningen erbjuder guidade snorklingsturer och dykutflykter f\u00f6r att utforska den rika marina biologiska m\u00e5ngfalden p\u00e5 s\u00f6dra Ari-atollen.<\/p>\n\n\t\t<\/div>\n\t<\/div>\n<\/div><\/div><\/div><\/div><div class=\"vc_row wpb_row vc_row-fluid\"><div class=\"wpb_column vc_column_container vc_col-sm-3\"><div class=\"vc_column-inner\"><div class=\"wpb_wrapper\">\n\t<div  class=\"wpb_single_image wpb_content_element vc_align_left wpb_content_element\">\n\t\t\n\t\t<figure class=\"wpb_wrapper vc_figure\">\n\t\t\t<div class=\"vc_single_image-wrapper   vc_box_border_grey\"><img loading=\"lazy\" decoding=\"async\" width=\"150\" height=\"150\" src=\"https:\/\/maldives-paradise.com\/wp-content\/uploads\/2024\/07\/mirihi-project-hope-coral-reef-150x150.jpg\" class=\"vc_single_image-img attachment-thumbnail\" alt=\"Mirihi Island Resort husrev\" title=\"mirihi-projektet-hopp-korallrevet\" \/><\/div>\n\t\t<\/figure>\n\t<\/div>\n<\/div><\/div><\/div><div class=\"wpb_column vc_column_container vc_col-sm-9\"><div class=\"vc_column-inner\"><div class=\"wpb_wrapper\">\n\t<div class=\"wpb_text_column wpb_content_element\" >\n\t\t<div class=\"wpb_wrapper\">\n\t\t\t<h4><a href=\"https:\/\/trip.tpo.lv\/eo4xHL7L\" target=\"_blank\" rel=\"nofollow noopener\">Mirihi Island Resort<\/a><\/h4>\n<p>Mirihi Island Resort, som ligger i s\u00f6dra Ari-atollen, \u00e4r k\u00e4nt f\u00f6r sitt or\u00f6rda husrev som \u00e4r perfekt f\u00f6r snorkling. Revet \u00e4r hem f\u00f6r en m\u00e4ngd olika marina arter, inklusive sk\u00f6ldpaddor, revhajar och en m\u00e4ngd f\u00e4rgglada fiskar. Anl\u00e4ggningen erbjuder guidade snorklingsturer och dykutflykter f\u00f6r att utforska atollens undervattensunderverk.<\/p>\n\n\t\t<\/div>\n\t<\/div>\n<\/div><\/div><\/div><\/div><div class=\"vc_row wpb_row vc_row-fluid\"><div class=\"wpb_column vc_column_container vc_col-sm-3\"><div class=\"vc_column-inner\"><div class=\"wpb_wrapper\">\n\t<div  class=\"wpb_single_image wpb_content_element vc_align_left wpb_content_element\">\n\t\t\n\t\t<figure class=\"wpb_wrapper vc_figure\">\n\t\t\t<div class=\"vc_single_image-wrapper   vc_box_border_grey\"><img loading=\"lazy\" decoding=\"async\" width=\"150\" height=\"150\" src=\"https:\/\/maldives-paradise.com\/wp-content\/uploads\/2024\/07\/Park-hyatt-hadahaa-house-reef-150x150.jpg\" class=\"vc_single_image-img attachment-thumbnail\" alt=\"Park Hyatt Maldives Hadahaa husrev\" title=\"Park-hyatt-hadahaa-house-reef\" \/><\/div>\n\t\t<\/figure>\n\t<\/div>\n<\/div><\/div><\/div><div class=\"wpb_column vc_column_container vc_col-sm-9\"><div class=\"vc_column-inner\"><div class=\"wpb_wrapper\">\n\t<div class=\"wpb_text_column wpb_content_element\" >\n\t\t<div class=\"wpb_wrapper\">\n\t\t\t<h4><a href=\"https:\/\/trip.tpo.lv\/VgLltNfb\" target=\"_blank\" rel=\"nofollow noopener\">Park Hyatt Maldives Hadahaa<\/a><\/h4>\n<p>Park Hyatt Maldives Hadahaa, som ligger i Huvadhoo-atollen, har ett exceptionellt husrev som \u00e4r idealiskt f\u00f6r snorkling och dykning. Revet \u00e4r hem f\u00f6r en m\u00e5ngfald av marint liv, inklusive sk\u00f6ldpaddor, revhajar och f\u00e4rgglada koraller. Anl\u00e4ggningen erbjuder guidade snorklingsturer och dykutflykter f\u00f6r att utforska atollens undervattenssk\u00f6nhet.<\/p>\n\n\t\t<\/div>\n\t<\/div>\n<\/div><\/div><\/div><\/div><div class=\"vc_row wpb_row vc_row-fluid\"><div class=\"wpb_column vc_column_container vc_col-sm-12\"><div class=\"vc_column-inner\"><div class=\"wpb_wrapper\">\n\t<div class=\"wpb_text_column wpb_content_element\" >\n\t\t<div class=\"wpb_wrapper\">\n\t\t\t<p><strong>Slutsats<\/strong><\/p>\n<p>Maldiverna \u00e4r ett paradis f\u00f6r marina entusiaster, och erbjuder n\u00e5gra av de b\u00e4sta husreven i v\u00e4rlden. Var och en av dessa orter ger g\u00e4sterna unika m\u00f6jligheter att utforska livliga koralltr\u00e4dg\u00e5rdar, m\u00f6ta olika marina arter och njuta av undervattensv\u00e4rldens naturliga sk\u00f6nhet. Oavsett om du \u00e4r en ivrig dykare eller en avslappnad snorklare, erbjuder dessa orter med de b\u00e4sta husreven of\u00f6rgl\u00f6mliga upplevelser som visar upp Maldivernas hisnande marina biologiska m\u00e5ngfald.<\/p>\n\n\t\t<\/div>\n\t<\/div>\n<\/div><\/div><\/div><\/div><div class=\"vc_row wpb_row vc_row-fluid\"><div class=\"wpb_column vc_column_container vc_col-sm-12\"><div class=\"vc_column-inner\"><div class=\"wpb_wrapper\">\n\t<div class=\"wpb_text_column wpb_content_element\" >\n\t\t<div class=\"wpb_wrapper\">\n\t\t\t<p><a title=\"B\u00e4sta dykresorterna p\u00e5 Maldiverna\" href=\"https:\/\/maldives-paradise.com\/sv\/de-12-basta-dykresorterna-pa-maldiverna\/\">De b\u00e4sta dykresorterna p\u00e5 Maldiverna<\/a><\/p>\n<p><a href=\"https:\/\/maldives-paradise.com\/sv\/kategori\/tips\/dykning-snorkling\/\">Dykning och snorkling p\u00e5 Maldiverna<\/a><\/p>\n\n\t\t<\/div>\n\t<\/div>\n<\/div><\/div><\/div><\/div>\n<\/div>","protected":false},"excerpt":{"rendered":"<div class=\"mh-excerpt\"><\/div>","protected":false},"author":1,"featured_media":19238,"parent":0,"menu_order":0,"comment_status":"closed","ping_status":"closed","template":"","meta":{"footnotes":""},"class_list":["post-19235","page","type-page","status-publish","has-post-thumbnail"],"aioseo_notices":[],"_links":{"self":[{"href":"http:\/\/maldives-paradise.com\/sv\/wp-json\/wp\/v2\/pages\/19235","targetHints":{"allow":["GET"]}}],"collection":[{"href":"http:\/\/maldives-paradise.com\/sv\/wp-json\/wp\/v2\/pages"}],"about":[{"href":"http:\/\/maldives-paradise.com\/sv\/wp-json\/wp\/v2\/types\/page"}],"author":[{"embeddable":true,"href":"http:\/\/maldives-paradise.com\/sv\/wp-json\/wp\/v2\/users\/1"}],"replies":[{"embeddable":true,"href":"http:\/\/maldives-paradise.com\/sv\/wp-json\/wp\/v2\/comments?post=19235"}],"version-history":[{"count":6,"href":"http:\/\/maldives-paradise.com\/sv\/wp-json\/wp\/v2\/pages\/19235\/revisions"}],"predecessor-version":[{"id":43476,"href":"http:\/\/maldives-paradise.com\/sv\/wp-json\/wp\/v2\/pages\/19235\/revisions\/43476"}],"wp:featuredmedia":[{"embeddable":true,"href":"http:\/\/maldives-paradise.com\/sv\/wp-json\/wp\/v2\/media\/19238"}],"wp:attachment":[{"href":"http:\/\/maldives-paradise.com\/sv\/wp-json\/wp\/v2\/media?parent=19235"}],"curies":[{"name":"wp","href":"https:\/\/api.w.org\/{rel}","templated":true}]}}