{"id":17100,"date":"2024-06-10T17:37:57","date_gmt":"2024-06-10T17:37:57","guid":{"rendered":"http:\/\/maldives-paradise.com\/?page_id=17100"},"modified":"2025-09-18T15:49:23","modified_gmt":"2025-09-18T15:49:23","slug":"5-stjarniga-hotellresorter-i-maldiverna-8","status":"publish","type":"page","link":"http:\/\/maldives-paradise.com\/sv\/5-stjarniga-hotellresorter-i-maldiverna-8\/","title":{"rendered":"5-stj\u00e4rniga hotell och resorter i Maldiverna 8"},"content":{"rendered":"<div class=\"wpb-content-wrapper\"><div class=\"vc_row wpb_row vc_row-fluid\"><div class=\"wpb_column vc_column_container vc_col-sm-12\"><div class=\"vc_column-inner\"><div class=\"wpb_wrapper\">\n\t<div class=\"wpb_text_column wpb_content_element\" >\n\t\t<div class=\"wpb_wrapper\">\n\t\t\t<p><strong>Ett urval av de b\u00e4sta 5-stj\u00e4rniga hotellen och resorterna p\u00e5 Maldiverna<\/strong><\/p>\n<p>Maldiverna \u00e4r k\u00e4nda f\u00f6r sina <strong data-start=\"82\" data-end=\"121\">lyxiga 5-stj\u00e4rniga hotell och resorter<\/strong>, erbjuder enast\u00e5ende <strong data-start=\"145\" data-end=\"191\">elegans, integritet och service i v\u00e4rldsklass<\/strong>Med <strong data-start=\"450\" data-end=\"522\">fantastisk havsutsikt, vita sandstr\u00e4nder och kristallklara laguner<\/strong>, <strong data-start=\"524\" data-end=\"558\">5-stj\u00e4rniga resorter p\u00e5 Maldiverna<\/strong> omdefiniera tropisk lyx, vilket g\u00f6r dem till den perfekta destinationen f\u00f6r <strong data-start=\"625\" data-end=\"677\">smekm\u00e5nadsresen\u00e4rer, familjer och kr\u00e4sna resen\u00e4rer<\/strong> s\u00f6ker en of\u00f6rgl\u00f6mlig tillflyktsort.<\/p>\n\n\t\t<\/div>\n\t<\/div>\n<\/div><\/div><\/div><\/div><div class=\"vc_row wpb_row vc_row-fluid\"><div class=\"wpb_column vc_column_container vc_col-sm-3\"><div class=\"vc_column-inner\"><div class=\"wpb_wrapper\">\n\t<div  class=\"wpb_single_image wpb_content_element vc_align_left wpb_content_element\">\n\t\t\n\t\t<figure class=\"wpb_wrapper vc_figure\">\n\t\t\t<a href=\"http:\/\/maldives-paradise.com\/sv\/amaya-resort-kuda-rah\/\" target=\"_self\" class=\"vc_single_image-wrapper   vc_box_border_grey\"><img loading=\"lazy\" decoding=\"async\" width=\"150\" height=\"150\" src=\"https:\/\/maldives-paradise.com\/wp-content\/uploads\/2024\/06\/Amaya-Resort-Kuda-Rah-150x150.jpg\" class=\"vc_single_image-img attachment-thumbnail\" alt=\"Amaya Resort Kuda Rah\" title=\"Amaya Resort Kuda Rah\" \/><\/a>\n\t\t<\/figure>\n\t<\/div>\n<\/div><\/div><\/div><div class=\"wpb_column vc_column_container vc_col-sm-9\"><div class=\"vc_column-inner\"><div class=\"wpb_wrapper\">\n\t<div class=\"wpb_text_column wpb_content_element\" >\n\t\t<div class=\"wpb_wrapper\">\n\t\t\t<h4><a href=\"http:\/\/maldives-paradise.com\/sv\/amaya-resort-kuda-rah\/\">Amaya Resort Kuda Rah<\/a><\/h4>\n<p>Amaya Resort Kuda Rah ligger p\u00e5 s\u00f6dra Ari-atollen och erbjuder en idyllisk tillflyktsort i hj\u00e4rtat av Maldiverna. Denna femstj\u00e4rniga resort kombinerar naturlig sk\u00f6nhet med modern lyx, vilket ger en perfekt tillflyktsort f\u00f6r dem som s\u00f6ker avkoppling, \u00e4ventyr och o\u00f6vertr\u00e4ffad service. H\u00e4r \u00e4r de b\u00e4sta funktionerna som g\u00f6r Amaya Resort Kuda Rah till en enast\u00e5ende destination p\u00e5 Maldiverna.<\/p>\n\n\t\t<\/div>\n\t<\/div>\n<\/div><\/div><\/div><\/div><div class=\"vc_row wpb_row vc_row-fluid\"><div class=\"wpb_column vc_column_container vc_col-sm-3\"><div class=\"vc_column-inner\"><div class=\"wpb_wrapper\">\n\t<div  class=\"wpb_single_image wpb_content_element vc_align_left wpb_content_element\">\n\t\t\n\t\t<figure class=\"wpb_wrapper vc_figure\">\n\t\t\t<a href=\"http:\/\/maldives-paradise.com\/sv\/amilla-maldiverna-resort-och-bostader\/\" target=\"_self\" class=\"vc_single_image-wrapper   vc_box_border_grey\"><img loading=\"lazy\" decoding=\"async\" width=\"150\" height=\"150\" src=\"https:\/\/maldives-paradise.com\/wp-content\/uploads\/2024\/03\/Amilla-Maldives-Overwater-Pool-Villa-Destination-Deluxe-150x150.jpg\" class=\"vc_single_image-img attachment-thumbnail\" alt=\"Amilla Maldives Resort &amp; Residences\" title=\"Amilla-Maldiverna-Overwater-Pool-Villa-Destination-Deluxe.jpg\" \/><\/a>\n\t\t<\/figure>\n\t<\/div>\n<\/div><\/div><\/div><div class=\"wpb_column vc_column_container vc_col-sm-9\"><div class=\"vc_column-inner\"><div class=\"wpb_wrapper\">\n\t<div class=\"wpb_text_column wpb_content_element\" >\n\t\t<div class=\"wpb_wrapper\">\n\t\t\t<h4><a href=\"http:\/\/maldives-paradise.com\/sv\/amilla-maldiverna-resort-och-bostader\/\">Amilla Maldiverna<\/a><\/h4>\n<p>Amilla Maldives utm\u00e4rker sig som en ledstj\u00e4rna f\u00f6r lyx och lugn p\u00e5 Maldiverna. Inb\u00e4ddat i hj\u00e4rtat av UNESCO:s v\u00e4rldsbiosf\u00e4rreservat Baa Atoll, erbjuder denna resort en uts\u00f6kt blandning av naturlig sk\u00f6nhet och moderna bekv\u00e4mligheter, vilket g\u00f6r den till ett f\u00f6rstklassigt resm\u00e5l f\u00f6r resen\u00e4rer som s\u00f6ker en o\u00f6vertr\u00e4ffad upplevelse. H\u00e4r \u00e4r de viktigaste funktionerna som g\u00f6r Amilla Maldives till ett m\u00e5ste att bes\u00f6ka.<\/p>\n\n\t\t<\/div>\n\t<\/div>\n<\/div><\/div><\/div><\/div><div class=\"vc_row wpb_row vc_row-fluid\"><div class=\"wpb_column vc_column_container vc_col-sm-3\"><div class=\"vc_column-inner\"><div class=\"wpb_wrapper\">\n\t<div  class=\"wpb_single_image wpb_content_element vc_align_left wpb_content_element\">\n\t\t\n\t\t<figure class=\"wpb_wrapper vc_figure\">\n\t\t\t<a href=\"http:\/\/maldives-paradise.com\/sv\/gomstalle-beach-resort-spa\/\" target=\"_self\" class=\"vc_single_image-wrapper   vc_box_border_grey\"><img loading=\"lazy\" decoding=\"async\" width=\"150\" height=\"150\" src=\"https:\/\/maldives-paradise.com\/wp-content\/uploads\/2024\/06\/hideaway-beach-resort-spa-1-150x150.jpg\" class=\"vc_single_image-img attachment-thumbnail\" alt=\"Hideaway Beach Resort &amp; Spa\" title=\"g\u00f6mst\u00e4lle badort och spa\" \/><\/a>\n\t\t<\/figure>\n\t<\/div>\n<\/div><\/div><\/div><div class=\"wpb_column vc_column_container vc_col-sm-9\"><div class=\"vc_column-inner\"><div class=\"wpb_wrapper\">\n\t<div class=\"wpb_text_column wpb_content_element\" >\n\t\t<div class=\"wpb_wrapper\">\n\t\t\t<h4><a href=\"http:\/\/maldives-paradise.com\/sv\/gomstalle-beach-resort-spa\/\">Hideaway Beach Resort &amp; Spa, Maldiverna<\/a><\/h4>\n<p>Maldiverna, k\u00e4nda f\u00f6r sin fantastiska naturliga sk\u00f6nhet och lyxiga boende, \u00e4r hem f\u00f6r m\u00e5nga semesterorter i v\u00e4rldsklass. Bland dessa framst\u00e5r Hideaway Beach Resort &amp; Spa som ett m\u00f6nster av extravagans och fridfull lugn. Inb\u00e4ddat p\u00e5 den halvm\u00e5neformade \u00f6n Dhonakulhi, erbjuder denna exklusiva resort en fristad f\u00f6r resen\u00e4rer som s\u00f6ker b\u00e5de \u00e4ventyr och avkoppling. H\u00e4r \u00e4r de b\u00e4sta funktionerna som g\u00f6r Hideaway Beach Resort &amp; Spa till en fr\u00e4msta destination p\u00e5 Maldiverna.<\/p>\n\n\t\t<\/div>\n\t<\/div>\n<\/div><\/div><\/div><\/div><div class=\"vc_row wpb_row vc_row-fluid\"><div class=\"wpb_column vc_column_container vc_col-sm-3\"><div class=\"vc_column-inner\"><div class=\"wpb_wrapper\">\n\t<div  class=\"wpb_single_image wpb_content_element vc_align_left wpb_content_element\">\n\t\t\n\t\t<figure class=\"wpb_wrapper vc_figure\">\n\t\t\t<a href=\"http:\/\/maldives-paradise.com\/sv\/jawakara-oarna-maldiverna\/\" target=\"_self\" class=\"vc_single_image-wrapper   vc_box_border_grey\"><img loading=\"lazy\" decoding=\"async\" width=\"150\" height=\"150\" src=\"https:\/\/maldives-paradise.com\/wp-content\/uploads\/2024\/06\/jawakara-150x150.jpg\" class=\"vc_single_image-img attachment-thumbnail\" alt=\"Jawakara Islands Maldiverna\" title=\"jawakara\" \/><\/a>\n\t\t<\/figure>\n\t<\/div>\n<\/div><\/div><\/div><div class=\"wpb_column vc_column_container vc_col-sm-9\"><div class=\"vc_column-inner\"><div class=\"wpb_wrapper\">\n\t<div class=\"wpb_text_column wpb_content_element\" >\n\t\t<div class=\"wpb_wrapper\">\n\t\t\t<h4><a href=\"http:\/\/maldives-paradise.com\/sv\/jawakara-oarna-maldiverna\/\">Jawakara Islands Maldiverna<\/a><\/h4>\n<p>Jawakara Islands Maldives ligger i hj\u00e4rtat av den or\u00f6rda Raa-atollen och \u00e4r en lyxresort som utlovar en of\u00f6rgl\u00f6mlig upplevelse av \u00f6verfl\u00f6d och naturlig sk\u00f6nhet. Denna resort \u00e4r k\u00e4nd f\u00f6r sina p\u00e5kostade boenden, exceptionella matst\u00e4llen och en uppsj\u00f6 av aktiviteter utformade f\u00f6r att tillgodose alla g\u00e4sters \u00f6nskem\u00e5l. H\u00e4r \u00e4r de b\u00e4sta funktionerna som g\u00f6r Jawakara Islands Maldiverna till en fr\u00e4msta destination f\u00f6r kr\u00e4sna resen\u00e4rer.<\/p>\n\n\t\t<\/div>\n\t<\/div>\n<\/div><\/div><\/div><\/div><div class=\"vc_row wpb_row vc_row-fluid\"><div class=\"wpb_column vc_column_container vc_col-sm-3\"><div class=\"vc_column-inner\"><div class=\"wpb_wrapper\">\n\t<div  class=\"wpb_single_image wpb_content_element vc_align_left wpb_content_element\">\n\t\t\n\t\t<figure class=\"wpb_wrapper vc_figure\">\n\t\t\t<a href=\"http:\/\/maldives-paradise.com\/sv\/kihaa-maldiverna\/\" target=\"_self\" class=\"vc_single_image-wrapper   vc_box_border_grey\"><img loading=\"lazy\" decoding=\"async\" width=\"150\" height=\"150\" src=\"https:\/\/maldives-paradise.com\/wp-content\/uploads\/2024\/06\/kihaa-maldives-resort-150x150.jpg\" class=\"vc_single_image-img attachment-thumbnail\" alt=\"Kihaa Maldiverna\" title=\"kihaa-maldiverna-resort\" \/><\/a>\n\t\t<\/figure>\n\t<\/div>\n<\/div><\/div><\/div><div class=\"wpb_column vc_column_container vc_col-sm-9\"><div class=\"vc_column-inner\"><div class=\"wpb_wrapper\">\n\t<div class=\"wpb_text_column wpb_content_element\" >\n\t\t<div class=\"wpb_wrapper\">\n\t\t\t<h4><a href=\"http:\/\/maldives-paradise.com\/sv\/kihaa-maldiverna\/\">Kihaa Maldiverna<\/a><\/h4>\n<p>Kihaa Maldives erbjuder en o\u00f6vertr\u00e4ffad lyxupplevelse som utlovar en idyllisk oas omgiven av Indiska oceanens hisnande sk\u00f6nhet. Denna femstj\u00e4rniga resort, bel\u00e4gen i Baa-atollen, ett UNESCO-biosf\u00e4rreservat, kombinerar naturlig prakt med f\u00f6rstklassiga bekv\u00e4mligheter, vilket g\u00f6r det till ett m\u00e5ste att bes\u00f6ka f\u00f6r kr\u00e4sna resen\u00e4rer som s\u00f6ker en perfekt blandning av avkoppling och \u00e4ventyr. H\u00e4r \u00e4r de fr\u00e4msta funktionerna som skiljer Kihaa Maldiverna \u00e5t som en f\u00f6rstklassig lyxresort.<\/p>\n\n\t\t<\/div>\n\t<\/div>\n<\/div><\/div><\/div><\/div><div class=\"vc_row wpb_row vc_row-fluid\"><div class=\"wpb_column vc_column_container vc_col-sm-3\"><div class=\"vc_column-inner\"><div class=\"wpb_wrapper\">\n\t<div  class=\"wpb_single_image wpb_content_element vc_align_left wpb_content_element\">\n\t\t\n\t\t<figure class=\"wpb_wrapper vc_figure\">\n\t\t\t<a href=\"http:\/\/maldives-paradise.com\/sv\/noku-maldiverna\/\" target=\"_self\" class=\"vc_single_image-wrapper   vc_box_border_grey\"><img loading=\"lazy\" decoding=\"async\" width=\"150\" height=\"150\" src=\"https:\/\/maldives-paradise.com\/wp-content\/uploads\/2024\/06\/Noku-Maldives-150x150.jpg\" class=\"vc_single_image-img attachment-thumbnail\" alt=\"Noku Maldiverna\" title=\"Noku Maldiverna\" \/><\/a>\n\t\t<\/figure>\n\t<\/div>\n<\/div><\/div><\/div><div class=\"wpb_column vc_column_container vc_col-sm-9\"><div class=\"vc_column-inner\"><div class=\"wpb_wrapper\">\n\t<div class=\"wpb_text_column wpb_content_element\" >\n\t\t<div class=\"wpb_wrapper\">\n\t\t\t<h4><a href=\"http:\/\/maldives-paradise.com\/sv\/noku-maldiverna\/\">Noku Maldives Resort<\/a><\/h4>\n<p>Noku Maldives Resort ligger inb\u00e4ddat i Noonu-atollens or\u00f6rda vatten och \u00e4r en oas av lugn och lyx. Denna exklusiva resort erbjuder en perfekt blandning av naturlig sk\u00f6nhet, moderna bekv\u00e4mligheter och exceptionell service, vilket g\u00f6r den till en idealisk destination f\u00f6r resen\u00e4rer som s\u00f6ker en fridfull och \u00f6verseende flykt. H\u00e4r \u00e4r de b\u00e4sta funktionerna som g\u00f6r Noku Maldives Resort till en enast\u00e5ende lyxdestination p\u00e5 Maldiverna.<\/p>\n\n\t\t<\/div>\n\t<\/div>\n<\/div><\/div><\/div><\/div><div class=\"vc_row wpb_row vc_row-fluid\"><div class=\"wpb_column vc_column_container vc_col-sm-3\"><div class=\"vc_column-inner\"><div class=\"wpb_wrapper\">\n\t<div  class=\"wpb_single_image wpb_content_element vc_align_left wpb_content_element\">\n\t\t\n\t\t<figure class=\"wpb_wrapper vc_figure\">\n\t\t\t<a href=\"http:\/\/maldives-paradise.com\/sv\/residenset-maldiverna-falhumaafushi\/\" target=\"_self\" class=\"vc_single_image-wrapper   vc_box_border_grey\"><img loading=\"lazy\" decoding=\"async\" width=\"150\" height=\"150\" src=\"https:\/\/maldives-paradise.com\/wp-content\/uploads\/2024\/06\/The-Residence-Maldives-Falhumaafushi-1-150x150.jpg\" class=\"vc_single_image-img attachment-thumbnail\" alt=\"Residence Maldives Falhumaafushi\" title=\"Residence Maldives Falhumaafushi\" \/><\/a>\n\t\t<\/figure>\n\t<\/div>\n<\/div><\/div><\/div><div class=\"wpb_column vc_column_container vc_col-sm-9\"><div class=\"vc_column-inner\"><div class=\"wpb_wrapper\">\n\t<div class=\"wpb_text_column wpb_content_element\" >\n\t\t<div class=\"wpb_wrapper\">\n\t\t\t<h4><a href=\"http:\/\/maldives-paradise.com\/sv\/residenset-maldiverna-falhumaafushi\/\">Residence Maldives Falhumaafushi<\/a><\/h4>\n<p>Residence Maldives Falhumaafushi, som ligger p\u00e5 den or\u00f6rda \u00f6n Falhumaafushi i Gaafu Alifu-atollen, erbjuder en uts\u00f6kt blandning av lyx, komfort och naturlig sk\u00f6nhet. Denna femstj\u00e4rniga resort \u00e4r k\u00e4nd f\u00f6r sin exceptionella service, fantastiska boenden och olika fritidsaktiviteter, vilket g\u00f6r den till en idealisk destination f\u00f6r resen\u00e4rer som s\u00f6ker en of\u00f6rgl\u00f6mlig semester i Maldiverna. H\u00e4r \u00e4r de b\u00e4sta funktionerna som skiljer The Residence Maldives Falhumaafushi fr\u00e5n varandra.<\/p>\n\n\t\t<\/div>\n\t<\/div>\n<\/div><\/div><\/div><\/div><div class=\"vc_row wpb_row vc_row-fluid\"><div class=\"wpb_column vc_column_container vc_col-sm-3\"><div class=\"vc_column-inner\"><div class=\"wpb_wrapper\">\n\t<div  class=\"wpb_single_image wpb_content_element vc_align_left wpb_content_element\">\n\t\t\n\t\t<figure class=\"wpb_wrapper vc_figure\">\n\t\t\t<div class=\"vc_single_image-wrapper   vc_box_border_grey\"><img loading=\"lazy\" decoding=\"async\" width=\"150\" height=\"150\" src=\"https:\/\/maldives-paradise.com\/wp-content\/uploads\/2024\/07\/le-meridien-150x150.jpg\" class=\"vc_single_image-img attachment-thumbnail\" alt=\"Le M\u00e9ridien Maldives Resort\" title=\"le-meridien\" \/><\/div>\n\t\t<\/figure>\n\t<\/div>\n<\/div><\/div><\/div><div class=\"wpb_column vc_column_container vc_col-sm-9\"><div class=\"vc_column-inner\"><div class=\"wpb_wrapper\">\n\t<div class=\"wpb_text_column wpb_content_element\" >\n\t\t<div class=\"wpb_wrapper\">\n\t\t\t<h4><a href=\"http:\/\/maldives-paradise.com\/sv\/le-meridien-maldiverna-resort\/\">Le M\u00e9ridien Maldives Resort<\/a><\/h4>\n<p>Le M\u00e9ridien Maldives Resort, som ligger p\u00e5 den idylliska \u00f6n Thilamaafushi i Lhaviyani-atollen, erbjuder en o\u00f6vertr\u00e4ffad flykt till en v\u00e4rld av lyx och naturlig sk\u00f6nhet. Denna resort \u00e4r symbolen f\u00f6r elegans och blandar modern sofistikering med Maldivernas fantastiska naturlandskap. L\u00e5t oss f\u00f6rdjupa oss i de b\u00e4sta funktionerna som g\u00f6r Le M\u00e9ridien Maldives Resort till en f\u00f6rstklassig destination f\u00f6r kr\u00e4sna resen\u00e4rer.<\/p>\n\n\t\t<\/div>\n\t<\/div>\n<\/div><\/div><\/div><\/div><div class=\"vc_row wpb_row vc_row-fluid\"><div class=\"wpb_column vc_column_container vc_col-sm-3\"><div class=\"vc_column-inner\"><div class=\"wpb_wrapper\">\n\t<div  class=\"wpb_single_image wpb_content_element vc_align_left wpb_content_element\">\n\t\t\n\t\t<figure class=\"wpb_wrapper vc_figure\">\n\t\t\t<div class=\"vc_single_image-wrapper   vc_box_border_grey\"><img loading=\"lazy\" decoding=\"async\" width=\"150\" height=\"150\" src=\"https:\/\/maldives-paradise.com\/wp-content\/uploads\/2024\/07\/siyam-world-maldives-150x150.jpg\" class=\"vc_single_image-img attachment-thumbnail\" alt=\"Siyam World Maldiverna\" title=\"siyam-v\u00e4rlden-maldiverna\" \/><\/div>\n\t\t<\/figure>\n\t<\/div>\n<\/div><\/div><\/div><div class=\"wpb_column vc_column_container vc_col-sm-9\"><div class=\"vc_column-inner\"><div class=\"wpb_wrapper\">\n\t<div class=\"wpb_text_column wpb_content_element\" >\n\t\t<div class=\"wpb_wrapper\">\n\t\t\t<h4><a href=\"http:\/\/maldives-paradise.com\/sv\/siyam-varlden-maldiverna\/\">Siyam World Maldiverna<\/a><\/h4>\n<p>Inb\u00e4ddat i hj\u00e4rtat av Indiska oceanen st\u00e5r Siyam World Maldives som en ledstj\u00e4rna f\u00f6r \u00f6verfl\u00f6d och lugn. Denna lyxiga resort, bel\u00e4gen i Noonu Atoll, erbjuder en unik blandning av naturlig sk\u00f6nhet, moderna bekv\u00e4mligheter och bekv\u00e4mligheter i v\u00e4rldsklass. H\u00e4r utforskar vi de b\u00e4sta funktionerna som g\u00f6r Siyam World Maldives till en fr\u00e4msta destination f\u00f6r resen\u00e4rer som s\u00f6ker en of\u00f6rgl\u00f6mlig \u00f6-flykt.<\/p>\n\n\t\t<\/div>\n\t<\/div>\n<\/div><\/div><\/div><\/div><div class=\"vc_row wpb_row vc_row-fluid\"><div class=\"wpb_column vc_column_container vc_col-sm-3\"><div class=\"vc_column-inner\"><div class=\"wpb_wrapper\">\n\t<div  class=\"wpb_single_image wpb_content_element vc_align_left wpb_content_element\">\n\t\t\n\t\t<figure class=\"wpb_wrapper vc_figure\">\n\t\t\t<div class=\"vc_single_image-wrapper   vc_box_border_grey\"><img loading=\"lazy\" decoding=\"async\" width=\"150\" height=\"150\" src=\"https:\/\/maldives-paradise.com\/wp-content\/uploads\/2024\/07\/ifuru-island-resort-150x150.jpg\" class=\"vc_single_image-img attachment-thumbnail\" alt=\"Ifuru Island Resort Maldiverna\" title=\"ifuru-\u00f6-resort\" \/><\/div>\n\t\t<\/figure>\n\t<\/div>\n<\/div><\/div><\/div><div class=\"wpb_column vc_column_container vc_col-sm-9\"><div class=\"vc_column-inner\"><div class=\"wpb_wrapper\">\n\t<div class=\"wpb_text_column wpb_content_element\" >\n\t\t<div class=\"wpb_wrapper\">\n\t\t\t<h4><a href=\"http:\/\/maldives-paradise.com\/sv\/ifuru-island-resort-maldiverna\/\">Ifuru Island Resort Maldiverna<\/a><\/h4>\n<p>Ifuru Island Resort Maldives ligger i den pittoreska Raa-atollen och \u00e4r en f\u00f6rstklassig lyxdestination som utlovar en of\u00f6rgl\u00f6mlig tropisk flykt. Denna resort blandar modern \u00f6verfl\u00f6d med Maldivernas naturliga sk\u00f6nhet, och erbjuder g\u00e4sterna en extraordin\u00e4r upplevelse. L\u00e5t oss utforska de b\u00e4sta funktionerna som g\u00f6r Ifuru Island Resort Maldives till ett enast\u00e5ende val f\u00f6r kr\u00e4sna resen\u00e4rer.<\/p>\n\n\t\t<\/div>\n\t<\/div>\n<\/div><\/div><\/div><\/div><div class=\"vc_row wpb_row vc_row-fluid\"><div class=\"wpb_column vc_column_container vc_col-sm-3\"><div class=\"vc_column-inner\"><div class=\"wpb_wrapper\">\n\t<div  class=\"wpb_single_image wpb_content_element vc_align_left wpb_content_element\">\n\t\t\n\t\t<figure class=\"wpb_wrapper vc_figure\">\n\t\t\t<a href=\"https:\/\/maldives-paradise.com\/sv\/avani-fares-maldiverna-resort\/\" target=\"_self\" class=\"vc_single_image-wrapper   vc_box_border_grey\"><img loading=\"lazy\" decoding=\"async\" width=\"150\" height=\"150\" src=\"https:\/\/maldives-paradise.com\/wp-content\/uploads\/2024\/09\/avani-fares-overwater-villa-150x150.jpg\" class=\"vc_single_image-img attachment-thumbnail\" alt=\"Avani+ Fares Maldives Resort\" title=\"avani-priser-\u00f6vervatten-villa\" \/><\/a>\n\t\t<\/figure>\n\t<\/div>\n<\/div><\/div><\/div><div class=\"wpb_column vc_column_container vc_col-sm-9\"><div class=\"vc_column-inner\"><div class=\"wpb_wrapper\">\n\t<div class=\"wpb_text_column wpb_content_element\" >\n\t\t<div class=\"wpb_wrapper\">\n\t\t\t<h4><a href=\"https:\/\/maldives-paradise.com\/sv\/avani-fares-maldiverna-resort\/\">Avani+ Fares Maldives Resort<\/a><\/h4>\n<p>Avani+ Fares Maldives Resort erbjuder en extraordin\u00e4r lyxresa omgiven av kristallklart vatten, pudermjuka str\u00e4nder och frodig gr\u00f6nska. Denna exklusiva resort \u00f6ppnade 2023 och kombinerar modern elegans med maldivisk charm, och erbjuder g\u00e4sterna en perfekt blandning av avkoppling, \u00e4ventyr och h\u00e5llbart boende. H\u00e4r \u00e4r de b\u00e4sta funktionerna som g\u00f6r att Avani+ Fares Maldives Resort sticker ut som en f\u00f6rstklassig lyxdestination.<\/p>\n\n\t\t<\/div>\n\t<\/div>\n<\/div><\/div><\/div><\/div><div class=\"vc_row wpb_row vc_row-fluid\"><div class=\"wpb_column vc_column_container vc_col-sm-3\"><div class=\"vc_column-inner\"><div class=\"wpb_wrapper\">\n\t<div  class=\"wpb_single_image wpb_content_element vc_align_left wpb_content_element\">\n\t\t\n\t\t<figure class=\"wpb_wrapper vc_figure\">\n\t\t\t<a href=\"https:\/\/maldives-paradise.com\/sv\/furaveri-maldives\/\" target=\"_self\" class=\"vc_single_image-wrapper   vc_box_border_grey\"><img loading=\"lazy\" decoding=\"async\" width=\"150\" height=\"150\" src=\"https:\/\/maldives-paradise.com\/wp-content\/uploads\/2024\/09\/furaveri-maldives-150x150.jpg\" class=\"vc_single_image-img attachment-thumbnail\" alt=\"Furaveri Maldiverna\" title=\"furaveri-maldiverna\" \/><\/a>\n\t\t<\/figure>\n\t<\/div>\n<\/div><\/div><\/div><div class=\"wpb_column vc_column_container vc_col-sm-9\"><div class=\"vc_column-inner\"><div class=\"wpb_wrapper\">\n\t<div class=\"wpb_text_column wpb_content_element\" >\n\t\t<div class=\"wpb_wrapper\">\n\t\t\t<h4><a href=\"https:\/\/maldives-paradise.com\/sv\/furaveri-maldives\/\">Furaveri Maldiverna<\/a><\/h4>\n<p>Furaveri Maldives Resort ligger i den pittoreska Raa-atollen och erbjuder en typisk lyxresa i hj\u00e4rtat av Maldiverna. Omgiven av or\u00f6rda str\u00e4nder, kristallklart vatten och frodiga tropiska landskap, \u00e4r Furaveri ett paradis f\u00f6r resen\u00e4rer som s\u00f6ker lugn, \u00e4ventyr och \u00f6verseende. Med fokus p\u00e5 maldivisk charm och moderna bekv\u00e4mligheter, erbjuder resorten en of\u00f6rgl\u00f6mlig semesterupplevelse. L\u00e5t oss utforska de fr\u00e4msta egenskaperna hos Furaveri Maldives Resort som g\u00f6r det till en dr\u00f6mdestination f\u00f6r resen\u00e4rer \u00f6ver hela v\u00e4rlden.<\/p>\n\n\t\t<\/div>\n\t<\/div>\n<\/div><\/div><\/div><\/div><div class=\"vc_row wpb_row vc_row-fluid\"><div class=\"wpb_column vc_column_container vc_col-sm-12\"><div class=\"vc_column-inner\"><div class=\"wpb_wrapper\">\n\t<div class=\"wpb_text_column wpb_content_element\" >\n\t\t<div class=\"wpb_wrapper\">\n\t\t\t<h3>5-stj\u00e4rniga hotell och resorter i Maldiverna\u00a0 <a href=\"http:\/\/maldives-paradise.com\/sv\/?page_id=4124\">Sida 1<\/a> <a href=\"http:\/\/maldives-paradise.com\/sv\/?page_id=7968\">Sida 2<\/a> \u00a0 <a href=\"http:\/\/maldives-paradise.com\/sv\/?page_id=7996\">Sida 3<\/a>\u00a0 <a href=\"http:\/\/maldives-paradise.com\/sv\/?page_id=8053\">Sida 4<\/a>\u00a0 <a href=\"http:\/\/maldives-paradise.com\/sv\/?page_id=8128\">Sida 5<\/a>\u00a0\u00a0 <a href=\"http:\/\/maldives-paradise.com\/sv\/?page_id=8170\">Sida 6<\/a><\/h3>\n<h3><a href=\"http:\/\/maldives-paradise.com\/sv\/5-stjarniga-hotellresorter-i-maldiverna-7\/\">Sida 7<\/a>\u00a0\u00a0<a href=\"https:\/\/maldives-paradise.com\/sv\/5-stjarniga-hotellresorter-i-maldiverna-9\/\">Sida 9<\/a><\/h3>\n\n\t\t<\/div>\n\t<\/div>\n<\/div><\/div><\/div><\/div>\n<\/div>","protected":false},"excerpt":{"rendered":"<div class=\"mh-excerpt\"><\/div>","protected":false},"author":1,"featured_media":17021,"parent":0,"menu_order":0,"comment_status":"closed","ping_status":"closed","template":"","meta":{"footnotes":""},"class_list":["post-17100","page","type-page","status-publish","has-post-thumbnail"],"aioseo_notices":[],"_links":{"self":[{"href":"http:\/\/maldives-paradise.com\/sv\/wp-json\/wp\/v2\/pages\/17100","targetHints":{"allow":["GET"]}}],"collection":[{"href":"http:\/\/maldives-paradise.com\/sv\/wp-json\/wp\/v2\/pages"}],"about":[{"href":"http:\/\/maldives-paradise.com\/sv\/wp-json\/wp\/v2\/types\/page"}],"author":[{"embeddable":true,"href":"http:\/\/maldives-paradise.com\/sv\/wp-json\/wp\/v2\/users\/1"}],"replies":[{"embeddable":true,"href":"http:\/\/maldives-paradise.com\/sv\/wp-json\/wp\/v2\/comments?post=17100"}],"version-history":[{"count":6,"href":"http:\/\/maldives-paradise.com\/sv\/wp-json\/wp\/v2\/pages\/17100\/revisions"}],"predecessor-version":[{"id":41910,"href":"http:\/\/maldives-paradise.com\/sv\/wp-json\/wp\/v2\/pages\/17100\/revisions\/41910"}],"wp:featuredmedia":[{"embeddable":true,"href":"http:\/\/maldives-paradise.com\/sv\/wp-json\/wp\/v2\/media\/17021"}],"wp:attachment":[{"href":"http:\/\/maldives-paradise.com\/sv\/wp-json\/wp\/v2\/media?parent=17100"}],"curies":[{"name":"wp","href":"https:\/\/api.w.org\/{rel}","templated":true}]}}