{"id":16861,"date":"2024-06-06T17:52:14","date_gmt":"2024-06-06T17:52:14","guid":{"rendered":"http:\/\/maldives-paradise.com\/?page_id=16861"},"modified":"2025-02-22T18:02:06","modified_gmt":"2025-02-22T18:02:06","slug":"basta-lyxresorterna-i-addu-atoll","status":"publish","type":"page","link":"http:\/\/maldives-paradise.com\/sv\/basta-lyxresorterna-i-addu-atoll\/","title":{"rendered":"B\u00e4sta lyxresorterna i Addu Atoll"},"content":{"rendered":"<div class=\"wpb-content-wrapper\"><div class=\"vc_row wpb_row vc_row-fluid\"><div class=\"wpb_column vc_column_container vc_col-sm-12\"><div class=\"vc_column-inner\"><div class=\"wpb_wrapper\">\n\t<div class=\"wpb_text_column wpb_content_element\" >\n\t\t<div class=\"wpb_wrapper\">\n\t\t\t<p>Addu Atoll, den sydligaste atollen p\u00e5 Maldiverna, \u00e4r k\u00e4nd f\u00f6r sina fantastiska landskap, pulserande marint liv och lyxiga resorter. Den h\u00e4r atollen, \u00e4ven k\u00e4nd som Seenu Atoll, erbjuder en perfekt blandning av lugn och \u00f6verfl\u00f6d, vilket g\u00f6r den till en utm\u00e4rkt destination f\u00f6r lyxresen\u00e4rer. H\u00e4r \u00e4r de b\u00e4sta lyxresorterna i Addu Atoll, som var och en erbjuder utm\u00e4rkande egenskaper och exceptionell service.<\/p>\n\n\t\t<\/div>\n\t<\/div>\n<\/div><\/div><\/div><\/div><div class=\"vc_row wpb_row vc_row-fluid\"><div class=\"wpb_column vc_column_container vc_col-sm-12\"><div class=\"vc_column-inner\"><div class=\"wpb_wrapper\">\n\t<div  class=\"wpb_single_image wpb_content_element vc_align_left wpb_content_element\">\n\t\t<h2 class=\"wpb_heading wpb_singleimage_heading\">Shangri-La&#039;s Villingili Resort and Spa<\/h2>\n\t\t<figure class=\"wpb_wrapper vc_figure\">\n\t\t\t<div class=\"vc_single_image-wrapper   vc_box_border_grey\"><img loading=\"lazy\" decoding=\"async\" width=\"800\" height=\"534\" src=\"https:\/\/maldives-paradise.com\/wp-content\/uploads\/2024\/06\/Shangri-La-Maldives.jpg\" class=\"vc_single_image-img attachment-large\" alt=\"Shangri-La&#039;s Villingili Resort and Spa\" title=\"Shangri-La-Maldiverna\" srcset=\"https:\/\/maldives-paradise.com\/wp-content\/uploads\/2024\/06\/Shangri-La-Maldives.jpg 800w, https:\/\/maldives-paradise.com\/wp-content\/uploads\/2024\/06\/Shangri-La-Maldives-300x200.jpg 300w, https:\/\/maldives-paradise.com\/wp-content\/uploads\/2024\/06\/Shangri-La-Maldives-768x513.jpg 768w, https:\/\/maldives-paradise.com\/wp-content\/uploads\/2024\/06\/Shangri-La-Maldives-18x12.jpg 18w, https:\/\/maldives-paradise.com\/wp-content\/uploads\/2024\/06\/Shangri-La-Maldives-500x334.jpg 500w\" sizes=\"auto, (max-width: 800px) 100vw, 800px\" \/><\/div>\n\t\t<\/figure>\n\t<\/div>\n<\/div><\/div><\/div><\/div><div class=\"vc_row wpb_row vc_row-fluid\"><div class=\"wpb_column vc_column_container vc_col-sm-12\"><div class=\"vc_column-inner\"><div class=\"wpb_wrapper\">\n\t<div class=\"wpb_text_column wpb_content_element\" >\n\t\t<div class=\"wpb_wrapper\">\n\t\t\t<h4><a href=\"https:\/\/hotellook.tp.st\/s102UtR1\" target=\"_blank\" rel=\"nofollow noopener\">Shangri-La&#039;s Villingili Resort and Spa<\/a><\/h4>\n<p>Shangri-La&#039;s Villingili Resort and Spa symboliserar lyx med sina rymliga villor och fantastiska bungalower \u00f6ver vattnet. Denna resort har en 9-h\u00e5ls golfbana, ett unikt utbud p\u00e5 Maldiverna. G\u00e4sterna kan njuta av f\u00f6ryngrande behandlingar p\u00e5 CHI, The Spa, \u00e4ta p\u00e5 flera restauranger i v\u00e4rldsklass och utforska de livliga korallreven som omger \u00f6n.<\/p>\n\n\t\t<\/div>\n\t<\/div>\n<\/div><\/div><\/div><\/div><div class=\"vc_row wpb_row vc_row-fluid\"><div class=\"wpb_column vc_column_container vc_col-sm-12\"><div class=\"vc_column-inner\"><div class=\"wpb_wrapper\">\n\t<div  class=\"wpb_single_image wpb_content_element vc_align_left wpb_content_element\">\n\t\t<h2 class=\"wpb_heading wpb_singleimage_heading\">Canareef Resort Maldiverna<\/h2>\n\t\t<figure class=\"wpb_wrapper vc_figure\">\n\t\t\t<div class=\"vc_single_image-wrapper   vc_box_border_grey\"><img loading=\"lazy\" decoding=\"async\" width=\"750\" height=\"500\" src=\"https:\/\/maldives-paradise.com\/wp-content\/uploads\/2024\/06\/canareef3.jpg\" class=\"vc_single_image-img attachment-large\" alt=\"Canareef Resort Maldiverna\" title=\"kanaref3\" srcset=\"https:\/\/maldives-paradise.com\/wp-content\/uploads\/2024\/06\/canareef3.jpg 750w, https:\/\/maldives-paradise.com\/wp-content\/uploads\/2024\/06\/canareef3-300x200.jpg 300w, https:\/\/maldives-paradise.com\/wp-content\/uploads\/2024\/06\/canareef3-18x12.jpg 18w, https:\/\/maldives-paradise.com\/wp-content\/uploads\/2024\/06\/canareef3-500x333.jpg 500w\" sizes=\"auto, (max-width: 750px) 100vw, 750px\" \/><\/div>\n\t\t<\/figure>\n\t<\/div>\n<\/div><\/div><\/div><\/div><div class=\"vc_row wpb_row vc_row-fluid\"><div class=\"wpb_column vc_column_container vc_col-sm-12\"><div class=\"vc_column-inner\"><div class=\"wpb_wrapper\">\n\t<div class=\"wpb_text_column wpb_content_element\" >\n\t\t<div class=\"wpb_wrapper\">\n\t\t\t<h4><a href=\"http:\/\/maldives-paradise.com\/sv\/canareef-resort-maldiverna\/\">Canareef Resort Maldiverna<\/a><\/h4>\n<p>Canareef Resort Maldives str\u00e4cker sig \u00f6ver en 4,5 kilometer l\u00e5ng \u00f6 i Addu Atoll, och erbjuder gott om utrymme och avskildhet f\u00f6r g\u00e4sterna. Anl\u00e4ggningen har lyxiga villor, ett spa och flera matst\u00e4llen. Aktiviteter inkluderar delfinsk\u00e5dning, dykning och att utforska de n\u00e4rliggande naturstigarna.<\/p>\n\n\t\t<\/div>\n\t<\/div>\n<\/div><\/div><\/div><\/div><div class=\"vc_row wpb_row vc_row-fluid\"><div class=\"wpb_column vc_column_container vc_col-sm-12\"><div class=\"vc_column-inner\"><div class=\"wpb_wrapper\">\n\t<div  class=\"wpb_single_image wpb_content_element vc_align_left wpb_content_element\">\n\t\t<h2 class=\"wpb_heading wpb_singleimage_heading\">Ekvatorbyn<\/h2>\n\t\t<figure class=\"wpb_wrapper vc_figure\">\n\t\t\t<div class=\"vc_single_image-wrapper   vc_box_border_grey\"><img loading=\"lazy\" decoding=\"async\" width=\"780\" height=\"520\" src=\"https:\/\/maldives-paradise.com\/wp-content\/uploads\/2024\/06\/equator-village-resort.jpg\" class=\"vc_single_image-img attachment-large\" alt=\"Ekvatorbyn\" title=\"ekvator-by-resort\" srcset=\"https:\/\/maldives-paradise.com\/wp-content\/uploads\/2024\/06\/equator-village-resort.jpg 780w, https:\/\/maldives-paradise.com\/wp-content\/uploads\/2024\/06\/equator-village-resort-300x200.jpg 300w, https:\/\/maldives-paradise.com\/wp-content\/uploads\/2024\/06\/equator-village-resort-768x512.jpg 768w, https:\/\/maldives-paradise.com\/wp-content\/uploads\/2024\/06\/equator-village-resort-18x12.jpg 18w, https:\/\/maldives-paradise.com\/wp-content\/uploads\/2024\/06\/equator-village-resort-500x333.jpg 500w\" sizes=\"auto, (max-width: 780px) 100vw, 780px\" \/><\/div>\n\t\t<\/figure>\n\t<\/div>\n<\/div><\/div><\/div><\/div><div class=\"vc_row wpb_row vc_row-fluid\"><div class=\"wpb_column vc_column_container vc_col-sm-12\"><div class=\"vc_column-inner\"><div class=\"wpb_wrapper\">\n\t<div class=\"wpb_text_column wpb_content_element\" >\n\t\t<div class=\"wpb_wrapper\">\n\t\t\t<h4><a href=\"http:\/\/lamp.glopss.com\/aff_c?offer_id=1521&amp;aff_id=1834&amp;url=https%3A%2F%2Fwww.equatorvillage.com%2F\" target=\"_blank\" rel=\"nofollow noopener\">Ekvatorbyn<\/a><\/h4>\n<p>Equator Village, som ligger p\u00e5 Gan Island, erbjuder en blandning av moderna bekv\u00e4mligheter och historisk charm. Anl\u00e4ggningen \u00e4r inrymd i en f\u00f6re detta Royal Air Force-kasern och erbjuder mysiga bungalower omgivna av lummiga tr\u00e4dg\u00e5rdar. G\u00e4sterna kan njuta av en m\u00e4ngd olika aktiviteter, inklusive dykning, snorkling och cykelturer f\u00f6r att utforska atollens rika historia och kultur.<\/p>\n\n\t\t<\/div>\n\t<\/div>\n<\/div><\/div><\/div><\/div><div class=\"vc_row wpb_row vc_row-fluid\"><div class=\"wpb_column vc_column_container vc_col-sm-12\"><div class=\"vc_column-inner\"><div class=\"wpb_wrapper\">\n\t<div  class=\"wpb_single_image wpb_content_element vc_align_left wpb_content_element\">\n\t\t<h2 class=\"wpb_heading wpb_singleimage_heading\">South Palm Resort Maldiverna<\/h2>\n\t\t<figure class=\"wpb_wrapper vc_figure\">\n\t\t\t<div class=\"vc_single_image-wrapper   vc_box_border_grey\"><img loading=\"lazy\" decoding=\"async\" width=\"780\" height=\"438\" src=\"https:\/\/maldives-paradise.com\/wp-content\/uploads\/2024\/06\/south-palm-resort-maldives.jpg\" class=\"vc_single_image-img attachment-large\" alt=\"South Palm Resort Maldiverna\" title=\"south-palm-resort-maldiverna\" srcset=\"https:\/\/maldives-paradise.com\/wp-content\/uploads\/2024\/06\/south-palm-resort-maldives.jpg 780w, https:\/\/maldives-paradise.com\/wp-content\/uploads\/2024\/06\/south-palm-resort-maldives-300x168.jpg 300w, https:\/\/maldives-paradise.com\/wp-content\/uploads\/2024\/06\/south-palm-resort-maldives-768x431.jpg 768w, https:\/\/maldives-paradise.com\/wp-content\/uploads\/2024\/06\/south-palm-resort-maldives-18x10.jpg 18w, https:\/\/maldives-paradise.com\/wp-content\/uploads\/2024\/06\/south-palm-resort-maldives-678x381.jpg 678w, https:\/\/maldives-paradise.com\/wp-content\/uploads\/2024\/06\/south-palm-resort-maldives-500x281.jpg 500w\" sizes=\"auto, (max-width: 780px) 100vw, 780px\" \/><\/div>\n\t\t<\/figure>\n\t<\/div>\n<\/div><\/div><\/div><\/div><div class=\"vc_row wpb_row vc_row-fluid\"><div class=\"wpb_column vc_column_container vc_col-sm-12\"><div class=\"vc_column-inner\"><div class=\"wpb_wrapper\">\n\t<div class=\"wpb_text_column wpb_content_element\" >\n\t\t<div class=\"wpb_wrapper\">\n\t\t\t<h4><a href=\"http:\/\/maldives-paradise.com\/sv\/south-palm-resort-maldiverna\/\">South Palm Resort Maldiverna<\/a><\/h4>\n<p>South Palm Resort Maldives \u00e4r en exklusiv oas som ligger p\u00e5 en privat \u00f6. Anl\u00e4ggningen erbjuder villor vid stranden och \u00f6ver vattnet, alla designade med en modern stil. G\u00e4sterna kan koppla av i resortens infinitypool, njuta av en rad vattensporter och \u00e4ta p\u00e5 restauranger som serverar internationella och maldiviska r\u00e4tter.<\/p>\n<p>Slutsats<\/p>\n<p>Addu Atoll p\u00e5 Maldiverna \u00e4r hem f\u00f6r n\u00e5gra av de lyxigaste resorterna i v\u00e4rlden. Varje resort erbjuder en unik blandning av \u00f6verfl\u00f6d, komfort och naturlig sk\u00f6nhet, vilket g\u00f6r det till ett idealiskt resm\u00e5l f\u00f6r resen\u00e4rer som s\u00f6ker en \u00f6verd\u00e5dig tillflyktsort. Oavsett om du letar efter \u00e4ventyr, avkoppling eller en blandning av b\u00e5da, utlovar dessa tio lyxresorter i Addu Atoll en of\u00f6rgl\u00f6mlig upplevelse p\u00e5 en av v\u00e4rldens vackraste platser.<\/p>\n\n\t\t<\/div>\n\t<\/div>\n<\/div><\/div><\/div><\/div>\n<\/div>","protected":false},"excerpt":{"rendered":"<div class=\"mh-excerpt\"><\/div>","protected":false},"author":1,"featured_media":16862,"parent":0,"menu_order":0,"comment_status":"closed","ping_status":"closed","template":"","meta":{"footnotes":""},"class_list":["post-16861","page","type-page","status-publish","has-post-thumbnail"],"aioseo_notices":[],"_links":{"self":[{"href":"http:\/\/maldives-paradise.com\/sv\/wp-json\/wp\/v2\/pages\/16861","targetHints":{"allow":["GET"]}}],"collection":[{"href":"http:\/\/maldives-paradise.com\/sv\/wp-json\/wp\/v2\/pages"}],"about":[{"href":"http:\/\/maldives-paradise.com\/sv\/wp-json\/wp\/v2\/types\/page"}],"author":[{"embeddable":true,"href":"http:\/\/maldives-paradise.com\/sv\/wp-json\/wp\/v2\/users\/1"}],"replies":[{"embeddable":true,"href":"http:\/\/maldives-paradise.com\/sv\/wp-json\/wp\/v2\/comments?post=16861"}],"version-history":[{"count":2,"href":"http:\/\/maldives-paradise.com\/sv\/wp-json\/wp\/v2\/pages\/16861\/revisions"}],"predecessor-version":[{"id":16869,"href":"http:\/\/maldives-paradise.com\/sv\/wp-json\/wp\/v2\/pages\/16861\/revisions\/16869"}],"wp:featuredmedia":[{"embeddable":true,"href":"http:\/\/maldives-paradise.com\/sv\/wp-json\/wp\/v2\/media\/16862"}],"wp:attachment":[{"href":"http:\/\/maldives-paradise.com\/sv\/wp-json\/wp\/v2\/media?parent=16861"}],"curies":[{"name":"wp","href":"https:\/\/api.w.org\/{rel}","templated":true}]}}