{"id":16730,"date":"2024-06-05T13:39:26","date_gmt":"2024-06-05T13:39:26","guid":{"rendered":"http:\/\/maldives-paradise.com\/?page_id=16730"},"modified":"2025-02-22T18:12:03","modified_gmt":"2025-02-22T18:12:03","slug":"basta-lyxresorterna-i-sodra-male-atollen","status":"publish","type":"page","link":"http:\/\/maldives-paradise.com\/sv\/basta-lyxresorterna-i-sodra-male-atollen\/","title":{"rendered":"B\u00e4sta lyxresorterna i South Male Atoll"},"content":{"rendered":"<div class=\"wpb-content-wrapper\"><div class=\"vc_row wpb_row vc_row-fluid\"><div class=\"wpb_column vc_column_container vc_col-sm-12\"><div class=\"vc_column-inner\"><div class=\"wpb_wrapper\">\n\t<div class=\"wpb_text_column wpb_content_element\" >\n\t\t<div class=\"wpb_wrapper\">\n\t\t\t<p>Maldiverna, ett tropiskt paradis k\u00e4nt f\u00f6r sina fantastiska bungalower \u00f6ver vattnet, or\u00f6rda str\u00e4nder och pulserande marint liv, \u00e4r en toppdestination f\u00f6r lyxresen\u00e4rer. <strong>S\u00f6dra Male-atollen<\/strong>, i synnerhet, erbjuder en rad exklusiva resorter som tillgodoser dem som s\u00f6ker det ultimata inom avkoppling och \u00f6verseende. H\u00e4r utforskar vi de b\u00e4sta lyxresorterna i South Male Atoll, alla k\u00e4nda f\u00f6r sina unika egenskaper och exceptionella service.<\/p>\n\n\t\t<\/div>\n\t<\/div>\n<\/div><\/div><\/div><\/div><div class=\"vc_row wpb_row vc_row-fluid\"><div class=\"wpb_column vc_column_container vc_col-sm-12\"><div class=\"vc_column-inner\"><div class=\"wpb_wrapper\">\n\t<div  class=\"wpb_single_image wpb_content_element vc_align_left wpb_content_element\">\n\t\t<h2 class=\"wpb_heading wpb_singleimage_heading\">Anantara Veli Maldives Resort<\/h2>\n\t\t<figure class=\"wpb_wrapper vc_figure\">\n\t\t\t<div class=\"vc_single_image-wrapper   vc_box_border_grey\"><img loading=\"lazy\" decoding=\"async\" width=\"780\" height=\"520\" src=\"https:\/\/maldives-paradise.com\/wp-content\/uploads\/2024\/06\/anatara-veli3.jpg\" class=\"vc_single_image-img attachment-large\" alt=\"Anantara Veli Maldives Resort\" title=\"anatara-veli3\" srcset=\"https:\/\/maldives-paradise.com\/wp-content\/uploads\/2024\/06\/anatara-veli3.jpg 780w, https:\/\/maldives-paradise.com\/wp-content\/uploads\/2024\/06\/anatara-veli3-300x200.jpg 300w, https:\/\/maldives-paradise.com\/wp-content\/uploads\/2024\/06\/anatara-veli3-768x512.jpg 768w, https:\/\/maldives-paradise.com\/wp-content\/uploads\/2024\/06\/anatara-veli3-18x12.jpg 18w, https:\/\/maldives-paradise.com\/wp-content\/uploads\/2024\/06\/anatara-veli3-500x333.jpg 500w\" sizes=\"auto, (max-width: 780px) 100vw, 780px\" \/><\/div>\n\t\t<\/figure>\n\t<\/div>\n<\/div><\/div><\/div><\/div><div class=\"vc_row wpb_row vc_row-fluid\"><div class=\"wpb_column vc_column_container vc_col-sm-12\"><div class=\"vc_column-inner\"><div class=\"wpb_wrapper\">\n\t<div class=\"wpb_text_column wpb_content_element\" >\n\t\t<div class=\"wpb_wrapper\">\n\t\t\t<h4><a href=\"http:\/\/maldives-paradise.com\/sv\/anantara-veli-resort-och-spa\/\">Anantara Veli Maldives Resort<\/a><\/h4>\n<p>Anantara Veli Maldives Resort \u00e4r en fristad endast f\u00f6r vuxna som utlovar lugn och romantik. Anl\u00e4ggningen har 67 bungalower \u00f6ver vattnet och havet, alla elegant designade med moderna bekv\u00e4mligheter och traditionella inslag. G\u00e4sterna kan njuta av fina middagar p\u00e5 den thail\u00e4ndska restaurangen Baan Huraa, eller njuta av fusionsmaten p\u00e5 Origami. Balance Wellness by Anantara erbjuder en rad behandlingar och h\u00e4lsoprogram, vilket g\u00f6r det till en perfekt tillflyktsort f\u00f6r par.<\/p>\n\n\t\t<\/div>\n\t<\/div>\n<\/div><\/div><\/div><\/div><div class=\"vc_row wpb_row vc_row-fluid\"><div class=\"wpb_column vc_column_container vc_col-sm-12\"><div class=\"vc_column-inner\"><div class=\"wpb_wrapper\">\n\t<div  class=\"wpb_single_image wpb_content_element vc_align_left wpb_content_element\">\n\t\t<h2 class=\"wpb_heading wpb_singleimage_heading\">Naladhu Private Island Maldiverna<\/h2>\n\t\t<figure class=\"wpb_wrapper vc_figure\">\n\t\t\t<div class=\"vc_single_image-wrapper   vc_box_border_grey\"><img loading=\"lazy\" decoding=\"async\" width=\"780\" height=\"393\" src=\"https:\/\/maldives-paradise.com\/wp-content\/uploads\/2024\/06\/naladhu-private-island-maldives-14.jpg\" class=\"vc_single_image-img attachment-large\" alt=\"Naladhu Private Island Maldiverna\" title=\"naladhu-privat-\u00f6-maldiverna-14\" srcset=\"https:\/\/maldives-paradise.com\/wp-content\/uploads\/2024\/06\/naladhu-private-island-maldives-14.jpg 780w, https:\/\/maldives-paradise.com\/wp-content\/uploads\/2024\/06\/naladhu-private-island-maldives-14-300x151.jpg 300w, https:\/\/maldives-paradise.com\/wp-content\/uploads\/2024\/06\/naladhu-private-island-maldives-14-768x387.jpg 768w, https:\/\/maldives-paradise.com\/wp-content\/uploads\/2024\/06\/naladhu-private-island-maldives-14-18x9.jpg 18w, https:\/\/maldives-paradise.com\/wp-content\/uploads\/2024\/06\/naladhu-private-island-maldives-14-500x252.jpg 500w\" sizes=\"auto, (max-width: 780px) 100vw, 780px\" \/><\/div>\n\t\t<\/figure>\n\t<\/div>\n<\/div><\/div><\/div><\/div><div class=\"vc_row wpb_row vc_row-fluid\"><div class=\"wpb_column vc_column_container vc_col-sm-12\"><div class=\"vc_column-inner\"><div class=\"wpb_wrapper\">\n\t<div class=\"wpb_text_column wpb_content_element\" >\n\t\t<div class=\"wpb_wrapper\">\n\t\t\t<h4><a href=\"http:\/\/maldives-paradise.com\/sv\/naladhu-privata-o\/\">Naladhu Private Island Maldiverna<\/a><\/h4>\n<p>Naladhu Private Island Maldives erbjuder en exklusiv och intim tillflyktsort med bara 20 hus, alla med en privat pool och direkt tillg\u00e5ng till stranden. Anl\u00e4ggningen \u00e4r stolt \u00f6ver personlig service, d\u00e4r varje hus har en dedikerad butler. Restaurangen Living Room erbjuder gourmetmatupplevelser, medan spaet erbjuder skr\u00e4ddarsydda behandlingar. \u00d6ns avskildhet och lyxiga bekv\u00e4mligheter g\u00f6r den idealisk f\u00f6r en romantisk semester i South Male Atoll.<\/p>\n\n\t\t<\/div>\n\t<\/div>\n<\/div><\/div><\/div><\/div><div class=\"vc_row wpb_row vc_row-fluid\"><div class=\"wpb_column vc_column_container vc_col-sm-12\"><div class=\"vc_column-inner\"><div class=\"wpb_wrapper\">\n\t<div  class=\"wpb_single_image wpb_content_element vc_align_left wpb_content_element\">\n\t\t<h2 class=\"wpb_heading wpb_singleimage_heading\">Velassaru Maldiverna<\/h2>\n\t\t<figure class=\"wpb_wrapper vc_figure\">\n\t\t\t<div class=\"vc_single_image-wrapper   vc_box_border_grey\"><img loading=\"lazy\" decoding=\"async\" width=\"780\" height=\"519\" src=\"https:\/\/maldives-paradise.com\/wp-content\/uploads\/2024\/06\/velassaru-maldives_3.jpg\" class=\"vc_single_image-img attachment-large\" alt=\"Velassaru Maldiverna\" title=\"velassaru-maldiverna_3\" srcset=\"https:\/\/maldives-paradise.com\/wp-content\/uploads\/2024\/06\/velassaru-maldives_3.jpg 780w, https:\/\/maldives-paradise.com\/wp-content\/uploads\/2024\/06\/velassaru-maldives_3-300x200.jpg 300w, https:\/\/maldives-paradise.com\/wp-content\/uploads\/2024\/06\/velassaru-maldives_3-768x511.jpg 768w, https:\/\/maldives-paradise.com\/wp-content\/uploads\/2024\/06\/velassaru-maldives_3-18x12.jpg 18w, https:\/\/maldives-paradise.com\/wp-content\/uploads\/2024\/06\/velassaru-maldives_3-500x333.jpg 500w\" sizes=\"auto, (max-width: 780px) 100vw, 780px\" \/><\/div>\n\t\t<\/figure>\n\t<\/div>\n<\/div><\/div><\/div><\/div><div class=\"vc_row wpb_row vc_row-fluid\"><div class=\"wpb_column vc_column_container vc_col-sm-12\"><div class=\"vc_column-inner\"><div class=\"wpb_wrapper\">\n\t<div class=\"wpb_text_column wpb_content_element\" >\n\t\t<div class=\"wpb_wrapper\">\n\t\t\t<h4><a href=\"http:\/\/maldives-paradise.com\/sv\/velassaru-maldiverna\/\">Velassaru Maldiverna<\/a><\/h4>\n<p>Velassaru Maldives blandar modern stil med naturlig sk\u00f6nhet, och erbjuder 129 villor och bungalower vid stranden och \u00f6ver vattnet. Resortens fem restauranger, inklusive Sand och Teppanyaki, erbjuder olika kulinariska l\u00e4ckerheter. Velassarus \u00f6vervattenspa erbjuder en m\u00e4ngd olika behandlingar med fantastisk havsutsikt. Infinitypoolen och det livliga husrevet bidrar till resortens lockelse, vilket g\u00f6r den till en favorit bland lyxresen\u00e4rer.<\/p>\n\n\t\t<\/div>\n\t<\/div>\n<\/div><\/div><\/div><\/div><div class=\"vc_row wpb_row vc_row-fluid\"><div class=\"wpb_column vc_column_container vc_col-sm-12\"><div class=\"vc_column-inner\"><div class=\"wpb_wrapper\">\n\t<div  class=\"wpb_single_image wpb_content_element vc_align_left wpb_content_element\">\n\t\t<h2 class=\"wpb_heading wpb_singleimage_heading\">Adaaran Prestige Vadoo<\/h2>\n\t\t<figure class=\"wpb_wrapper vc_figure\">\n\t\t\t<div class=\"vc_single_image-wrapper   vc_box_border_grey\"><img loading=\"lazy\" decoding=\"async\" width=\"780\" height=\"517\" src=\"https:\/\/maldives-paradise.com\/wp-content\/uploads\/2024\/06\/adaaran-prestige-vadoo_3.jpg\" class=\"vc_single_image-img attachment-large\" alt=\"Adaaran Prestige Vadoo\" title=\"Adaaran Prestige Vadoo\" srcset=\"https:\/\/maldives-paradise.com\/wp-content\/uploads\/2024\/06\/adaaran-prestige-vadoo_3.jpg 780w, https:\/\/maldives-paradise.com\/wp-content\/uploads\/2024\/06\/adaaran-prestige-vadoo_3-300x199.jpg 300w, https:\/\/maldives-paradise.com\/wp-content\/uploads\/2024\/06\/adaaran-prestige-vadoo_3-768x509.jpg 768w, https:\/\/maldives-paradise.com\/wp-content\/uploads\/2024\/06\/adaaran-prestige-vadoo_3-18x12.jpg 18w, https:\/\/maldives-paradise.com\/wp-content\/uploads\/2024\/06\/adaaran-prestige-vadoo_3-500x331.jpg 500w\" sizes=\"auto, (max-width: 780px) 100vw, 780px\" \/><\/div>\n\t\t<\/figure>\n\t<\/div>\n<\/div><\/div><\/div><\/div><div class=\"vc_row wpb_row vc_row-fluid\"><div class=\"wpb_column vc_column_container vc_col-sm-12\"><div class=\"vc_column-inner\"><div class=\"wpb_wrapper\">\n\t<div class=\"wpb_text_column wpb_content_element\" >\n\t\t<div class=\"wpb_wrapper\">\n\t\t\t<h4><a href=\"http:\/\/maldives-paradise.com\/sv\/adaaran-prestige-vadoo\/\">Adaaran Prestige Vadoo<\/a><\/h4>\n<p>Adaaran Prestige Vadoo \u00e4r k\u00e4nt f\u00f6r sina \u00f6vervattensvillor, alla utrustade med en privat avsvalkningspool och direkt tillg\u00e5ng till havet. Anl\u00e4ggningens tv\u00e5 restauranger, Farivalhu och Kithajima, serverar uts\u00f6kta internationella och japanska r\u00e4tter. Mandara Spa erbjuder en rad avkopplande behandlingar. Med sitt fokus p\u00e5 avskildhet och lyx \u00e4r Adaaran Prestige Vadoo perfekt f\u00f6r dem som s\u00f6ker en avskild tillflyktsort i South Male Atoll.<\/p>\n\n\t\t<\/div>\n\t<\/div>\n<\/div><\/div><\/div><\/div><div class=\"vc_row wpb_row vc_row-fluid\"><div class=\"wpb_column vc_column_container vc_col-sm-12\"><div class=\"vc_column-inner\"><div class=\"wpb_wrapper\">\n\t<div  class=\"wpb_single_image wpb_content_element vc_align_left wpb_content_element\">\n\t\t<h2 class=\"wpb_heading wpb_singleimage_heading\">OZEN Life Maadhoo<\/h2>\n\t\t<figure class=\"wpb_wrapper vc_figure\">\n\t\t\t<div class=\"vc_single_image-wrapper   vc_box_border_grey\"><img loading=\"lazy\" decoding=\"async\" width=\"780\" height=\"519\" src=\"https:\/\/maldives-paradise.com\/wp-content\/uploads\/2024\/06\/OZEN-LIFE-MAADHOO3.jpg\" class=\"vc_single_image-img attachment-large\" alt=\"OZEN Life Maadhoo\" title=\"OZEN-LIFE-MAADHOO3\" srcset=\"https:\/\/maldives-paradise.com\/wp-content\/uploads\/2024\/06\/OZEN-LIFE-MAADHOO3.jpg 780w, https:\/\/maldives-paradise.com\/wp-content\/uploads\/2024\/06\/OZEN-LIFE-MAADHOO3-300x200.jpg 300w, https:\/\/maldives-paradise.com\/wp-content\/uploads\/2024\/06\/OZEN-LIFE-MAADHOO3-768x511.jpg 768w, https:\/\/maldives-paradise.com\/wp-content\/uploads\/2024\/06\/OZEN-LIFE-MAADHOO3-18x12.jpg 18w, https:\/\/maldives-paradise.com\/wp-content\/uploads\/2024\/06\/OZEN-LIFE-MAADHOO3-500x333.jpg 500w\" sizes=\"auto, (max-width: 780px) 100vw, 780px\" \/><\/div>\n\t\t<\/figure>\n\t<\/div>\n<\/div><\/div><\/div><\/div><div class=\"vc_row wpb_row vc_row-fluid\"><div class=\"wpb_column vc_column_container vc_col-sm-12\"><div class=\"vc_column-inner\"><div class=\"wpb_wrapper\">\n\t<div class=\"wpb_text_column wpb_content_element\" >\n\t\t<div class=\"wpb_wrapper\">\n\t\t\t<h4><a href=\"http:\/\/maldives-paradise.com\/sv\/ozen-life-maadhoo\/\">OZEN Life Maadhoo<\/a><\/h4>\n<p>OZEN by Atmosphere at Maadhoo \u00e4r en all-inclusive lyxresort som erbjuder en problemfri upplevelse med sin INDULGENCE\u2122-plan. Anl\u00e4ggningens villor, b\u00e5de \u00f6ver vattnet och vid stranden, \u00e4r designade med modern elegans. Matst\u00e4llena inkluderar M6m, en undervattensrestaurang, och The Palms, som erbjuder global mat. ELENA Spa and Wellness Complex erbjuder holistiska behandlingar som garanterar att g\u00e4sterna l\u00e4mnar dem f\u00f6ryngrade.<\/p>\n\n\t\t<\/div>\n\t<\/div>\n<\/div><\/div><\/div><\/div><div class=\"vc_row wpb_row vc_row-fluid\"><div class=\"wpb_column vc_column_container vc_col-sm-12\"><div class=\"vc_column-inner\"><div class=\"wpb_wrapper\">\n\t<div  class=\"wpb_single_image wpb_content_element vc_align_left wpb_content_element\">\n\t\t<h2 class=\"wpb_heading wpb_singleimage_heading\">COMO Kakao\u00f6n<\/h2>\n\t\t<figure class=\"wpb_wrapper vc_figure\">\n\t\t\t<div class=\"vc_single_image-wrapper   vc_box_border_grey\"><img loading=\"lazy\" decoding=\"async\" width=\"780\" height=\"438\" src=\"https:\/\/maldives-paradise.com\/wp-content\/uploads\/2024\/06\/como-cocoa-island3.jpg\" class=\"vc_single_image-img attachment-large\" alt=\"COMO Kakao\u00f6n\" title=\"como-kakao-\u00f63\" srcset=\"https:\/\/maldives-paradise.com\/wp-content\/uploads\/2024\/06\/como-cocoa-island3.jpg 780w, https:\/\/maldives-paradise.com\/wp-content\/uploads\/2024\/06\/como-cocoa-island3-300x168.jpg 300w, https:\/\/maldives-paradise.com\/wp-content\/uploads\/2024\/06\/como-cocoa-island3-768x431.jpg 768w, https:\/\/maldives-paradise.com\/wp-content\/uploads\/2024\/06\/como-cocoa-island3-18x10.jpg 18w, https:\/\/maldives-paradise.com\/wp-content\/uploads\/2024\/06\/como-cocoa-island3-678x381.jpg 678w, https:\/\/maldives-paradise.com\/wp-content\/uploads\/2024\/06\/como-cocoa-island3-500x281.jpg 500w\" sizes=\"auto, (max-width: 780px) 100vw, 780px\" \/><\/div>\n\t\t<\/figure>\n\t<\/div>\n<\/div><\/div><\/div><\/div><div class=\"vc_row wpb_row vc_row-fluid\"><div class=\"wpb_column vc_column_container vc_col-sm-12\"><div class=\"vc_column-inner\"><div class=\"wpb_wrapper\">\n\t<div class=\"wpb_text_column wpb_content_element\" >\n\t\t<div class=\"wpb_wrapper\">\n\t\t\t<h4><a href=\"http:\/\/maldives-paradise.com\/sv\/como-kakao-o\/\">COMO Kakao\u00f6n<\/a><\/h4>\n<p>COMO Cocoa Island sticker ut med sina dhoni-inspirerade sviter \u00f6ver vattnet, som speglar traditionella maldiviska b\u00e5tar. Anl\u00e4ggningens 33 \u00f6vervattensvillor erbjuder en unik estetisk och direkt tillg\u00e5ng till lagunen i South Male-atollen. COMO Shambhala Retreat fokuserar p\u00e5 holistisk v\u00e4lbefinnande med yoga, meditation och spabehandlingar. Ufaa, anl\u00e4ggningens restaurang, serverar n\u00e4ringsrik, sydindisk-influerad mat, vilket g\u00f6r den till en fristad f\u00f6r h\u00e4lsomedvetna resen\u00e4rer.<\/p>\n\n\t\t<\/div>\n\t<\/div>\n<\/div><\/div><\/div><\/div><div class=\"vc_row wpb_row vc_row-fluid\"><div class=\"wpb_column vc_column_container vc_col-sm-12\"><div class=\"vc_column-inner\"><div class=\"wpb_wrapper\">\n\t<div  class=\"wpb_single_image wpb_content_element vc_align_left wpb_content_element\">\n\t\t<h2 class=\"wpb_heading wpb_singleimage_heading\">Taj Exotica Resort &amp; Spa<\/h2>\n\t\t<figure class=\"wpb_wrapper vc_figure\">\n\t\t\t<div class=\"vc_single_image-wrapper   vc_box_border_grey\"><img loading=\"lazy\" decoding=\"async\" width=\"780\" height=\"438\" src=\"https:\/\/maldives-paradise.com\/wp-content\/uploads\/2024\/06\/taj-exotica-one-bedroom-beach-suite-with-pool.jpg\" class=\"vc_single_image-img attachment-large\" alt=\"Taj Exotica Resort &amp; Spa\" title=\"taj-exotica-ett-sovrum-strandsvit-med-pool\" srcset=\"https:\/\/maldives-paradise.com\/wp-content\/uploads\/2024\/06\/taj-exotica-one-bedroom-beach-suite-with-pool.jpg 780w, https:\/\/maldives-paradise.com\/wp-content\/uploads\/2024\/06\/taj-exotica-one-bedroom-beach-suite-with-pool-300x168.jpg 300w, https:\/\/maldives-paradise.com\/wp-content\/uploads\/2024\/06\/taj-exotica-one-bedroom-beach-suite-with-pool-768x431.jpg 768w, https:\/\/maldives-paradise.com\/wp-content\/uploads\/2024\/06\/taj-exotica-one-bedroom-beach-suite-with-pool-18x10.jpg 18w, https:\/\/maldives-paradise.com\/wp-content\/uploads\/2024\/06\/taj-exotica-one-bedroom-beach-suite-with-pool-678x381.jpg 678w, https:\/\/maldives-paradise.com\/wp-content\/uploads\/2024\/06\/taj-exotica-one-bedroom-beach-suite-with-pool-500x281.jpg 500w\" sizes=\"auto, (max-width: 780px) 100vw, 780px\" \/><\/div>\n\t\t<\/figure>\n\t<\/div>\n<\/div><\/div><\/div><\/div><div class=\"vc_row wpb_row vc_row-fluid\"><div class=\"wpb_column vc_column_container vc_col-sm-12\"><div class=\"vc_column-inner\"><div class=\"wpb_wrapper\">\n\t<div class=\"wpb_text_column wpb_content_element\" >\n\t\t<div class=\"wpb_wrapper\">\n\t\t\t<h4><a href=\"http:\/\/maldives-paradise.com\/sv\/taj-exotica-resort-och-spa-maldiverna\/\">Taj Exotica Resort &amp; Spa<\/a><\/h4>\n<p>Taj Exotica Resort &amp; Spa \u00e4r en lyxig oas som ligger p\u00e5 Emboodhu Finolhu Island, \u00e4ven k\u00e4nd som Three Coconut Island. Anl\u00e4ggningens 64 villor, inklusive den \u00f6verd\u00e5diga presidentvillan, erbjuder fantastisk utsikt och exceptionell avskildhet. Jiva Grande Spa erbjuder indiskt inspirerade h\u00e4lsoterapier, medan restaurangen Deep End \u00e4r k\u00e4nd f\u00f6r sin gourmetmat. Anl\u00e4ggningens infinitypool \u00e4r en perfekt plats f\u00f6r avkoppling.<\/p>\n\n\t\t<\/div>\n\t<\/div>\n<\/div><\/div><\/div><\/div><div class=\"vc_row wpb_row vc_row-fluid\"><div class=\"wpb_column vc_column_container vc_col-sm-12\"><div class=\"vc_column-inner\"><div class=\"wpb_wrapper\">\n\t<div  class=\"wpb_single_image wpb_content_element vc_align_left wpb_content_element\">\n\t\t<h2 class=\"wpb_heading wpb_singleimage_heading\">Sun Siyam Olhuveli Beach &amp; Spa Maldiverna<\/h2>\n\t\t<figure class=\"wpb_wrapper vc_figure\">\n\t\t\t<div class=\"vc_single_image-wrapper   vc_box_border_grey\"><img loading=\"lazy\" decoding=\"async\" width=\"780\" height=\"503\" src=\"https:\/\/maldives-paradise.com\/wp-content\/uploads\/2024\/06\/sun-siyam-olhuveli3.jpg\" class=\"vc_single_image-img attachment-large\" alt=\"Sun Siyam Olhuveli Beach &amp; Spa Maldiverna\" title=\"sun-siyam-olhuveli3\" srcset=\"https:\/\/maldives-paradise.com\/wp-content\/uploads\/2024\/06\/sun-siyam-olhuveli3.jpg 780w, https:\/\/maldives-paradise.com\/wp-content\/uploads\/2024\/06\/sun-siyam-olhuveli3-300x193.jpg 300w, https:\/\/maldives-paradise.com\/wp-content\/uploads\/2024\/06\/sun-siyam-olhuveli3-768x495.jpg 768w, https:\/\/maldives-paradise.com\/wp-content\/uploads\/2024\/06\/sun-siyam-olhuveli3-18x12.jpg 18w, https:\/\/maldives-paradise.com\/wp-content\/uploads\/2024\/06\/sun-siyam-olhuveli3-500x322.jpg 500w\" sizes=\"auto, (max-width: 780px) 100vw, 780px\" \/><\/div>\n\t\t<\/figure>\n\t<\/div>\n<\/div><\/div><\/div><\/div><div class=\"vc_row wpb_row vc_row-fluid\"><div class=\"wpb_column vc_column_container vc_col-sm-12\"><div class=\"vc_column-inner\"><div class=\"wpb_wrapper\">\n\t<div class=\"wpb_text_column wpb_content_element\" >\n\t\t<div class=\"wpb_wrapper\">\n\t\t\t<h4><a href=\"http:\/\/maldives-paradise.com\/sv\/sun-siyam-olhuveli\/\">Sun Siyam Olhuveli Beach &amp; Spa Maldiverna<\/a><\/h4>\n<p>Olhuveli Beach &amp; Spa Maldives erbjuder en blandning av lyx och naturlig sk\u00f6nhet med sina 164 villor. Anl\u00e4ggningens fem restauranger och tre barer erbjuder en m\u00e4ngd olika matupplevelser, fr\u00e5n buff\u00e9m\u00e5ltider till fina middagar. Sun Spa by Esthederm erbjuder behandlingar som kombinerar traditionella terapier med modern teknik. Anl\u00e4ggningens omfattande faciliteter och aktiviteter g\u00f6r den idealisk f\u00f6r b\u00e5de familjer och par.<\/p>\n\n\t\t<\/div>\n\t<\/div>\n<\/div><\/div><\/div><\/div><div class=\"vc_row wpb_row vc_row-fluid\"><div class=\"wpb_column vc_column_container vc_col-sm-12\"><div class=\"vc_column-inner\"><div class=\"wpb_wrapper\">\n\t<div  class=\"wpb_single_image wpb_content_element vc_align_left wpb_content_element\">\n\t\t<h2 class=\"wpb_heading wpb_singleimage_heading\">SAii Lagoon Maldives, Curio Collection by Hilton<\/h2>\n\t\t<figure class=\"wpb_wrapper vc_figure\">\n\t\t\t<div class=\"vc_single_image-wrapper   vc_box_border_grey\"><img loading=\"lazy\" decoding=\"async\" width=\"780\" height=\"393\" src=\"https:\/\/maldives-paradise.com\/wp-content\/uploads\/2024\/06\/saii-lagoon-maldives-curio-collection-hilton-over-water-villa-7.jpg\" class=\"vc_single_image-img attachment-large\" alt=\"SAii Lagoon Maldives, Curio Collection by Hilton\" title=\"saii-lagunen-maldiverna-kuriosa-samling-hilton-\u00f6ver-vatten-villa-7\" srcset=\"https:\/\/maldives-paradise.com\/wp-content\/uploads\/2024\/06\/saii-lagoon-maldives-curio-collection-hilton-over-water-villa-7.jpg 780w, https:\/\/maldives-paradise.com\/wp-content\/uploads\/2024\/06\/saii-lagoon-maldives-curio-collection-hilton-over-water-villa-7-300x151.jpg 300w, https:\/\/maldives-paradise.com\/wp-content\/uploads\/2024\/06\/saii-lagoon-maldives-curio-collection-hilton-over-water-villa-7-768x387.jpg 768w, https:\/\/maldives-paradise.com\/wp-content\/uploads\/2024\/06\/saii-lagoon-maldives-curio-collection-hilton-over-water-villa-7-18x9.jpg 18w, https:\/\/maldives-paradise.com\/wp-content\/uploads\/2024\/06\/saii-lagoon-maldives-curio-collection-hilton-over-water-villa-7-500x252.jpg 500w\" sizes=\"auto, (max-width: 780px) 100vw, 780px\" \/><\/div>\n\t\t<\/figure>\n\t<\/div>\n<\/div><\/div><\/div><\/div><div class=\"vc_row wpb_row vc_row-fluid\"><div class=\"wpb_column vc_column_container vc_col-sm-12\"><div class=\"vc_column-inner\"><div class=\"wpb_wrapper\">\n\t<div class=\"wpb_text_column wpb_content_element\" >\n\t\t<div class=\"wpb_wrapper\">\n\t\t\t<h4><a href=\"http:\/\/maldives-paradise.com\/sv\/saii-lagoon-maldiverna-kuriosasamling-av-hilton\/\">SAii Lagoon Maldives, Curio Collection by Hilton<\/a><\/h4>\n<p>SAii Lagoon Maldives erbjuder en levande och ungdomlig inst\u00e4llning av lyx med sin f\u00e4rgglada design och livliga atmosf\u00e4r i South Male Atoll. Anl\u00e4ggningens 198 rum och villor \u00e4r moderna och rymliga. Du kan \u00e4ta middag p\u00e5 Miss Olive Oyl och Mr. Tomyam, som erbjuder medelhavsmat respektive thail\u00e4ndsk mat. L\u00e8n Be Well Spa erbjuder en rad behandlingar utformade f\u00f6r att koppla av och f\u00f6ryngra.<\/p>\n\n\t\t<\/div>\n\t<\/div>\n<\/div><\/div><\/div><\/div><div class=\"vc_row wpb_row vc_row-fluid\"><div class=\"wpb_column vc_column_container vc_col-sm-12\"><div class=\"vc_column-inner\"><div class=\"wpb_wrapper\">\n\t<div  class=\"wpb_single_image wpb_content_element vc_align_left wpb_content_element\">\n\t\t<h2 class=\"wpb_heading wpb_singleimage_heading\">Hard Rock Hotel Maldiverna<\/h2>\n\t\t<figure class=\"wpb_wrapper vc_figure\">\n\t\t\t<div class=\"vc_single_image-wrapper   vc_box_border_grey\"><img loading=\"lazy\" decoding=\"async\" width=\"780\" height=\"520\" src=\"https:\/\/maldives-paradise.com\/wp-content\/uploads\/2024\/06\/hard-rock-hotel-maldives3.jpg\" class=\"vc_single_image-img attachment-large\" alt=\"Hard Rock Hotel Maldiverna\" title=\"h\u00e5rdrock-hotell-maldiverna3\" srcset=\"https:\/\/maldives-paradise.com\/wp-content\/uploads\/2024\/06\/hard-rock-hotel-maldives3.jpg 780w, https:\/\/maldives-paradise.com\/wp-content\/uploads\/2024\/06\/hard-rock-hotel-maldives3-300x200.jpg 300w, https:\/\/maldives-paradise.com\/wp-content\/uploads\/2024\/06\/hard-rock-hotel-maldives3-768x512.jpg 768w, https:\/\/maldives-paradise.com\/wp-content\/uploads\/2024\/06\/hard-rock-hotel-maldives3-18x12.jpg 18w, https:\/\/maldives-paradise.com\/wp-content\/uploads\/2024\/06\/hard-rock-hotel-maldives3-500x333.jpg 500w\" sizes=\"auto, (max-width: 780px) 100vw, 780px\" \/><\/div>\n\t\t<\/figure>\n\t<\/div>\n<\/div><\/div><\/div><\/div><div class=\"vc_row wpb_row vc_row-fluid\"><div class=\"wpb_column vc_column_container vc_col-sm-12\"><div class=\"vc_column-inner\"><div class=\"wpb_wrapper\">\n\t<div class=\"wpb_text_column wpb_content_element\" >\n\t\t<div class=\"wpb_wrapper\">\n\t\t\t<h4><a href=\"http:\/\/maldives-paradise.com\/sv\/hardrock-hotell-maldiverna\/\">Hard Rock Hotel Maldiverna<\/a><\/h4>\n<p>Hard Rock Hotel Maldives kombinerar lyx med rock-and-roll-k\u00e4nsla. Resortens 178 rum, sviter och villor \u00e4r designade med musikinspirerad inredning. Matst\u00e4llena inkluderar Hard Rock Cafe, Sessions och The Elephant and The Butterfly, som erbjuder en blandning av internationella och latinamerikanska r\u00e4tter. Rock Spa erbjuder en unik inblick i v\u00e4lbefinnande med behandlingar med rytm och musik.<\/p>\n<p>Sammanfattningsvis \u00e4r South Male Atoll hem f\u00f6r n\u00e5gra av de mest lyxiga semesteranl\u00e4ggningarna p\u00e5 Maldiverna, som alla erbjuder unika upplevelser och bekv\u00e4mligheter i v\u00e4rldsklass. Oavsett om du letar efter en romantisk flykt, en wellness-retreat eller en familjev\u00e4nlig semester, erbjuder dessa resorter den perfekta milj\u00f6n f\u00f6r en of\u00f6rgl\u00f6mlig vistelse i paradiset.<\/p>\n\n\t\t<\/div>\n\t<\/div>\n<\/div><\/div><\/div><\/div>\n<\/div>","protected":false},"excerpt":{"rendered":"<div class=\"mh-excerpt\"><\/div>","protected":false},"author":1,"featured_media":16731,"parent":0,"menu_order":0,"comment_status":"closed","ping_status":"closed","template":"","meta":{"footnotes":""},"class_list":["post-16730","page","type-page","status-publish","has-post-thumbnail"],"aioseo_notices":[],"_links":{"self":[{"href":"http:\/\/maldives-paradise.com\/sv\/wp-json\/wp\/v2\/pages\/16730","targetHints":{"allow":["GET"]}}],"collection":[{"href":"http:\/\/maldives-paradise.com\/sv\/wp-json\/wp\/v2\/pages"}],"about":[{"href":"http:\/\/maldives-paradise.com\/sv\/wp-json\/wp\/v2\/types\/page"}],"author":[{"embeddable":true,"href":"http:\/\/maldives-paradise.com\/sv\/wp-json\/wp\/v2\/users\/1"}],"replies":[{"embeddable":true,"href":"http:\/\/maldives-paradise.com\/sv\/wp-json\/wp\/v2\/comments?post=16730"}],"version-history":[{"count":5,"href":"http:\/\/maldives-paradise.com\/sv\/wp-json\/wp\/v2\/pages\/16730\/revisions"}],"predecessor-version":[{"id":16747,"href":"http:\/\/maldives-paradise.com\/sv\/wp-json\/wp\/v2\/pages\/16730\/revisions\/16747"}],"wp:featuredmedia":[{"embeddable":true,"href":"http:\/\/maldives-paradise.com\/sv\/wp-json\/wp\/v2\/media\/16731"}],"wp:attachment":[{"href":"http:\/\/maldives-paradise.com\/sv\/wp-json\/wp\/v2\/media?parent=16730"}],"curies":[{"name":"wp","href":"https:\/\/api.w.org\/{rel}","templated":true}]}}