{"id":16026,"date":"2024-05-25T10:56:36","date_gmt":"2024-05-25T10:56:36","guid":{"rendered":"http:\/\/maldives-paradise.com\/?page_id=16026"},"modified":"2025-10-10T15:08:11","modified_gmt":"2025-10-10T15:08:11","slug":"de-basta-lyxresorterna-i-gaafu-atollen","status":"publish","type":"page","link":"http:\/\/maldives-paradise.com\/sv\/de-basta-lyxresorterna-i-gaafu-atollen\/","title":{"rendered":"De b\u00e4sta lyxresorterna i Gaafu-atollen"},"content":{"rendered":"<div class=\"wpb-content-wrapper\"><div class=\"vc_row wpb_row vc_row-fluid\"><div class=\"wpb_column vc_column_container vc_col-sm-12\"><div class=\"vc_column-inner\"><div class=\"wpb_wrapper\">\n\t<div class=\"wpb_text_column wpb_content_element\" >\n\t\t<div class=\"wpb_wrapper\">\n\t\t\t<p><strong>Gaafu Atoll<\/strong> \u00e4r ett popul\u00e4rt turistm\u00e5l f\u00f6r dem som s\u00f6ker en \u00e4kta maldivisk upplevelse. Atollen \u00e4r k\u00e4nd f\u00f6r sina or\u00f6rda str\u00e4nder, turkosa vatten och m\u00e5ngsidiga marina liv, vilket g\u00f6r den till en idealisk plats f\u00f6r snorkling och dykning. Atollen \u00e4r en av de st\u00f6rsta p\u00e5 Maldiverna, med 87 \u00f6ar, varav endast 12 \u00e4r bebodda.<\/p>\n\n\t\t<\/div>\n\t<\/div>\n<\/div><\/div><\/div><\/div><div class=\"vc_row wpb_row vc_row-fluid\"><div class=\"wpb_column vc_column_container vc_col-sm-12\"><div class=\"vc_column-inner\"><div class=\"wpb_wrapper\">\n\t<div  class=\"wpb_single_image wpb_content_element vc_align_left wpb_content_element\">\n\t\t<h2 class=\"wpb_heading wpb_singleimage_heading\">Raffles Maldiverna Meradhoo<\/h2>\n\t\t<figure class=\"wpb_wrapper vc_figure\">\n\t\t\t<div class=\"vc_single_image-wrapper   vc_box_border_grey\"><img loading=\"lazy\" decoding=\"async\" width=\"1024\" height=\"768\" src=\"https:\/\/maldives-paradise.com\/wp-content\/uploads\/2024\/05\/raffles.jpg\" class=\"vc_single_image-img attachment-large\" alt=\"Raffles Maldiverna Meradhoo\" title=\"lotterier\" srcset=\"https:\/\/maldives-paradise.com\/wp-content\/uploads\/2024\/05\/raffles.jpg 1024w, https:\/\/maldives-paradise.com\/wp-content\/uploads\/2024\/05\/raffles-300x225.jpg 300w, https:\/\/maldives-paradise.com\/wp-content\/uploads\/2024\/05\/raffles-768x576.jpg 768w, https:\/\/maldives-paradise.com\/wp-content\/uploads\/2024\/05\/raffles-16x12.jpg 16w, https:\/\/maldives-paradise.com\/wp-content\/uploads\/2024\/05\/raffles-678x509.jpg 678w, https:\/\/maldives-paradise.com\/wp-content\/uploads\/2024\/05\/raffles-326x245.jpg 326w, https:\/\/maldives-paradise.com\/wp-content\/uploads\/2024\/05\/raffles-80x60.jpg 80w, https:\/\/maldives-paradise.com\/wp-content\/uploads\/2024\/05\/raffles-500x375.jpg 500w, https:\/\/maldives-paradise.com\/wp-content\/uploads\/2024\/05\/raffles-800x600.jpg 800w\" sizes=\"auto, (max-width: 1024px) 100vw, 1024px\" \/><\/div>\n\t\t<\/figure>\n\t<\/div>\n<\/div><\/div><\/div><\/div><div class=\"vc_row wpb_row vc_row-fluid\"><div class=\"wpb_column vc_column_container vc_col-sm-12\"><div class=\"vc_column-inner\"><div class=\"wpb_wrapper\">\n\t<div class=\"wpb_text_column wpb_content_element\" >\n\t\t<div class=\"wpb_wrapper\">\n\t\t\t<h4><a href=\"https:\/\/trip.tpo.lv\/a8GaZiTf\" target=\"_blank\" rel=\"nofollow noopener\">Raffles Maldiverna<\/a><\/h4>\n<p>Raffles Maldives Meradhoo \u00e4r tv\u00e5 uts\u00f6kta v\u00e4rldar i en, kantad av or\u00f6rd vit sand och kristallklart vatten. De eleganta, rymliga villorna och bost\u00e4derna ligger bara n\u00e5gra steg fr\u00e5n stranden p\u00e5 en privat \u00f6 eller ute p\u00e5 lagunen, med svepande panoramautsikt \u00f6ver det eteriskt vackra i Gaafu-atollen i Indiska oceanen.<\/p>\n\n\t\t<\/div>\n\t<\/div>\n<\/div><\/div><\/div><\/div><div class=\"vc_row wpb_row vc_row-fluid\"><div class=\"wpb_column vc_column_container vc_col-sm-12\"><div class=\"vc_column-inner\"><div class=\"wpb_wrapper\">\n\t<div  class=\"wpb_single_image wpb_content_element vc_align_left wpb_content_element\">\n\t\t<h2 class=\"wpb_heading wpb_singleimage_heading\">Park Hyatt Maldives Hadahaa<\/h2>\n\t\t<figure class=\"wpb_wrapper vc_figure\">\n\t\t\t<div class=\"vc_single_image-wrapper   vc_box_border_grey\"><img loading=\"lazy\" decoding=\"async\" width=\"700\" height=\"475\" src=\"https:\/\/maldives-paradise.com\/wp-content\/uploads\/2024\/05\/Park-Hyatt-Maldives-Hadahaa-deluxe-park-pool-villa.jpg\" class=\"vc_single_image-img attachment-large\" alt=\"Park Hyatt Maldives Hadahaa\" title=\"Park Hyatt Maldives Hadahaa-deluxe-park-pool-villa\" srcset=\"https:\/\/maldives-paradise.com\/wp-content\/uploads\/2024\/05\/Park-Hyatt-Maldives-Hadahaa-deluxe-park-pool-villa.jpg 700w, https:\/\/maldives-paradise.com\/wp-content\/uploads\/2024\/05\/Park-Hyatt-Maldives-Hadahaa-deluxe-park-pool-villa-300x204.jpg 300w, https:\/\/maldives-paradise.com\/wp-content\/uploads\/2024\/05\/Park-Hyatt-Maldives-Hadahaa-deluxe-park-pool-villa-18x12.jpg 18w, https:\/\/maldives-paradise.com\/wp-content\/uploads\/2024\/05\/Park-Hyatt-Maldives-Hadahaa-deluxe-park-pool-villa-500x339.jpg 500w\" sizes=\"auto, (max-width: 700px) 100vw, 700px\" \/><\/div>\n\t\t<\/figure>\n\t<\/div>\n<\/div><\/div><\/div><\/div><div class=\"vc_row wpb_row vc_row-fluid\"><div class=\"wpb_column vc_column_container vc_col-sm-12\"><div class=\"vc_column-inner\"><div class=\"wpb_wrapper\">\n\t<div class=\"wpb_text_column wpb_content_element\" >\n\t\t<div class=\"wpb_wrapper\">\n\t\t\t<h4><a href=\"https:\/\/trip.tpo.lv\/VgLltNfb\" target=\"_blank\" rel=\"nofollow noopener\">Park Hyatt Maldives Hadahaa<\/a><\/h4>\n<p>Upplev f\u00f6rstklassig service p\u00e5 Park Hyatt Maldives Hadahaa. Njut av lyxiga vistelser p\u00e5 en exklusiv \u00f6 p\u00e5 Park Hyatt Maldives, med 5-stj\u00e4rniga villor som ligger ett stenkast fr\u00e5n pudervit sand. H\u00e4r finns en utomhuspool, PADI 5-stj\u00e4rniga duva- och aktivitetscenter, f\u00f6rstklassigt spa och fitnesscenter. Villorna ligger inb\u00e4ddat bland tropisk gr\u00f6nska och har ett \u00f6ppet badrum med vacker utsikt. Villabekv\u00e4mligheter inkluderar privata d\u00e4ck med dagb\u00e4ddar, medianav och mycket mer.<\/p>\n\n\t\t<\/div>\n\t<\/div>\n<\/div><\/div><\/div><\/div><div class=\"vc_row wpb_row vc_row-fluid\"><div class=\"wpb_column vc_column_container vc_col-sm-12\"><div class=\"vc_column-inner\"><div class=\"wpb_wrapper\">\n\t<div  class=\"wpb_single_image wpb_content_element vc_align_left wpb_content_element\">\n\t\t<h2 class=\"wpb_heading wpb_singleimage_heading\">ROBINSON Club Maldiverna<\/h2>\n\t\t<figure class=\"wpb_wrapper vc_figure\">\n\t\t\t<div class=\"vc_single_image-wrapper   vc_box_border_grey\"><img loading=\"lazy\" decoding=\"async\" width=\"780\" height=\"518\" src=\"https:\/\/maldives-paradise.com\/wp-content\/uploads\/2024\/05\/Robinson-Maldives-Adults-Only-Hotel-Gaafu-Alifu-Atoll-Exterior.jpeg\" class=\"vc_single_image-img attachment-large\" alt=\"Gaafu-atollen p\u00e5 Maldiverna\" title=\"Robinson-Maldiverna-Endast vuxna-Hotell-Gaafu-Alifu-atollen-Exteri\u00f6r\" srcset=\"https:\/\/maldives-paradise.com\/wp-content\/uploads\/2024\/05\/Robinson-Maldives-Adults-Only-Hotel-Gaafu-Alifu-Atoll-Exterior.jpeg 780w, https:\/\/maldives-paradise.com\/wp-content\/uploads\/2024\/05\/Robinson-Maldives-Adults-Only-Hotel-Gaafu-Alifu-Atoll-Exterior-300x199.jpeg 300w, https:\/\/maldives-paradise.com\/wp-content\/uploads\/2024\/05\/Robinson-Maldives-Adults-Only-Hotel-Gaafu-Alifu-Atoll-Exterior-768x510.jpeg 768w, https:\/\/maldives-paradise.com\/wp-content\/uploads\/2024\/05\/Robinson-Maldives-Adults-Only-Hotel-Gaafu-Alifu-Atoll-Exterior-18x12.jpeg 18w, https:\/\/maldives-paradise.com\/wp-content\/uploads\/2024\/05\/Robinson-Maldives-Adults-Only-Hotel-Gaafu-Alifu-Atoll-Exterior-500x332.jpeg 500w\" sizes=\"auto, (max-width: 780px) 100vw, 780px\" \/><\/div>\n\t\t<\/figure>\n\t<\/div>\n<\/div><\/div><\/div><\/div><div class=\"vc_row wpb_row vc_row-fluid\"><div class=\"wpb_column vc_column_container vc_col-sm-12\"><div class=\"vc_column-inner\"><div class=\"wpb_wrapper\">\n\t<div class=\"wpb_text_column wpb_content_element\" >\n\t\t<div class=\"wpb_wrapper\">\n\t\t\t<h4><a href=\"https:\/\/trip.tpo.lv\/eBl71ATn\" target=\"_blank\" rel=\"nofollow noopener\">ROBINSON Club Maldiverna<\/a><\/h4>\n<p>Positioned on Funamadua Island, ROBINSON Maldives caters to adults and families with children aged 14 and above. It offers a relaxed atmosphere with beach bungalows, garden villas, and overwater villas, each designed to provide an intimate escape. The resort is known for its extensive sports programs, including diving, water sports, and fitness classes, making it the perfect choice for active travelers seeking luxury.<\/p>\n\n\t\t<\/div>\n\t<\/div>\n<\/div><\/div><\/div><\/div><div class=\"vc_row wpb_row vc_row-fluid\"><div class=\"wpb_column vc_column_container vc_col-sm-12\"><div class=\"vc_column-inner\"><div class=\"wpb_wrapper\">\n\t<div  class=\"wpb_single_image wpb_content_element vc_align_left wpb_content_element\">\n\t\t<h2 class=\"wpb_heading wpb_singleimage_heading\">Mercure Maldives Kooddoo Resort<\/h2>\n\t\t<figure class=\"wpb_wrapper vc_figure\">\n\t\t\t<div class=\"vc_single_image-wrapper   vc_box_border_grey\"><img loading=\"lazy\" decoding=\"async\" width=\"1024\" height=\"768\" src=\"https:\/\/maldives-paradise.com\/wp-content\/uploads\/2024\/05\/mercure.jpg\" class=\"vc_single_image-img attachment-large\" alt=\"Mercure Maldives Kooddoo Resort\" title=\"Mercure Maldives Kooddoo Resort\" srcset=\"https:\/\/maldives-paradise.com\/wp-content\/uploads\/2024\/05\/mercure.jpg 1024w, https:\/\/maldives-paradise.com\/wp-content\/uploads\/2024\/05\/mercure-300x225.jpg 300w, https:\/\/maldives-paradise.com\/wp-content\/uploads\/2024\/05\/mercure-768x576.jpg 768w, https:\/\/maldives-paradise.com\/wp-content\/uploads\/2024\/05\/mercure-16x12.jpg 16w, https:\/\/maldives-paradise.com\/wp-content\/uploads\/2024\/05\/mercure-678x509.jpg 678w, https:\/\/maldives-paradise.com\/wp-content\/uploads\/2024\/05\/mercure-326x245.jpg 326w, https:\/\/maldives-paradise.com\/wp-content\/uploads\/2024\/05\/mercure-80x60.jpg 80w, https:\/\/maldives-paradise.com\/wp-content\/uploads\/2024\/05\/mercure-500x375.jpg 500w, https:\/\/maldives-paradise.com\/wp-content\/uploads\/2024\/05\/mercure-800x600.jpg 800w\" sizes=\"auto, (max-width: 1024px) 100vw, 1024px\" \/><\/div>\n\t\t<\/figure>\n\t<\/div>\n<\/div><\/div><\/div><\/div><div class=\"vc_row wpb_row vc_row-fluid\"><div class=\"wpb_column vc_column_container vc_col-sm-12\"><div class=\"vc_column-inner\"><div class=\"wpb_wrapper\">\n\t<div class=\"wpb_text_column wpb_content_element\" >\n\t\t<div class=\"wpb_wrapper\">\n\t\t\t<h4><a href=\"https:\/\/trip.tpo.lv\/VmYMdeUR\" target=\"_blank\" rel=\"nofollow noopener\">Mercure Maldives Kooddoo Resort<\/a><\/h4>\n<p>Mercure Maldives Kooddoo Resort har direkt tillg\u00e5ng till havet fr\u00e5n alla sina villor, och kombinerar lokal arkitektur med modern komfort. Det \u00e4r den enda semesterorten p\u00e5 Maldiverna som \u00e4r byggd med hj\u00e4lp av lokala material i sin konstruktion, vilket avsev\u00e4rt minskar dess koldioxidavtryck. Med ett marinbiologiskt centrum, ett v\u00e4lutrustat spa och flera matst\u00e4llen erbjuder resorten en omfattande lyxupplevelse.<\/p>\n\n\t\t<\/div>\n\t<\/div>\n<\/div><\/div><\/div><\/div><div class=\"vc_row wpb_row vc_row-fluid\"><div class=\"wpb_column vc_column_container vc_col-sm-12\"><div class=\"vc_column-inner\"><div class=\"wpb_wrapper\">\n\t<div  class=\"wpb_single_image wpb_content_element vc_align_left wpb_content_element\">\n\t\t<h2 class=\"wpb_heading wpb_singleimage_heading\">Outrigger Konotta Maldives Resort<\/h2>\n\t\t<figure class=\"wpb_wrapper vc_figure\">\n\t\t\t<div class=\"vc_single_image-wrapper   vc_box_border_grey\"><img loading=\"lazy\" decoding=\"async\" width=\"900\" height=\"500\" src=\"https:\/\/maldives-paradise.com\/wp-content\/uploads\/2024\/05\/outrigger.jpg\" class=\"vc_single_image-img attachment-large\" alt=\"Outrigger Konotta Maldives Resort\" title=\"utriggare\" srcset=\"https:\/\/maldives-paradise.com\/wp-content\/uploads\/2024\/05\/outrigger.jpg 900w, https:\/\/maldives-paradise.com\/wp-content\/uploads\/2024\/05\/outrigger-300x167.jpg 300w, https:\/\/maldives-paradise.com\/wp-content\/uploads\/2024\/05\/outrigger-768x427.jpg 768w, https:\/\/maldives-paradise.com\/wp-content\/uploads\/2024\/05\/outrigger-18x10.jpg 18w, https:\/\/maldives-paradise.com\/wp-content\/uploads\/2024\/05\/outrigger-500x278.jpg 500w, https:\/\/maldives-paradise.com\/wp-content\/uploads\/2024\/05\/outrigger-800x444.jpg 800w\" sizes=\"auto, (max-width: 900px) 100vw, 900px\" \/><\/div>\n\t\t<\/figure>\n\t<\/div>\n<\/div><\/div><\/div><\/div><div class=\"vc_row wpb_row vc_row-fluid\"><div class=\"wpb_column vc_column_container vc_col-sm-12\"><div class=\"vc_column-inner\"><div class=\"wpb_wrapper\">\n\t<div class=\"wpb_text_column wpb_content_element\" >\n\t\t<div class=\"wpb_wrapper\">\n\t\t\t<h4><a href=\"https:\/\/hotellook.tp.st\/C5KGyvIB\" target=\"_blank\" rel=\"nofollow noopener\">Outrigger Konotta Maldives Resort<\/a><\/h4>\n<p>Denna avskilda resort erbjuder o\u00f6vertr\u00e4ffad avskildhet och lyx, med rymliga villor med privata pooler, direkt tillg\u00e5ng till lagunen och personlig service. Outrigger Konotta Maldives Resort \u00e4r perfekt f\u00f6r dem som s\u00f6ker en fridfull och \u00f6verd\u00e5dig tillflyktsort. Dess Navasana Spa, olika kulinariska alternativ och utbud av vattenaktiviteter garanterar en minnesv\u00e4rd vistelse i paradiset Gaafu Atoll.<\/p>\n\n\t\t<\/div>\n\t<\/div>\n<\/div><\/div><\/div><\/div><div class=\"vc_row wpb_row vc_row-fluid\"><div class=\"wpb_column vc_column_container vc_col-sm-12\"><div class=\"vc_column-inner\"><div class=\"wpb_wrapper\">\n\t<div  class=\"wpb_single_image wpb_content_element vc_align_left wpb_content_element\">\n\t\t<h2 class=\"wpb_heading wpb_singleimage_heading\">Pullman Maldives All-inclusive Resort<\/h2>\n\t\t<figure class=\"wpb_wrapper vc_figure\">\n\t\t\t<div class=\"vc_single_image-wrapper   vc_box_border_grey\"><img loading=\"lazy\" decoding=\"async\" width=\"1024\" height=\"683\" src=\"https:\/\/maldives-paradise.com\/wp-content\/uploads\/2024\/05\/pullman.jpg\" class=\"vc_single_image-img attachment-large\" alt=\"Pullman Maldives All-inclusive Resort\" title=\"pullman\" srcset=\"https:\/\/maldives-paradise.com\/wp-content\/uploads\/2024\/05\/pullman.jpg 1024w, https:\/\/maldives-paradise.com\/wp-content\/uploads\/2024\/05\/pullman-300x200.jpg 300w, https:\/\/maldives-paradise.com\/wp-content\/uploads\/2024\/05\/pullman-768x512.jpg 768w, https:\/\/maldives-paradise.com\/wp-content\/uploads\/2024\/05\/pullman-18x12.jpg 18w, https:\/\/maldives-paradise.com\/wp-content\/uploads\/2024\/05\/pullman-500x333.jpg 500w, https:\/\/maldives-paradise.com\/wp-content\/uploads\/2024\/05\/pullman-800x534.jpg 800w\" sizes=\"auto, (max-width: 1024px) 100vw, 1024px\" \/><\/div>\n\t\t<\/figure>\n\t<\/div>\n<\/div><\/div><\/div><\/div><div class=\"vc_row wpb_row vc_row-fluid\"><div class=\"wpb_column vc_column_container vc_col-sm-12\"><div class=\"vc_column-inner\"><div class=\"wpb_wrapper\">\n\t<div class=\"wpb_text_column wpb_content_element\" >\n\t\t<div class=\"wpb_wrapper\">\n\t\t\t<h4><a href=\"https:\/\/hotellook.tp.st\/sAUwE7NU\" target=\"_blank\" rel=\"nofollow noopener\">Pullman Maldives All-inclusive Resort<\/a><\/h4>\n<p>Pullman Maldives Maamutaa \u2013 en allomfattande fristad d\u00e4r lyx m\u00f6ter o\u00e4ndliga m\u00f6jligheter. F\u00f6rdjupa dig i exklusiva f\u00f6rm\u00e5ner, t\u00e4nd ditt intellekt och vidga dina vyer dj\u00e4rvt. Detta \u00e4r inte bara en utv\u00e4g; det \u00e4r en plats designad f\u00f6r dem som vill f\u00f6rb\u00e4ttra sitt spel. Inb\u00e4ddat i s\u00f6dra Maldiverna p\u00e5 \u00f6n Maamutaa inom Gaafu Alifu-atollen, v\u00e5r f\u00f6retagsamma lekplats str\u00e4cker sig \u00f6ver 18 hektar frodig gr\u00f6nska, som omger en naturlig sj\u00f6. V\u00e5rt engagemang? F\u00f6rse dig med ditt livs semester<\/p>\n\n\t\t<\/div>\n\t<\/div>\n<\/div><\/div><\/div><\/div><div class=\"vc_row wpb_row vc_row-fluid\"><div class=\"wpb_column vc_column_container vc_col-sm-12\"><div class=\"vc_column-inner\"><div class=\"wpb_wrapper\">\n\t<div  class=\"wpb_single_image wpb_content_element vc_align_left wpb_content_element\">\n\t\t<h2 class=\"wpb_heading wpb_singleimage_heading\">Residence Maldives vid Falhumaafushi<\/h2>\n\t\t<figure class=\"wpb_wrapper vc_figure\">\n\t\t\t<div class=\"vc_single_image-wrapper   vc_box_border_grey\"><img loading=\"lazy\" decoding=\"async\" width=\"780\" height=\"519\" src=\"https:\/\/maldives-paradise.com\/wp-content\/uploads\/2024\/05\/The-Residence-Maldives-at-Falhumaafushi.jpg\" class=\"vc_single_image-img attachment-large\" alt=\"Residence Maldives vid Falhumaafushi\" title=\"Residence Maldives vid Falhumaafushi\" srcset=\"https:\/\/maldives-paradise.com\/wp-content\/uploads\/2024\/05\/The-Residence-Maldives-at-Falhumaafushi.jpg 780w, https:\/\/maldives-paradise.com\/wp-content\/uploads\/2024\/05\/The-Residence-Maldives-at-Falhumaafushi-300x200.jpg 300w, https:\/\/maldives-paradise.com\/wp-content\/uploads\/2024\/05\/The-Residence-Maldives-at-Falhumaafushi-768x511.jpg 768w, https:\/\/maldives-paradise.com\/wp-content\/uploads\/2024\/05\/The-Residence-Maldives-at-Falhumaafushi-18x12.jpg 18w, https:\/\/maldives-paradise.com\/wp-content\/uploads\/2024\/05\/The-Residence-Maldives-at-Falhumaafushi-500x333.jpg 500w\" sizes=\"auto, (max-width: 780px) 100vw, 780px\" \/><\/div>\n\t\t<\/figure>\n\t<\/div>\n<\/div><\/div><\/div><\/div><div class=\"vc_row wpb_row vc_row-fluid\"><div class=\"wpb_column vc_column_container vc_col-sm-12\"><div class=\"vc_column-inner\"><div class=\"wpb_wrapper\">\n\t<div class=\"wpb_text_column wpb_content_element\" >\n\t\t<div class=\"wpb_wrapper\">\n\t\t\t<h4><a href=\"https:\/\/trip.tpo.lv\/HJSSIY3X\" target=\"_blank\" rel=\"nofollow noopener\">Residence Maldiverna<\/a><\/h4>\n<p>Inb\u00e4ddat p\u00e5 den or\u00f6rda \u00f6n Falhumaafushi i Gaafu Alifu-atollen, en av de st\u00f6rsta och djupaste atollarna i v\u00e4rlden, \u00e4r denna 94 villaresort vid stranden och \u00f6ver vattnet en intim oas. Sk\u00f6nheten i \u00f6ns husrev och dess bofasta hajar och sk\u00f6ldpaddor \u00e4r tillg\u00e4nglig direkt fr\u00e5n villans d\u00e4ck \u00f6ver vattnet. Anl\u00e4ggningen har tre restauranger och fyra barer, vattensporter, ett fitnesscenter, barnklubb och utflykter till n\u00e4rliggande \u00f6ar.<\/p>\n\n\t\t<\/div>\n\t<\/div>\n<\/div><\/div><\/div><\/div><div class=\"vc_row wpb_row vc_row-fluid\"><div class=\"wpb_column vc_column_container vc_col-sm-12\"><div class=\"vc_column-inner\"><div class=\"wpb_wrapper\">\n\t<div  class=\"wpb_single_image wpb_content_element vc_align_left wpb_content_element\">\n\t\t<h2 class=\"wpb_heading wpb_singleimage_heading\">NH Collection Maldives Havodda Resort<\/h2>\n\t\t<figure class=\"wpb_wrapper vc_figure\">\n\t\t\t<div class=\"vc_single_image-wrapper   vc_box_border_grey\"><img loading=\"lazy\" decoding=\"async\" width=\"1024\" height=\"683\" src=\"https:\/\/maldives-paradise.com\/wp-content\/uploads\/2024\/05\/nh-collection.jpg\" class=\"vc_single_image-img attachment-large\" alt=\"NH Collection Maldives Havodda Resort\" title=\"nh-kollektion\" srcset=\"https:\/\/maldives-paradise.com\/wp-content\/uploads\/2024\/05\/nh-collection.jpg 1024w, https:\/\/maldives-paradise.com\/wp-content\/uploads\/2024\/05\/nh-collection-300x200.jpg 300w, https:\/\/maldives-paradise.com\/wp-content\/uploads\/2024\/05\/nh-collection-768x512.jpg 768w, https:\/\/maldives-paradise.com\/wp-content\/uploads\/2024\/05\/nh-collection-18x12.jpg 18w, https:\/\/maldives-paradise.com\/wp-content\/uploads\/2024\/05\/nh-collection-500x333.jpg 500w, https:\/\/maldives-paradise.com\/wp-content\/uploads\/2024\/05\/nh-collection-800x534.jpg 800w\" sizes=\"auto, (max-width: 1024px) 100vw, 1024px\" \/><\/div>\n\t\t<\/figure>\n\t<\/div>\n<\/div><\/div><\/div><\/div><div class=\"vc_row wpb_row vc_row-fluid\"><div class=\"wpb_column vc_column_container vc_col-sm-12\"><div class=\"vc_column-inner\"><div class=\"wpb_wrapper\">\n\t<div class=\"wpb_text_column wpb_content_element\" >\n\t\t<div class=\"wpb_wrapper\">\n\t\t\t<h4><a href=\"https:\/\/hotellook.tp.st\/VjHy8xqe\" target=\"_blank\" rel=\"nofollow noopener\">NH Collection Maldives Havodda Resort<\/a><\/h4>\n<p>Anl\u00e4ggningen ligger g\u00f6md i Indiska oceanen, p\u00e5 en privat \u00f6 400 km s\u00f6der om huvudstaden Male i Gaafu Dhaalu-atollen. Vi inbjuder dig att uppt\u00e4cka paradiset p\u00e5 NH Collection Maldives Havodda Resort, en avskild tillflyktsort med frodig tropisk gr\u00f6nska, kristallklart turkost vatten och o\u00e4ndliga vita sandstr\u00e4nder. Erbjuder en utomhuspool, barnpool och vattensportfaciliteter. Anl\u00e4ggningen har en solterrass och ett spacenter samt 5 matst\u00e4llen. Det har ocks\u00e5 en beachvolleybollplan och ett FIT-center.<\/p>\n\n\t\t<\/div>\n\t<\/div>\n<\/div><\/div><\/div><\/div><div class=\"vc_row wpb_row vc_row-fluid\"><div class=\"wpb_column vc_column_container vc_col-sm-12\"><div class=\"vc_column-inner\"><div class=\"wpb_wrapper\">\n\t<div class=\"wpb_text_column wpb_content_element\" >\n\t\t<div class=\"wpb_wrapper\">\n\t\t\t<h4><a href=\"https:\/\/maldives-paradise.com\/sv\/2024\/03\/de-basta-lyxresorterna-i-baa-atoll\/\">De b\u00e4sta lyxresorterna i Baa Atoll<\/a><\/h4>\n\n\t\t<\/div>\n\t<\/div>\n<\/div><\/div><\/div><\/div>\n<\/div>","protected":false},"excerpt":{"rendered":"<div class=\"mh-excerpt\"><\/div>","protected":false},"author":1,"featured_media":16027,"parent":0,"menu_order":0,"comment_status":"closed","ping_status":"closed","template":"","meta":{"footnotes":""},"class_list":["post-16026","page","type-page","status-publish","has-post-thumbnail"],"aioseo_notices":[],"_links":{"self":[{"href":"http:\/\/maldives-paradise.com\/sv\/wp-json\/wp\/v2\/pages\/16026","targetHints":{"allow":["GET"]}}],"collection":[{"href":"http:\/\/maldives-paradise.com\/sv\/wp-json\/wp\/v2\/pages"}],"about":[{"href":"http:\/\/maldives-paradise.com\/sv\/wp-json\/wp\/v2\/types\/page"}],"author":[{"embeddable":true,"href":"http:\/\/maldives-paradise.com\/sv\/wp-json\/wp\/v2\/users\/1"}],"replies":[{"embeddable":true,"href":"http:\/\/maldives-paradise.com\/sv\/wp-json\/wp\/v2\/comments?post=16026"}],"version-history":[{"count":7,"href":"http:\/\/maldives-paradise.com\/sv\/wp-json\/wp\/v2\/pages\/16026\/revisions"}],"predecessor-version":[{"id":43504,"href":"http:\/\/maldives-paradise.com\/sv\/wp-json\/wp\/v2\/pages\/16026\/revisions\/43504"}],"wp:featuredmedia":[{"embeddable":true,"href":"http:\/\/maldives-paradise.com\/sv\/wp-json\/wp\/v2\/media\/16027"}],"wp:attachment":[{"href":"http:\/\/maldives-paradise.com\/sv\/wp-json\/wp\/v2\/media?parent=16026"}],"curies":[{"name":"wp","href":"https:\/\/api.w.org\/{rel}","templated":true}]}}