{"id":14888,"date":"2024-05-05T07:32:48","date_gmt":"2024-05-05T07:32:48","guid":{"rendered":"http:\/\/maldives-paradise.com\/?page_id=14888"},"modified":"2024-05-05T07:32:48","modified_gmt":"2024-05-05T07:32:48","slug":"det-vasentliga-med-resor-och-sjukforsakring-for-resor-till-maldiverna","status":"publish","type":"page","link":"http:\/\/maldives-paradise.com\/sv\/det-vasentliga-med-resor-och-sjukforsakring-for-resor-till-maldiverna\/","title":{"rendered":"Det v\u00e4sentliga med rese- och sjukf\u00f6rs\u00e4kring f\u00f6r resor till Maldiverna"},"content":{"rendered":"<div class=\"wpb-content-wrapper\"><div class=\"vc_row wpb_row vc_row-fluid\"><div class=\"wpb_column vc_column_container vc_col-sm-12\"><div class=\"vc_column-inner\"><div class=\"wpb_wrapper\">\n\t<div  class=\"wpb_single_image wpb_content_element vc_align_left wpb_content_element\">\n\t\t\n\t\t<figure class=\"wpb_wrapper vc_figure\">\n\t\t\t<div class=\"vc_single_image-wrapper   vc_box_border_grey\"><img decoding=\"async\" class=\"vc_single_image-img\" src=\"https:\/\/maldives-paradise.com\/wp-content\/uploads\/2024\/05\/travel-insurance.jpg\" width=\"780\" height=\"438\" alt=\"Resef\u00f6rs\u00e4kring Maldiverna\" title=\"resef\u00f6rs\u00e4kring\" loading=\"lazy\" \/><\/div>\n\t\t<\/figure>\n\t<\/div>\n<\/div><\/div><\/div><\/div><div class=\"vc_row wpb_row vc_row-fluid\"><div class=\"wpb_column vc_column_container vc_col-sm-12\"><div class=\"vc_column-inner\"><div class=\"wpb_wrapper\">\n\t<div class=\"wpb_text_column wpb_content_element\" >\n\t\t<div class=\"wpb_wrapper\">\n\t\t\t<p>Att resa till Maldiverna ses ofta som en resa till ett tropiskt paradis. Lockelsen med dess kristallklara vatten, lyxiga resorter och l\u00f6ftet om lugn avkoppling lockar otaliga turister varje \u00e5r. \u00c4ven om sp\u00e4nningen i en s\u00e5dan exotisk tillflyktsort \u00e4r obestridlig, f\u00f6rst\u00e5r smarta resen\u00e4rer vikten av att skydda sin resa med rese- och sjukf\u00f6rs\u00e4kring. H\u00e4r \u00e4r \u00f6vertygande sk\u00e4l till varf\u00f6r f\u00f6rs\u00e4kring \u00e4r avg\u00f6rande n\u00e4r du planerar ett bes\u00f6k till Maldiverna.<\/p>\n<p><strong>Of\u00f6ruts\u00e4gbart v\u00e4der och naturkatastrofer<\/strong><\/p>\n<p>Maldiverna upplever tv\u00e5 huvuds\u00e4songer: torrperioden och v\u00e5ts\u00e4songen. Medan torrperioden har vackert v\u00e4der, kan den v\u00e5ta \u00e5rstiden orsaka pl\u00f6tsliga och sv\u00e5ra v\u00e4derf\u00f6r\u00e4ndringar, inklusive stormar och kraftiga regn. S\u00e5dana f\u00f6rh\u00e5llanden kan leda till flygf\u00f6rseningar, inst\u00e4llda och till och med ov\u00e4ntade st\u00e4ngningar av orter eller attraktioner. Resef\u00f6rs\u00e4kringen kan t\u00e4cka kostnaderna i samband med dessa st\u00f6rningar, vilket s\u00e4kerst\u00e4ller att resen\u00e4rerna inte \u00e4r i fickan p\u00e5 grund av of\u00f6rutsedda v\u00e4derf\u00f6rh\u00e5llanden.<\/p>\n<p><strong>Fj\u00e4rrl\u00e4ge och transport<\/strong><\/p>\n<p>Sk\u00e4rg\u00e5rden best\u00e5r av cirka 1 200 \u00f6ar, d\u00e4r m\u00e5nga av lyxresorterna ligger p\u00e5 en egen privat \u00f6. Detta avl\u00e4gset l\u00e4ge, \u00e4ven om det \u00e4r en del av Maldivernas charm, inneb\u00e4r att man tar sig runt vanligtvis med sm\u00e5 flygplan eller b\u00e5tar. Resef\u00f6rs\u00e4kringen \u00e4r ov\u00e4rderlig h\u00e4r d\u00e5 den kan t\u00e4cka kostnaderna f\u00f6r missade anslutningar eller transportf\u00f6rseningar som \u00e4r vanliga p\u00e5 s\u00e5dana logistikintensiva destinationer.<\/p>\n<p><strong>H\u00e4lso n\u00f6dsituationer och medicinska faciliteter<\/strong><\/p>\n<p>\u00c4ven om Maldivernas naturliga sk\u00f6nhet \u00e4r o\u00f6vertr\u00e4ffad, \u00e4r tillg\u00e5ngen p\u00e5 omfattande medicinska faciliteter p\u00e5 \u00f6arna begr\u00e4nsad. De flesta orter har grundl\u00e4ggande medicinska faciliteter, men allvarliga h\u00e4lsoproblem kr\u00e4ver transport till huvudstaden Mal\u00e9 eller till och med en medicinsk evakuering till ett annat land. Sjukf\u00f6rs\u00e4kring blir oumb\u00e4rlig i dessa scenarier. Det t\u00e4cker sjukv\u00e5rdskostnader och s\u00e4kerst\u00e4ller att i h\u00e4ndelse av en h\u00e4lsokris, h\u00f6g standard p\u00e5 v\u00e5rd \u00e4r tillg\u00e4nglig utan b\u00f6rdan av orimliga kostnader.<\/p>\n<p><strong>\u00c4ventyr och vattensporter<\/strong><\/p>\n<p>Maldiverna \u00e4r en magnet f\u00f6r entusiaster av dykning, snorkling, surfing och andra vattensporter. Att engagera sig i dessa aktiviteter medf\u00f6r dock inneboende risker. Olyckor eller skador under s\u00e5dana aktiviteter kan inte bara f\u00f6rst\u00f6ra en semester utan ocks\u00e5 leda till betydande medicinska kostnader. M\u00e5nga resef\u00f6rs\u00e4kringar erbjuder ytterligare t\u00e4ckning f\u00f6r \u00e4ventyrssporter, vilket ger resen\u00e4rer sinnesfrid n\u00e4r de njuter av de sp\u00e4nnande upplevelserna som Maldiverna erbjuder.<\/p>\n<p><strong>Personlig trov\u00e4rdighet<\/strong><\/p>\n<p>Olyckor d\u00e4r andra \u00e4r inblandade, oavsett om det \u00e4r p\u00e5 en hyrd vattenskoter eller under en grupputflykt, kan leda till ansvarskrav. F\u00f6rs\u00e4kringar som t\u00e4cker personligt ansvar kan skydda resen\u00e4rer fr\u00e5n de ekonomiska konsekvenserna av oavsiktlig skada p\u00e5 tredje part eller skada p\u00e5 deras egendom.<\/p>\n<p><strong>Sinnesro<\/strong><\/p>\n<p>I slut\u00e4ndan \u00e4r den \u00f6vergripande f\u00f6rdelen med att ha en rese- och sjukf\u00f6rs\u00e4kring den sinnesfrid den ger. Att veta att de flesta of\u00f6rutsedda h\u00e4ndelser t\u00e4cks g\u00f6r det m\u00f6jligt f\u00f6r resen\u00e4rer att helt f\u00f6rdjupa sig i sk\u00f6nheten och avkopplingen av sin Maldiviska semester, utan den tjatande oro f\u00f6r &quot;t\u00e4nk om.&quot;<\/p>\n<p>Sammanfattningsvis \u00e4r rese- och sjukf\u00f6rs\u00e4kring inte bara rekommenderad utan n\u00f6dv\u00e4ndig f\u00f6r alla som planerar att bes\u00f6ka Maldiverna. Investeringen i f\u00f6rs\u00e4kring skyddar inte bara de ekonomiska aspekterna av resan utan ocks\u00e5 resen\u00e4rernas h\u00e4lsa och v\u00e4lbefinnande, vilket s\u00e4kerst\u00e4ller att en dr\u00f6msemester f\u00f6rblir idyllisk.<\/p>\n\n\t\t<\/div>\n\t<\/div>\n<\/div><\/div><\/div><\/div>\n<\/div>","protected":false},"excerpt":{"rendered":"<div class=\"mh-excerpt\"><\/div>","protected":false},"author":1,"featured_media":14889,"parent":0,"menu_order":0,"comment_status":"closed","ping_status":"closed","template":"","meta":{"footnotes":""},"class_list":["post-14888","page","type-page","status-publish","has-post-thumbnail"],"aioseo_notices":[],"_links":{"self":[{"href":"http:\/\/maldives-paradise.com\/sv\/wp-json\/wp\/v2\/pages\/14888","targetHints":{"allow":["GET"]}}],"collection":[{"href":"http:\/\/maldives-paradise.com\/sv\/wp-json\/wp\/v2\/pages"}],"about":[{"href":"http:\/\/maldives-paradise.com\/sv\/wp-json\/wp\/v2\/types\/page"}],"author":[{"embeddable":true,"href":"http:\/\/maldives-paradise.com\/sv\/wp-json\/wp\/v2\/users\/1"}],"replies":[{"embeddable":true,"href":"http:\/\/maldives-paradise.com\/sv\/wp-json\/wp\/v2\/comments?post=14888"}],"version-history":[{"count":2,"href":"http:\/\/maldives-paradise.com\/sv\/wp-json\/wp\/v2\/pages\/14888\/revisions"}],"predecessor-version":[{"id":14891,"href":"http:\/\/maldives-paradise.com\/sv\/wp-json\/wp\/v2\/pages\/14888\/revisions\/14891"}],"wp:featuredmedia":[{"embeddable":true,"href":"http:\/\/maldives-paradise.com\/sv\/wp-json\/wp\/v2\/media\/14889"}],"wp:attachment":[{"href":"http:\/\/maldives-paradise.com\/sv\/wp-json\/wp\/v2\/media?parent=14888"}],"curies":[{"name":"wp","href":"https:\/\/api.w.org\/{rel}","templated":true}]}}