{"id":14711,"date":"2024-04-29T16:43:33","date_gmt":"2024-04-29T16:43:33","guid":{"rendered":"http:\/\/maldives-paradise.com\/?page_id=14711"},"modified":"2025-11-26T09:34:24","modified_gmt":"2025-11-26T09:34:24","slug":"de-12-basta-resorterna-med-basta-prisgaranti-pa-maldiverna","status":"publish","type":"page","link":"http:\/\/maldives-paradise.com\/sv\/de-12-basta-resorterna-med-basta-prisgaranti-pa-maldiverna\/","title":{"rendered":"De b\u00e4sta resorterna med b\u00e4sta prisgaranti p\u00e5 Maldiverna"},"content":{"rendered":"<div class=\"wpb-content-wrapper\"><div class=\"vc_row wpb_row vc_row-fluid\"><div class=\"wpb_column vc_column_container vc_col-sm-12\"><div class=\"vc_column-inner\"><div class=\"wpb_wrapper\">\n\t<div class=\"wpb_text_column wpb_content_element\" >\n\t\t<div class=\"wpb_wrapper\">\n\t\t\t<p>H\u00e4r \u00e4r de b\u00e4sta hotellen\/resorterna p\u00e5 Maldiverna som erbjuder b\u00e4sta prisgarantiprogram eller b\u00e4sta prisgaranti som det ocks\u00e5 kallas, n\u00e4r du bokar direkt med hotellet. De garanterar att en hotellg\u00e4st f\u00e5r det l\u00e4gsta tillg\u00e4ngliga priset f\u00f6r en natt eller flera n\u00e4tter vid bokning direkt med hotellet.<\/p>\n<p>Hotellen reserverar ofta sina b\u00e4sta erbjudanden \u00e5t dig n\u00e4r du bokar direkt, fr\u00e5n kostnadsfria rumsuppgraderingar till exklusiva bekv\u00e4mligheter och andra f\u00f6rm\u00e5ner.<\/p>\n<p><a href=\"http:\/\/maldives-paradise.com\/sv\/basta-prisgaranti\/\">L\u00e4s mer om b\u00e4sta prisgaranti h\u00e4r<\/a><\/p>\n\n\t\t<\/div>\n\t<\/div>\n<\/div><\/div><\/div><\/div><div class=\"vc_row wpb_row vc_row-fluid\"><div class=\"wpb_column vc_column_container vc_col-sm-3\"><div class=\"vc_column-inner\"><div class=\"wpb_wrapper\">\n\t<div  class=\"wpb_single_image wpb_content_element vc_align_left wpb_content_element\">\n\t\t\n\t\t<figure class=\"wpb_wrapper vc_figure\">\n\t\t\t<a href=\"https:\/\/lamp.glopss.com\/aff_c?offer_id=9&#038;aff_id=1834&#038;url=https%3A%2F%2Fwww.anantara.com%2Fen%2Fkihavah-maldives\" target=\"_self\" class=\"vc_single_image-wrapper   vc_box_border_grey\"><img loading=\"lazy\" decoding=\"async\" width=\"150\" height=\"150\" src=\"https:\/\/maldives-paradise.com\/wp-content\/uploads\/2024\/02\/anantara_kihavah_over_water_pool_villa_aerial_400px-150x150.jpg\" class=\"vc_single_image-img attachment-thumbnail\" alt=\"Anantara Kihavah Maldives Overwater Villas\" title=\"anantara_kihavah_over_water_pool_villa_aerial_400px\" \/><\/a>\n\t\t<\/figure>\n\t<\/div>\n<\/div><\/div><\/div><div class=\"wpb_column vc_column_container vc_col-sm-9\"><div class=\"vc_column-inner\"><div class=\"wpb_wrapper\">\n\t<div class=\"wpb_text_column wpb_content_element\" >\n\t\t<div class=\"wpb_wrapper\">\n\t\t\t<h4><a href=\"https:\/\/lamp.glopss.com\/SHUs\" target=\"_blank\" rel=\"nofollow noopener\">Anantara Kihavah Maldives Villas<\/a><\/h4>\n<p>Omgiven av ingenting annat \u00e4n turkos lagun som sm\u00e4lter in i safirbl\u00e5tt, reser sig Maldivernas lyxresorts\u00f6n Anantara Kihavah och dess rena vita sand upp ur havet som en h\u00e4gring. Lyxiga villor \u00f6ver vattnet med privat pool. Rummet har plats f\u00f6r upp till 2 vuxna och 2 barn eller 3 vuxna. Badrum utomhus med neds\u00e4nkt bubbelbadkar med glasbotten, privata cyklar och 24-timmars privat villav\u00e4rd.<\/p>\n\n\t\t<\/div>\n\t<\/div>\n<\/div><\/div><\/div><\/div><div class=\"vc_row wpb_row vc_row-fluid\"><div class=\"wpb_column vc_column_container vc_col-sm-3\"><div class=\"vc_column-inner\"><div class=\"wpb_wrapper\">\n\t<div  class=\"wpb_single_image wpb_content_element vc_align_left wpb_content_element\">\n\t\t\n\t\t<figure class=\"wpb_wrapper vc_figure\">\n\t\t\t<a href=\"https:\/\/lamp.glopss.com\/aff_c?offer_id=9&#038;aff_id=1834&#038;url=https%3A%2F%2Fwww.anantara.com%2Fen%2Fveli-maldives\" target=\"_self\" class=\"vc_single_image-wrapper   vc_box_border_grey\"><img loading=\"lazy\" decoding=\"async\" width=\"150\" height=\"150\" src=\"https:\/\/maldives-paradise.com\/wp-content\/uploads\/2023\/12\/anantara-veli-93-1080x480-1-150x150.jpg\" class=\"vc_single_image-img attachment-thumbnail\" alt=\"Anantara Veli Resort and Spa Maldiverna\" title=\"anantara-veli-93-1080x480\" \/><\/a>\n\t\t<\/figure>\n\t<\/div>\n<\/div><\/div><\/div><div class=\"wpb_column vc_column_container vc_col-sm-9\"><div class=\"vc_column-inner\"><div class=\"wpb_wrapper\">\n\t<div class=\"wpb_text_column wpb_content_element\" >\n\t\t<div class=\"wpb_wrapper\">\n\t\t\t<h4><a href=\"https:\/\/lamp.glopss.com\/SHUt\" target=\"_blank\" rel=\"nofollow noopener\">Anantara Veli Maldives Resort<\/a><\/h4>\n<p>Denna boutiquevistelse \u00e4r en av Maldiverna som kommer att f\u00e5 folk att boka en andra smekm\u00e5nad. Anantara Veli Resort In The Maldives uppmuntrar g\u00e4sterna att lata sig i sina villor som vetter mot havet eller njuta av en elegant m\u00e5ltid i solnedg\u00e5ngen. Det tar bara en kort tur med motorb\u00e5t fr\u00e5n Mal\u00e9s internationella flygplats f\u00f6r att komma till denna 5-stj\u00e4rniga tillflyktsort endast f\u00f6r vuxna, som ocks\u00e5 erbjuder ett all inclusive-paket. I detta paket f\u00e5r g\u00e4sterna tillg\u00e5ng till f\u00f6rm\u00e5ner som en daglig buff\u00e9, en all inclusive dryckesmeny och rabatter f\u00f6r l\u00e4ngre vistelser.<\/p>\n\n\t\t<\/div>\n\t<\/div>\n<\/div><\/div><\/div><\/div><div class=\"vc_row wpb_row vc_row-fluid\"><div class=\"wpb_column vc_column_container vc_col-sm-3\"><div class=\"vc_column-inner\"><div class=\"wpb_wrapper\">\n\t<div  class=\"wpb_single_image wpb_content_element vc_align_left wpb_content_element\">\n\t\t\n\t\t<figure class=\"wpb_wrapper vc_figure\">\n\t\t\t<a href=\"https:\/\/lamp.glopss.com\/aff_c?offer_id=259&#038;aff_id=1834\" target=\"_self\" class=\"vc_single_image-wrapper   vc_box_border_grey\"><img loading=\"lazy\" decoding=\"async\" width=\"150\" height=\"150\" src=\"https:\/\/maldives-paradise.com\/wp-content\/uploads\/2024\/01\/baros-maldives3-150x150.jpg\" class=\"vc_single_image-img attachment-thumbnail\" alt=\"Baros Maldiverna\" title=\"baros-maldiverna3\" \/><\/a>\n\t\t<\/figure>\n\t<\/div>\n<\/div><\/div><\/div><div class=\"wpb_column vc_column_container vc_col-sm-9\"><div class=\"vc_column-inner\"><div class=\"wpb_wrapper\">\n\t<div class=\"wpb_text_column wpb_content_element\" >\n\t\t<div class=\"wpb_wrapper\">\n\t\t\t<h4><a href=\"https:\/\/lamp.glopss.com\/SHUm\" target=\"_blank\" rel=\"nofollow noopener\">Baros Maldiverna<\/a><\/h4>\n<p>En frodig, tropisk \u00f6 som ligger i det skimrande vattnet i en grund lagun, omgiven av ett rev med pulserande marint liv. Bo i elegans i villor skapade av timmer och sandsten, beredda och fridfulla \u00f6ver en genomskinlig lagun, eller diskret inb\u00e4ddad bland exotiska blommor vid stranden. Njut av romantisk avskildhet p\u00e5 den perfekta semestern. K\u00e4rnan i Maldiverna, definierad p\u00e5 Baros.<\/p>\n\n\t\t<\/div>\n\t<\/div>\n<\/div><\/div><\/div><\/div><div class=\"vc_row wpb_row vc_row-fluid\"><div class=\"wpb_column vc_column_container vc_col-sm-3\"><div class=\"vc_column-inner\"><div class=\"wpb_wrapper\">\n\t<div  class=\"wpb_single_image wpb_content_element vc_align_left wpb_content_element\">\n\t\t\n\t\t<figure class=\"wpb_wrapper vc_figure\">\n\t\t\t<a href=\"https:\/\/lamp.glopss.com\/aff_c?offer_id=1384&#038;aff_id=1834\" target=\"_self\" class=\"vc_single_image-wrapper   vc_box_border_grey\"><img loading=\"lazy\" decoding=\"async\" width=\"150\" height=\"150\" src=\"https:\/\/maldives-paradise.com\/wp-content\/uploads\/2023\/12\/Hideaway-Beach-Resort-Spa-Shines-as-the-Most-Picturesque-Resort-in-the-Maldives-at-TTM-Awards-2023-1-1024x576-1-150x150.jpg\" class=\"vc_single_image-img attachment-thumbnail\" alt=\"Hideaway Beach Resort &amp; Spa\" title=\"Hideaway-Beach-Resort-Spa-Shines-as-the-Most-Picturesque-Resort-in-the-Maldives-at-TTM-Awards-2023-1-1024x576.jpg\" \/><\/a>\n\t\t<\/figure>\n\t<\/div>\n<\/div><\/div><\/div><div class=\"wpb_column vc_column_container vc_col-sm-9\"><div class=\"vc_column-inner\"><div class=\"wpb_wrapper\">\n\t<div class=\"wpb_text_column wpb_content_element\" >\n\t\t<div class=\"wpb_wrapper\">\n\t\t\t<h4><a href=\"https:\/\/lamp.glopss.com\/aff_c?offer_id=1384&amp;aff_id=1834\" target=\"_blank\" rel=\"nofollow noopener\">Hideaway Beach Resort &amp; Spa<\/a><\/h4>\n<p>Vinnare av Tripadvisor Travellers&#039; Choice Best of the Best Award 2022. Om de vuxna beh\u00f6ver en paus fr\u00e5n sina avkommor har resorten l\u00f6sningen: den utm\u00e4rkta Tender Hearts Kids&#039; Club. Sl\u00e4pp dina sm\u00e5 l\u00f6s i den 50 kvm stora barnklubben och se dem delta i de utvalda aktiviteterna som garanterat kommer att imponera. Dessa inkluderar sandslottstillverkning, fiskelektioner, skattjakt, m\u00e5lning, teckning, matlagningskurser, cykling, kurrag\u00f6mma, utbildningsturer och s\u00e5 mycket mer.<\/p>\n\n\t\t<\/div>\n\t<\/div>\n<\/div><\/div><\/div><\/div><div class=\"vc_row wpb_row vc_row-fluid\"><div class=\"wpb_column vc_column_container vc_col-sm-3\"><div class=\"vc_column-inner\"><div class=\"wpb_wrapper\">\n\t<div  class=\"wpb_single_image wpb_content_element vc_align_left wpb_content_element\">\n\t\t\n\t\t<figure class=\"wpb_wrapper vc_figure\">\n\t\t\t<a href=\"https:\/\/lamp.glopss.com\/aff_c?offer_id=264&#038;aff_id=1834&#038;url=https%3A%2F%2Fwww.hurawalhi.com%2F\" target=\"_self\" class=\"vc_single_image-wrapper   vc_box_border_grey\"><img loading=\"lazy\" decoding=\"async\" width=\"150\" height=\"150\" src=\"https:\/\/maldives-paradise.com\/wp-content\/uploads\/2024\/01\/Hurawalhi-Island2-150x150.jpg\" class=\"vc_single_image-img attachment-thumbnail\" alt=\"Hurawalhi Island \u2013 Endast vuxna och All Inclusive Resort\" title=\"Hurawalhi-\u00f6n2\" \/><\/a>\n\t\t<\/figure>\n\t<\/div>\n<\/div><\/div><\/div><div class=\"wpb_column vc_column_container vc_col-sm-9\"><div class=\"vc_column-inner\"><div class=\"wpb_wrapper\">\n\t<div class=\"wpb_text_column wpb_content_element\" >\n\t\t<div class=\"wpb_wrapper\">\n\t\t\t<h4><a href=\"https:\/\/hotellook.tp.st\/6FluoLuO\" target=\"_blank\" rel=\"nofollow noopener\">Hurawalhi Island Resort<\/a><\/h4>\n<p>Ingenting \u00e4r mer romantiskt \u00e4n att njuta av sin partners s\u00e4llskap p\u00e5 Maldivernas sandstr\u00e4nder, sm\u00e4lla i den fantastiska Lhavaiyani-atollen. De <strong>Hurawalhi Island Resort<\/strong> \u00e4r bekant med att skapa en romantisk st\u00e4mning! Denna resort endast f\u00f6r vuxna garanterar ocks\u00e5 att g\u00e4sterna kan njuta av \u00f6n utan stress med sin all inclusive-plan. Med planen kan resen\u00e4rer f\u00e5 tillg\u00e5ng till resortens fitnesscenter och andra sportfaciliteter, buff\u00e9m\u00e5ltider p\u00e5 Canneli Restaurant, obegr\u00e4nsade drycker (exklusive vissa drycker) och One Sunset Dolphin Cruise.<\/p>\n\n\t\t<\/div>\n\t<\/div>\n<\/div><\/div><\/div><\/div><div class=\"vc_row wpb_row vc_row-fluid\"><div class=\"wpb_column vc_column_container vc_col-sm-3\"><div class=\"vc_column-inner\"><div class=\"wpb_wrapper\">\n\t<div  class=\"wpb_single_image wpb_content_element vc_align_left wpb_content_element\">\n\t\t\n\t\t<figure class=\"wpb_wrapper vc_figure\">\n\t\t\t<a href=\"https:\/\/lamp.glopss.com\/aff_c?offer_id=372&#038;aff_id=1834\" target=\"_self\" class=\"vc_single_image-wrapper   vc_box_border_grey\"><img loading=\"lazy\" decoding=\"async\" width=\"150\" height=\"150\" src=\"https:\/\/maldives-paradise.com\/wp-content\/uploads\/2024\/03\/huvafen-fushi-celsius_1-150x150.jpg\" class=\"vc_single_image-img attachment-thumbnail\" alt=\"Huvafen Fushi\" title=\"huvafen-fushi-celsius_1\" srcset=\"https:\/\/maldives-paradise.com\/wp-content\/uploads\/2024\/03\/huvafen-fushi-celsius_1-150x150.jpg 150w, https:\/\/maldives-paradise.com\/wp-content\/uploads\/2024\/03\/huvafen-fushi-celsius_1-13x12.jpg 13w\" sizes=\"auto, (max-width: 150px) 100vw, 150px\" \/><\/a>\n\t\t<\/figure>\n\t<\/div>\n<\/div><\/div><\/div><div class=\"wpb_column vc_column_container vc_col-sm-9\"><div class=\"vc_column-inner\"><div class=\"wpb_wrapper\">\n\t<div class=\"wpb_text_column wpb_content_element\" >\n\t\t<div class=\"wpb_wrapper\">\n\t\t\t<h4><a href=\"https:\/\/lamp.glopss.com\/SHV1\" target=\"_blank\" rel=\"nofollow noopener\">Huvafen Fushi<\/a><\/h4>\n<p><strong>Huvafen Fushi<\/strong> \u00e4r en 5-stj\u00e4rnig lyxig resort bel\u00e4gen p\u00e5 norra Mal\u00e9-atollen p\u00e5 Maldiverna. H\u00e4r finns bungalower \u00f6ver vattnet och stranden med privata pooler och 6 matst\u00e4llen. Lockande aromer, of\u00f6rgl\u00f6mliga smaker, sl\u00e5ende matplatser. Havet, \u00f6ver vattnet, under jorden. Maldivernas finaste k\u00f6k. En av v\u00e4rldens mest intima skr\u00e4ddarsydda undervattensmatupplevelser \u00e5tta meter under Indiska oceanens yta. Njut av en privat gastronomisk upplevelse som ingen annan med oavbruten utsikt \u00f6ver det f\u00e4ngslande revet.<\/p>\n\n\t\t<\/div>\n\t<\/div>\n<\/div><\/div><\/div><\/div><div class=\"vc_row wpb_row vc_row-fluid\"><div class=\"wpb_column vc_column_container vc_col-sm-3\"><div class=\"vc_column-inner\"><div class=\"wpb_wrapper\">\n\t<div  class=\"wpb_single_image wpb_content_element vc_align_left wpb_content_element\">\n\t\t\n\t\t<figure class=\"wpb_wrapper vc_figure\">\n\t\t\t<a href=\"https:\/\/lamp.glopss.com\/aff_c?offer_id=264&#038;aff_id=1834&#038;url=https%3A%2F%2Fwww.komandoo.com%2F\" target=\"_self\" class=\"vc_single_image-wrapper   vc_box_border_grey\"><img loading=\"lazy\" decoding=\"async\" width=\"150\" height=\"150\" src=\"https:\/\/maldives-paradise.com\/wp-content\/uploads\/2024\/01\/komandoo3.-150x150.jpg\" class=\"vc_single_image-img attachment-thumbnail\" alt=\"Komandoo Island Resort &amp; Spa\" title=\"Komandoo Infinity Pool\" \/><\/a>\n\t\t<\/figure>\n\t<\/div>\n<\/div><\/div><\/div><div class=\"wpb_column vc_column_container vc_col-sm-9\"><div class=\"vc_column-inner\"><div class=\"wpb_wrapper\">\n\t<div class=\"wpb_text_column wpb_content_element\" >\n\t\t<div class=\"wpb_wrapper\">\n\t\t\t<h4><a href=\"https:\/\/maldives-paradise.com\/sv\/komandoo-island-resort-spa\/\">Komandoo Island Resort &amp; Spa<\/a><\/h4>\n<p>Komandoo Island Resort &amp; Spa \u00e4r en av Maldivernas h\u00f6gst rankade resorter endast f\u00f6r vuxna. Par kan njuta av varandras s\u00e4llskap p\u00e5 denna prisbel\u00f6nta resort i en intim milj\u00f6 bland sk\u00f6nheten i Lhaviyani Atoll. Resen\u00e4rer kommer ocks\u00e5 att \u00e4lska Komandoos all inclusive-paket. Resortens plus- och guldpaket inkluderar f\u00f6rm\u00e5ner som buff\u00e9m\u00e5ltider under frukost, lunch och middag, bottenl\u00f6sa drycker, tillg\u00e5ng till minibar, fri anv\u00e4ndning av resortens fitnesscenter och utvald rekreationsutrustning.<\/p>\n\n\t\t<\/div>\n\t<\/div>\n<\/div><\/div><\/div><\/div><div class=\"vc_row wpb_row vc_row-fluid\"><div class=\"wpb_column vc_column_container vc_col-sm-3\"><div class=\"vc_column-inner\"><div class=\"wpb_wrapper\">\n\t<div  class=\"wpb_single_image wpb_content_element vc_align_left wpb_content_element\">\n\t\t\n\t\t<figure class=\"wpb_wrapper vc_figure\">\n\t\t\t<a href=\"https:\/\/lamp.glopss.com\/aff_c?offer_id=264&#038;aff_id=1834&#038;url=https%3A%2F%2Fwww.kudadoo.com%2F\" target=\"_self\" class=\"vc_single_image-wrapper   vc_box_border_grey\"><img loading=\"lazy\" decoding=\"async\" width=\"150\" height=\"150\" src=\"https:\/\/maldives-paradise.com\/wp-content\/uploads\/2024\/01\/kudadoo2-150x150.jpg\" class=\"vc_single_image-img attachment-thumbnail\" alt=\"Kudadoo Maldivernas privata \u00f6\" title=\"kudadoo2\" \/><\/a>\n\t\t<\/figure>\n\t<\/div>\n<\/div><\/div><\/div><div class=\"wpb_column vc_column_container vc_col-sm-9\"><div class=\"vc_column-inner\"><div class=\"wpb_wrapper\">\n\t<div class=\"wpb_text_column wpb_content_element\" >\n\t\t<div class=\"wpb_wrapper\">\n\t\t\t<h4><a href=\"https:\/\/lamp.glopss.com\/aff_c?offer_id=264&amp;aff_id=1834&amp;url=https%3A%2F%2Fwww.kudadoo.com%2F\" target=\"_blank\" rel=\"nofollow noopener\">Kudadoo Maldivernas privata \u00f6<\/a><\/h4>\n<p>Ocean Pool Residences p\u00e5 310 kvadratmeter har vidstr\u00e4ckta \u00f6vervattensd\u00e4ck, en privat infinitypool, massor av utomhuslounger och en h\u00e4ngsoffa. Dessa uts\u00f6kt designade privata lyxbost\u00e4der i Kudadoo har ett rymligt badrum med badkar, dusch och sminkomr\u00e5de. Exotiska och rena linjer med jordn\u00e4ra f\u00e4rger och naturliga material. <strong>Personlig Butler ing\u00e5r. Vad som helst, var som helst, n\u00e4r som helst.<br \/>\n<\/strong><\/p>\n\n\t\t<\/div>\n\t<\/div>\n<\/div><\/div><\/div><\/div><div class=\"vc_row wpb_row vc_row-fluid\"><div class=\"wpb_column vc_column_container vc_col-sm-3\"><div class=\"vc_column-inner\"><div class=\"wpb_wrapper\">\n\t<div  class=\"wpb_single_image wpb_content_element vc_align_left wpb_content_element\">\n\t\t\n\t\t<figure class=\"wpb_wrapper vc_figure\">\n\t\t\t<a href=\"https:\/\/lamp.glopss.com\/aff_c?offer_id=1508&#038;aff_id=1834\" target=\"_self\" class=\"vc_single_image-wrapper   vc_box_border_grey\"><img loading=\"lazy\" decoding=\"async\" width=\"150\" height=\"150\" src=\"https:\/\/maldives-paradise.com\/wp-content\/uploads\/2024\/01\/lily-beach2-150x150.jpg\" class=\"vc_single_image-img attachment-thumbnail\" alt=\"Lily Beach Resort &amp; Spa\" title=\"lily-beach2\" \/><\/a>\n\t\t<\/figure>\n\t<\/div>\n<\/div><\/div><\/div><div class=\"wpb_column vc_column_container vc_col-sm-9\"><div class=\"vc_column-inner\"><div class=\"wpb_wrapper\">\n\t<div class=\"wpb_text_column wpb_content_element\" >\n\t\t<div class=\"wpb_wrapper\">\n\t\t\t<h4><a href=\"https:\/\/lamp.glopss.com\/aff_c?offer_id=1508&amp;aff_id=1834\" target=\"_blank\" rel=\"nofollow noopener\">Lily Beach Resort &amp; Spa<\/a><\/h4>\n<p>Uppt\u00e4ck Paradiset p\u00e5 Lily Beach Resort &amp; Spa \u2013 All Inclusive Luxury p\u00e5 Maldiverna. Br\u00f6llops- och l\u00f6ftesf\u00f6rnyelsepaket finns tillg\u00e4ngliga p\u00e5 den lyxiga resorten Lily Beach. B\u00e5da alternativen kan skr\u00e4ddarsys och utformas f\u00f6r att passa dina krav med ett brett utbud av ytterligare erfarenheter.<\/p>\n\n\t\t<\/div>\n\t<\/div>\n<\/div><\/div><\/div><\/div><div class=\"vc_row wpb_row vc_row-fluid\"><div class=\"wpb_column vc_column_container vc_col-sm-3\"><div class=\"vc_column-inner\"><div class=\"wpb_wrapper\">\n\t<div  class=\"wpb_single_image wpb_content_element vc_align_left wpb_content_element\">\n\t\t\n\t\t<figure class=\"wpb_wrapper vc_figure\">\n\t\t\t<a href=\"https:\/\/lamp.glopss.com\/aff_c?offer_id=261&#038;aff_id=1834\" target=\"_self\" class=\"vc_single_image-wrapper   vc_box_border_grey\"><img loading=\"lazy\" decoding=\"async\" width=\"150\" height=\"150\" src=\"https:\/\/maldives-paradise.com\/wp-content\/uploads\/2023\/10\/milaidhoo3-150x150.jpg\" class=\"vc_single_image-img attachment-thumbnail\" alt=\"Milaidhoo Maldiverna\" title=\"milaidhoo3\" \/><\/a>\n\t\t<\/figure>\n\t<\/div>\n<\/div><\/div><\/div><div class=\"wpb_column vc_column_container vc_col-sm-9\"><div class=\"vc_column-inner\"><div class=\"wpb_wrapper\">\n\t<div class=\"wpb_text_column wpb_content_element\" >\n\t\t<div class=\"wpb_wrapper\">\n\t\t\t<h4><a href=\"https:\/\/lamp.glopss.com\/SHUd\" target=\"_blank\" rel=\"nofollow noopener\">Milaidhoo Island Maldiverna<\/a><\/h4>\n<p>Milaidhoo boutique resort omdefinierar lyx och visar stolt upp sina lokala r\u00f6tter. G\u00e4sterna upplever en avslappnad, lyxig barfota\u00f6-livsstil och k\u00e4nner att de h\u00f6r hemma medan de \u00e4r i de naturliga och frodiga omgivningarna p\u00e5 en tropisk \u00f6. Varje romantisk \u00f6nskan kan uppfyllas h\u00e4r: fr\u00e5n att titta p\u00e5 delfiner i solnedg\u00e5ngen till att bes\u00f6ka en \u00f6vergiven sandbank f\u00f6r en privat strandpicknick. Snorkel- och dykturerna genom det f\u00e4rgglada korallrevet direkt framf\u00f6r \u00f6n eller i den ber\u00f6mda Hanifarubukten \u00e4r ocks\u00e5 underbara. P\u00e5 Milaidhoo hittar g\u00e4sterna sitt andra hem i Indiska oceanen: stilfullt, familj\u00e4rt och n\u00e4ra naturen.<\/p>\n\n\t\t<\/div>\n\t<\/div>\n<\/div><\/div><\/div><\/div><div class=\"vc_row wpb_row vc_row-fluid\"><div class=\"wpb_column vc_column_container vc_col-sm-3\"><div class=\"vc_column-inner\"><div class=\"wpb_wrapper\">\n\t<div  class=\"wpb_single_image wpb_content_element vc_align_left wpb_content_element\">\n\t\t\n\t\t<figure class=\"wpb_wrapper vc_figure\">\n\t\t\t<a href=\"https:\/\/lamp.glopss.com\/aff_c?offer_id=9&#038;aff_id=1834&#038;url=https%3A%2F%2Fwww.niyama.com%2F\" target=\"_self\" class=\"vc_single_image-wrapper   vc_box_border_grey\"><img loading=\"lazy\" decoding=\"async\" width=\"150\" height=\"150\" src=\"https:\/\/maldives-paradise.com\/wp-content\/uploads\/2024\/01\/niyama2-150x150.jpg\" class=\"vc_single_image-img attachment-thumbnail\" alt=\"Niyama Private Islands Maldiverna\" title=\"nyama2\" \/><\/a>\n\t\t<\/figure>\n\t<\/div>\n<\/div><\/div><\/div><div class=\"wpb_column vc_column_container vc_col-sm-9\"><div class=\"vc_column-inner\"><div class=\"wpb_wrapper\">\n\t<div class=\"wpb_text_column wpb_content_element\" >\n\t\t<div class=\"wpb_wrapper\">\n\t\t\t<h4><a href=\"https:\/\/lamp.glopss.com\/SHUv\" target=\"_blank\" rel=\"nofollow noopener\">Niyama Private Islands Maldiverna<\/a><\/h4>\n<p>B\u00e4st f\u00f6r surfskola.<br \/>\nDenna familjev\u00e4nliga resort med tv\u00e5 \u00f6ar i s\u00f6dra Dhaalu-atollen har sin egen surfpaus inom paddlingsavst\u00e5nd fr\u00e5n stranden. Lektionerna t\u00e4cker alla niv\u00e5er och varje medlem i familjen, och b\u00f6rjar med grunderna i Niyamas lugna bl\u00e5 lagun innan man tar examen till anddyk och nedsk\u00e4rningar i \u00f6ppet hav. Tillbaka p\u00e5 land hittar du ocks\u00e5 en alls\u00e5ngande, alldansande barnklubb, en tr\u00e4dkojerestaurang, en undervattensrestaurang, ett \u00f6vervattenspa och stora familjevillor, b\u00e5de p\u00e5 stranden och uppstyltade ovanf\u00f6r Indiska oceanen.<\/p>\n\n\t\t<\/div>\n\t<\/div>\n<\/div><\/div><\/div><\/div><div class=\"vc_row wpb_row vc_row-fluid\"><div class=\"wpb_column vc_column_container vc_col-sm-3\"><div class=\"vc_column-inner\"><div class=\"wpb_wrapper\">\n\t<div  class=\"wpb_single_image wpb_content_element vc_align_left wpb_content_element\">\n\t\t\n\t\t<figure class=\"wpb_wrapper vc_figure\">\n\t\t\t<a href=\"https:\/\/lamp.glopss.com\/aff_c?offer_id=1506&#038;aff_id=1834\" target=\"_self\" class=\"vc_single_image-wrapper   vc_box_border_grey\"><img loading=\"lazy\" decoding=\"async\" width=\"150\" height=\"150\" src=\"https:\/\/maldives-paradise.com\/wp-content\/uploads\/2024\/02\/PatinaMaldives5-400-150x150.jpg\" class=\"vc_single_image-img attachment-thumbnail\" alt=\"Patina Maldiverna\" title=\"Patina+Maldiverna5-400\" \/><\/a>\n\t\t<\/figure>\n\t<\/div>\n<\/div><\/div><\/div><div class=\"wpb_column vc_column_container vc_col-sm-9\"><div class=\"vc_column-inner\"><div class=\"wpb_wrapper\">\n\t<div class=\"wpb_text_column wpb_content_element\" >\n\t\t<div class=\"wpb_wrapper\">\n\t\t\t<h4><a href=\"https:\/\/lamp.glopss.com\/aff_c?offer_id=1506&amp;aff_id=1834\">Patina Maldiverna<\/a><\/h4>\n<p>Patina Maldives \u00e4r en prisbel\u00f6nt p\u00e4rla som erbjuder kr\u00e4sna resen\u00e4rer en lyxig flykt till paradiset. Med sina fantastiska \u00f6vervattensvillor, uts\u00f6kta matupplevelser, bekv\u00e4mligheter i v\u00e4rldsklass och engagemang f\u00f6r h\u00e5llbarhet, lovar resorten en of\u00f6rgl\u00f6mlig tillflyktsort i en av v\u00e4rldens mest hisnande destinationer.<\/p>\n\n\t\t<\/div>\n\t<\/div>\n<\/div><\/div><\/div><\/div><div class=\"vc_row wpb_row vc_row-fluid\"><div class=\"wpb_column vc_column_container vc_col-sm-12\"><div class=\"vc_column-inner\"><div class=\"wpb_wrapper\">\n\t<div class=\"wpb_text_column wpb_content_element\" >\n\t\t<div class=\"wpb_wrapper\">\n\t\t\t<p><a href=\"http:\/\/maldives-paradise.com\/sv\/marka\/basta-prisgaranti-2\/\"><strong>Mer om Best Rate Guarantee Hotels and Resorts p\u00e5 Maldiverna<\/strong><\/a><\/p>\n\n\t\t<\/div>\n\t<\/div>\n<\/div><\/div><\/div><\/div>\n<\/div>","protected":false},"excerpt":{"rendered":"<div class=\"mh-excerpt\"><\/div>","protected":false},"author":1,"featured_media":8152,"parent":0,"menu_order":0,"comment_status":"closed","ping_status":"closed","template":"","meta":{"footnotes":""},"class_list":["post-14711","page","type-page","status-publish","has-post-thumbnail"],"aioseo_notices":[],"_links":{"self":[{"href":"http:\/\/maldives-paradise.com\/sv\/wp-json\/wp\/v2\/pages\/14711","targetHints":{"allow":["GET"]}}],"collection":[{"href":"http:\/\/maldives-paradise.com\/sv\/wp-json\/wp\/v2\/pages"}],"about":[{"href":"http:\/\/maldives-paradise.com\/sv\/wp-json\/wp\/v2\/types\/page"}],"author":[{"embeddable":true,"href":"http:\/\/maldives-paradise.com\/sv\/wp-json\/wp\/v2\/users\/1"}],"replies":[{"embeddable":true,"href":"http:\/\/maldives-paradise.com\/sv\/wp-json\/wp\/v2\/comments?post=14711"}],"version-history":[{"count":6,"href":"http:\/\/maldives-paradise.com\/sv\/wp-json\/wp\/v2\/pages\/14711\/revisions"}],"predecessor-version":[{"id":45315,"href":"http:\/\/maldives-paradise.com\/sv\/wp-json\/wp\/v2\/pages\/14711\/revisions\/45315"}],"wp:featuredmedia":[{"embeddable":true,"href":"http:\/\/maldives-paradise.com\/sv\/wp-json\/wp\/v2\/media\/8152"}],"wp:attachment":[{"href":"http:\/\/maldives-paradise.com\/sv\/wp-json\/wp\/v2\/media?parent=14711"}],"curies":[{"name":"wp","href":"https:\/\/api.w.org\/{rel}","templated":true}]}}