{"id":11672,"date":"2024-03-02T09:38:17","date_gmt":"2024-03-02T09:38:17","guid":{"rendered":"http:\/\/maldives-paradise.com\/?page_id=11672"},"modified":"2025-11-26T09:18:45","modified_gmt":"2025-11-26T09:18:45","slug":"12-basta-gourmetresorter-i-maldiverna","status":"publish","type":"page","link":"http:\/\/maldives-paradise.com\/sv\/12-basta-gourmetresorter-i-maldiverna\/","title":{"rendered":"The Best Gourmet Resorts in Maldives"},"content":{"rendered":"<div class=\"wpb-content-wrapper\"><div class=\"vc_row wpb_row vc_row-fluid\"><div class=\"wpb_column vc_column_container vc_col-sm-12\"><div class=\"vc_column-inner\"><div class=\"wpb_wrapper\">\n\t<div class=\"wpb_text_column wpb_content_element\" >\n\t\t<div class=\"wpb_wrapper\">\n\t\t\t<p>Maldiverna \u00e4r hem f\u00f6r n\u00e5gra av de mest uts\u00f6kta gourmetmatupplevelserna i v\u00e4rlden, s\u00e4rskilt inom dess lyxiga resorter. Dessa restauranger utm\u00e4rker sig genom att erbjuda en blandning av internationella och lokala maldiviska r\u00e4tter, tillagade av kockar i v\u00e4rldsklass. Undervattensrestaurangen 5.8 p\u00e5 Hurawalhi Island Resort utm\u00e4rker sig f\u00f6r sin unika matmilj\u00f6, omgiven av pulserande marint liv. Samtidigt fascinerar Soneva Fushis Fresh in the Garden g\u00e4sterna med ekologiska r\u00e4tter fr\u00e5n tr\u00e4dg\u00e5rd till bord som serveras bland tr\u00e4dtopparna. Ett annat anm\u00e4rkningsv\u00e4rt omn\u00e4mnande \u00e4r Aragu, en flerr\u00e4tters blandning av modernt-europeiskt och asiatiskt. Dessa anl\u00e4ggningar erbjuder inte bara enast\u00e5ende kulinariska l\u00e4ckerheter utan ocks\u00e5 uppslukande upplevelser som sm\u00e4lter samman med Maldivernas naturliga sk\u00f6nhet och lyx.<\/p>\n<p>Att boka en gourmetresort p\u00e5 Maldiverna \u00e4r en kulinarisk dr\u00f6m som g\u00e5r i uppfyllelse, och erbjuder en uts\u00f6kt matupplevelse i en av v\u00e4rldens vackraste milj\u00f6er. Dessa resorter har kockar i v\u00e4rldsklass, innovativa menyer och en m\u00e4ngd olika matst\u00e4llen, fr\u00e5n restauranger \u00f6ver vattnet till privata middagar vid stranden. G\u00e4sterna kan njuta av f\u00e4rska, lokala skaldjur, internationella gourmetr\u00e4tter och skr\u00e4ddarsydda matupplevelser skr\u00e4ddarsydda efter deras preferenser.<\/p>\n\n\t\t<\/div>\n\t<\/div>\n<\/div><\/div><\/div><\/div><div class=\"vc_row wpb_row vc_row-fluid\"><div class=\"wpb_column vc_column_container vc_col-sm-3\"><div class=\"vc_column-inner\"><div class=\"wpb_wrapper\">\n\t<div  class=\"wpb_single_image wpb_content_element vc_align_left wpb_content_element\">\n\t\t\n\t\t<figure class=\"wpb_wrapper vc_figure\">\n\t\t\t<a href=\"http:\/\/maldives-paradise.com\/sv\/velaa-privat-o-maldiverna\/\" target=\"_self\" class=\"vc_single_image-wrapper   vc_box_border_grey\"><img loading=\"lazy\" decoding=\"async\" width=\"150\" height=\"150\" src=\"https:\/\/maldives-paradise.com\/wp-content\/uploads\/2024\/03\/velaa-restaurant-150x150.jpg\" class=\"vc_single_image-img attachment-thumbnail\" alt=\"Velaa lyxrestaurang\" title=\"velaa-restaurang\" srcset=\"https:\/\/maldives-paradise.com\/wp-content\/uploads\/2024\/03\/velaa-restaurant-150x150.jpg 150w, https:\/\/maldives-paradise.com\/wp-content\/uploads\/2024\/03\/velaa-restaurant-300x300.jpg 300w, https:\/\/maldives-paradise.com\/wp-content\/uploads\/2024\/03\/velaa-restaurant-12x12.jpg 12w, https:\/\/maldives-paradise.com\/wp-content\/uploads\/2024\/03\/velaa-restaurant.jpg 400w\" sizes=\"auto, (max-width: 150px) 100vw, 150px\" \/><\/a>\n\t\t<\/figure>\n\t<\/div>\n<\/div><\/div><\/div><div class=\"wpb_column vc_column_container vc_col-sm-9\"><div class=\"vc_column-inner\"><div class=\"wpb_wrapper\">\n\t<div class=\"wpb_text_column wpb_content_element\" >\n\t\t<div class=\"wpb_wrapper\">\n\t\t\t<h4><a href=\"http:\/\/maldives-paradise.com\/sv\/velaa-privat-o-maldiverna\/\">Velaa privata \u00f6<\/a><\/h4>\n<p>Aragu, den enda restaurangen i landet som tagit sig till Asiens 50 b\u00e4sta restaurangers lista. En flerr\u00e4tters blandning av modernt-europeiskt och asiatiskt. Athiri, ett team av kockar fr\u00e5n 14 nationer anv\u00e4nder de finaste importerade och lokala r\u00e5varorna f\u00f6r att servera en global meny med autentisk, hemtrevlig mat.<\/p>\n\n\t\t<\/div>\n\t<\/div>\n<\/div><\/div><\/div><\/div><div class=\"vc_row wpb_row vc_row-fluid\"><div class=\"wpb_column vc_column_container vc_col-sm-3\"><div class=\"vc_column-inner\"><div class=\"wpb_wrapper\">\n\t<div  class=\"wpb_single_image wpb_content_element vc_align_left wpb_content_element\">\n\t\t\n\t\t<figure class=\"wpb_wrapper vc_figure\">\n\t\t\t<a href=\"https:\/\/lamp.glopss.com\/aff_c?offer_id=9&#038;aff_id=1834&#038;url=https%3A%2F%2Fwww.anantara.com%2Fen%2Fveli-maldives\" target=\"_self\" class=\"vc_single_image-wrapper   vc_box_border_grey\"><img loading=\"lazy\" decoding=\"async\" width=\"150\" height=\"150\" src=\"https:\/\/maldives-paradise.com\/wp-content\/uploads\/2024\/03\/anantara_veli_dining_invilladining_teaser-400-150x150.jpg\" class=\"vc_single_image-img attachment-thumbnail\" alt=\"\" title=\"anantara_veli_dining_invilladining_teaser-400\" \/><\/a>\n\t\t<\/figure>\n\t<\/div>\n<\/div><\/div><\/div><div class=\"wpb_column vc_column_container vc_col-sm-9\"><div class=\"vc_column-inner\"><div class=\"wpb_wrapper\">\n\t<div class=\"wpb_text_column wpb_content_element\" >\n\t\t<div class=\"wpb_wrapper\">\n\t\t\t<h4><a href=\"https:\/\/lamp.glopss.com\/SHUt\" target=\"_blank\" rel=\"nofollow noopener\">Anantara Veli Maldives Resort<\/a><\/h4>\n<p>Uppt\u00e4ck distinkta r\u00e4tter p\u00e5 ett urval av n\u00e5gra av de b\u00e4sta restaurangerna p\u00e5 Maldiverna med hisnande vyer. Lokala och internationella r\u00e4tter kompletterar exceptionella fina middagsupplevelser p\u00e5 v\u00e5ra Maldives restauranger.<\/p>\n\n\t\t<\/div>\n\t<\/div>\n<\/div><\/div><\/div><\/div><div class=\"vc_row wpb_row vc_row-fluid\"><div class=\"wpb_column vc_column_container vc_col-sm-3\"><div class=\"vc_column-inner\"><div class=\"wpb_wrapper\">\n\t<div  class=\"wpb_single_image wpb_content_element vc_align_left wpb_content_element\">\n\t\t\n\t\t<figure class=\"wpb_wrapper vc_figure\">\n\t\t\t<a href=\"https:\/\/lamp.glopss.com\/aff_c?offer_id=264&#038;aff_id=1834&#038;url=https%3A%2F%2Fwww.hurawalhi.com%2F\" target=\"_self\" class=\"vc_single_image-wrapper   vc_box_border_grey\"><img loading=\"lazy\" decoding=\"async\" width=\"150\" height=\"150\" src=\"https:\/\/maldives-paradise.com\/wp-content\/uploads\/2024\/03\/58-underwater-restaurant-150x150.jpg\" class=\"vc_single_image-img attachment-thumbnail\" alt=\"Hurawalhi Island Resort 5.8 undervattensrestaurang\" title=\"58-undervattensrestaurang\" \/><\/a>\n\t\t<\/figure>\n\t<\/div>\n<\/div><\/div><\/div><div class=\"wpb_column vc_column_container vc_col-sm-9\"><div class=\"vc_column-inner\"><div class=\"wpb_wrapper\">\n\t<div class=\"wpb_text_column wpb_content_element\" >\n\t\t<div class=\"wpb_wrapper\">\n\t\t\t<h4><a href=\"https:\/\/hotellook.tp.st\/6FluoLuO\" target=\"_blank\" rel=\"nofollow noopener\">Hurawalhi Island Resort<\/a><\/h4>\n<p>5.8 Undersea Restaurant, med spektakul\u00e4ra gourmetl\u00e4ckerheter serveras 5,8 meter under havet p\u00e5 Hurawalhi. Kashibo Restaurant &amp; Bar kombinerar l\u00e4ckra, autentiska asiatiska street food-inspirerade r\u00e4tter med lokalens h\u00e4rliga milj\u00f6 \u00f6ver vattnet.<\/p>\n\n\t\t<\/div>\n\t<\/div>\n<\/div><\/div><\/div><\/div><div class=\"vc_row wpb_row vc_row-fluid\"><div class=\"wpb_column vc_column_container vc_col-sm-3\"><div class=\"vc_column-inner\"><div class=\"wpb_wrapper\">\n\t<div  class=\"wpb_single_image wpb_content_element vc_align_left wpb_content_element\">\n\t\t\n\t\t<figure class=\"wpb_wrapper vc_figure\">\n\t\t\t<a href=\"https:\/\/lamp.glopss.com\/aff_c?offer_id=372&#038;aff_id=1834\" target=\"_self\" class=\"vc_single_image-wrapper   vc_box_border_grey\"><img loading=\"lazy\" decoding=\"async\" width=\"150\" height=\"150\" src=\"https:\/\/maldives-paradise.com\/wp-content\/uploads\/2024\/03\/huvafen-fushi-celsius_1-150x150.jpg\" class=\"vc_single_image-img attachment-thumbnail\" alt=\"Huvafen Fushi\" title=\"huvafen-fushi-celsius_1\" srcset=\"https:\/\/maldives-paradise.com\/wp-content\/uploads\/2024\/03\/huvafen-fushi-celsius_1-150x150.jpg 150w, https:\/\/maldives-paradise.com\/wp-content\/uploads\/2024\/03\/huvafen-fushi-celsius_1-13x12.jpg 13w\" sizes=\"auto, (max-width: 150px) 100vw, 150px\" \/><\/a>\n\t\t<\/figure>\n\t<\/div>\n<\/div><\/div><\/div><div class=\"wpb_column vc_column_container vc_col-sm-9\"><div class=\"vc_column-inner\"><div class=\"wpb_wrapper\">\n\t<div class=\"wpb_text_column wpb_content_element\" >\n\t\t<div class=\"wpb_wrapper\">\n\t\t\t<h4><a href=\"https:\/\/lamp.glopss.com\/SHV1\" target=\"_blank\" rel=\"nofollow noopener\">Huvafen Fushi<\/a><\/h4>\n<p>Lockande aromer, of\u00f6rgl\u00f6mliga smaker, sl\u00e5ende matplatser. Havet, \u00f6ver vattnet, under jorden. Maldivernas finaste k\u00f6k. En av v\u00e4rldens mest intima skr\u00e4ddarsydda undervattensmatupplevelser \u00e5tta meter under Indiska oceanens yta. Njut av en privat gastronomisk upplevelse som ingen annan med oavbruten utsikt \u00f6ver det f\u00e4ngslande revet.<\/p>\n\n\t\t<\/div>\n\t<\/div>\n<\/div><\/div><\/div><\/div><div class=\"vc_row wpb_row vc_row-fluid\"><div class=\"wpb_column vc_column_container vc_col-sm-3\"><div class=\"vc_column-inner\"><div class=\"wpb_wrapper\">\n\t<div  class=\"wpb_single_image wpb_content_element vc_align_left wpb_content_element\">\n\t\t\n\t\t<figure class=\"wpb_wrapper vc_figure\">\n\t\t\t<a href=\"http:\/\/maldives-paradise.com\/sv\/soneva-jani\/\" target=\"_self\" class=\"vc_single_image-wrapper   vc_box_border_grey\"><img loading=\"lazy\" decoding=\"async\" width=\"150\" height=\"150\" src=\"https:\/\/maldives-paradise.com\/wp-content\/uploads\/2024\/03\/soneva-jani_Asian-Kitchen-400-150x150.jpg\" class=\"vc_single_image-img attachment-thumbnail\" alt=\"Soneva Jani restaurang\" title=\"soneva-jani_Asian-Kitchen--400\" \/><\/a>\n\t\t<\/figure>\n\t<\/div>\n<\/div><\/div><\/div><div class=\"wpb_column vc_column_container vc_col-sm-9\"><div class=\"vc_column-inner\"><div class=\"wpb_wrapper\">\n\t<div class=\"wpb_text_column wpb_content_element\" >\n\t\t<div class=\"wpb_wrapper\">\n\t\t\t<h4><a href=\"http:\/\/maldives-paradise.com\/sv\/soneva-jani\/\">Soneva Jani<\/a><\/h4>\n<p>De kulinariska upplevelserna p\u00e5 Soneva Jani \u00e4r m\u00e5ngsidiga och presenterar gourmetmenyer \u00f6ver en m\u00e4ngd olika kulturer och k\u00f6k.<br \/>\nOverseas av Mathias Dahlgren, den hyllade svenska kockens meny \u00e4r en ode till ekologiska r\u00e5varor och havet. \u00c4t p\u00e5 pescatariska, vegetariska och v\u00e4xtbaserade enstaka tallrikar, dela tallrikar och signaturr\u00e4tter till lunch och middag.<\/p>\n\n\t\t<\/div>\n\t<\/div>\n<\/div><\/div><\/div><\/div><div class=\"vc_row wpb_row vc_row-fluid\"><div class=\"wpb_column vc_column_container vc_col-sm-3\"><div class=\"vc_column-inner\"><div class=\"wpb_wrapper\">\n\t<div  class=\"wpb_single_image wpb_content_element vc_align_left wpb_content_element\">\n\t\t\n\t\t<figure class=\"wpb_wrapper vc_figure\">\n\t\t\t<a href=\"http:\/\/maldives-paradise.com\/sv\/gili-lankanfushi-maldiverna\/\" target=\"_self\" class=\"vc_single_image-wrapper   vc_box_border_grey\"><img loading=\"lazy\" decoding=\"async\" width=\"150\" height=\"150\" src=\"https:\/\/maldives-paradise.com\/wp-content\/uploads\/2024\/03\/gili-lankanfushi-food-400-150x150.jpg\" class=\"vc_single_image-img attachment-thumbnail\" alt=\"Gili Lankanfushi restauranger\" title=\"gili-lankanfushi-mat-400\" \/><\/a>\n\t\t<\/figure>\n\t<\/div>\n<\/div><\/div><\/div><div class=\"wpb_column vc_column_container vc_col-sm-9\"><div class=\"vc_column-inner\"><div class=\"wpb_wrapper\">\n\t<div class=\"wpb_text_column wpb_content_element\" >\n\t\t<div class=\"wpb_wrapper\">\n\t\t\t<h4><a href=\"http:\/\/maldives-paradise.com\/sv\/gili-lankanfushi-maldiverna\/\">Gili Lankanfushi<\/a><\/h4>\n<p>Tre restauranger sk\u00e4mmer bort dig med de finaste r\u00e4tterna som det asiatiska k\u00f6ket har att erbjuda. en bar \u00f6ver vattnet byggd p\u00e5 p\u00e5lar sv\u00e4var \u00f6ver lagunen och erbjuder en avslappnad meny och ett brett urval av sushi, medelhavsdelikatesser och en f\u00e4rsk daglig f\u00e5ngst av fisk.<\/p>\n\n\t\t<\/div>\n\t<\/div>\n<\/div><\/div><\/div><\/div><div class=\"vc_row wpb_row vc_row-fluid\"><div class=\"wpb_column vc_column_container vc_col-sm-3\"><div class=\"vc_column-inner\"><div class=\"wpb_wrapper\">\n\t<div  class=\"wpb_single_image wpb_content_element vc_align_left wpb_content_element\">\n\t\t\n\t\t<figure class=\"wpb_wrapper vc_figure\">\n\t\t\t<a href=\"http:\/\/maldives-paradise.com\/sv\/st-regis-maldiverna-vommuli-resort-2\/\" target=\"_self\" class=\"vc_single_image-wrapper   vc_box_border_grey\"><img loading=\"lazy\" decoding=\"async\" width=\"150\" height=\"150\" src=\"https:\/\/maldives-paradise.com\/wp-content\/uploads\/2024\/03\/st-regis-food-150x150.jpg\" class=\"vc_single_image-img attachment-thumbnail\" alt=\"St. Regis Maldiverna Vommuli Island Restaurant\" title=\"st-regis-mat\" srcset=\"https:\/\/maldives-paradise.com\/wp-content\/uploads\/2024\/03\/st-regis-food-150x150.jpg 150w, https:\/\/maldives-paradise.com\/wp-content\/uploads\/2024\/03\/st-regis-food-300x300.jpg 300w, https:\/\/maldives-paradise.com\/wp-content\/uploads\/2024\/03\/st-regis-food-12x12.jpg 12w, https:\/\/maldives-paradise.com\/wp-content\/uploads\/2024\/03\/st-regis-food.jpg 400w\" sizes=\"auto, (max-width: 150px) 100vw, 150px\" \/><\/a>\n\t\t<\/figure>\n\t<\/div>\n<\/div><\/div><\/div><div class=\"wpb_column vc_column_container vc_col-sm-9\"><div class=\"vc_column-inner\"><div class=\"wpb_wrapper\">\n\t<div class=\"wpb_text_column wpb_content_element\" >\n\t\t<div class=\"wpb_wrapper\">\n\t\t\t<h4><a href=\"http:\/\/maldives-paradise.com\/sv\/st-regis-maldiverna-vommuli-resort-2\/\">St. Regis Maldiverna Vommuli Island<\/a><\/h4>\n<p>Utforska ett uts\u00f6kt utbud av matst\u00e4llen p\u00e5 St. Regis Maldives Vommuli Resort. Modernt japanskt k\u00f6k i Kaiseki-stil v\u00e4ntar dig p\u00e5 T\u2022Pan, v\u00e5rt nya gourmetg\u00f6mst\u00e4lle p\u00e5 kanten av den vita sandstranden. V\u00e5r signaturrestaurang, Alba, erbjuder r\u00e4tter inspirerade av lokala r\u00e5varor. Bes\u00f6k Crust &amp; Craft, v\u00e5r familje\u00e4gda pizzeria, och skapa din egen smaksatta pizza.<\/p>\n\n\t\t<\/div>\n\t<\/div>\n<\/div><\/div><\/div><\/div><div class=\"vc_row wpb_row vc_row-fluid\"><div class=\"wpb_column vc_column_container vc_col-sm-3\"><div class=\"vc_column-inner\"><div class=\"wpb_wrapper\">\n\t<div  class=\"wpb_single_image wpb_content_element vc_align_left wpb_content_element\">\n\t\t\n\t\t<figure class=\"wpb_wrapper vc_figure\">\n\t\t\t<a href=\"https:\/\/lamp.glopss.com\/aff_c?offer_id=9&#038;aff_id=1834&#038;url=https%3A%2F%2Fwww.niyama.com%2F\" target=\"_self\" class=\"vc_single_image-wrapper   vc_box_border_grey\"><img loading=\"lazy\" decoding=\"async\" width=\"150\" height=\"150\" src=\"https:\/\/maldives-paradise.com\/wp-content\/uploads\/2024\/03\/niyamamaldives_subsix-teaser_500-150x150.jpg\" class=\"vc_single_image-img attachment-thumbnail\" alt=\"Niyama Private Islands Maldiverna under havet restaurang\" title=\"niyamamaldives_subsix-teaser_500\" \/><\/a>\n\t\t<\/figure>\n\t<\/div>\n<\/div><\/div><\/div><div class=\"wpb_column vc_column_container vc_col-sm-9\"><div class=\"vc_column-inner\"><div class=\"wpb_wrapper\">\n\t<div class=\"wpb_text_column wpb_content_element\" >\n\t\t<div class=\"wpb_wrapper\">\n\t\t\t<h4><a href=\"https:\/\/lamp.glopss.com\/SHUv\" target=\"_blank\" rel=\"nofollow noopener\">Niyama Private Islands Maldiverna<\/a><\/h4>\n<p>Med nio unika st\u00e4llen att v\u00e4lja mellan, smaka dig runt i v\u00e4rlden samtidigt som du njuter av lugnet och avskildheten p\u00e5 denna fascinerande maldiviska \u00f6. B\u00f6rja din m\u00e5ltid med ett urval av sydostasiatiska sm\u00e5r\u00e4tter, innan du gr\u00e4ver ner dig i en meny med thail\u00e4ndska, kinesiska, japanska och indonesiska delikatesser.<\/p>\n\n\t\t<\/div>\n\t<\/div>\n<\/div><\/div><\/div><\/div><div class=\"vc_row wpb_row vc_row-fluid\"><div class=\"wpb_column vc_column_container vc_col-sm-3\"><div class=\"vc_column-inner\"><div class=\"wpb_wrapper\">\n\t<div  class=\"wpb_single_image wpb_content_element vc_align_left wpb_content_element\">\n\t\t\n\t\t<figure class=\"wpb_wrapper vc_figure\">\n\t\t\t<a href=\"http:\/\/maldives-paradise.com\/sv\/ritz-carlton-maldiverna\/\" target=\"_self\" class=\"vc_single_image-wrapper   vc_box_border_grey\"><img loading=\"lazy\" decoding=\"async\" width=\"150\" height=\"150\" src=\"https:\/\/maldives-paradise.com\/wp-content\/uploads\/2024\/03\/ritz-carlton-restaurant-400-150x150.jpg\" class=\"vc_single_image-img attachment-thumbnail\" alt=\"Restaurangen Ritz-Carlton Maldives\" title=\"ritz-carlton-restaurang-400\" \/><\/a>\n\t\t<\/figure>\n\t<\/div>\n<\/div><\/div><\/div><div class=\"wpb_column vc_column_container vc_col-sm-9\"><div class=\"vc_column-inner\"><div class=\"wpb_wrapper\">\n\t<div class=\"wpb_text_column wpb_content_element\" >\n\t\t<div class=\"wpb_wrapper\">\n\t\t\t<h4><a href=\"http:\/\/maldives-paradise.com\/sv\/ritz-carlton-maldiverna\/\">Ritz-Carlton Maldiverna<\/a><\/h4>\n<p>Ritz-Carlton Maldiverna, Fari Islands kulinariska \u00f6, tar dig med p\u00e5 en smakjaktsresa, fr\u00e5n den finaste sushi och Wagyu vid poolen, elegant kantonesisk dim sum, cocktails inspirerade av &quot;World&#039;s 50 Best&quot;, dj\u00e4rv pasta och robusta espressos. Gourmetn\u00f6jena forts\u00e4tter i hj\u00e4rtat av Fari Marina Village.<\/p>\n\n\t\t<\/div>\n\t<\/div>\n<\/div><\/div><\/div><\/div><div class=\"vc_row wpb_row vc_row-fluid\"><div class=\"wpb_column vc_column_container vc_col-sm-3\"><div class=\"vc_column-inner\"><div class=\"wpb_wrapper\">\n\t<div  class=\"wpb_single_image wpb_content_element vc_align_left wpb_content_element\">\n\t\t\n\t\t<figure class=\"wpb_wrapper vc_figure\">\n\t\t\t<a href=\"http:\/\/maldives-paradise.com\/sv\/sun-siyam-iru-fushi\/\" target=\"_self\" class=\"vc_single_image-wrapper   vc_box_border_grey\"><img loading=\"lazy\" decoding=\"async\" width=\"150\" height=\"150\" src=\"https:\/\/maldives-paradise.com\/wp-content\/uploads\/2024\/03\/SiyamWorld-400-150x150.jpg\" class=\"vc_single_image-img attachment-thumbnail\" alt=\"Sun Siyam Iru Fushi Luxury Resort restaurang\" title=\"SiyamWorld-400\" \/><\/a>\n\t\t<\/figure>\n\t<\/div>\n<\/div><\/div><\/div><div class=\"wpb_column vc_column_container vc_col-sm-9\"><div class=\"vc_column-inner\"><div class=\"wpb_wrapper\">\n\t<div class=\"wpb_text_column wpb_content_element\" >\n\t\t<div class=\"wpb_wrapper\">\n\t\t\t<h4><a href=\"http:\/\/maldives-paradise.com\/sv\/sun-siyam-iru-fushi\/\">Sun Siyam Iru Fushi Luxury Resort<\/a><\/h4>\n<p>Uppt\u00e4ck 14 restauranger och barer p\u00e5 Sun Siyam Iru Fushi, fr\u00e5n god mat till avkopplande kaf\u00e9, variation \u00e4r livets krydda.<br \/>\nIngen f\u00f6rfr\u00e5gan \u00e4r f\u00f6r stor f\u00f6r v\u00e5rt team som \u00e4r redo att skapa dr\u00f6mmatupplevelsen bara f\u00f6r dig. Oavsett om det \u00e4r en middag med levande ljus under stj\u00e4rnorna, en stenbakad pizza i bekv\u00e4mligheten av din villa eller en midnattsgrillning p\u00e5 stranden, s\u00e4g bara ordet.<\/p>\n\n\t\t<\/div>\n\t<\/div>\n<\/div><\/div><\/div><\/div><div class=\"vc_row wpb_row vc_row-fluid\"><div class=\"wpb_column vc_column_container vc_col-sm-3\"><div class=\"vc_column-inner\"><div class=\"wpb_wrapper\">\n\t<div  class=\"wpb_single_image wpb_content_element vc_align_left wpb_content_element\">\n\t\t\n\t\t<figure class=\"wpb_wrapper vc_figure\">\n\t\t\t<a href=\"http:\/\/maldives-paradise.com\/sv\/anantara-kihavah-villor-maldiverna\/\" target=\"_self\" class=\"vc_single_image-wrapper   vc_box_border_grey\"><img loading=\"lazy\" decoding=\"async\" width=\"150\" height=\"150\" src=\"https:\/\/maldives-paradise.com\/wp-content\/uploads\/2024\/03\/anantara-kihavah-maldives-villas-kudarikilu-400-150x150.jpg\" class=\"vc_single_image-img attachment-thumbnail\" alt=\"Anantara Kihavah Maldives Villas\" title=\"anantara-kihavah-maldiverna-villor-kudarikilu-400\" \/><\/a>\n\t\t<\/figure>\n\t<\/div>\n<\/div><\/div><\/div><div class=\"wpb_column vc_column_container vc_col-sm-9\"><div class=\"vc_column-inner\"><div class=\"wpb_wrapper\">\n\t<div class=\"wpb_text_column wpb_content_element\" >\n\t\t<div class=\"wpb_wrapper\">\n\t\t\t<h4><a href=\"http:\/\/maldives-paradise.com\/sv\/anantara-kihavah-villor-maldiverna\/\">Anantara Kihavah Maldives Villas<\/a><\/h4>\n<p>En riktig h\u00f6jdpunkt p\u00e5 resorten \u00e4r restaurangkonceptet Sea, Fire, Spice och Sky som erbjuder uts\u00f6kt mat i helt unika milj\u00f6er. Njut av gourmetmat under havets v\u00e5gor med glas fr\u00e5n v\u00e4gg till v\u00e4gg som erbjuder utsikt \u00f6ver korallen. Inkluderar ocks\u00e5 en undervattensk\u00e4llare.<\/p>\n\n\t\t<\/div>\n\t<\/div>\n<\/div><\/div><\/div><\/div><div class=\"vc_row wpb_row vc_row-fluid\"><div class=\"wpb_column vc_column_container vc_col-sm-3\"><div class=\"vc_column-inner\"><div class=\"wpb_wrapper\">\n\t<div  class=\"wpb_single_image wpb_content_element vc_align_left wpb_content_element\">\n\t\t\n\t\t<figure class=\"wpb_wrapper vc_figure\">\n\t\t\t<a href=\"http:\/\/maldives-paradise.com\/sv\/cora-cora-maldiverna\/\" target=\"_self\" class=\"vc_single_image-wrapper   vc_box_border_grey\"><img loading=\"lazy\" decoding=\"async\" width=\"150\" height=\"150\" src=\"https:\/\/maldives-paradise.com\/wp-content\/uploads\/2024\/03\/cora-cora-restaurant-400-150x150.jpg\" class=\"vc_single_image-img attachment-thumbnail\" alt=\"Cora Cora Maldiverna restaurang\" title=\"cora-cora-restaurang-400\" \/><\/a>\n\t\t<\/figure>\n\t<\/div>\n<\/div><\/div><\/div><div class=\"wpb_column vc_column_container vc_col-sm-9\"><div class=\"vc_column-inner\"><div class=\"wpb_wrapper\">\n\t<div class=\"wpb_text_column wpb_content_element\" >\n\t\t<div class=\"wpb_wrapper\">\n\t\t\t<h4><a href=\"http:\/\/maldives-paradise.com\/sv\/cora-cora-maldiverna\/\">Cora Cora Maldiverna<\/a><\/h4>\n<p>Fem gourmetrestauranger som serverar en rad internationella r\u00e4tter. Cora Cora Maldives serverar en m\u00e4ngd h\u00e4lsosamma alternativ och v\u00e4xtbaserade r\u00e4tter, inklusive hemgjord vegansk glass. Dessa \u00e4r alla en del av Gourmetm\u00e5ltidsplanen.<\/p>\n\n\t\t<\/div>\n\t<\/div>\n<\/div><\/div><\/div><\/div><div class=\"vc_row wpb_row vc_row-fluid\"><div class=\"wpb_column vc_column_container vc_col-sm-12\"><div class=\"vc_column-inner\"><div class=\"wpb_wrapper\">\n\t<div class=\"wpb_text_column wpb_content_element\" >\n\t\t<div class=\"wpb_wrapper\">\n\t\t\t<p><a href=\"http:\/\/maldives-paradise.com\/sv\/marka\/vin-och-ata-maldiverna\/\"><strong>Mer om mat, dryck och restauranger i Gourmet Hotels &amp; Resorts p\u00e5 Maldiverna<\/strong><\/a><\/p>\n\n\t\t<\/div>\n\t<\/div>\n<\/div><\/div><\/div><\/div>\n<\/div>","protected":false},"excerpt":{"rendered":"<div class=\"mh-excerpt\"><\/div>","protected":false},"author":1,"featured_media":11673,"parent":0,"menu_order":0,"comment_status":"closed","ping_status":"closed","template":"","meta":{"footnotes":""},"class_list":["post-11672","page","type-page","status-publish","has-post-thumbnail"],"aioseo_notices":[],"_links":{"self":[{"href":"http:\/\/maldives-paradise.com\/sv\/wp-json\/wp\/v2\/pages\/11672","targetHints":{"allow":["GET"]}}],"collection":[{"href":"http:\/\/maldives-paradise.com\/sv\/wp-json\/wp\/v2\/pages"}],"about":[{"href":"http:\/\/maldives-paradise.com\/sv\/wp-json\/wp\/v2\/types\/page"}],"author":[{"embeddable":true,"href":"http:\/\/maldives-paradise.com\/sv\/wp-json\/wp\/v2\/users\/1"}],"replies":[{"embeddable":true,"href":"http:\/\/maldives-paradise.com\/sv\/wp-json\/wp\/v2\/comments?post=11672"}],"version-history":[{"count":6,"href":"http:\/\/maldives-paradise.com\/sv\/wp-json\/wp\/v2\/pages\/11672\/revisions"}],"predecessor-version":[{"id":45303,"href":"http:\/\/maldives-paradise.com\/sv\/wp-json\/wp\/v2\/pages\/11672\/revisions\/45303"}],"wp:featuredmedia":[{"embeddable":true,"href":"http:\/\/maldives-paradise.com\/sv\/wp-json\/wp\/v2\/media\/11673"}],"wp:attachment":[{"href":"http:\/\/maldives-paradise.com\/sv\/wp-json\/wp\/v2\/media?parent=11672"}],"curies":[{"name":"wp","href":"https:\/\/api.w.org\/{rel}","templated":true}]}}