{"id":11542,"date":"2024-02-27T18:17:28","date_gmt":"2024-02-27T18:17:28","guid":{"rendered":"http:\/\/maldives-paradise.com\/?page_id=11542"},"modified":"2025-11-26T09:28:07","modified_gmt":"2025-11-26T09:28:07","slug":"de-12-basta-lyxresorterna-i-maldiverna","status":"publish","type":"page","link":"http:\/\/maldives-paradise.com\/sv\/de-12-basta-lyxresorterna-i-maldiverna\/","title":{"rendered":"De b\u00e4sta lyxhotellen p\u00e5 Maldiverna"},"content":{"rendered":"<div class=\"wpb-content-wrapper\"><div class=\"vc_row wpb_row vc_row-fluid\"><div class=\"wpb_column vc_column_container vc_col-sm-12\"><div class=\"vc_column-inner\"><div class=\"wpb_wrapper\">\n\t<div class=\"wpb_text_column wpb_content_element\" >\n\t\t<div class=\"wpb_wrapper\">\n\t\t\t<p>Maldiverna \u00e4r synonymt med lyx, med en uppsj\u00f6 av resorter i v\u00e4rldsklass som omdefinierar extravagans.<br \/>\nEn framst\u00e5ende \u00e4r Kudadoo Maldives Private Island, k\u00e4nd f\u00f6r sina \u00f6verd\u00e5diga villor, or\u00f6rda str\u00e4nder och o\u00f6vertr\u00e4ffad service. En annan p\u00e4rla \u00e4r Sun Siyam Vilu Reef, som utstr\u00e5lar elegans med sin chica design, restauranger med Michelinstj\u00e4rnor och exklusiva bekv\u00e4mligheter.<br \/>\nF\u00f6r dem som s\u00f6ker ultimat integritet erbjuder Velaa Private Island o\u00f6vertr\u00e4ffad avskildhet tillsammans med personlig service och p\u00e5kostat boende. Dessa orter symboliserar lyx i alla aspekter, fr\u00e5n deras fantastiska omgivningar till deras oklanderliga g\u00e4stfrihet, vilket garanterar en of\u00f6rgl\u00f6mlig tillflyktsort i Maldivernas idylliska paradis.<\/p>\n<p>Att boka en lyxresort p\u00e5 Maldiverna erbjuder en o\u00f6vertr\u00e4ffad upplevelse av \u00f6verfl\u00f6d, naturlig sk\u00f6nhet och personlig service. Dessa resorter erbjuder p\u00e5kostat boende, fr\u00e5n villor \u00f6ver vattnet med privata pooler till strandsviter, alla designade f\u00f6r att erbjuda h\u00f6gsta komfort och hisnande vyer. G\u00e4sterna kan njuta av mat i v\u00e4rldsklass, f\u00f6ryngrande spabehandlingar och unika aktiviteter som privata yachtutflykter och middagar under vattnet. Den uts\u00f6kta uppm\u00e4rksamheten p\u00e5 detaljer, fantastiska omgivningar och exceptionell g\u00e4stfrihet garanterar en verkligt of\u00f6rgl\u00f6mlig tillflyktsort, vilket g\u00f6r en lyxresort p\u00e5 Maldiverna till det ultimata valet f\u00f6r dem som s\u00f6ker det finaste inom avkoppling och \u00e4ventyr.<\/p>\n\n\t\t<\/div>\n\t<\/div>\n<\/div><\/div><\/div><\/div><div class=\"vc_row wpb_row vc_row-fluid\"><div class=\"wpb_column vc_column_container vc_col-sm-3\"><div class=\"vc_column-inner\"><div class=\"wpb_wrapper\">\n\t<div  class=\"wpb_single_image wpb_content_element vc_align_left wpb_content_element\">\n\t\t\n\t\t<figure class=\"wpb_wrapper vc_figure\">\n\t\t\t<a href=\"http:\/\/maldives-paradise.com\/sv\/velaa-privat-o-maldiverna\/\" target=\"_self\" class=\"vc_single_image-wrapper   vc_box_border_grey\"><img loading=\"lazy\" decoding=\"async\" width=\"150\" height=\"150\" src=\"https:\/\/maldives-paradise.com\/wp-content\/uploads\/2024\/02\/velaa-island-150x150.jpg\" class=\"vc_single_image-img attachment-thumbnail\" alt=\"Velaa privata \u00f6\" title=\"velaa-\u00f6n\" \/><\/a>\n\t\t<\/figure>\n\t<\/div>\n<\/div><\/div><\/div><div class=\"wpb_column vc_column_container vc_col-sm-9\"><div class=\"vc_column-inner\"><div class=\"wpb_wrapper\">\n\t<div class=\"wpb_text_column wpb_content_element\" >\n\t\t<div class=\"wpb_wrapper\">\n\t\t\t<h4><a href=\"http:\/\/maldives-paradise.com\/sv\/velaa-privat-o-maldiverna\/\">Velaa Private Island Resort<\/a><\/h4>\n<p>Sk\u00e4m bort dig i den ultimata lyxutflykten p\u00e5 Velaa Private Island Maldives, d\u00e4r varje \u00f6gonblick \u00e4r skapad till perfektion, och varje detalj \u00e4r ett bevis p\u00e5 g\u00e4stfrihetens konst. Boka din vistelse och uppt\u00e4ck en v\u00e4rld d\u00e4r lyx inte k\u00e4nner n\u00e5gra gr\u00e4nser.<\/p>\n\n\t\t<\/div>\n\t<\/div>\n<\/div><\/div><\/div><\/div><div class=\"vc_row wpb_row vc_row-fluid\"><div class=\"wpb_column vc_column_container vc_col-sm-3\"><div class=\"vc_column-inner\"><div class=\"wpb_wrapper\">\n\t<div  class=\"wpb_single_image wpb_content_element vc_align_left wpb_content_element\">\n\t\t\n\t\t<figure class=\"wpb_wrapper vc_figure\">\n\t\t\t<a href=\"https:\/\/lamp.glopss.com\/aff_c?offer_id=264&#038;aff_id=1834&#038;url=https%3A%2F%2Fwww.kudadoo.com%2F\" target=\"_self\" class=\"vc_single_image-wrapper   vc_box_border_grey\"><img loading=\"lazy\" decoding=\"async\" width=\"150\" height=\"150\" src=\"https:\/\/maldives-paradise.com\/wp-content\/uploads\/2024\/01\/kudadoo2-150x150.jpg\" class=\"vc_single_image-img attachment-thumbnail\" alt=\"Kudadoo Maldivernas privata \u00f6\" title=\"kudadoo2\" \/><\/a>\n\t\t<\/figure>\n\t<\/div>\n<\/div><\/div><\/div><div class=\"wpb_column vc_column_container vc_col-sm-9\"><div class=\"vc_column-inner\"><div class=\"wpb_wrapper\">\n\t<div class=\"wpb_text_column wpb_content_element\" >\n\t\t<div class=\"wpb_wrapper\">\n\t\t\t<h4><a href=\"https:\/\/lamp.glopss.com\/aff_c?offer_id=264&amp;aff_id=1834&amp;url=https%3A%2F%2Fwww.kudadoo.com%2F\" target=\"_blank\" rel=\"nofollow noopener\">Kudadoo Maldivernas privata \u00f6<\/a><\/h4>\n<p>Ocean Pool Residences p\u00e5 310 kvadratmeter har vidstr\u00e4ckta \u00f6vervattensd\u00e4ck, en privat infinitypool, massor av utomhuslounger och en h\u00e4ngsoffa. Dessa uts\u00f6kt designade privata lyxbost\u00e4der i Kudadoo har ett rymligt badrum med badkar, dusch och sminkomr\u00e5de. Exotiska och rena linjer med jordn\u00e4ra f\u00e4rger och naturliga material. <strong>Personlig Butler ing\u00e5r. Vad som helst, var som helst, n\u00e4r som helst.<br \/>\n<span style=\"color: #ff0000;\">B\u00e4sta prisgaranti med direktbokning p\u00e5 detta hotell.<\/span><br \/>\n<\/strong><\/p>\n\n\t\t<\/div>\n\t<\/div>\n<\/div><\/div><\/div><\/div><div class=\"vc_row wpb_row vc_row-fluid\"><div class=\"wpb_column vc_column_container vc_col-sm-3\"><div class=\"vc_column-inner\"><div class=\"wpb_wrapper\">\n\t<div  class=\"wpb_single_image wpb_content_element vc_align_left wpb_content_element\">\n\t\t\n\t\t<figure class=\"wpb_wrapper vc_figure\">\n\t\t\t<a href=\"https:\/\/lamp.glopss.com\/aff_c?offer_id=1476&#038;aff_id=1834&#038;url=Sun+Siyam+Vilu+Reef\" target=\"_self\" class=\"vc_single_image-wrapper   vc_box_border_grey\"><img loading=\"lazy\" decoding=\"async\" width=\"150\" height=\"150\" src=\"https:\/\/maldives-paradise.com\/wp-content\/uploads\/2024\/01\/Sun-Siyam-Vilu-Reef2-150x150.jpg\" class=\"vc_single_image-img attachment-thumbnail\" alt=\"Sun Siyam Vilu Reef\" title=\"Sun-Siyam-Vilu-Reef2\" \/><\/a>\n\t\t<\/figure>\n\t<\/div>\n<\/div><\/div><\/div><div class=\"wpb_column vc_column_container vc_col-sm-9\"><div class=\"vc_column-inner\"><div class=\"wpb_wrapper\">\n\t<div class=\"wpb_text_column wpb_content_element\" >\n\t\t<div class=\"wpb_wrapper\">\n\t\t\t<h4><a href=\"https:\/\/lamp.glopss.com\/SHUx\" target=\"_blank\" rel=\"nofollow noopener\">Sun Siyam Vilu Reef<\/a><\/h4>\n<p>P\u00e5 Sun Siyam Vilu Reef \u00e4r varje \u00f6gonblick skapad till perfektion, och erbjuder en o\u00f6vertr\u00e4ffad lyxupplevelse p\u00e5 Maldiverna. Fr\u00e5n det \u00f6verd\u00e5diga boendet till olika kulinariska l\u00e4ckerheter och sp\u00e4nnande aktiviteter, v\u00e5r resort lovar en tillflyktsort som \u00f6vertr\u00e4ffar alla dina f\u00f6rv\u00e4ntningar. Boka din flykt till paradiset idag och l\u00e5t Sun Siyam Vilu Reef omdefiniera din definition av lyx p\u00e5 Maldiverna.<\/p>\n\n\t\t<\/div>\n\t<\/div>\n<\/div><\/div><\/div><\/div><div class=\"vc_row wpb_row vc_row-fluid\"><div class=\"wpb_column vc_column_container vc_col-sm-3\"><div class=\"vc_column-inner\"><div class=\"wpb_wrapper\">\n\t<div  class=\"wpb_single_image wpb_content_element vc_align_left wpb_content_element\">\n\t\t\n\t\t<figure class=\"wpb_wrapper vc_figure\">\n\t\t\t<a href=\"http:\/\/maldives-paradise.com\/sv\/soneva-jani\/\" target=\"_self\" class=\"vc_single_image-wrapper   vc_box_border_grey\"><img loading=\"lazy\" decoding=\"async\" width=\"150\" height=\"150\" src=\"https:\/\/maldives-paradise.com\/wp-content\/uploads\/2024\/02\/soneva-jani-over-water-villa-slide-400-150x150.jpg\" class=\"vc_single_image-img attachment-thumbnail\" alt=\"Soneva Jani \u00f6vervattensvilla med pool\" title=\"soneva-jani-\u00f6ver-vatten-villa-rutschbana-400\" \/><\/a>\n\t\t<\/figure>\n\t<\/div>\n<\/div><\/div><\/div><div class=\"wpb_column vc_column_container vc_col-sm-9\"><div class=\"vc_column-inner\"><div class=\"wpb_wrapper\">\n\t<div class=\"wpb_text_column wpb_content_element\" >\n\t\t<div class=\"wpb_wrapper\">\n\t\t\t<h4><a href=\"http:\/\/maldives-paradise.com\/sv\/soneva-jani\/\">Soneva Jani<\/a><\/h4>\n<p><strong>Soneva Jani<\/strong> \u00e4r en ber\u00f6md 5-stj\u00e4rnig lyxresort \u00f6ver vattnet som ligger i en 5,6 kilometer l\u00e5ng kristallklar lagun i Noonu-atollen p\u00e5 Maldiverna. Byggt runt en lagun med havsutsikt, vita str\u00e4nder och tropisk gr\u00f6nska. Delfinkryssningar, dykning, familjeupplevelser, restauranger med Michelinstj\u00e4rnor och personlig Butler.<\/p>\n\n\t\t<\/div>\n\t<\/div>\n<\/div><\/div><\/div><\/div><div class=\"vc_row wpb_row vc_row-fluid\"><div class=\"wpb_column vc_column_container vc_col-sm-3\"><div class=\"vc_column-inner\"><div class=\"wpb_wrapper\">\n\t<div  class=\"wpb_single_image wpb_content_element vc_align_left wpb_content_element\">\n\t\t\n\t\t<figure class=\"wpb_wrapper vc_figure\">\n\t\t\t<a href=\"http:\/\/maldives-paradise.com\/sv\/ritz-carlton-maldiverna\/\" target=\"_self\" class=\"vc_single_image-wrapper   vc_box_border_grey\"><img loading=\"lazy\" decoding=\"async\" width=\"150\" height=\"150\" src=\"https:\/\/maldives-paradise.com\/wp-content\/uploads\/2024\/02\/The-Ritz-Carlton-Maldives-Fari-Islands-Lagoon-Pool-Villa-400-150x150.jpg\" class=\"vc_single_image-img attachment-thumbnail\" alt=\"Ritz-Carlton Fari Island\" title=\"The-Ritz-Carlton-Maldiverna-Fari-\u00f6arna-Lagunen-Pool-Villa-400\" \/><\/a>\n\t\t<\/figure>\n\t<\/div>\n<\/div><\/div><\/div><div class=\"wpb_column vc_column_container vc_col-sm-9\"><div class=\"vc_column-inner\"><div class=\"wpb_wrapper\">\n\t<div class=\"wpb_text_column wpb_content_element\" >\n\t\t<div class=\"wpb_wrapper\">\n\t\t\t<h4><a href=\"http:\/\/maldives-paradise.com\/sv\/ritz-carlton-maldiverna\/\">Ritz-Carlton Fari Island<\/a><\/h4>\n<p>Ritz-Carlton Maldiverna symboliserar lyx och erbjuder en o\u00f6vertr\u00e4ffad upplevelse mitt i Maldivernas naturliga sk\u00f6nhet. Oavsett om du firar ett speciellt tillf\u00e4lle, ger dig ut p\u00e5 en smekm\u00e5nad eller bara letar efter en of\u00f6rgl\u00f6mlig flykt, lovar denna resort att \u00f6vertr\u00e4ffa dina f\u00f6rv\u00e4ntningar. Med sitt fantastiska l\u00e4ge, lyxiga boenden, l\u00e4ckra restauranger och ett engagemang f\u00f6r h\u00e5llbarhet, st\u00e5r The Ritz-Carlton Maldives som ett bevis p\u00e5 paradisets symbol.<\/p>\n\n\t\t<\/div>\n\t<\/div>\n<\/div><\/div><\/div><\/div><div class=\"vc_row wpb_row vc_row-fluid\"><div class=\"wpb_column vc_column_container vc_col-sm-3\"><div class=\"vc_column-inner\"><div class=\"wpb_wrapper\">\n\t<div  class=\"wpb_single_image wpb_content_element vc_align_left wpb_content_element\">\n\t\t\n\t\t<figure class=\"wpb_wrapper vc_figure\">\n\t\t\t<a href=\"http:\/\/maldives-paradise.com\/sv\/nautilus-maldiverna\/\" target=\"_self\" class=\"vc_single_image-wrapper   vc_box_border_grey\"><img loading=\"lazy\" decoding=\"async\" width=\"150\" height=\"150\" src=\"https:\/\/maldives-paradise.com\/wp-content\/uploads\/2024\/02\/nautilus-over-water-villa-400-150x150.jpg\" class=\"vc_single_image-img attachment-thumbnail\" alt=\"Nautilus Maldiverna\" title=\"nautilus-\u00f6ver-vatten-villa-400\" \/><\/a>\n\t\t<\/figure>\n\t<\/div>\n<\/div><\/div><\/div><div class=\"wpb_column vc_column_container vc_col-sm-9\"><div class=\"vc_column-inner\"><div class=\"wpb_wrapper\">\n\t<div class=\"wpb_text_column wpb_content_element\" >\n\t\t<div class=\"wpb_wrapper\">\n\t\t\t<h4><a href=\"http:\/\/maldives-paradise.com\/sv\/nautilus-maldiverna\/\">Nautilus Maldiverna<\/a><\/h4>\n<p>R\u00f6stade bland <strong>topp 3 orter i v\u00e4rlden<\/strong> och som den b\u00e4sta resorten i Indiska oceanen av Cond\u00e9 Nast Travellers l\u00e4sare de senaste \u00e5ren! Nautilus Maldiverna \u00e4r \u00f6ns o\u00f6vertr\u00e4ffade l\u00e4ge; ligger p\u00e5 sin alldeles egna or\u00f6rda vita sand\u00f6 och prydd med gr\u00f6nskande endemisk flora i UNESCO-biosf\u00e4ren p\u00e5 Baa-atollen. Nautilus \u00e4r ditt lyxiga bohemiska tillflyktsort p\u00e5 Maldiverna. Den 5-stj\u00e4rniga resorten erbjuder livet obundet.<\/p>\n\n\t\t<\/div>\n\t<\/div>\n<\/div><\/div><\/div><\/div><div class=\"vc_row wpb_row vc_row-fluid\"><div class=\"wpb_column vc_column_container vc_col-sm-3\"><div class=\"vc_column-inner\"><div class=\"wpb_wrapper\">\n\t<div  class=\"wpb_single_image wpb_content_element vc_align_left wpb_content_element\">\n\t\t\n\t\t<figure class=\"wpb_wrapper vc_figure\">\n\t\t\t<a href=\"https:\/\/lamp.glopss.com\/aff_c?offer_id=9&#038;aff_id=1834&#038;url=https%3A%2F%2Fwww.anantara.com%2Fen%2Fkihavah-maldives\" target=\"_self\" class=\"vc_single_image-wrapper   vc_box_border_grey\"><img loading=\"lazy\" decoding=\"async\" width=\"150\" height=\"150\" src=\"https:\/\/maldives-paradise.com\/wp-content\/uploads\/2024\/02\/anantara_kihavah_over_water_pool_villa_aerial_400px-150x150.jpg\" class=\"vc_single_image-img attachment-thumbnail\" alt=\"Anantara Kihavah Maldives Overwater Villas\" title=\"anantara_kihavah_over_water_pool_villa_aerial_400px\" \/><\/a>\n\t\t<\/figure>\n\t<\/div>\n<\/div><\/div><\/div><div class=\"wpb_column vc_column_container vc_col-sm-9\"><div class=\"vc_column-inner\"><div class=\"wpb_wrapper\">\n\t<div class=\"wpb_text_column wpb_content_element\" >\n\t\t<div class=\"wpb_wrapper\">\n\t\t\t<h4><a href=\"https:\/\/lamp.glopss.com\/SHUs\" target=\"_blank\" rel=\"nofollow noopener\">Anantara Kihavah Maldives Villas<\/a><\/h4>\n<p>Omgiven av ingenting annat \u00e4n turkos lagun som sm\u00e4lter in i safirbl\u00e5tt, reser sig Maldivernas lyxresorts\u00f6n Anantara Kihavah och dess rena vita sand upp ur havet som en h\u00e4gring. Lyxiga villor \u00f6ver vattnet med privat pool. Rummet har plats f\u00f6r upp till 2 vuxna och 2 barn eller 3 vuxna. Badrum utomhus med neds\u00e4nkt bubbelbadkar med glasbotten, privata cyklar och 24-timmars privat villav\u00e4rd.<br \/>\n<span style=\"color: #ff0000;\"><strong>B\u00e4sta prisgaranti med direktbokning p\u00e5 detta hotell.<\/strong><\/span><\/p>\n\n\t\t<\/div>\n\t<\/div>\n<\/div><\/div><\/div><\/div><div class=\"vc_row wpb_row vc_row-fluid\"><div class=\"wpb_column vc_column_container vc_col-sm-3\"><div class=\"vc_column-inner\"><div class=\"wpb_wrapper\">\n\t<div  class=\"wpb_single_image wpb_content_element vc_align_left wpb_content_element\">\n\t\t\n\t\t<figure class=\"wpb_wrapper vc_figure\">\n\t\t\t<a href=\"http:\/\/maldives-paradise.com\/sv\/fyra-sasonger-maldiverna-landaa-giraavaru\/\" target=\"_self\" class=\"vc_single_image-wrapper   vc_box_border_grey\"><img loading=\"lazy\" decoding=\"async\" width=\"150\" height=\"150\" src=\"https:\/\/maldives-paradise.com\/wp-content\/uploads\/2024\/01\/Four-Seasons-Maldives-Landaa-Giraavaru2-150x150.jpeg\" class=\"vc_single_image-img attachment-thumbnail\" alt=\"Four Seasons Maldiverna Landaa Giraavaru\" title=\"Fyra-s\u00e4songer-Maldiverna-Landaa-Giraavaru2\" \/><\/a>\n\t\t<\/figure>\n\t<\/div>\n<\/div><\/div><\/div><div class=\"wpb_column vc_column_container vc_col-sm-9\"><div class=\"vc_column-inner\"><div class=\"wpb_wrapper\">\n\t<div class=\"wpb_text_column wpb_content_element\" >\n\t\t<div class=\"wpb_wrapper\">\n\t\t\t<h4><a href=\"http:\/\/maldives-paradise.com\/sv\/fyra-sasonger-maldiverna-landaa-giraavaru\/\">Four Seasons Resort Maldiverna Landaa Giraavaru<\/a><\/h4>\n<p>Four Seasons Maldives Landaa Giraavaru \u00e4r d\u00e4r varje \u00f6gonblick \u00e4r en hyllning till o\u00f6vertr\u00e4ffad elegans. F\u00f6rdjupa dig i Maldivernas naturliga sk\u00f6nhet samtidigt som du upplever f\u00f6rstklassig service och bekv\u00e4mligheter som omdefinierar inneb\u00f6rden av \u00f6verseende. Detta \u00e4r mer \u00e4n en semester; det \u00e4r en symfoni av lyx, natur och of\u00f6rgl\u00f6mliga \u00f6gonblick.<\/p>\n\n\t\t<\/div>\n\t<\/div>\n<\/div><\/div><\/div><\/div><div class=\"vc_row wpb_row vc_row-fluid\"><div class=\"wpb_column vc_column_container vc_col-sm-3\"><div class=\"vc_column-inner\"><div class=\"wpb_wrapper\">\n\t<div  class=\"wpb_single_image wpb_content_element vc_align_left wpb_content_element\">\n\t\t\n\t\t<figure class=\"wpb_wrapper vc_figure\">\n\t\t\t<a href=\"http:\/\/maldives-paradise.com\/sv\/gili-lankanfushi-maldiverna\/\" target=\"_self\" class=\"vc_single_image-wrapper   vc_box_border_grey\"><img loading=\"lazy\" decoding=\"async\" width=\"150\" height=\"150\" src=\"https:\/\/maldives-paradise.com\/wp-content\/uploads\/2024\/02\/gili-lankanfushiGLM_Old-Wing-Bathroom-400-150x150.jpg\" class=\"vc_single_image-img attachment-thumbnail\" alt=\"Gili Lankanfushi\" title=\"gili-lankanfushiGLM_Old-Wing-Badrum-400\" \/><\/a>\n\t\t<\/figure>\n\t<\/div>\n<\/div><\/div><\/div><div class=\"wpb_column vc_column_container vc_col-sm-9\"><div class=\"vc_column-inner\"><div class=\"wpb_wrapper\">\n\t<div class=\"wpb_text_column wpb_content_element\" >\n\t\t<div class=\"wpb_wrapper\">\n\t\t\t<h4><a href=\"http:\/\/maldives-paradise.com\/sv\/gili-lankanfushi-maldiverna\/\">Gili Lankanfushi<\/a><\/h4>\n<p>Gili Lankanfushi Maldiverna \u00e4r inte bara en destination; det \u00e4r en tillflyktsort f\u00f6r dem som s\u00f6ker en o\u00f6vertr\u00e4ffad blandning av lyx, h\u00e5llbarhet och naturlig sk\u00f6nhet. Varje \u00f6gonblick p\u00e5 denna extraordin\u00e4ra resort \u00e4r en inbjudan att skapa best\u00e5ende minnen i kn\u00e4t av \u00f6verseende och lugn. \u00d6verl\u00e4mna dig till tjusningen p\u00e5 Gili Lankanfushi Maldiverna, d\u00e4r paradiset v\u00e4ntar p\u00e5 din ankomst.<\/p>\n\n\t\t<\/div>\n\t<\/div>\n<\/div><\/div><\/div><\/div><div class=\"vc_row wpb_row vc_row-fluid\"><div class=\"wpb_column vc_column_container vc_col-sm-3\"><div class=\"vc_column-inner\"><div class=\"wpb_wrapper\">\n\t<div  class=\"wpb_single_image wpb_content_element vc_align_left wpb_content_element\">\n\t\t\n\t\t<figure class=\"wpb_wrapper vc_figure\">\n\t\t\t<a href=\"http:\/\/maldives-paradise.com\/sv\/st-regis-maldiverna-vommuli-resort-2\/\" target=\"_self\" class=\"vc_single_image-wrapper   vc_box_border_grey\"><img loading=\"lazy\" decoding=\"async\" width=\"150\" height=\"150\" src=\"https:\/\/maldives-paradise.com\/wp-content\/uploads\/2024\/01\/st-regis-2-150x150.jpg\" class=\"vc_single_image-img attachment-thumbnail\" alt=\"St. Regis Maldives Vommuli Resort\" title=\"st-regis-2\" \/><\/a>\n\t\t<\/figure>\n\t<\/div>\n<\/div><\/div><\/div><div class=\"wpb_column vc_column_container vc_col-sm-9\"><div class=\"vc_column-inner\"><div class=\"wpb_wrapper\">\n\t<div class=\"wpb_text_column wpb_content_element\" >\n\t\t<div class=\"wpb_wrapper\">\n\t\t\t<h4><a href=\"http:\/\/maldives-paradise.com\/sv\/st-regis-maldiverna-vommuli-resort-2\/\">St. Regis Maldiverna Vommuli Resort<\/a><\/h4>\n<p>De rymliga villorna och sviterna har en privat pool, iPad-rumskontroller, elektroniska draperier, tr\u00e4golv, badrum i marmor, f\u00f6nster fr\u00e5n golv till tak, kl\u00e4dkammare, privat terrass, frist\u00e5ende badkar, regnskogsdusch och Bang &amp; Olufsen BeoVision TV. En personlig St. Regis Butlerservice finns tillg\u00e4nglig f\u00f6r alla rum.<\/p>\n\n\t\t<\/div>\n\t<\/div>\n<\/div><\/div><\/div><\/div><div class=\"vc_row wpb_row vc_row-fluid\"><div class=\"wpb_column vc_column_container vc_col-sm-3\"><div class=\"vc_column-inner\"><div class=\"wpb_wrapper\">\n\t<div  class=\"wpb_single_image wpb_content_element vc_align_left wpb_content_element\">\n\t\t\n\t\t<figure class=\"wpb_wrapper vc_figure\">\n\t\t\t<a href=\"http:\/\/maldives-paradise.com\/sv\/soneva-fushi\/\" target=\"_self\" class=\"vc_single_image-wrapper   vc_box_border_grey\"><img loading=\"lazy\" decoding=\"async\" width=\"150\" height=\"150\" src=\"https:\/\/maldives-paradise.com\/wp-content\/uploads\/2024\/01\/soneva-fushi2-150x150.jpg\" class=\"vc_single_image-img attachment-thumbnail\" alt=\"Soneva Fushi\" title=\"soneva-fushi2\" \/><\/a>\n\t\t<\/figure>\n\t<\/div>\n<\/div><\/div><\/div><div class=\"wpb_column vc_column_container vc_col-sm-9\"><div class=\"vc_column-inner\"><div class=\"wpb_wrapper\">\n\t<div class=\"wpb_text_column wpb_content_element\" >\n\t\t<div class=\"wpb_wrapper\">\n\t\t\t<h4><a href=\"http:\/\/maldives-paradise.com\/sv\/soneva-fushi\/\">Soneva Fushi<\/a><\/h4>\n<p>Inga nyheter, inga skor! Femstj\u00e4rnig eko-lyxresort p\u00e5 Island. <strong>Soneva Fushi<\/strong> ligger som en lyxresort p\u00e5 en vacker \u00f6 p\u00e5 Maldiverna, med vita sandstr\u00e4nder, kristallklart vatten och upplevelser som \u00e4r en g\u00e5ng i livet. \u00d6n Baa Atoll erbjuder lyxig, milj\u00f6v\u00e4nlig design och autentiska maldiviska upplevelser.<\/p>\n\n\t\t<\/div>\n\t<\/div>\n<\/div><\/div><\/div><\/div><div class=\"vc_row wpb_row vc_row-fluid\"><div class=\"wpb_column vc_column_container vc_col-sm-3\"><div class=\"vc_column-inner\"><div class=\"wpb_wrapper\">\n\t<div  class=\"wpb_single_image wpb_content_element vc_align_left wpb_content_element\">\n\t\t\n\t\t<figure class=\"wpb_wrapper vc_figure\">\n\t\t\t<a href=\"https:\/\/lamp.glopss.com\/aff_c?offer_id=1506&#038;aff_id=1834\" target=\"_self\" class=\"vc_single_image-wrapper   vc_box_border_grey\"><img loading=\"lazy\" decoding=\"async\" width=\"150\" height=\"150\" src=\"https:\/\/maldives-paradise.com\/wp-content\/uploads\/2024\/02\/PatinaMaldives5-400-150x150.jpg\" class=\"vc_single_image-img attachment-thumbnail\" alt=\"Patina Maldiverna\" title=\"Patina+Maldiverna5-400\" \/><\/a>\n\t\t<\/figure>\n\t<\/div>\n<\/div><\/div><\/div><div class=\"wpb_column vc_column_container vc_col-sm-9\"><div class=\"vc_column-inner\"><div class=\"wpb_wrapper\">\n\t<div class=\"wpb_text_column wpb_content_element\" >\n\t\t<div class=\"wpb_wrapper\">\n\t\t\t<h4><a href=\"https:\/\/lamp.glopss.com\/aff_c?offer_id=1506&amp;aff_id=1834\">Patina Maldiverna<\/a><\/h4>\n<p>Patina Maldives \u00e4r en prisbel\u00f6nt p\u00e4rla som erbjuder kr\u00e4sna resen\u00e4rer en lyxig flykt till paradiset. Med sina fantastiska \u00f6vervattensvillor, uts\u00f6kta matupplevelser, bekv\u00e4mligheter i v\u00e4rldsklass och engagemang f\u00f6r h\u00e5llbarhet, lovar resorten en of\u00f6rgl\u00f6mlig tillflyktsort i en av v\u00e4rldens mest hisnande destinationer.<\/p>\n\n\t\t<\/div>\n\t<\/div>\n<\/div><\/div><\/div><\/div><div class=\"vc_row wpb_row vc_row-fluid\"><div class=\"wpb_column vc_column_container vc_col-sm-12\"><div class=\"vc_column-inner\"><div class=\"wpb_wrapper\">\n\t<div class=\"wpb_text_column wpb_content_element\" >\n\t\t<div class=\"wpb_wrapper\">\n\t\t\t<h4>De b\u00e4sta resorterna p\u00e5 Maldiverna per kategori<\/h4>\n<p class=\"has-small-font-size\"><a title=\"De 12 b\u00e4sta familjeresorterna\" href=\"https:\/\/maldives-paradise.com\/sv\/?page_id=8933\">De b\u00e4sta familjeresorterna p\u00e5 Maldiverna<\/a><\/p>\n<p class=\"has-small-font-size\"><a title=\"De b\u00e4sta resorterna endast f\u00f6r vuxna\" href=\"https:\/\/maldives-paradise.com\/sv\/?page_id=8790\">De b\u00e4sta resorterna endast f\u00f6r vuxna p\u00e5 Maldiverna<\/a><\/p>\n<p class=\"has-small-font-size\"><a title=\"De b\u00e4sta all inclusive-resorterna\" href=\"https:\/\/maldives-paradise.com\/sv\/?page_id=8762\">De b\u00e4sta all inclusive-resorterna i Maldiverna<\/a><\/p>\n<p class=\"has-small-font-size\"><a title=\"De 12 b\u00e4sta all inclusive-resorterna endast f\u00f6r vuxna\" href=\"https:\/\/maldives-paradise.com\/sv\/de-12-basta-all-inclusive-resorterna-endast-for-vuxna-pa-maldiverna\/\">De b\u00e4sta all inclusive-resorterna endast f\u00f6r vuxna<\/a><\/p>\n<p class=\"has-small-font-size\"><a title=\"De 12 b\u00e4sta \u00f6vervattensvillorna p\u00e5 Maldiverna\" href=\"https:\/\/maldives-paradise.com\/sv\/de-12-basta-overvattensvillorna-i-maldiverna\/\">De b\u00e4sta \u00f6vervattensvillorna p\u00e5 Maldiverna<\/a><\/p>\n<p class=\"has-small-font-size\"><a title=\"De 12 b\u00e4sta lyxresorterna p\u00e5 Maldiverna\" href=\"https:\/\/maldives-paradise.com\/sv\/de-12-basta-lyxresorterna-i-maldiverna\/\">De b\u00e4sta lyxresorterna p\u00e5 Maldiverna<\/a><\/p>\n<p class=\"has-small-font-size\"><a title=\"De 12 b\u00e4sta gourmetresorterna p\u00e5 Maldiverna\" href=\"https:\/\/maldives-paradise.com\/sv\/12-basta-gourmetresorter-i-maldiverna\/\">De b\u00e4sta gourmetresorterna p\u00e5 Maldiverna<\/a><\/p>\n<p class=\"has-small-font-size\"><a title=\"De 12 b\u00e4sta sparesorterna p\u00e5 Maldiverna\" href=\"https:\/\/maldives-paradise.com\/sv\/de-12-basta-kurorterna-i-maldiverna\/\">De b\u00e4sta sparesorterna p\u00e5 Maldiverna<\/a><\/p>\n<p class=\"has-small-font-size\"><a title=\"De 12 resorterna med det b\u00e4sta husrevet p\u00e5 Maldiverna\" href=\"https:\/\/maldives-paradise.com\/sv\/de-12-orterna-med-det-basta-husrevet-pa-maldiverna\/\">Resorterna med b\u00e4sta husrevet p\u00e5 Maldiverna<\/a><\/p>\n<p class=\"has-small-font-size\"><a title=\"B\u00e4sta dykresorterna p\u00e5 Maldiverna\" href=\"https:\/\/maldives-paradise.com\/sv\/de-12-orterna-med-det-basta-husrevet-pa-maldiverna\/\">De b\u00e4sta dykresorterna p\u00e5 Maldiverna<\/a><\/p>\n<p class=\"has-small-font-size\"><a title=\"De 12 b\u00e4sta resorterna p\u00e5 flera \u00f6ar p\u00e5 Maldiverna\" href=\"https:\/\/maldives-paradise.com\/sv\/de-12-basta-resorterna-pa-flera-oar-pa-maldiverna\/\">De b\u00e4sta resorterna f\u00f6r flera \u00f6ar p\u00e5 Maldiverna<\/a><\/p>\n\n\t\t<\/div>\n\t<\/div>\n<\/div><\/div><\/div><\/div>\n<\/div>","protected":false},"excerpt":{"rendered":"<div class=\"mh-excerpt\"><\/div>","protected":false},"author":1,"featured_media":11074,"parent":0,"menu_order":0,"comment_status":"closed","ping_status":"closed","template":"","meta":{"footnotes":""},"class_list":["post-11542","page","type-page","status-publish","has-post-thumbnail"],"aioseo_notices":[],"_links":{"self":[{"href":"http:\/\/maldives-paradise.com\/sv\/wp-json\/wp\/v2\/pages\/11542","targetHints":{"allow":["GET"]}}],"collection":[{"href":"http:\/\/maldives-paradise.com\/sv\/wp-json\/wp\/v2\/pages"}],"about":[{"href":"http:\/\/maldives-paradise.com\/sv\/wp-json\/wp\/v2\/types\/page"}],"author":[{"embeddable":true,"href":"http:\/\/maldives-paradise.com\/sv\/wp-json\/wp\/v2\/users\/1"}],"replies":[{"embeddable":true,"href":"http:\/\/maldives-paradise.com\/sv\/wp-json\/wp\/v2\/comments?post=11542"}],"version-history":[{"count":6,"href":"http:\/\/maldives-paradise.com\/sv\/wp-json\/wp\/v2\/pages\/11542\/revisions"}],"predecessor-version":[{"id":45310,"href":"http:\/\/maldives-paradise.com\/sv\/wp-json\/wp\/v2\/pages\/11542\/revisions\/45310"}],"wp:featuredmedia":[{"embeddable":true,"href":"http:\/\/maldives-paradise.com\/sv\/wp-json\/wp\/v2\/media\/11074"}],"wp:attachment":[{"href":"http:\/\/maldives-paradise.com\/sv\/wp-json\/wp\/v2\/media?parent=11542"}],"curies":[{"name":"wp","href":"https:\/\/api.w.org\/{rel}","templated":true}]}}