{"id":11055,"date":"2024-02-20T16:49:42","date_gmt":"2024-02-20T16:49:42","guid":{"rendered":"http:\/\/maldives-paradise.com\/?page_id=11055"},"modified":"2025-11-26T09:30:18","modified_gmt":"2025-11-26T09:30:18","slug":"de-12-basta-overvattensvillorna-i-maldiverna","status":"publish","type":"page","link":"http:\/\/maldives-paradise.com\/sv\/de-12-basta-overvattensvillorna-i-maldiverna\/","title":{"rendered":"De b\u00e4sta \u00f6vervattensvillorna p\u00e5 Maldiverna"},"content":{"rendered":"<div class=\"wpb-content-wrapper\"><div class=\"vc_row wpb_row vc_row-fluid\"><div class=\"wpb_column vc_column_container vc_col-sm-12\"><div class=\"vc_column-inner\"><div class=\"wpb_wrapper\">\n\t<div class=\"wpb_text_column wpb_content_element\" >\n\t\t<div class=\"wpb_wrapper\">\n\t\t\t<p>Maldiverna har en rad uts\u00f6kta lyxiga villaresorter \u00f6ver vattnet, som alla erbjuder o\u00f6vertr\u00e4ffad \u00f6verfl\u00f6d och hisnande utsikt \u00f6ver Indiska oceanen. Bland dessa sticker den ikoniska Soneva Jani ut, k\u00e4nd f\u00f6r sina rymliga villor med privata pooler och vattenrutschbanor. Ett annat toppval \u00e4r Kudadoo Maldives Private Island, med eleganta villor med direkt tillg\u00e5ng till den turkosa lagunen. Dessutom imponerar Ritz-Carlton Fari Island med sina fantastiska storlekar p\u00e5 villorna, perfekt f\u00f6r dem som vill ha avskildhet. Dessa orter exemplifierar symbolen f\u00f6r lyx p\u00e5 Maldiverna, och ger g\u00e4sterna of\u00f6rgl\u00f6mliga upplevelser mitt i naturens prakt.<\/p>\n<p>Att boka en villa p\u00e5 en \u00f6 p\u00e5 Maldiverna erbjuder en unik och lyxig upplevelse utan dess like. F\u00f6rest\u00e4ll dig att vakna upp till panoramautsikt \u00f6ver havet, g\u00e5 direkt ut i kristallklart vatten fr\u00e5n ditt privata d\u00e4ck och njuta av lugnet i att vara omgiven av havet. \u00d6vervattensvillor ger o\u00f6vertr\u00e4ffad avskildhet och komfort, ofta med privata pooler, rymliga sold\u00e4ck och direkt tillg\u00e5ng till livliga korallrev. Perfekt f\u00f6r romantik, avkoppling och \u00e4ventyr, en villa \u00f6ver vattnet lovar en of\u00f6rgl\u00f6mlig vistelse i en av de vackraste och mest fridfulla milj\u00f6erna i v\u00e4rlden.<\/p>\n\n\t\t<\/div>\n\t<\/div>\n<\/div><\/div><\/div><\/div><div class=\"vc_row wpb_row vc_row-fluid\"><div class=\"wpb_column vc_column_container vc_col-sm-3\"><div class=\"vc_column-inner\"><div class=\"wpb_wrapper\">\n\t<div  class=\"wpb_single_image wpb_content_element vc_align_left wpb_content_element\">\n\t\t\n\t\t<figure class=\"wpb_wrapper vc_figure\">\n\t\t\t<a href=\"https:\/\/lamp.glopss.com\/aff_c?offer_id=9&#038;aff_id=1834&#038;url=https%3A%2F%2Fwww.anantara.com%2Fen%2Fkihavah-maldives\" target=\"_self\" class=\"vc_single_image-wrapper   vc_box_border_grey\"><img loading=\"lazy\" decoding=\"async\" width=\"150\" height=\"150\" src=\"https:\/\/maldives-paradise.com\/wp-content\/uploads\/2024\/02\/anantara_kihavah_over_water_pool_villa_aerial_400px-150x150.jpg\" class=\"vc_single_image-img attachment-thumbnail\" alt=\"Anantara Kihavah Maldives Overwater Villas\" title=\"anantara_kihavah_over_water_pool_villa_aerial_400px\" \/><\/a>\n\t\t<\/figure>\n\t<\/div>\n<\/div><\/div><\/div><div class=\"wpb_column vc_column_container vc_col-sm-9\"><div class=\"vc_column-inner\"><div class=\"wpb_wrapper\">\n\t<div class=\"wpb_text_column wpb_content_element\" >\n\t\t<div class=\"wpb_wrapper\">\n\t\t\t<h4><a href=\"https:\/\/lamp.glopss.com\/SHUs\" target=\"_blank\" rel=\"nofollow noopener\">Anantara Kihavah Maldives Villas<\/a><\/h4>\n<p>Lyxiga villor \u00f6ver vattnet med privat pool. Rummet har plats f\u00f6r upp till 2 vuxna och 2 barn eller 3 vuxna. Villans storlek \u00e4r 267 kvadratmeter. Badrum utomhus med neds\u00e4nkt bubbelbadkar med glasbotten, privata cyklar och 24-timmars privat villav\u00e4rd.<\/p>\n\n\t\t<\/div>\n\t<\/div>\n<\/div><\/div><\/div><\/div><div class=\"vc_row wpb_row vc_row-fluid\"><div class=\"wpb_column vc_column_container vc_col-sm-3\"><div class=\"vc_column-inner\"><div class=\"wpb_wrapper\">\n\t<div  class=\"wpb_single_image wpb_content_element vc_align_left wpb_content_element\">\n\t\t\n\t\t<figure class=\"wpb_wrapper vc_figure\">\n\t\t\t<a href=\"https:\/\/lamp.glopss.com\/aff_c?offer_id=1062&#038;aff_id=1834&#038;url=https%3A%2F%2Ftheozencollection.com%2Fozenreserve-bolifushi%2F\" target=\"_self\" class=\"vc_single_image-wrapper   vc_box_border_grey\"><img loading=\"lazy\" decoding=\"async\" width=\"150\" height=\"150\" src=\"https:\/\/maldives-paradise.com\/wp-content\/uploads\/2024\/02\/zenReserveBolifushiI-reservewithSlide-400-150x150.jpg\" class=\"vc_single_image-img attachment-thumbnail\" alt=\"OZEN Reserve Bolifushi - \u00f6vervattensvilla med privat pool och rutschkana\" title=\"zenReserveBolifushiI-reservewithSlide-400\" \/><\/a>\n\t\t<\/figure>\n\t<\/div>\n<\/div><\/div><\/div><div class=\"wpb_column vc_column_container vc_col-sm-9\"><div class=\"vc_column-inner\"><div class=\"wpb_wrapper\">\n\t<div class=\"wpb_text_column wpb_content_element\" >\n\t\t<div class=\"wpb_wrapper\">\n\t\t\t<h4><a href=\"https:\/\/hotellook.tpo.lv\/TS7vvbhE\" target=\"_blank\" rel=\"nofollow noopener\">OZEN Reserve Bolifushi<\/a><\/h4>\n<p>En exklusiv \u00f6vervattensbostad med hisnande havsutsikt. Varje Ocean Pool RESERVE Sunset with Slide har en 35m2 privat infinitypool och d\u00e4ck, h\u00e4ngmattor \u00f6ver vattnet, ett avskilt strandd\u00e4ck och en 23 meter l\u00e5ng vattenrutschbana som slungar g\u00e4sterna direkt in i den skimrande azurbl\u00e5 Indiska oceanen.<\/p>\n\n\t\t<\/div>\n\t<\/div>\n<\/div><\/div><\/div><\/div><div class=\"vc_row wpb_row vc_row-fluid\"><div class=\"wpb_column vc_column_container vc_col-sm-3\"><div class=\"vc_column-inner\"><div class=\"wpb_wrapper\">\n\t<div  class=\"wpb_single_image wpb_content_element vc_align_left wpb_content_element\">\n\t\t\n\t\t<figure class=\"wpb_wrapper vc_figure\">\n\t\t\t<a href=\"https:\/\/lamp.glopss.com\/aff_c?offer_id=264&#038;aff_id=1834&#038;url=https%3A%2F%2Fwww.kudadoo.com%2F\" target=\"_self\" class=\"vc_single_image-wrapper   vc_box_border_grey\"><img loading=\"lazy\" decoding=\"async\" width=\"150\" height=\"150\" src=\"https:\/\/maldives-paradise.com\/wp-content\/uploads\/2024\/02\/Kudadoo-Villa-deck-Models-2_4000-150x150.jpg\" class=\"vc_single_image-img attachment-thumbnail\" alt=\"Kudadoo Maldivernas privata \u00f6\" title=\"Kudadoo-Villa-deck-Models-2_4000\" \/><\/a>\n\t\t<\/figure>\n\t<\/div>\n<\/div><\/div><\/div><div class=\"wpb_column vc_column_container vc_col-sm-9\"><div class=\"vc_column-inner\"><div class=\"wpb_wrapper\">\n\t<div class=\"wpb_text_column wpb_content_element\" >\n\t\t<div class=\"wpb_wrapper\">\n\t\t\t<h4><a href=\"https:\/\/lamp.glopss.com\/aff_c?offer_id=264&amp;aff_id=1834&amp;url=https%3A%2F%2Fwww.kudadoo.com%2F\" target=\"_blank\" rel=\"nofollow noopener\">Kudadoo Maldivernas privata \u00f6<\/a><\/h4>\n<p>Ocean Pool Residences p\u00e5 310 kvadratmeter har vidstr\u00e4ckta \u00f6vervattensd\u00e4ck, en privat infinitypool, massor av utomhuslounger och en h\u00e4ngsoffa. Dessa uts\u00f6kt designade privata lyxbost\u00e4der i Kudadoo har ett rymligt badrum med badkar, dusch och sminkomr\u00e5de. Exotiska och rena linjer med jordn\u00e4ra f\u00e4rger och naturliga material. <strong>Personlig Butler ing\u00e5r. Vad som helst, var som helst, n\u00e4r som helst.<\/strong><\/p>\n\n\t\t<\/div>\n\t<\/div>\n<\/div><\/div><\/div><\/div><div class=\"vc_row wpb_row vc_row-fluid\"><div class=\"wpb_column vc_column_container vc_col-sm-3\"><div class=\"vc_column-inner\"><div class=\"wpb_wrapper\">\n\t<div  class=\"wpb_single_image wpb_content_element vc_align_left wpb_content_element\">\n\t\t\n\t\t<figure class=\"wpb_wrapper vc_figure\">\n\t\t\t<a href=\"http:\/\/maldives-paradise.com\/sv\/soneva-jani\/\" target=\"_self\" class=\"vc_single_image-wrapper   vc_box_border_grey\"><img loading=\"lazy\" decoding=\"async\" width=\"150\" height=\"150\" src=\"https:\/\/maldives-paradise.com\/wp-content\/uploads\/2024\/02\/soneva-jani-over-water-villa-slide-400-150x150.jpg\" class=\"vc_single_image-img attachment-thumbnail\" alt=\"Soneva Jani \u00f6vervattensvilla med pool\" title=\"soneva-jani-\u00f6ver-vatten-villa-rutschbana-400\" \/><\/a>\n\t\t<\/figure>\n\t<\/div>\n<\/div><\/div><\/div><div class=\"wpb_column vc_column_container vc_col-sm-9\"><div class=\"vc_column-inner\"><div class=\"wpb_wrapper\">\n\t<div class=\"wpb_text_column wpb_content_element\" >\n\t\t<div class=\"wpb_wrapper\">\n\t\t\t<h4><a href=\"http:\/\/maldives-paradise.com\/sv\/soneva-jani\/\">Soneva Jani<\/a><\/h4>\n<p>Alla lyxiga \u00f6vervattens- och \u00f6-villor \u00e4r designade f\u00f6r att erbjuda maximalt utrymme, avskildhet och of\u00f6rgl\u00f6mlig utsikt. Med ett till fyra sovrum. 51 vattenvillor har alla privata pooler, vattenrutschbanor i lagunen och ett inf\u00e4llbart tak \u00f6ver sovrummet. V\u00e5ra sju \u00f6-villor ligger ett stenkast fr\u00e5n stranden, och inkluderar privata pooler och stora inomhus- och utomhusutrymmen.<\/p>\n\n\t\t<\/div>\n\t<\/div>\n<\/div><\/div><\/div><\/div><div class=\"vc_row wpb_row vc_row-fluid\"><div class=\"wpb_column vc_column_container vc_col-sm-3\"><div class=\"vc_column-inner\"><div class=\"wpb_wrapper\">\n\t<div  class=\"wpb_single_image wpb_content_element vc_align_left wpb_content_element\">\n\t\t\n\t\t<figure class=\"wpb_wrapper vc_figure\">\n\t\t\t<a href=\"https:\/\/lamp.glopss.com\/aff_c?offer_id=264&#038;aff_id=1834&#038;url=https%3A%2F%2Fwww.niyama.com%2F\" target=\"_self\" class=\"vc_single_image-wrapper   vc_box_border_grey\"><img loading=\"lazy\" decoding=\"async\" width=\"150\" height=\"150\" src=\"https:\/\/maldives-paradise.com\/wp-content\/uploads\/2024\/02\/niyama_maldives_water_pool_villa_guest_bedroom_with_ocean_view_400-150x150.jpg\" class=\"vc_single_image-img attachment-thumbnail\" alt=\"Niyama Private Island Maldiverna\" title=\"niyama_maldiverna_vattenpoolvilla_g\u00e4stsovrum_med_havsutsikt_400\" \/><\/a>\n\t\t<\/figure>\n\t<\/div>\n<\/div><\/div><\/div><div class=\"wpb_column vc_column_container vc_col-sm-9\"><div class=\"vc_column-inner\"><div class=\"wpb_wrapper\">\n\t<div class=\"wpb_text_column wpb_content_element\" >\n\t\t<div class=\"wpb_wrapper\">\n\t\t\t<h4><a href=\"https:\/\/lamp.glopss.com\/SHUv\" target=\"_blank\" rel=\"nofollow noopener\">Niyama Private Island Maldiverna<\/a><\/h4>\n<p>Lounge p\u00e5 det privata d\u00e4cket av din 190 kvm lyxiga vattenpoolvilla p\u00e5 Maldiverna och blicka ut \u00f6ver underverken i det kristallklara vattnet bortom. Svep av turkos, azurbl\u00e5 duk av himmel och hav innan du \u00e4r sk\u00e4l nog att motivera det b\u00e4sta valet f\u00f6r en Maldiverna poolvilla med butlerservice.<\/p>\n\n\t\t<\/div>\n\t<\/div>\n<\/div><\/div><\/div><\/div><div class=\"vc_row wpb_row vc_row-fluid\"><div class=\"wpb_column vc_column_container vc_col-sm-3\"><div class=\"vc_column-inner\"><div class=\"wpb_wrapper\">\n\t<div  class=\"wpb_single_image wpb_content_element vc_align_left wpb_content_element\">\n\t\t\n\t\t<figure class=\"wpb_wrapper vc_figure\">\n\t\t\t<a href=\"https:\/\/lamp.glopss.com\/aff_c?offer_id=1354&#038;aff_id=1834&#038;url=https%3A%2F%2Fwww.comohotels.com%2Fmaldives%2Fcomo-cocoa-island\" target=\"_self\" class=\"vc_single_image-wrapper   vc_box_border_grey\"><img loading=\"lazy\" decoding=\"async\" width=\"150\" height=\"150\" src=\"https:\/\/maldives-paradise.com\/wp-content\/uploads\/2024\/02\/COMO-Cocoa-South-Male-Maldives-10-400-150x150.jpg\" class=\"vc_single_image-img attachment-thumbnail\" alt=\"COMO Kakao\u00f6n\" title=\"COMO-Kakao-S\u00f6dra-Man-Maldiverna-10-400\" \/><\/a>\n\t\t<\/figure>\n\t<\/div>\n<\/div><\/div><\/div><div class=\"wpb_column vc_column_container vc_col-sm-9\"><div class=\"vc_column-inner\"><div class=\"wpb_wrapper\">\n\t<div class=\"wpb_text_column wpb_content_element\" >\n\t\t<div class=\"wpb_wrapper\">\n\t\t\t<h4><a href=\"https:\/\/lamp.glopss.com\/SHU8\" target=\"_blank\" rel=\"nofollow noopener\">COMO Kakao\u00f6n<\/a><\/h4>\n<p>Dessa vattenvillor med ett sovrum p\u00e5 125 m2 ligger i den \u00f6stra \u00e4nden av resorten, alla med en privat pool och ett d\u00e4ck omgiven av akvamarinhavet. Dedikerad butlerservice, privat pool, vidstr\u00e4ckt sold\u00e4ck med solstolar och matbord och avskilt l\u00e4ge p\u00e5 en privat brygga.<\/p>\n\n\t\t<\/div>\n\t<\/div>\n<\/div><\/div><\/div><\/div><div class=\"vc_row wpb_row vc_row-fluid\"><div class=\"wpb_column vc_column_container vc_col-sm-3\"><div class=\"vc_column-inner\"><div class=\"wpb_wrapper\">\n\t<div  class=\"wpb_single_image wpb_content_element vc_align_left wpb_content_element\">\n\t\t\n\t\t<figure class=\"wpb_wrapper vc_figure\">\n\t\t\t<a href=\"http:\/\/maldives-paradise.com\/sv\/nautilus-maldiverna\/\" target=\"_self\" class=\"vc_single_image-wrapper   vc_box_border_grey\"><img loading=\"lazy\" decoding=\"async\" width=\"150\" height=\"150\" src=\"https:\/\/maldives-paradise.com\/wp-content\/uploads\/2024\/02\/nautilus-over-water-villa-400-150x150.jpg\" class=\"vc_single_image-img attachment-thumbnail\" alt=\"Nautilus Maldiverna\" title=\"nautilus-\u00f6ver-vatten-villa-400\" \/><\/a>\n\t\t<\/figure>\n\t<\/div>\n<\/div><\/div><\/div><div class=\"wpb_column vc_column_container vc_col-sm-9\"><div class=\"vc_column-inner\"><div class=\"wpb_wrapper\">\n\t<div class=\"wpb_text_column wpb_content_element\" >\n\t\t<div class=\"wpb_wrapper\">\n\t\t\t<h4><a href=\"http:\/\/maldives-paradise.com\/sv\/nautilus-maldiverna\/\">Nautilus Maldiverna<\/a><\/h4>\n<p>Lyxiga havsvillor p\u00e5 282 kvm med privata pooler. Omfamna livet \u00f6ver vattnet i din alldeles egna villa i Maldiverna mitt i en turkos lagun. Ett sold\u00e4ck n\u00e5r ut till horisonten, med trappsteg som leder dig ner till lagunen, medan din egen privata infinitypool blandar sig med havets bl\u00e5toner. Njut av den intima avskildheten i en svit med ett sovrum f\u00f6r tv\u00e5. Privat butlerservice.<\/p>\n\n\t\t<\/div>\n\t<\/div>\n<\/div><\/div><\/div><\/div><div class=\"vc_row wpb_row vc_row-fluid\"><div class=\"wpb_column vc_column_container vc_col-sm-3\"><div class=\"vc_column-inner\"><div class=\"wpb_wrapper\">\n\t<div  class=\"wpb_single_image wpb_content_element vc_align_left wpb_content_element\">\n\t\t\n\t\t<figure class=\"wpb_wrapper vc_figure\">\n\t\t\t<a href=\"https:\/\/lamp.glopss.com\/aff_c?offer_id=261&#038;aff_id=1834\" target=\"_self\" class=\"vc_single_image-wrapper   vc_box_border_grey\"><img loading=\"lazy\" decoding=\"async\" width=\"150\" height=\"150\" src=\"https:\/\/maldives-paradise.com\/wp-content\/uploads\/2024\/02\/Milaidhoo-Water-Poolvilla-400-150x150.jpg\" class=\"vc_single_image-img attachment-thumbnail\" alt=\"Milaidhoo Island Maldiverna\" title=\"Milaidhoo-Water-Poolvilla-400\" \/><\/a>\n\t\t<\/figure>\n\t<\/div>\n<\/div><\/div><\/div><div class=\"wpb_column vc_column_container vc_col-sm-9\"><div class=\"vc_column-inner\"><div class=\"wpb_wrapper\">\n\t<div class=\"wpb_text_column wpb_content_element\" >\n\t\t<div class=\"wpb_wrapper\">\n\t\t\t<h4><a href=\"https:\/\/lamp.glopss.com\/SHUd\" target=\"_blank\" rel=\"nofollow noopener\">Milaidhoo Island Resort Maldiverna<\/a><\/h4>\n<p>Vattenvillor med privat pool, dessa rymliga 245 kvm villor med halmtak \u00e4r fridfulla och fulla av ljus, och \u00f6ppnar upp till ett enormt sold\u00e4ck som omfamnas av den rena luften fr\u00e5n en frisk havsbris. Sold\u00e4cket \u00e4r skapat runt en privat infinitypool p\u00e5 42 kvm med en sv\u00e4ngsoffa i maldivisk stil, solstolar, ett stort parasoll, ett matbord med stolar och en stor, skuggig dagb\u00e4dd. Trappsteg leder ner i lagunen f\u00f6r enkel tillg\u00e5ng till det n\u00e4rliggande korallrevet.<\/p>\n\n\t\t<\/div>\n\t<\/div>\n<\/div><\/div><\/div><\/div><div class=\"vc_row wpb_row vc_row-fluid\"><div class=\"wpb_column vc_column_container vc_col-sm-3\"><div class=\"vc_column-inner\"><div class=\"wpb_wrapper\">\n\t<div  class=\"wpb_single_image wpb_content_element vc_align_left wpb_content_element\">\n\t\t\n\t\t<figure class=\"wpb_wrapper vc_figure\">\n\t\t\t<a href=\"http:\/\/maldives-paradise.com\/sv\/gili-lankanfushi-maldiverna\/\" target=\"_self\" class=\"vc_single_image-wrapper   vc_box_border_grey\"><img loading=\"lazy\" decoding=\"async\" width=\"150\" height=\"150\" src=\"https:\/\/maldives-paradise.com\/wp-content\/uploads\/2024\/02\/gili-lankanfushiGLM_Old-Wing-Bathroom-400-150x150.jpg\" class=\"vc_single_image-img attachment-thumbnail\" alt=\"Gili Lankanfushi\" title=\"gili-lankanfushiGLM_Old-Wing-Badrum-400\" \/><\/a>\n\t\t<\/figure>\n\t<\/div>\n<\/div><\/div><\/div><div class=\"wpb_column vc_column_container vc_col-sm-9\"><div class=\"vc_column-inner\"><div class=\"wpb_wrapper\">\n\t<div class=\"wpb_text_column wpb_content_element\" >\n\t\t<div class=\"wpb_wrapper\">\n\t\t\t<h4><a href=\"http:\/\/maldives-paradise.com\/sv\/gili-lankanfushi-maldiverna\/\">Gili Lankanfushi<\/a><\/h4>\n<p>Over Water Villas p\u00e5 264 kvm. Ett ut\u00f6kat sold\u00e4ck parallellt med villan med en infinitypool, solstolar, tv\u00e5 dagb\u00e4ddar och katamarann\u00e4t med utsikt \u00f6ver den glittrande turkosa lagunen. Rymligt master bedroom med king size-s\u00e4ng och sch\u00e4slong. Herr fru. Fredagsjour dygnet runt.<\/p>\n\n\t\t<\/div>\n\t<\/div>\n<\/div><\/div><\/div><\/div><div class=\"vc_row wpb_row vc_row-fluid\"><div class=\"wpb_column vc_column_container vc_col-sm-3\"><div class=\"vc_column-inner\"><div class=\"wpb_wrapper\">\n\t<div  class=\"wpb_single_image wpb_content_element vc_align_left wpb_content_element\">\n\t\t\n\t\t<figure class=\"wpb_wrapper vc_figure\">\n\t\t\t<a href=\"http:\/\/maldives-paradise.com\/sv\/oneonly-reethi-rah-maldiverna\/\" target=\"_self\" class=\"vc_single_image-wrapper   vc_box_border_grey\"><img loading=\"lazy\" decoding=\"async\" width=\"150\" height=\"150\" src=\"https:\/\/maldives-paradise.com\/wp-content\/uploads\/2024\/02\/oneandonly-over-water-villa-400-150x150.jpg\" class=\"vc_single_image-img attachment-thumbnail\" alt=\"One&amp;Only Reethi Island\" title=\"oneandonly-over-water-villa-400\" \/><\/a>\n\t\t<\/figure>\n\t<\/div>\n<\/div><\/div><\/div><div class=\"wpb_column vc_column_container vc_col-sm-9\"><div class=\"vc_column-inner\"><div class=\"wpb_wrapper\">\n\t<div class=\"wpb_text_column wpb_content_element\" >\n\t\t<div class=\"wpb_wrapper\">\n\t\t\t<h4><a href=\"http:\/\/maldives-paradise.com\/sv\/oneonly-reethi-rah-maldiverna\/\">One&amp;Only Reethi Island<\/a><\/h4>\n<p>Vatten omger dig i v\u00e5ra sex ikoniska \u00f6vervattensvillor p\u00e5 202 kvm p\u00e5 Maldiverna. Din fantastiska privata infinitypool flyter ovanf\u00f6r den turkosa lagunen, med ett d\u00e4ck d\u00e4r du kan njuta av en plats att sola. Sovrummet i din vattenvilla med pool \u00e4r \u00f6ppet mot havet, medan ditt vardagsrum \u00e4r ljust, ljust och luftigt, och det h\u00f6ga badrummet avsl\u00f6jar en regnvattendusch samt ett badkar med djup botten.<\/p>\n\n\t\t<\/div>\n\t<\/div>\n<\/div><\/div><\/div><\/div><div class=\"vc_row wpb_row vc_row-fluid\"><div class=\"wpb_column vc_column_container vc_col-sm-3\"><div class=\"vc_column-inner\"><div class=\"wpb_wrapper\">\n\t<div  class=\"wpb_single_image wpb_content_element vc_align_left wpb_content_element\">\n\t\t\n\t\t<figure class=\"wpb_wrapper vc_figure\">\n\t\t\t<a href=\"http:\/\/maldives-paradise.com\/sv\/ritz-carlton-maldiverna\/\" target=\"_self\" class=\"vc_single_image-wrapper   vc_box_border_grey\"><img loading=\"lazy\" decoding=\"async\" width=\"150\" height=\"150\" src=\"https:\/\/maldives-paradise.com\/wp-content\/uploads\/2024\/02\/The-Ritz-Carlton-Maldives-Fari-Islands-Lagoon-Pool-Villa-400-150x150.jpg\" class=\"vc_single_image-img attachment-thumbnail\" alt=\"Ritz-Carlton Fari Island\" title=\"The-Ritz-Carlton-Maldiverna-Fari-\u00f6arna-Lagunen-Pool-Villa-400\" \/><\/a>\n\t\t<\/figure>\n\t<\/div>\n<\/div><\/div><\/div><div class=\"wpb_column vc_column_container vc_col-sm-9\"><div class=\"vc_column-inner\"><div class=\"wpb_wrapper\">\n\t<div class=\"wpb_text_column wpb_content_element\" >\n\t\t<div class=\"wpb_wrapper\">\n\t\t\t<h4><a href=\"http:\/\/maldives-paradise.com\/sv\/ritz-carlton-maldiverna\/\">Ritz-Carlton Fari Island<\/a><\/h4>\n<p>Bel\u00e4get ovanf\u00f6r azurbl\u00e5tt vatten eller inb\u00e4ddat l\u00e4ngs strandvikar, blandar villorna med 2 sovrum p\u00e5 350 kvm p\u00e5 The Ritz-Carlton Maldives, Fari Islands \u00f6liv med modern design. Varje villa suddar ut gr\u00e4nsen mellan inomhus och utomhus och erbjuder utsikt \u00f6ver vattnet, en infinitypool, ett sold\u00e4ck och uppm\u00e4rksamheten fr\u00e5n en Aris Meehas personliga butler.<\/p>\n\n\t\t<\/div>\n\t<\/div>\n<\/div><\/div><\/div><\/div><div class=\"vc_row wpb_row vc_row-fluid\"><div class=\"wpb_column vc_column_container vc_col-sm-3\"><div class=\"vc_column-inner\"><div class=\"wpb_wrapper\">\n\t<div  class=\"wpb_single_image wpb_content_element vc_align_left wpb_content_element\">\n\t\t\n\t\t<figure class=\"wpb_wrapper vc_figure\">\n\t\t\t<div class=\"vc_single_image-wrapper   vc_box_border_grey\"><img loading=\"lazy\" decoding=\"async\" width=\"150\" height=\"150\" src=\"https:\/\/maldives-paradise.com\/wp-content\/uploads\/2024\/02\/Patina-Maldives_Sunset-Water-Villa_Low-res_400-150x150.jpg\" class=\"vc_single_image-img attachment-thumbnail\" alt=\"Patina Maldiverna\" title=\"Patina-Maldiverna_Solnedg\u00e5ng-Vatten-Villa_L\u00e5guppl\u00f6sning_400\" \/><\/div>\n\t\t<\/figure>\n\t<\/div>\n<\/div><\/div><\/div><div class=\"wpb_column vc_column_container vc_col-sm-9\"><div class=\"vc_column-inner\"><div class=\"wpb_wrapper\">\n\t<div class=\"wpb_text_column wpb_content_element\" >\n\t\t<div class=\"wpb_wrapper\">\n\t\t\t<h4><a href=\"https:\/\/lamp.glopss.com\/aff_c?offer_id=1506&amp;aff_id=1834\" target=\"_blank\" rel=\"nofollow noopener\">Patina Maldiverna<\/a><\/h4>\n<p>Ett sovrum Sunset Water Pool Villa p\u00e5 170 kvm. Villor med ett sovrum i v\u00e4sterl\u00e4ge \u00f6ver vattnet med privat, rymligt utomhusd\u00e4ck och en privat 6,2 meter l\u00e5ng pool f\u00f6r att f\u00e5nga solnedg\u00e5ngens majest\u00e4t.<\/p>\n\n\t\t<\/div>\n\t<\/div>\n<\/div><\/div><\/div><\/div><div class=\"vc_row wpb_row vc_row-fluid\"><div class=\"wpb_column vc_column_container vc_col-sm-12\"><div class=\"vc_column-inner\"><div class=\"wpb_wrapper\">\n\t<div class=\"wpb_text_column wpb_content_element\" >\n\t\t<div class=\"wpb_wrapper\">\n\t\t\t<p><a href=\"http:\/\/maldives-paradise.com\/sv\/marka\/over-vatten-villor\/\"><strong>Mer om Over Water Villa Hotels and Resorts p\u00e5 Maldiverna<\/strong><\/a><\/p>\n<p><strong><a title=\"De 12 b\u00e4sta lyxresorterna p\u00e5 Maldiverna\" href=\"https:\/\/maldives-paradise.com\/sv\/de-12-basta-lyxresorterna-i-maldiverna\/\">De b\u00e4sta lyxresorterna p\u00e5 Maldiverna<\/a><\/strong><\/p>\n\n\t\t<\/div>\n\t<\/div>\n<\/div><\/div><\/div><\/div>\n<\/div>","protected":false},"excerpt":{"rendered":"<div class=\"mh-excerpt\"><\/div>","protected":false},"author":1,"featured_media":11056,"parent":0,"menu_order":0,"comment_status":"closed","ping_status":"closed","template":"","meta":{"footnotes":""},"class_list":["post-11055","page","type-page","status-publish","has-post-thumbnail"],"aioseo_notices":[],"_links":{"self":[{"href":"http:\/\/maldives-paradise.com\/sv\/wp-json\/wp\/v2\/pages\/11055","targetHints":{"allow":["GET"]}}],"collection":[{"href":"http:\/\/maldives-paradise.com\/sv\/wp-json\/wp\/v2\/pages"}],"about":[{"href":"http:\/\/maldives-paradise.com\/sv\/wp-json\/wp\/v2\/types\/page"}],"author":[{"embeddable":true,"href":"http:\/\/maldives-paradise.com\/sv\/wp-json\/wp\/v2\/users\/1"}],"replies":[{"embeddable":true,"href":"http:\/\/maldives-paradise.com\/sv\/wp-json\/wp\/v2\/comments?post=11055"}],"version-history":[{"count":7,"href":"http:\/\/maldives-paradise.com\/sv\/wp-json\/wp\/v2\/pages\/11055\/revisions"}],"predecessor-version":[{"id":45312,"href":"http:\/\/maldives-paradise.com\/sv\/wp-json\/wp\/v2\/pages\/11055\/revisions\/45312"}],"wp:featuredmedia":[{"embeddable":true,"href":"http:\/\/maldives-paradise.com\/sv\/wp-json\/wp\/v2\/media\/11056"}],"wp:attachment":[{"href":"http:\/\/maldives-paradise.com\/sv\/wp-json\/wp\/v2\/media?parent=11055"}],"curies":[{"name":"wp","href":"https:\/\/api.w.org\/{rel}","templated":true}]}}