{"id":10577,"date":"2024-02-12T20:10:16","date_gmt":"2024-02-12T20:10:16","guid":{"rendered":"http:\/\/maldives-paradise.com\/?page_id=10577"},"modified":"2025-10-15T13:33:18","modified_gmt":"2025-10-15T13:33:18","slug":"sasongens-paradis","status":"publish","type":"page","link":"http:\/\/maldives-paradise.com\/sv\/sasongens-paradis\/","title":{"rendered":"S\u00e4song Paradise"},"content":{"rendered":"<div class=\"wpb-content-wrapper\"><div class=\"vc_row wpb_row vc_row-fluid\"><div class=\"wpb_column vc_column_container vc_col-sm-12\"><div class=\"vc_column-inner\"><div class=\"wpb_wrapper\">\n\t<div class=\"wpb_text_column wpb_content_element\" >\n\t\t<div class=\"wpb_wrapper\">\n\t\t\t<h3>Utforska de b\u00e4sta funktionerna i Season Paradise Resort p\u00e5 Maldiverna<\/h3>\n\n\t\t<\/div>\n\t<\/div>\n<\/div><\/div><\/div><\/div><div class=\"vc_row wpb_row vc_row-fluid\"><div class=\"wpb_column vc_column_container vc_col-sm-12\"><div class=\"vc_column-inner\"><div class=\"wpb_wrapper\">\n\t<div class=\"wpb_video_widget wpb_content_element vc_clearfix   vc_video-aspect-ratio-169 vc_video-el-width-100 vc_video-align-left\" >\n\t\t<div class=\"wpb_wrapper\">\n\t\t\t\n\t\t\t<div class=\"wpb_video_wrapper\"><iframe loading=\"lazy\" title=\"Season Paradise, dr\u00f6mresm\u00e5l p\u00e5 Maldiverna\" width=\"500\" height=\"281\" src=\"https:\/\/www.youtube.com\/embed\/lrFeMMiDh-w?feature=oembed\" frameborder=\"0\" allow=\"accelerometer; autoplay; clipboard-write; encrypted-media; gyroscope; picture-in-picture; web-share\" allowfullscreen><\/iframe><\/div>\n\t\t<\/div>\n\t<\/div>\n<\/div><\/div><\/div><\/div><div class=\"vc_row wpb_row vc_row-fluid\"><div class=\"wpb_column vc_column_container vc_col-sm-12\"><div class=\"vc_column-inner\"><div class=\"wpb_wrapper\">\n\t<div class=\"wpb_text_column wpb_content_element\" >\n\t\t<div class=\"wpb_wrapper\">\n\t\t\t<p>Season Paradise, en fridfull och lyxig resort i hj\u00e4rtat av Maldiverna. Season Paradise ligger p\u00e5 \u00f6n Thulusdhoo i norra Mal\u00e9-atollen och erbjuder kr\u00e4sna resen\u00e4rer en idyllisk flykt till paradiset. Fr\u00e5n or\u00f6rda str\u00e4nder till bekv\u00e4mligheter i v\u00e4rldsklass, l\u00e5t oss f\u00f6rdjupa oss i de b\u00e4sta funktionerna som g\u00f6r Season Paradise Resort till ett m\u00e5ste att bes\u00f6ka.<\/p>\n<p><strong>Boende:<\/strong><br \/>\nSeason Paradise har en rad lyxiga boenden utformade f\u00f6r att tillgodose alla preferenser och budgetar. Fr\u00e5n rymliga villor vid stranden till eleganta bungalower \u00f6ver vattnet, alla rum \u00e4r elegant inredda med moderna bekv\u00e4mligheter och erbjuder fantastisk utsikt \u00f6ver havet eller lummiga tropiska tr\u00e4dg\u00e5rdar. Med elegant modern design och lyxiga m\u00f6bler kan g\u00e4sterna njuta av o\u00f6vertr\u00e4ffad komfort och avkoppling under hela vistelsen.<\/p>\n<p><strong>Uts\u00f6kta matupplevelser:<\/strong><br \/>\nAtt \u00e4ta p\u00e5 Season Paradise \u00e4r en kulinarisk njutning, med en m\u00e4ngd olika restauranger och barer som erbjuder en rad l\u00e4ckra r\u00e4tter och uppfriskande drycker. Fr\u00e5n internationella r\u00e4tter till lokala maldiviska specialiteter kan g\u00e4sterna njuta av en m\u00e4ngd olika smaker och kulinariska upplevelser. Oavsett om du njuter av en romantisk middag vid stranden eller provar exotiska cocktails i solnedg\u00e5ngen, utlovar resortens matst\u00e4llen en of\u00f6rgl\u00f6mlig gastronomisk resa.<\/p>\n<p><strong>Spektakul\u00e4ra vattenaktiviteter:<\/strong><br \/>\nWith its crystal-clear lagoons and vibrant coral reefs, <a href=\"https:\/\/trip.tpo.lv\/vzcwRmRF\" target=\"_blank\" rel=\"noopener sponsored\"><strong>S\u00e4song Paradise<\/strong><\/a> is a haven for water sports enthusiasts. Guests can snorkel amidst colorful marine life, dive to explore underwater caves and shipwrecks, or simply relax on the pristine beaches and soak up the tropical sun. For adrenaline seekers, the resort offers a variety of thrilling activities such as jet-skiing, parasailing, and windsurfing, ensuring endless excitement and adventure.<\/p>\n<p><strong>Avkoppling och v\u00e4lbefinnande:<\/strong><br \/>\nSeason Paradise \u00e4r dedikerade till att s\u00e4kerst\u00e4lla g\u00e4sternas avkoppling och v\u00e4lbefinnande med sitt utbud av h\u00e4lsofaciliteter och spatj\u00e4nster. Anl\u00e4ggningens spa erbjuder en fristad av lugn och f\u00f6ryngring, med en m\u00e4ngd olika holistiska behandlingar och massage inspirerade av traditionella maldiviska helande ritualer. G\u00e4sterna kan ocks\u00e5 njuta av yogasessioner p\u00e5 stranden, meditationskurser och h\u00e4lsoverkst\u00e4der f\u00f6r att lugna sinne, kropp och sj\u00e4l.<\/p>\n<p><strong>Utforskning av \u00f6ar och kulturella upplevelser:<\/strong><br \/>\nBortom resorten erbjuder Season Paradise g\u00e4sterna m\u00f6jlighet att utforska Maldivernas naturliga sk\u00f6nhet och kulturarv. Fr\u00e5n guidade \u00f6-turer till bes\u00f6k i lokala byar, g\u00e4sterna kan f\u00f6rdjupa sig i den rika gobel\u00e4ngen av det maldiviska livet och skapa of\u00f6rgl\u00f6mliga minnen. Anl\u00e4ggningen anordnar \u00e4ven solnedg\u00e5ngskryssningar, delfinsk\u00e5dningsutflykter och traditionella maldiviska matlagningskurser, s\u00e5 att g\u00e4sterna kan uppleva Maldivernas autentiska charm.<\/p>\n<p><strong>Familjev\u00e4nliga bekv\u00e4mligheter:<\/strong><br \/>\nSeason Paradise \u00e4r den perfekta destinationen f\u00f6r familjer, med en rad bekv\u00e4mligheter och aktiviteter utformade f\u00f6r att tillgodose g\u00e4ster i alla \u00e5ldrar. Anl\u00e4ggningen har en barnklubb som erbjuder \u00f6vervakade aktiviteter och spel, samt ett s\u00e4rskilt poolomr\u00e5de d\u00e4r barnen kan plaska och leka. Med rymligt familjev\u00e4nligt boende och speciella matmenyer f\u00f6r barn garanterar Season Paradise en minnesv\u00e4rd semester f\u00f6r hela familjen.<\/p>\n<p><strong>Oklanderlig service:<\/strong><br \/>\nP\u00e5 Season Paradise bjuds g\u00e4sterna p\u00e5 de h\u00f6gsta standarderna f\u00f6r g\u00e4stfrihet och personlig service. Anl\u00e4ggningens uppm\u00e4rksamma personal g\u00f6r allt f\u00f6r att s\u00e4kerst\u00e4lla att alla aspekter av g\u00e4sternas vistelse \u00e4r felfri, fr\u00e5n att arrangera utflykter till att f\u00f6rutse alla deras behov. Med varm maldivisk g\u00e4stfrihet och uppm\u00e4rksamhet p\u00e5 detaljer skapar Season Paradise en verkligt of\u00f6rgl\u00f6mlig upplevelse f\u00f6r alla som bes\u00f6ker.<\/p>\n<p>Sammanfattningsvis erbjuder Season Paradise Resort en lyxig tillflyktsort i en av v\u00e4rldens mest hisnande destinationer. Med sitt lyxiga boende, uts\u00f6kta matupplevelser, spektakul\u00e4ra vattenaktiviteter och oklanderlig service utlovar resorten en of\u00f6rgl\u00f6mlig flykt till paradiset f\u00f6r kr\u00e4sna resen\u00e4rer som s\u00f6ker den ultimata maldiviska upplevelsen. Oavsett om de s\u00f6ker avkoppling, \u00e4ventyr eller kulturell f\u00f6rdjupning, \u00e4r g\u00e4sterna inbjudna att omfamna Season Paradises magi och skapa minnen f\u00f6r livet.<\/p>\n\n\t\t<\/div>\n\t<\/div>\n<\/div><\/div><\/div><\/div><div class=\"vc_row wpb_row vc_row-fluid\"><div class=\"wpb_column vc_column_container vc_col-sm-12\"><div class=\"vc_column-inner\"><div class=\"wpb_wrapper\">\n\t<div class=\"wpb_text_column wpb_content_element\" >\n\t\t<div class=\"wpb_wrapper\">\n\t\t\t<h3><a title=\"S\u00e4song Paradise\" href=\"https:\/\/trip.tpo.lv\/vzcwRmRF\" target=\"blanc2\" rel=\"nofollow\">Kontrollera tillg\u00e4nglighet och b\u00e4sta pris p\u00e5 Season Paradise h\u00e4r &gt;&gt;<\/a><\/h3>\n\n\t\t<\/div>\n\t<\/div>\n<\/div><\/div><\/div><\/div>\n<\/div>","protected":false},"excerpt":{"rendered":"<div class=\"mh-excerpt\"><\/div>","protected":false},"author":1,"featured_media":10578,"parent":0,"menu_order":0,"comment_status":"closed","ping_status":"closed","template":"","meta":{"footnotes":""},"class_list":["post-10577","page","type-page","status-publish","has-post-thumbnail"],"aioseo_notices":[],"_links":{"self":[{"href":"http:\/\/maldives-paradise.com\/sv\/wp-json\/wp\/v2\/pages\/10577","targetHints":{"allow":["GET"]}}],"collection":[{"href":"http:\/\/maldives-paradise.com\/sv\/wp-json\/wp\/v2\/pages"}],"about":[{"href":"http:\/\/maldives-paradise.com\/sv\/wp-json\/wp\/v2\/types\/page"}],"author":[{"embeddable":true,"href":"http:\/\/maldives-paradise.com\/sv\/wp-json\/wp\/v2\/users\/1"}],"replies":[{"embeddable":true,"href":"http:\/\/maldives-paradise.com\/sv\/wp-json\/wp\/v2\/comments?post=10577"}],"version-history":[{"count":4,"href":"http:\/\/maldives-paradise.com\/sv\/wp-json\/wp\/v2\/pages\/10577\/revisions"}],"predecessor-version":[{"id":43703,"href":"http:\/\/maldives-paradise.com\/sv\/wp-json\/wp\/v2\/pages\/10577\/revisions\/43703"}],"wp:featuredmedia":[{"embeddable":true,"href":"http:\/\/maldives-paradise.com\/sv\/wp-json\/wp\/v2\/media\/10578"}],"wp:attachment":[{"href":"http:\/\/maldives-paradise.com\/sv\/wp-json\/wp\/v2\/media?parent=10577"}],"curies":[{"name":"wp","href":"https:\/\/api.w.org\/{rel}","templated":true}]}}