{"id":10441,"date":"2024-02-10T09:59:44","date_gmt":"2024-02-10T09:59:44","guid":{"rendered":"http:\/\/maldives-paradise.com\/?page_id=10441"},"modified":"2024-09-14T08:23:27","modified_gmt":"2024-09-14T08:23:27","slug":"internationella-flygningar-till-maldiverna","status":"publish","type":"page","link":"http:\/\/maldives-paradise.com\/sv\/internationella-flygningar-till-maldiverna\/","title":{"rendered":"Internationella flyg till Maldiverna"},"content":{"rendered":"<div class=\"wpb-content-wrapper\"><div class=\"vc_row wpb_row vc_row-fluid\"><div class=\"wpb_column vc_column_container vc_col-sm-12\"><div class=\"vc_column-inner\"><div class=\"wpb_wrapper\">\n\t<div class=\"wpb_text_column wpb_content_element\" >\n\t\t<div class=\"wpb_wrapper\">\n\t\t\t<h3>Internationella flyg Ankomst till Mal\u00e9s internationella flygplats, Maldiverna<\/h3>\n\n\t\t<\/div>\n\t<\/div>\n<\/div><\/div><\/div><\/div><div class=\"vc_row wpb_row vc_row-fluid\"><div class=\"wpb_column vc_column_container vc_col-sm-12\"><div class=\"vc_column-inner\"><div class=\"wpb_wrapper\">\n\t<div  class=\"wpb_single_image wpb_content_element vc_align_left wpb_content_element\">\n\t\t\n\t\t<figure class=\"wpb_wrapper vc_figure\">\n\t\t\t<div class=\"vc_single_image-wrapper   vc_box_border_grey\"><img loading=\"lazy\" decoding=\"async\" width=\"800\" height=\"533\" src=\"https:\/\/maldives-paradise.com\/wp-content\/uploads\/2024\/02\/Emirates-plane-5855534_1280.jpg\" class=\"vc_single_image-img attachment-full\" alt=\"Emirates flygbolag\" title=\"Emirates-plan-5855534_1280\" srcset=\"https:\/\/maldives-paradise.com\/wp-content\/uploads\/2024\/02\/Emirates-plane-5855534_1280.jpg 800w, https:\/\/maldives-paradise.com\/wp-content\/uploads\/2024\/02\/Emirates-plane-5855534_1280-300x200.jpg 300w, https:\/\/maldives-paradise.com\/wp-content\/uploads\/2024\/02\/Emirates-plane-5855534_1280-768x512.jpg 768w, https:\/\/maldives-paradise.com\/wp-content\/uploads\/2024\/02\/Emirates-plane-5855534_1280-18x12.jpg 18w, https:\/\/maldives-paradise.com\/wp-content\/uploads\/2024\/02\/Emirates-plane-5855534_1280-500x333.jpg 500w\" sizes=\"auto, (max-width: 800px) 100vw, 800px\" \/><\/div>\n\t\t<\/figure>\n\t<\/div>\n<\/div><\/div><\/div><\/div><div class=\"vc_row wpb_row vc_row-fluid\"><div class=\"wpb_column vc_column_container vc_col-sm-12\"><div class=\"vc_column-inner\"><div class=\"wpb_wrapper\">\n\t<div class=\"wpb_text_column wpb_content_element\" >\n\t\t<div class=\"wpb_wrapper\">\n\t\t\t<p>Mal\u00e9 International Airport, \u00e4ven k\u00e4nd som Velana International Airport ligger p\u00e5 \u00f6n Hulhul\u00e9, bredvid huvudstaden Mal\u00e9 p\u00e5 Maldiverna, och fungerar som den prim\u00e4ra ink\u00f6rsporten till Maldiverna.<\/p>\n<p>Maldiverna v\u00e4lkomnar bes\u00f6kare fr\u00e5n olika h\u00f6rn av v\u00e4rlden. Internationella flyg till Mal\u00e9s internationella flygplats kommer fr\u00e5n stora knutpunkter som Dubai, Doha, Abu Dhabi, Singapore, Istanbul, Moskva och Kuala Lumpur. Flygbolag som Emirates, Qatar Airways, Etihad, Singapore Airlines, Turkish Airlines, Aeroflot och Malaysia Airlines flyger ofta till detta tropiska paradis. Hong Kong Airlines har ocks\u00e5 nyligen \u00f6ppnat ett direktflyg fr\u00e5n Hong Kong.<\/p>\n<p>Dessa internationella flyg tar resen\u00e4rer till Mal\u00e9s internationella flygplats. \u00c4ven om flygplatsen \u00e4r relativt liten i storlek, erbjuder moderna faciliteter och tj\u00e4nster som tillgodoser behoven hos inkommande passagerare. Fr\u00e5n taxfreebutiker som erbjuder souvenirer och lyxvaror till restauranger som serverar uts\u00f6kt maldiviskt k\u00f6k, resen\u00e4rer kan f\u00f6rdjupa sig i den lokala kulturen redan innan de kliver in p\u00e5 \u00f6arna.<\/p>\n<p>Vid ankomsten m\u00f6ts passagerarna av det maldiviska folkets varma g\u00e4stfrihet och den hisnande utsikten \u00f6ver det kristallklara turkosa vattnet som omger flygplatsen. Transfer till de olika orterna p\u00e5 \u00f6n ordnas vanligtvis med motorb\u00e5t eller sj\u00f6flygplan, vilket ger en sp\u00e4nning till resan.<\/p>\n<p>Maldivernas popularitet som turistm\u00e5l har sett en stadig \u00f6kning av internationella ankomster under \u00e5ren. F\u00f6re den globala pandemin registrerade Mal\u00e9 International Airport \u00f6ver 4 miljoner passagerare \u00e5rligen, med majoriteten av resen\u00e4rerna fr\u00e5n Europa, Asien och Mellan\u00f6stern. Medan reserestriktioner under 2020 och 2021 ledde till en tillf\u00e4llig minskning av passagerarantalet, har Maldiverna gradvis \u00f6ppnat sina gr\u00e4nser igen och v\u00e4lkomnat tillbaka internationella bes\u00f6kare med f\u00f6rb\u00e4ttrade s\u00e4kerhets\u00e5tg\u00e4rder p\u00e5 plats.<\/p>\n<p>Emirates Airline har flera flyg fr\u00e5n Dubai till Mal\u00e9 varje dag. S\u00f6k flyg p\u00e5 <a href=\"https:\/\/lamp.glopss.com\/aff_c?offer_id=199&amp;aff_id=1834\" target=\"_blank\" rel=\"nofollow noopener\">Emirates h\u00e4r<\/a>.<\/p>\n\n\t\t<\/div>\n\t<\/div>\n<\/div><\/div><\/div><\/div><div class=\"vc_row wpb_row vc_row-fluid\"><div class=\"wpb_column vc_column_container vc_col-sm-12\"><div class=\"vc_column-inner\"><div class=\"wpb_wrapper\">\n\t<div class=\"wpb_text_column wpb_content_element\" >\n\t\t<div class=\"wpb_wrapper\">\n\t\t\t<h3><a href=\"http:\/\/maldives-paradise.com\/sv\/2024\/02\/flyg\/\">S\u00f6k efter alla flyg till Maldiverna h\u00e4r &gt;&gt;<\/a><\/h3>\n\n\t\t<\/div>\n\t<\/div>\n<\/div><\/div><\/div><\/div>\n<\/div>","protected":false},"excerpt":{"rendered":"<div class=\"mh-excerpt\"><\/div>","protected":false},"author":1,"featured_media":10442,"parent":0,"menu_order":0,"comment_status":"closed","ping_status":"closed","template":"","meta":{"footnotes":""},"class_list":["post-10441","page","type-page","status-publish","has-post-thumbnail"],"aioseo_notices":[],"_links":{"self":[{"href":"http:\/\/maldives-paradise.com\/sv\/wp-json\/wp\/v2\/pages\/10441","targetHints":{"allow":["GET"]}}],"collection":[{"href":"http:\/\/maldives-paradise.com\/sv\/wp-json\/wp\/v2\/pages"}],"about":[{"href":"http:\/\/maldives-paradise.com\/sv\/wp-json\/wp\/v2\/types\/page"}],"author":[{"embeddable":true,"href":"http:\/\/maldives-paradise.com\/sv\/wp-json\/wp\/v2\/users\/1"}],"replies":[{"embeddable":true,"href":"http:\/\/maldives-paradise.com\/sv\/wp-json\/wp\/v2\/comments?post=10441"}],"version-history":[{"count":3,"href":"http:\/\/maldives-paradise.com\/sv\/wp-json\/wp\/v2\/pages\/10441\/revisions"}],"predecessor-version":[{"id":10968,"href":"http:\/\/maldives-paradise.com\/sv\/wp-json\/wp\/v2\/pages\/10441\/revisions\/10968"}],"wp:featuredmedia":[{"embeddable":true,"href":"http:\/\/maldives-paradise.com\/sv\/wp-json\/wp\/v2\/media\/10442"}],"wp:attachment":[{"href":"http:\/\/maldives-paradise.com\/sv\/wp-json\/wp\/v2\/media?parent=10441"}],"curies":[{"name":"wp","href":"https:\/\/api.w.org\/{rel}","templated":true}]}}