{"id":10419,"date":"2024-02-10T08:24:19","date_gmt":"2024-02-10T08:24:19","guid":{"rendered":"http:\/\/maldives-paradise.com\/?page_id=10419"},"modified":"2025-02-21T07:28:15","modified_gmt":"2025-02-21T07:28:15","slug":"4-stjarniga-hotellresorter-i-maldiverna-3","status":"publish","type":"page","link":"http:\/\/maldives-paradise.com\/sv\/4-stjarniga-hotellresorter-i-maldiverna-3\/","title":{"rendered":"4-stj\u00e4rniga hotell och resorter i Maldiverna 3"},"content":{"rendered":"<div class=\"wpb-content-wrapper\"><div class=\"vc_row wpb_row vc_row-fluid\"><div class=\"wpb_column vc_column_container vc_col-sm-12\"><div class=\"vc_column-inner\"><div class=\"wpb_wrapper\">\n\t<div class=\"wpb_text_column wpb_content_element\" >\n\t\t<div class=\"wpb_wrapper\">\n\t\t\t<h3>Ett urval av 4-stj\u00e4rniga hotell och resorter p\u00e5 Maldiverna<\/h3>\n<p>Maldiverna \u00e4r hem f\u00f6r m\u00e5nga <strong data-start=\"82\" data-end=\"111\">4-stj\u00e4rniga hotell och resorter<\/strong>, erbjuder en perfekt balans mellan <strong data-start=\"143\" data-end=\"181\">lyx, komfort och prisv\u00e4rdhet<\/strong>. Dessa orter tillhandah\u00e5ller <strong data-start=\"205\" data-end=\"282\">fantastiska villor vid stranden, bungalower \u00f6ver vattnet och utm\u00e4rkta faciliteter<\/strong>, Inklusive <strong data-start=\"294\" data-end=\"338\">pooler, spa och flera matst\u00e4llen<\/strong>.<\/p>\n\n\t\t<\/div>\n\t<\/div>\n<\/div><\/div><\/div><\/div><div class=\"vc_row wpb_row vc_row-fluid\"><div class=\"wpb_column vc_column_container vc_col-sm-3\"><div class=\"vc_column-inner\"><div class=\"wpb_wrapper\">\n\t<div  class=\"wpb_single_image wpb_content_element vc_align_left wpb_content_element\">\n\t\t\n\t\t<figure class=\"wpb_wrapper vc_figure\">\n\t\t\t<a href=\"http:\/\/maldives-paradise.com\/sv\/mercure-maldiverna-kooddoo-resort\/\" target=\"_self\" class=\"vc_single_image-wrapper   vc_box_border_grey\"><img loading=\"lazy\" decoding=\"async\" width=\"150\" height=\"150\" src=\"https:\/\/maldives-paradise.com\/wp-content\/uploads\/2024\/02\/mercure-1-150x150.jpg\" class=\"vc_single_image-img attachment-thumbnail\" alt=\"Mercure Maldives Kooddoo Resort\" title=\"mercure\" \/><\/a>\n\t\t<\/figure>\n\t<\/div>\n<\/div><\/div><\/div><div class=\"wpb_column vc_column_container vc_col-sm-9\"><div class=\"vc_column-inner\"><div class=\"wpb_wrapper\">\n\t<div class=\"wpb_text_column wpb_content_element\" >\n\t\t<div class=\"wpb_wrapper\">\n\t\t\t<h4><a href=\"http:\/\/maldives-paradise.com\/sv\/mercure-maldiverna-kooddoo-resort\/\">Mercure Maldives Kooddoo Resort<\/a><\/h4>\n<p>Mercure Maldives Kooddoo Resort \u00e4r en tropisk fristad som utlovar en extraordin\u00e4r tillflyktsort. Dess avl\u00e4gset l\u00e4ge, bekv\u00e4ma boende, m\u00e5ngsidiga k\u00f6ket och h\u00e4ngivenhet f\u00f6r h\u00e5llbarhet g\u00f6r det till det perfekta valet f\u00f6r resen\u00e4rer som s\u00f6ker avkoppling och \u00e4ventyr.<\/p>\n\n\t\t<\/div>\n\t<\/div>\n<\/div><\/div><\/div><\/div><div class=\"vc_row wpb_row vc_row-fluid\"><div class=\"wpb_column vc_column_container vc_col-sm-3\"><div class=\"vc_column-inner\"><div class=\"wpb_wrapper\">\n\t<div  class=\"wpb_single_image wpb_content_element vc_align_left wpb_content_element\">\n\t\t\n\t\t<figure class=\"wpb_wrapper vc_figure\">\n\t\t\t<a href=\"http:\/\/maldives-paradise.com\/sv\/nakai-alimatha-resort-maldiverna\/\" target=\"_self\" class=\"vc_single_image-wrapper   vc_box_border_grey\"><img loading=\"lazy\" decoding=\"async\" width=\"150\" height=\"150\" src=\"https:\/\/maldives-paradise.com\/wp-content\/uploads\/2024\/02\/Nakai-Resort-Maldive-alimatha-Over-Water-1-150x150.jpg\" class=\"vc_single_image-img attachment-thumbnail\" alt=\"Nakai Alimatha Resort\" title=\"Nakai-Resort-Maldiven-alimatha-\u00d6ver-vatten\" \/><\/a>\n\t\t<\/figure>\n\t<\/div>\n<\/div><\/div><\/div><div class=\"wpb_column vc_column_container vc_col-sm-9\"><div class=\"vc_column-inner\"><div class=\"wpb_wrapper\">\n\t<div class=\"wpb_text_column wpb_content_element\" >\n\t\t<div class=\"wpb_wrapper\">\n\t\t\t<h4><a href=\"http:\/\/maldives-paradise.com\/sv\/nakai-alimatha-resort-maldiverna\/\">Nakai Alimatha Resort<\/a><\/h4>\n<p>Maldiverna, k\u00e4nda f\u00f6r sina or\u00f6rda str\u00e4nder och pulserande marint liv, \u00e4r en dr\u00f6mdestination f\u00f6r resen\u00e4rer som s\u00f6ker den perfekta tropiska flykten. Mitt i denna hisnande sk\u00e4rg\u00e5rd ligger <strong>Nakai Alimat\u00e0 Resort<\/strong>, en dold p\u00e4rla som erbjuder en distinkt blandning av avkoppling, \u00e4ventyr och maldivisk charm.<\/p>\n\n\t\t<\/div>\n\t<\/div>\n<\/div><\/div><\/div><\/div><div class=\"vc_row wpb_row vc_row-fluid\"><div class=\"wpb_column vc_column_container vc_col-sm-3\"><div class=\"vc_column-inner\"><div class=\"wpb_wrapper\">\n\t<div  class=\"wpb_single_image wpb_content_element vc_align_left wpb_content_element\">\n\t\t\n\t\t<figure class=\"wpb_wrapper vc_figure\">\n\t\t\t<a href=\"http:\/\/maldives-paradise.com\/sv\/oblu-natur-helengeli-av-sentido\/\" target=\"_self\" class=\"vc_single_image-wrapper   vc_box_border_grey\"><img loading=\"lazy\" decoding=\"async\" width=\"150\" height=\"150\" src=\"https:\/\/maldives-paradise.com\/wp-content\/uploads\/2024\/02\/OBLU-Helengeli-Maldives-400px-1-150x150.jpg\" class=\"vc_single_image-img attachment-thumbnail\" alt=\"OBLU NATURE Helengeli av SENTIDO\" title=\"OBLU-Helengeli-Maldiverna-400px\" \/><\/a>\n\t\t<\/figure>\n\t<\/div>\n<\/div><\/div><\/div><div class=\"wpb_column vc_column_container vc_col-sm-9\"><div class=\"vc_column-inner\"><div class=\"wpb_wrapper\">\n\t<div class=\"wpb_text_column wpb_content_element\" >\n\t\t<div class=\"wpb_wrapper\">\n\t\t\t<h4><a href=\"http:\/\/maldives-paradise.com\/sv\/oblu-natur-helengeli-av-sentido\/\">OBLU NATURE Helengeli av SENTIDO<\/a><\/h4>\n<p>OBLU NATURE Helengeli av SENTIDO framst\u00e5r som en exceptionell oas som erbjuder en unik blandning av lyx, naturlig sk\u00f6nhet och autentisk maldivisk charm.<\/p>\n\n\t\t<\/div>\n\t<\/div>\n<\/div><\/div><\/div><\/div><div class=\"vc_row wpb_row vc_row-fluid\"><div class=\"wpb_column vc_column_container vc_col-sm-3\"><div class=\"vc_column-inner\"><div class=\"wpb_wrapper\">\n\t<div  class=\"wpb_single_image wpb_content_element vc_align_left wpb_content_element\">\n\t\t\n\t\t<figure class=\"wpb_wrapper vc_figure\">\n\t\t\t<a href=\"http:\/\/maldives-paradise.com\/sv\/oblu-xupplev-ailafushi-maldiverna\/\" target=\"_self\" class=\"vc_single_image-wrapper   vc_box_border_grey\"><img loading=\"lazy\" decoding=\"async\" width=\"150\" height=\"150\" src=\"https:\/\/maldives-paradise.com\/wp-content\/uploads\/2024\/02\/oblu-xperience-400px-1-150x150.jpg\" class=\"vc_single_image-img attachment-thumbnail\" alt=\"OBLU XPERIENCE Ailafushi\" title=\"oblu-xperience-400px\" \/><\/a>\n\t\t<\/figure>\n\t<\/div>\n<\/div><\/div><\/div><div class=\"wpb_column vc_column_container vc_col-sm-9\"><div class=\"vc_column-inner\"><div class=\"wpb_wrapper\">\n\t<div class=\"wpb_text_column wpb_content_element\" >\n\t\t<div class=\"wpb_wrapper\">\n\t\t\t<h4><a href=\"http:\/\/maldives-paradise.com\/sv\/oblu-xupplev-ailafushi-maldiverna\/\">OBLU XPERIENCE Ailafushi<\/a><\/h4>\n<p>OBLU XPERIENCE Ailafushi \u00e4r ett tropiskt paradis som utlovar en extraordin\u00e4r tillflyktsort. Dess hisnande l\u00e4ge, lyxiga boenden, m\u00e5ngsidiga k\u00f6ket och h\u00e4ngivenhet f\u00f6r h\u00e5llbarhet g\u00f6r det till det perfekta valet f\u00f6r resen\u00e4rer som s\u00f6ker avkoppling och \u00e4ventyr.<\/p>\n\n\t\t<\/div>\n\t<\/div>\n<\/div><\/div><\/div><\/div><div class=\"vc_row wpb_row vc_row-fluid\"><div class=\"wpb_column vc_column_container vc_col-sm-3\"><div class=\"vc_column-inner\"><div class=\"wpb_wrapper\">\n\t<div  class=\"wpb_single_image wpb_content_element vc_align_left wpb_content_element\">\n\t\t\n\t\t<figure class=\"wpb_wrapper vc_figure\">\n\t\t\t<a href=\"http:\/\/maldives-paradise.com\/sv\/palm-beach-island-resort-spa\/\" target=\"_self\" class=\"vc_single_image-wrapper   vc_box_border_grey\"><img loading=\"lazy\" decoding=\"async\" width=\"150\" height=\"150\" src=\"https:\/\/maldives-paradise.com\/wp-content\/uploads\/2024\/02\/palm-beach-island-resort-spa-maldives-400-1-150x150.jpg\" class=\"vc_single_image-img attachment-thumbnail\" alt=\"Palm Beach Island Resort &amp; Spa\" title=\"palm-beach-island-resort-spa-maldiverna-400\" \/><\/a>\n\t\t<\/figure>\n\t<\/div>\n<\/div><\/div><\/div><div class=\"wpb_column vc_column_container vc_col-sm-9\"><div class=\"vc_column-inner\"><div class=\"wpb_wrapper\">\n\t<div class=\"wpb_text_column wpb_content_element\" >\n\t\t<div class=\"wpb_wrapper\">\n\t\t\t<h4><a href=\"http:\/\/maldives-paradise.com\/sv\/palm-beach-island-resort-spa\/\">Palm Beach Island Resort &amp; Spa<\/a><\/h4>\n<p>Oavsett om du firar ett speciellt tillf\u00e4lle eller s\u00f6ker en f\u00f6ryngrande flykt, erbjuder Palm Beach Island Resort &amp; Spa en upplevelse som skapar omhuldade minnen. Boka din vistelse idag och ge dig ut p\u00e5 en of\u00f6rgl\u00f6mlig resa till paradiset p\u00e5 Maldiverna.<\/p>\n\n\t\t<\/div>\n\t<\/div>\n<\/div><\/div><\/div><\/div><div class=\"vc_row wpb_row vc_row-fluid\"><div class=\"wpb_column vc_column_container vc_col-sm-3\"><div class=\"vc_column-inner\"><div class=\"wpb_wrapper\">\n\t<div  class=\"wpb_single_image wpb_content_element vc_align_left wpb_content_element\">\n\t\t\n\t\t<figure class=\"wpb_wrapper vc_figure\">\n\t\t\t<a href=\"http:\/\/maldives-paradise.com\/sv\/maldivernas-parlsand\/\" target=\"_self\" class=\"vc_single_image-wrapper   vc_box_border_grey\"><img loading=\"lazy\" decoding=\"async\" width=\"150\" height=\"150\" src=\"https:\/\/maldives-paradise.com\/wp-content\/uploads\/2024\/02\/pearl-sands-maldives-1-150x150.jpg\" class=\"vc_single_image-img attachment-thumbnail\" alt=\"Maldivernas p\u00e4rlsand\" title=\"p\u00e4rlsand-maldiverna\" \/><\/a>\n\t\t<\/figure>\n\t<\/div>\n<\/div><\/div><\/div><div class=\"wpb_column vc_column_container vc_col-sm-9\"><div class=\"vc_column-inner\"><div class=\"wpb_wrapper\">\n\t<div class=\"wpb_text_column wpb_content_element\" >\n\t\t<div class=\"wpb_wrapper\">\n\t\t\t<h4><a href=\"http:\/\/maldives-paradise.com\/sv\/maldivernas-parlsand\/\">Maldivernas p\u00e4rlsand<\/a><\/h4>\n<p>Pearl Sands of Maldives \u00e4r en dold tropisk p\u00e4rla som utlovar en extraordin\u00e4r tillflyktsort. Dess avl\u00e4gset l\u00e4ge, lyxiga boende, varierande mat, g\u00f6r det till det perfekta valet f\u00f6r resen\u00e4rer som s\u00f6ker avkoppling och \u00e4ventyr.<\/p>\n\n\t\t<\/div>\n\t<\/div>\n<\/div><\/div><\/div><\/div><div class=\"vc_row wpb_row vc_row-fluid\"><div class=\"wpb_column vc_column_container vc_col-sm-3\"><div class=\"vc_column-inner\"><div class=\"wpb_wrapper\">\n\t<div  class=\"wpb_single_image wpb_content_element vc_align_left wpb_content_element\">\n\t\t\n\t\t<figure class=\"wpb_wrapper vc_figure\">\n\t\t\t<a href=\"http:\/\/maldives-paradise.com\/sv\/plumeria-maldiverna\/\" target=\"_self\" class=\"vc_single_image-wrapper   vc_box_border_grey\"><img loading=\"lazy\" decoding=\"async\" width=\"150\" height=\"150\" src=\"https:\/\/maldives-paradise.com\/wp-content\/uploads\/2024\/02\/plumeria-maldives-1-150x150.jpg\" class=\"vc_single_image-img attachment-thumbnail\" alt=\"Plumeria Maldiverna\" title=\"plumeria-maldiverna\" \/><\/a>\n\t\t<\/figure>\n\t<\/div>\n<\/div><\/div><\/div><div class=\"wpb_column vc_column_container vc_col-sm-9\"><div class=\"vc_column-inner\"><div class=\"wpb_wrapper\">\n\t<div class=\"wpb_text_column wpb_content_element\" >\n\t\t<div class=\"wpb_wrapper\">\n\t\t\t<h4><a href=\"http:\/\/maldives-paradise.com\/sv\/plumeria-maldiverna\/\">Plumeria Maldiverna<\/a><\/h4>\n<p>Oavsett om du firar ett speciellt tillf\u00e4lle eller s\u00f6ker en f\u00f6ryngrande flykt, erbjuder Plumeria Maldives en upplevelse som skapar omhuldade minnen. Boka din vistelse idag och ge dig ut p\u00e5 en of\u00f6rgl\u00f6mlig resa till paradiset p\u00e5 Maldiverna.<\/p>\n\n\t\t<\/div>\n\t<\/div>\n<\/div><\/div><\/div><\/div><div class=\"vc_row wpb_row vc_row-fluid\"><div class=\"wpb_column vc_column_container vc_col-sm-3\"><div class=\"vc_column-inner\"><div class=\"wpb_wrapper\">\n\t<div  class=\"wpb_single_image wpb_content_element vc_align_left wpb_content_element\">\n\t\t\n\t\t<figure class=\"wpb_wrapper vc_figure\">\n\t\t\t<a href=\"http:\/\/maldives-paradise.com\/sv\/rahaa-resort-maldiverna\/\" target=\"_self\" class=\"vc_single_image-wrapper   vc_box_border_grey\"><img loading=\"lazy\" decoding=\"async\" width=\"150\" height=\"150\" src=\"https:\/\/maldives-paradise.com\/wp-content\/uploads\/2024\/02\/rahaa-1-150x150.jpg\" class=\"vc_single_image-img attachment-thumbnail\" alt=\"Rahaa Resort Maldiverna\" title=\"rahaa\" \/><\/a>\n\t\t<\/figure>\n\t<\/div>\n<\/div><\/div><\/div><div class=\"wpb_column vc_column_container vc_col-sm-9\"><div class=\"vc_column-inner\"><div class=\"wpb_wrapper\">\n\t<div class=\"wpb_text_column wpb_content_element\" >\n\t\t<div class=\"wpb_wrapper\">\n\t\t\t<h4><a href=\"http:\/\/maldives-paradise.com\/sv\/rahaa-resort-maldiverna\/\">Rahaa Resort Maldiverna<\/a><\/h4>\n<p>Rahaa Resort Maldives \u00e4r en exklusiv \u00f6-resort som erbjuder en unik blandning av lyx, avkoppling och maldivisk charm. Det \u00e4r ett enast\u00e5ende val f\u00f6r din dr\u00f6msemester.<\/p>\n\n\t\t<\/div>\n\t<\/div>\n<\/div><\/div><\/div><\/div><div class=\"vc_row wpb_row vc_row-fluid\"><div class=\"wpb_column vc_column_container vc_col-sm-3\"><div class=\"vc_column-inner\"><div class=\"wpb_wrapper\">\n\t<div  class=\"wpb_single_image wpb_content_element vc_align_left wpb_content_element\">\n\t\t\n\t\t<figure class=\"wpb_wrapper vc_figure\">\n\t\t\t<a href=\"http:\/\/maldives-paradise.com\/sv\/reethi-beach-resort\/\" target=\"_self\" class=\"vc_single_image-wrapper   vc_box_border_grey\"><img loading=\"lazy\" decoding=\"async\" width=\"150\" height=\"150\" src=\"https:\/\/maldives-paradise.com\/wp-content\/uploads\/2024\/02\/reethi-beach-resort-1-150x150.jpg\" class=\"vc_single_image-img attachment-thumbnail\" alt=\"Reethi Beach Resort\" title=\"reethi-beach-resort\" \/><\/a>\n\t\t<\/figure>\n\t<\/div>\n<\/div><\/div><\/div><div class=\"wpb_column vc_column_container vc_col-sm-9\"><div class=\"vc_column-inner\"><div class=\"wpb_wrapper\">\n\t<div class=\"wpb_text_column wpb_content_element\" >\n\t\t<div class=\"wpb_wrapper\">\n\t\t\t<h4><a href=\"http:\/\/maldives-paradise.com\/sv\/reethi-beach-resort\/\">Reethi Beach Resort<\/a><\/h4>\n<p>Reethi Beach Resort \u00e4r en tropisk semesterorts\u00f6 som utlovar en extraordin\u00e4r tillflyktsort. Dess idylliska l\u00e4ge, lyxiga boende, varierande mat och engagemang g\u00f6r det till det perfekta valet f\u00f6r resen\u00e4rer som s\u00f6ker avkoppling och \u00e4ventyr.<\/p>\n\n\t\t<\/div>\n\t<\/div>\n<\/div><\/div><\/div><\/div><div class=\"vc_row wpb_row vc_row-fluid\"><div class=\"wpb_column vc_column_container vc_col-sm-3\"><div class=\"vc_column-inner\"><div class=\"wpb_wrapper\">\n\t<div  class=\"wpb_single_image wpb_content_element vc_align_left wpb_content_element\">\n\t\t\n\t\t<figure class=\"wpb_wrapper vc_figure\">\n\t\t\t<a href=\"http:\/\/maldives-paradise.com\/sv\/reethi-faru-resort\/\" target=\"_self\" class=\"vc_single_image-wrapper   vc_box_border_grey\"><img loading=\"lazy\" decoding=\"async\" width=\"150\" height=\"150\" src=\"https:\/\/maldives-paradise.com\/wp-content\/uploads\/2024\/02\/reethi-faru-1-150x150.jpg\" class=\"vc_single_image-img attachment-thumbnail\" alt=\"Reethi Faru Resort\" title=\"reethi-faru\" \/><\/a>\n\t\t<\/figure>\n\t<\/div>\n<\/div><\/div><\/div><div class=\"wpb_column vc_column_container vc_col-sm-9\"><div class=\"vc_column-inner\"><div class=\"wpb_wrapper\">\n\t<div class=\"wpb_text_column wpb_content_element\" >\n\t\t<div class=\"wpb_wrapper\">\n\t\t\t<h4><a href=\"http:\/\/maldives-paradise.com\/sv\/reethi-faru-resort\/\">Reethi Faru Resort<\/a><\/h4>\n<p>Oavsett om du \u00e4r en \u00e4ventyrsentusiast eller p\u00e5 jakt efter avkoppling, erbjuder resorten aktiviteter f\u00f6r alla smaker. Utforska den pulserande undervattensv\u00e4rlden med snorkling och dyknings\u00e4ventyr.<\/p>\n\n\t\t<\/div>\n\t<\/div>\n<\/div><\/div><\/div><\/div><div class=\"vc_row wpb_row vc_row-fluid\"><div class=\"wpb_column vc_column_container vc_col-sm-3\"><div class=\"vc_column-inner\"><div class=\"wpb_wrapper\">\n\t<div  class=\"wpb_single_image wpb_content_element vc_align_left wpb_content_element\">\n\t\t\n\t\t<figure class=\"wpb_wrapper vc_figure\">\n\t\t\t<a href=\"http:\/\/maldives-paradise.com\/sv\/rihiveli-maldiverna-resort\/\" target=\"_self\" class=\"vc_single_image-wrapper   vc_box_border_grey\"><img loading=\"lazy\" decoding=\"async\" width=\"150\" height=\"150\" src=\"https:\/\/maldives-paradise.com\/wp-content\/uploads\/2024\/02\/Rihiveli-Maldives-Resort-1-150x150.jpeg\" class=\"vc_single_image-img attachment-thumbnail\" alt=\"Rihiveli Maldives Resort\" title=\"Rihiveli-Maldiverna-Resort\" \/><\/a>\n\t\t<\/figure>\n\t<\/div>\n<\/div><\/div><\/div><div class=\"wpb_column vc_column_container vc_col-sm-9\"><div class=\"vc_column-inner\"><div class=\"wpb_wrapper\">\n\t<div class=\"wpb_text_column wpb_content_element\" >\n\t\t<div class=\"wpb_wrapper\">\n\t\t\t<h4><a href=\"http:\/\/maldives-paradise.com\/sv\/rihiveli-maldiverna-resort\/\">Rihiveli Maldives Resort<\/a><\/h4>\n<p>Rihiveli Maldives Resort \u00e4r en tidl\u00f6s oas som f\u00f6rkroppsligar den sanna essensen av paradis\u00f6. Uppt\u00e4ck de fascinerande fakta och unika egenskaper som g\u00f6r Rihiveli Maldives Resort till ett extraordin\u00e4rt val f\u00f6r din dr\u00f6msemester.<\/p>\n\n\t\t<\/div>\n\t<\/div>\n<\/div><\/div><\/div><\/div><div class=\"vc_row wpb_row vc_row-fluid\"><div class=\"wpb_column vc_column_container vc_col-sm-3\"><div class=\"vc_column-inner\"><div class=\"wpb_wrapper\">\n\t<div  class=\"wpb_single_image wpb_content_element vc_align_left wpb_content_element\">\n\t\t\n\t\t<figure class=\"wpb_wrapper vc_figure\">\n\t\t\t<a href=\"http:\/\/maldives-paradise.com\/sv\/robinson-maldiverna-resort\/\" target=\"_self\" class=\"vc_single_image-wrapper   vc_box_border_grey\"><img loading=\"lazy\" decoding=\"async\" width=\"150\" height=\"150\" src=\"https:\/\/maldives-paradise.com\/wp-content\/uploads\/2024\/02\/robinson-maldives-1-150x150.jpg\" class=\"vc_single_image-img attachment-thumbnail\" alt=\"Robinson Maldiverna\" title=\"Robinson Maldiverna\" \/><\/a>\n\t\t<\/figure>\n\t<\/div>\n<\/div><\/div><\/div><div class=\"wpb_column vc_column_container vc_col-sm-9\"><div class=\"vc_column-inner\"><div class=\"wpb_wrapper\">\n\t<div class=\"wpb_text_column wpb_content_element\" >\n\t\t<div class=\"wpb_wrapper\">\n\t\t\t<h4><a href=\"http:\/\/maldives-paradise.com\/sv\/robinson-maldiverna-resort\/\">Robinson Maldiverna<\/a><\/h4>\n<p>Oavsett om du firar ett speciellt tillf\u00e4lle eller s\u00f6ker en f\u00f6ryngrande flykt, erbjuder Robinson Maldives Resort endast f\u00f6r vuxna en upplevelse som skapar omhuldade minnen. Boka din vistelse idag och ge dig ut p\u00e5 en resa till ett f\u00f6rtrollande paradis p\u00e5 Maldiverna.<\/p>\n\n\t\t<\/div>\n\t<\/div>\n<\/div><\/div><\/div><\/div><div class=\"vc_row wpb_row vc_row-fluid\"><div class=\"wpb_column vc_column_container vc_col-sm-12\"><div class=\"vc_column-inner\"><div class=\"wpb_wrapper\">\n\t<div class=\"wpb_text_column wpb_content_element\" >\n\t\t<div class=\"wpb_wrapper\">\n\t\t\t<h3>4-stj\u00e4rniga hotell och resorter i Maldiverna\u00a0<a href=\"http:\/\/maldives-paradise.com\/sv\/4-stjarniga-hotellresorter-i-maldiverna\/\">Sida 1<\/a>\u00a0 <a href=\"http:\/\/maldives-paradise.com\/sv\/4-stjarniga-hotellresorter-i-maldiverna-2\/\">Sida 2<\/a>\u00a0 <a href=\"http:\/\/maldives-paradise.com\/sv\/4-stjarniga-hotellresorter-i-maldiverna-4\/\">Sida 4<\/a><\/h3>\n<h3><\/h3>\n<p>&nbsp;<\/p>\n\n\t\t<\/div>\n\t<\/div>\n<\/div><\/div><\/div><\/div>\n<\/div>","protected":false},"excerpt":{"rendered":"<div class=\"mh-excerpt\"><\/div>","protected":false},"author":1,"featured_media":0,"parent":0,"menu_order":0,"comment_status":"closed","ping_status":"closed","template":"","meta":{"footnotes":""},"class_list":["post-10419","page","type-page","status-publish"],"aioseo_notices":[],"_links":{"self":[{"href":"http:\/\/maldives-paradise.com\/sv\/wp-json\/wp\/v2\/pages\/10419","targetHints":{"allow":["GET"]}}],"collection":[{"href":"http:\/\/maldives-paradise.com\/sv\/wp-json\/wp\/v2\/pages"}],"about":[{"href":"http:\/\/maldives-paradise.com\/sv\/wp-json\/wp\/v2\/types\/page"}],"author":[{"embeddable":true,"href":"http:\/\/maldives-paradise.com\/sv\/wp-json\/wp\/v2\/users\/1"}],"replies":[{"embeddable":true,"href":"http:\/\/maldives-paradise.com\/sv\/wp-json\/wp\/v2\/comments?post=10419"}],"version-history":[{"count":6,"href":"http:\/\/maldives-paradise.com\/sv\/wp-json\/wp\/v2\/pages\/10419\/revisions"}],"predecessor-version":[{"id":34286,"href":"http:\/\/maldives-paradise.com\/sv\/wp-json\/wp\/v2\/pages\/10419\/revisions\/34286"}],"wp:attachment":[{"href":"http:\/\/maldives-paradise.com\/sv\/wp-json\/wp\/v2\/media?parent=10419"}],"curies":[{"name":"wp","href":"https:\/\/api.w.org\/{rel}","templated":true}]}}